{"id":6996,"date":"2025-06-24T13:23:19","date_gmt":"2025-06-24T18:23:19","guid":{"rendered":"https:\/\/www.avance.org\/?page_id=6996"},"modified":"2025-06-26T11:59:55","modified_gmt":"2025-06-26T16:59:55","slug":"lunch","status":"publish","type":"page","link":"https:\/\/www.avance.org\/es\/2gen25\/lunch\/","title":{"rendered":"Lunch &#8211; 2025 AVANCE Two-Generation Learning Conference"},"content":{"rendered":"<img loading=\"lazy\" decoding=\"async\" src=\"https:\/\/www.avance.org\/wp-content\/uploads\/2023\/07\/2023-2gencon-logo-800x357-white.png\" alt=\"2023 AVANCE Two-Generation Learning Conference logo\" itemprop=\"image\" height=\"359\" width=\"801\" title=\"2023-2gencon-logo-800x357-white\" onerror=\"this.style.display='none'\"  \/>\n\t<h3>27-29 de Agosto del 2025 | The Westin San Antonio North<\/h3>\n<h2>\n\t\tAlmuerzo\n\t<\/h2>\n\t<p>Los asistentes de la conferencia son responsables de organizar su propio almuerzo el mi\u00e9rcoles y el jueves. <strong>Por favor, tenga en cuenta que, debido a la pol\u00edtica del hotel, no se permite comida del exterior en el \u00e1rea de la conferencia.<\/strong><\/p>\n<p>&nbsp;<\/p>\n<p>Westin San Antonio North ha proporcionado una lista con opciones de restaurantes cercanos. Esta lista no representa todas las opciones disponibles en San Antonio, pero s\u00ed destaca la variedad de restaurantes cerca del hotel, as\u00ed como algunos favoritos locales y recomendaciones del personal.<\/p>\n\t\t\t\t<img loading=\"lazy\" decoding=\"async\" src=\"https:\/\/www.avance.org\/wp-content\/uploads\/2024\/07\/54th-street.png\" alt=\"54th-street\" itemprop=\"image\" height=\"225\" width=\"400\" title=\"54th-street\" onerror=\"this.style.display='none'\"  \/>\n\t<p><strong><a href=\"https:\/\/www.54thstreetrestaurants.com\/menu\">54th Street<\/a><\/strong><\/p>\n\t<p>9907 W IH-10<\/p>\n\t\t\t\t<img loading=\"lazy\" decoding=\"async\" src=\"https:\/\/www.avance.org\/wp-content\/uploads\/2024\/07\/alamo-cafe.png\" alt=\"alamo-cafe\" itemprop=\"image\" height=\"225\" width=\"400\" title=\"alamo-cafe\" onerror=\"this.style.display='none'\"  \/>\n\t<p><a href=\"https:\/\/alamocafe.com\/\">Alamo Caf\u00e9<\/a><\/p>\n\t<p>10060 IH-10 West<\/p>\n\t\t\t\t<img loading=\"lazy\" decoding=\"async\" src=\"https:\/\/www.avance.org\/wp-content\/uploads\/2024\/07\/cheddars.png\" alt=\"cheddars\" itemprop=\"image\" height=\"225\" width=\"400\" title=\"cheddars\" onerror=\"this.style.display='none'\"  \/>\n\t<p><a href=\"https:\/\/www.cheddars.com\/locations\/tx\/san-antonio\/san-antonio-north\/2054\">Cheddar&#8217;s<\/a><\/p>\n\t<p>15607 IH-10 West<\/p>\n\t\t\t\t<img loading=\"lazy\" decoding=\"async\" src=\"https:\/\/www.avance.org\/wp-content\/uploads\/2024\/07\/chesters.png\" alt=\"chesters\" itemprop=\"image\" height=\"225\" width=\"400\" title=\"chesters\" onerror=\"this.style.display='none'\"  \/>\n\t<p><a href=\"https:\/\/chestershamburgers.com\/\">Chester&#8217;s Hamburgers<\/a><\/p>\n\t<p>9980 IH-10 West<\/p>\n\t\t\t\t<img loading=\"lazy\" decoding=\"async\" src=\"https:\/\/www.avance.org\/wp-content\/uploads\/2024\/07\/chuys.png\" alt=\"chuys\" itemprop=\"image\" height=\"225\" width=\"400\" title=\"chuys\" onerror=\"this.style.display='none'\"  \/>\n\t<p><a href=\"https:\/\/www.chuys.com\/locations\/i-10\">Chuy&#8217;s<\/a><\/p>\n\t<p>15639 IH-10 West<\/p>\n\t\t\t\t<img loading=\"lazy\" decoding=\"async\" src=\"https:\/\/www.avance.org\/wp-content\/uploads\/2024\/07\/countyline.png\" alt=\"countyline\" itemprop=\"image\" height=\"225\" width=\"400\" title=\"countyline\" onerror=\"this.style.display='none'\"  \/>\n\t<p><strong><a href=\"http:\/\/www.countyline.com\/i_10_san_antonio_tx\/\">County Line<\/a><\/strong><\/p>\n\t<p>10101 IH-10 W<\/p>\n\t\t\t\t<img loading=\"lazy\" decoding=\"async\" src=\"https:\/\/www.avance.org\/wp-content\/uploads\/2024\/07\/dennys.png\" alt=\"dennys\" itemprop=\"image\" height=\"225\" width=\"400\" title=\"dennys\" onerror=\"this.style.display='none'\"  \/>\n\t<p><a href=\"https:\/\/locations.dennys.com\/TX\/SAN-ANTONIO\/248114\">Denny&#8217;s<\/a><\/p>\n\t<p>9550 IH-10 West<\/p>\n\t\t\t\t<img loading=\"lazy\" decoding=\"async\" src=\"https:\/\/www.avance.org\/wp-content\/uploads\/2024\/07\/embers.png\" alt=\"embers\" itemprop=\"image\" height=\"225\" width=\"400\" title=\"embers\" onerror=\"this.style.display='none'\"  \/>\n\t<p><a href=\"https:\/\/www.emberssa.com\/\">Embers<\/a><\/p>\n\t<p>9818 IH-10 West<\/p>\n\t\t\t\t<img loading=\"lazy\" decoding=\"async\" src=\"https:\/\/www.avance.org\/wp-content\/uploads\/2024\/07\/firehouse.png\" alt=\"firehouse\" itemprop=\"image\" height=\"225\" width=\"400\" title=\"firehouse\" onerror=\"this.style.display='none'\"  \/>\n\t<p><strong><a href=\"https:\/\/www.firehousesubs.com\/menu\">Firehouse Subs<\/a><\/strong><\/p>\n\t<p>9961 IH-10 W<\/p>\n\t\t\t\t<img loading=\"lazy\" decoding=\"async\" src=\"https:\/\/www.avance.org\/wp-content\/uploads\/2024\/07\/firstwatch.png\" alt=\"firstwatch\" itemprop=\"image\" height=\"225\" width=\"400\" title=\"firstwatch\" onerror=\"this.style.display='none'\"  \/>\n\t<p><strong><a href=\"https:\/\/firstwatch.com\/locations\/colonnade\/\">First Watch<\/a><\/strong><\/p>\n\t<p>9985 IH-10 W<\/p>\n\t\t\t\t<img loading=\"lazy\" decoding=\"async\" src=\"https:\/\/www.avance.org\/wp-content\/uploads\/2024\/07\/goldenwok.png\" alt=\"goldenwok\" itemprop=\"image\" height=\"225\" width=\"400\" title=\"goldenwok\" onerror=\"this.style.display='none'\"  \/>\n\t<p><a href=\"https:\/\/goldenwoksa.com\/the-menu\/wurzbach-parkway\/\">Golden Wok<\/a><\/p>\n\t<p>18822 Wurzbach<\/p>\n\t\t\t\t<img loading=\"lazy\" decoding=\"async\" src=\"https:\/\/www.avance.org\/wp-content\/uploads\/2024\/07\/goombas.png\" alt=\"goombas\" itemprop=\"image\" height=\"225\" width=\"400\" title=\"goombas\" onerror=\"this.style.display='none'\"  \/>\n\t<p><strong><a href=\"https:\/\/www.goombaspizzamenu.com\/\">Goombas Pizza<\/a><\/strong><\/p>\n\t<p>9825 IH-10<\/p>\n\t\t\t\t<img loading=\"lazy\" decoding=\"async\" src=\"https:\/\/www.avance.org\/wp-content\/uploads\/2024\/07\/grimaldis.png\" alt=\"grimaldis\" itemprop=\"image\" height=\"225\" width=\"400\" title=\"grimaldis\" onerror=\"this.style.display='none'\"  \/>\n\t<p><a href=\"https:\/\/www.grimaldispizzeria.com\/location\/la-cantera\/\">Grimaldi&#8217;s Pizzeria<\/a><\/p>\n\t<p>15900 La Cantera Pkwy<\/p>\n\t\t\t\t<img loading=\"lazy\" decoding=\"async\" src=\"https:\/\/www.avance.org\/wp-content\/uploads\/2024\/07\/jasonsdeli.png\" alt=\"jasonsdeli\" itemprop=\"image\" height=\"225\" width=\"400\" title=\"jasonsdeli\" onerror=\"this.style.display='none'\"  \/>\n\t<p><strong><a href=\"https:\/\/www.jasonsdeli.com\/restaurants\/colonnade-deli\">Jason&#8217;s Deli<\/a><\/strong><\/p>\n\t<p><strong>9933 IH-10 W<\/strong><\/p>\n\t\t\t\t<img loading=\"lazy\" decoding=\"async\" src=\"https:\/\/www.avance.org\/wp-content\/uploads\/2024\/07\/mamamargies.png\" alt=\"mamamargies\" itemprop=\"image\" height=\"225\" width=\"400\" title=\"mamamargies\" onerror=\"this.style.display='none'\"  \/>\n\t<p><a href=\"https:\/\/www.mamamargies.com\/\">Mama Margie&#8217;s<\/a><\/p>\n\t<p>9950 IH-10 West<\/p>\n\t\t\t\t<img loading=\"lazy\" decoding=\"async\" src=\"https:\/\/www.avance.org\/wp-content\/uploads\/2024\/07\/pappadeaux.png\" alt=\"pappadeaux\" itemprop=\"image\" height=\"225\" width=\"400\" title=\"pappadeaux\" onerror=\"this.style.display='none'\"  \/>\n\t<p><a href=\"https:\/\/pappadeaux.com\/location\/146\">Pappadeaux<\/a><\/p>\n\t<p>15715 I-10 West<\/p>\n\t\t\t\t<img loading=\"lazy\" decoding=\"async\" src=\"https:\/\/www.avance.org\/wp-content\/uploads\/2024\/07\/pasha.png\" alt=\"pasha\" itemprop=\"image\" height=\"225\" width=\"400\" title=\"pasha\" onerror=\"this.style.display='none'\"  \/>\n\t<p><a href=\"https:\/\/gopasha.com\/\">Pasha Mediterranean<\/a><\/p>\n\t<p>9339 Wurzbach Rd<\/p>\n\t\t\t\t<img loading=\"lazy\" decoding=\"async\" src=\"https:\/\/www.avance.org\/wp-content\/uploads\/2024\/07\/ihop.png\" alt=\"ihop\" itemprop=\"image\" height=\"225\" width=\"400\" title=\"ihop\" onerror=\"this.style.display='none'\"  \/>\n\t<p><strong><a href=\"https:\/\/restaurants.ihop.com\/en-us\/tx\/san-antonio\/breakfast-9911-w-interstate-10-3660\">IHOP<\/a><\/strong><\/p>\n\t<p>9911 W I-10<\/p>\n\t\t\t\t<img loading=\"lazy\" decoding=\"async\" src=\"https:\/\/www.avance.org\/wp-content\/uploads\/2024\/07\/pluckers.png\" alt=\"pluckers\" itemprop=\"image\" height=\"225\" width=\"400\" title=\"pluckers\" onerror=\"this.style.display='none'\"  \/>\n\t<p><a href=\"https:\/\/www.pluckers.com\/location\/landmark\">Pluckers<\/a><\/p>\n\t<p>15651 I-10 W<\/p>\n\t\t\t\t<img loading=\"lazy\" decoding=\"async\" src=\"https:\/\/www.avance.org\/wp-content\/uploads\/2024\/07\/seaisland.png\" alt=\"seaisland\" itemprop=\"image\" height=\"225\" width=\"400\" title=\"seaisland\" onerror=\"this.style.display='none'\"  \/>\n\t<p><strong><a href=\"https:\/\/www.shrimphouse.com\/seafood-restaurant-location\/i-10-west\/\">Sea Island<\/a><\/strong><\/p>\n\t<p>4323 Hyatt Place<\/p>\n\t\t\t\t<img loading=\"lazy\" decoding=\"async\" src=\"https:\/\/www.avance.org\/wp-content\/uploads\/2024\/07\/surfingcrab.png\" alt=\"surfingcrab\" itemprop=\"image\" height=\"225\" width=\"400\" title=\"surfingcrab\" onerror=\"this.style.display='none'\"  \/>\n\t<p><strong><a href=\"https:\/\/surfingcrabtx.com\/\">Surfing Crab<\/a><\/strong><\/p>\n\t<p>9837 W I-10<\/p>\n\t\t\t\t<img loading=\"lazy\" decoding=\"async\" src=\"https:\/\/www.avance.org\/wp-content\/uploads\/2024\/07\/sushizushi.png\" alt=\"sushizushi\" itemprop=\"image\" height=\"225\" width=\"400\" title=\"sushizushi\" onerror=\"this.style.display='none'\"  \/>\n\t<p><strong><a href=\"https:\/\/www.sushizushi.com\/locations\">Sushi Zushi<\/a><\/strong><\/p>\n\t<p>9867 IH-10<\/p>\n\t\t\t\t<img loading=\"lazy\" decoding=\"async\" src=\"https:\/\/www.avance.org\/wp-content\/uploads\/2024\/07\/wasabi.png\" alt=\"wasabi\" itemprop=\"image\" height=\"225\" width=\"400\" title=\"wasabi\" onerror=\"this.style.display='none'\"  \/>\n\t<p><strong><a href=\"http:\/\/wasabisanantonio.com\/\">Wasabi Sushi<\/a><\/strong><\/p>\n\t<p>9921 IH-10<\/p>\n\t\t\t\t<img loading=\"lazy\" decoding=\"async\" src=\"https:\/\/www.avance.org\/wp-content\/uploads\/2024\/07\/wurzbachicehouse.png\" alt=\"wurzbachicehouse\" itemprop=\"image\" height=\"225\" width=\"400\" title=\"wurzbachicehouse\" onerror=\"this.style.display='none'\"  \/>\n\t<p><strong><a href=\"http:\/\/www.wurzbachicehouse.com\/\">Wurzbach Icehouse<\/a><\/strong><\/p>\n\t<p>10141 Wurzbach Rd<\/p>","protected":false},"excerpt":{"rendered":"<p>August 27-29, 2025\u00a0 |\u00a0 The Westin San Antonio North Lunch Attendees will be on their own for lunch on Wednesday and Thursday. Please note that the hotel has a strict policy against bringing outside food into the conference area. &nbsp; The Westin San Antonio North has compiled a list of nearby restaurants and local dining &#8230; <a title=\"Lunch &#8211; 2025 AVANCE Two-Generation Learning Conference\" class=\"read-more\" href=\"https:\/\/www.avance.org\/es\/2gen25\/lunch\/\" aria-label=\"M\u00e1s en Lunch &#8211; 2025 AVANCE Two-Generation Learning Conference\">Leer m\u00e1s<\/a><\/p>","protected":false},"author":22,"featured_media":0,"parent":6695,"menu_order":5,"comment_status":"closed","ping_status":"closed","template":"","meta":{"inline_featured_image":false,"footnotes":""},"class_list":["post-6996","page","type-page","status-publish"],"yoast_head":"<!-- This site is optimized with the Yoast SEO Premium plugin v25.3 (Yoast SEO v25.3) - https:\/\/yoast.com\/wordpress\/plugins\/seo\/ -->\n<title>Lunch - 2025 AVANCE Two-Generation Learning Conference - AVANCE<\/title>\n<meta name=\"description\" content=\"The 2025 AVANCE Two-Generation Learning Conference will be held August 27-29, 2025, in San Antonio, Texas.\" \/>\n<meta name=\"robots\" content=\"index, follow, max-snippet:-1, max-image-preview:large, max-video-preview:-1\" \/>\n<link rel=\"canonical\" href=\"https:\/\/www.avance.org\/es\/2gen25\/lunch\/\" \/>\n<meta property=\"og:locale\" content=\"es_MX\" \/>\n<meta property=\"og:type\" content=\"article\" \/>\n<meta property=\"og:title\" content=\"Lunch - 2025 AVANCE Two-Generation Learning Conference\" \/>\n<meta property=\"og:description\" content=\"The 2025 AVANCE Two-Generation Learning Conference will be held August 27-29, 2025, in San Antonio, Texas.\" \/>\n<meta property=\"og:url\" content=\"https:\/\/www.avance.org\/es\/2gen25\/lunch\/\" \/>\n<meta property=\"og:site_name\" content=\"AVANCE\" \/>\n<meta property=\"article:publisher\" content=\"https:\/\/www.facebook.com\/AVANCEinc\/\" \/>\n<meta property=\"article:modified_time\" content=\"2025-06-26T16:59:55+00:00\" \/>\n<meta property=\"og:image\" content=\"https:\/\/www.avance.org\/wp-content\/uploads\/2025\/02\/2gen24-10.png\" \/>\n\t<meta property=\"og:image:width\" content=\"1000\" \/>\n\t<meta property=\"og:image:height\" content=\"714\" \/>\n\t<meta property=\"og:image:type\" content=\"image\/png\" \/>\n<meta name=\"twitter:card\" content=\"summary_large_image\" \/>\n<meta name=\"twitter:site\" content=\"@AVANCEinc\" \/>\n<meta name=\"twitter:label1\" content=\"Tiempo de lectura\" \/>\n\t<meta name=\"twitter:data1\" content=\"2 minutos\" \/>\n<script type=\"application\/ld+json\" class=\"yoast-schema-graph\">{\"@context\":\"https:\/\/schema.org\",\"@graph\":[{\"@type\":\"WebPage\",\"@id\":\"https:\/\/www.avance.org\/2gen25\/lunch\/\",\"url\":\"https:\/\/www.avance.org\/2gen25\/lunch\/\",\"name\":\"Lunch - 2025 AVANCE Two-Generation Learning Conference - AVANCE\",\"isPartOf\":{\"@id\":\"https:\/\/www.avance.org\/#website\"},\"primaryImageOfPage\":{\"@id\":\"https:\/\/www.avance.org\/2gen25\/lunch\/#primaryimage\"},\"image\":{\"@id\":\"https:\/\/www.avance.org\/2gen25\/lunch\/#primaryimage\"},\"thumbnailUrl\":\"https:\/\/www.avance.org\/wp-content\/uploads\/2023\/07\/2023-2gencon-logo-800x357-white.png\",\"datePublished\":\"2025-06-24T18:23:19+00:00\",\"dateModified\":\"2025-06-26T16:59:55+00:00\",\"description\":\"The 2025 AVANCE Two-Generation Learning Conference will be held August 27-29, 2025, in San Antonio, Texas.\",\"breadcrumb\":{\"@id\":\"https:\/\/www.avance.org\/2gen25\/lunch\/#breadcrumb\"},\"inLanguage\":\"es-MX\",\"potentialAction\":[{\"@type\":\"ReadAction\",\"target\":[\"https:\/\/www.avance.org\/2gen25\/lunch\/\"]}]},{\"@type\":\"ImageObject\",\"inLanguage\":\"es-MX\",\"@id\":\"https:\/\/www.avance.org\/2gen25\/lunch\/#primaryimage\",\"url\":\"https:\/\/www.avance.org\/wp-content\/uploads\/2023\/07\/2023-2gencon-logo-800x357-white.png\",\"contentUrl\":\"https:\/\/www.avance.org\/wp-content\/uploads\/2023\/07\/2023-2gencon-logo-800x357-white.png\"},{\"@type\":\"BreadcrumbList\",\"@id\":\"https:\/\/www.avance.org\/2gen25\/lunch\/#breadcrumb\",\"itemListElement\":[{\"@type\":\"ListItem\",\"position\":1,\"name\":\"Home\",\"item\":\"https:\/\/www.avance.org\/\"},{\"@type\":\"ListItem\",\"position\":2,\"name\":\"2025 AVANCE Two-Generation Learning Conference\",\"item\":\"https:\/\/www.avance.org\/2gen25\/\"},{\"@type\":\"ListItem\",\"position\":3,\"name\":\"Lunch &#8211; 2025 AVANCE Two-Generation Learning Conference\"}]},{\"@type\":\"WebSite\",\"@id\":\"https:\/\/www.avance.org\/#website\",\"url\":\"https:\/\/www.avance.org\/\",\"name\":\"AVANCE\",\"description\":\"Unlocking America&#039;s Potential\",\"publisher\":{\"@id\":\"https:\/\/www.avance.org\/#organization\"},\"potentialAction\":[{\"@type\":\"SearchAction\",\"target\":{\"@type\":\"EntryPoint\",\"urlTemplate\":\"https:\/\/www.avance.org\/?s={search_term_string}\"},\"query-input\":{\"@type\":\"PropertyValueSpecification\",\"valueRequired\":true,\"valueName\":\"search_term_string\"}}],\"inLanguage\":\"es-MX\"},{\"@type\":\"Organization\",\"@id\":\"https:\/\/www.avance.org\/#organization\",\"name\":\"AVANCE\",\"url\":\"https:\/\/www.avance.org\/\",\"logo\":{\"@type\":\"ImageObject\",\"inLanguage\":\"es-MX\",\"@id\":\"https:\/\/www.avance.org\/#\/schema\/logo\/image\/\",\"url\":\"https:\/\/www.avance.org\/wp-content\/uploads\/2022\/07\/logo.svg\",\"contentUrl\":\"https:\/\/www.avance.org\/wp-content\/uploads\/2022\/07\/logo.svg\",\"caption\":\"AVANCE\"},\"image\":{\"@id\":\"https:\/\/www.avance.org\/#\/schema\/logo\/image\/\"},\"sameAs\":[\"https:\/\/www.facebook.com\/AVANCEinc\/\",\"https:\/\/x.com\/AVANCEinc\",\"https:\/\/www.instagram.com\/avance__inc\/\",\"https:\/\/www.linkedin.com\/company\/avance-inc\"]}]}<\/script>\n<!-- \/ Yoast SEO Premium plugin. -->","yoast_head_json":{"title":"Lunch - 2025 AVANCE Two-Generation Learning Conference - AVANCE","description":"The 2025 AVANCE Two-Generation Learning Conference will be held August 27-29, 2025, in San Antonio, Texas.","robots":{"index":"index","follow":"follow","max-snippet":"max-snippet:-1","max-image-preview":"max-image-preview:large","max-video-preview":"max-video-preview:-1"},"canonical":"https:\/\/www.avance.org\/es\/2gen25\/lunch\/","og_locale":"es_MX","og_type":"article","og_title":"Lunch - 2025 AVANCE Two-Generation Learning Conference","og_description":"The 2025 AVANCE Two-Generation Learning Conference will be held August 27-29, 2025, in San Antonio, Texas.","og_url":"https:\/\/www.avance.org\/es\/2gen25\/lunch\/","og_site_name":"AVANCE","article_publisher":"https:\/\/www.facebook.com\/AVANCEinc\/","article_modified_time":"2025-06-26T16:59:55+00:00","og_image":[{"width":1000,"height":714,"url":"https:\/\/www.avance.org\/wp-content\/uploads\/2025\/02\/2gen24-10.png","type":"image\/png"}],"twitter_card":"summary_large_image","twitter_site":"@AVANCEinc","twitter_misc":{"Tiempo de lectura":"2 minutos"},"schema":{"@context":"https:\/\/schema.org","@graph":[{"@type":"WebPage","@id":"https:\/\/www.avance.org\/2gen25\/lunch\/","url":"https:\/\/www.avance.org\/2gen25\/lunch\/","name":"Lunch - 2025 AVANCE Two-Generation Learning Conference - AVANCE","isPartOf":{"@id":"https:\/\/www.avance.org\/#website"},"primaryImageOfPage":{"@id":"https:\/\/www.avance.org\/2gen25\/lunch\/#primaryimage"},"image":{"@id":"https:\/\/www.avance.org\/2gen25\/lunch\/#primaryimage"},"thumbnailUrl":"https:\/\/www.avance.org\/wp-content\/uploads\/2023\/07\/2023-2gencon-logo-800x357-white.png","datePublished":"2025-06-24T18:23:19+00:00","dateModified":"2025-06-26T16:59:55+00:00","description":"The 2025 AVANCE Two-Generation Learning Conference will be held August 27-29, 2025, in San Antonio, Texas.","breadcrumb":{"@id":"https:\/\/www.avance.org\/2gen25\/lunch\/#breadcrumb"},"inLanguage":"es-MX","potentialAction":[{"@type":"ReadAction","target":["https:\/\/www.avance.org\/2gen25\/lunch\/"]}]},{"@type":"ImageObject","inLanguage":"es-MX","@id":"https:\/\/www.avance.org\/2gen25\/lunch\/#primaryimage","url":"https:\/\/www.avance.org\/wp-content\/uploads\/2023\/07\/2023-2gencon-logo-800x357-white.png","contentUrl":"https:\/\/www.avance.org\/wp-content\/uploads\/2023\/07\/2023-2gencon-logo-800x357-white.png"},{"@type":"BreadcrumbList","@id":"https:\/\/www.avance.org\/2gen25\/lunch\/#breadcrumb","itemListElement":[{"@type":"ListItem","position":1,"name":"Home","item":"https:\/\/www.avance.org\/"},{"@type":"ListItem","position":2,"name":"2025 AVANCE Two-Generation Learning Conference","item":"https:\/\/www.avance.org\/2gen25\/"},{"@type":"ListItem","position":3,"name":"Lunch &#8211; 2025 AVANCE Two-Generation Learning Conference"}]},{"@type":"WebSite","@id":"https:\/\/www.avance.org\/#website","url":"https:\/\/www.avance.org\/","name":"AVANCE","description":"Unlocking America&#039;s Potential","publisher":{"@id":"https:\/\/www.avance.org\/#organization"},"potentialAction":[{"@type":"SearchAction","target":{"@type":"EntryPoint","urlTemplate":"https:\/\/www.avance.org\/?s={search_term_string}"},"query-input":{"@type":"PropertyValueSpecification","valueRequired":true,"valueName":"search_term_string"}}],"inLanguage":"es-MX"},{"@type":"Organization","@id":"https:\/\/www.avance.org\/#organization","name":"AVANCE","url":"https:\/\/www.avance.org\/","logo":{"@type":"ImageObject","inLanguage":"es-MX","@id":"https:\/\/www.avance.org\/#\/schema\/logo\/image\/","url":"https:\/\/www.avance.org\/wp-content\/uploads\/2022\/07\/logo.svg","contentUrl":"https:\/\/www.avance.org\/wp-content\/uploads\/2022\/07\/logo.svg","caption":"AVANCE"},"image":{"@id":"https:\/\/www.avance.org\/#\/schema\/logo\/image\/"},"sameAs":["https:\/\/www.facebook.com\/AVANCEinc\/","https:\/\/x.com\/AVANCEinc","https:\/\/www.instagram.com\/avance__inc\/","https:\/\/www.linkedin.com\/company\/avance-inc"]}]}},"post_mailing_queue_ids":[],"_links":{"self":[{"href":"https:\/\/www.avance.org\/es\/wp-json\/wp\/v2\/pages\/6996","targetHints":{"allow":["GET"]}}],"collection":[{"href":"https:\/\/www.avance.org\/es\/wp-json\/wp\/v2\/pages"}],"about":[{"href":"https:\/\/www.avance.org\/es\/wp-json\/wp\/v2\/types\/page"}],"author":[{"embeddable":true,"href":"https:\/\/www.avance.org\/es\/wp-json\/wp\/v2\/users\/22"}],"replies":[{"embeddable":true,"href":"https:\/\/www.avance.org\/es\/wp-json\/wp\/v2\/comments?post=6996"}],"version-history":[{"count":4,"href":"https:\/\/www.avance.org\/es\/wp-json\/wp\/v2\/pages\/6996\/revisions"}],"predecessor-version":[{"id":7014,"href":"https:\/\/www.avance.org\/es\/wp-json\/wp\/v2\/pages\/6996\/revisions\/7014"}],"up":[{"embeddable":true,"href":"https:\/\/www.avance.org\/es\/wp-json\/wp\/v2\/pages\/6695"}],"wp:attachment":[{"href":"https:\/\/www.avance.org\/es\/wp-json\/wp\/v2\/media?parent=6996"}],"curies":[{"name":"wp","href":"https:\/\/api.w.org\/{rel}","templated":true}]}}