{"id":6971,"date":"2025-06-23T14:43:29","date_gmt":"2025-06-23T19:43:29","guid":{"rendered":"https:\/\/www.avance.org\/?page_id=6971"},"modified":"2025-08-26T11:49:24","modified_gmt":"2025-08-26T16:49:24","slug":"speakers","status":"publish","type":"page","link":"https:\/\/www.avance.org\/es\/2gen25\/speakers\/","title":{"rendered":"Guest Speakers &#8211; 2025 AVANCE Two-Generation Learning Conference"},"content":{"rendered":"<img loading=\"lazy\" decoding=\"async\" src=\"https:\/\/www.avance.org\/wp-content\/uploads\/2023\/07\/2023-2gencon-logo-800x357-white.png\" alt=\"2023 AVANCE Two-Generation Learning Conference logo\" itemprop=\"image\" height=\"359\" width=\"801\" title=\"2023-2gencon-logo-800x357-white\" onerror=\"this.style.display='none'\"  \/>\n\t<h3>27-29 de Agosto del 2025 | The Westin San Antonio North<\/h3>\n<h2>\n\t\tConferencistas Invitados\n\t<\/h2>\n\t<p class=\"translation-block\">Adem\u00e1s de talleres, paneles de discusi\u00f3n y aprendizaje entre pares, la conferencia de este a\u00f1o cuenta con invitados especiales que compartir\u00e1n su experiencia y puntos de vista sobre una variedad de temas. Estos conferencistas ofrecer\u00e1n a los asistentes nuevas herramientas para el desarrollo profesional y nuevas perspectivas para abordar las necesidades de nuestras familias. Explore m\u00e1s sobre los conferencistas especiales de este a\u00f1o a continuaci\u00f3n.<\/p>\n<p>&nbsp;<\/p>\n<p><em>Esta p\u00e1gina se actualizar\u00e1 conforme haya novedades, as\u00ed que te invitamos a visitarla nuevamente m\u00e1s adelante.<\/em><\/p>\n\t\t\t\t<a href=\"#wow-modal-id-64\" target=\"_self\" itemprop=\"url\">\n\t\t\t\t<img loading=\"lazy\" decoding=\"async\" src=\"https:\/\/www.avance.org\/wp-content\/uploads\/2025\/07\/Lizzy-Perez-350x350-1-150x150.png\" alt=\"Lizzy-Perez-350x350\" itemprop=\"image\" height=\"150\" width=\"150\" title=\"Lizzy-Perez-350x350\" onerror=\"this.style.display='none'\"  \/>\n\t\t\t\t<\/a>\n\t<p><a href=\"#wow-modal-id-59\"><strong>Dra. Lizzy P\u00e9rez<\/strong><\/a><\/p>\n\t\t\t\t<a href=\"#wow-modal-id-82\" target=\"_self\" itemprop=\"url\">\n\t\t\t\t<img loading=\"lazy\" decoding=\"async\" src=\"https:\/\/www.avance.org\/wp-content\/uploads\/2025\/07\/McCarthy-headshot-350-150x150.png\" alt=\"McCarthy-headshot-350\" itemprop=\"image\" height=\"150\" width=\"150\" title=\"McCarthy-headshot-350\" onerror=\"this.style.display='none'\"  \/>\n\t\t\t\t<\/a>\n\t<p><a href=\"#wow-modal-id-82\"><strong>Dra. Shawneen McCarthy<\/strong><\/a><\/p>\n\t\t\t\t<a href=\"#wow-modal-id-70\" target=\"_self\" itemprop=\"url\">\n\t\t\t\t<img loading=\"lazy\" decoding=\"async\" src=\"https:\/\/www.avance.org\/wp-content\/uploads\/2025\/07\/headshot-1-150x150.png\" alt=\"headshot (1)\" itemprop=\"image\" height=\"150\" width=\"150\" title=\"headshot (1)\" onerror=\"this.style.display='none'\"  \/>\n\t\t\t\t<\/a>\n\t<p><a href=\"#wow-modal-id-70\"><strong>Amanda Quiroz-Guajardo<\/strong><\/a><\/p>\n\t\t\t\t<a href=\"#wow-modal-id-83\" target=\"_self\" itemprop=\"url\">\n\t\t\t\t<img loading=\"lazy\" decoding=\"async\" src=\"https:\/\/www.avance.org\/wp-content\/uploads\/2025\/08\/Kim-Kofron-350x350-1-150x150.png\" alt=\"Kim-Kofron-350x350\" itemprop=\"image\" height=\"150\" width=\"150\" title=\"Kim-Kofron-350x350\" onerror=\"this.style.display='none'\"  \/>\n\t\t\t\t<\/a>\n\t<p><a href=\"#wow-modal-id-83\"><strong>Kim Kofron<\/strong><\/a><\/p>\n\t\t\t\t<a href=\"#wow-modal-id-84\" target=\"_self\" itemprop=\"url\">\n\t\t\t\t<img loading=\"lazy\" decoding=\"async\" src=\"https:\/\/www.avance.org\/wp-content\/uploads\/2025\/08\/Diana-Infante-DeLeon350-150x150.png\" alt=\"Diana-Infante-DeLeon350\" itemprop=\"image\" height=\"150\" width=\"150\" title=\"Diana-Infante-DeLeon350\" onerror=\"this.style.display='none'\"  \/>\n\t\t\t\t<\/a>\n\t<p><a href=\"#wow-modal-id-84\"><strong>Diana Infante-De Leon<\/strong><\/a><\/p>\n\t\t\t\t<a href=\"#wow-modal-id-89\" target=\"_self\" itemprop=\"url\">\n\t\t\t\t<img loading=\"lazy\" decoding=\"async\" src=\"https:\/\/www.avance.org\/wp-content\/uploads\/2025\/08\/Isabel-DeLaCruz-350-150x150.png\" alt=\"Isabel-DeLaCruz-350\" itemprop=\"image\" height=\"150\" width=\"150\" title=\"Isabel-DeLaCruz-350\" onerror=\"this.style.display='none'\"  \/>\n\t\t\t\t<\/a>\n\t<p><a href=\"#wow-modal-id-89\"><strong>Isabel De la Cruz<\/strong><\/a><\/p>\n\t\t\t\t<a href=\"#wow-modal-id-65\" target=\"_self\" itemprop=\"url\">\n\t\t\t\t<img loading=\"lazy\" decoding=\"async\" src=\"https:\/\/www.avance.org\/wp-content\/uploads\/2024\/10\/Dr-Teresa-Granillo-300x300-1-150x150.png\" alt=\"Dr-Teresa-Granillo-300x300\" itemprop=\"image\" height=\"150\" width=\"150\" title=\"Dr-Teresa-Granillo-300x300\" onerror=\"this.style.display='none'\"  \/>\n\t\t\t\t<\/a>\n\t<p><a href=\"#wow-modal-id-65\"><strong>Dra. Teresa Granillo<\/strong><\/a><\/p>\n\t\t\t\t<a href=\"#wow-modal-id-35\" target=\"_self\" itemprop=\"url\">\n\t\t\t\t<img loading=\"lazy\" decoding=\"async\" src=\"https:\/\/www.avance.org\/wp-content\/uploads\/2024\/10\/Allison-Pape-300x300-1-150x150.png\" alt=\"Allison-Pape-300x300\" itemprop=\"image\" height=\"150\" width=\"150\" title=\"Allison-Pape-300x300\" onerror=\"this.style.display='none'\"  \/>\n\t\t\t\t<\/a>\n\t<p><a href=\"#wow-modal-id-35\"><strong>Allison Pape<\/strong><\/a><\/p>\n\t\t\t\t<a href=\"#wow-modal-id-68\" target=\"_self\" itemprop=\"url\">\n\t\t\t\t<img loading=\"lazy\" decoding=\"async\" src=\"https:\/\/www.avance.org\/wp-content\/uploads\/2025\/07\/Norma-Vargas-350x350-1-150x150.png\" alt=\"Norma-Vargas-350x350\" itemprop=\"image\" height=\"150\" width=\"150\" title=\"Norma-Vargas-350x350\" onerror=\"this.style.display='none'\"  \/>\n\t\t\t\t<\/a>\n\t<p><a href=\"#wow-modal-id-68\"><strong>Norma Vargas<\/strong><\/a><\/p>\n\t\t\t\t<a href=\"#wow-modal-id-77\" target=\"_self\" itemprop=\"url\">\n\t\t\t\t<img loading=\"lazy\" decoding=\"async\" src=\"https:\/\/www.avance.org\/wp-content\/uploads\/2025\/07\/Patricia-Nieto-350-150x150.png\" alt=\"Patricia-Nieto-350\" itemprop=\"image\" height=\"150\" width=\"150\" title=\"Patricia-Nieto-350\" onerror=\"this.style.display='none'\"  \/>\n\t\t\t\t<\/a>\n\t<p><a href=\"#wow-modal-id-77\"><strong>Patricia Nieto<\/strong><\/a><\/p>\n\t\t\t\t<a href=\"#wow-modal-id-69\" target=\"_self\" itemprop=\"url\">\n\t\t\t\t<img loading=\"lazy\" decoding=\"async\" src=\"https:\/\/www.avance.org\/wp-content\/uploads\/2025\/07\/Juana-Medina-175.png\" alt=\"Juana-Medina-175\" itemprop=\"image\" height=\"176\" width=\"175\" title=\"Juana-Medina-175\" onerror=\"this.style.display='none'\"  \/>\n\t\t\t\t<\/a>\n\t<p><a href=\"#wow-modal-id-69\"><strong>Juana Medina<\/strong><\/a><\/p>\n\t\t\t\t<a href=\"#wow-modal-id-78\" target=\"_self\" itemprop=\"url\">\n\t\t\t\t<img loading=\"lazy\" decoding=\"async\" src=\"https:\/\/www.avance.org\/wp-content\/uploads\/2025\/07\/Gloria-Sepulveda-350-150x150.png\" alt=\"Gloria-Sepulveda-350\" itemprop=\"image\" height=\"150\" width=\"150\" title=\"Gloria-Sepulveda-350\" onerror=\"this.style.display='none'\"  \/>\n\t\t\t\t<\/a>\n\t<p><a href=\"#wow-modal-id-78\"><strong>Gloria Sepulveda<\/strong><\/a><\/p>\n\t\t\t\t<a href=\"#wow-modal-id-63\" target=\"_self\" itemprop=\"url\">\n\t\t\t\t<img loading=\"lazy\" decoding=\"async\" src=\"https:\/\/www.avance.org\/wp-content\/uploads\/2025\/07\/Yessica-Orellana-350x350-1-150x150.png\" alt=\"Yessica-Orellana-350x350\" itemprop=\"image\" height=\"150\" width=\"150\" title=\"Yessica-Orellana-350x350\" onerror=\"this.style.display='none'\"  \/>\n\t\t\t\t<\/a>\n\t<p><a href=\"#wow-modal-id-63\"><strong>Yessica Orellana<\/strong><\/a><\/p>\n\t\t\t\t<a href=\"#wow-modal-id-67\" target=\"_self\" itemprop=\"url\">\n\t\t\t\t<img loading=\"lazy\" decoding=\"async\" src=\"https:\/\/www.avance.org\/wp-content\/uploads\/2025\/07\/Maria-Torres-350x350-1-150x150.png\" alt=\"Maria-Torres-350x350\" itemprop=\"image\" height=\"150\" width=\"150\" title=\"Maria-Torres-350x350\" onerror=\"this.style.display='none'\"  \/>\n\t\t\t\t<\/a>\n\t<p><a href=\"#wow-modal-id-67\"><strong>Mar\u00eda Torres<\/strong><\/a><\/p>\n\t\t\t\t<a href=\"#wow-modal-id-66\" target=\"_self\" itemprop=\"url\">\n\t\t\t\t<img loading=\"lazy\" decoding=\"async\" src=\"https:\/\/www.avance.org\/wp-content\/uploads\/2025\/07\/Adriana-Paniagua-350x350-1-150x150.png\" alt=\"Adriana-Paniagua-350x350\" itemprop=\"image\" height=\"150\" width=\"150\" title=\"Adriana-Paniagua-350x350\" onerror=\"this.style.display='none'\"  \/>\n\t\t\t\t<\/a>\n\t<p><a href=\"#wow-modal-id-66\"><strong>Adriana Paniagua<\/strong><\/a><\/p>\n\t\t\t\t<a href=\"#wow-modal-id-88\" target=\"_self\" itemprop=\"url\">\n\t\t\t\t<img loading=\"lazy\" decoding=\"async\" src=\"https:\/\/www.avance.org\/wp-content\/uploads\/2025\/08\/sandra-alvear350-150x150.png\" alt=\"sandra-alvear350\" itemprop=\"image\" height=\"150\" width=\"150\" title=\"sandra-alvear350\" onerror=\"this.style.display='none'\"  \/>\n\t\t\t\t<\/a>\n\t<p><a href=\"#wow-modal-id-88\"><strong>Dra. Sandra Alvear<\/strong><\/a><\/p>\n\t\t\t\t<a href=\"#wow-modal-id-86\" target=\"_self\" itemprop=\"url\">\n\t\t\t\t<img loading=\"lazy\" decoding=\"async\" src=\"https:\/\/www.avance.org\/wp-content\/uploads\/2025\/08\/Rosalinda-Verdin350-150x150.png\" alt=\"Rosalinda-Verdin350\" itemprop=\"image\" height=\"150\" width=\"150\" title=\"Rosalinda-Verdin350\" onerror=\"this.style.display='none'\"  \/>\n\t\t\t\t<\/a>\n\t<p><a href=\"#wow-modal-id-86\"><strong>Rosalinda Verdin<\/strong><\/a><\/p>\n\t\t\t\t<a href=\"#wow-modal-id-87\" target=\"_self\" itemprop=\"url\">\n\t\t\t\t<img loading=\"lazy\" decoding=\"async\" src=\"https:\/\/www.avance.org\/wp-content\/uploads\/2025\/08\/Arianni-Becerra-350-150x150.png\" alt=\"Arianni-Becerra-350\" itemprop=\"image\" height=\"150\" width=\"150\" title=\"Arianni-Becerra-350\" onerror=\"this.style.display='none'\"  \/>\n\t\t\t\t<\/a>\n\t<p><a href=\"#wow-modal-id-87\"><strong>Arianni Becerra<\/strong><\/a><\/p>\n\t\t\t\t<a href=\"#wow-modal-id-61\" target=\"_self\" itemprop=\"url\">\n\t\t\t\t<img loading=\"lazy\" decoding=\"async\" src=\"https:\/\/www.avance.org\/wp-content\/uploads\/2025\/06\/LM-headshot-150x150.png\" alt=\"LM-headshot\" itemprop=\"image\" height=\"150\" width=\"150\" title=\"LM-headshot\" onerror=\"this.style.display='none'\"  \/>\n\t\t\t\t<\/a>\n\t<p><a href=\"#wow-modal-id-61\"><strong>Luz Moncada<\/strong><\/a><\/p>\n\t\t\t\t<a href=\"#wow-modal-id-62\" target=\"_self\" itemprop=\"url\">\n\t\t\t\t<img loading=\"lazy\" decoding=\"async\" src=\"https:\/\/www.avance.org\/wp-content\/uploads\/2025\/07\/Marisol-Lua-3x3-1-150x150.png\" alt=\"Marisol-Lua-3x3\" itemprop=\"image\" height=\"150\" width=\"150\" title=\"Marisol-Lua-3x3\" onerror=\"this.style.display='none'\"  \/>\n\t\t\t\t<\/a>\n\t<p><a href=\"#wow-modal-id-62\"><strong>Marisol Lua<\/strong><\/a><\/p>\n\t\t\t\t<a href=\"#wow-modal-id-60\" target=\"_self\" itemprop=\"url\">\n\t\t\t\t<img loading=\"lazy\" decoding=\"async\" src=\"https:\/\/www.avance.org\/wp-content\/uploads\/2025\/07\/Noemi-Patino-25-350x350-1-150x150.png\" alt=\"Noemi-Patino-25-350x350\" itemprop=\"image\" height=\"150\" width=\"150\" title=\"Noemi-Patino-25-350x350\" onerror=\"this.style.display='none'\"  \/>\n\t\t\t\t<\/a>\n\t<p><a href=\"#wow-modal-id-60\"><strong>Noemi Pati\u00f1o<\/strong><\/a><\/p>\n\t\t\t\t<a href=\"#wow-modal-id-57\" target=\"_self\" itemprop=\"url\">\n\t\t\t\t<img loading=\"lazy\" decoding=\"async\" src=\"https:\/\/www.avance.org\/wp-content\/uploads\/2025\/07\/Bertha-Espinoza-25-350x350-1-150x150.png\" alt=\"Bertha-Espinoza-25-350x350\" itemprop=\"image\" height=\"150\" width=\"150\" title=\"Bertha-Espinoza-25-350x350\" onerror=\"this.style.display='none'\"  \/>\n\t\t\t\t<\/a>\n\t<p><a href=\"#wow-modal-id-57\"><strong>Bertha Espinoza<\/strong><\/a><\/p>\n\t\t\t\t<a href=\"#wow-modal-id-81\" target=\"_self\" itemprop=\"url\">\n\t\t\t\t<img loading=\"lazy\" decoding=\"async\" src=\"https:\/\/www.avance.org\/wp-content\/uploads\/2025\/07\/Yara-A-Valdes-350-150x150.png\" alt=\"Yara-A-Valdes-350\" itemprop=\"image\" height=\"150\" width=\"150\" title=\"Yara-A-Valdes-350\" onerror=\"this.style.display='none'\"  \/>\n\t\t\t\t<\/a>\n\t<p><a href=\"#wow-modal-id-81\"><strong>Yara A. Vald\u00e9s<\/strong><\/a><\/p>\n\t\t\t\t<a href=\"#wow-modal-id-58\" target=\"_self\" itemprop=\"url\">\n\t\t\t\t<img loading=\"lazy\" decoding=\"async\" src=\"https:\/\/www.avance.org\/wp-content\/uploads\/2025\/06\/Erika_Gonzalez-150x150.png\" alt=\"Erika_Gonzalez\" itemprop=\"image\" height=\"150\" width=\"150\" title=\"Erika_Gonzalez\" onerror=\"this.style.display='none'\"  \/>\n\t\t\t\t<\/a>\n\t<p><a href=\"#wow-modal-id-58\"><strong>Erika Gonzalez<\/strong><\/a><\/p>\n\t\t\t\t<a href=\"#wow-modal-id-59\" target=\"_self\" itemprop=\"url\">\n\t\t\t\t<img loading=\"lazy\" decoding=\"async\" src=\"https:\/\/www.avance.org\/wp-content\/uploads\/2025\/06\/Valeska_Lucart-150x150.png\" alt=\"Valeska_Lucart\" itemprop=\"image\" height=\"150\" width=\"150\" title=\"Valeska_Lucart\" onerror=\"this.style.display='none'\"  \/>\n\t\t\t\t<\/a>\n\t<p><a href=\"#wow-modal-id-59\"><strong>Valeska Lucart<\/strong><\/a><\/p>\n\t\t\t\t<a href=\"#wow-modal-id-79\" target=\"_self\" itemprop=\"url\">\n\t\t\t\t<img loading=\"lazy\" decoding=\"async\" src=\"https:\/\/www.avance.org\/wp-content\/uploads\/2025\/07\/Ashley-Vazquez-Espinosa-150x150.png\" alt=\"Ashley-Vazquez-Espinosa\" itemprop=\"image\" height=\"150\" width=\"150\" title=\"Ashley-Vazquez-Espinosa\" onerror=\"this.style.display='none'\"  \/>\n\t\t\t\t<\/a>\n\t<p><a href=\"#wow-modal-id-79\"><strong>Ashley Vazquez-Espinosa<\/strong><\/a><\/p>\n\t\t\t\t<a href=\"#wow-modal-id-80\" target=\"_self\" itemprop=\"url\">\n\t\t\t\t<img loading=\"lazy\" decoding=\"async\" src=\"https:\/\/www.avance.org\/wp-content\/uploads\/2025\/07\/Briseyda-Martinez-350-150x150.png\" alt=\"Briseyda-Martinez-350\" itemprop=\"image\" height=\"150\" width=\"150\" title=\"Briseyda-Martinez-350\" onerror=\"this.style.display='none'\"  \/>\n\t\t\t\t<\/a>\n\t<p><a href=\"#wow-modal-id-80\"><strong>Briseyda Martinez<\/strong><\/a><\/p>","protected":false},"excerpt":{"rendered":"<p>August 27-29, 2025\u00a0 |\u00a0 The Westin San Antonio North Guest Speakers In addition to workshops, panel discussions, and peer learning, this year&#8217;s conference features several special guest speakers who will share their expertise and perspective on a range of topics to provide attendees with new tools for professional development and new approaches to meeting the &#8230; <a title=\"Guest Speakers &#8211; 2025 AVANCE Two-Generation Learning Conference\" class=\"read-more\" href=\"https:\/\/www.avance.org\/es\/2gen25\/speakers\/\" aria-label=\"M\u00e1s en Guest Speakers &#8211; 2025 AVANCE Two-Generation Learning Conference\">Leer m\u00e1s<\/a><\/p>","protected":false},"author":22,"featured_media":0,"parent":6695,"menu_order":4,"comment_status":"closed","ping_status":"closed","template":"","meta":{"inline_featured_image":false,"footnotes":""},"class_list":["post-6971","page","type-page","status-publish"],"yoast_head":"<!-- This site is optimized with the Yoast SEO Premium plugin v25.3 (Yoast SEO v25.3) - https:\/\/yoast.com\/wordpress\/plugins\/seo\/ -->\n<title>Guest Speakers - 2025 AVANCE Two-Generation Learning Conference - AVANCE<\/title>\n<meta name=\"description\" content=\"The 2025 AVANCE Two-Generation Learning Conference will be held August 27-29, 2025, in San Antonio, Texas.\" \/>\n<meta name=\"robots\" content=\"index, follow, max-snippet:-1, max-image-preview:large, max-video-preview:-1\" \/>\n<link rel=\"canonical\" href=\"https:\/\/www.avance.org\/es\/2gen25\/speakers\/\" \/>\n<meta property=\"og:locale\" content=\"es_MX\" \/>\n<meta property=\"og:type\" content=\"article\" \/>\n<meta property=\"og:title\" content=\"Guest Speakers - 2025 AVANCE Two-Generation Learning Conference\" \/>\n<meta property=\"og:description\" content=\"The 2025 AVANCE Two-Generation Learning Conference will be held August 27-29, 2025, in San Antonio, Texas.\" \/>\n<meta property=\"og:url\" content=\"https:\/\/www.avance.org\/es\/2gen25\/speakers\/\" \/>\n<meta property=\"og:site_name\" content=\"AVANCE\" \/>\n<meta property=\"article:publisher\" content=\"https:\/\/www.facebook.com\/AVANCEinc\/\" \/>\n<meta property=\"article:modified_time\" content=\"2025-08-26T16:49:24+00:00\" \/>\n<meta property=\"og:image\" content=\"https:\/\/www.avance.org\/wp-content\/uploads\/2025\/02\/2gen24-10.png\" \/>\n\t<meta property=\"og:image:width\" content=\"1000\" \/>\n\t<meta property=\"og:image:height\" content=\"714\" \/>\n\t<meta property=\"og:image:type\" content=\"image\/png\" \/>\n<meta name=\"twitter:card\" content=\"summary_large_image\" \/>\n<meta name=\"twitter:site\" content=\"@AVANCEinc\" \/>\n<meta name=\"twitter:label1\" content=\"Tiempo de lectura\" \/>\n\t<meta name=\"twitter:data1\" content=\"7 minutos\" \/>\n<script type=\"application\/ld+json\" class=\"yoast-schema-graph\">{\"@context\":\"https:\/\/schema.org\",\"@graph\":[{\"@type\":\"WebPage\",\"@id\":\"https:\/\/www.avance.org\/2gen25\/speakers\/\",\"url\":\"https:\/\/www.avance.org\/2gen25\/speakers\/\",\"name\":\"Guest Speakers - 2025 AVANCE Two-Generation Learning Conference - AVANCE\",\"isPartOf\":{\"@id\":\"https:\/\/www.avance.org\/#website\"},\"primaryImageOfPage\":{\"@id\":\"https:\/\/www.avance.org\/2gen25\/speakers\/#primaryimage\"},\"image\":{\"@id\":\"https:\/\/www.avance.org\/2gen25\/speakers\/#primaryimage\"},\"thumbnailUrl\":\"https:\/\/www.avance.org\/wp-content\/uploads\/2023\/07\/2023-2gencon-logo-800x357-white.png\",\"datePublished\":\"2025-06-23T19:43:29+00:00\",\"dateModified\":\"2025-08-26T16:49:24+00:00\",\"description\":\"The 2025 AVANCE Two-Generation Learning Conference will be held August 27-29, 2025, in San Antonio, Texas.\",\"breadcrumb\":{\"@id\":\"https:\/\/www.avance.org\/2gen25\/speakers\/#breadcrumb\"},\"inLanguage\":\"es-MX\",\"potentialAction\":[{\"@type\":\"ReadAction\",\"target\":[\"https:\/\/www.avance.org\/2gen25\/speakers\/\"]}]},{\"@type\":\"ImageObject\",\"inLanguage\":\"es-MX\",\"@id\":\"https:\/\/www.avance.org\/2gen25\/speakers\/#primaryimage\",\"url\":\"https:\/\/www.avance.org\/wp-content\/uploads\/2023\/07\/2023-2gencon-logo-800x357-white.png\",\"contentUrl\":\"https:\/\/www.avance.org\/wp-content\/uploads\/2023\/07\/2023-2gencon-logo-800x357-white.png\"},{\"@type\":\"BreadcrumbList\",\"@id\":\"https:\/\/www.avance.org\/2gen25\/speakers\/#breadcrumb\",\"itemListElement\":[{\"@type\":\"ListItem\",\"position\":1,\"name\":\"Home\",\"item\":\"https:\/\/www.avance.org\/\"},{\"@type\":\"ListItem\",\"position\":2,\"name\":\"2025 AVANCE Two-Generation Learning Conference\",\"item\":\"https:\/\/www.avance.org\/2gen25\/\"},{\"@type\":\"ListItem\",\"position\":3,\"name\":\"Guest Speakers &#8211; 2025 AVANCE Two-Generation Learning Conference\"}]},{\"@type\":\"WebSite\",\"@id\":\"https:\/\/www.avance.org\/#website\",\"url\":\"https:\/\/www.avance.org\/\",\"name\":\"AVANCE\",\"description\":\"Unlocking America&#039;s Potential\",\"publisher\":{\"@id\":\"https:\/\/www.avance.org\/#organization\"},\"potentialAction\":[{\"@type\":\"SearchAction\",\"target\":{\"@type\":\"EntryPoint\",\"urlTemplate\":\"https:\/\/www.avance.org\/?s={search_term_string}\"},\"query-input\":{\"@type\":\"PropertyValueSpecification\",\"valueRequired\":true,\"valueName\":\"search_term_string\"}}],\"inLanguage\":\"es-MX\"},{\"@type\":\"Organization\",\"@id\":\"https:\/\/www.avance.org\/#organization\",\"name\":\"AVANCE\",\"url\":\"https:\/\/www.avance.org\/\",\"logo\":{\"@type\":\"ImageObject\",\"inLanguage\":\"es-MX\",\"@id\":\"https:\/\/www.avance.org\/#\/schema\/logo\/image\/\",\"url\":\"https:\/\/www.avance.org\/wp-content\/uploads\/2022\/07\/logo.svg\",\"contentUrl\":\"https:\/\/www.avance.org\/wp-content\/uploads\/2022\/07\/logo.svg\",\"caption\":\"AVANCE\"},\"image\":{\"@id\":\"https:\/\/www.avance.org\/#\/schema\/logo\/image\/\"},\"sameAs\":[\"https:\/\/www.facebook.com\/AVANCEinc\/\",\"https:\/\/x.com\/AVANCEinc\",\"https:\/\/www.instagram.com\/avance__inc\/\",\"https:\/\/www.linkedin.com\/company\/avance-inc\"]}]}<\/script>\n<!-- \/ Yoast SEO Premium plugin. -->","yoast_head_json":{"title":"Guest Speakers - 2025 AVANCE Two-Generation Learning Conference - AVANCE","description":"The 2025 AVANCE Two-Generation Learning Conference will be held August 27-29, 2025, in San Antonio, Texas.","robots":{"index":"index","follow":"follow","max-snippet":"max-snippet:-1","max-image-preview":"max-image-preview:large","max-video-preview":"max-video-preview:-1"},"canonical":"https:\/\/www.avance.org\/es\/2gen25\/speakers\/","og_locale":"es_MX","og_type":"article","og_title":"Guest Speakers - 2025 AVANCE Two-Generation Learning Conference","og_description":"The 2025 AVANCE Two-Generation Learning Conference will be held August 27-29, 2025, in San Antonio, Texas.","og_url":"https:\/\/www.avance.org\/es\/2gen25\/speakers\/","og_site_name":"AVANCE","article_publisher":"https:\/\/www.facebook.com\/AVANCEinc\/","article_modified_time":"2025-08-26T16:49:24+00:00","og_image":[{"width":1000,"height":714,"url":"https:\/\/www.avance.org\/wp-content\/uploads\/2025\/02\/2gen24-10.png","type":"image\/png"}],"twitter_card":"summary_large_image","twitter_site":"@AVANCEinc","twitter_misc":{"Tiempo de lectura":"7 minutos"},"schema":{"@context":"https:\/\/schema.org","@graph":[{"@type":"WebPage","@id":"https:\/\/www.avance.org\/2gen25\/speakers\/","url":"https:\/\/www.avance.org\/2gen25\/speakers\/","name":"Guest Speakers - 2025 AVANCE Two-Generation Learning Conference - AVANCE","isPartOf":{"@id":"https:\/\/www.avance.org\/#website"},"primaryImageOfPage":{"@id":"https:\/\/www.avance.org\/2gen25\/speakers\/#primaryimage"},"image":{"@id":"https:\/\/www.avance.org\/2gen25\/speakers\/#primaryimage"},"thumbnailUrl":"https:\/\/www.avance.org\/wp-content\/uploads\/2023\/07\/2023-2gencon-logo-800x357-white.png","datePublished":"2025-06-23T19:43:29+00:00","dateModified":"2025-08-26T16:49:24+00:00","description":"The 2025 AVANCE Two-Generation Learning Conference will be held August 27-29, 2025, in San Antonio, Texas.","breadcrumb":{"@id":"https:\/\/www.avance.org\/2gen25\/speakers\/#breadcrumb"},"inLanguage":"es-MX","potentialAction":[{"@type":"ReadAction","target":["https:\/\/www.avance.org\/2gen25\/speakers\/"]}]},{"@type":"ImageObject","inLanguage":"es-MX","@id":"https:\/\/www.avance.org\/2gen25\/speakers\/#primaryimage","url":"https:\/\/www.avance.org\/wp-content\/uploads\/2023\/07\/2023-2gencon-logo-800x357-white.png","contentUrl":"https:\/\/www.avance.org\/wp-content\/uploads\/2023\/07\/2023-2gencon-logo-800x357-white.png"},{"@type":"BreadcrumbList","@id":"https:\/\/www.avance.org\/2gen25\/speakers\/#breadcrumb","itemListElement":[{"@type":"ListItem","position":1,"name":"Home","item":"https:\/\/www.avance.org\/"},{"@type":"ListItem","position":2,"name":"2025 AVANCE Two-Generation Learning Conference","item":"https:\/\/www.avance.org\/2gen25\/"},{"@type":"ListItem","position":3,"name":"Guest Speakers &#8211; 2025 AVANCE Two-Generation Learning Conference"}]},{"@type":"WebSite","@id":"https:\/\/www.avance.org\/#website","url":"https:\/\/www.avance.org\/","name":"AVANCE","description":"Unlocking America&#039;s Potential","publisher":{"@id":"https:\/\/www.avance.org\/#organization"},"potentialAction":[{"@type":"SearchAction","target":{"@type":"EntryPoint","urlTemplate":"https:\/\/www.avance.org\/?s={search_term_string}"},"query-input":{"@type":"PropertyValueSpecification","valueRequired":true,"valueName":"search_term_string"}}],"inLanguage":"es-MX"},{"@type":"Organization","@id":"https:\/\/www.avance.org\/#organization","name":"AVANCE","url":"https:\/\/www.avance.org\/","logo":{"@type":"ImageObject","inLanguage":"es-MX","@id":"https:\/\/www.avance.org\/#\/schema\/logo\/image\/","url":"https:\/\/www.avance.org\/wp-content\/uploads\/2022\/07\/logo.svg","contentUrl":"https:\/\/www.avance.org\/wp-content\/uploads\/2022\/07\/logo.svg","caption":"AVANCE"},"image":{"@id":"https:\/\/www.avance.org\/#\/schema\/logo\/image\/"},"sameAs":["https:\/\/www.facebook.com\/AVANCEinc\/","https:\/\/x.com\/AVANCEinc","https:\/\/www.instagram.com\/avance__inc\/","https:\/\/www.linkedin.com\/company\/avance-inc"]}]}},"post_mailing_queue_ids":[],"_links":{"self":[{"href":"https:\/\/www.avance.org\/es\/wp-json\/wp\/v2\/pages\/6971","targetHints":{"allow":["GET"]}}],"collection":[{"href":"https:\/\/www.avance.org\/es\/wp-json\/wp\/v2\/pages"}],"about":[{"href":"https:\/\/www.avance.org\/es\/wp-json\/wp\/v2\/types\/page"}],"author":[{"embeddable":true,"href":"https:\/\/www.avance.org\/es\/wp-json\/wp\/v2\/users\/22"}],"replies":[{"embeddable":true,"href":"https:\/\/www.avance.org\/es\/wp-json\/wp\/v2\/comments?post=6971"}],"version-history":[{"count":10,"href":"https:\/\/www.avance.org\/es\/wp-json\/wp\/v2\/pages\/6971\/revisions"}],"predecessor-version":[{"id":7132,"href":"https:\/\/www.avance.org\/es\/wp-json\/wp\/v2\/pages\/6971\/revisions\/7132"}],"up":[{"embeddable":true,"href":"https:\/\/www.avance.org\/es\/wp-json\/wp\/v2\/pages\/6695"}],"wp:attachment":[{"href":"https:\/\/www.avance.org\/es\/wp-json\/wp\/v2\/media?parent=6971"}],"curies":[{"name":"wp","href":"https:\/\/api.w.org\/{rel}","templated":true}]}}