{"id":6959,"date":"2025-06-18T13:05:26","date_gmt":"2025-06-18T18:05:26","guid":{"rendered":"https:\/\/www.avance.org\/?page_id=6959"},"modified":"2025-07-22T14:19:11","modified_gmt":"2025-07-22T19:19:11","slug":"ep-ece-roundtable","status":"publish","type":"page","link":"https:\/\/www.avance.org\/es\/ep-ece-roundtable\/","title":{"rendered":"El Paso ECE Roundtable"},"content":{"rendered":"<p>Reuni\u00f3n sobre la Educaci\u00f3n Infantil<\/p>\n\t<p>\u00danase con <strong>el alcalde Renard Johnson,<\/strong> <strong>AVANCE<\/strong>, y <strong>Early Matters El Paso<\/strong> para una reuni\u00f3n sobre la Educaci\u00f3n Infantil<\/p>\n\t\t\t\t<img loading=\"lazy\" decoding=\"async\" src=\"https:\/\/www.avance.org\/wp-content\/uploads\/2025\/06\/ece-roundtable-invite-icons-01.svg\" alt=\"ece-roundtable-invite-icons-01\" itemprop=\"image\" height=\"0\" width=\"0\" title=\"ece-roundtable-invite-icons-01\" onerror=\"this.style.display='none'\"  \/>\n\t<p>Mi\u00e9rcoles, 23 de julio del 2025<\/p>\n\t\t\t\t<img loading=\"lazy\" decoding=\"async\" src=\"https:\/\/www.avance.org\/wp-content\/uploads\/2025\/06\/ece-roundtable-invite-icons-02.svg\" alt=\"ece-roundtable-invite-icons-02\" itemprop=\"image\" height=\"0\" width=\"0\" title=\"ece-roundtable-invite-icons-02\" onerror=\"this.style.display='none'\"  \/>\n\t<p>9:00 a.m. &#8211; 10:30 a.m. MDT<\/p>\n\t\t\t\t<img loading=\"lazy\" decoding=\"async\" src=\"https:\/\/www.avance.org\/wp-content\/uploads\/2025\/06\/ece-roundtable-invite-icons-03.svg\" alt=\"ece-roundtable-invite-icons-03\" itemprop=\"image\" height=\"0\" width=\"0\" title=\"ece-roundtable-invite-icons-03\" onerror=\"this.style.display='none'\"  \/>\n\t<strong>Ayuntamiento de El Paso<\/strong><br \/>\n300 N Campbell St | El Paso, TX 79901\n\t<p>Este di\u00e1logo reunir\u00e1 a l\u00edderes c\u00edvicos, empresariales, educativos y comunitarios para reflexionar sobre el papel fundamental de la educaci\u00f3n infantil en el fortalecimiento de nuestra econom\u00eda local y en el bienestar futuro de las familias en nuestra regi\u00f3n fronteriza. Nuestro prop\u00f3sito es construir una <strong>visi\u00f3n compartida<\/strong>, identificar <strong>oportunidades de colaboraci\u00f3n<\/strong>, y <strong>fortalecer el compromiso colectivo<\/strong> hacia nuestras ni\u00f1as y ni\u00f1os desde sus primeros a\u00f1os de vida.<\/p>\n<p>\u00a0<\/p>\n<p>Esperamos sinceramente contar con su presencia y voz en esta conversaci\u00f3n tan importante para el presente y el futuro de nuestra comunidad.<\/p>\n\t<p><strong>Recursos<\/strong><\/p>\n\t\t\t\t<a href=\"https:\/\/www.avance.org\/wp-content\/uploads\/2025\/07\/CareForce_Report_2025-1.pdf\" target=\"_blank\" rel=\"noopener\"  itemprop=\"url\">\n\t\t\t\t<img loading=\"lazy\" decoding=\"async\" src=\"https:\/\/www.avance.org\/wp-content\/uploads\/2025\/07\/CareForce_Report-thumbnail.png\" alt=\"CareForce_Report-thumbnail\" itemprop=\"image\" height=\"258\" width=\"200\" title=\"CareForce_Report-thumbnail\" onerror=\"this.style.display='none'\"  \/>\n\t\t\t\t<\/a>\n\t<p><a href=\"https:\/\/www.avance.org\/wp-content\/uploads\/2025\/07\/CareForce_Report_2025-1.pdf\" target=\"_blank\" rel=\"noopener\"><strong>Informe CareForce 2025<\/strong><\/a><\/p>\n\t\t\t\t<a href=\"https:\/\/www.avance.org\/wp-content\/uploads\/2025\/07\/ECERoundtable-ElPaso-SlideDeck-072225.pdf\" target=\"_blank\" rel=\"noopener\"  itemprop=\"url\">\n\t\t\t\t<img loading=\"lazy\" decoding=\"async\" src=\"https:\/\/www.avance.org\/wp-content\/uploads\/2025\/07\/ECERoundtable-ElPaso-SlideDeck-thumbnail.png\" alt=\"ECERoundtable-ElPaso-SlideDeck-thumbnail\" itemprop=\"image\" height=\"197\" width=\"350\" title=\"ECERoundtable-ElPaso-SlideDeck-thumbnail\" onerror=\"this.style.display='none'\"  \/>\n\t\t\t\t<\/a>\n\t<p><a href=\"https:\/\/www.avance.org\/wp-content\/uploads\/2025\/07\/ECERoundtable-ElPaso-SlideDeck-072225.pdf\" target=\"_blank\" rel=\"noopener\"><strong>Presentaci\u00f3n<\/strong><\/a><\/p>\n\t\t\t\t<a href=\"https:\/\/www.avance.org\/wp-content\/uploads\/2025\/07\/ECERoundtable-ElPaso-AVANCE-Onepager-R2.pdf\" target=\"_blank\" rel=\"noopener\"  itemprop=\"url\">\n\t\t\t\t<img loading=\"lazy\" decoding=\"async\" src=\"https:\/\/www.avance.org\/wp-content\/uploads\/2025\/07\/About-AVANCE-thumbnail.png\" alt=\"About-AVANCE-thumbnail\" itemprop=\"image\" height=\"258\" width=\"200\" title=\"About-AVANCE-thumbnail\" onerror=\"this.style.display='none'\"  \/>\n\t\t\t\t<\/a>\n\t<p><a href=\"https:\/\/www.avance.org\/wp-content\/uploads\/2025\/07\/ECERoundtable-ElPaso-AVANCE-Onepager-R2.pdf\" target=\"_blank\" rel=\"noopener\"><strong>Sobre AVANCE<\/strong><\/a><\/p>\n\t\t\t\t<a href=\"https:\/\/www.avance.org\/wp-content\/uploads\/2025\/07\/July-2025-EMEP-One-pager-vfinal.pdf\" target=\"_blank\" rel=\"noopener\"  itemprop=\"url\">\n\t\t\t\t<img loading=\"lazy\" decoding=\"async\" src=\"https:\/\/www.avance.org\/wp-content\/uploads\/2025\/07\/About-EMEP-thumbnail.png\" alt=\"About-EMEP-thumbnail\" itemprop=\"image\" height=\"258\" width=\"200\" title=\"About-EMEP-thumbnail\" onerror=\"this.style.display='none'\"  \/>\n\t\t\t\t<\/a>\n\t<p><a href=\"https:\/\/www.avance.org\/wp-content\/uploads\/2025\/07\/July-2025-EMEP-One-pager-vfinal.pdf\" target=\"_blank\" rel=\"noopener\"><strong>Sobre Early Matters El Paso<\/strong><\/a><\/p>\n\t<p>L\u00edderes Invitados<\/p>\n\t\t\t\t<a href=\"#wow-modal-id-71\" target=\"_self\" itemprop=\"url\">\n\t\t\t\t<img loading=\"lazy\" decoding=\"async\" src=\"https:\/\/www.avance.org\/wp-content\/uploads\/2025\/07\/Stephanie-Otero-350x350-1-150x150.png\" alt=\"Stephanie-Otero-350x350\" itemprop=\"image\" height=\"150\" width=\"150\" title=\"Stephanie-Otero-350x350\" onerror=\"this.style.display='none'\"  \/>\n\t\t\t\t<\/a>\n\t<p><a href=\"#wow-modal-id-71\"><strong>Stephanie Otero<\/strong><\/a><\/p>\n\t\t\t\t<a href=\"#wow-modal-id-65\" target=\"_self\" itemprop=\"url\">\n\t\t\t\t<img loading=\"lazy\" decoding=\"async\" src=\"https:\/\/www.avance.org\/wp-content\/uploads\/2024\/10\/Dr-Teresa-Granillo-300x300-1-150x150.png\" alt=\"Dr-Teresa-Granillo-300x300\" itemprop=\"image\" height=\"150\" width=\"150\" title=\"Dr-Teresa-Granillo-300x300\" onerror=\"this.style.display='none'\"  \/>\n\t\t\t\t<\/a>\n\t<p><a href=\"#wow-modal-id-65\"><strong>Dra. Teresa Granillo<\/strong><\/a><\/p>\n\t\t\t\t<a href=\"#wow-modal-id-73\" target=\"_self\" itemprop=\"url\">\n\t\t\t\t<img loading=\"lazy\" decoding=\"async\" src=\"https:\/\/www.avance.org\/wp-content\/uploads\/2025\/07\/Ivette-Savina-350x350-1-150x150.png\" alt=\"Ivette-Savina-350x350\" itemprop=\"image\" height=\"150\" width=\"150\" title=\"Ivette-Savina-350x350\" onerror=\"this.style.display='none'\"  \/>\n\t\t\t\t<\/a>\n\t<p><a href=\"#wow-modal-id-73\"><strong>Ivette Savina<\/strong><\/a><\/p>\n\t\t\t\t<a href=\"#wow-modal-id-74\" target=\"_self\" itemprop=\"url\">\n\t\t\t\t<img loading=\"lazy\" decoding=\"async\" src=\"https:\/\/www.avance.org\/wp-content\/uploads\/2025\/07\/Dr.-Debra-Kerney-350x350-1-150x150.png\" alt=\"Dr.-Debra-Kerney-350x350\" itemprop=\"image\" height=\"150\" width=\"150\" title=\"Dr.-Debra-Kerney-350x350\" onerror=\"this.style.display='none'\"  \/>\n\t\t\t\t<\/a>\n\t<p><a href=\"#wow-modal-id-74\"><strong>Dra. Debra Kerney<\/strong><\/a><\/p>\n\t\t\t\t<a href=\"#wow-modal-id-72\" target=\"_self\" itemprop=\"url\">\n\t\t\t\t<img loading=\"lazy\" decoding=\"async\" src=\"https:\/\/www.avance.org\/wp-content\/uploads\/2025\/07\/Jacquelyn-Reza-350x350-1-150x150.png\" alt=\"Jacquelyn-Reza-350x350\" itemprop=\"image\" height=\"150\" width=\"150\" title=\"Jacquelyn-Reza-350x350\" onerror=\"this.style.display='none'\"  \/>\n\t\t\t\t<\/a>\n\t<p><a href=\"#wow-modal-id-72\"><strong>Jacquelyn Reza<\/strong><\/a><\/p>\n\t\t\t\t<a href=\"#wow-modal-id-75\" target=\"_self\" itemprop=\"url\">\n\t\t\t\t<img loading=\"lazy\" decoding=\"async\" src=\"https:\/\/www.avance.org\/wp-content\/uploads\/2025\/07\/Leila-Melendez-350-150x150.png\" alt=\"Leila-Melendez-350\" itemprop=\"image\" height=\"150\" width=\"150\" title=\"Leila-Melendez-350\" onerror=\"this.style.display='none'\"  \/>\n\t\t\t\t<\/a>\n\t<p><a href=\"#wow-modal-id-75\"><strong>Leila Melendez<\/strong><\/a><\/p>\n\t\t\t\t<a href=\"#wow-modal-id-76\" target=\"_self\" itemprop=\"url\">\n\t\t\t\t<img loading=\"lazy\" decoding=\"async\" src=\"https:\/\/www.avance.org\/wp-content\/uploads\/2025\/07\/John-Fitzpatrick-350-150x150.png\" alt=\"John-Fitzpatrick-350\" itemprop=\"image\" height=\"150\" width=\"150\" title=\"John-Fitzpatrick-350\" onerror=\"this.style.display='none'\"  \/>\n\t\t\t\t<\/a>\n\t<p><a href=\"#wow-modal-id-76\"><strong>John Fitzpatrick<\/strong><\/a><\/p>\n\t\t\t\t<img loading=\"lazy\" decoding=\"async\" src=\"https:\/\/www.avance.org\/wp-content\/uploads\/2025\/07\/ece-roundtable-logos1-1200.png\" alt=\"ece roundtable logos1-1200\" itemprop=\"image\" height=\"279\" width=\"1200\" title=\"ece roundtable logos1-1200\" onerror=\"this.style.display='none'\"  \/>","protected":false},"excerpt":{"rendered":"<p>Early Childhood Education Roundtable Join Mayor Renard Johnson, AVANCE, and Early Matters El Paso for an ECE roundtable discussion Wednesday, July 23, 2025 9:00 a.m. &#8211; 10:30 a.m. MDT El Paso City Hall 300 N Campbell St | El Paso, TX 79901 This conversation will bring together civic, business, education, and community leaders to reflect &#8230; <a title=\"El Paso ECE Roundtable\" class=\"read-more\" href=\"https:\/\/www.avance.org\/es\/ep-ece-roundtable\/\" aria-label=\"M\u00e1s en El Paso ECE Roundtable\">Leer m\u00e1s<\/a><\/p>","protected":false},"author":22,"featured_media":0,"parent":0,"menu_order":26,"comment_status":"closed","ping_status":"closed","template":"","meta":{"inline_featured_image":false,"footnotes":""},"class_list":["post-6959","page","type-page","status-publish"],"yoast_head":"<!-- This site is optimized with the Yoast SEO Premium plugin v25.3 (Yoast SEO v25.3) - https:\/\/yoast.com\/wordpress\/plugins\/seo\/ -->\n<title>El Paso ECE Roundtable - AVANCE<\/title>\n<meta name=\"description\" content=\"Join Mayor Renard Johnson, AVANCE, and Early Matters El Paso for an ECE roundtable discussion\" \/>\n<meta name=\"robots\" content=\"index, follow, max-snippet:-1, max-image-preview:large, max-video-preview:-1\" \/>\n<link rel=\"canonical\" href=\"https:\/\/www.avance.org\/es\/ep-ece-roundtable\/\" \/>\n<meta property=\"og:locale\" content=\"es_MX\" \/>\n<meta property=\"og:type\" content=\"article\" \/>\n<meta property=\"og:title\" content=\"El Paso ECE Roundtable\" \/>\n<meta property=\"og:description\" content=\"Join Mayor Renard Johnson, AVANCE, and Early Matters El Paso for an ECE roundtable discussion\" \/>\n<meta property=\"og:url\" content=\"https:\/\/www.avance.org\/es\/ep-ece-roundtable\/\" \/>\n<meta property=\"og:site_name\" content=\"AVANCE\" \/>\n<meta property=\"article:publisher\" content=\"https:\/\/www.facebook.com\/AVANCEinc\/\" \/>\n<meta property=\"article:modified_time\" content=\"2025-07-22T19:19:11+00:00\" \/>\n<meta property=\"og:image\" content=\"https:\/\/www.avance.org\/wp-content\/uploads\/2025\/06\/ep-ece-roundtable-landingpage-banner.png\" \/>\n\t<meta property=\"og:image:width\" content=\"1800\" \/>\n\t<meta property=\"og:image:height\" content=\"700\" \/>\n\t<meta property=\"og:image:type\" content=\"image\/png\" \/>\n<meta name=\"twitter:card\" content=\"summary_large_image\" \/>\n<meta name=\"twitter:site\" content=\"@AVANCEinc\" \/>\n<meta name=\"twitter:label1\" content=\"Tiempo de lectura\" \/>\n\t<meta name=\"twitter:data1\" content=\"1 minuto\" \/>\n<script type=\"application\/ld+json\" class=\"yoast-schema-graph\">{\"@context\":\"https:\/\/schema.org\",\"@graph\":[{\"@type\":\"WebPage\",\"@id\":\"https:\/\/www.avance.org\/ep-ece-roundtable\/\",\"url\":\"https:\/\/www.avance.org\/ep-ece-roundtable\/\",\"name\":\"El Paso ECE Roundtable - AVANCE\",\"isPartOf\":{\"@id\":\"https:\/\/www.avance.org\/#website\"},\"primaryImageOfPage\":{\"@id\":\"https:\/\/www.avance.org\/ep-ece-roundtable\/#primaryimage\"},\"image\":{\"@id\":\"https:\/\/www.avance.org\/ep-ece-roundtable\/#primaryimage\"},\"thumbnailUrl\":\"https:\/\/www.avance.org\/wp-content\/uploads\/2025\/06\/ece-roundtable-invite-icons-01.svg\",\"datePublished\":\"2025-06-18T18:05:26+00:00\",\"dateModified\":\"2025-07-22T19:19:11+00:00\",\"description\":\"Join Mayor Renard Johnson, AVANCE, and Early Matters El Paso for an ECE roundtable discussion\",\"breadcrumb\":{\"@id\":\"https:\/\/www.avance.org\/ep-ece-roundtable\/#breadcrumb\"},\"inLanguage\":\"es-MX\",\"potentialAction\":[{\"@type\":\"ReadAction\",\"target\":[\"https:\/\/www.avance.org\/ep-ece-roundtable\/\"]}]},{\"@type\":\"ImageObject\",\"inLanguage\":\"es-MX\",\"@id\":\"https:\/\/www.avance.org\/ep-ece-roundtable\/#primaryimage\",\"url\":\"https:\/\/www.avance.org\/wp-content\/uploads\/2025\/06\/ece-roundtable-invite-icons-01.svg\",\"contentUrl\":\"https:\/\/www.avance.org\/wp-content\/uploads\/2025\/06\/ece-roundtable-invite-icons-01.svg\"},{\"@type\":\"BreadcrumbList\",\"@id\":\"https:\/\/www.avance.org\/ep-ece-roundtable\/#breadcrumb\",\"itemListElement\":[{\"@type\":\"ListItem\",\"position\":1,\"name\":\"Home\",\"item\":\"https:\/\/www.avance.org\/\"},{\"@type\":\"ListItem\",\"position\":2,\"name\":\"El Paso ECE Roundtable\"}]},{\"@type\":\"WebSite\",\"@id\":\"https:\/\/www.avance.org\/#website\",\"url\":\"https:\/\/www.avance.org\/\",\"name\":\"AVANCE\",\"description\":\"Unlocking America&#039;s Potential\",\"publisher\":{\"@id\":\"https:\/\/www.avance.org\/#organization\"},\"potentialAction\":[{\"@type\":\"SearchAction\",\"target\":{\"@type\":\"EntryPoint\",\"urlTemplate\":\"https:\/\/www.avance.org\/?s={search_term_string}\"},\"query-input\":{\"@type\":\"PropertyValueSpecification\",\"valueRequired\":true,\"valueName\":\"search_term_string\"}}],\"inLanguage\":\"es-MX\"},{\"@type\":\"Organization\",\"@id\":\"https:\/\/www.avance.org\/#organization\",\"name\":\"AVANCE\",\"url\":\"https:\/\/www.avance.org\/\",\"logo\":{\"@type\":\"ImageObject\",\"inLanguage\":\"es-MX\",\"@id\":\"https:\/\/www.avance.org\/#\/schema\/logo\/image\/\",\"url\":\"https:\/\/www.avance.org\/wp-content\/uploads\/2022\/07\/logo.svg\",\"contentUrl\":\"https:\/\/www.avance.org\/wp-content\/uploads\/2022\/07\/logo.svg\",\"caption\":\"AVANCE\"},\"image\":{\"@id\":\"https:\/\/www.avance.org\/#\/schema\/logo\/image\/\"},\"sameAs\":[\"https:\/\/www.facebook.com\/AVANCEinc\/\",\"https:\/\/x.com\/AVANCEinc\",\"https:\/\/www.instagram.com\/avance__inc\/\",\"https:\/\/www.linkedin.com\/company\/avance-inc\"]}]}<\/script>\n<!-- \/ Yoast SEO Premium plugin. -->","yoast_head_json":{"title":"El Paso ECE Roundtable - AVANCE","description":"Join Mayor Renard Johnson, AVANCE, and Early Matters El Paso for an ECE roundtable discussion","robots":{"index":"index","follow":"follow","max-snippet":"max-snippet:-1","max-image-preview":"max-image-preview:large","max-video-preview":"max-video-preview:-1"},"canonical":"https:\/\/www.avance.org\/es\/ep-ece-roundtable\/","og_locale":"es_MX","og_type":"article","og_title":"El Paso ECE Roundtable","og_description":"Join Mayor Renard Johnson, AVANCE, and Early Matters El Paso for an ECE roundtable discussion","og_url":"https:\/\/www.avance.org\/es\/ep-ece-roundtable\/","og_site_name":"AVANCE","article_publisher":"https:\/\/www.facebook.com\/AVANCEinc\/","article_modified_time":"2025-07-22T19:19:11+00:00","og_image":[{"width":1800,"height":700,"url":"https:\/\/www.avance.org\/wp-content\/uploads\/2025\/06\/ep-ece-roundtable-landingpage-banner.png","type":"image\/png"}],"twitter_card":"summary_large_image","twitter_site":"@AVANCEinc","twitter_misc":{"Tiempo de lectura":"1 minuto"},"schema":{"@context":"https:\/\/schema.org","@graph":[{"@type":"WebPage","@id":"https:\/\/www.avance.org\/ep-ece-roundtable\/","url":"https:\/\/www.avance.org\/ep-ece-roundtable\/","name":"El Paso ECE Roundtable - AVANCE","isPartOf":{"@id":"https:\/\/www.avance.org\/#website"},"primaryImageOfPage":{"@id":"https:\/\/www.avance.org\/ep-ece-roundtable\/#primaryimage"},"image":{"@id":"https:\/\/www.avance.org\/ep-ece-roundtable\/#primaryimage"},"thumbnailUrl":"https:\/\/www.avance.org\/wp-content\/uploads\/2025\/06\/ece-roundtable-invite-icons-01.svg","datePublished":"2025-06-18T18:05:26+00:00","dateModified":"2025-07-22T19:19:11+00:00","description":"Join Mayor Renard Johnson, AVANCE, and Early Matters El Paso for an ECE roundtable discussion","breadcrumb":{"@id":"https:\/\/www.avance.org\/ep-ece-roundtable\/#breadcrumb"},"inLanguage":"es-MX","potentialAction":[{"@type":"ReadAction","target":["https:\/\/www.avance.org\/ep-ece-roundtable\/"]}]},{"@type":"ImageObject","inLanguage":"es-MX","@id":"https:\/\/www.avance.org\/ep-ece-roundtable\/#primaryimage","url":"https:\/\/www.avance.org\/wp-content\/uploads\/2025\/06\/ece-roundtable-invite-icons-01.svg","contentUrl":"https:\/\/www.avance.org\/wp-content\/uploads\/2025\/06\/ece-roundtable-invite-icons-01.svg"},{"@type":"BreadcrumbList","@id":"https:\/\/www.avance.org\/ep-ece-roundtable\/#breadcrumb","itemListElement":[{"@type":"ListItem","position":1,"name":"Home","item":"https:\/\/www.avance.org\/"},{"@type":"ListItem","position":2,"name":"El Paso ECE Roundtable"}]},{"@type":"WebSite","@id":"https:\/\/www.avance.org\/#website","url":"https:\/\/www.avance.org\/","name":"AVANCE","description":"Unlocking America&#039;s Potential","publisher":{"@id":"https:\/\/www.avance.org\/#organization"},"potentialAction":[{"@type":"SearchAction","target":{"@type":"EntryPoint","urlTemplate":"https:\/\/www.avance.org\/?s={search_term_string}"},"query-input":{"@type":"PropertyValueSpecification","valueRequired":true,"valueName":"search_term_string"}}],"inLanguage":"es-MX"},{"@type":"Organization","@id":"https:\/\/www.avance.org\/#organization","name":"AVANCE","url":"https:\/\/www.avance.org\/","logo":{"@type":"ImageObject","inLanguage":"es-MX","@id":"https:\/\/www.avance.org\/#\/schema\/logo\/image\/","url":"https:\/\/www.avance.org\/wp-content\/uploads\/2022\/07\/logo.svg","contentUrl":"https:\/\/www.avance.org\/wp-content\/uploads\/2022\/07\/logo.svg","caption":"AVANCE"},"image":{"@id":"https:\/\/www.avance.org\/#\/schema\/logo\/image\/"},"sameAs":["https:\/\/www.facebook.com\/AVANCEinc\/","https:\/\/x.com\/AVANCEinc","https:\/\/www.instagram.com\/avance__inc\/","https:\/\/www.linkedin.com\/company\/avance-inc"]}]}},"post_mailing_queue_ids":[],"_links":{"self":[{"href":"https:\/\/www.avance.org\/es\/wp-json\/wp\/v2\/pages\/6959","targetHints":{"allow":["GET"]}}],"collection":[{"href":"https:\/\/www.avance.org\/es\/wp-json\/wp\/v2\/pages"}],"about":[{"href":"https:\/\/www.avance.org\/es\/wp-json\/wp\/v2\/types\/page"}],"author":[{"embeddable":true,"href":"https:\/\/www.avance.org\/es\/wp-json\/wp\/v2\/users\/22"}],"replies":[{"embeddable":true,"href":"https:\/\/www.avance.org\/es\/wp-json\/wp\/v2\/comments?post=6959"}],"version-history":[{"count":10,"href":"https:\/\/www.avance.org\/es\/wp-json\/wp\/v2\/pages\/6959\/revisions"}],"predecessor-version":[{"id":7077,"href":"https:\/\/www.avance.org\/es\/wp-json\/wp\/v2\/pages\/6959\/revisions\/7077"}],"wp:attachment":[{"href":"https:\/\/www.avance.org\/es\/wp-json\/wp\/v2\/media?parent=6959"}],"curies":[{"name":"wp","href":"https:\/\/api.w.org\/{rel}","templated":true}]}}