{"id":6922,"date":"2025-05-30T17:48:25","date_gmt":"2025-05-30T22:48:25","guid":{"rendered":"https:\/\/www.avance.org\/?page_id=6922"},"modified":"2026-04-13T14:19:15","modified_gmt":"2026-04-13T19:19:15","slug":"venue","status":"publish","type":"page","link":"https:\/\/www.avance.org\/es\/2gen25\/venue\/","title":{"rendered":"Venue &#8211; 2025 AVANCE Two-Generation Learning Conference"},"content":{"rendered":"<img loading=\"lazy\" decoding=\"async\" src=\"https:\/\/www.avance.org\/wp-content\/uploads\/2023\/07\/2023-2gencon-logo-800x357-white.png\" alt=\"2023 AVANCE Two-Generation Learning Conference logo\" itemprop=\"image\" height=\"359\" width=\"801\" title=\"2023-2gencon-logo-800x357-white\" onerror=\"this.style.display='none'\"  \/>\n\t<h3>27-29 de Agosto del 2025 | The Westin San Antonio North<\/h3>\n<h2>\n\t\tLugar\n\t<\/h2>\n\t<strong>The Westin San Antonio North<\/strong><br \/>\n9821 Colonnade Blvd<br \/>\nSan Antonio, TX 78230\n\t\t\t\t<img loading=\"lazy\" decoding=\"async\" src=\"https:\/\/www.avance.org\/wp-content\/uploads\/2025\/05\/wi-satwn-exterior-31459_Classic.png\" alt=\"wi-satwn-exterior-31459_Classic\" itemprop=\"image\" height=\"689\" width=\"689\" title=\"wi-satwn-exterior-31459_Classic\" onerror=\"this.style.display='none'\"  \/>\n\t<strong>Informaci\u00f3n de estacionamiento<\/strong><br \/>\nEl estacionamiento ser\u00e1 validado para todos los asistentes de la conferencia.\n<p>&nbsp;<\/p>\n<ul>\n<li><strong>Asistentes que se hospedan en el hotel:<\/strong> Por favor, presente su n\u00famero de matr\u00edcula (placa) en la recepci\u00f3n durante su registro. El cargo por estacionamiento ser\u00e1 eliminado de su cuenta de hotel.<\/li>\n<li><strong>Asistentes que manejan diariamente:<\/strong> Tendr\u00e1 que escanear un c\u00f3digo QR cada d\u00eda mientras est\u00e9 en el lugar y validar su estacionamiento antes de salir. Los c\u00f3digos QR estar\u00e1n disponibles en las mesas de registro.<br \/>\n<\/li>\n<\/ul>\n<p>Si tiene alg\u00fan problema, el personal del hotel en recepci\u00f3n podr\u00e1 asistirle. Puede encontrar las instrucciones para la validaci\u00f3n en el c\u00f3digo QR de este link: <\/p>\n\t\t\t<a href=\"https:\/\/www.avance.org\/wp-content\/uploads\/2025\/08\/Metropolis-Client-Support-Validations-Guide-for-Parkers-Published-7.11.2025.pdf\" target=\"_blank\" role=\"button\" rel=\"noopener\">\n\t\t\t\t\t\t\tInstrucciones de Validaci\u00f3n\n\t\t\t\t\t<\/a>\n\t<iframe src=\"https:\/\/www.google.com\/maps\/embed\/v1\/place?q=The+Westin+San+Antonio+North&#038;key=AIzaSyD09zQ9PNDNNy9TadMuzRV_UsPUoWKntt8\" aria-hidden=\"true\"><\/iframe>","protected":false},"excerpt":{"rendered":"<p>August 27-29, 2025\u00a0 |\u00a0 The Westin San Antonio North Venue The Westin San Antonio North 9821 Colonnade Blvd San Antonio, TX 78230 Parking Information Parking will be validated for all conference attendees. &nbsp; Attendees staying at the hotel: Please provide your license plate number at the front desk during check-in. The parking charge will be &#8230; <a title=\"Venue &#8211; 2025 AVANCE Two-Generation Learning Conference\" class=\"read-more\" href=\"https:\/\/www.avance.org\/es\/2gen25\/venue\/\" aria-label=\"M\u00e1s en Venue &#8211; 2025 AVANCE Two-Generation Learning Conference\">Leer m\u00e1s<\/a><\/p>","protected":false},"author":22,"featured_media":0,"parent":6695,"menu_order":2,"comment_status":"closed","ping_status":"closed","template":"","meta":{"inline_featured_image":false,"footnotes":""},"class_list":["post-6922","page","type-page","status-publish"],"yoast_head":"<!-- This site is optimized with the Yoast SEO Premium plugin v25.3 (Yoast SEO v25.3) - https:\/\/yoast.com\/wordpress\/plugins\/seo\/ -->\n<title>Venue - 2025 AVANCE Two-Generation Learning Conference - AVANCE<\/title>\n<meta name=\"description\" content=\"The 2025 AVANCE Two-Generation Learning Conference will take place August 27-29, 2025 at the Westin San Antonio North.\" \/>\n<meta name=\"robots\" content=\"index, follow, max-snippet:-1, max-image-preview:large, max-video-preview:-1\" \/>\n<link rel=\"canonical\" href=\"https:\/\/www.avance.org\/es\/2gen25\/venue\/\" \/>\n<meta property=\"og:locale\" content=\"es_MX\" \/>\n<meta property=\"og:type\" content=\"article\" \/>\n<meta property=\"og:title\" content=\"Venue - 2025 AVANCE Two-Generation Learning Conference\" \/>\n<meta property=\"og:description\" content=\"The 2025 AVANCE Two-Generation Learning Conference will take place August 27-29, 2025 at the Westin San Antonio North.\" \/>\n<meta property=\"og:url\" content=\"https:\/\/www.avance.org\/es\/2gen25\/venue\/\" \/>\n<meta property=\"og:site_name\" content=\"AVANCE\" \/>\n<meta property=\"article:publisher\" content=\"https:\/\/www.facebook.com\/AVANCEinc\/\" \/>\n<meta property=\"article:modified_time\" content=\"2026-04-13T19:19:15+00:00\" \/>\n<meta property=\"og:image\" content=\"https:\/\/www.avance.org\/wp-content\/uploads\/2023\/07\/2023-2gencon-logo-800x357-white.png\" \/>\n<meta name=\"twitter:card\" content=\"summary_large_image\" \/>\n<meta name=\"twitter:site\" content=\"@AVANCEinc\" \/>\n<meta name=\"twitter:label1\" content=\"Tiempo de lectura\" \/>\n\t<meta name=\"twitter:data1\" content=\"1 minuto\" \/>\n<script type=\"application\/ld+json\" class=\"yoast-schema-graph\">{\"@context\":\"https:\/\/schema.org\",\"@graph\":[{\"@type\":\"WebPage\",\"@id\":\"https:\/\/www.avance.org\/2gen25\/venue\/\",\"url\":\"https:\/\/www.avance.org\/2gen25\/venue\/\",\"name\":\"Venue - 2025 AVANCE Two-Generation Learning Conference - AVANCE\",\"isPartOf\":{\"@id\":\"https:\/\/www.avance.org\/#website\"},\"primaryImageOfPage\":{\"@id\":\"https:\/\/www.avance.org\/2gen25\/venue\/#primaryimage\"},\"image\":{\"@id\":\"https:\/\/www.avance.org\/2gen25\/venue\/#primaryimage\"},\"thumbnailUrl\":\"https:\/\/www.avance.org\/wp-content\/uploads\/2023\/07\/2023-2gencon-logo-800x357-white.png\",\"datePublished\":\"2025-05-30T22:48:25+00:00\",\"dateModified\":\"2026-04-13T19:19:15+00:00\",\"description\":\"The 2025 AVANCE Two-Generation Learning Conference will take place August 27-29, 2025 at the Westin San Antonio North.\",\"breadcrumb\":{\"@id\":\"https:\/\/www.avance.org\/2gen25\/venue\/#breadcrumb\"},\"inLanguage\":\"es-MX\",\"potentialAction\":[{\"@type\":\"ReadAction\",\"target\":[\"https:\/\/www.avance.org\/2gen25\/venue\/\"]}]},{\"@type\":\"ImageObject\",\"inLanguage\":\"es-MX\",\"@id\":\"https:\/\/www.avance.org\/2gen25\/venue\/#primaryimage\",\"url\":\"https:\/\/www.avance.org\/wp-content\/uploads\/2023\/07\/2023-2gencon-logo-800x357-white.png\",\"contentUrl\":\"https:\/\/www.avance.org\/wp-content\/uploads\/2023\/07\/2023-2gencon-logo-800x357-white.png\"},{\"@type\":\"BreadcrumbList\",\"@id\":\"https:\/\/www.avance.org\/2gen25\/venue\/#breadcrumb\",\"itemListElement\":[{\"@type\":\"ListItem\",\"position\":1,\"name\":\"Home\",\"item\":\"https:\/\/www.avance.org\/\"},{\"@type\":\"ListItem\",\"position\":2,\"name\":\"2025 AVANCE Two-Generation Learning Conference\",\"item\":\"https:\/\/www.avance.org\/2gen25\/\"},{\"@type\":\"ListItem\",\"position\":3,\"name\":\"Venue &#8211; 2025 AVANCE Two-Generation Learning Conference\"}]},{\"@type\":\"WebSite\",\"@id\":\"https:\/\/www.avance.org\/#website\",\"url\":\"https:\/\/www.avance.org\/\",\"name\":\"AVANCE\",\"description\":\"Unlocking America&#039;s Potential\",\"publisher\":{\"@id\":\"https:\/\/www.avance.org\/#organization\"},\"potentialAction\":[{\"@type\":\"SearchAction\",\"target\":{\"@type\":\"EntryPoint\",\"urlTemplate\":\"https:\/\/www.avance.org\/?s={search_term_string}\"},\"query-input\":{\"@type\":\"PropertyValueSpecification\",\"valueRequired\":true,\"valueName\":\"search_term_string\"}}],\"inLanguage\":\"es-MX\"},{\"@type\":\"Organization\",\"@id\":\"https:\/\/www.avance.org\/#organization\",\"name\":\"AVANCE\",\"url\":\"https:\/\/www.avance.org\/\",\"logo\":{\"@type\":\"ImageObject\",\"inLanguage\":\"es-MX\",\"@id\":\"https:\/\/www.avance.org\/#\/schema\/logo\/image\/\",\"url\":\"https:\/\/www.avance.org\/wp-content\/uploads\/2022\/07\/logo.svg\",\"contentUrl\":\"https:\/\/www.avance.org\/wp-content\/uploads\/2022\/07\/logo.svg\",\"caption\":\"AVANCE\"},\"image\":{\"@id\":\"https:\/\/www.avance.org\/#\/schema\/logo\/image\/\"},\"sameAs\":[\"https:\/\/www.facebook.com\/AVANCEinc\/\",\"https:\/\/x.com\/AVANCEinc\",\"https:\/\/www.instagram.com\/avance__inc\/\",\"https:\/\/www.linkedin.com\/company\/avance-inc\"]}]}<\/script>\n<!-- \/ Yoast SEO Premium plugin. -->","yoast_head_json":{"title":"Venue - 2025 AVANCE Two-Generation Learning Conference - AVANCE","description":"The 2025 AVANCE Two-Generation Learning Conference will take place August 27-29, 2025 at the Westin San Antonio North.","robots":{"index":"index","follow":"follow","max-snippet":"max-snippet:-1","max-image-preview":"max-image-preview:large","max-video-preview":"max-video-preview:-1"},"canonical":"https:\/\/www.avance.org\/es\/2gen25\/venue\/","og_locale":"es_MX","og_type":"article","og_title":"Venue - 2025 AVANCE Two-Generation Learning Conference","og_description":"The 2025 AVANCE Two-Generation Learning Conference will take place August 27-29, 2025 at the Westin San Antonio North.","og_url":"https:\/\/www.avance.org\/es\/2gen25\/venue\/","og_site_name":"AVANCE","article_publisher":"https:\/\/www.facebook.com\/AVANCEinc\/","article_modified_time":"2026-04-13T19:19:15+00:00","og_image":[{"url":"https:\/\/www.avance.org\/wp-content\/uploads\/2023\/07\/2023-2gencon-logo-800x357-white.png","type":"","width":"","height":""}],"twitter_card":"summary_large_image","twitter_site":"@AVANCEinc","twitter_misc":{"Tiempo de lectura":"1 minuto"},"schema":{"@context":"https:\/\/schema.org","@graph":[{"@type":"WebPage","@id":"https:\/\/www.avance.org\/2gen25\/venue\/","url":"https:\/\/www.avance.org\/2gen25\/venue\/","name":"Venue - 2025 AVANCE Two-Generation Learning Conference - AVANCE","isPartOf":{"@id":"https:\/\/www.avance.org\/#website"},"primaryImageOfPage":{"@id":"https:\/\/www.avance.org\/2gen25\/venue\/#primaryimage"},"image":{"@id":"https:\/\/www.avance.org\/2gen25\/venue\/#primaryimage"},"thumbnailUrl":"https:\/\/www.avance.org\/wp-content\/uploads\/2023\/07\/2023-2gencon-logo-800x357-white.png","datePublished":"2025-05-30T22:48:25+00:00","dateModified":"2026-04-13T19:19:15+00:00","description":"The 2025 AVANCE Two-Generation Learning Conference will take place August 27-29, 2025 at the Westin San Antonio North.","breadcrumb":{"@id":"https:\/\/www.avance.org\/2gen25\/venue\/#breadcrumb"},"inLanguage":"es-MX","potentialAction":[{"@type":"ReadAction","target":["https:\/\/www.avance.org\/2gen25\/venue\/"]}]},{"@type":"ImageObject","inLanguage":"es-MX","@id":"https:\/\/www.avance.org\/2gen25\/venue\/#primaryimage","url":"https:\/\/www.avance.org\/wp-content\/uploads\/2023\/07\/2023-2gencon-logo-800x357-white.png","contentUrl":"https:\/\/www.avance.org\/wp-content\/uploads\/2023\/07\/2023-2gencon-logo-800x357-white.png"},{"@type":"BreadcrumbList","@id":"https:\/\/www.avance.org\/2gen25\/venue\/#breadcrumb","itemListElement":[{"@type":"ListItem","position":1,"name":"Home","item":"https:\/\/www.avance.org\/"},{"@type":"ListItem","position":2,"name":"2025 AVANCE Two-Generation Learning Conference","item":"https:\/\/www.avance.org\/2gen25\/"},{"@type":"ListItem","position":3,"name":"Venue &#8211; 2025 AVANCE Two-Generation Learning Conference"}]},{"@type":"WebSite","@id":"https:\/\/www.avance.org\/#website","url":"https:\/\/www.avance.org\/","name":"AVANCE","description":"Unlocking America&#039;s Potential","publisher":{"@id":"https:\/\/www.avance.org\/#organization"},"potentialAction":[{"@type":"SearchAction","target":{"@type":"EntryPoint","urlTemplate":"https:\/\/www.avance.org\/?s={search_term_string}"},"query-input":{"@type":"PropertyValueSpecification","valueRequired":true,"valueName":"search_term_string"}}],"inLanguage":"es-MX"},{"@type":"Organization","@id":"https:\/\/www.avance.org\/#organization","name":"AVANCE","url":"https:\/\/www.avance.org\/","logo":{"@type":"ImageObject","inLanguage":"es-MX","@id":"https:\/\/www.avance.org\/#\/schema\/logo\/image\/","url":"https:\/\/www.avance.org\/wp-content\/uploads\/2022\/07\/logo.svg","contentUrl":"https:\/\/www.avance.org\/wp-content\/uploads\/2022\/07\/logo.svg","caption":"AVANCE"},"image":{"@id":"https:\/\/www.avance.org\/#\/schema\/logo\/image\/"},"sameAs":["https:\/\/www.facebook.com\/AVANCEinc\/","https:\/\/x.com\/AVANCEinc","https:\/\/www.instagram.com\/avance__inc\/","https:\/\/www.linkedin.com\/company\/avance-inc"]}]}},"post_mailing_queue_ids":[],"_links":{"self":[{"href":"https:\/\/www.avance.org\/es\/wp-json\/wp\/v2\/pages\/6922","targetHints":{"allow":["GET"]}}],"collection":[{"href":"https:\/\/www.avance.org\/es\/wp-json\/wp\/v2\/pages"}],"about":[{"href":"https:\/\/www.avance.org\/es\/wp-json\/wp\/v2\/types\/page"}],"author":[{"embeddable":true,"href":"https:\/\/www.avance.org\/es\/wp-json\/wp\/v2\/users\/22"}],"replies":[{"embeddable":true,"href":"https:\/\/www.avance.org\/es\/wp-json\/wp\/v2\/comments?post=6922"}],"version-history":[{"count":3,"href":"https:\/\/www.avance.org\/es\/wp-json\/wp\/v2\/pages\/6922\/revisions"}],"predecessor-version":[{"id":7108,"href":"https:\/\/www.avance.org\/es\/wp-json\/wp\/v2\/pages\/6922\/revisions\/7108"}],"up":[{"embeddable":true,"href":"https:\/\/www.avance.org\/es\/wp-json\/wp\/v2\/pages\/6695"}],"wp:attachment":[{"href":"https:\/\/www.avance.org\/es\/wp-json\/wp\/v2\/media?parent=6922"}],"curies":[{"name":"wp","href":"https:\/\/api.w.org\/{rel}","templated":true}]}}