{"id":6873,"date":"2025-05-30T13:54:36","date_gmt":"2025-05-30T18:54:36","guid":{"rendered":"https:\/\/www.avance.org\/?page_id=6873"},"modified":"2025-07-24T12:42:07","modified_gmt":"2025-07-24T17:42:07","slug":"schedule","status":"publish","type":"page","link":"https:\/\/www.avance.org\/es\/2gen25\/schedule\/","title":{"rendered":"Schedule &#8211; 2025 AVANCE Two-Generation Learning Conference"},"content":{"rendered":"<img loading=\"lazy\" decoding=\"async\" src=\"https:\/\/www.avance.org\/wp-content\/uploads\/2023\/07\/2023-2gencon-logo-800x357-white.png\" alt=\"2023 AVANCE Two-Generation Learning Conference logo\" itemprop=\"image\" height=\"359\" width=\"801\" title=\"2023-2gencon-logo-800x357-white\" onerror=\"this.style.display='none'\"  \/>\n\t<h3>27-29 de Agosto del 2025 | The Westin San Antonio North<\/h3>\n<h2>\n\t\tHorario\n\t<\/h2>\n\t<p>A continuaci\u00f3n, se muestra el horario aproximado para cada d\u00eda de La Conferencia de Aprendizaje de Dos Generaciones AVANCE 2025. El horario est\u00e1 sujeto a cambios. Aseg\u00farese de volver para ver las actualizaciones.<\/p>\n<p>&nbsp;<\/p>\n<p>Los asistentes de la conferencia son responsables de organizar su propio almuerzo el mi\u00e9rcoles y el jueves. <strong>Por favor, tenga en cuenta que, debido a la pol\u00edtica del hotel, no se permite comida del exterior en el \u00e1rea de la conferencia.<\/strong> Visite nuestra <a href=\"https:\/\/www.avance.org\/es\/2gen25\/lunch\/\">P\u00e1gina de Almuerzo<\/a> para obtener una lista de restaurantes cerca del Westin San Antonio North.<\/p>\n\t\t\t\t\t\t\t\t<a href=\"#\" id=\"fl-tabs--label-0\" data-index=\"0\" aria-selected=\"true\" aria-controls=\"fl-tabs--panel-0\" aria-expanded=\"true\" role=\"tab\" tabindex=\"0\">\t\t\t\tD\u00eda 1\t\t\t\t<\/a>\n\t\t\t\t\t\t\t\t<a href=\"#\" id=\"fl-tabs--label-1\" data-index=\"1\" aria-selected=\"false\" aria-controls=\"fl-tabs--panel-1\" aria-expanded=\"false\" role=\"tab\" tabindex=\"0\">\t\t\t\tD\u00eda 2\t\t\t\t<\/a>\n\t\t\t\t\t\t\t\t<a href=\"#\" id=\"fl-tabs--label-2\" data-index=\"2\" aria-selected=\"false\" aria-controls=\"fl-tabs--panel-2\" aria-expanded=\"false\" role=\"tab\" tabindex=\"0\">\t\t\t\tD\u00eda 3\t\t\t\t<\/a>\n\t\t\t\t\t\tD\u00eda 1\n\t<h4>mi\u00e9rcoles, 27 de agosto (personal nuevo)<\/h4>\n\t<p><strong>HORA<\/strong><\/p>\n\t<p><strong>ACTIVIDAD\/TALLER<\/strong><\/p>\n\t<p><strong>8:00 AM &#8211; 8:30 AM<\/strong><\/p>\n\t<p><strong>Light Breakfast\/ Registration<\/strong><\/p>\n\t<p><strong>8:30 AM &#8211; 9:15 AM<\/strong><\/p>\n\t<strong>Apertura y CMS\/LMS<br \/>\nOpening Session \u00a0&amp; CMS\/LMS<br \/>\n<\/strong>All<br \/>\nSalon C<br \/>\nBilingual\n\t<p><strong>9:15 AM &#8211; 9:25 AM<\/strong><\/p>\n\t<p><b>Break\/ Transition (10 min)<\/b><\/p>\n\t<p><strong>9:25 AM &#8211; 10:10 AM<\/strong><\/p>\n\t<strong>Repaso General<\/strong><br \/>\nTodos<br \/>\nSalon B<br \/>\nespa\u00f1ol\n\t<strong>Introduction and Overview<\/strong><br \/>\nAll<br \/>\nSalon E<br \/>\nEnglish\n\t<p><strong>10:10 AM &#8211; 11:00 AM<\/strong><\/p>\n\t<strong>Componente de Padres<\/strong><br \/>\nTodos<br \/>\nSalon B<br \/>\nespa\u00f1ol\n\t<strong>Parenting Component<\/strong><br \/>\nAll<br \/>\nSalon E<br \/>\nEnglish\n\t<p><strong>11:00 AM &#8211; 11:10 AM<\/strong><\/p>\n\t<p><b>Break\/ Transition (10 min)<\/b><\/p>\n\t<p><strong>11:10 AM &#8211; 12:00 PM<\/strong><\/p>\n\t<strong>Componente de Desarrollo Infantil<\/strong><br \/>\nTodos<br \/>\nSalon B<br \/>\nespa\u00f1ol<br \/>\n\n\t<strong>Early Childhood Class<br \/>\n<\/strong>All<br \/>\nSalon E<br \/>\nEnglish\n\t<strong>Avanzando Juntos<\/strong><br \/>\nSalon F &#038; G<br \/>\nEnglish<br \/>\n\n\t<p><strong>12:00 PM &#8211; 1:00 PM<\/strong><\/p>\n\t<strong>Lunch on your own (1 hr.)<\/strong><br \/>\noffsite\n\t<p><strong>1:00 PM &#8211; 1:50 PM<\/strong><\/p>\n\t<strong>Componente de la Clase Juguetes<br \/>\n<\/strong>Todos<br \/>\nSalon B<br \/>\nespa\u00f1ol\n\t<strong>Toy Making Class Component<br \/>\n<\/strong>All<br \/>\nSalon E<br \/>\nEnglish\n\t<p><strong>1:50 PM &#8211; 2:00 PM<\/strong><\/p>\n\t<p><b>Break\/ Transition (10 min)<\/b><\/p>\n\t<p><strong>2:00 PM &#8211; 2:50 PM<\/strong><\/p>\n\t<strong>Componente de Visitas a Casa<br \/>\n<\/strong>Todos<br \/>\nSalon B<br \/>\nespa\u00f1ol\n\t<strong>Home Visits Component<br \/>\n<\/strong>All<br \/>\nSalon E<br \/>\nEnglish\n\t<strong>Avanzando Juntos<\/strong><br \/>\nSalon F &#038; G<br \/>\nEnglish<br \/>\n\n\t<p><strong>2:50 PM &#8211; 3:00 PM<\/strong><\/p>\n\t<p><b>Break\/ Transition (10 min)<\/b><\/p>\n\t<p><strong>3:00 PM &#8211; 3:30 PM<\/strong><\/p>\n\t<b><strong>Sesi\u00f3n para cerrar<\/strong><\/b><br \/>\nTodos<br \/>\nSalon B<br \/>\nespa\u00f1ol\n\t<b><strong>Closing Session<\/strong><\/b><br \/>\nAll<br \/>\nSalon E<br \/>\nEnglish\n\t\t\t\t\t\tDay 2\n\t<h4>jueves, 28 de agosto (todo el personal)<\/h4>\n\t<p><strong>HORA<\/strong><\/p>\n\t<p><strong>ACTIVIDAD\/TALLER<\/strong><\/p>\n\t<p><strong>8:00 AM &#8211; 8:30 AM<\/strong><\/p>\n\t<p><strong>Light Breakfast\/ Registration<\/strong><\/p>\n\t<p><strong>8:30 AM &#8211; 9:10 AM<\/strong><\/p>\n\t<strong>Apertura \/ Opening Session<\/strong><br \/>\nAll<br \/>\nSalon C<br \/>\nEnglish\n\t<p><strong>9:10 AM &#8211; 10:00 AM<\/strong><\/p>\n\t<strong>Panel de Discusi\u00f3n \/ Panel Discussion<\/strong><br \/>\nAll<br \/>\nSalon C<br \/>\nEnglish\n\t<p><strong>10:00 AM &#8211; 10:10 AM<\/strong><\/p>\n\t<p><b>Break\/ Transition (10 min)<\/b><\/p>\n\t<p><strong>10:10 PM &#8211; 11:25 AM<\/strong><\/p>\n\t<strong>PCEP Overview (CMS Access)<br \/>\n<\/strong>All<br \/>\nLa Joya<br \/>\nEnglish\n\t<strong>PCEP Repaso General &amp; Acceso al CMS<\/strong><br \/>\nTodos<br \/>\nSalon B<br \/>\nespa\u00f1ol\n\t<strong>Bonterra Training for Chapter Leaders<\/strong><br \/>\nlos cap\u00edtulos<br \/>\nSalon E<br \/>\nEnglish\n\t<p><strong>11:25 AM &#8211; 11:35 AM<\/strong><\/p>\n\t<p><b>Break\/ Transition (10 min)<\/b><\/p>\n\t<p><strong>11:35 AM &#8211; 12:20 PM<\/strong><\/p>\n\t<strong>Parenting Class Implementation Strategies and Best Practices<\/strong><br \/>\nParent Educator<br \/>\nSalon B\n\t<strong>Visitas a Casa: Estrategias de Implementaci\u00f3n y Mejores Pr\u00e1cticas<\/strong><br \/>\nHome Visitor<br \/>\nSalon E<br \/>\nespa\u00f1ol\n\t<strong>Toy Making Implementation Strategies and Best Practices<\/strong><br \/>\nToy Instructor<br \/>\nSalon F &#038; G<br \/>\nEnglish\n\t<strong>ECE: Estrategias de Implementaci\u00f3n y Mejores Pr\u00e1cticas<\/strong><br \/>\nECE<br \/>\nLa Joya<br \/>\nespa\u00f1ol<br \/>\n\n\t<strong>Virtual Overview<\/strong><br \/>\nlos cap\u00edtulos<br \/>\nConference Center A<br \/>\nEnglish\n\t<p><strong>12:20 AM &#8211; 1:30 AM<\/strong><\/p>\n\t<b>Lunch on your own (1 hr 10 min)<\/b><br \/>\noffsite\n\t<p><strong>1:30 PM &#8211; 2:15 PM<\/strong><\/p>\n\t<strong>Home Visiting Implementation Strategies and Best Practices<\/strong><br \/>\nHome Visitor<br \/>\nSalon E<br \/>\nEnglish\n\t<strong>Clase de Juguetes: Estrategias de Implementaci\u00f3n y Mejores Pr\u00e1cticas<\/strong><br \/>\nToy Instructor<br \/>\nSalon F &#038; G<br \/>\nespa\u00f1ol\n\t<strong>Abordar las Necesidades Especiales: Gesti\u00f3n del Salon &amp; Construyendo Relaciones<\/strong><br \/>\nECE<br \/>\nSalon B<br \/>\nespa\u00f1ol\n\t<strong>Peque y Yo<br \/>\n<\/strong>Parent Educator<br \/>\nLa Joya\n\t<strong>Virtual Overview Part II<\/strong><br \/>\nlos cap\u00edtulos<br \/>\nConference Center A<br \/>\nEnglish\n\t<p><strong>2:15 PM &#8211; 2:25 PM<\/strong><\/p>\n\t<p><b>Break\/ Transition (10 min)<\/b><\/p>\n\t<p><strong>2:25 PM &#8211; 3:15 PM<\/strong><\/p>\n\t<strong>Data Collection &amp; New System Overview<\/strong><br \/>\nAll but ECE<br \/>\nLa Joya<br \/>\nEnglish\n\t<strong>Planeaciones Basadas en los Resultados de Evaluacion<\/strong><br \/>\nECE<br \/>\nSalon B<br \/>\nespa\u00f1ol\n\t<p><strong>3:15 PM &#8211; 3:25 PM<\/strong><\/p>\n\t<p><b>Break\/ Transition (10 min)<\/b><\/p>\n\t<p><strong>3:25 PM &#8211; 4:10 PM<\/strong><\/p>\n\t<b><strong>Telling your Story<\/strong><\/b><br \/>\nTodos<br \/>\nSalon B<br \/>\nespa\u00f1ol\n\t<b><strong>Telling your Story<br \/>\n<\/strong><\/b>All<br \/>\nSalon E<br \/>\nEnglish\n\t<b><strong>Abogando para el Componente de ECE<\/strong><\/b><br \/>\nTodos<br \/>\nLa Joya<br \/>\nespa\u00f1ol\n\t<b><strong>Advocating in the role of a leader<\/strong><\/b><br \/>\nlos cap\u00edtulos<br \/>\nSalon F &#038; G<br \/>\nEnglish\n\t<p><strong>7:00 PM &#8211; 10:00 PM<\/strong><\/p>\n\t<b><strong>Rodeo AVANCE<\/strong><\/b><br \/>\nAll<br \/>\nSalon C\n\t\t\t\t\t\tDay 3\n\t<h4>viernes, 29 de agosto (todo el personal)<\/h4>\n\t<p><strong>HORA<\/strong><\/p>\n\t<p><strong>ACTIVIDAD\/TALLER<\/strong><\/p>\n\t<p><strong>8:00 AM &#8211; 8:30 AM<\/strong><\/p>\n\t<p><strong>Light Breakfast\/ Registration<\/strong><\/p>\n\t<p><strong>8:30 AM &#8211; 8:45 AM<\/strong><\/p>\n\t<strong>Apertura \/ Opening Session <\/strong><br \/>\nAll<br \/>\nSalon C<br \/>\nEnglish\n\t<p><strong>8:45 AM &#8211; 10:15 AM<\/strong><\/p>\n\t<strong>Conferencista\/ Guest Speaker<\/strong><br \/>\nAll<br \/>\nSalon C<br \/>\nEnglish\n\t<p><strong>10:15 AM &#8211; 10:25 AM<\/strong><\/p>\n\t<p><b>Break\/ Transition (10 min)<\/b><\/p>\n\t<p><strong>10:25 AM &#8211; 11:10 AM<\/strong><\/p>\n\t<strong>Leadership Breakout<\/strong><br \/>\nlos cap\u00edtulos<br \/>\nSalon B<br \/>\nEnglish\n\t<strong>Mama y yo en el camino de la Lectura<\/strong><br \/>\nTodos<br \/>\nSalon E<br \/>\nespa\u00f1ol\n\t<strong>Culturally Responsive Facilitation<\/strong><br \/>\nAll<br \/>\nSalon F &#038; G<br \/>\nEnglish\n\t<strong>La ciencia detr\u00e1s del Juguete<\/strong><br \/>\nTodos<br \/>\nLa Joya<br \/>\nespa\u00f1ol\n\t<strong>Mindfulness Strategies<\/strong><br \/>\nAll<br \/>\nConference Center A<br \/>\nEnglish\n\t<p><strong>11:10 AM &#8211; 11:20 AM<\/strong><\/p>\n\t<p><b>Break\/ Transition (10 min)<\/b><\/p>\n\t<p><strong>11:20 AM &#8211; 1:30 PM<\/strong><\/p>\n\t<b><strong>Networking Lunch &amp; Closing<\/strong><\/b><br \/>\nAll<br \/>\nSalon C<br \/>\nEnglish\n<h2>\n\t\tMap\n\t<\/h2>\n\t<p>Para ayudarlo a navegar por la conferencia, hemos proporcionado una lista de salones de reuniones y un mapa del Westin San Antonio North que destaca las ubicaciones de los salones correspondientes en cada piso.<\/p>\n\t\t\t<h3> Nivel 1<\/h3> <ul>\n<li>Salon B<\/li>\n<li>Salon C<\/li>\n<li>Salon E<\/li>\n<li>Salon F &#038; G<\/li>\n<li>La Joya<\/li>\n<\/ul>\n\t\t\t<h3> Nivel 2<\/h3> <ul>\n<li>Conference Center A<\/li>\n<\/ul>\n\t\t\t\t\t\t\t\t<a href=\"#\" id=\"fl-tabs--label-0\" data-index=\"0\" aria-selected=\"true\" aria-controls=\"fl-tabs--panel-0\" aria-expanded=\"true\" role=\"tab\" tabindex=\"0\">\t\t\t\tNivel 1\t\t\t\t<\/a>\n\t\t\t\t\t\t\t\t<a href=\"#\" id=\"fl-tabs--label-1\" data-index=\"1\" aria-selected=\"false\" aria-controls=\"fl-tabs--panel-1\" aria-expanded=\"false\" role=\"tab\" tabindex=\"0\">\t\t\t\tNivel 2\t\t\t\t<\/a>\n\t\t\t\t\t\tNivel 1\n\t\t\t\t\t\t\t\t\t\t\t<p><img loading=\"lazy\" decoding=\"async\" src=\"https:\/\/www.avance.org\/wp-content\/uploads\/2025\/07\/25-2gen-hotelmap-1-072425.png\" alt=\"\" width=\"800\" height=\"600\" \/><\/p>\n\t\t\t\t\t\tNivel 2\n\t\t\t\t\t\t\t\t\t\t\t<p><img loading=\"lazy\" decoding=\"async\" src=\"https:\/\/www.avance.org\/wp-content\/uploads\/2025\/07\/25-2gen-hotelmap-2-072425.png\" alt=\"\" width=\"800\" height=\"600\" \/><\/p>","protected":false},"excerpt":{"rendered":"<p>August 27-29, 2025\u00a0 |\u00a0 The Westin San Antonio North Schedule Below is the tentative schedule for each day of the 2025 AVANCE Two-Generation Learning Conference. The schedule is subject to change. Be sure to check back for updates. &nbsp; Attendees will be on their own for lunch on Wednesday and Thursday. Please note that the &#8230; <a title=\"Schedule &#8211; 2025 AVANCE Two-Generation Learning Conference\" class=\"read-more\" href=\"https:\/\/www.avance.org\/es\/2gen25\/schedule\/\" aria-label=\"M\u00e1s en Schedule &#8211; 2025 AVANCE Two-Generation Learning Conference\">Leer m\u00e1s<\/a><\/p>","protected":false},"author":22,"featured_media":0,"parent":6695,"menu_order":0,"comment_status":"closed","ping_status":"closed","template":"","meta":{"inline_featured_image":false,"footnotes":""},"class_list":["post-6873","page","type-page","status-publish"],"yoast_head":"<!-- This site is optimized with the Yoast SEO Premium plugin v25.3 (Yoast SEO v25.3) - https:\/\/yoast.com\/wordpress\/plugins\/seo\/ -->\n<title>Schedule - 2025 AVANCE Two-Generation Learning Conference - AVANCE<\/title>\n<meta name=\"description\" content=\"The 2025 AVANCE Two-Generation Learning Conference will take place from Wednesday, August 27 to Friday, August 29, 2025, at The Westin San Antonio North.\" \/>\n<meta name=\"robots\" content=\"index, follow, max-snippet:-1, max-image-preview:large, max-video-preview:-1\" \/>\n<link rel=\"canonical\" href=\"https:\/\/www.avance.org\/es\/2gen25\/schedule\/\" \/>\n<meta property=\"og:locale\" content=\"es_MX\" \/>\n<meta property=\"og:type\" content=\"article\" \/>\n<meta property=\"og:title\" content=\"Schedule - 2025 AVANCE Two-Generation Learning Conference\" \/>\n<meta property=\"og:description\" content=\"The 2025 AVANCE Two-Generation Learning Conference will take place from Wednesday, August 27 to Friday, August 29, 2025, at The Westin San Antonio North.\" \/>\n<meta property=\"og:url\" content=\"https:\/\/www.avance.org\/es\/2gen25\/schedule\/\" \/>\n<meta property=\"og:site_name\" content=\"AVANCE\" \/>\n<meta property=\"article:publisher\" content=\"https:\/\/www.facebook.com\/AVANCEinc\/\" \/>\n<meta property=\"article:modified_time\" content=\"2025-07-24T17:42:07+00:00\" \/>\n<meta property=\"og:image\" content=\"https:\/\/www.avance.org\/wp-content\/uploads\/2023\/07\/2023-2gencon-logo-800x357-white.png\" \/>\n<meta name=\"twitter:card\" content=\"summary_large_image\" \/>\n<meta name=\"twitter:site\" content=\"@AVANCEinc\" \/>\n<meta name=\"twitter:label1\" content=\"Tiempo de lectura\" \/>\n\t<meta name=\"twitter:data1\" content=\"4 minutos\" \/>\n<script type=\"application\/ld+json\" class=\"yoast-schema-graph\">{\"@context\":\"https:\/\/schema.org\",\"@graph\":[{\"@type\":\"WebPage\",\"@id\":\"https:\/\/www.avance.org\/2gen25\/schedule\/\",\"url\":\"https:\/\/www.avance.org\/2gen25\/schedule\/\",\"name\":\"Schedule - 2025 AVANCE Two-Generation Learning Conference - AVANCE\",\"isPartOf\":{\"@id\":\"https:\/\/www.avance.org\/#website\"},\"primaryImageOfPage\":{\"@id\":\"https:\/\/www.avance.org\/2gen25\/schedule\/#primaryimage\"},\"image\":{\"@id\":\"https:\/\/www.avance.org\/2gen25\/schedule\/#primaryimage\"},\"thumbnailUrl\":\"https:\/\/www.avance.org\/wp-content\/uploads\/2023\/07\/2023-2gencon-logo-800x357-white.png\",\"datePublished\":\"2025-05-30T18:54:36+00:00\",\"dateModified\":\"2025-07-24T17:42:07+00:00\",\"description\":\"The 2025 AVANCE Two-Generation Learning Conference will take place from Wednesday, August 27 to Friday, August 29, 2025, at The Westin San Antonio North.\",\"breadcrumb\":{\"@id\":\"https:\/\/www.avance.org\/2gen25\/schedule\/#breadcrumb\"},\"inLanguage\":\"es-MX\",\"potentialAction\":[{\"@type\":\"ReadAction\",\"target\":[\"https:\/\/www.avance.org\/2gen25\/schedule\/\"]}]},{\"@type\":\"ImageObject\",\"inLanguage\":\"es-MX\",\"@id\":\"https:\/\/www.avance.org\/2gen25\/schedule\/#primaryimage\",\"url\":\"https:\/\/www.avance.org\/wp-content\/uploads\/2023\/07\/2023-2gencon-logo-800x357-white.png\",\"contentUrl\":\"https:\/\/www.avance.org\/wp-content\/uploads\/2023\/07\/2023-2gencon-logo-800x357-white.png\"},{\"@type\":\"BreadcrumbList\",\"@id\":\"https:\/\/www.avance.org\/2gen25\/schedule\/#breadcrumb\",\"itemListElement\":[{\"@type\":\"ListItem\",\"position\":1,\"name\":\"Home\",\"item\":\"https:\/\/www.avance.org\/\"},{\"@type\":\"ListItem\",\"position\":2,\"name\":\"2025 AVANCE Two-Generation Learning Conference\",\"item\":\"https:\/\/www.avance.org\/2gen25\/\"},{\"@type\":\"ListItem\",\"position\":3,\"name\":\"Schedule &#8211; 2025 AVANCE Two-Generation Learning Conference\"}]},{\"@type\":\"WebSite\",\"@id\":\"https:\/\/www.avance.org\/#website\",\"url\":\"https:\/\/www.avance.org\/\",\"name\":\"AVANCE\",\"description\":\"Unlocking America&#039;s Potential\",\"publisher\":{\"@id\":\"https:\/\/www.avance.org\/#organization\"},\"potentialAction\":[{\"@type\":\"SearchAction\",\"target\":{\"@type\":\"EntryPoint\",\"urlTemplate\":\"https:\/\/www.avance.org\/?s={search_term_string}\"},\"query-input\":{\"@type\":\"PropertyValueSpecification\",\"valueRequired\":true,\"valueName\":\"search_term_string\"}}],\"inLanguage\":\"es-MX\"},{\"@type\":\"Organization\",\"@id\":\"https:\/\/www.avance.org\/#organization\",\"name\":\"AVANCE\",\"url\":\"https:\/\/www.avance.org\/\",\"logo\":{\"@type\":\"ImageObject\",\"inLanguage\":\"es-MX\",\"@id\":\"https:\/\/www.avance.org\/#\/schema\/logo\/image\/\",\"url\":\"https:\/\/www.avance.org\/wp-content\/uploads\/2022\/07\/logo.svg\",\"contentUrl\":\"https:\/\/www.avance.org\/wp-content\/uploads\/2022\/07\/logo.svg\",\"caption\":\"AVANCE\"},\"image\":{\"@id\":\"https:\/\/www.avance.org\/#\/schema\/logo\/image\/\"},\"sameAs\":[\"https:\/\/www.facebook.com\/AVANCEinc\/\",\"https:\/\/x.com\/AVANCEinc\",\"https:\/\/www.instagram.com\/avance__inc\/\",\"https:\/\/www.linkedin.com\/company\/avance-inc\"]}]}<\/script>\n<!-- \/ Yoast SEO Premium plugin. -->","yoast_head_json":{"title":"Schedule - 2025 AVANCE Two-Generation Learning Conference - AVANCE","description":"The 2025 AVANCE Two-Generation Learning Conference will take place from Wednesday, August 27 to Friday, August 29, 2025, at The Westin San Antonio North.","robots":{"index":"index","follow":"follow","max-snippet":"max-snippet:-1","max-image-preview":"max-image-preview:large","max-video-preview":"max-video-preview:-1"},"canonical":"https:\/\/www.avance.org\/es\/2gen25\/schedule\/","og_locale":"es_MX","og_type":"article","og_title":"Schedule - 2025 AVANCE Two-Generation Learning Conference","og_description":"The 2025 AVANCE Two-Generation Learning Conference will take place from Wednesday, August 27 to Friday, August 29, 2025, at The Westin San Antonio North.","og_url":"https:\/\/www.avance.org\/es\/2gen25\/schedule\/","og_site_name":"AVANCE","article_publisher":"https:\/\/www.facebook.com\/AVANCEinc\/","article_modified_time":"2025-07-24T17:42:07+00:00","og_image":[{"url":"https:\/\/www.avance.org\/wp-content\/uploads\/2023\/07\/2023-2gencon-logo-800x357-white.png","type":"","width":"","height":""}],"twitter_card":"summary_large_image","twitter_site":"@AVANCEinc","twitter_misc":{"Tiempo de lectura":"4 minutos"},"schema":{"@context":"https:\/\/schema.org","@graph":[{"@type":"WebPage","@id":"https:\/\/www.avance.org\/2gen25\/schedule\/","url":"https:\/\/www.avance.org\/2gen25\/schedule\/","name":"Schedule - 2025 AVANCE Two-Generation Learning Conference - AVANCE","isPartOf":{"@id":"https:\/\/www.avance.org\/#website"},"primaryImageOfPage":{"@id":"https:\/\/www.avance.org\/2gen25\/schedule\/#primaryimage"},"image":{"@id":"https:\/\/www.avance.org\/2gen25\/schedule\/#primaryimage"},"thumbnailUrl":"https:\/\/www.avance.org\/wp-content\/uploads\/2023\/07\/2023-2gencon-logo-800x357-white.png","datePublished":"2025-05-30T18:54:36+00:00","dateModified":"2025-07-24T17:42:07+00:00","description":"The 2025 AVANCE Two-Generation Learning Conference will take place from Wednesday, August 27 to Friday, August 29, 2025, at The Westin San Antonio North.","breadcrumb":{"@id":"https:\/\/www.avance.org\/2gen25\/schedule\/#breadcrumb"},"inLanguage":"es-MX","potentialAction":[{"@type":"ReadAction","target":["https:\/\/www.avance.org\/2gen25\/schedule\/"]}]},{"@type":"ImageObject","inLanguage":"es-MX","@id":"https:\/\/www.avance.org\/2gen25\/schedule\/#primaryimage","url":"https:\/\/www.avance.org\/wp-content\/uploads\/2023\/07\/2023-2gencon-logo-800x357-white.png","contentUrl":"https:\/\/www.avance.org\/wp-content\/uploads\/2023\/07\/2023-2gencon-logo-800x357-white.png"},{"@type":"BreadcrumbList","@id":"https:\/\/www.avance.org\/2gen25\/schedule\/#breadcrumb","itemListElement":[{"@type":"ListItem","position":1,"name":"Home","item":"https:\/\/www.avance.org\/"},{"@type":"ListItem","position":2,"name":"2025 AVANCE Two-Generation Learning Conference","item":"https:\/\/www.avance.org\/2gen25\/"},{"@type":"ListItem","position":3,"name":"Schedule &#8211; 2025 AVANCE Two-Generation Learning Conference"}]},{"@type":"WebSite","@id":"https:\/\/www.avance.org\/#website","url":"https:\/\/www.avance.org\/","name":"AVANCE","description":"Unlocking America&#039;s Potential","publisher":{"@id":"https:\/\/www.avance.org\/#organization"},"potentialAction":[{"@type":"SearchAction","target":{"@type":"EntryPoint","urlTemplate":"https:\/\/www.avance.org\/?s={search_term_string}"},"query-input":{"@type":"PropertyValueSpecification","valueRequired":true,"valueName":"search_term_string"}}],"inLanguage":"es-MX"},{"@type":"Organization","@id":"https:\/\/www.avance.org\/#organization","name":"AVANCE","url":"https:\/\/www.avance.org\/","logo":{"@type":"ImageObject","inLanguage":"es-MX","@id":"https:\/\/www.avance.org\/#\/schema\/logo\/image\/","url":"https:\/\/www.avance.org\/wp-content\/uploads\/2022\/07\/logo.svg","contentUrl":"https:\/\/www.avance.org\/wp-content\/uploads\/2022\/07\/logo.svg","caption":"AVANCE"},"image":{"@id":"https:\/\/www.avance.org\/#\/schema\/logo\/image\/"},"sameAs":["https:\/\/www.facebook.com\/AVANCEinc\/","https:\/\/x.com\/AVANCEinc","https:\/\/www.instagram.com\/avance__inc\/","https:\/\/www.linkedin.com\/company\/avance-inc"]}]}},"post_mailing_queue_ids":[],"_links":{"self":[{"href":"https:\/\/www.avance.org\/es\/wp-json\/wp\/v2\/pages\/6873","targetHints":{"allow":["GET"]}}],"collection":[{"href":"https:\/\/www.avance.org\/es\/wp-json\/wp\/v2\/pages"}],"about":[{"href":"https:\/\/www.avance.org\/es\/wp-json\/wp\/v2\/types\/page"}],"author":[{"embeddable":true,"href":"https:\/\/www.avance.org\/es\/wp-json\/wp\/v2\/users\/22"}],"replies":[{"embeddable":true,"href":"https:\/\/www.avance.org\/es\/wp-json\/wp\/v2\/comments?post=6873"}],"version-history":[{"count":8,"href":"https:\/\/www.avance.org\/es\/wp-json\/wp\/v2\/pages\/6873\/revisions"}],"predecessor-version":[{"id":7083,"href":"https:\/\/www.avance.org\/es\/wp-json\/wp\/v2\/pages\/6873\/revisions\/7083"}],"up":[{"embeddable":true,"href":"https:\/\/www.avance.org\/es\/wp-json\/wp\/v2\/pages\/6695"}],"wp:attachment":[{"href":"https:\/\/www.avance.org\/es\/wp-json\/wp\/v2\/media?parent=6873"}],"curies":[{"name":"wp","href":"https:\/\/api.w.org\/{rel}","templated":true}]}}