{"id":6816,"date":"2025-04-09T14:03:33","date_gmt":"2025-04-09T19:03:33","guid":{"rendered":"https:\/\/www.avance.org\/?page_id=6816"},"modified":"2025-06-03T10:11:21","modified_gmt":"2025-06-03T15:11:21","slug":"sponsors","status":"publish","type":"page","link":"https:\/\/www.avance.org\/es\/2gen25\/sponsors\/","title":{"rendered":"Sponsors &#8211; 2025 AVANCE Two-Generation Learning Conference"},"content":{"rendered":"<img loading=\"lazy\" decoding=\"async\" src=\"https:\/\/www.avance.org\/wp-content\/uploads\/2023\/07\/2023-2gencon-logo-800x357-white.png\" alt=\"2023 AVANCE Two-Generation Learning Conference logo\" itemprop=\"image\" height=\"359\" width=\"801\" title=\"2023-2gencon-logo-800x357-white\" onerror=\"this.style.display='none'\"  \/>\n\t<h3>27-29 de Agosto del 2025 | The Westin San Antonio North<\/h3>\n\t\t\t\t<img loading=\"lazy\" decoding=\"async\" src=\"https:\/\/www.avance.org\/wp-content\/uploads\/2025\/04\/25-2gen-sponsor-toymaking.png\" alt=\"25-2gen-sponsor-toymaking\" itemprop=\"image\" height=\"1000\" width=\"1000\" title=\"25-2gen-sponsor-toymaking\" onerror=\"this.style.display='none'\"  \/>\n\t<h2><strong>Patrocinios!\u00a0<\/strong><\/h2>\n\t<p>We are thrilled to announce that the <strong>Conferencia de Aprendizaje de Dos Generaciones AVANCE 2025<\/strong> will be held in <strong>San Antonio, Texas<\/strong>, on <strong>August 27-29, 2025<\/strong>. This fourth annual conference will bring together our educators from across the state for three days of professional development, collaboration, and growth.<\/p>\n<p>&nbsp;<\/p>\n<p>We invite you to support AVANCE&#8217;s mission and join our efforts by sponsoring the conference. Your sponsorship will directly contribute to the professional development of our educators, equipping them with the tools and knowledge to support countless families on their journeys.<\/p>\n<p>&nbsp;<\/p>\n<p>For over 50 years, AVANCE has pioneered two-generation programming that engages caregivers and children simultaneously through our core Parent-Child Education Program (PCEP). Our PCEP combines parenting education and high-quality early childhood education in a strengths-based approach that merges the latest adult learning strategies with tailored support to help families thrive. At AVANCE, our families learn together, grow together, and walk together. The AVANCE Two-Generation Learning Conference provides space for our educators to do the same.<\/p>\n<p>&nbsp;<\/p>\n<p>Below you will find details about our sponsorship opportunities. For more information or questions, contact us at <a href=\"mailto:development@avance.org\">development@avance.org<\/a>. Thank you for supporting AVANCE and the families and communities we serve. We look forward to partnering with you.<\/p>\n<h2>\n\t\t\u00a1Gracias a nuestros patrocinadores!\n\t<\/h2>\n\t\t\t\t<img loading=\"lazy\" decoding=\"async\" src=\"https:\/\/www.avance.org\/wp-content\/uploads\/2025\/06\/OLLU-1000px-smaller-3.png\" alt=\"OLLU-1000px-smaller-3\" itemprop=\"image\" height=\"412\" width=\"1000\" title=\"OLLU-1000px-smaller-3\" onerror=\"this.style.display='none'\"  \/>\n\t\t\t\t<img loading=\"lazy\" decoding=\"async\" src=\"https:\/\/www.avance.org\/wp-content\/uploads\/2025\/06\/Higginbotham-Logo-TM-Positive-1024x162-1.png\" alt=\"Higginbotham-Logo-TM-Positive-1024x162\" itemprop=\"image\" height=\"162\" width=\"1024\" title=\"Higginbotham-Logo-TM-Positive-1024x162\" onerror=\"this.style.display='none'\"  \/>\n\t<strong>Conferencia de Aprendizaje de Dos Generaciones AVANCE 2025<\/strong><br \/>\nOportunidades de patrocinio\n\t<p>Each of our sponsorship levels is named after a handmade, educational toy created by parents during the toymaking sessions of our Parent-Child Education Program (PCEP). Toy-making is a unique component of PCEP, where parents build connections with one another, practice practical skills like sewing, and learn how to use their creations to nurture their children&#8217;s learning and development at home.<\/p>\n\t<div class=\"fl-builder-content fl-builder-content-6837 fl-builder-template fl-builder-row-template fl-builder-global-templates-locked\" data-post-id=\"6837\"><div class=\"fl-row fl-row-fixed-width fl-row-bg-none fl-node-wkl8cxr97p4q\" data-node=\"wkl8cxr97p4q\">\n\t<div class=\"fl-row-content-wrap\">\n\t\t\t\t\t\t<div class=\"fl-row-content fl-row-fixed-width fl-node-content\">\n\t\t\n<div class=\"fl-col-group fl-node-p7j1myx4f9gs fl-col-group-equal-height fl-col-group-align-top\" data-node=\"p7j1myx4f9gs\">\n\t\t\t<div class=\"fl-col fl-node-f8qykejribah fl-col-small\" data-node=\"f8qykejribah\">\n\t<div class=\"fl-col-content fl-node-content\"><div class=\"fl-module fl-module-photo fl-node-21ia3flt4x7z\" data-node=\"21ia3flt4x7z\">\n\t<div class=\"fl-module-content fl-node-content\">\n\t\t<div class=\"fl-photo fl-photo-align-center\" itemscope itemtype=\"https:\/\/schema.org\/ImageObject\">\n\t<div class=\"fl-photo-content fl-photo-img-svg\">\n\t\t\t\t<img loading=\"lazy\" decoding=\"async\" class=\"fl-photo-img wp-image-6829 size-full\" src=\"https:\/\/www.avance.org\/wp-content\/uploads\/2025\/04\/sponsorship-icons-gradcap.svg\" alt=\"sponsorship icons-gradcap\" itemprop=\"image\" height=\"0\" width=\"0\" title=\"sponsorship icons-gradcap\"  \/>\n\t\t\t\t\t<\/div>\n\t<\/div>\n\t<\/div>\n<\/div>\n<\/div>\n<\/div>\n\t\t\t<div class=\"fl-col fl-node-p8r74hfqnlg5\" data-node=\"p8r74hfqnlg5\">\n\t<div class=\"fl-col-content fl-node-content\"><div class=\"fl-module fl-module-rich-text fl-node-ocun8k70h2qp\" data-node=\"ocun8k70h2qp\">\n\t<div class=\"fl-module-content fl-node-content\">\n\t\t<div class=\"fl-rich-text\">\n\t<h2><span style=\"font-size: 30px;\"><span style=\"color: #cc0066;\">Graduation Cap<\/span>\u00a0 <span style=\"color: #2cc9e6;\">$10,000<\/span><\/span><\/h2>\n<\/div>\n\t<\/div>\n<\/div>\n<div class=\"fl-module fl-module-rich-text fl-node-hmujoeb864ni\" data-node=\"hmujoeb864ni\">\n\t<div class=\"fl-module-content fl-node-content\">\n\t\t<div class=\"fl-rich-text\">\n\t<ul>\n<li>Presenting Sponsor for the 2025 AVANCE Two-Generation Learning Conference<\/li>\n<li>Onstage recognition as our Graduation Cap sponsor during the conference<\/li>\n<li>Ubicaci\u00f3n destacada del logotipo en el programa, se\u00f1alizaci\u00f3n y p\u00e1gina web<\/li>\n<li>Logotipo (un color) en bolsas del evento<\/li>\n<li>One (1) exclusive social media post announcing Graduation Cap sponsor<\/li>\n<li>Recognition as Graduation Cap sponsor in group social media posts<\/li>\n<li>Spot for Commercial (30 sec.) during the conference<\/li>\n<li>Oportunidad de brindar un mensaje (3 minutos) en la apertura o clausura<\/li>\n<li>Recognition in the monthly AVANCE Newsletter that reaches 950+<\/li>\n<li>Table set-up during the 3-day conference<\/li>\n<\/ul>\n<\/div>\n\t<\/div>\n<\/div>\n<\/div>\n<\/div>\n\t<\/div>\n\n<div class=\"fl-col-group fl-node-vxf6is510yw8 fl-col-group-equal-height fl-col-group-align-top\" data-node=\"vxf6is510yw8\">\n\t\t\t<div class=\"fl-col fl-node-po8n23zxryki fl-col-small\" data-node=\"po8n23zxryki\">\n\t<div class=\"fl-col-content fl-node-content\"><div class=\"fl-module fl-module-photo fl-node-f2a8hvl0moxr\" data-node=\"f2a8hvl0moxr\">\n\t<div class=\"fl-module-content fl-node-content\">\n\t\t<div class=\"fl-photo fl-photo-align-center\" itemscope itemtype=\"https:\/\/schema.org\/ImageObject\">\n\t<div class=\"fl-photo-content fl-photo-img-svg\">\n\t\t\t\t<img loading=\"lazy\" decoding=\"async\" class=\"fl-photo-img wp-image-6831 size-full\" src=\"https:\/\/www.avance.org\/wp-content\/uploads\/2025\/04\/sponsorship-icons-toybox.svg\" alt=\"sponsorship icons-toybox\" itemprop=\"image\" height=\"0\" width=\"0\" title=\"sponsorship icons-toybox\"  \/>\n\t\t\t\t\t<\/div>\n\t<\/div>\n\t<\/div>\n<\/div>\n<\/div>\n<\/div>\n\t\t\t<div class=\"fl-col fl-node-uhb5jy7d04rt\" data-node=\"uhb5jy7d04rt\">\n\t<div class=\"fl-col-content fl-node-content\"><div class=\"fl-module fl-module-rich-text fl-node-d3wb9smqvkp8\" data-node=\"d3wb9smqvkp8\">\n\t<div class=\"fl-module-content fl-node-content\">\n\t\t<div class=\"fl-rich-text\">\n\t<h2><span style=\"color: #cc0066;\">Toy Box<\/span> <span style=\"color: #2cc9e6;\">$5,000<\/span><\/h2>\n<\/div>\n\t<\/div>\n<\/div>\n<div class=\"fl-module fl-module-rich-text fl-node-wa6c4q21rmld\" data-node=\"wa6c4q21rmld\">\n\t<div class=\"fl-module-content fl-node-content\">\n\t\t<div class=\"fl-rich-text\">\n\t<ul>\n<li>Onstage recognition as Toy Box sponsor during the conference<\/li>\n<li>Spot for Commercial (30 sec.) during the conference<\/li>\n<li>Logotipo en el programa, se\u00f1alizaci\u00f3n y p\u00e1gina web<\/li>\n<li>Logotipo en la p\u00e1gina web de la conferencia<\/li>\n<li>Logotipo (un color) en bolsas del evento<\/li>\n<li>Recognition as Toy Box sponsor in group social media posts<\/li>\n<li>Recognition in the monthly AVANCE Newsletter that reaches 950+<\/li>\n<li>Table set-up during the 3-day conference<\/li>\n<\/ul>\n<\/div>\n\t<\/div>\n<\/div>\n<\/div>\n<\/div>\n\t<\/div>\n\n<div class=\"fl-col-group fl-node-cnyjrtzgml41 fl-col-group-equal-height fl-col-group-align-top\" data-node=\"cnyjrtzgml41\">\n\t\t\t<div class=\"fl-col fl-node-jmx2oncdg03q fl-col-small\" data-node=\"jmx2oncdg03q\">\n\t<div class=\"fl-col-content fl-node-content\"><div class=\"fl-module fl-module-photo fl-node-bg46orspdz9u\" data-node=\"bg46orspdz9u\">\n\t<div class=\"fl-module-content fl-node-content\">\n\t\t<div class=\"fl-photo fl-photo-align-center\" itemscope itemtype=\"https:\/\/schema.org\/ImageObject\">\n\t<div class=\"fl-photo-content fl-photo-img-svg\">\n\t\t\t\t<img loading=\"lazy\" decoding=\"async\" class=\"fl-photo-img wp-image-6828 size-full\" src=\"https:\/\/www.avance.org\/wp-content\/uploads\/2025\/04\/sponsorship-icons-doll.svg\" alt=\"sponsorship icons-doll\" itemprop=\"image\" height=\"0\" width=\"0\" title=\"sponsorship icons-doll\"  \/>\n\t\t\t\t\t<\/div>\n\t<\/div>\n\t<\/div>\n<\/div>\n<\/div>\n<\/div>\n\t\t\t<div class=\"fl-col fl-node-3dtqg9vblj8z\" data-node=\"3dtqg9vblj8z\">\n\t<div class=\"fl-col-content fl-node-content\"><div class=\"fl-module fl-module-rich-text fl-node-cdfuhly23tr7\" data-node=\"cdfuhly23tr7\">\n\t<div class=\"fl-module-content fl-node-content\">\n\t\t<div class=\"fl-rich-text\">\n\t<h2><span style=\"color: #cc0066;\">Rag Doll<\/span> <span style=\"color: #2cc9e6;\">$2,500<\/span><\/h2>\n<\/div>\n\t<\/div>\n<\/div>\n<div class=\"fl-module fl-module-rich-text fl-node-84h5nxga096q\" data-node=\"84h5nxga096q\">\n\t<div class=\"fl-module-content fl-node-content\">\n\t\t<div class=\"fl-rich-text\">\n\t<ul>\n<li>Logotipo (un color) en bolsas del evento<\/li>\n<li>Presencia del logotipo en se\u00f1alizaci\u00f3n del evento<\/li>\n<li>Logotipo en programa y p\u00e1gina web<\/li>\n<li>Reconocimiento en publicaciones grupales en redes sociales<\/li>\n<\/ul>\n<\/div>\n\t<\/div>\n<\/div>\n<\/div>\n<\/div>\n\t<\/div>\n\n<div class=\"fl-col-group fl-node-a8qvxz7f6ogi fl-col-group-equal-height fl-col-group-align-top\" data-node=\"a8qvxz7f6ogi\">\n\t\t\t<div class=\"fl-col fl-node-ev2by0lux395 fl-col-small\" data-node=\"ev2by0lux395\">\n\t<div class=\"fl-col-content fl-node-content\"><div class=\"fl-module fl-module-photo fl-node-9mayfzdjpwi5\" data-node=\"9mayfzdjpwi5\">\n\t<div class=\"fl-module-content fl-node-content\">\n\t\t<div class=\"fl-photo fl-photo-align-center\" itemscope itemtype=\"https:\/\/schema.org\/ImageObject\">\n\t<div class=\"fl-photo-content fl-photo-img-svg\">\n\t\t\t\t<img loading=\"lazy\" decoding=\"async\" class=\"fl-photo-img wp-image-6827 size-full\" src=\"https:\/\/www.avance.org\/wp-content\/uploads\/2025\/04\/sponsorship-icons-book.svg\" alt=\"sponsorship icons-book\" itemprop=\"image\" height=\"0\" width=\"0\" title=\"sponsorship icons-book\"  \/>\n\t\t\t\t\t<\/div>\n\t<\/div>\n\t<\/div>\n<\/div>\n<\/div>\n<\/div>\n\t\t\t<div class=\"fl-col fl-node-kcjpudvm1hqa\" data-node=\"kcjpudvm1hqa\">\n\t<div class=\"fl-col-content fl-node-content\"><div class=\"fl-module fl-module-rich-text fl-node-a40rnopu9cyg\" data-node=\"a40rnopu9cyg\">\n\t<div class=\"fl-module-content fl-node-content\">\n\t\t<div class=\"fl-rich-text\">\n\t<h2><span style=\"color: #cc0066;\">My First Book<\/span> <span style=\"color: #2cc9e6;\">$1,000<\/span><\/h2>\n<\/div>\n\t<\/div>\n<\/div>\n<div class=\"fl-module fl-module-rich-text fl-node-pfujvz9xo4sh\" data-node=\"pfujvz9xo4sh\">\n\t<div class=\"fl-module-content fl-node-content\">\n\t\t<div class=\"fl-rich-text\">\n\t<ul>\n<li>Logotipo en el programa y p\u00e1gina web<\/li>\n<li>Reconocimiento en publicaciones grupales en redes sociales<\/li>\n<\/ul>\n<\/div>\n\t<\/div>\n<\/div>\n<\/div>\n<\/div>\n\t<\/div>\n\n<div class=\"fl-col-group fl-node-v1uc6z0x9sdh\" data-node=\"v1uc6z0x9sdh\">\n\t\t\t<div class=\"fl-col fl-node-qoyxkne9vh2s fl-col-small\" data-node=\"qoyxkne9vh2s\">\n\t<div class=\"fl-col-content fl-node-content\"><div class=\"fl-module fl-module-photo fl-node-outncvm789xf\" data-node=\"outncvm789xf\">\n\t<div class=\"fl-module-content fl-node-content\">\n\t\t<div class=\"fl-photo fl-photo-align-center\" itemscope itemtype=\"https:\/\/schema.org\/ImageObject\">\n\t<div class=\"fl-photo-content fl-photo-img-svg\">\n\t\t\t\t<img loading=\"lazy\" decoding=\"async\" class=\"fl-photo-img wp-image-6830 size-full\" src=\"https:\/\/www.avance.org\/wp-content\/uploads\/2025\/04\/sponsorship-icons-puppet.svg\" alt=\"sponsorship icons-puppet\" itemprop=\"image\" height=\"0\" width=\"0\" title=\"sponsorship icons-puppet\"  \/>\n\t\t\t\t\t<\/div>\n\t<\/div>\n\t<\/div>\n<\/div>\n<\/div>\n<\/div>\n\t\t\t<div class=\"fl-col fl-node-iyb81vmpzqah\" data-node=\"iyb81vmpzqah\">\n\t<div class=\"fl-col-content fl-node-content\"><div class=\"fl-module fl-module-rich-text fl-node-ws2lg9fmibvd\" data-node=\"ws2lg9fmibvd\">\n\t<div class=\"fl-module-content fl-node-content\">\n\t\t<div class=\"fl-rich-text\">\n\t<h2><span style=\"color: #cc0066;\">Hand Puppet<\/span>\u00a0<span style=\"color: #2cc9e6;\">$500<\/span><\/h2>\n<\/div>\n\t<\/div>\n<\/div>\n<div class=\"fl-module fl-module-rich-text fl-node-rbjmdyo0v5lp\" data-node=\"rbjmdyo0v5lp\">\n\t<div class=\"fl-module-content fl-node-content\">\n\t\t<div class=\"fl-rich-text\">\n\t<ul>\n<li>Logotipo en la p\u00e1gina web de la conferencia<\/li>\n<\/ul>\n<\/div>\n\t<\/div>\n<\/div>\n<\/div>\n<\/div>\n\t<\/div>\n\t\t<\/div>\n\t<\/div>\n<\/div>\n<\/div>","protected":false},"excerpt":{"rendered":"<p>August 27-29, 2025\u00a0 |\u00a0 The Westin San Antonio North Become a Sponsor!\u00a0 We are thrilled to announce that the 2025 AVANCE Two-Generation Learning Conference will be held in San Antonio, Texas, on August 27-29, 2025. This fourth annual conference will bring together our educators from across the state for three days of professional development, collaboration, &#8230; <a title=\"Sponsors &#8211; 2025 AVANCE Two-Generation Learning Conference\" class=\"read-more\" href=\"https:\/\/www.avance.org\/es\/2gen25\/sponsors\/\" aria-label=\"M\u00e1s en Sponsors &#8211; 2025 AVANCE Two-Generation Learning Conference\">Leer m\u00e1s<\/a><\/p>","protected":false},"author":22,"featured_media":0,"parent":6695,"menu_order":3,"comment_status":"closed","ping_status":"closed","template":"","meta":{"inline_featured_image":false,"footnotes":""},"class_list":["post-6816","page","type-page","status-publish"],"yoast_head":"<!-- This site is optimized with the Yoast SEO Premium plugin v25.3 (Yoast SEO v25.3) - https:\/\/yoast.com\/wordpress\/plugins\/seo\/ -->\n<title>Sponsors - 2025 AVANCE Two-Generation Learning Conference - AVANCE<\/title>\n<meta name=\"description\" content=\"The 2025 AVANCE Two-Generation Learning Conference will be held August 27-29, 2025, in San Antonio, Texas.\" \/>\n<meta name=\"robots\" content=\"index, follow, max-snippet:-1, max-image-preview:large, max-video-preview:-1\" \/>\n<link rel=\"canonical\" href=\"https:\/\/www.avance.org\/es\/2gen25\/sponsors\/\" \/>\n<meta property=\"og:locale\" content=\"es_MX\" \/>\n<meta property=\"og:type\" content=\"article\" \/>\n<meta property=\"og:title\" content=\"Sponsors - 2025 AVANCE Two-Generation Learning Conference\" \/>\n<meta property=\"og:description\" content=\"The 2025 AVANCE Two-Generation Learning Conference will be held August 27-29, 2025, in San Antonio, Texas.\" \/>\n<meta property=\"og:url\" content=\"https:\/\/www.avance.org\/es\/2gen25\/sponsors\/\" \/>\n<meta property=\"og:site_name\" content=\"AVANCE\" \/>\n<meta property=\"article:publisher\" content=\"https:\/\/www.facebook.com\/AVANCEinc\/\" \/>\n<meta property=\"article:modified_time\" content=\"2025-06-03T15:11:21+00:00\" \/>\n<meta property=\"og:image\" content=\"https:\/\/www.avance.org\/wp-content\/uploads\/2025\/02\/2gen24-10.png\" \/>\n\t<meta property=\"og:image:width\" content=\"1000\" \/>\n\t<meta property=\"og:image:height\" content=\"714\" \/>\n\t<meta property=\"og:image:type\" content=\"image\/png\" \/>\n<meta name=\"twitter:card\" content=\"summary_large_image\" \/>\n<meta name=\"twitter:site\" content=\"@AVANCEinc\" \/>\n<meta name=\"twitter:label1\" content=\"Tiempo de lectura\" \/>\n\t<meta name=\"twitter:data1\" content=\"6 minutos\" \/>\n<script type=\"application\/ld+json\" class=\"yoast-schema-graph\">{\"@context\":\"https:\/\/schema.org\",\"@graph\":[{\"@type\":\"WebPage\",\"@id\":\"https:\/\/www.avance.org\/2gen25\/sponsors\/\",\"url\":\"https:\/\/www.avance.org\/2gen25\/sponsors\/\",\"name\":\"Sponsors - 2025 AVANCE Two-Generation Learning Conference - AVANCE\",\"isPartOf\":{\"@id\":\"https:\/\/www.avance.org\/#website\"},\"primaryImageOfPage\":{\"@id\":\"https:\/\/www.avance.org\/2gen25\/sponsors\/#primaryimage\"},\"image\":{\"@id\":\"https:\/\/www.avance.org\/2gen25\/sponsors\/#primaryimage\"},\"thumbnailUrl\":\"https:\/\/www.avance.org\/wp-content\/uploads\/2023\/07\/2023-2gencon-logo-800x357-white.png\",\"datePublished\":\"2025-04-09T19:03:33+00:00\",\"dateModified\":\"2025-06-03T15:11:21+00:00\",\"description\":\"The 2025 AVANCE Two-Generation Learning Conference will be held August 27-29, 2025, in San Antonio, Texas.\",\"breadcrumb\":{\"@id\":\"https:\/\/www.avance.org\/2gen25\/sponsors\/#breadcrumb\"},\"inLanguage\":\"es-MX\",\"potentialAction\":[{\"@type\":\"ReadAction\",\"target\":[\"https:\/\/www.avance.org\/2gen25\/sponsors\/\"]}]},{\"@type\":\"ImageObject\",\"inLanguage\":\"es-MX\",\"@id\":\"https:\/\/www.avance.org\/2gen25\/sponsors\/#primaryimage\",\"url\":\"https:\/\/www.avance.org\/wp-content\/uploads\/2023\/07\/2023-2gencon-logo-800x357-white.png\",\"contentUrl\":\"https:\/\/www.avance.org\/wp-content\/uploads\/2023\/07\/2023-2gencon-logo-800x357-white.png\"},{\"@type\":\"BreadcrumbList\",\"@id\":\"https:\/\/www.avance.org\/2gen25\/sponsors\/#breadcrumb\",\"itemListElement\":[{\"@type\":\"ListItem\",\"position\":1,\"name\":\"Home\",\"item\":\"https:\/\/www.avance.org\/\"},{\"@type\":\"ListItem\",\"position\":2,\"name\":\"2025 AVANCE Two-Generation Learning Conference\",\"item\":\"https:\/\/www.avance.org\/2gen25\/\"},{\"@type\":\"ListItem\",\"position\":3,\"name\":\"Sponsors &#8211; 2025 AVANCE Two-Generation Learning Conference\"}]},{\"@type\":\"WebSite\",\"@id\":\"https:\/\/www.avance.org\/#website\",\"url\":\"https:\/\/www.avance.org\/\",\"name\":\"AVANCE\",\"description\":\"Unlocking America&#039;s Potential\",\"publisher\":{\"@id\":\"https:\/\/www.avance.org\/#organization\"},\"potentialAction\":[{\"@type\":\"SearchAction\",\"target\":{\"@type\":\"EntryPoint\",\"urlTemplate\":\"https:\/\/www.avance.org\/?s={search_term_string}\"},\"query-input\":{\"@type\":\"PropertyValueSpecification\",\"valueRequired\":true,\"valueName\":\"search_term_string\"}}],\"inLanguage\":\"es-MX\"},{\"@type\":\"Organization\",\"@id\":\"https:\/\/www.avance.org\/#organization\",\"name\":\"AVANCE\",\"url\":\"https:\/\/www.avance.org\/\",\"logo\":{\"@type\":\"ImageObject\",\"inLanguage\":\"es-MX\",\"@id\":\"https:\/\/www.avance.org\/#\/schema\/logo\/image\/\",\"url\":\"https:\/\/www.avance.org\/wp-content\/uploads\/2022\/07\/logo.svg\",\"contentUrl\":\"https:\/\/www.avance.org\/wp-content\/uploads\/2022\/07\/logo.svg\",\"caption\":\"AVANCE\"},\"image\":{\"@id\":\"https:\/\/www.avance.org\/#\/schema\/logo\/image\/\"},\"sameAs\":[\"https:\/\/www.facebook.com\/AVANCEinc\/\",\"https:\/\/x.com\/AVANCEinc\",\"https:\/\/www.instagram.com\/avance__inc\/\",\"https:\/\/www.linkedin.com\/company\/avance-inc\"]}]}<\/script>\n<!-- \/ Yoast SEO Premium plugin. -->","yoast_head_json":{"title":"Sponsors - 2025 AVANCE Two-Generation Learning Conference - AVANCE","description":"The 2025 AVANCE Two-Generation Learning Conference will be held August 27-29, 2025, in San Antonio, Texas.","robots":{"index":"index","follow":"follow","max-snippet":"max-snippet:-1","max-image-preview":"max-image-preview:large","max-video-preview":"max-video-preview:-1"},"canonical":"https:\/\/www.avance.org\/es\/2gen25\/sponsors\/","og_locale":"es_MX","og_type":"article","og_title":"Sponsors - 2025 AVANCE Two-Generation Learning Conference","og_description":"The 2025 AVANCE Two-Generation Learning Conference will be held August 27-29, 2025, in San Antonio, Texas.","og_url":"https:\/\/www.avance.org\/es\/2gen25\/sponsors\/","og_site_name":"AVANCE","article_publisher":"https:\/\/www.facebook.com\/AVANCEinc\/","article_modified_time":"2025-06-03T15:11:21+00:00","og_image":[{"width":1000,"height":714,"url":"https:\/\/www.avance.org\/wp-content\/uploads\/2025\/02\/2gen24-10.png","type":"image\/png"}],"twitter_card":"summary_large_image","twitter_site":"@AVANCEinc","twitter_misc":{"Tiempo de lectura":"6 minutos"},"schema":{"@context":"https:\/\/schema.org","@graph":[{"@type":"WebPage","@id":"https:\/\/www.avance.org\/2gen25\/sponsors\/","url":"https:\/\/www.avance.org\/2gen25\/sponsors\/","name":"Sponsors - 2025 AVANCE Two-Generation Learning Conference - AVANCE","isPartOf":{"@id":"https:\/\/www.avance.org\/#website"},"primaryImageOfPage":{"@id":"https:\/\/www.avance.org\/2gen25\/sponsors\/#primaryimage"},"image":{"@id":"https:\/\/www.avance.org\/2gen25\/sponsors\/#primaryimage"},"thumbnailUrl":"https:\/\/www.avance.org\/wp-content\/uploads\/2023\/07\/2023-2gencon-logo-800x357-white.png","datePublished":"2025-04-09T19:03:33+00:00","dateModified":"2025-06-03T15:11:21+00:00","description":"The 2025 AVANCE Two-Generation Learning Conference will be held August 27-29, 2025, in San Antonio, Texas.","breadcrumb":{"@id":"https:\/\/www.avance.org\/2gen25\/sponsors\/#breadcrumb"},"inLanguage":"es-MX","potentialAction":[{"@type":"ReadAction","target":["https:\/\/www.avance.org\/2gen25\/sponsors\/"]}]},{"@type":"ImageObject","inLanguage":"es-MX","@id":"https:\/\/www.avance.org\/2gen25\/sponsors\/#primaryimage","url":"https:\/\/www.avance.org\/wp-content\/uploads\/2023\/07\/2023-2gencon-logo-800x357-white.png","contentUrl":"https:\/\/www.avance.org\/wp-content\/uploads\/2023\/07\/2023-2gencon-logo-800x357-white.png"},{"@type":"BreadcrumbList","@id":"https:\/\/www.avance.org\/2gen25\/sponsors\/#breadcrumb","itemListElement":[{"@type":"ListItem","position":1,"name":"Home","item":"https:\/\/www.avance.org\/"},{"@type":"ListItem","position":2,"name":"2025 AVANCE Two-Generation Learning Conference","item":"https:\/\/www.avance.org\/2gen25\/"},{"@type":"ListItem","position":3,"name":"Sponsors &#8211; 2025 AVANCE Two-Generation Learning Conference"}]},{"@type":"WebSite","@id":"https:\/\/www.avance.org\/#website","url":"https:\/\/www.avance.org\/","name":"AVANCE","description":"Unlocking America&#039;s Potential","publisher":{"@id":"https:\/\/www.avance.org\/#organization"},"potentialAction":[{"@type":"SearchAction","target":{"@type":"EntryPoint","urlTemplate":"https:\/\/www.avance.org\/?s={search_term_string}"},"query-input":{"@type":"PropertyValueSpecification","valueRequired":true,"valueName":"search_term_string"}}],"inLanguage":"es-MX"},{"@type":"Organization","@id":"https:\/\/www.avance.org\/#organization","name":"AVANCE","url":"https:\/\/www.avance.org\/","logo":{"@type":"ImageObject","inLanguage":"es-MX","@id":"https:\/\/www.avance.org\/#\/schema\/logo\/image\/","url":"https:\/\/www.avance.org\/wp-content\/uploads\/2022\/07\/logo.svg","contentUrl":"https:\/\/www.avance.org\/wp-content\/uploads\/2022\/07\/logo.svg","caption":"AVANCE"},"image":{"@id":"https:\/\/www.avance.org\/#\/schema\/logo\/image\/"},"sameAs":["https:\/\/www.facebook.com\/AVANCEinc\/","https:\/\/x.com\/AVANCEinc","https:\/\/www.instagram.com\/avance__inc\/","https:\/\/www.linkedin.com\/company\/avance-inc"]}]}},"post_mailing_queue_ids":[],"_links":{"self":[{"href":"https:\/\/www.avance.org\/es\/wp-json\/wp\/v2\/pages\/6816","targetHints":{"allow":["GET"]}}],"collection":[{"href":"https:\/\/www.avance.org\/es\/wp-json\/wp\/v2\/pages"}],"about":[{"href":"https:\/\/www.avance.org\/es\/wp-json\/wp\/v2\/types\/page"}],"author":[{"embeddable":true,"href":"https:\/\/www.avance.org\/es\/wp-json\/wp\/v2\/users\/22"}],"replies":[{"embeddable":true,"href":"https:\/\/www.avance.org\/es\/wp-json\/wp\/v2\/comments?post=6816"}],"version-history":[{"count":10,"href":"https:\/\/www.avance.org\/es\/wp-json\/wp\/v2\/pages\/6816\/revisions"}],"predecessor-version":[{"id":6935,"href":"https:\/\/www.avance.org\/es\/wp-json\/wp\/v2\/pages\/6816\/revisions\/6935"}],"up":[{"embeddable":true,"href":"https:\/\/www.avance.org\/es\/wp-json\/wp\/v2\/pages\/6695"}],"wp:attachment":[{"href":"https:\/\/www.avance.org\/es\/wp-json\/wp\/v2\/media?parent=6816"}],"curies":[{"name":"wp","href":"https:\/\/api.w.org\/{rel}","templated":true}]}}