{"id":6680,"date":"2025-02-04T17:55:49","date_gmt":"2025-02-04T22:55:49","guid":{"rendered":"https:\/\/www.avance.org\/?page_id=6680"},"modified":"2025-02-04T19:04:22","modified_gmt":"2025-02-05T00:04:22","slug":"the-avance-way","status":"publish","type":"page","link":"https:\/\/www.avance.org\/es\/about-us\/the-avance-way\/","title":{"rendered":"El Estilo AVANCE"},"content":{"rendered":"<h2>\n\t\tEl Estilo AVANCE\n\t<\/h2>\n\t<p>El estilo AVANCE es un enfoque distintivo basado en fortalezas para trabajar con familias que se centra en reunirse con las familias donde est\u00e1n y aprovechar sus fortalezas para fomentar la comunidad, la confianza y el aprendizaje. Empleamos estrategias espec\u00edficas basadas en las necesidades \u00fanicas de las familias y los ni\u00f1os, present\u00e1ndoles recursos y oportunidades en la comunidad para satisfacer sus necesidades espec\u00edficas.\u202f<\/p>\n<h2>\n\t\tMeeting People  Where They Are\n\t<\/h2>\n\t\t\t\t<img decoding=\"async\" src=\"\/wp-content\/uploads\/2022\/07\/Rectangle-966meet1.png\" alt=\"Rectangle 966meet1\" itemprop=\"image\" title=\"Rectangle 966meet1\" onerror=\"this.style.display='none'\">\n\t<p>Utilizamos un enfoque basado en fortalezas cuando trabajamos con ni\u00f1os, padres, proveedores y personal.<\/p>\n\t\t\t\t<img decoding=\"async\" src=\"\/wp-content\/uploads\/2022\/07\/Rectangle-967meet2.png\" alt=\"Rectangle 967meet2\" itemprop=\"image\" title=\"Rectangle 967meet2\" onerror=\"this.style.display='none'\">\n\tReconocemos que todas las personas tienen necesidades \u00fanicas y dise\u00f1amos programas\/capacitaciones individualizados para<br>\nsatisfacer esas necesidades.\n\t\t\t\t<img decoding=\"async\" src=\"\/wp-content\/uploads\/2022\/07\/Rectangle-968meet3.png\" alt=\"Rectangle 968meet3\" itemprop=\"image\" title=\"Rectangle 968meet3\" onerror=\"this.style.display='none'\">\n\t<p>We recruit in the community &#8211; going to where the people are rather than expecting them to come to us.<\/p>\n<h2>\n\t\tAumentando Acceso a Recursos\n\t<\/h2>\n\t<p>Reconocemos los retos que enfrentan nuestras familias, ni\u00f1os y personal. Trabajamos para eliminar barreras de acceso y las oportunidades para promover su educaci\u00f3n y movilidad econ\u00f3mica.<\/p>\n\t<p>Brindamos recursos comunitarios a nuestras familias y personal.<\/p>\n\t<p>Ense\u00f1amos, apoyamos y alentamos a todas las personas a defenderse a s\u00ed mismos y a sus familias.<\/p>\n<h2>\n\t\tProviding Responsive  Programming\n\t<\/h2>\n\t<p>Ofrecemos programaci\u00f3n basada en evidencia e informada por datos que se adapta a las necesidades de las personas.<\/p>\n\t<p>Fomentamos entornos donde cada voz sea escuchada, respetada y valorada, y donde todos sientan un sentido de pertenencia.<\/p>\n\t<p>Nos aseguramos de que nuestro personal comprenda y sea receptivo a las necesidades y experiencias vividas por nuestros ni\u00f1os, cuidadores, y las comunidades que servimos.<\/p>\n<h2>\n\t\tEmpoderando a todas las Personas <br> para que sean L\u00edderes\n\t<\/h2>\n\n\n\n<p><\/p>","protected":false},"excerpt":{"rendered":"<p>The AVANCE Way The AVANCE Way is a distinctive strengths-based approach to working with families that centers on meeting families where they are and building on their strengths to foster community, trust, and learning. We employ specific strategies based on the unique needs of families and children, introducing them to resources and opportunities in the &#8230; <a title=\"El Estilo AVANCE\" class=\"read-more\" href=\"https:\/\/www.avance.org\/es\/about-us\/the-avance-way\/\" aria-label=\"M\u00e1s en The AVANCE Way\">Leer m\u00e1s<\/a><\/p>","protected":false},"author":22,"featured_media":0,"parent":163,"menu_order":1,"comment_status":"closed","ping_status":"closed","template":"","meta":{"inline_featured_image":false,"footnotes":""},"class_list":["post-6680","page","type-page","status-publish"],"yoast_head":"<!-- This site is optimized with the Yoast SEO Premium plugin v25.3 (Yoast SEO v25.3) - https:\/\/yoast.com\/wordpress\/plugins\/seo\/ -->\n<title>The AVANCE Way - AVANCE<\/title>\n<meta name=\"robots\" content=\"index, follow, max-snippet:-1, max-image-preview:large, max-video-preview:-1\" \/>\n<link rel=\"canonical\" href=\"https:\/\/www.avance.org\/es\/about-us\/the-avance-way\/\" \/>\n<meta property=\"og:locale\" content=\"es_MX\" \/>\n<meta property=\"og:type\" content=\"article\" \/>\n<meta property=\"og:title\" content=\"The AVANCE Way\" \/>\n<meta property=\"og:description\" content=\"The AVANCE Way The AVANCE Way is a distinctive strengths-based approach to working with families that centers on meeting families where they are and building on their strengths to foster community, trust, and learning. We employ specific strategies based on the unique needs of families and children, introducing them to resources and opportunities in the ... Leer m\u00e1s\" \/>\n<meta property=\"og:url\" content=\"https:\/\/www.avance.org\/es\/about-us\/the-avance-way\/\" \/>\n<meta property=\"og:site_name\" content=\"AVANCE\" \/>\n<meta property=\"article:publisher\" content=\"https:\/\/www.facebook.com\/AVANCEinc\/\" \/>\n<meta property=\"article:modified_time\" content=\"2025-02-05T00:04:22+00:00\" \/>\n<meta name=\"twitter:card\" content=\"summary_large_image\" \/>\n<meta name=\"twitter:site\" content=\"@AVANCEinc\" \/>\n<meta name=\"twitter:label1\" content=\"Tiempo de lectura\" \/>\n\t<meta name=\"twitter:data1\" content=\"2 minutos\" \/>\n<script type=\"application\/ld+json\" class=\"yoast-schema-graph\">{\"@context\":\"https:\/\/schema.org\",\"@graph\":[{\"@type\":\"WebPage\",\"@id\":\"https:\/\/www.avance.org\/about-us\/the-avance-way\/\",\"url\":\"https:\/\/www.avance.org\/about-us\/the-avance-way\/\",\"name\":\"The AVANCE Way - AVANCE\",\"isPartOf\":{\"@id\":\"https:\/\/www.avance.org\/#website\"},\"datePublished\":\"2025-02-04T22:55:49+00:00\",\"dateModified\":\"2025-02-05T00:04:22+00:00\",\"breadcrumb\":{\"@id\":\"https:\/\/www.avance.org\/about-us\/the-avance-way\/#breadcrumb\"},\"inLanguage\":\"es-MX\",\"potentialAction\":[{\"@type\":\"ReadAction\",\"target\":[\"https:\/\/www.avance.org\/about-us\/the-avance-way\/\"]}]},{\"@type\":\"BreadcrumbList\",\"@id\":\"https:\/\/www.avance.org\/about-us\/the-avance-way\/#breadcrumb\",\"itemListElement\":[{\"@type\":\"ListItem\",\"position\":1,\"name\":\"Home\",\"item\":\"https:\/\/www.avance.org\/\"},{\"@type\":\"ListItem\",\"position\":2,\"name\":\"About us\",\"item\":\"https:\/\/www.avance.org\/about-us\/\"},{\"@type\":\"ListItem\",\"position\":3,\"name\":\"The AVANCE Way\"}]},{\"@type\":\"WebSite\",\"@id\":\"https:\/\/www.avance.org\/#website\",\"url\":\"https:\/\/www.avance.org\/\",\"name\":\"AVANCE\",\"description\":\"Unlocking America&#039;s Potential\",\"publisher\":{\"@id\":\"https:\/\/www.avance.org\/#organization\"},\"potentialAction\":[{\"@type\":\"SearchAction\",\"target\":{\"@type\":\"EntryPoint\",\"urlTemplate\":\"https:\/\/www.avance.org\/?s={search_term_string}\"},\"query-input\":{\"@type\":\"PropertyValueSpecification\",\"valueRequired\":true,\"valueName\":\"search_term_string\"}}],\"inLanguage\":\"es-MX\"},{\"@type\":\"Organization\",\"@id\":\"https:\/\/www.avance.org\/#organization\",\"name\":\"AVANCE\",\"url\":\"https:\/\/www.avance.org\/\",\"logo\":{\"@type\":\"ImageObject\",\"inLanguage\":\"es-MX\",\"@id\":\"https:\/\/www.avance.org\/#\/schema\/logo\/image\/\",\"url\":\"https:\/\/www.avance.org\/wp-content\/uploads\/2022\/07\/logo.svg\",\"contentUrl\":\"https:\/\/www.avance.org\/wp-content\/uploads\/2022\/07\/logo.svg\",\"caption\":\"AVANCE\"},\"image\":{\"@id\":\"https:\/\/www.avance.org\/#\/schema\/logo\/image\/\"},\"sameAs\":[\"https:\/\/www.facebook.com\/AVANCEinc\/\",\"https:\/\/x.com\/AVANCEinc\",\"https:\/\/www.instagram.com\/avance__inc\/\",\"https:\/\/www.linkedin.com\/company\/avance-inc\"]}]}<\/script>\n<!-- \/ Yoast SEO Premium plugin. -->","yoast_head_json":{"title":"The AVANCE Way - AVANCE","robots":{"index":"index","follow":"follow","max-snippet":"max-snippet:-1","max-image-preview":"max-image-preview:large","max-video-preview":"max-video-preview:-1"},"canonical":"https:\/\/www.avance.org\/es\/about-us\/the-avance-way\/","og_locale":"es_MX","og_type":"article","og_title":"The AVANCE Way","og_description":"The AVANCE Way The AVANCE Way is a distinctive strengths-based approach to working with families that centers on meeting families where they are and building on their strengths to foster community, trust, and learning. We employ specific strategies based on the unique needs of families and children, introducing them to resources and opportunities in the ... Leer m\u00e1s","og_url":"https:\/\/www.avance.org\/es\/about-us\/the-avance-way\/","og_site_name":"AVANCE","article_publisher":"https:\/\/www.facebook.com\/AVANCEinc\/","article_modified_time":"2025-02-05T00:04:22+00:00","twitter_card":"summary_large_image","twitter_site":"@AVANCEinc","twitter_misc":{"Tiempo de lectura":"2 minutos"},"schema":{"@context":"https:\/\/schema.org","@graph":[{"@type":"WebPage","@id":"https:\/\/www.avance.org\/about-us\/the-avance-way\/","url":"https:\/\/www.avance.org\/about-us\/the-avance-way\/","name":"The AVANCE Way - AVANCE","isPartOf":{"@id":"https:\/\/www.avance.org\/#website"},"datePublished":"2025-02-04T22:55:49+00:00","dateModified":"2025-02-05T00:04:22+00:00","breadcrumb":{"@id":"https:\/\/www.avance.org\/about-us\/the-avance-way\/#breadcrumb"},"inLanguage":"es-MX","potentialAction":[{"@type":"ReadAction","target":["https:\/\/www.avance.org\/about-us\/the-avance-way\/"]}]},{"@type":"BreadcrumbList","@id":"https:\/\/www.avance.org\/about-us\/the-avance-way\/#breadcrumb","itemListElement":[{"@type":"ListItem","position":1,"name":"Home","item":"https:\/\/www.avance.org\/"},{"@type":"ListItem","position":2,"name":"About us","item":"https:\/\/www.avance.org\/about-us\/"},{"@type":"ListItem","position":3,"name":"The AVANCE Way"}]},{"@type":"WebSite","@id":"https:\/\/www.avance.org\/#website","url":"https:\/\/www.avance.org\/","name":"AVANCE","description":"Unlocking America&#039;s Potential","publisher":{"@id":"https:\/\/www.avance.org\/#organization"},"potentialAction":[{"@type":"SearchAction","target":{"@type":"EntryPoint","urlTemplate":"https:\/\/www.avance.org\/?s={search_term_string}"},"query-input":{"@type":"PropertyValueSpecification","valueRequired":true,"valueName":"search_term_string"}}],"inLanguage":"es-MX"},{"@type":"Organization","@id":"https:\/\/www.avance.org\/#organization","name":"AVANCE","url":"https:\/\/www.avance.org\/","logo":{"@type":"ImageObject","inLanguage":"es-MX","@id":"https:\/\/www.avance.org\/#\/schema\/logo\/image\/","url":"https:\/\/www.avance.org\/wp-content\/uploads\/2022\/07\/logo.svg","contentUrl":"https:\/\/www.avance.org\/wp-content\/uploads\/2022\/07\/logo.svg","caption":"AVANCE"},"image":{"@id":"https:\/\/www.avance.org\/#\/schema\/logo\/image\/"},"sameAs":["https:\/\/www.facebook.com\/AVANCEinc\/","https:\/\/x.com\/AVANCEinc","https:\/\/www.instagram.com\/avance__inc\/","https:\/\/www.linkedin.com\/company\/avance-inc"]}]}},"post_mailing_queue_ids":[],"_links":{"self":[{"href":"https:\/\/www.avance.org\/es\/wp-json\/wp\/v2\/pages\/6680","targetHints":{"allow":["GET"]}}],"collection":[{"href":"https:\/\/www.avance.org\/es\/wp-json\/wp\/v2\/pages"}],"about":[{"href":"https:\/\/www.avance.org\/es\/wp-json\/wp\/v2\/types\/page"}],"author":[{"embeddable":true,"href":"https:\/\/www.avance.org\/es\/wp-json\/wp\/v2\/users\/22"}],"replies":[{"embeddable":true,"href":"https:\/\/www.avance.org\/es\/wp-json\/wp\/v2\/comments?post=6680"}],"version-history":[{"count":3,"href":"https:\/\/www.avance.org\/es\/wp-json\/wp\/v2\/pages\/6680\/revisions"}],"predecessor-version":[{"id":6685,"href":"https:\/\/www.avance.org\/es\/wp-json\/wp\/v2\/pages\/6680\/revisions\/6685"}],"up":[{"embeddable":true,"href":"https:\/\/www.avance.org\/es\/wp-json\/wp\/v2\/pages\/163"}],"wp:attachment":[{"href":"https:\/\/www.avance.org\/es\/wp-json\/wp\/v2\/media?parent=6680"}],"curies":[{"name":"wp","href":"https:\/\/api.w.org\/{rel}","templated":true}]}}