{"id":6499,"date":"2024-10-31T11:21:25","date_gmt":"2024-10-31T16:21:25","guid":{"rendered":"https:\/\/www.avance.org\/?page_id=6499"},"modified":"2025-01-24T16:03:20","modified_gmt":"2025-01-24T21:03:20","slug":"avancetocollege-partners","status":"publish","type":"page","link":"https:\/\/www.avance.org\/es\/programs\/avancetocollege-partners\/","title":{"rendered":"AVANCE to College &#8211; Partner with us"},"content":{"rendered":"<img loading=\"lazy\" decoding=\"async\" src=\"https:\/\/www.avance.org\/wp-content\/uploads\/2024\/08\/AVANCE-to-College-white-1024x342.png\" alt=\"AVANCE to College-white\" itemprop=\"image\" height=\"342\" width=\"1024\" title=\"AVANCE to College-white\" onerror=\"this.style.display='none'\"  \/>\n<h2>\n\t\tApoyo de AVANCE para Socios\n\t<\/h2>\n\t<p>Partnering with us to bring the AVANCE to College program to your community means that you&#8217;ll have support every step of the way.<\/p>\n\t<p>Capacitaci\u00f3n Completa<\/p>\n\t<p>Apoyo de Reclutamiento Disponible<\/p>\n\t<p>Coaching Continuo y Asistencia T\u00e9cnica<\/p>\n\t<p>Monitoreo de Fidelidad y Apoyo de Evaluaci\u00f3n<\/p>\n\t\t\t\t<img loading=\"lazy\" decoding=\"async\" src=\"https:\/\/www.avance.org\/wp-content\/uploads\/2024\/08\/a2c-austin-800x800-1.png\" alt=\"a2c-austin-800x800-1\" itemprop=\"image\" height=\"800\" width=\"800\" title=\"a2c-austin-800x800-1\" onerror=\"this.style.display='none'\"  \/>\n\t<h3>Para obtener m\u00e1s informaci\u00f3n, complete este breve formulario y alguien de nuestro equipo se pondr\u00e1 en contacto con usted.<\/h3>\n\t<div class=\"wpforms-container wpforms-container-full\" id=\"wpforms-6482\"><form id=\"wpforms-form-6482\" class=\"wpforms-validate wpforms-form wpforms-ajax-form\" data-formid=\"6482\" method=\"post\" enctype=\"multipart\/form-data\" action=\"\/es\/wp-json\/wp\/v2\/pages\/6499\" data-token=\"2306a6c50b7d496b3064e07b3f1e71f4\" data-token-time=\"1776686109\" data-trp-original-action=\"\/es\/wp-json\/wp\/v2\/pages\/6499\"><noscript class=\"wpforms-error-noscript\">Por favor, activa JavaScript en tu navegador para completar este formulario.<\/noscript><div class=\"wpforms-field-container\"><div id=\"wpforms-6482-field_5-container\" class=\"wpforms-field wpforms-field-name\" data-field-id=\"5\"><label class=\"wpforms-field-label\" for=\"wpforms-6482-field_5\">Nombre <span class=\"wpforms-required-label\">*<\/span><\/label><div class=\"wpforms-field-row wpforms-field-large\"><div class=\"wpforms-field-row-block wpforms-first wpforms-one-half\"><input type=\"text\" id=\"wpforms-6482-field_5\" class=\"wpforms-field-name-first wpforms-field-required\" name=\"wpforms[fields][5][first]\" placeholder=\"Primero Nombre\" required><label for=\"wpforms-6482-field_5\" class=\"wpforms-field-sublabel after wpforms-sublabel-hide\">Nombre<\/label><\/div><div class=\"wpforms-field-row-block wpforms-one-half\"><input type=\"text\" id=\"wpforms-6482-field_5-last\" class=\"wpforms-field-name-last wpforms-field-required\" name=\"wpforms[fields][5][last]\" placeholder=\"Apellido\" required><label for=\"wpforms-6482-field_5-last\" class=\"wpforms-field-sublabel after wpforms-sublabel-hide\">Apellidos<\/label><\/div><\/div><\/div><div id=\"wpforms-6482-field_6-container\" class=\"wpforms-field wpforms-field-number wpforms-one-half wpforms-first\" data-field-id=\"6\"><label class=\"wpforms-field-label\" for=\"wpforms-6482-field_6\">Tel\u00e9fono<\/label><input type=\"number\" id=\"wpforms-6482-field_6\" class=\"wpforms-field-large\" name=\"wpforms[fields][6]\" placeholder=\"Tel\u00e9fono\" step=\"any\" ><\/div><div id=\"wpforms-6482-field_7-container\" class=\"wpforms-field wpforms-field-email wpforms-one-half\" data-field-id=\"7\"><label class=\"wpforms-field-label\" for=\"wpforms-6482-field_7\">Correo Electr\u00f3nico <span class=\"wpforms-required-label\">*<\/span><\/label><input type=\"email\" id=\"wpforms-6482-field_7\" class=\"wpforms-field-large wpforms-field-required\" name=\"wpforms[fields][7]\" placeholder=\"Correo Electr\u00f3nico\" spellcheck=\"false\" required><\/div><div id=\"wpforms-6482-field_8-container\" class=\"wpforms-field wpforms-field-text\" data-field-id=\"8\"><label class=\"wpforms-field-label\" for=\"wpforms-6482-field_8\">Nombre de Compa\u00f1\u00eda \/ Organizaci\u00f3n <span class=\"wpforms-required-label\">*<\/span><\/label><input type=\"text\" id=\"wpforms-6482-field_8\" class=\"wpforms-field-large wpforms-field-required\" name=\"wpforms[fields][8]\" placeholder=\"Nombre de Compa\u00f1\u00eda \/ Organizaci\u00f3n\" required><\/div><div id=\"wpforms-6482-field_10-container\" class=\"wpforms-field wpforms-field-text\" data-field-id=\"10\"><label class=\"wpforms-field-label\" for=\"wpforms-6482-field_10\">Direcci\u00f3n de Compa\u00f1\u00eda \/ Organizaci\u00f3n<\/label><input type=\"text\" id=\"wpforms-6482-field_10\" class=\"wpforms-field-large\" name=\"wpforms[fields][10]\" placeholder=\"Direcci\u00f3n de Compa\u00f1\u00eda \/ Organizaci\u00f3n\" ><\/div><div id=\"wpforms-6482-field_9-container\" class=\"wpforms-field wpforms-field-text wpforms-two-fourths wpforms-first\" data-field-id=\"9\"><label class=\"wpforms-field-label\" for=\"wpforms-6482-field_9\">Ciudad<\/label><input type=\"text\" id=\"wpforms-6482-field_9\" class=\"wpforms-field-large\" name=\"wpforms[fields][9]\" placeholder=\"Ciudad\" ><\/div><div id=\"wpforms-6482-field_12-container\" class=\"wpforms-field wpforms-field-text wpforms-one-fourth\" data-field-id=\"12\"><label class=\"wpforms-field-label\" for=\"wpforms-6482-field_12\">Estado<\/label><input type=\"text\" id=\"wpforms-6482-field_12\" class=\"wpforms-field-large\" name=\"wpforms[fields][12]\" placeholder=\"Estado\" ><\/div><div id=\"wpforms-6482-field_13-container\" class=\"wpforms-field wpforms-field-text wpforms-one-fourth\" data-field-id=\"13\"><label class=\"wpforms-field-label\" for=\"wpforms-6482-field_13\">C\u00f3digo Postal<\/label><input type=\"text\" id=\"wpforms-6482-field_13\" class=\"wpforms-field-large\" name=\"wpforms[fields][13]\" placeholder=\"C\u00f3digo Postal\" ><\/div><div id=\"wpforms-6482-field_15-container\" class=\"wpforms-field wpforms-field-textarea\" data-field-id=\"15\"><label class=\"wpforms-field-label wpforms-label-hide\" for=\"wpforms-6482-field_15\">Informaci\u00f3n Adicional<\/label><textarea id=\"wpforms-6482-field_15\" class=\"wpforms-field-large\" name=\"wpforms[fields][15]\" placeholder=\"Informaci\u00f3n Adicional\" ><\/textarea><\/div><\/div><!-- .wpforms-field-container --><div class=\"wpforms-submit-container\" ><input type=\"hidden\" name=\"wpforms[id]\" value=\"6482\"><input type=\"hidden\" name=\"page_title\" value=\"\"><input type=\"hidden\" name=\"page_url\" value=\"https:\/\/www.avance.org\/es\/wp-json\/wp\/v2\/pages\/6499\"><input type=\"hidden\" name=\"url_referer\" value=\"\"><button type=\"submit\" name=\"wpforms[submit]\" id=\"wpforms-submit-6482\" class=\"wpforms-submit submit\" data-alt-text=\"Sending...\" data-submit-text=\"Submit Form\" aria-live=\"assertive\" value=\"wpforms-submit\">Enviar Forma<\/button><img loading=\"lazy\" decoding=\"async\" src=\"https:\/\/www.avance.org\/wp-content\/plugins\/wpforms-lite\/assets\/images\/submit-spin.svg\" class=\"wpforms-submit-spinner\" style=\"display: none;\" width=\"26\" height=\"26\" alt=\"Cargando\"><\/div><input type=\"hidden\" name=\"trp-form-language\" value=\"es\"\/><\/form><\/div>  <!-- .wpforms-container -->\n\t<p><a href=\"https:\/\/www.avance.org\/es\/programs\/avancetocollege\/\">Regresar a la p\u00e1gina general<\/a><\/p>","protected":false},"excerpt":{"rendered":"<p>AVANCE Support for Partners Partnering with us to bring the AVANCE to College program to your community means that you&#8217;ll have support every step of the way. Comprehensive Training Recruitment Support Available Ongoing Coaching and Technical Assistance Fidelity Monitoring and Evaluation Support To learn more, complete this short form, and someone from our team will &#8230; <a title=\"AVANCE to College &#8211; Partner with us\" class=\"read-more\" href=\"https:\/\/www.avance.org\/es\/programs\/avancetocollege-partners\/\" aria-label=\"M\u00e1s en AVANCE to College &#8211; Partner with us\">Leer m\u00e1s<\/a><\/p>","protected":false},"author":22,"featured_media":0,"parent":165,"menu_order":6,"comment_status":"closed","ping_status":"closed","template":"","meta":{"inline_featured_image":false,"footnotes":""},"class_list":["post-6499","page","type-page","status-publish"],"yoast_head":"<!-- This site is optimized with the Yoast SEO Premium plugin v25.3 (Yoast SEO v25.3) - https:\/\/yoast.com\/wordpress\/plugins\/seo\/ -->\n<title>AVANCE to College - Partner with us - AVANCE<\/title>\n<meta name=\"description\" content=\"AVANCE to College is a FREE 9-month program that supports caregivers with young children in becoming their child&#039;s first teachers at home while empowering them to pursue opportunities for continued education and workforce upskilling.\" \/>\n<meta name=\"robots\" content=\"index, follow, max-snippet:-1, max-image-preview:large, max-video-preview:-1\" \/>\n<link rel=\"canonical\" href=\"https:\/\/www.avance.org\/es\/programs\/avancetocollege-partners\/\" \/>\n<meta property=\"og:locale\" content=\"es_MX\" \/>\n<meta property=\"og:type\" content=\"article\" \/>\n<meta property=\"og:title\" content=\"AVANCE to College\" \/>\n<meta property=\"og:description\" content=\"AVANCE to College is a FREE 9-month program that supports caregivers with young children in becoming their child&#039;s first teachers at home while empowering them to pursue opportunities for continued education and workforce upskilling.\" \/>\n<meta property=\"og:url\" content=\"https:\/\/www.avance.org\/es\/programs\/avancetocollege-partners\/\" \/>\n<meta property=\"og:site_name\" content=\"AVANCE\" \/>\n<meta property=\"article:publisher\" content=\"https:\/\/www.facebook.com\/AVANCEinc\/\" \/>\n<meta property=\"article:modified_time\" content=\"2025-01-24T21:03:20+00:00\" \/>\n<meta property=\"og:image\" content=\"https:\/\/www.avance.org\/wp-content\/uploads\/2024\/10\/a2c-ep-800x571-1.png\" \/>\n\t<meta property=\"og:image:width\" content=\"800\" \/>\n\t<meta property=\"og:image:height\" content=\"571\" \/>\n\t<meta property=\"og:image:type\" content=\"image\/png\" \/>\n<meta name=\"twitter:card\" content=\"summary_large_image\" \/>\n<meta name=\"twitter:title\" content=\"AVANCE Parent-Child Education Program (PCEP)\" \/>\n<meta name=\"twitter:image\" content=\"https:\/\/www.avance.org\/wp-content\/uploads\/2024\/06\/pcep-mother-daughter-2000x1333-1.png\" \/>\n<meta name=\"twitter:site\" content=\"@AVANCEinc\" \/>\n<meta name=\"twitter:label1\" content=\"Tiempo de lectura\" \/>\n\t<meta name=\"twitter:data1\" content=\"3 minutos\" \/>\n<script type=\"application\/ld+json\" class=\"yoast-schema-graph\">{\"@context\":\"https:\/\/schema.org\",\"@graph\":[{\"@type\":\"WebPage\",\"@id\":\"https:\/\/www.avance.org\/programs\/avancetocollege-partners\/\",\"url\":\"https:\/\/www.avance.org\/programs\/avancetocollege-partners\/\",\"name\":\"AVANCE to College - Partner with us - AVANCE\",\"isPartOf\":{\"@id\":\"https:\/\/www.avance.org\/#website\"},\"primaryImageOfPage\":{\"@id\":\"https:\/\/www.avance.org\/programs\/avancetocollege-partners\/#primaryimage\"},\"image\":{\"@id\":\"https:\/\/www.avance.org\/programs\/avancetocollege-partners\/#primaryimage\"},\"thumbnailUrl\":\"https:\/\/www.avance.org\/wp-content\/uploads\/2024\/08\/AVANCE-to-College-white-1024x342.png\",\"datePublished\":\"2024-10-31T16:21:25+00:00\",\"dateModified\":\"2025-01-24T21:03:20+00:00\",\"description\":\"AVANCE to College is a FREE 9-month program that supports caregivers with young children in becoming their child's first teachers at home while empowering them to pursue opportunities for continued education and workforce upskilling.\",\"breadcrumb\":{\"@id\":\"https:\/\/www.avance.org\/programs\/avancetocollege-partners\/#breadcrumb\"},\"inLanguage\":\"es-MX\",\"potentialAction\":[{\"@type\":\"ReadAction\",\"target\":[\"https:\/\/www.avance.org\/programs\/avancetocollege-partners\/\"]}]},{\"@type\":\"ImageObject\",\"inLanguage\":\"es-MX\",\"@id\":\"https:\/\/www.avance.org\/programs\/avancetocollege-partners\/#primaryimage\",\"url\":\"https:\/\/www.avance.org\/wp-content\/uploads\/2024\/08\/AVANCE-to-College-white-1024x342.png\",\"contentUrl\":\"https:\/\/www.avance.org\/wp-content\/uploads\/2024\/08\/AVANCE-to-College-white-1024x342.png\"},{\"@type\":\"BreadcrumbList\",\"@id\":\"https:\/\/www.avance.org\/programs\/avancetocollege-partners\/#breadcrumb\",\"itemListElement\":[{\"@type\":\"ListItem\",\"position\":1,\"name\":\"Home\",\"item\":\"https:\/\/www.avance.org\/\"},{\"@type\":\"ListItem\",\"position\":2,\"name\":\"Programs\",\"item\":\"https:\/\/www.avance.org\/programs\/\"},{\"@type\":\"ListItem\",\"position\":3,\"name\":\"AVANCE to College &#8211; Partner with us\"}]},{\"@type\":\"WebSite\",\"@id\":\"https:\/\/www.avance.org\/#website\",\"url\":\"https:\/\/www.avance.org\/\",\"name\":\"AVANCE\",\"description\":\"Unlocking America&#039;s Potential\",\"publisher\":{\"@id\":\"https:\/\/www.avance.org\/#organization\"},\"potentialAction\":[{\"@type\":\"SearchAction\",\"target\":{\"@type\":\"EntryPoint\",\"urlTemplate\":\"https:\/\/www.avance.org\/?s={search_term_string}\"},\"query-input\":{\"@type\":\"PropertyValueSpecification\",\"valueRequired\":true,\"valueName\":\"search_term_string\"}}],\"inLanguage\":\"es-MX\"},{\"@type\":\"Organization\",\"@id\":\"https:\/\/www.avance.org\/#organization\",\"name\":\"AVANCE\",\"url\":\"https:\/\/www.avance.org\/\",\"logo\":{\"@type\":\"ImageObject\",\"inLanguage\":\"es-MX\",\"@id\":\"https:\/\/www.avance.org\/#\/schema\/logo\/image\/\",\"url\":\"https:\/\/www.avance.org\/wp-content\/uploads\/2022\/07\/logo.svg\",\"contentUrl\":\"https:\/\/www.avance.org\/wp-content\/uploads\/2022\/07\/logo.svg\",\"caption\":\"AVANCE\"},\"image\":{\"@id\":\"https:\/\/www.avance.org\/#\/schema\/logo\/image\/\"},\"sameAs\":[\"https:\/\/www.facebook.com\/AVANCEinc\/\",\"https:\/\/x.com\/AVANCEinc\",\"https:\/\/www.instagram.com\/avance__inc\/\",\"https:\/\/www.linkedin.com\/company\/avance-inc\"]}]}<\/script>\n<!-- \/ Yoast SEO Premium plugin. -->","yoast_head_json":{"title":"AVANCE to College - Partner with us - AVANCE","description":"AVANCE to College is a FREE 9-month program that supports caregivers with young children in becoming their child's first teachers at home while empowering them to pursue opportunities for continued education and workforce upskilling.","robots":{"index":"index","follow":"follow","max-snippet":"max-snippet:-1","max-image-preview":"max-image-preview:large","max-video-preview":"max-video-preview:-1"},"canonical":"https:\/\/www.avance.org\/es\/programs\/avancetocollege-partners\/","og_locale":"es_MX","og_type":"article","og_title":"AVANCE to College","og_description":"AVANCE to College is a FREE 9-month program that supports caregivers with young children in becoming their child's first teachers at home while empowering them to pursue opportunities for continued education and workforce upskilling.","og_url":"https:\/\/www.avance.org\/es\/programs\/avancetocollege-partners\/","og_site_name":"AVANCE","article_publisher":"https:\/\/www.facebook.com\/AVANCEinc\/","article_modified_time":"2025-01-24T21:03:20+00:00","og_image":[{"width":800,"height":571,"url":"https:\/\/www.avance.org\/wp-content\/uploads\/2024\/10\/a2c-ep-800x571-1.png","type":"image\/png"}],"twitter_card":"summary_large_image","twitter_title":"AVANCE Parent-Child Education Program (PCEP)","twitter_image":"https:\/\/www.avance.org\/wp-content\/uploads\/2024\/06\/pcep-mother-daughter-2000x1333-1.png","twitter_site":"@AVANCEinc","twitter_misc":{"Tiempo de lectura":"3 minutos"},"schema":{"@context":"https:\/\/schema.org","@graph":[{"@type":"WebPage","@id":"https:\/\/www.avance.org\/programs\/avancetocollege-partners\/","url":"https:\/\/www.avance.org\/programs\/avancetocollege-partners\/","name":"AVANCE to College - Partner with us - AVANCE","isPartOf":{"@id":"https:\/\/www.avance.org\/#website"},"primaryImageOfPage":{"@id":"https:\/\/www.avance.org\/programs\/avancetocollege-partners\/#primaryimage"},"image":{"@id":"https:\/\/www.avance.org\/programs\/avancetocollege-partners\/#primaryimage"},"thumbnailUrl":"https:\/\/www.avance.org\/wp-content\/uploads\/2024\/08\/AVANCE-to-College-white-1024x342.png","datePublished":"2024-10-31T16:21:25+00:00","dateModified":"2025-01-24T21:03:20+00:00","description":"AVANCE to College is a FREE 9-month program that supports caregivers with young children in becoming their child's first teachers at home while empowering them to pursue opportunities for continued education and workforce upskilling.","breadcrumb":{"@id":"https:\/\/www.avance.org\/programs\/avancetocollege-partners\/#breadcrumb"},"inLanguage":"es-MX","potentialAction":[{"@type":"ReadAction","target":["https:\/\/www.avance.org\/programs\/avancetocollege-partners\/"]}]},{"@type":"ImageObject","inLanguage":"es-MX","@id":"https:\/\/www.avance.org\/programs\/avancetocollege-partners\/#primaryimage","url":"https:\/\/www.avance.org\/wp-content\/uploads\/2024\/08\/AVANCE-to-College-white-1024x342.png","contentUrl":"https:\/\/www.avance.org\/wp-content\/uploads\/2024\/08\/AVANCE-to-College-white-1024x342.png"},{"@type":"BreadcrumbList","@id":"https:\/\/www.avance.org\/programs\/avancetocollege-partners\/#breadcrumb","itemListElement":[{"@type":"ListItem","position":1,"name":"Home","item":"https:\/\/www.avance.org\/"},{"@type":"ListItem","position":2,"name":"Programs","item":"https:\/\/www.avance.org\/programs\/"},{"@type":"ListItem","position":3,"name":"AVANCE to College &#8211; Partner with us"}]},{"@type":"WebSite","@id":"https:\/\/www.avance.org\/#website","url":"https:\/\/www.avance.org\/","name":"AVANCE","description":"Unlocking America&#039;s Potential","publisher":{"@id":"https:\/\/www.avance.org\/#organization"},"potentialAction":[{"@type":"SearchAction","target":{"@type":"EntryPoint","urlTemplate":"https:\/\/www.avance.org\/?s={search_term_string}"},"query-input":{"@type":"PropertyValueSpecification","valueRequired":true,"valueName":"search_term_string"}}],"inLanguage":"es-MX"},{"@type":"Organization","@id":"https:\/\/www.avance.org\/#organization","name":"AVANCE","url":"https:\/\/www.avance.org\/","logo":{"@type":"ImageObject","inLanguage":"es-MX","@id":"https:\/\/www.avance.org\/#\/schema\/logo\/image\/","url":"https:\/\/www.avance.org\/wp-content\/uploads\/2022\/07\/logo.svg","contentUrl":"https:\/\/www.avance.org\/wp-content\/uploads\/2022\/07\/logo.svg","caption":"AVANCE"},"image":{"@id":"https:\/\/www.avance.org\/#\/schema\/logo\/image\/"},"sameAs":["https:\/\/www.facebook.com\/AVANCEinc\/","https:\/\/x.com\/AVANCEinc","https:\/\/www.instagram.com\/avance__inc\/","https:\/\/www.linkedin.com\/company\/avance-inc"]}]}},"post_mailing_queue_ids":[],"_links":{"self":[{"href":"https:\/\/www.avance.org\/es\/wp-json\/wp\/v2\/pages\/6499","targetHints":{"allow":["GET"]}}],"collection":[{"href":"https:\/\/www.avance.org\/es\/wp-json\/wp\/v2\/pages"}],"about":[{"href":"https:\/\/www.avance.org\/es\/wp-json\/wp\/v2\/types\/page"}],"author":[{"embeddable":true,"href":"https:\/\/www.avance.org\/es\/wp-json\/wp\/v2\/users\/22"}],"replies":[{"embeddable":true,"href":"https:\/\/www.avance.org\/es\/wp-json\/wp\/v2\/comments?post=6499"}],"version-history":[{"count":4,"href":"https:\/\/www.avance.org\/es\/wp-json\/wp\/v2\/pages\/6499\/revisions"}],"predecessor-version":[{"id":6658,"href":"https:\/\/www.avance.org\/es\/wp-json\/wp\/v2\/pages\/6499\/revisions\/6658"}],"up":[{"embeddable":true,"href":"https:\/\/www.avance.org\/es\/wp-json\/wp\/v2\/pages\/165"}],"wp:attachment":[{"href":"https:\/\/www.avance.org\/es\/wp-json\/wp\/v2\/media?parent=6499"}],"curies":[{"name":"wp","href":"https:\/\/api.w.org\/{rel}","templated":true}]}}