{"id":6489,"date":"2024-10-31T10:34:19","date_gmt":"2024-10-31T15:34:19","guid":{"rendered":"https:\/\/www.avance.org\/?page_id=6489"},"modified":"2026-02-19T15:42:19","modified_gmt":"2026-02-19T20:42:19","slug":"avancetocollege-families","status":"publish","type":"page","link":"https:\/\/www.avance.org\/es\/programs\/avancetocollege-families\/","title":{"rendered":"AVANCE to College for Families"},"content":{"rendered":"<img loading=\"lazy\" decoding=\"async\" src=\"https:\/\/www.avance.org\/wp-content\/uploads\/2024\/08\/AVANCE-to-College-white-1024x342.png\" alt=\"AVANCE to College-white\" itemprop=\"image\" height=\"342\" width=\"1024\" title=\"AVANCE to College-white\" onerror=\"this.style.display='none'\"  \/>\n<h2>\n\t\tCreate Your Path to Educationand a Brighter Future!\n\t<\/h2>\n\t<p><strong>AVANCE to College<\/strong> es un programa <strong>GRATUITO<\/strong> program for parents and caregivers- including expecting parents, extended family, and foster families &#8211; with children between the ages of 0-5 years old. AVANCE to College supports parents and caregivers in becoming their child&#8217;s first teachers at home while also empowering them to pursue opportunities for continued education and workforce upskilling. The program offers:<\/p>\n\t\t\t\t<img loading=\"lazy\" decoding=\"async\" src=\"https:\/\/www.avance.org\/wp-content\/uploads\/2024\/10\/a2c-elpaso-7x7-1.png\" alt=\"a2c-elpaso-7x7\" itemprop=\"image\" height=\"700\" width=\"700\" title=\"a2c-elpaso-7x7\" onerror=\"this.style.display='none'\"  \/>\n\t<h3><strong>Educaci\u00f3n para Padres<\/strong><\/h3>\n\t<p>Desarrolla tus habilidades y confianza en la crianza mientras conoces y aprendes de otros padres.<\/p>\n\t<h3>College &#038; Career Lessons<\/h3>\n\t<p>Ampl\u00eda tus oportunidades para avanzar tus metas educativas y profesionales a trav\u00e9s de sesiones de aprendizaje postsecundario y desarrollo laboral. <\/p>\n\t<h3>Creaci\u00f3n de Juguetes<\/h3>\n\t<p>Crea juguetes que involucrar\u00e1n a tu hijo en preparaci\u00f3n para la preparaci\u00f3n escolar.<\/p>\n\t<h3>Visitas a Casa<\/h3>\n\t<p>Recibe apoyo de crianza y asesoramiento universitario\/profesional durante las visitas al hogar. <\/p>\n\t<p><em>Aprend\u00ed que nunca es demasiado tarde para aprender y crecer. Animo a los padres a dejar su rutina y unirse a AVANCE en la universidad, especialmente porque podr\u00edan proporcionar cuidado de ni\u00f1os.<\/em><\/p>\n<p>-Nancy, AVANCE to College Graduate<\/p>\n<h2>\n\t\tComo funciona\n\t<\/h2>\n\t\t\t\t<img loading=\"lazy\" decoding=\"async\" src=\"https:\/\/www.avance.org\/wp-content\/uploads\/2024\/10\/a2c-austin-7x7-2.png\" alt=\"a2c-austin-7x7-2\" itemprop=\"image\" height=\"700\" width=\"700\" title=\"a2c-austin-7x7-2\" onerror=\"this.style.display='none'\"  \/>\n\t<p>AVANCE to College se basa en nuestro modelo de dos generaciones de involucrar a los cuidadores y a sus hijos simult\u00e1neamente. Los cuidadores inscritos en AVANCE to College se convierten en estudiantes universitarios registrados y asisten a sesiones semanales en un campus universitario comunitario local. Las sesiones incluyen:<\/p>\n\t<h3>Educaci\u00f3n para Padres<\/h3>\n\t<h3>Desarrollo de liderazgo<\/h3>\n\t<h3>Recursos para colegios comunitarios y carreras<\/h3>\n\t<h3>Clases de fabricaci\u00f3n de juguetes<\/h3>\n\t<h3>Visitas a Casa<\/h3>\n\t<p>Las visitas a domicilio con cada familia inscrita unen el programa. Las visitas a domicilio ofrecen a los cuidadores la oportunidad de mostrar lo que han aprendido y recibir apoyo personalizado para padres y asesoramiento universitario y profesional.<\/p>\n\t<p><em>Este programa nos ense\u00f1a cu\u00e1les son los valores de los ni\u00f1os, c\u00f3mo crecen y c\u00f3mo aprovecharlos. Nuestros hijos est\u00e1n en nuestras manos; los estamos formando. Participar en este programa es trabajar con nuestros ni\u00f1os&#8230; Tener ni\u00f1os y ser mam\u00e1 es tan hermoso, y es verdad que el trabajo que hacemos al criar ni\u00f1os es dif\u00edcil, pero es tan bello porque estamos criando personas para esta comunidad. Al final, solo queremos que nuestros hijos salgan adelante.<\/em><\/p>\n<p>-Violeta Guytan, AVANCE to College Graduate<\/p>\n<h2>\n\t\t\u00bfListo para inscribirte?\u202f\n\t<\/h2>\n\t<p><strong>AVANCE to College se ofrece actualmente en las siguientes ubicaciones:<\/strong><\/p>\n\t<strong>Austin, TX <\/strong>&#8211; Austin Community College (ACC) South Austin and North Ridge Campuses<br \/>\n<strong>San Antonio, TX <\/strong> &#8211; San Antonio College (SAC)<br \/>\n<strong>Houston, TX <\/strong> &#8211; Houston City College (HCC)-Southeast<br \/>\n<strong>Sunland Park, NM <\/strong> &#8211; Do\u00f1a Ana Community College (DACC) Sunland Park<br \/>\n<strong>Long Beach, CA <\/strong> &#8211; Long Beach City College (LBCC) Trades, Technology, and Community Learning Campus\n\t<p><strong>If AVANCE to College is not currently available in your area, we&#8217;d still love to hear from you! Let us know in the form below where you&#8217;d like to see the AVANCE to College program next.<\/strong><\/p>\n\t<h3>Si desea obtener m\u00e1s informaci\u00f3n o inscribirse, completa este breve formulario y alguien de nuestro equipo se pondr\u00e1 en contacto con usted.\u202f<\/h3>\n\t<div class=\"wpforms-container wpforms-container-full\" id=\"wpforms-6478\"><form id=\"wpforms-form-6478\" class=\"wpforms-validate wpforms-form wpforms-ajax-form\" data-formid=\"6478\" method=\"post\" enctype=\"multipart\/form-data\" action=\"\/es\/wp-json\/wp\/v2\/pages\/6489\" data-token=\"ab92d9fe0ec9f4cbf1da7b6cfa5c8299\" data-token-time=\"1776692025\" data-trp-original-action=\"\/es\/wp-json\/wp\/v2\/pages\/6489\"><noscript class=\"wpforms-error-noscript\">Por favor, activa JavaScript en tu navegador para completar este formulario.<\/noscript><div class=\"wpforms-field-container\"><div id=\"wpforms-6478-field_0-container\" class=\"wpforms-field wpforms-field-name\" data-field-id=\"0\"><label class=\"wpforms-field-label\">Nombre <span class=\"wpforms-required-label\">*<\/span><\/label><div class=\"wpforms-field-row wpforms-field-medium\"><div class=\"wpforms-field-row-block wpforms-first wpforms-one-half\"><input type=\"text\" id=\"wpforms-6478-field_0\" class=\"wpforms-field-name-first wpforms-field-required\" name=\"wpforms[fields][0][first]\" required><label for=\"wpforms-6478-field_0\" class=\"wpforms-field-sublabel after\">Nombre<\/label><\/div><div class=\"wpforms-field-row-block wpforms-one-half\"><input type=\"text\" id=\"wpforms-6478-field_0-last\" class=\"wpforms-field-name-last wpforms-field-required\" name=\"wpforms[fields][0][last]\" required><label for=\"wpforms-6478-field_0-last\" class=\"wpforms-field-sublabel after\">Apellidos<\/label><\/div><\/div><\/div><div id=\"wpforms-6478-field_1-container\" class=\"wpforms-field wpforms-field-email wpforms-one-half wpforms-first\" data-field-id=\"1\"><label class=\"wpforms-field-label\" for=\"wpforms-6478-field_1\">Correo Electr\u00f3nico <span class=\"wpforms-required-label\">*<\/span><\/label><input type=\"email\" id=\"wpforms-6478-field_1\" class=\"wpforms-field-medium wpforms-field-required\" name=\"wpforms[fields][1]\" spellcheck=\"false\" required><\/div><div id=\"wpforms-6478-field_3-container\" class=\"wpforms-field wpforms-field-number wpforms-one-half\" data-field-id=\"3\"><label class=\"wpforms-field-label\" for=\"wpforms-6478-field_3\">N\u00famero de tel\u00e9fono<\/label><input type=\"number\" id=\"wpforms-6478-field_3\" class=\"wpforms-field-medium\" name=\"wpforms[fields][3]\" step=\"any\" ><\/div><div id=\"wpforms-6478-field_10-container\" class=\"wpforms-field wpforms-field-select wpforms-field-select-style-classic\" data-field-id=\"10\"><label class=\"wpforms-field-label\" for=\"wpforms-6478-field_10\">Ubicaci\u00f3n <span class=\"wpforms-required-label\">*<\/span><\/label><select id=\"wpforms-6478-field_10\" class=\"wpforms-field-medium wpforms-field-required\" name=\"wpforms[fields][10]\" required=\"required\"><option value=\"Austin\" >Austin<\/option><option value=\"San Antonio\" >San Antonio<\/option><option value=\"Houston\" >Houston<\/option><option value=\"Sunland Park\" >Sunland Park<\/option><option value=\"Long Beach\" >Long Beach<\/option><option value=\"Other\" >Otro<\/option><\/select><div class=\"wpforms-field-description\">Si su ubicaci\u00f3n no aparece en la lista, seleccione \"Otro\" y h\u00e1ganos saber en un comentario a continuaci\u00f3n d\u00f3nde le gustar\u00eda ver el programa AVANCE to College a continuaci\u00f3n.<\/div><\/div><div id=\"wpforms-6478-field_6-container\" class=\"wpforms-field wpforms-field-text\" data-field-id=\"6\"><label class=\"wpforms-field-label\" for=\"wpforms-6478-field_6\">Direcci\u00f3n<\/label><input type=\"text\" id=\"wpforms-6478-field_6\" class=\"wpforms-field-medium\" name=\"wpforms[fields][6]\" ><\/div><div id=\"wpforms-6478-field_7-container\" class=\"wpforms-field wpforms-field-text wpforms-one-third wpforms-first\" data-field-id=\"7\"><label class=\"wpforms-field-label\" for=\"wpforms-6478-field_7\">Ciudad<\/label><input type=\"text\" id=\"wpforms-6478-field_7\" class=\"wpforms-field-medium\" name=\"wpforms[fields][7]\" ><\/div><div id=\"wpforms-6478-field_8-container\" class=\"wpforms-field wpforms-field-text wpforms-one-third\" data-field-id=\"8\"><label class=\"wpforms-field-label\" for=\"wpforms-6478-field_8\">Estado<\/label><input type=\"text\" id=\"wpforms-6478-field_8\" class=\"wpforms-field-medium\" name=\"wpforms[fields][8]\" ><\/div><div id=\"wpforms-6478-field_9-container\" class=\"wpforms-field wpforms-field-text wpforms-one-third\" data-field-id=\"9\"><label class=\"wpforms-field-label\" for=\"wpforms-6478-field_9\">C\u00f3digo postal<\/label><input type=\"text\" id=\"wpforms-6478-field_9\" class=\"wpforms-field-medium\" name=\"wpforms[fields][9]\" ><\/div><div id=\"wpforms-6478-field_2-container\" class=\"wpforms-field wpforms-field-textarea\" data-field-id=\"2\"><label class=\"wpforms-field-label\" for=\"wpforms-6478-field_2\">Comentarios o Mensajes<\/label><textarea id=\"wpforms-6478-field_2\" class=\"wpforms-field-medium\" name=\"wpforms[fields][2]\" ><\/textarea><\/div><\/div><!-- .wpforms-field-container --><div class=\"wpforms-submit-container\" ><input type=\"hidden\" name=\"wpforms[id]\" value=\"6478\"><input type=\"hidden\" name=\"page_title\" value=\"\"><input type=\"hidden\" name=\"page_url\" value=\"https:\/\/www.avance.org\/es\/wp-json\/wp\/v2\/pages\/6489\"><input type=\"hidden\" name=\"url_referer\" value=\"\"><button type=\"submit\" name=\"wpforms[submit]\" id=\"wpforms-submit-6478\" class=\"wpforms-submit\" data-alt-text=\"Sending...\" data-submit-text=\"Submit\" aria-live=\"assertive\" value=\"wpforms-submit\">Enviar<\/button><img loading=\"lazy\" decoding=\"async\" src=\"https:\/\/www.avance.org\/wp-content\/plugins\/wpforms-lite\/assets\/images\/submit-spin.svg\" class=\"wpforms-submit-spinner\" style=\"display: none;\" width=\"26\" height=\"26\" alt=\"Cargando\"><\/div><input type=\"hidden\" name=\"trp-form-language\" value=\"es\"\/><\/form><\/div>  <!-- .wpforms-container -->\n\t<p><a href=\"https:\/\/www.avance.org\/es\/programs\/avancetocollege\/\">Regresar a la p\u00e1gina general<\/a><\/p>","protected":false},"excerpt":{"rendered":"<p>Create Your Path to Educationand a Brighter Future! AVANCE to College is a FREE program for parents and caregivers- including expecting parents, extended family, and foster families &#8211; with children between the ages of 0-5 years old. AVANCE to College supports parents and caregivers in becoming their child&#8217;s first teachers at home while also empowering &#8230; <a title=\"AVANCE to College for Families\" class=\"read-more\" href=\"https:\/\/www.avance.org\/es\/programs\/avancetocollege-families\/\" aria-label=\"M\u00e1s en AVANCE to College for Families\">Leer m\u00e1s<\/a><\/p>","protected":false},"author":22,"featured_media":0,"parent":165,"menu_order":5,"comment_status":"closed","ping_status":"closed","template":"","meta":{"inline_featured_image":false,"footnotes":""},"class_list":["post-6489","page","type-page","status-publish"],"yoast_head":"<!-- This site is optimized with the Yoast SEO Premium plugin v25.3 (Yoast SEO v25.3) - https:\/\/yoast.com\/wordpress\/plugins\/seo\/ -->\n<title>AVANCE to College for Families - AVANCE<\/title>\n<meta name=\"description\" content=\"AVANCE to College is a FREE 9-month program that supports caregivers with young children in becoming their child&#039;s first teachers at home while empowering them to pursue opportunities for continued education and workforce upskilling.\" \/>\n<meta name=\"robots\" content=\"index, follow, max-snippet:-1, max-image-preview:large, max-video-preview:-1\" \/>\n<link rel=\"canonical\" href=\"https:\/\/www.avance.org\/es\/programs\/avancetocollege-families\/\" \/>\n<meta property=\"og:locale\" content=\"es_MX\" \/>\n<meta property=\"og:type\" content=\"article\" \/>\n<meta property=\"og:title\" content=\"AVANCE to College\" \/>\n<meta property=\"og:description\" content=\"AVANCE to College is a FREE 9-month program that supports caregivers with young children in becoming their child&#039;s first teachers at home while empowering them to pursue opportunities for continued education and workforce upskilling.\" \/>\n<meta property=\"og:url\" content=\"https:\/\/www.avance.org\/es\/programs\/avancetocollege-families\/\" \/>\n<meta property=\"og:site_name\" content=\"AVANCE\" \/>\n<meta property=\"article:publisher\" content=\"https:\/\/www.facebook.com\/AVANCEinc\/\" \/>\n<meta property=\"article:modified_time\" content=\"2026-02-19T20:42:19+00:00\" \/>\n<meta property=\"og:image\" content=\"https:\/\/www.avance.org\/wp-content\/uploads\/2024\/10\/a2c-ep-800x571-1.png\" \/>\n\t<meta property=\"og:image:width\" content=\"800\" \/>\n\t<meta property=\"og:image:height\" content=\"571\" \/>\n\t<meta property=\"og:image:type\" content=\"image\/png\" \/>\n<meta name=\"twitter:card\" content=\"summary_large_image\" \/>\n<meta name=\"twitter:title\" content=\"AVANCE Parent-Child Education Program (PCEP)\" \/>\n<meta name=\"twitter:image\" content=\"https:\/\/www.avance.org\/wp-content\/uploads\/2024\/06\/pcep-mother-daughter-2000x1333-1.png\" \/>\n<meta name=\"twitter:site\" content=\"@AVANCEinc\" \/>\n<meta name=\"twitter:label1\" content=\"Tiempo de lectura\" \/>\n\t<meta name=\"twitter:data1\" content=\"3 minutos\" \/>\n<script type=\"application\/ld+json\" class=\"yoast-schema-graph\">{\"@context\":\"https:\/\/schema.org\",\"@graph\":[{\"@type\":\"WebPage\",\"@id\":\"https:\/\/www.avance.org\/programs\/avancetocollege-families\/\",\"url\":\"https:\/\/www.avance.org\/programs\/avancetocollege-families\/\",\"name\":\"AVANCE to College for Families - AVANCE\",\"isPartOf\":{\"@id\":\"https:\/\/www.avance.org\/#website\"},\"primaryImageOfPage\":{\"@id\":\"https:\/\/www.avance.org\/programs\/avancetocollege-families\/#primaryimage\"},\"image\":{\"@id\":\"https:\/\/www.avance.org\/programs\/avancetocollege-families\/#primaryimage\"},\"thumbnailUrl\":\"https:\/\/www.avance.org\/wp-content\/uploads\/2024\/08\/AVANCE-to-College-white-1024x342.png\",\"datePublished\":\"2024-10-31T15:34:19+00:00\",\"dateModified\":\"2026-02-19T20:42:19+00:00\",\"description\":\"AVANCE to College is a FREE 9-month program that supports caregivers with young children in becoming their child's first teachers at home while empowering them to pursue opportunities for continued education and workforce upskilling.\",\"breadcrumb\":{\"@id\":\"https:\/\/www.avance.org\/programs\/avancetocollege-families\/#breadcrumb\"},\"inLanguage\":\"es-MX\",\"potentialAction\":[{\"@type\":\"ReadAction\",\"target\":[\"https:\/\/www.avance.org\/programs\/avancetocollege-families\/\"]}]},{\"@type\":\"ImageObject\",\"inLanguage\":\"es-MX\",\"@id\":\"https:\/\/www.avance.org\/programs\/avancetocollege-families\/#primaryimage\",\"url\":\"https:\/\/www.avance.org\/wp-content\/uploads\/2024\/08\/AVANCE-to-College-white-1024x342.png\",\"contentUrl\":\"https:\/\/www.avance.org\/wp-content\/uploads\/2024\/08\/AVANCE-to-College-white-1024x342.png\"},{\"@type\":\"BreadcrumbList\",\"@id\":\"https:\/\/www.avance.org\/programs\/avancetocollege-families\/#breadcrumb\",\"itemListElement\":[{\"@type\":\"ListItem\",\"position\":1,\"name\":\"Home\",\"item\":\"https:\/\/www.avance.org\/\"},{\"@type\":\"ListItem\",\"position\":2,\"name\":\"Programs\",\"item\":\"https:\/\/www.avance.org\/programs\/\"},{\"@type\":\"ListItem\",\"position\":3,\"name\":\"AVANCE to College for Families\"}]},{\"@type\":\"WebSite\",\"@id\":\"https:\/\/www.avance.org\/#website\",\"url\":\"https:\/\/www.avance.org\/\",\"name\":\"AVANCE\",\"description\":\"Unlocking America&#039;s Potential\",\"publisher\":{\"@id\":\"https:\/\/www.avance.org\/#organization\"},\"potentialAction\":[{\"@type\":\"SearchAction\",\"target\":{\"@type\":\"EntryPoint\",\"urlTemplate\":\"https:\/\/www.avance.org\/?s={search_term_string}\"},\"query-input\":{\"@type\":\"PropertyValueSpecification\",\"valueRequired\":true,\"valueName\":\"search_term_string\"}}],\"inLanguage\":\"es-MX\"},{\"@type\":\"Organization\",\"@id\":\"https:\/\/www.avance.org\/#organization\",\"name\":\"AVANCE\",\"url\":\"https:\/\/www.avance.org\/\",\"logo\":{\"@type\":\"ImageObject\",\"inLanguage\":\"es-MX\",\"@id\":\"https:\/\/www.avance.org\/#\/schema\/logo\/image\/\",\"url\":\"https:\/\/www.avance.org\/wp-content\/uploads\/2022\/07\/logo.svg\",\"contentUrl\":\"https:\/\/www.avance.org\/wp-content\/uploads\/2022\/07\/logo.svg\",\"caption\":\"AVANCE\"},\"image\":{\"@id\":\"https:\/\/www.avance.org\/#\/schema\/logo\/image\/\"},\"sameAs\":[\"https:\/\/www.facebook.com\/AVANCEinc\/\",\"https:\/\/x.com\/AVANCEinc\",\"https:\/\/www.instagram.com\/avance__inc\/\",\"https:\/\/www.linkedin.com\/company\/avance-inc\"]}]}<\/script>\n<!-- \/ Yoast SEO Premium plugin. -->","yoast_head_json":{"title":"AVANCE to College for Families - AVANCE","description":"AVANCE to College is a FREE 9-month program that supports caregivers with young children in becoming their child's first teachers at home while empowering them to pursue opportunities for continued education and workforce upskilling.","robots":{"index":"index","follow":"follow","max-snippet":"max-snippet:-1","max-image-preview":"max-image-preview:large","max-video-preview":"max-video-preview:-1"},"canonical":"https:\/\/www.avance.org\/es\/programs\/avancetocollege-families\/","og_locale":"es_MX","og_type":"article","og_title":"AVANCE to College","og_description":"AVANCE to College is a FREE 9-month program that supports caregivers with young children in becoming their child's first teachers at home while empowering them to pursue opportunities for continued education and workforce upskilling.","og_url":"https:\/\/www.avance.org\/es\/programs\/avancetocollege-families\/","og_site_name":"AVANCE","article_publisher":"https:\/\/www.facebook.com\/AVANCEinc\/","article_modified_time":"2026-02-19T20:42:19+00:00","og_image":[{"width":800,"height":571,"url":"https:\/\/www.avance.org\/wp-content\/uploads\/2024\/10\/a2c-ep-800x571-1.png","type":"image\/png"}],"twitter_card":"summary_large_image","twitter_title":"AVANCE Parent-Child Education Program (PCEP)","twitter_image":"https:\/\/www.avance.org\/wp-content\/uploads\/2024\/06\/pcep-mother-daughter-2000x1333-1.png","twitter_site":"@AVANCEinc","twitter_misc":{"Tiempo de lectura":"3 minutos"},"schema":{"@context":"https:\/\/schema.org","@graph":[{"@type":"WebPage","@id":"https:\/\/www.avance.org\/programs\/avancetocollege-families\/","url":"https:\/\/www.avance.org\/programs\/avancetocollege-families\/","name":"AVANCE to College for Families - AVANCE","isPartOf":{"@id":"https:\/\/www.avance.org\/#website"},"primaryImageOfPage":{"@id":"https:\/\/www.avance.org\/programs\/avancetocollege-families\/#primaryimage"},"image":{"@id":"https:\/\/www.avance.org\/programs\/avancetocollege-families\/#primaryimage"},"thumbnailUrl":"https:\/\/www.avance.org\/wp-content\/uploads\/2024\/08\/AVANCE-to-College-white-1024x342.png","datePublished":"2024-10-31T15:34:19+00:00","dateModified":"2026-02-19T20:42:19+00:00","description":"AVANCE to College is a FREE 9-month program that supports caregivers with young children in becoming their child's first teachers at home while empowering them to pursue opportunities for continued education and workforce upskilling.","breadcrumb":{"@id":"https:\/\/www.avance.org\/programs\/avancetocollege-families\/#breadcrumb"},"inLanguage":"es-MX","potentialAction":[{"@type":"ReadAction","target":["https:\/\/www.avance.org\/programs\/avancetocollege-families\/"]}]},{"@type":"ImageObject","inLanguage":"es-MX","@id":"https:\/\/www.avance.org\/programs\/avancetocollege-families\/#primaryimage","url":"https:\/\/www.avance.org\/wp-content\/uploads\/2024\/08\/AVANCE-to-College-white-1024x342.png","contentUrl":"https:\/\/www.avance.org\/wp-content\/uploads\/2024\/08\/AVANCE-to-College-white-1024x342.png"},{"@type":"BreadcrumbList","@id":"https:\/\/www.avance.org\/programs\/avancetocollege-families\/#breadcrumb","itemListElement":[{"@type":"ListItem","position":1,"name":"Home","item":"https:\/\/www.avance.org\/"},{"@type":"ListItem","position":2,"name":"Programs","item":"https:\/\/www.avance.org\/programs\/"},{"@type":"ListItem","position":3,"name":"AVANCE to College for Families"}]},{"@type":"WebSite","@id":"https:\/\/www.avance.org\/#website","url":"https:\/\/www.avance.org\/","name":"AVANCE","description":"Unlocking America&#039;s Potential","publisher":{"@id":"https:\/\/www.avance.org\/#organization"},"potentialAction":[{"@type":"SearchAction","target":{"@type":"EntryPoint","urlTemplate":"https:\/\/www.avance.org\/?s={search_term_string}"},"query-input":{"@type":"PropertyValueSpecification","valueRequired":true,"valueName":"search_term_string"}}],"inLanguage":"es-MX"},{"@type":"Organization","@id":"https:\/\/www.avance.org\/#organization","name":"AVANCE","url":"https:\/\/www.avance.org\/","logo":{"@type":"ImageObject","inLanguage":"es-MX","@id":"https:\/\/www.avance.org\/#\/schema\/logo\/image\/","url":"https:\/\/www.avance.org\/wp-content\/uploads\/2022\/07\/logo.svg","contentUrl":"https:\/\/www.avance.org\/wp-content\/uploads\/2022\/07\/logo.svg","caption":"AVANCE"},"image":{"@id":"https:\/\/www.avance.org\/#\/schema\/logo\/image\/"},"sameAs":["https:\/\/www.facebook.com\/AVANCEinc\/","https:\/\/x.com\/AVANCEinc","https:\/\/www.instagram.com\/avance__inc\/","https:\/\/www.linkedin.com\/company\/avance-inc"]}]}},"post_mailing_queue_ids":[],"_links":{"self":[{"href":"https:\/\/www.avance.org\/es\/wp-json\/wp\/v2\/pages\/6489","targetHints":{"allow":["GET"]}}],"collection":[{"href":"https:\/\/www.avance.org\/es\/wp-json\/wp\/v2\/pages"}],"about":[{"href":"https:\/\/www.avance.org\/es\/wp-json\/wp\/v2\/types\/page"}],"author":[{"embeddable":true,"href":"https:\/\/www.avance.org\/es\/wp-json\/wp\/v2\/users\/22"}],"replies":[{"embeddable":true,"href":"https:\/\/www.avance.org\/es\/wp-json\/wp\/v2\/comments?post=6489"}],"version-history":[{"count":7,"href":"https:\/\/www.avance.org\/es\/wp-json\/wp\/v2\/pages\/6489\/revisions"}],"predecessor-version":[{"id":7478,"href":"https:\/\/www.avance.org\/es\/wp-json\/wp\/v2\/pages\/6489\/revisions\/7478"}],"up":[{"embeddable":true,"href":"https:\/\/www.avance.org\/es\/wp-json\/wp\/v2\/pages\/165"}],"wp:attachment":[{"href":"https:\/\/www.avance.org\/es\/wp-json\/wp\/v2\/media?parent=6489"}],"curies":[{"name":"wp","href":"https:\/\/api.w.org\/{rel}","templated":true}]}}