{"id":5934,"date":"2024-07-08T09:08:34","date_gmt":"2024-07-08T14:08:34","guid":{"rendered":"https:\/\/www.avance.org\/?page_id=5934"},"modified":"2024-08-22T15:08:39","modified_gmt":"2024-08-22T20:08:39","slug":"speakers","status":"publish","type":"page","link":"https:\/\/www.avance.org\/es\/2gen24\/speakers\/","title":{"rendered":"Guest Speakers &#8211; 2Gen Conference 2024"},"content":{"rendered":"<img loading=\"lazy\" decoding=\"async\" src=\"https:\/\/www.avance.org\/wp-content\/uploads\/2023\/07\/2023-2gencon-logo-800x357-white.png\" alt=\"2023 AVANCE Two-Generation Learning Conference logo\" itemprop=\"image\" height=\"359\" width=\"801\" title=\"2023-2gencon-logo-800x357-white\" onerror=\"this.style.display='none'\"  \/>\n\t<h2><strong>La Conferencia de Aprendizaje de Dos Generaciones AVANCE 2024<\/strong><\/h2>\n\t<h3>August 21 &#8211; 23, 2024\u00a0 \u00a0 \u00a0|\u00a0 \u00a0 \u00a0The Westin San Antonio North<\/h3>\n\t<h2><strong>CONFERENCISTAS INVITADOS<\/strong><\/h2>\n\t<p class=\"translation-block\">Adem\u00e1s de talleres, paneles de discusi\u00f3n y aprendizaje entre pares, la conferencia de este a\u00f1o cuenta con invitados especiales que compartir\u00e1n su experiencia y puntos de vista sobre una variedad de temas. Estos conferencistas ofrecer\u00e1n a los asistentes nuevas herramientas para el desarrollo profesional y nuevas perspectivas para abordar las necesidades de nuestras familias. Explore m\u00e1s sobre los conferencistas especiales de este a\u00f1o a continuaci\u00f3n.<\/p>\n<p>&nbsp;<\/p>\n<p><em>Esta p\u00e1gina se actualizar\u00e1 conforme haya novedades, as\u00ed que te invitamos a visitarla nuevamente m\u00e1s adelante.<\/em><\/p>\n\t\t\t\t<a href=\"#wow-modal-id-30\" target=\"_self\" itemprop=\"url\" rel=\"noopener\">\n\t\t\t\t<img loading=\"lazy\" decoding=\"async\" src=\"https:\/\/www.avance.org\/wp-content\/uploads\/2023\/08\/CBridger-headshot-300x300-1-150x150.png\" alt=\"Colleen Bridger Bio\" itemprop=\"image\" height=\"150\" width=\"150\" title=\"Colleen Bridger Bio\" onerror=\"this.style.display='none'\"  \/>\n\t\t\t\t<\/a>\n\t<p><a href=\"#wow-modal-id-30\"><strong>Colleen Bridger, MPH, PhD <\/strong><\/a><\/p>\n\t\t\t\t<a href=\"#wow-modal-id-17\" target=\"_self\" itemprop=\"url\" rel=\"noopener\">\n\t\t\t\t<img loading=\"lazy\" decoding=\"async\" src=\"https:\/\/www.avance.org\/wp-content\/uploads\/2024\/07\/Claudia-bio-pic-150x150.png\" alt=\"Claudia-bio-pic\" itemprop=\"image\" height=\"150\" width=\"150\" title=\"Claudia-bio-pic\" onerror=\"this.style.display='none'\"  \/>\n\t\t\t\t<\/a>\n\t<p><a href=\"#wow-modal-id-17\"><strong>Dra. Claudia Kramer Santamaria<\/strong><\/a><\/p>\n\t\t\t\t<a href=\"#wow-modal-id-32\" target=\"_self\" itemprop=\"url\" rel=\"noopener\">\n\t\t\t\t<img loading=\"lazy\" decoding=\"async\" src=\"https:\/\/www.avance.org\/wp-content\/uploads\/2023\/08\/MEscobal-headshot-300x300-1-150x150.png\" alt=\"Melinda Escobal Bio\" itemprop=\"image\" height=\"150\" width=\"150\" title=\"Melinda Escobal Bio\" onerror=\"this.style.display='none'\"  \/>\n\t\t\t\t<\/a>\n\t<p><a href=\"#wow-modal-id-32\"><strong>Melinda Escobal<\/strong><\/a><\/p>\n\t\t\t\t<a href=\"#wow-modal-id-48\" target=\"_self\" itemprop=\"url\" rel=\"noopener\">\n\t\t\t\t<img loading=\"lazy\" decoding=\"async\" src=\"https:\/\/www.avance.org\/wp-content\/uploads\/2024\/07\/melinda-gonzalez-400x400-1-150x150.png\" alt=\"melinda-gonzalez-400x400\" itemprop=\"image\" height=\"150\" width=\"150\" title=\"melinda-gonzalez-400x400\" onerror=\"this.style.display='none'\"  \/>\n\t\t\t\t<\/a>\n\t<p><a href=\"#wow-modal-id-48\"><strong>Melinda Gonzalez<\/strong><\/a><\/p>\n\t\t\t\t<a href=\"#wow-modal-id-40\" target=\"_self\" itemprop=\"url\" rel=\"noopener\">\n\t\t\t\t<img loading=\"lazy\" decoding=\"async\" src=\"https:\/\/www.avance.org\/wp-content\/uploads\/2024\/06\/Iliana-Alanis-2x2-1-150x150.png\" alt=\"Iliana-Alanis-2x2\" itemprop=\"image\" height=\"150\" width=\"150\" title=\"Iliana-Alanis-2x2\" onerror=\"this.style.display='none'\"  \/>\n\t\t\t\t<\/a>\n\t<p><a href=\"#wow-modal-id-40\"><strong>Dra. Iliana Alan\u00eds<\/strong><\/a><\/p>\n\t\t\t\t<a href=\"#wow-modal-id-49\" target=\"_self\" itemprop=\"url\" rel=\"noopener\">\n\t\t\t\t<img loading=\"lazy\" decoding=\"async\" src=\"https:\/\/www.avance.org\/wp-content\/uploads\/2024\/08\/DrGloriaMartinez-200x200-1-150x150.png\" alt=\"DrGloriaMartinez-200x200\" itemprop=\"image\" height=\"150\" width=\"150\" title=\"DrGloriaMartinez-200x200\" onerror=\"this.style.display='none'\"  \/>\n\t\t\t\t<\/a>\n\t<p><a href=\"#wow-modal-id-49\"><strong>Dra. Gloria Martinez<\/strong><\/a><\/p>\n\t\t\t\t<a href=\"#wow-modal-id-52\" target=\"_self\" itemprop=\"url\" rel=\"noopener\">\n\t\t\t\t<img loading=\"lazy\" decoding=\"async\" src=\"https:\/\/www.avance.org\/wp-content\/uploads\/2024\/08\/DrIrmaGuerra-400x400-1-300x300.png\" alt=\"DrIrmaGuerra-400x400\" itemprop=\"image\" height=\"300\" width=\"300\" title=\"DrIrmaGuerra-400x400\" onerror=\"this.style.display='none'\"  \/>\n\t\t\t\t<\/a>\n\t<p><a href=\"#wow-modal-id-52\"><strong>Dr. Irma Guerra<\/strong><\/a><\/p>\n\t\t\t\t<a href=\"#wow-modal-id-51\" target=\"_self\" itemprop=\"url\" rel=\"noopener\">\n\t\t\t\t<img loading=\"lazy\" decoding=\"async\" src=\"https:\/\/www.avance.org\/wp-content\/uploads\/2024\/08\/DrCatherineOBrien.png\" alt=\"DrCatherineOBrien\" itemprop=\"image\" height=\"171\" width=\"171\" title=\"DrCatherineOBrien\" onerror=\"this.style.display='none'\"  \/>\n\t\t\t\t<\/a>\n\t<p><a href=\"#wow-modal-id-51\"><strong>Dr. Catherine O&#8217;Brien<\/strong><\/a><\/p>\n\t\t\t\t<a href=\"#wow-modal-id-54\" target=\"_self\" itemprop=\"url\" rel=\"noopener\">\n\t\t\t\t<img loading=\"lazy\" decoding=\"async\" src=\"https:\/\/www.avance.org\/wp-content\/uploads\/2024\/08\/Marisa-Mendez-400x400-1.png\" alt=\"Marisa-Mendez-400x400\" itemprop=\"image\" height=\"400\" width=\"400\" title=\"Marisa-Mendez-400x400\" onerror=\"this.style.display='none'\"  \/>\n\t\t\t\t<\/a>\n\t<p><a href=\"#wow-modal-id-54\"><strong>Marisa Mendez<\/strong><\/a><\/p>\n\t\t\t\t<a href=\"#wow-modal-id-53\" target=\"_self\" itemprop=\"url\" rel=\"noopener\">\n\t\t\t\t<img loading=\"lazy\" decoding=\"async\" src=\"https:\/\/www.avance.org\/wp-content\/uploads\/2024\/08\/ana-de-hoyos-oconnor-4x4-1.png\" alt=\"ana-de-hoyos-oconnor-4x4\" itemprop=\"image\" height=\"400\" width=\"400\" title=\"ana-de-hoyos-oconnor-4x4\" onerror=\"this.style.display='none'\"  \/>\n\t\t\t\t<\/a>\n\t<p><a href=\"#wow-modal-id-53\"><strong>Ana De Hoyos O&#8217;Connor<\/strong><\/a><\/p>","protected":false},"excerpt":{"rendered":"<p>2024 AVANCE Two-Generation Learning Conference August 21 &#8211; 23, 2024\u00a0 \u00a0 \u00a0|\u00a0 \u00a0 \u00a0The Westin San Antonio North GUEST SPEAKERS In addition to workshops, panel discussions, and peer learning, this year&#8217;s conference features several special guest speakers who will share their expertise and perspective on a range of topics to provide attendees with new tools &#8230; <a title=\"Guest Speakers &#8211; 2Gen Conference 2024\" class=\"read-more\" href=\"https:\/\/www.avance.org\/es\/2gen24\/speakers\/\" aria-label=\"M\u00e1s en Guest Speakers &#8211; 2Gen Conference 2024\">Leer m\u00e1s<\/a><\/p>","protected":false},"author":22,"featured_media":0,"parent":5578,"menu_order":1,"comment_status":"closed","ping_status":"closed","template":"","meta":{"inline_featured_image":false,"footnotes":""},"class_list":["post-5934","page","type-page","status-publish"],"yoast_head":"<!-- This site is optimized with the Yoast SEO Premium plugin v25.3 (Yoast SEO v25.3) - https:\/\/yoast.com\/wordpress\/plugins\/seo\/ -->\n<title>Guest Speakers - 2Gen Conference 2024 - AVANCE<\/title>\n<meta name=\"description\" content=\"The 2024 AVANCE Two-Generation Learning Conference will take place August 21 - 23, 2024, at The Westin San Antonio North in San Antonio, Texas.\" \/>\n<meta name=\"robots\" content=\"index, follow, max-snippet:-1, max-image-preview:large, max-video-preview:-1\" \/>\n<link rel=\"canonical\" href=\"https:\/\/www.avance.org\/es\/2gen24\/speakers\/\" \/>\n<meta property=\"og:locale\" content=\"es_MX\" \/>\n<meta property=\"og:type\" content=\"article\" \/>\n<meta property=\"og:title\" content=\"Guest Speakers - 2Gen Conference 2024\" \/>\n<meta property=\"og:description\" content=\"The 2024 AVANCE Two-Generation Learning Conference will take place August 21 - 23, 2024, at The Westin San Antonio North in San Antonio, Texas.\" \/>\n<meta property=\"og:url\" content=\"https:\/\/www.avance.org\/es\/2gen24\/speakers\/\" \/>\n<meta property=\"og:site_name\" content=\"AVANCE\" \/>\n<meta property=\"article:publisher\" content=\"https:\/\/www.facebook.com\/AVANCEinc\/\" \/>\n<meta property=\"article:modified_time\" content=\"2024-08-22T20:08:39+00:00\" \/>\n<meta property=\"og:image\" content=\"https:\/\/www.avance.org\/wp-content\/uploads\/2023\/07\/2023-2gencon-logo-800x357-white.png\" \/>\n<meta name=\"twitter:card\" content=\"summary_large_image\" \/>\n<meta name=\"twitter:site\" content=\"@AVANCEinc\" \/>\n<meta name=\"twitter:label1\" content=\"Tiempo de lectura\" \/>\n\t<meta name=\"twitter:data1\" content=\"2 minutos\" \/>\n<script type=\"application\/ld+json\" class=\"yoast-schema-graph\">{\"@context\":\"https:\/\/schema.org\",\"@graph\":[{\"@type\":\"WebPage\",\"@id\":\"https:\/\/www.avance.org\/2gen24\/speakers\/\",\"url\":\"https:\/\/www.avance.org\/2gen24\/speakers\/\",\"name\":\"Guest Speakers - 2Gen Conference 2024 - AVANCE\",\"isPartOf\":{\"@id\":\"https:\/\/www.avance.org\/#website\"},\"primaryImageOfPage\":{\"@id\":\"https:\/\/www.avance.org\/2gen24\/speakers\/#primaryimage\"},\"image\":{\"@id\":\"https:\/\/www.avance.org\/2gen24\/speakers\/#primaryimage\"},\"thumbnailUrl\":\"https:\/\/www.avance.org\/wp-content\/uploads\/2023\/07\/2023-2gencon-logo-800x357-white.png\",\"datePublished\":\"2024-07-08T14:08:34+00:00\",\"dateModified\":\"2024-08-22T20:08:39+00:00\",\"description\":\"The 2024 AVANCE Two-Generation Learning Conference will take place August 21 - 23, 2024, at The Westin San Antonio North in San Antonio, Texas.\",\"breadcrumb\":{\"@id\":\"https:\/\/www.avance.org\/2gen24\/speakers\/#breadcrumb\"},\"inLanguage\":\"es-MX\",\"potentialAction\":[{\"@type\":\"ReadAction\",\"target\":[\"https:\/\/www.avance.org\/2gen24\/speakers\/\"]}]},{\"@type\":\"ImageObject\",\"inLanguage\":\"es-MX\",\"@id\":\"https:\/\/www.avance.org\/2gen24\/speakers\/#primaryimage\",\"url\":\"https:\/\/www.avance.org\/wp-content\/uploads\/2023\/07\/2023-2gencon-logo-800x357-white.png\",\"contentUrl\":\"https:\/\/www.avance.org\/wp-content\/uploads\/2023\/07\/2023-2gencon-logo-800x357-white.png\"},{\"@type\":\"BreadcrumbList\",\"@id\":\"https:\/\/www.avance.org\/2gen24\/speakers\/#breadcrumb\",\"itemListElement\":[{\"@type\":\"ListItem\",\"position\":1,\"name\":\"Home\",\"item\":\"https:\/\/www.avance.org\/\"},{\"@type\":\"ListItem\",\"position\":2,\"name\":\"2024 AVANCE Two-Generation Learning Conference\",\"item\":\"https:\/\/www.avance.org\/2gen24\/\"},{\"@type\":\"ListItem\",\"position\":3,\"name\":\"Guest Speakers &#8211; 2Gen Conference 2024\"}]},{\"@type\":\"WebSite\",\"@id\":\"https:\/\/www.avance.org\/#website\",\"url\":\"https:\/\/www.avance.org\/\",\"name\":\"AVANCE\",\"description\":\"Unlocking America&#039;s Potential\",\"publisher\":{\"@id\":\"https:\/\/www.avance.org\/#organization\"},\"potentialAction\":[{\"@type\":\"SearchAction\",\"target\":{\"@type\":\"EntryPoint\",\"urlTemplate\":\"https:\/\/www.avance.org\/?s={search_term_string}\"},\"query-input\":{\"@type\":\"PropertyValueSpecification\",\"valueRequired\":true,\"valueName\":\"search_term_string\"}}],\"inLanguage\":\"es-MX\"},{\"@type\":\"Organization\",\"@id\":\"https:\/\/www.avance.org\/#organization\",\"name\":\"AVANCE\",\"url\":\"https:\/\/www.avance.org\/\",\"logo\":{\"@type\":\"ImageObject\",\"inLanguage\":\"es-MX\",\"@id\":\"https:\/\/www.avance.org\/#\/schema\/logo\/image\/\",\"url\":\"https:\/\/www.avance.org\/wp-content\/uploads\/2022\/07\/logo.svg\",\"contentUrl\":\"https:\/\/www.avance.org\/wp-content\/uploads\/2022\/07\/logo.svg\",\"caption\":\"AVANCE\"},\"image\":{\"@id\":\"https:\/\/www.avance.org\/#\/schema\/logo\/image\/\"},\"sameAs\":[\"https:\/\/www.facebook.com\/AVANCEinc\/\",\"https:\/\/x.com\/AVANCEinc\",\"https:\/\/www.instagram.com\/avance__inc\/\",\"https:\/\/www.linkedin.com\/company\/avance-inc\"]}]}<\/script>\n<!-- \/ Yoast SEO Premium plugin. -->","yoast_head_json":{"title":"Guest Speakers - 2Gen Conference 2024 - AVANCE","description":"The 2024 AVANCE Two-Generation Learning Conference will take place August 21 - 23, 2024, at The Westin San Antonio North in San Antonio, Texas.","robots":{"index":"index","follow":"follow","max-snippet":"max-snippet:-1","max-image-preview":"max-image-preview:large","max-video-preview":"max-video-preview:-1"},"canonical":"https:\/\/www.avance.org\/es\/2gen24\/speakers\/","og_locale":"es_MX","og_type":"article","og_title":"Guest Speakers - 2Gen Conference 2024","og_description":"The 2024 AVANCE Two-Generation Learning Conference will take place August 21 - 23, 2024, at The Westin San Antonio North in San Antonio, Texas.","og_url":"https:\/\/www.avance.org\/es\/2gen24\/speakers\/","og_site_name":"AVANCE","article_publisher":"https:\/\/www.facebook.com\/AVANCEinc\/","article_modified_time":"2024-08-22T20:08:39+00:00","og_image":[{"url":"https:\/\/www.avance.org\/wp-content\/uploads\/2023\/07\/2023-2gencon-logo-800x357-white.png","type":"","width":"","height":""}],"twitter_card":"summary_large_image","twitter_site":"@AVANCEinc","twitter_misc":{"Tiempo de lectura":"2 minutos"},"schema":{"@context":"https:\/\/schema.org","@graph":[{"@type":"WebPage","@id":"https:\/\/www.avance.org\/2gen24\/speakers\/","url":"https:\/\/www.avance.org\/2gen24\/speakers\/","name":"Guest Speakers - 2Gen Conference 2024 - AVANCE","isPartOf":{"@id":"https:\/\/www.avance.org\/#website"},"primaryImageOfPage":{"@id":"https:\/\/www.avance.org\/2gen24\/speakers\/#primaryimage"},"image":{"@id":"https:\/\/www.avance.org\/2gen24\/speakers\/#primaryimage"},"thumbnailUrl":"https:\/\/www.avance.org\/wp-content\/uploads\/2023\/07\/2023-2gencon-logo-800x357-white.png","datePublished":"2024-07-08T14:08:34+00:00","dateModified":"2024-08-22T20:08:39+00:00","description":"The 2024 AVANCE Two-Generation Learning Conference will take place August 21 - 23, 2024, at The Westin San Antonio North in San Antonio, Texas.","breadcrumb":{"@id":"https:\/\/www.avance.org\/2gen24\/speakers\/#breadcrumb"},"inLanguage":"es-MX","potentialAction":[{"@type":"ReadAction","target":["https:\/\/www.avance.org\/2gen24\/speakers\/"]}]},{"@type":"ImageObject","inLanguage":"es-MX","@id":"https:\/\/www.avance.org\/2gen24\/speakers\/#primaryimage","url":"https:\/\/www.avance.org\/wp-content\/uploads\/2023\/07\/2023-2gencon-logo-800x357-white.png","contentUrl":"https:\/\/www.avance.org\/wp-content\/uploads\/2023\/07\/2023-2gencon-logo-800x357-white.png"},{"@type":"BreadcrumbList","@id":"https:\/\/www.avance.org\/2gen24\/speakers\/#breadcrumb","itemListElement":[{"@type":"ListItem","position":1,"name":"Home","item":"https:\/\/www.avance.org\/"},{"@type":"ListItem","position":2,"name":"2024 AVANCE Two-Generation Learning Conference","item":"https:\/\/www.avance.org\/2gen24\/"},{"@type":"ListItem","position":3,"name":"Guest Speakers &#8211; 2Gen Conference 2024"}]},{"@type":"WebSite","@id":"https:\/\/www.avance.org\/#website","url":"https:\/\/www.avance.org\/","name":"AVANCE","description":"Unlocking America&#039;s Potential","publisher":{"@id":"https:\/\/www.avance.org\/#organization"},"potentialAction":[{"@type":"SearchAction","target":{"@type":"EntryPoint","urlTemplate":"https:\/\/www.avance.org\/?s={search_term_string}"},"query-input":{"@type":"PropertyValueSpecification","valueRequired":true,"valueName":"search_term_string"}}],"inLanguage":"es-MX"},{"@type":"Organization","@id":"https:\/\/www.avance.org\/#organization","name":"AVANCE","url":"https:\/\/www.avance.org\/","logo":{"@type":"ImageObject","inLanguage":"es-MX","@id":"https:\/\/www.avance.org\/#\/schema\/logo\/image\/","url":"https:\/\/www.avance.org\/wp-content\/uploads\/2022\/07\/logo.svg","contentUrl":"https:\/\/www.avance.org\/wp-content\/uploads\/2022\/07\/logo.svg","caption":"AVANCE"},"image":{"@id":"https:\/\/www.avance.org\/#\/schema\/logo\/image\/"},"sameAs":["https:\/\/www.facebook.com\/AVANCEinc\/","https:\/\/x.com\/AVANCEinc","https:\/\/www.instagram.com\/avance__inc\/","https:\/\/www.linkedin.com\/company\/avance-inc"]}]}},"post_mailing_queue_ids":[],"_links":{"self":[{"href":"https:\/\/www.avance.org\/es\/wp-json\/wp\/v2\/pages\/5934","targetHints":{"allow":["GET"]}}],"collection":[{"href":"https:\/\/www.avance.org\/es\/wp-json\/wp\/v2\/pages"}],"about":[{"href":"https:\/\/www.avance.org\/es\/wp-json\/wp\/v2\/types\/page"}],"author":[{"embeddable":true,"href":"https:\/\/www.avance.org\/es\/wp-json\/wp\/v2\/users\/22"}],"replies":[{"embeddable":true,"href":"https:\/\/www.avance.org\/es\/wp-json\/wp\/v2\/comments?post=5934"}],"version-history":[{"count":10,"href":"https:\/\/www.avance.org\/es\/wp-json\/wp\/v2\/pages\/5934\/revisions"}],"predecessor-version":[{"id":6279,"href":"https:\/\/www.avance.org\/es\/wp-json\/wp\/v2\/pages\/5934\/revisions\/6279"}],"up":[{"embeddable":true,"href":"https:\/\/www.avance.org\/es\/wp-json\/wp\/v2\/pages\/5578"}],"wp:attachment":[{"href":"https:\/\/www.avance.org\/es\/wp-json\/wp\/v2\/media?parent=5934"}],"curies":[{"name":"wp","href":"https:\/\/api.w.org\/{rel}","templated":true}]}}