{"id":5907,"date":"2024-07-08T08:55:02","date_gmt":"2024-07-08T13:55:02","guid":{"rendered":"https:\/\/www.avance.org\/?page_id=5907"},"modified":"2024-08-09T14:54:02","modified_gmt":"2024-08-09T19:54:02","slug":"schedule","status":"publish","type":"page","link":"https:\/\/www.avance.org\/es\/2gen24\/schedule\/","title":{"rendered":"Schedule &#8211; 2Gen Conference 2024"},"content":{"rendered":"<img loading=\"lazy\" decoding=\"async\" src=\"https:\/\/www.avance.org\/wp-content\/uploads\/2023\/07\/2023-2gencon-logo-800x357-white.png\" alt=\"2023 AVANCE Two-Generation Learning Conference logo\" itemprop=\"image\" height=\"359\" width=\"801\" title=\"2023-2gencon-logo-800x357-white\" onerror=\"this.style.display='none'\"  \/>\n\t<h2><strong>La Conferencia de Aprendizaje de Dos Generaciones AVANCE 2024<\/strong><\/h2>\n\t<h3>August 21 &#8211; 23, 2024\u00a0 \u00a0 \u00a0|\u00a0 \u00a0 \u00a0The Westin San Antonio North<\/h3>\n\t<h2><strong>HORARIO<\/strong><\/h2>\n\t<p>A continuaci\u00f3n, se muestra el horario aproximado para cada d\u00eda de <strong>La Conferencia de Aprendizaje de Dos Generaciones AVANCE 2024<\/strong>. Para cada sesi\u00f3n, hemos proporcionado el nombre de la sesi\u00f3n, el p\u00fablico objetivo, el nombre del sal\u00f3n y el idioma. <em>El horario est\u00e1 sujeto a cambios. Aseg\u00farese de volver para ver las actualizaciones.<\/em><\/p>\n<p>&nbsp;<\/p>\n\t<p>Tenga en cuenta que los asistentes estar\u00e1n por su cuenta para el almuerzo. Visite nuestra <a href=\"https:\/\/www.avance.org\/es\/2gen24\/lunch\/\">P\u00e1gina de Almuerzo<\/a> para obtener una lista de restaurantes cerca del Westin San Antonio North.<\/p>\n\t\t\t<a href=\"https:\/\/www.avance.org\/es\/2gen24\/lunch\/\" target=\"_self\" role=\"button\" rel=\"noopener\">\n\t\t\t\t\t\t\tALMUERZO\n\t\t\t\t\t<\/a>\n\t\t\t\t\t\t\t\t<a href=\"#\" id=\"fl-tabs--label-0\" data-index=\"0\" aria-selected=\"true\" aria-controls=\"fl-tabs--panel-0\" aria-expanded=\"true\" role=\"tab\" tabindex=\"0\">\t\t\t\tD\u00eda 1\t\t\t\t<\/a>\n\t\t\t\t\t\t\t\t<a href=\"#\" id=\"fl-tabs--label-1\" data-index=\"1\" aria-selected=\"false\" aria-controls=\"fl-tabs--panel-1\" aria-expanded=\"false\" role=\"tab\" tabindex=\"0\">\t\t\t\tD\u00eda 2\t\t\t\t<\/a>\n\t\t\t\t\t\t\t\t<a href=\"#\" id=\"fl-tabs--label-2\" data-index=\"2\" aria-selected=\"false\" aria-controls=\"fl-tabs--panel-2\" aria-expanded=\"false\" role=\"tab\" tabindex=\"0\">\t\t\t\tD\u00eda 3\t\t\t\t<\/a>\n\t\t\t\t\t\tD\u00eda 1\n\t<h4>mi\u00e9rcoles, 21 de agosto (personal nuevo)<\/h4>\n\t<p><strong>HORA<\/strong><\/p>\n\t<p><strong>ACTIVIDAD\/TALLER<\/strong><\/p>\n\t<p><strong>8 &#8211; 8:30 AM<\/strong><\/p>\n\t<p><strong>DESAYUNO LIGERO\/ INSCRIPCI\u00d3N<\/strong><\/p>\n\t<p><strong>8:30 &#8211; 9:15 AM<\/strong><\/p>\n\t<strong>Apertura y CMS\/LMS<br \/>\nOpening Session \u00a0&amp; CMS\/LMS<br \/>\n<\/strong>Todos\/ All<br \/>\nBallrooms A &amp; B<br \/>\nBilingual\n\t<p><strong>9:15 &#8211; 10 AM<\/strong><\/p>\n\t<strong>Introducci\u00f3n y Repaso<br \/>\n<\/strong>Todos<br \/>\nBallrooms A &amp; B<br \/>\nespa\u00f1ol\u00a0\n\t<strong>Introduction and Overview<br \/>\n<\/strong>All<br \/>\nBallroom E<br \/>\nEnglish\n\t<p><strong>10 &#8211; 10:10 AM<\/strong><\/p>\n\t<p><b>DESCANSO\/ TRANSICI\u00d3N (10 min)<\/b><\/p>\n\t<p><strong>10:10 &#8211; 11 AM<\/strong><\/p>\n\t<strong>Clase de Padres<br \/>\n<\/strong>Todos<br \/>\nBallrooms A &amp; B<br \/>\nespa\u00f1ol<br \/>\n\n\t<strong>Parent Class<br \/>\n<\/strong>All<br \/>\nBallroom E<br \/>\nEnglish<br \/>\n\n\t<p><strong>11 &#8211; 11:05 AM<\/strong><\/p>\n\t<p><b>DESCANSO\/ TRANSICI\u00d3N (5 min)<\/b><\/p>\n\t<strong>11:05 &#8211;<br \/>\n11:55 AM<\/strong>\n\t<strong>Clase de Desarrollo Infantil<br \/>\n<\/strong>Todos<br \/>\nBallrooms A &amp; B<br \/>\nespa\u00f1ol<br \/>\n\n\t<strong>Early Childhood Class<br \/>\n<\/strong>All<br \/>\nBallroom E<br \/>\nEnglish<br \/>\n\n\t<strong>11:55 AM &#8211;<br \/>\n1:10 PM<\/strong>\n\t<p><b>ALMUERZO (1 hr. 15 min)<\/b><\/p>\n\t<p><strong>1:10 &#8211; 2 PM<\/strong><\/p>\n\t<strong>Clase de Juguetes<br \/>\n<\/strong>Todos<br \/>\nBallrooms A &amp; B<br \/>\nespa\u00f1ol<br \/>\n\n\t<strong>Toy Making Class<br \/>\n<\/strong>All<br \/>\nBallroom E<br \/>\nEnglish\n\t<p><strong>2 &#8211; 2:10 PM<\/strong><\/p>\n\t<p><b>DESCANSO\/ TRANSICI\u00d3N (10 min)<\/b><\/p>\n\t<p><strong>2:10 &#8211; 3 PM<\/strong><\/p>\n\t<strong>Visitas a Casa<br \/>\n<\/strong>Todos<br \/>\nBallrooms A &amp; B<br \/>\nespa\u00f1ol\n\t<strong>Visitas a Casa<br \/>\n<\/strong>All<br \/>\nBallroom E<br \/>\nEnglish\n\t<p><strong>3 &#8211; 3:25 PM<\/strong><\/p>\n\t<b><strong>Sesi\u00f3n para cerrar<br \/>\nClosing Session<br \/>\n<\/strong><\/b>Todos\/ All<br \/>\nBallrooms A &amp; B<br \/>\nBilingual\n\t\t\t\t\t\tDay 2\n\t<h4>jueves, 22 de agosto (todo el personal)\u00a0<\/h4>\n\t<p><strong>HORA<\/strong><\/p>\n\t<p><strong>ACTIVIDAD\/TALLER<\/strong><\/p>\n\t<p><strong>8 &#8211; 8:30 AM<\/strong><\/p>\n\t<p><strong>DESAYUNO LIGERO\/ INSCRIPCI\u00d3N<\/strong><\/p>\n\t<p><strong>8:30 &#8211; 9:45 AM<\/strong><\/p>\n\t<strong>Apertura<\/strong><br \/>\n<strong>Opening Session<\/strong><br \/>\nTodos\/ All<br \/>\nBallrooms C &amp; D\n\t<p><strong>9:45 &#8211; 9:50 AM<\/strong><\/p>\n\t<p><b>DESCANSO\/ TRANSICI\u00d3N (5 min)<\/b><\/p>\n\t<p><strong>9:50 &#8211; 10:40 AM<\/strong><\/p>\n\t<strong>PCEP RCT Results: Dr. Jonathan Meyer &amp; Arianni Becerra<br \/>\n<\/strong>Todos\/ All<br \/>\nBallrooms C &amp; D\n\t<p><strong>10:40 &#8211; 10:50 AM<\/strong><\/p>\n\t<p><b>DESCANSO\/ TRANSICI\u00d3N (10 min)<\/b><\/p>\n\t<p><strong>10:50 &#8211; 11:50 AM<\/strong><\/p>\n\t<strong>Panel de Discusi\u00f3n<br \/>\n<\/strong>Todos\/ All<br \/>\nBallrooms C &amp; D<br \/>\nBilingual\n\t<p><strong>11:50 AM &#8211; 1 PM<\/strong><\/p>\n\t<p><b>ALMUERZO (1 hr. 10 min)<\/b><\/p>\n\t<p><strong>1 &#8211; 1:45 PM<\/strong><\/p>\n\t<strong>Protocol<br \/>\n<\/strong>LE<br \/>\nConference A<br \/>\nEnglish\n\t<strong>Toy Making Fidelity<br \/>\n<\/strong>TI<br \/>\nBallroom E<br \/>\nBilingual\n\t<strong>Home Visit Model<br \/>\n<\/strong>HV<br \/>\nBallroom F<br \/>\nBilingual\n\t<strong>Positive Guidance<br \/>\nMelinda Escobal<br \/>\n<\/strong>ECE<br \/>\nLa Joya<br \/>\nBilingual\n\t<strong>Learning Styles<br \/>\n<\/strong>PE<br \/>\nBallrooms A &amp; B<br \/>\nBilingual\n\t<p><strong>1:45 &#8211; 1:50 PM<\/strong><\/p>\n\t<p><b>DESCANSO\/ TRANSICI\u00d3N (5 min)<\/b><\/p>\n\t<p><strong>1:50 &#8211; 2:50 PM<\/strong><\/p>\n\t<strong>Repaso<br \/>\n<\/strong>Todos<br \/>\nLa Joya<br \/>\nespa\u00f1ol\n\t<strong>Overview<br \/>\n<\/strong>All<br \/>\nBallrooms A &amp; B<br \/>\nEnglish\n\t<p><strong>2:50 &#8211; 3:35 PM<\/strong><\/p>\n\t<strong>Confidencialidad HR<br \/>\n<\/strong>Todos<br \/>\nLa Joya<br \/>\nespa\u00f1ol\n\t<strong>HR Confidentiality<br \/>\n<\/strong>All<br \/>\nBallrooms A &amp; B<br \/>\nEnglish\n\t<p><strong>3:35 &#8211; 3:40 PM<\/strong><\/p>\n\t<p><b>DESCANSO\/ TRANSICI\u00d3N (5 min)<\/b><\/p>\n\t<p><strong>3:40 &#8211; 4:25 PM<\/strong><\/p>\n\t<strong>Manejo de Riesgos<br \/>\n<\/strong>Todos<br \/>\nLa Joya<br \/>\nespa\u00f1ol\n\t<strong>Risk Management<br \/>\n<\/strong>All<br \/>\nBallrooms A &amp; B<br \/>\nEnglish\n\t<p><strong>6:30 &#8211; 11:30 PM<\/strong><\/p>\n\t<b>Disco Reception<br \/>\n<\/b>Ballrooms C &amp; D\n\t\t\t\t\t\tDay 3\n\t<h4>viernes 23 de agosto (todo el personal)\u00a0<\/h4>\n\t<p><strong>HORA<\/strong><\/p>\n\t<p><strong>ACTIVIDAD\/TALLER<\/strong><\/p>\n\t<p><strong>8 &#8211; 8:30 AM<\/strong><\/p>\n\t<p><strong>DESAYUNO LIGERO\/ INSCRIPCI\u00d3N<\/strong><\/p>\n\t<p><strong>8:30 &#8211; 9 AM<\/strong><\/p>\n\t<strong>CMS\/LMS<br \/>\n<\/strong>All<br \/>\nBallrooms C &amp; D<br \/>\nBilingual\n\t<p><strong>9 &#8211; 10 AM<\/strong><\/p>\n\t<strong>Implementaci\u00f3n de dos idiomas<br \/>\nDra. Claudia Kramer Santamaria<br \/>\n<\/strong>Todos<br \/>\nBallrooms C &amp; D<br \/>\nespa\u00f1ol\n\t<strong>Networking\/ Q&amp;A<br \/>\n<\/strong>All<br \/>\nBallrooms A &amp; B<br \/>\nEnglish\n\t<p><strong>10 &#8211; 10:10 AM<\/strong><\/p>\n\t<p><strong>BREAK \/ TRANSITION (10 min)<\/strong><\/p>\n\t<p><strong>10:10 &#8211; 10:55 AM<\/strong><\/p>\n\t<strong>Networking\/ Q&amp;A<br \/>\n<\/strong>PE <br \/>\nBallrooms A &amp; B<br \/>\nBilingual\n\t<strong>Classroom Safety<br \/>\n<\/strong>ECE <br \/>\nLa Joya <br \/>\nespa\u00f1ol\n\t<strong>Networking\/ Q&amp;A<br \/>\n<\/strong>HV <br \/>\nBallroom F <br \/>\nBilingual\n\t<strong>Networking\/ Q&amp;A<br \/>\n<\/strong>TI <br \/>\nBallroom E<br \/>\nBilingual\n\t<strong>Dual Language Implementation<br \/>\nDra. Claudia Kramer Santamaria<br \/>\n<\/strong>All<br \/>\nBallrooms C &amp; D <br \/>\nEnglish\n\t<p><strong>10:55 &#8211; 11:45 AM<\/strong><\/p>\n\t<strong>Class Model Parenting<br \/>\n<\/strong>PE<strong><br \/>\n<\/strong>Ballrooms A &amp; B<br \/>\nBilingual\n\t<strong>PSF<br \/>\n<\/strong>LE<br \/>\nConference A<br \/>\nEnglish\n\t<strong>Home Visit Guide Review<br \/>\n<\/strong>HV<strong><br \/>\n<\/strong>Ballroom F <br \/>\nBilingual\n\t<strong>Model of the Possibility Sheet<br \/>\n<\/strong>TI<strong><br \/>\n<\/strong>Ballroom E<br \/>\nBilingual\n\t<strong>Developmental Play<br \/>\nMelinda Escobal<br \/>\n<\/strong>ECE<strong><br \/>\n<\/strong>La Joya <br \/>\nBilingual\n\t<p><strong>11:45 &#8211; 1 PM<\/strong><\/p>\n\t<p><strong>ALMUERZO (1 hr. 15 min)<\/strong><\/p>\n\t<p><strong>1 &#8211; 2 PM<\/strong><\/p>\n\t<strong>Guest Speaker: Dr. Colleen Bridger on Isolation and Loneliness<br \/>\n<\/strong>All<br \/>\nBallrooms C &amp; D<br \/>\n\n\t<p><strong>2 &#8211; 2:05 PM<\/strong><\/p>\n\t<p><strong>BREAK \/ TRANSITION (5 min)<\/strong><\/p>\n\t<p><strong>2:05 &#8211; 2:50 PM<\/strong><\/p>\n\t<strong>Mental Health<br \/>\n<\/strong>All<br \/>\nBallrooms C &amp; D<br \/>\nBilingual\n\t<p><strong>2:50 &#8211; 3:25 PM<\/strong><\/p>\n\t<strong>CLOSING<\/strong><br \/>\nAll<br \/>\nBallrooms C &amp; D<br \/>\nBilingual\n\t<p>PE = Educador\/a de Padres<\/p>\n\t<p>TI = Instructor\/a de Juguetes<\/p>\n\t<p>ECE = Maestros\/as de Educaci\u00f3n Infantil<\/p>\n\t<p>HV = Visitadores\/as del Hogar<\/p>\n\t<p>LE = Liderazgo<\/p>\n\t<h2><strong>MAPA<\/strong><\/h2>\n\t<p>Para ayudarlo a navegar por la conferencia, hemos proporcionado una lista de salones de reuniones y un mapa del Westin San Antonio North que destaca las ubicaciones de los salones correspondientes en cada piso.<\/p>\n\t\t\t<h3> Nivel 1<\/h3> <ul><li>Ballroom A<\/li><li>Ballroom B<\/li><li>Ballroom C<\/li><li>Ballroom D<\/li><li>Ballroom E<\/li><li>Ballroom F<\/li><li>La Joya<\/li><\/ul>\t\t\n\t\t\t<h3> Nivel 2<\/h3> <ul><li>Conference A<\/li><\/ul>\t\t\n\t\t\t\t\t\t\t\t<a href=\"#\" id=\"fl-tabs--label-0\" data-index=\"0\" aria-selected=\"true\" aria-controls=\"fl-tabs--panel-0\" aria-expanded=\"true\" role=\"tab\" tabindex=\"0\">\t\t\t\tNivel 1\t\t\t\t<\/a>\n\t\t\t\t\t\t\t\t<a href=\"#\" id=\"fl-tabs--label-1\" data-index=\"1\" aria-selected=\"false\" aria-controls=\"fl-tabs--panel-1\" aria-expanded=\"false\" role=\"tab\" tabindex=\"0\">\t\t\t\tNivel 2\t\t\t\t<\/a>\n\t\t\t\t\t\tNivel 1\n\t\t\t\t\t\t\t\t\t\t\t<p><img loading=\"lazy\" decoding=\"async\" src=\"https:\/\/www.avance.org\/wp-content\/uploads\/2024\/08\/WSAN-first-level-080924.png\" alt=\"\" width=\"800\" height=\"600\" \/><\/p>\n\t\t\t\t\t\tNivel 2\n\t\t\t\t\t\t\t\t\t\t\t<p><img loading=\"lazy\" decoding=\"async\" src=\"https:\/\/www.avance.org\/wp-content\/uploads\/2024\/08\/WSAN-second-level-080924.png\" alt=\"\" width=\"800\" height=\"600\" \/><\/p>","protected":false},"excerpt":{"rendered":"<p>2024 AVANCE Two-Generation Learning Conference August 21 &#8211; 23, 2024\u00a0 \u00a0 \u00a0|\u00a0 \u00a0 \u00a0The Westin San Antonio North SCHEDULE Below is the tentative schedule for each day of the 2024 AVANCE Two-Generation Learning Conference. For each session, we have provided the name of the session, the target audience, the room name, and the language. The &#8230; <a title=\"Schedule &#8211; 2Gen Conference 2024\" class=\"read-more\" href=\"https:\/\/www.avance.org\/es\/2gen24\/schedule\/\" aria-label=\"M\u00e1s en Schedule &#8211; 2Gen Conference 2024\">Leer m\u00e1s<\/a><\/p>","protected":false},"author":22,"featured_media":0,"parent":5578,"menu_order":0,"comment_status":"closed","ping_status":"closed","template":"","meta":{"inline_featured_image":false,"footnotes":""},"class_list":["post-5907","page","type-page","status-publish"],"yoast_head":"<!-- This site is optimized with the Yoast SEO Premium plugin v25.3 (Yoast SEO v25.3) - https:\/\/yoast.com\/wordpress\/plugins\/seo\/ -->\n<title>Schedule - 2Gen Conference 2024 - AVANCE<\/title>\n<meta name=\"description\" content=\"The 2024 AVANCE Two-Generation Learning Conference will take place from Wednesday, August 21 to Friday, August 23, 2024, at The Westin San Antonio North in San Antonio, Texas.\" \/>\n<meta name=\"robots\" content=\"index, follow, max-snippet:-1, max-image-preview:large, max-video-preview:-1\" \/>\n<link rel=\"canonical\" href=\"https:\/\/www.avance.org\/es\/2gen24\/schedule\/\" \/>\n<meta property=\"og:locale\" content=\"es_MX\" \/>\n<meta property=\"og:type\" content=\"article\" \/>\n<meta property=\"og:title\" content=\"Schedule - 2Gen Conference 2024\" \/>\n<meta property=\"og:description\" content=\"The 2024 AVANCE Two-Generation Learning Conference will take place from Wednesday, August 21 to Friday, August 23, 2024, at The Westin San Antonio North in San Antonio, Texas.\" \/>\n<meta property=\"og:url\" content=\"https:\/\/www.avance.org\/es\/2gen24\/schedule\/\" \/>\n<meta property=\"og:site_name\" content=\"AVANCE\" \/>\n<meta property=\"article:publisher\" content=\"https:\/\/www.facebook.com\/AVANCEinc\/\" \/>\n<meta property=\"article:modified_time\" content=\"2024-08-09T19:54:02+00:00\" \/>\n<meta property=\"og:image\" content=\"https:\/\/www.avance.org\/wp-content\/uploads\/2023\/07\/2023-2gencon-logo-800x357-white.png\" \/>\n<meta name=\"twitter:card\" content=\"summary_large_image\" \/>\n<meta name=\"twitter:site\" content=\"@AVANCEinc\" \/>\n<meta name=\"twitter:label1\" content=\"Tiempo de lectura\" \/>\n\t<meta name=\"twitter:data1\" content=\"4 minutos\" \/>\n<script type=\"application\/ld+json\" class=\"yoast-schema-graph\">{\"@context\":\"https:\/\/schema.org\",\"@graph\":[{\"@type\":\"WebPage\",\"@id\":\"https:\/\/www.avance.org\/2gen24\/schedule\/\",\"url\":\"https:\/\/www.avance.org\/2gen24\/schedule\/\",\"name\":\"Schedule - 2Gen Conference 2024 - AVANCE\",\"isPartOf\":{\"@id\":\"https:\/\/www.avance.org\/#website\"},\"primaryImageOfPage\":{\"@id\":\"https:\/\/www.avance.org\/2gen24\/schedule\/#primaryimage\"},\"image\":{\"@id\":\"https:\/\/www.avance.org\/2gen24\/schedule\/#primaryimage\"},\"thumbnailUrl\":\"https:\/\/www.avance.org\/wp-content\/uploads\/2023\/07\/2023-2gencon-logo-800x357-white.png\",\"datePublished\":\"2024-07-08T13:55:02+00:00\",\"dateModified\":\"2024-08-09T19:54:02+00:00\",\"description\":\"The 2024 AVANCE Two-Generation Learning Conference will take place from Wednesday, August 21 to Friday, August 23, 2024, at The Westin San Antonio North in San Antonio, Texas.\",\"breadcrumb\":{\"@id\":\"https:\/\/www.avance.org\/2gen24\/schedule\/#breadcrumb\"},\"inLanguage\":\"es-MX\",\"potentialAction\":[{\"@type\":\"ReadAction\",\"target\":[\"https:\/\/www.avance.org\/2gen24\/schedule\/\"]}]},{\"@type\":\"ImageObject\",\"inLanguage\":\"es-MX\",\"@id\":\"https:\/\/www.avance.org\/2gen24\/schedule\/#primaryimage\",\"url\":\"https:\/\/www.avance.org\/wp-content\/uploads\/2023\/07\/2023-2gencon-logo-800x357-white.png\",\"contentUrl\":\"https:\/\/www.avance.org\/wp-content\/uploads\/2023\/07\/2023-2gencon-logo-800x357-white.png\"},{\"@type\":\"BreadcrumbList\",\"@id\":\"https:\/\/www.avance.org\/2gen24\/schedule\/#breadcrumb\",\"itemListElement\":[{\"@type\":\"ListItem\",\"position\":1,\"name\":\"Home\",\"item\":\"https:\/\/www.avance.org\/\"},{\"@type\":\"ListItem\",\"position\":2,\"name\":\"2024 AVANCE Two-Generation Learning Conference\",\"item\":\"https:\/\/www.avance.org\/2gen24\/\"},{\"@type\":\"ListItem\",\"position\":3,\"name\":\"Schedule &#8211; 2Gen Conference 2024\"}]},{\"@type\":\"WebSite\",\"@id\":\"https:\/\/www.avance.org\/#website\",\"url\":\"https:\/\/www.avance.org\/\",\"name\":\"AVANCE\",\"description\":\"Unlocking America&#039;s Potential\",\"publisher\":{\"@id\":\"https:\/\/www.avance.org\/#organization\"},\"potentialAction\":[{\"@type\":\"SearchAction\",\"target\":{\"@type\":\"EntryPoint\",\"urlTemplate\":\"https:\/\/www.avance.org\/?s={search_term_string}\"},\"query-input\":{\"@type\":\"PropertyValueSpecification\",\"valueRequired\":true,\"valueName\":\"search_term_string\"}}],\"inLanguage\":\"es-MX\"},{\"@type\":\"Organization\",\"@id\":\"https:\/\/www.avance.org\/#organization\",\"name\":\"AVANCE\",\"url\":\"https:\/\/www.avance.org\/\",\"logo\":{\"@type\":\"ImageObject\",\"inLanguage\":\"es-MX\",\"@id\":\"https:\/\/www.avance.org\/#\/schema\/logo\/image\/\",\"url\":\"https:\/\/www.avance.org\/wp-content\/uploads\/2022\/07\/logo.svg\",\"contentUrl\":\"https:\/\/www.avance.org\/wp-content\/uploads\/2022\/07\/logo.svg\",\"caption\":\"AVANCE\"},\"image\":{\"@id\":\"https:\/\/www.avance.org\/#\/schema\/logo\/image\/\"},\"sameAs\":[\"https:\/\/www.facebook.com\/AVANCEinc\/\",\"https:\/\/x.com\/AVANCEinc\",\"https:\/\/www.instagram.com\/avance__inc\/\",\"https:\/\/www.linkedin.com\/company\/avance-inc\"]}]}<\/script>\n<!-- \/ Yoast SEO Premium plugin. -->","yoast_head_json":{"title":"Schedule - 2Gen Conference 2024 - AVANCE","description":"The 2024 AVANCE Two-Generation Learning Conference will take place from Wednesday, August 21 to Friday, August 23, 2024, at The Westin San Antonio North in San Antonio, Texas.","robots":{"index":"index","follow":"follow","max-snippet":"max-snippet:-1","max-image-preview":"max-image-preview:large","max-video-preview":"max-video-preview:-1"},"canonical":"https:\/\/www.avance.org\/es\/2gen24\/schedule\/","og_locale":"es_MX","og_type":"article","og_title":"Schedule - 2Gen Conference 2024","og_description":"The 2024 AVANCE Two-Generation Learning Conference will take place from Wednesday, August 21 to Friday, August 23, 2024, at The Westin San Antonio North in San Antonio, Texas.","og_url":"https:\/\/www.avance.org\/es\/2gen24\/schedule\/","og_site_name":"AVANCE","article_publisher":"https:\/\/www.facebook.com\/AVANCEinc\/","article_modified_time":"2024-08-09T19:54:02+00:00","og_image":[{"url":"https:\/\/www.avance.org\/wp-content\/uploads\/2023\/07\/2023-2gencon-logo-800x357-white.png","type":"","width":"","height":""}],"twitter_card":"summary_large_image","twitter_site":"@AVANCEinc","twitter_misc":{"Tiempo de lectura":"4 minutos"},"schema":{"@context":"https:\/\/schema.org","@graph":[{"@type":"WebPage","@id":"https:\/\/www.avance.org\/2gen24\/schedule\/","url":"https:\/\/www.avance.org\/2gen24\/schedule\/","name":"Schedule - 2Gen Conference 2024 - AVANCE","isPartOf":{"@id":"https:\/\/www.avance.org\/#website"},"primaryImageOfPage":{"@id":"https:\/\/www.avance.org\/2gen24\/schedule\/#primaryimage"},"image":{"@id":"https:\/\/www.avance.org\/2gen24\/schedule\/#primaryimage"},"thumbnailUrl":"https:\/\/www.avance.org\/wp-content\/uploads\/2023\/07\/2023-2gencon-logo-800x357-white.png","datePublished":"2024-07-08T13:55:02+00:00","dateModified":"2024-08-09T19:54:02+00:00","description":"The 2024 AVANCE Two-Generation Learning Conference will take place from Wednesday, August 21 to Friday, August 23, 2024, at The Westin San Antonio North in San Antonio, Texas.","breadcrumb":{"@id":"https:\/\/www.avance.org\/2gen24\/schedule\/#breadcrumb"},"inLanguage":"es-MX","potentialAction":[{"@type":"ReadAction","target":["https:\/\/www.avance.org\/2gen24\/schedule\/"]}]},{"@type":"ImageObject","inLanguage":"es-MX","@id":"https:\/\/www.avance.org\/2gen24\/schedule\/#primaryimage","url":"https:\/\/www.avance.org\/wp-content\/uploads\/2023\/07\/2023-2gencon-logo-800x357-white.png","contentUrl":"https:\/\/www.avance.org\/wp-content\/uploads\/2023\/07\/2023-2gencon-logo-800x357-white.png"},{"@type":"BreadcrumbList","@id":"https:\/\/www.avance.org\/2gen24\/schedule\/#breadcrumb","itemListElement":[{"@type":"ListItem","position":1,"name":"Home","item":"https:\/\/www.avance.org\/"},{"@type":"ListItem","position":2,"name":"2024 AVANCE Two-Generation Learning Conference","item":"https:\/\/www.avance.org\/2gen24\/"},{"@type":"ListItem","position":3,"name":"Schedule &#8211; 2Gen Conference 2024"}]},{"@type":"WebSite","@id":"https:\/\/www.avance.org\/#website","url":"https:\/\/www.avance.org\/","name":"AVANCE","description":"Unlocking America&#039;s Potential","publisher":{"@id":"https:\/\/www.avance.org\/#organization"},"potentialAction":[{"@type":"SearchAction","target":{"@type":"EntryPoint","urlTemplate":"https:\/\/www.avance.org\/?s={search_term_string}"},"query-input":{"@type":"PropertyValueSpecification","valueRequired":true,"valueName":"search_term_string"}}],"inLanguage":"es-MX"},{"@type":"Organization","@id":"https:\/\/www.avance.org\/#organization","name":"AVANCE","url":"https:\/\/www.avance.org\/","logo":{"@type":"ImageObject","inLanguage":"es-MX","@id":"https:\/\/www.avance.org\/#\/schema\/logo\/image\/","url":"https:\/\/www.avance.org\/wp-content\/uploads\/2022\/07\/logo.svg","contentUrl":"https:\/\/www.avance.org\/wp-content\/uploads\/2022\/07\/logo.svg","caption":"AVANCE"},"image":{"@id":"https:\/\/www.avance.org\/#\/schema\/logo\/image\/"},"sameAs":["https:\/\/www.facebook.com\/AVANCEinc\/","https:\/\/x.com\/AVANCEinc","https:\/\/www.instagram.com\/avance__inc\/","https:\/\/www.linkedin.com\/company\/avance-inc"]}]}},"post_mailing_queue_ids":[],"_links":{"self":[{"href":"https:\/\/www.avance.org\/es\/wp-json\/wp\/v2\/pages\/5907","targetHints":{"allow":["GET"]}}],"collection":[{"href":"https:\/\/www.avance.org\/es\/wp-json\/wp\/v2\/pages"}],"about":[{"href":"https:\/\/www.avance.org\/es\/wp-json\/wp\/v2\/types\/page"}],"author":[{"embeddable":true,"href":"https:\/\/www.avance.org\/es\/wp-json\/wp\/v2\/users\/22"}],"replies":[{"embeddable":true,"href":"https:\/\/www.avance.org\/es\/wp-json\/wp\/v2\/comments?post=5907"}],"version-history":[{"count":10,"href":"https:\/\/www.avance.org\/es\/wp-json\/wp\/v2\/pages\/5907\/revisions"}],"predecessor-version":[{"id":6222,"href":"https:\/\/www.avance.org\/es\/wp-json\/wp\/v2\/pages\/5907\/revisions\/6222"}],"up":[{"embeddable":true,"href":"https:\/\/www.avance.org\/es\/wp-json\/wp\/v2\/pages\/5578"}],"wp:attachment":[{"href":"https:\/\/www.avance.org\/es\/wp-json\/wp\/v2\/media?parent=5907"}],"curies":[{"name":"wp","href":"https:\/\/api.w.org\/{rel}","templated":true}]}}