{"id":5702,"date":"2024-06-14T14:30:39","date_gmt":"2024-06-14T19:30:39","guid":{"rendered":"https:\/\/www.avance.org\/?page_id=5702"},"modified":"2026-01-21T15:32:53","modified_gmt":"2026-01-21T20:32:53","slug":"pcep-families","status":"publish","type":"page","link":"https:\/\/www.avance.org\/es\/programs\/pcep-families\/","title":{"rendered":"Parent-Child Education Program (PCEP) for Families"},"content":{"rendered":"<img loading=\"lazy\" decoding=\"async\" src=\"https:\/\/www.avance.org\/wp-content\/uploads\/2024\/05\/PCEP-white-1024x342.png\" alt=\"PCEP-white\" itemprop=\"image\" height=\"342\" width=\"1024\" title=\"PCEP-white\" onerror=\"this.style.display='none'\"  \/>\n<h2>\n\t\tParents are their children&#8217;s first teachers;The home is the first classroom.\n\t<\/h2>\n\t<p>AVANCE&#8217;s core foundational program, the <strong>Programa de Educaci\u00f3n para Padres e Hijos (PCEP) <\/strong>supports parents as their children&#8217;s first teachers and their homes as their first classroom. PCEP is a <strong>GRATUITO<\/strong> 9-month program for caregivers &#8211; including pregnant women, parents, extended family, and foster families &#8211; and their children between the ages of 0-4 years old. The program offers:<\/p>\n<p>&nbsp;<\/p>\n<ul>\n<li data-leveltext=\"\uf0b7\" data-font=\"Symbol\" data-listid=\"29\" data-list-defn-props=\"{&quot;134225954&quot;:true,&quot;134225961&quot;:true,&quot;335552541&quot;:1,&quot;335559683&quot;:0,&quot;335559684&quot;:-2,&quot;335559685&quot;:720,&quot;335559991&quot;:360,&quot;469769226&quot;:&quot;Symbol&quot;,&quot;469769242&quot;:[8226],&quot;469777803&quot;:&quot;left&quot;,&quot;469777804&quot;:&quot;\uf0b7&quot;,&quot;469777815&quot;:&quot;hybridMultilevel&quot;}\" aria-setsize=\"-1\" data-aria-posinset=\"1\" data-aria-level=\"1\">Clases de fabricaci\u00f3n de juguetes para apoyar el aprendizaje a trav\u00e9s del juego en casa\u00a0\u00a0<\/li>\n<li data-leveltext=\"\uf0b7\" data-font=\"Symbol\" data-listid=\"29\" data-list-defn-props=\"{&quot;134225954&quot;:true,&quot;134225961&quot;:true,&quot;335552541&quot;:1,&quot;335559683&quot;:0,&quot;335559684&quot;:-2,&quot;335559685&quot;:720,&quot;335559991&quot;:360,&quot;469769226&quot;:&quot;Symbol&quot;,&quot;469769242&quot;:[8226],&quot;469777803&quot;:&quot;left&quot;,&quot;469777804&quot;:&quot;\uf0b7&quot;,&quot;469777815&quot;:&quot;hybridMultilevel&quot;}\" aria-setsize=\"-1\" data-aria-posinset=\"2\" data-aria-level=\"1\">Sesiones educativas y actividades comunitarias para cuidadores y sus hijos\u00a0\u00a0<\/li>\n<li data-leveltext=\"\uf0b7\" data-font=\"Symbol\" data-listid=\"29\" data-list-defn-props=\"{&quot;134225954&quot;:true,&quot;134225961&quot;:true,&quot;335552541&quot;:1,&quot;335559683&quot;:0,&quot;335559684&quot;:-2,&quot;335559685&quot;:720,&quot;335559991&quot;:360,&quot;469769226&quot;:&quot;Symbol&quot;,&quot;469769242&quot;:[8226],&quot;469777803&quot;:&quot;left&quot;,&quot;469777804&quot;:&quot;\uf0b7&quot;,&quot;469777815&quot;:&quot;hybridMultilevel&quot;}\" aria-setsize=\"-1\" data-aria-posinset=\"3\" data-aria-level=\"1\">Acceso a recursos y servicios comunitarios para toda la familia\u00a0<\/li>\n<\/ul>\n\t\t\t\t<img loading=\"lazy\" decoding=\"async\" src=\"https:\/\/www.avance.org\/wp-content\/uploads\/2024\/06\/PCEP-14.png\" alt=\"PCEP-14\" itemprop=\"image\" height=\"800\" width=\"800\" title=\"PCEP-14\" onerror=\"this.style.display='none'\"  \/>\n\t<p><em>AVANCE is the difference between before and now. It has given me the tools to better understand my daughter&#8217;s needs and it showed me how to be a better mother.\u202f\u00a0<\/em><\/p>\n<p>\u202f-Maribel Bautista, Graduada de PCEP\u202f<\/p>\n\t\t\t\t<img loading=\"lazy\" decoding=\"async\" src=\"https:\/\/www.avance.org\/wp-content\/uploads\/2024\/06\/PCEP-13.png\" alt=\"PCEP-13\" itemprop=\"image\" height=\"800\" width=\"800\" title=\"PCEP-13\" onerror=\"this.style.display='none'\"  \/>\n<h2>\n\t\tPCEP est\u00e1 hecho para usted y sus hijos\n\t<\/h2>\n\t<p>Nuestro modelo de dos generaciones combina la educaci\u00f3n parental, el desarrollo infantil en la primera infancia y la participaci\u00f3n comunitaria para garantizar un apoyo integral a las familias. Los cuidadores y sus hijos asisten a clases una vez a la semana que incluyen:\u202f\u00a0<\/p>\n<h2>\n\t\tParents &#038; Caregivers\n\t<\/h2>\n\t<h3>Educaci\u00f3n para Padres<\/h3>\n\t<h3>Fabricaci\u00f3n de juguetes<\/h3>\n\t<h3>Participaci\u00f3n Comunitaria<\/h3>\n<h2>\n\t\tNi\u00f1os\n\t<\/h2>\n\t<h3>Educaci\u00f3n Infantil Temprana<\/h3>\n<h2>\n\t\tPadre e Hijo\u202f\n\t<\/h2>\n\t<h3>Visitas a Casa<\/h3>\n<h2>\n\t\t\u00bfListo para inscribirte?\u202f\n\t<\/h2>\n\t<h3>PCEP se ofrece actualmente a trav\u00e9s de AVANCE en las ubicaciones a continuaci\u00f3n.\u202f<\/h3>\n\t<h3>Si desea obtener m\u00e1s informaci\u00f3n o inscribirse, completa este breve formulario y alguien de nuestro equipo se pondr\u00e1 en contacto con usted.\u202f<\/h3>\n\t<div class=\"wpforms-container wpforms-container-full\" id=\"wpforms-5722\"><form id=\"wpforms-form-5722\" class=\"wpforms-validate wpforms-form wpforms-ajax-form\" data-formid=\"5722\" method=\"post\" enctype=\"multipart\/form-data\" action=\"\/es\/wp-json\/wp\/v2\/pages\/5702\" data-token=\"73472593f6c22d86f42b89309c489683\" data-token-time=\"1776377130\" data-trp-original-action=\"\/es\/wp-json\/wp\/v2\/pages\/5702\"><noscript class=\"wpforms-error-noscript\">Por favor, activa JavaScript en tu navegador para completar este formulario.<\/noscript><div class=\"wpforms-field-container\"><div id=\"wpforms-5722-field_0-container\" class=\"wpforms-field wpforms-field-name\" data-field-id=\"0\"><label class=\"wpforms-field-label\">Nombre <span class=\"wpforms-required-label\">*<\/span><\/label><div class=\"wpforms-field-row wpforms-field-medium\"><div class=\"wpforms-field-row-block wpforms-first wpforms-one-half\"><input type=\"text\" id=\"wpforms-5722-field_0\" class=\"wpforms-field-name-first wpforms-field-required\" name=\"wpforms[fields][0][first]\" required><label for=\"wpforms-5722-field_0\" class=\"wpforms-field-sublabel after\">Nombre<\/label><\/div><div class=\"wpforms-field-row-block wpforms-one-half\"><input type=\"text\" id=\"wpforms-5722-field_0-last\" class=\"wpforms-field-name-last wpforms-field-required\" name=\"wpforms[fields][0][last]\" required><label for=\"wpforms-5722-field_0-last\" class=\"wpforms-field-sublabel after\">Apellidos<\/label><\/div><\/div><\/div><div id=\"wpforms-5722-field_1-container\" class=\"wpforms-field wpforms-field-email wpforms-one-half wpforms-first\" data-field-id=\"1\"><label class=\"wpforms-field-label\" for=\"wpforms-5722-field_1\">Correo Electr\u00f3nico <span class=\"wpforms-required-label\">*<\/span><\/label><input type=\"email\" id=\"wpforms-5722-field_1\" class=\"wpforms-field-medium wpforms-field-required\" name=\"wpforms[fields][1]\" spellcheck=\"false\" required><\/div><div id=\"wpforms-5722-field_3-container\" class=\"wpforms-field wpforms-field-number wpforms-one-half\" data-field-id=\"3\"><label class=\"wpforms-field-label\" for=\"wpforms-5722-field_3\">N\u00famero de tel\u00e9fono<\/label><input type=\"number\" id=\"wpforms-5722-field_3\" class=\"wpforms-field-medium\" name=\"wpforms[fields][3]\" step=\"any\" ><\/div><div id=\"wpforms-5722-field_10-container\" class=\"wpforms-field wpforms-field-select wpforms-field-select-style-classic\" data-field-id=\"10\"><label class=\"wpforms-field-label\" for=\"wpforms-5722-field_10\">Ubicaci\u00f3n <span class=\"wpforms-required-label\">*<\/span><\/label><select id=\"wpforms-5722-field_10\" class=\"wpforms-field-medium wpforms-field-required\" name=\"wpforms[fields][10]\" required=\"required\"><option value=\"Austin\" >Austin<\/option><option value=\"Houston\" >Houston<\/option><option value=\"North Texas\" >North Texas<\/option><option value=\"Rio Grande Valley\" >Valle de R\u00edo Grande<\/option><option value=\"San Antonio\" >San Antonio<\/option><\/select><div class=\"wpforms-field-description\">Por favor, seleccione la ubicaci\u00f3n de AVANCE m\u00e1s cercana a usted.<\/div><\/div><div id=\"wpforms-5722-field_6-container\" class=\"wpforms-field wpforms-field-text\" data-field-id=\"6\"><label class=\"wpforms-field-label\" for=\"wpforms-5722-field_6\">Direcci\u00f3n<\/label><input type=\"text\" id=\"wpforms-5722-field_6\" class=\"wpforms-field-medium\" name=\"wpforms[fields][6]\" ><\/div><div id=\"wpforms-5722-field_7-container\" class=\"wpforms-field wpforms-field-text wpforms-one-third wpforms-first\" data-field-id=\"7\"><label class=\"wpforms-field-label\" for=\"wpforms-5722-field_7\">Ciudad<\/label><input type=\"text\" id=\"wpforms-5722-field_7\" class=\"wpforms-field-medium\" name=\"wpforms[fields][7]\" ><\/div><div id=\"wpforms-5722-field_8-container\" class=\"wpforms-field wpforms-field-text wpforms-one-third\" data-field-id=\"8\"><label class=\"wpforms-field-label\" for=\"wpforms-5722-field_8\">Estado<\/label><input type=\"text\" id=\"wpforms-5722-field_8\" class=\"wpforms-field-medium\" name=\"wpforms[fields][8]\" ><\/div><div id=\"wpforms-5722-field_9-container\" class=\"wpforms-field wpforms-field-text wpforms-one-third\" data-field-id=\"9\"><label class=\"wpforms-field-label\" for=\"wpforms-5722-field_9\">C\u00f3digo postal<\/label><input type=\"text\" id=\"wpforms-5722-field_9\" class=\"wpforms-field-medium\" name=\"wpforms[fields][9]\" ><\/div><div id=\"wpforms-5722-field_2-container\" class=\"wpforms-field wpforms-field-textarea\" data-field-id=\"2\"><label class=\"wpforms-field-label\" for=\"wpforms-5722-field_2\">Comentarios o Mensajes<\/label><textarea id=\"wpforms-5722-field_2\" class=\"wpforms-field-medium\" name=\"wpforms[fields][2]\" ><\/textarea><\/div><\/div><!-- .wpforms-field-container --><div class=\"wpforms-submit-container\" ><input type=\"hidden\" name=\"wpforms[id]\" value=\"5722\"><input type=\"hidden\" name=\"page_title\" value=\"\"><input type=\"hidden\" name=\"page_url\" value=\"https:\/\/www.avance.org\/es\/wp-json\/wp\/v2\/pages\/5702\"><input type=\"hidden\" name=\"url_referer\" value=\"\"><button type=\"submit\" name=\"wpforms[submit]\" id=\"wpforms-submit-5722\" class=\"wpforms-submit\" data-alt-text=\"Sending...\" data-submit-text=\"Submit\" aria-live=\"assertive\" value=\"wpforms-submit\">Enviar<\/button><img loading=\"lazy\" decoding=\"async\" src=\"https:\/\/www.avance.org\/wp-content\/plugins\/wpforms-lite\/assets\/images\/submit-spin.svg\" class=\"wpforms-submit-spinner\" style=\"display: none;\" width=\"26\" height=\"26\" alt=\"Cargando\"><\/div><input type=\"hidden\" name=\"trp-form-language\" value=\"es\"\/><\/form><\/div>  <!-- .wpforms-container -->\n\t<h3>PCEP tambi\u00e9n se ofrece a trav\u00e9s de nuestros licenciatarios que se ofrecen en California.\u202f<\/h3>\n<a href=\"https:\/\/www.avance.org\/es\/programs\/pcep\/\">\n    Regresar a la p\u00e1gina general de PCEP\n<\/a>\n<style>\n    .pcep-overview-btn {\n        cursor: pointer;\n        background: #ffffff;\n        box-shadow: 0px 0px 0px rgba(0, 0, 0, 0.25);\n        border-radius: 80px;\n        color: #48c2c5;\n        font: helvetica;\n        font-size: 20px;\n        font-weight: bold;\n        padding: 15px 30px 15px 30px;\n    }\n    .btn-container {\n        text-align: center;\n    }\n<\/style>","protected":false},"excerpt":{"rendered":"<p>Parents are their children&#8217;s first teachers;The home is the first classroom. AVANCE&#8217;s core foundational program, the Parent-Child Education Program (PCEP) supports parents as their children&#8217;s first teachers and their homes as their first classroom. PCEP is a FREE 9-month program for caregivers &#8211; including pregnant women, parents, extended family, and foster families &#8211; and their &#8230; <a title=\"Parent-Child Education Program (PCEP) for Families\" class=\"read-more\" href=\"https:\/\/www.avance.org\/es\/programs\/pcep-families\/\" aria-label=\"M\u00e1s en Parent-Child Education Program (PCEP) for Families\">Leer m\u00e1s<\/a><\/p>","protected":false},"author":22,"featured_media":0,"parent":165,"menu_order":17,"comment_status":"closed","ping_status":"closed","template":"","meta":{"inline_featured_image":false,"footnotes":""},"class_list":["post-5702","page","type-page","status-publish"],"yoast_head":"<!-- This site is optimized with the Yoast SEO Premium plugin v25.3 (Yoast SEO v25.3) - https:\/\/yoast.com\/wordpress\/plugins\/seo\/ -->\n<title>Parent-Child Education Program (PCEP) for Families - AVANCE<\/title>\n<meta name=\"description\" content=\"The AVANCE Parent-Child Education Program (PCEP) is a FREE 9-month program that supports parents as their child\u2019s first teacher and their home as the first classroom.\" \/>\n<meta name=\"robots\" content=\"index, follow, max-snippet:-1, max-image-preview:large, max-video-preview:-1\" \/>\n<link rel=\"canonical\" href=\"https:\/\/www.avance.org\/es\/programs\/pcep-families\/\" \/>\n<meta property=\"og:locale\" content=\"es_MX\" \/>\n<meta property=\"og:type\" content=\"article\" \/>\n<meta property=\"og:title\" content=\"AVANCE Parent-Child Education Program (PCEP)\" \/>\n<meta property=\"og:description\" content=\"The AVANCE Parent-Child Education Program (PCEP) is a FREE 9-month program that supports parents as their child\u2019s first teacher and their home as the first classroom.\" \/>\n<meta property=\"og:url\" content=\"https:\/\/www.avance.org\/es\/programs\/pcep-families\/\" \/>\n<meta property=\"og:site_name\" content=\"AVANCE\" \/>\n<meta property=\"article:publisher\" content=\"https:\/\/www.facebook.com\/AVANCEinc\/\" \/>\n<meta property=\"article:modified_time\" content=\"2026-01-21T20:32:53+00:00\" \/>\n<meta property=\"og:image\" content=\"https:\/\/www.avance.org\/wp-content\/uploads\/2023\/03\/small-parent-2.png\" \/>\n\t<meta property=\"og:image:width\" content=\"500\" \/>\n\t<meta property=\"og:image:height\" content=\"500\" \/>\n\t<meta property=\"og:image:type\" content=\"image\/png\" \/>\n<meta name=\"twitter:card\" content=\"summary_large_image\" \/>\n<meta name=\"twitter:title\" content=\"AVANCE Parent-Child Education Program (PCEP)\" \/>\n<meta name=\"twitter:image\" content=\"https:\/\/www.avance.org\/wp-content\/uploads\/2024\/06\/pcep-mother-daughter-2000x1333-1.png\" \/>\n<meta name=\"twitter:site\" content=\"@AVANCEinc\" \/>\n<meta name=\"twitter:label1\" content=\"Tiempo de lectura\" \/>\n\t<meta name=\"twitter:data1\" content=\"2 minutos\" \/>\n<script type=\"application\/ld+json\" class=\"yoast-schema-graph\">{\"@context\":\"https:\/\/schema.org\",\"@graph\":[{\"@type\":\"WebPage\",\"@id\":\"https:\/\/www.avance.org\/programs\/pcep-families\/\",\"url\":\"https:\/\/www.avance.org\/programs\/pcep-families\/\",\"name\":\"Parent-Child Education Program (PCEP) for Families - AVANCE\",\"isPartOf\":{\"@id\":\"https:\/\/www.avance.org\/#website\"},\"primaryImageOfPage\":{\"@id\":\"https:\/\/www.avance.org\/programs\/pcep-families\/#primaryimage\"},\"image\":{\"@id\":\"https:\/\/www.avance.org\/programs\/pcep-families\/#primaryimage\"},\"thumbnailUrl\":\"https:\/\/www.avance.org\/wp-content\/uploads\/2024\/05\/PCEP-white-1024x342.png\",\"datePublished\":\"2024-06-14T19:30:39+00:00\",\"dateModified\":\"2026-01-21T20:32:53+00:00\",\"description\":\"The AVANCE Parent-Child Education Program (PCEP) is a FREE 9-month program that supports parents as their child\u2019s first teacher and their home as the first classroom.\",\"breadcrumb\":{\"@id\":\"https:\/\/www.avance.org\/programs\/pcep-families\/#breadcrumb\"},\"inLanguage\":\"es-MX\",\"potentialAction\":[{\"@type\":\"ReadAction\",\"target\":[\"https:\/\/www.avance.org\/programs\/pcep-families\/\"]}]},{\"@type\":\"ImageObject\",\"inLanguage\":\"es-MX\",\"@id\":\"https:\/\/www.avance.org\/programs\/pcep-families\/#primaryimage\",\"url\":\"https:\/\/www.avance.org\/wp-content\/uploads\/2024\/05\/PCEP-white-1024x342.png\",\"contentUrl\":\"https:\/\/www.avance.org\/wp-content\/uploads\/2024\/05\/PCEP-white-1024x342.png\"},{\"@type\":\"BreadcrumbList\",\"@id\":\"https:\/\/www.avance.org\/programs\/pcep-families\/#breadcrumb\",\"itemListElement\":[{\"@type\":\"ListItem\",\"position\":1,\"name\":\"Home\",\"item\":\"https:\/\/www.avance.org\/\"},{\"@type\":\"ListItem\",\"position\":2,\"name\":\"Programs\",\"item\":\"https:\/\/www.avance.org\/programs\/\"},{\"@type\":\"ListItem\",\"position\":3,\"name\":\"Parent-Child Education Program (PCEP) for Families\"}]},{\"@type\":\"WebSite\",\"@id\":\"https:\/\/www.avance.org\/#website\",\"url\":\"https:\/\/www.avance.org\/\",\"name\":\"AVANCE\",\"description\":\"Unlocking America&#039;s Potential\",\"publisher\":{\"@id\":\"https:\/\/www.avance.org\/#organization\"},\"potentialAction\":[{\"@type\":\"SearchAction\",\"target\":{\"@type\":\"EntryPoint\",\"urlTemplate\":\"https:\/\/www.avance.org\/?s={search_term_string}\"},\"query-input\":{\"@type\":\"PropertyValueSpecification\",\"valueRequired\":true,\"valueName\":\"search_term_string\"}}],\"inLanguage\":\"es-MX\"},{\"@type\":\"Organization\",\"@id\":\"https:\/\/www.avance.org\/#organization\",\"name\":\"AVANCE\",\"url\":\"https:\/\/www.avance.org\/\",\"logo\":{\"@type\":\"ImageObject\",\"inLanguage\":\"es-MX\",\"@id\":\"https:\/\/www.avance.org\/#\/schema\/logo\/image\/\",\"url\":\"https:\/\/www.avance.org\/wp-content\/uploads\/2022\/07\/logo.svg\",\"contentUrl\":\"https:\/\/www.avance.org\/wp-content\/uploads\/2022\/07\/logo.svg\",\"caption\":\"AVANCE\"},\"image\":{\"@id\":\"https:\/\/www.avance.org\/#\/schema\/logo\/image\/\"},\"sameAs\":[\"https:\/\/www.facebook.com\/AVANCEinc\/\",\"https:\/\/x.com\/AVANCEinc\",\"https:\/\/www.instagram.com\/avance__inc\/\",\"https:\/\/www.linkedin.com\/company\/avance-inc\"]}]}<\/script>\n<!-- \/ Yoast SEO Premium plugin. -->","yoast_head_json":{"title":"Parent-Child Education Program (PCEP) for Families - AVANCE","description":"The AVANCE Parent-Child Education Program (PCEP) is a FREE 9-month program that supports parents as their child\u2019s first teacher and their home as the first classroom.","robots":{"index":"index","follow":"follow","max-snippet":"max-snippet:-1","max-image-preview":"max-image-preview:large","max-video-preview":"max-video-preview:-1"},"canonical":"https:\/\/www.avance.org\/es\/programs\/pcep-families\/","og_locale":"es_MX","og_type":"article","og_title":"AVANCE Parent-Child Education Program (PCEP)","og_description":"The AVANCE Parent-Child Education Program (PCEP) is a FREE 9-month program that supports parents as their child\u2019s first teacher and their home as the first classroom.","og_url":"https:\/\/www.avance.org\/es\/programs\/pcep-families\/","og_site_name":"AVANCE","article_publisher":"https:\/\/www.facebook.com\/AVANCEinc\/","article_modified_time":"2026-01-21T20:32:53+00:00","og_image":[{"width":500,"height":500,"url":"https:\/\/www.avance.org\/wp-content\/uploads\/2023\/03\/small-parent-2.png","type":"image\/png"}],"twitter_card":"summary_large_image","twitter_title":"AVANCE Parent-Child Education Program (PCEP)","twitter_image":"https:\/\/www.avance.org\/wp-content\/uploads\/2024\/06\/pcep-mother-daughter-2000x1333-1.png","twitter_site":"@AVANCEinc","twitter_misc":{"Tiempo de lectura":"2 minutos"},"schema":{"@context":"https:\/\/schema.org","@graph":[{"@type":"WebPage","@id":"https:\/\/www.avance.org\/programs\/pcep-families\/","url":"https:\/\/www.avance.org\/programs\/pcep-families\/","name":"Parent-Child Education Program (PCEP) for Families - AVANCE","isPartOf":{"@id":"https:\/\/www.avance.org\/#website"},"primaryImageOfPage":{"@id":"https:\/\/www.avance.org\/programs\/pcep-families\/#primaryimage"},"image":{"@id":"https:\/\/www.avance.org\/programs\/pcep-families\/#primaryimage"},"thumbnailUrl":"https:\/\/www.avance.org\/wp-content\/uploads\/2024\/05\/PCEP-white-1024x342.png","datePublished":"2024-06-14T19:30:39+00:00","dateModified":"2026-01-21T20:32:53+00:00","description":"The AVANCE Parent-Child Education Program (PCEP) is a FREE 9-month program that supports parents as their child\u2019s first teacher and their home as the first classroom.","breadcrumb":{"@id":"https:\/\/www.avance.org\/programs\/pcep-families\/#breadcrumb"},"inLanguage":"es-MX","potentialAction":[{"@type":"ReadAction","target":["https:\/\/www.avance.org\/programs\/pcep-families\/"]}]},{"@type":"ImageObject","inLanguage":"es-MX","@id":"https:\/\/www.avance.org\/programs\/pcep-families\/#primaryimage","url":"https:\/\/www.avance.org\/wp-content\/uploads\/2024\/05\/PCEP-white-1024x342.png","contentUrl":"https:\/\/www.avance.org\/wp-content\/uploads\/2024\/05\/PCEP-white-1024x342.png"},{"@type":"BreadcrumbList","@id":"https:\/\/www.avance.org\/programs\/pcep-families\/#breadcrumb","itemListElement":[{"@type":"ListItem","position":1,"name":"Home","item":"https:\/\/www.avance.org\/"},{"@type":"ListItem","position":2,"name":"Programs","item":"https:\/\/www.avance.org\/programs\/"},{"@type":"ListItem","position":3,"name":"Parent-Child Education Program (PCEP) for Families"}]},{"@type":"WebSite","@id":"https:\/\/www.avance.org\/#website","url":"https:\/\/www.avance.org\/","name":"AVANCE","description":"Unlocking America&#039;s Potential","publisher":{"@id":"https:\/\/www.avance.org\/#organization"},"potentialAction":[{"@type":"SearchAction","target":{"@type":"EntryPoint","urlTemplate":"https:\/\/www.avance.org\/?s={search_term_string}"},"query-input":{"@type":"PropertyValueSpecification","valueRequired":true,"valueName":"search_term_string"}}],"inLanguage":"es-MX"},{"@type":"Organization","@id":"https:\/\/www.avance.org\/#organization","name":"AVANCE","url":"https:\/\/www.avance.org\/","logo":{"@type":"ImageObject","inLanguage":"es-MX","@id":"https:\/\/www.avance.org\/#\/schema\/logo\/image\/","url":"https:\/\/www.avance.org\/wp-content\/uploads\/2022\/07\/logo.svg","contentUrl":"https:\/\/www.avance.org\/wp-content\/uploads\/2022\/07\/logo.svg","caption":"AVANCE"},"image":{"@id":"https:\/\/www.avance.org\/#\/schema\/logo\/image\/"},"sameAs":["https:\/\/www.facebook.com\/AVANCEinc\/","https:\/\/x.com\/AVANCEinc","https:\/\/www.instagram.com\/avance__inc\/","https:\/\/www.linkedin.com\/company\/avance-inc"]}]}},"post_mailing_queue_ids":[],"_links":{"self":[{"href":"https:\/\/www.avance.org\/es\/wp-json\/wp\/v2\/pages\/5702","targetHints":{"allow":["GET"]}}],"collection":[{"href":"https:\/\/www.avance.org\/es\/wp-json\/wp\/v2\/pages"}],"about":[{"href":"https:\/\/www.avance.org\/es\/wp-json\/wp\/v2\/types\/page"}],"author":[{"embeddable":true,"href":"https:\/\/www.avance.org\/es\/wp-json\/wp\/v2\/users\/22"}],"replies":[{"embeddable":true,"href":"https:\/\/www.avance.org\/es\/wp-json\/wp\/v2\/comments?post=5702"}],"version-history":[{"count":10,"href":"https:\/\/www.avance.org\/es\/wp-json\/wp\/v2\/pages\/5702\/revisions"}],"predecessor-version":[{"id":7450,"href":"https:\/\/www.avance.org\/es\/wp-json\/wp\/v2\/pages\/5702\/revisions\/7450"}],"up":[{"embeddable":true,"href":"https:\/\/www.avance.org\/es\/wp-json\/wp\/v2\/pages\/165"}],"wp:attachment":[{"href":"https:\/\/www.avance.org\/es\/wp-json\/wp\/v2\/media?parent=5702"}],"curies":[{"name":"wp","href":"https:\/\/api.w.org\/{rel}","templated":true}]}}