{"id":5683,"date":"2024-05-31T15:40:42","date_gmt":"2024-05-31T20:40:42","guid":{"rendered":"https:\/\/www.avance.org\/?page_id=5683"},"modified":"2024-09-19T13:02:01","modified_gmt":"2024-09-19T18:02:01","slug":"sa-gala","status":"publish","type":"page","link":"https:\/\/www.avance.org\/es\/50th\/sa-gala\/","title":{"rendered":"AVANCE 50th Anniversary &#8211; San Antonio Gala"},"content":{"rendered":"<strong>AVANCE&#8217;s 50th Anniversary<br \/>\nGala de la Gran Final\u00a0<\/strong>\n\t<h3><strong>Septiembre 14, 2024<\/strong><\/h3>\n\t\t\t\t<img loading=\"lazy\" decoding=\"async\" src=\"https:\/\/www.avance.org\/wp-content\/uploads\/2024\/09\/gala-text-1-6x6-1.jpg\" alt=\"gala-text-1-6x6\" itemprop=\"image\" height=\"600\" width=\"600\" title=\"gala-text-1-6x6\" onerror=\"this.style.display='none'\"  \/>\n\t<p><strong>M\u00e1s de 300 amigos y partidarios se unieron a nosotros en el Grand Hyatt San Antonio River Walk para nuestra Gala de la Gran Final, celebrando 50 a\u00f1os de AVANCE y 50 a\u00f1os de servicio, apoyo y \u00e9xito para las familias y comunidades latinas.<\/strong><\/p>\n\t<p>Con la ayuda de nuestra comunidad AVANCE, incluidos nuestros patrocinadores, socios y donantes individuales, <strong>recaudamos m\u00e1s de 160.000 d\u00f3lares<\/strong> para continuar con nuestra misi\u00f3n de empoderar y proporcionar apoyo a las familias latinas con ni\u00f1os peque\u00f1os, asegurando que tengan las herramientas y los recursos que necesitan para prosperar. A lo largo de la noche, las familias de AVANCE subieron al escenario para compartir c\u00f3mo su experiencia con AVANCE cambi\u00f3 sus vidas. Puedes leer sus historias y m\u00e1s visitando nuestra <strong><a href=\"https:\/\/www.avance.org\/es\/50th\/family\/\">p\u00e1gina de Historias Familiares.<\/a><\/strong>.<\/p>\n<p>&nbsp;<\/p>\n<p>We were also joined by several distinguished speakers, including The Honorable Henry Cisneros, former San Antonio mayor and US Secretary of Housing and Urban Development, Congressman Joaquin Castro of Texas&#8217;s 20th District, Secretary Juli\u00e1n Castro, Chief Executive Officer of the Latino Community Foundation, and President of Our Lady of the Lake University, Dr. Abel Antonio Ch\u00e1vez.<\/p>\n\t\t\t\t<img loading=\"lazy\" decoding=\"async\" src=\"https:\/\/www.avance.org\/wp-content\/uploads\/2024\/09\/gala-text-2-6x6-1.jpg\" alt=\"gala-text-2-6x6\" itemprop=\"image\" height=\"600\" width=\"600\" title=\"gala-text-2-6x6\" onerror=\"this.style.display='none'\"  \/>\n\t\t\t\t<img loading=\"lazy\" decoding=\"async\" src=\"https:\/\/www.avance.org\/wp-content\/uploads\/2024\/07\/SA-Gala-Email-Invitation-Assets-MiddleSection-R2.png\" alt=\"SA-Gala-Email-Invitation-Assets-MiddleSection-R2\" itemprop=\"image\" height=\"171\" width=\"929\" title=\"SA-Gala-Email-Invitation-Assets-MiddleSection-R2\" onerror=\"this.style.display='none'\"  \/>\n\t\t\t\t<img loading=\"lazy\" decoding=\"async\" src=\"https:\/\/www.avance.org\/wp-content\/uploads\/2024\/09\/gala-text-3-6x6-1.jpg\" alt=\"gala-text-3-6x6\" itemprop=\"image\" height=\"600\" width=\"600\" title=\"gala-text-3-6x6\" onerror=\"this.style.display='none'\"  \/>\n\t<p>La fundadora de AVANCE, la Dra. Gloria G. Rodr\u00edguez, recibi\u00f3 el Premio al L\u00edder Visionario, y en comentarios pregrabados, el Sr. Donald Zale acept\u00f3 el Premio Legacy Builder en nombre de M.B. y Edna Zale Foundation, que proporcion\u00f3 la financiaci\u00f3n inicial para AVANCE en 1973. La doctora Valora Washington, CEO y presidenta del Instituto CAYL, fue reconocida con el premio Campe\u00f3n de Educaci\u00f3n Infantil Temprana. Despu\u00e9s de los comentarios de la Dra. Washington, el alcalde de San Antonio, Ron Nirenberg, y la primera dama Erika Prosper cerraron el programa con un brindis de celebraci\u00f3n.<\/p>\n<p>&nbsp;<\/p>\n<p>A special thank you to everyone behind the scenes-our Board of Directors, Advisory Board members, 50th-anniversary committee, sponsors, partners, team members, and volunteers-whose support and hard work made this unforgettable evening possible.<\/p>\n<p>&nbsp;<\/p>\n<p><a href=\"#gala-photo-gallery\"><em>Explora las fotos de la noche<\/em><\/a><\/p>\n\t<p><strong>The gala may have ended, but our journey continues, and you can still be part of AVANCE&#8217;s next chapter!<\/strong><\/p>\n<p>&nbsp;<\/p>\n<p>Con <strong>un regalo de 50 d\u00f3lares<\/strong>, puede apoyar los pr\u00f3ximos 50 a\u00f1os de AVANCE, asegurando que lleguemos a a\u00fan m\u00e1s ni\u00f1os y familias en todo Texas y m\u00e1s all\u00e1.<\/p>\n\t<p><a href=\"https:\/\/form-renderer-app.donorperfect.io\/give\/avance-inc\/50th-anniversary-local\">Dona 50 d\u00f3lares para 50 a\u00f1os de AVANCE<\/a><\/p>\n\t\t\t\t<img loading=\"lazy\" decoding=\"async\" src=\"https:\/\/www.avance.org\/wp-content\/uploads\/2024\/09\/50for50-1000x1000-1.jpg\" alt=\"50for50-1000x1000\" itemprop=\"image\" height=\"1000\" width=\"1000\" title=\"50for50-1000x1000\" onerror=\"this.style.display='none'\"  \/>\n\t\t\t\t<img loading=\"lazy\" decoding=\"async\" src=\"https:\/\/www.avance.org\/wp-content\/uploads\/2024\/07\/SA-Gala-Email-Invitation-Assets-MiddleSection-R2.png\" alt=\"SA-Gala-Email-Invitation-Assets-MiddleSection-R2\" itemprop=\"image\" height=\"171\" width=\"929\" title=\"SA-Gala-Email-Invitation-Assets-MiddleSection-R2\" onerror=\"this.style.display='none'\"  \/>\n\t<h3><strong>AVANCE&#8217;s 50th Anniversary Grand Finale Gala<\/strong><\/h3>\n\t\t\t\t<img loading=\"lazy\" decoding=\"async\" src=\"https:\/\/www.avance.org\/wp-content\/uploads\/2024\/07\/SA-Gala-Email-Invitation-Assets-MiddleSection-R2.png\" alt=\"SA-Gala-Email-Invitation-Assets-MiddleSection-R2\" itemprop=\"image\" height=\"171\" width=\"929\" title=\"SA-Gala-Email-Invitation-Assets-MiddleSection-R2\" onerror=\"this.style.display='none'\"  \/>\n\t<p><strong>\u00a1Gracias a nuestros patrocinadores!<\/strong><\/p>\n\t<strong>Socias\/os<br \/>\n<\/strong>\n\t\t\t\t<img loading=\"lazy\" decoding=\"async\" src=\"https:\/\/www.avance.org\/wp-content\/uploads\/2024\/07\/tjx-logo-400x235-1.png\" alt=\"tjx-logo-400x235\" itemprop=\"image\" height=\"235\" width=\"400\" title=\"tjx-logo-400x235\" onerror=\"this.style.display='none'\"  \/>\n\t<strong>Aliadas\/os<br \/>\n<\/strong>\n\t\t\t\t<img loading=\"lazy\" decoding=\"async\" src=\"https:\/\/www.avance.org\/wp-content\/uploads\/2024\/07\/gala-Vinson__Elkins_LLP_logo-400x47-2.png\" alt=\"gala-Vinson_&amp;_Elkins_LLP_logo-400x47\" itemprop=\"image\" height=\"47\" width=\"400\" title=\"gala-Vinson_&amp;_Elkins_LLP_logo-400x47\" onerror=\"this.style.display='none'\"  \/>\n\t\t\t\t<img loading=\"lazy\" decoding=\"async\" src=\"https:\/\/www.avance.org\/wp-content\/uploads\/2024\/07\/najim-logo-400x171-1.png\" alt=\"najim-logo-400x171\" itemprop=\"image\" height=\"171\" width=\"400\" title=\"najim-logo-400x171\" onerror=\"this.style.display='none'\"  \/>\n\t\t\t\t<img loading=\"lazy\" decoding=\"async\" src=\"https:\/\/www.avance.org\/wp-content\/uploads\/2024\/07\/PreK4SA-Logo-NoTag-RGB-400x166-1.png\" alt=\"PreK4SA-Logo-NoTag-RGB-400x166\" itemprop=\"image\" height=\"166\" width=\"400\" title=\"PreK4SA-Logo-NoTag-RGB-400x166\" onerror=\"this.style.display='none'\"  \/>\n\t<p><strong>Colaboradoras\/es<\/strong><\/p>\n\t\t\t\t<img loading=\"lazy\" decoding=\"async\" src=\"https:\/\/www.avance.org\/wp-content\/uploads\/2024\/07\/gala-methodist-healthcare-ministries-logo325x268.png\" alt=\"gala-methodist-healthcare-ministries-logo325x268\" itemprop=\"image\" height=\"268\" width=\"325\" title=\"gala-methodist-healthcare-ministries-logo325x268\" onerror=\"this.style.display='none'\"  \/>\n\t\t\t\t<img loading=\"lazy\" decoding=\"async\" src=\"https:\/\/www.avance.org\/wp-content\/uploads\/2024\/07\/gala-logo_foley_lardner-400x153-1.png\" alt=\"gala-logo_foley_lardner-400x153\" itemprop=\"image\" height=\"153\" width=\"400\" title=\"gala-logo_foley_lardner-400x153\" onerror=\"this.style.display='none'\"  \/>\n\t\t\t\t<img loading=\"lazy\" decoding=\"async\" src=\"https:\/\/www.avance.org\/wp-content\/uploads\/2024\/07\/Gala-AlamoColleges-logo-420x125-1.png\" alt=\"Gala-AlamoColleges-logo-420x125\" itemprop=\"image\" height=\"125\" width=\"420\" title=\"Gala-AlamoColleges-logo-420x125\" onerror=\"this.style.display='none'\"  \/>\n\t\t\t\t<img loading=\"lazy\" decoding=\"async\" src=\"https:\/\/www.avance.org\/wp-content\/uploads\/2024\/07\/Walmart_logo-450x108-1.png\" alt=\"Walmart_logo-450x108\" itemprop=\"image\" height=\"108\" width=\"450\" title=\"Walmart_logo-450x108\" onerror=\"this.style.display='none'\"  \/>\n\t\t\t\t<img loading=\"lazy\" decoding=\"async\" src=\"https:\/\/www.avance.org\/wp-content\/uploads\/2024\/07\/gala-Higginbotham-Logo-TM-Positive-1024x162-2.png\" alt=\"gala-Higginbotham-Logo-TM-Positive-1024x162\" itemprop=\"image\" height=\"63\" width=\"400\" title=\"gala-Higginbotham-Logo-TM-Positive-1024x162\" onerror=\"this.style.display='none'\"  \/>\n\t\t\t\t<img loading=\"lazy\" decoding=\"async\" src=\"https:\/\/www.avance.org\/wp-content\/uploads\/2024\/08\/HUB-Horizontal-Full-Colour-CMYK_hr-450x140-1.png\" alt=\"HUB-Horizontal-Full-Colour-CMYK_hr-450x140\" itemprop=\"image\" height=\"140\" width=\"450\" title=\"HUB-Horizontal-Full-Colour-CMYK_hr-450x140\" onerror=\"this.style.display='none'\"  \/>\n\t\t\t\t<img loading=\"lazy\" decoding=\"async\" src=\"https:\/\/www.avance.org\/wp-content\/uploads\/2024\/07\/frost-logo-blue-500x168-1.png\" alt=\"frost-logo-blue-500x168\" itemprop=\"image\" height=\"168\" width=\"500\" title=\"frost-logo-blue-500x168\" onerror=\"this.style.display='none'\"  \/>\n\t\t\t\t<img loading=\"lazy\" decoding=\"async\" src=\"https:\/\/www.avance.org\/wp-content\/uploads\/2024\/07\/DHS-logo-1024x212.png\" alt=\"DHS-logo\" itemprop=\"image\" height=\"212\" width=\"1024\" title=\"DHS-logo\" onerror=\"this.style.display='none'\"  \/>\n\t<p><strong>Amigas\/os<\/strong><\/p>\n\t\t\t\t<img loading=\"lazy\" decoding=\"async\" src=\"https:\/\/www.avance.org\/wp-content\/uploads\/2024\/07\/AVANCE-SA_500x166.png\" alt=\"AVANCE-SA_500x166\" itemprop=\"image\" height=\"166\" width=\"500\" title=\"AVANCE-SA_500x166\" onerror=\"this.style.display='none'\"  \/>\n\t\t\t\t<img loading=\"lazy\" decoding=\"async\" src=\"https:\/\/www.avance.org\/wp-content\/uploads\/2024\/07\/WSA-logo-horizontal-tagline-color-400x142-1.png\" alt=\"WSA-logo-horizontal-tagline-color-400x142\" itemprop=\"image\" height=\"142\" width=\"400\" title=\"WSA-logo-horizontal-tagline-color-400x142\" onerror=\"this.style.display='none'\"  \/>\n\t\t\t\t<img loading=\"lazy\" decoding=\"async\" src=\"https:\/\/www.avance.org\/wp-content\/uploads\/2024\/07\/DreamOn-Group-logo.png\" alt=\"DreamOn-Group-logo\" itemprop=\"image\" height=\"270\" width=\"418\" title=\"DreamOn-Group-logo\" onerror=\"this.style.display='none'\"  \/>\n\t\t\t\t<img loading=\"lazy\" decoding=\"async\" src=\"https:\/\/www.avance.org\/wp-content\/uploads\/2024\/07\/AVANCE-Houston_500x166.png\" alt=\"AVANCE-Houston_500x166\" itemprop=\"image\" height=\"166\" width=\"500\" title=\"AVANCE-Houston_500x166\" onerror=\"this.style.display='none'\"  \/>\n\t\t\t\t<img loading=\"lazy\" decoding=\"async\" src=\"https:\/\/www.avance.org\/wp-content\/uploads\/2024\/07\/IDRA_RGB-500x272-1.png\" alt=\"IDRA_RGB-500x272\" itemprop=\"image\" height=\"272\" width=\"500\" title=\"IDRA_RGB-500x272\" onerror=\"this.style.display='none'\"  \/>\n\t\t\t\t<img loading=\"lazy\" decoding=\"async\" src=\"https:\/\/www.avance.org\/wp-content\/uploads\/2024\/08\/VIA_NewLogo_Gradient-734x388-1.png\" alt=\"VIA_NewLogo_Gradient-734x388\" itemprop=\"image\" height=\"388\" width=\"734\" title=\"VIA_NewLogo_Gradient-734x388\" onerror=\"this.style.display='none'\"  \/>\n\t\t\t\t<img loading=\"lazy\" decoding=\"async\" src=\"https:\/\/www.avance.org\/wp-content\/uploads\/2024\/07\/Port_San_Antonio_logo-500x225-1.png\" alt=\"Port_San_Antonio_logo-500x225\" itemprop=\"image\" height=\"225\" width=\"500\" title=\"Port_San_Antonio_logo-500x225\" onerror=\"this.style.display='none'\"  \/>\n\t\t\t\t<img loading=\"lazy\" decoding=\"async\" src=\"https:\/\/www.avance.org\/wp-content\/uploads\/2024\/07\/SAHCC-Logo_Horizontal-800x377-1.png\" alt=\"SAHCC-Logo_Horizontal-800x377\" itemprop=\"image\" height=\"377\" width=\"800\" title=\"SAHCC-Logo_Horizontal-800x377\" onerror=\"this.style.display='none'\"  \/>\n\t\t\t\t<img loading=\"lazy\" decoding=\"async\" src=\"https:\/\/www.avance.org\/wp-content\/uploads\/2024\/07\/UnidosUS-logo-500x120-1.png\" alt=\"UnidosUS-logo-500x120\" itemprop=\"image\" height=\"120\" width=\"500\" title=\"UnidosUS-logo-500x120\" onerror=\"this.style.display='none'\"  \/>\n\t\t\t\t<img loading=\"lazy\" decoding=\"async\" src=\"https:\/\/www.avance.org\/wp-content\/uploads\/2024\/07\/ACD-Palo-Alto-Logo-w-clear-space-750x236-1.png\" alt=\"ACD-Palo-Alto-Logo-w-clear-space-750x236\" itemprop=\"image\" height=\"236\" width=\"750\" title=\"ACD-Palo-Alto-Logo-w-clear-space-750x236\" onerror=\"this.style.display='none'\"  \/>\n\t<iframe loading=\"lazy\" width=\"560\" height=\"315\" src=\"https:\/\/www.youtube.com\/embed\/bBQFLzs1dBw?si=5q9ppj8Os7qZ8hJ3\" title=\"YouTube video player\" frameborder=\"0\" allow=\"accelerometer; autoplay; clipboard-write; encrypted-media; gyroscope; picture-in-picture; web-share\" allowfullscreen><\/iframe>","protected":false},"excerpt":{"rendered":"<p>AVANCE&#8217;s 50th Anniversary Grand Finale Gala\u00a0 September 14, 2024 More than 300 friends and supporters joined us at the Grand Hyatt San Antonio River Walk for our Grand Finale Gala, celebrating 50 years of AVANCE and 50 years of service, support, and success for Latino families and communities. With the help of our AVANCE community, &#8230; <a title=\"AVANCE 50th Anniversary &#8211; San Antonio Gala\" class=\"read-more\" href=\"https:\/\/www.avance.org\/es\/50th\/sa-gala\/\" aria-label=\"M\u00e1s en AVANCE 50th Anniversary &#8211; San Antonio Gala\">Leer m\u00e1s<\/a><\/p>","protected":false},"author":22,"featured_media":0,"parent":4276,"menu_order":5,"comment_status":"closed","ping_status":"closed","template":"","meta":{"inline_featured_image":false,"footnotes":""},"class_list":["post-5683","page","type-page","status-publish"],"yoast_head":"<!-- This site is optimized with the Yoast SEO Premium plugin v25.3 (Yoast SEO v25.3) - https:\/\/yoast.com\/wordpress\/plugins\/seo\/ -->\n<title>AVANCE 50th Anniversary - San Antonio Gala - AVANCE<\/title>\n<meta name=\"description\" content=\"Join the AVANCE familia one more time for the grand finale of our yearlong celebration of AVANCE&#039;s 50th anniversary!\" \/>\n<meta name=\"robots\" content=\"index, follow, max-snippet:-1, max-image-preview:large, max-video-preview:-1\" \/>\n<link rel=\"canonical\" href=\"https:\/\/www.avance.org\/es\/50th\/sa-gala\/\" \/>\n<meta property=\"og:locale\" content=\"es_MX\" \/>\n<meta property=\"og:type\" content=\"article\" \/>\n<meta property=\"og:title\" content=\"AVANCE 50th Anniversary - San Antonio Gala\" \/>\n<meta property=\"og:description\" content=\"Join the AVANCE familia one more time for the grand finale of our yearlong celebration of AVANCE&#039;s 50th anniversary!\" \/>\n<meta property=\"og:url\" content=\"https:\/\/www.avance.org\/es\/50th\/sa-gala\/\" \/>\n<meta property=\"og:site_name\" content=\"AVANCE\" \/>\n<meta property=\"article:publisher\" content=\"https:\/\/www.facebook.com\/AVANCEinc\/\" \/>\n<meta property=\"article:modified_time\" content=\"2024-09-19T18:02:01+00:00\" \/>\n<meta property=\"og:image\" content=\"https:\/\/www.avance.org\/wp-content\/uploads\/2024\/09\/gala-text-1-6x6-1.jpg\" \/>\n<meta name=\"twitter:card\" content=\"summary_large_image\" \/>\n<meta name=\"twitter:site\" content=\"@AVANCEinc\" \/>\n<meta name=\"twitter:label1\" content=\"Tiempo de lectura\" \/>\n\t<meta name=\"twitter:data1\" content=\"4 minutos\" \/>\n<script type=\"application\/ld+json\" class=\"yoast-schema-graph\">{\"@context\":\"https:\/\/schema.org\",\"@graph\":[{\"@type\":\"WebPage\",\"@id\":\"https:\/\/www.avance.org\/50th\/sa-gala\/\",\"url\":\"https:\/\/www.avance.org\/50th\/sa-gala\/\",\"name\":\"AVANCE 50th Anniversary - San Antonio Gala - AVANCE\",\"isPartOf\":{\"@id\":\"https:\/\/www.avance.org\/#website\"},\"primaryImageOfPage\":{\"@id\":\"https:\/\/www.avance.org\/50th\/sa-gala\/#primaryimage\"},\"image\":{\"@id\":\"https:\/\/www.avance.org\/50th\/sa-gala\/#primaryimage\"},\"thumbnailUrl\":\"https:\/\/www.avance.org\/wp-content\/uploads\/2024\/09\/gala-text-1-6x6-1.jpg\",\"datePublished\":\"2024-05-31T20:40:42+00:00\",\"dateModified\":\"2024-09-19T18:02:01+00:00\",\"description\":\"Join the AVANCE familia one more time for the grand finale of our yearlong celebration of AVANCE's 50th anniversary!\",\"breadcrumb\":{\"@id\":\"https:\/\/www.avance.org\/50th\/sa-gala\/#breadcrumb\"},\"inLanguage\":\"es-MX\",\"potentialAction\":[{\"@type\":\"ReadAction\",\"target\":[\"https:\/\/www.avance.org\/50th\/sa-gala\/\"]}]},{\"@type\":\"ImageObject\",\"inLanguage\":\"es-MX\",\"@id\":\"https:\/\/www.avance.org\/50th\/sa-gala\/#primaryimage\",\"url\":\"https:\/\/www.avance.org\/wp-content\/uploads\/2024\/09\/gala-text-1-6x6-1.jpg\",\"contentUrl\":\"https:\/\/www.avance.org\/wp-content\/uploads\/2024\/09\/gala-text-1-6x6-1.jpg\"},{\"@type\":\"BreadcrumbList\",\"@id\":\"https:\/\/www.avance.org\/50th\/sa-gala\/#breadcrumb\",\"itemListElement\":[{\"@type\":\"ListItem\",\"position\":1,\"name\":\"Home\",\"item\":\"https:\/\/www.avance.org\/\"},{\"@type\":\"ListItem\",\"position\":2,\"name\":\"Celebrating 50 Years of AVANCE\",\"item\":\"https:\/\/www.avance.org\/50th\/\"},{\"@type\":\"ListItem\",\"position\":3,\"name\":\"AVANCE 50th Anniversary &#8211; San Antonio Gala\"}]},{\"@type\":\"WebSite\",\"@id\":\"https:\/\/www.avance.org\/#website\",\"url\":\"https:\/\/www.avance.org\/\",\"name\":\"AVANCE\",\"description\":\"Unlocking America&#039;s Potential\",\"publisher\":{\"@id\":\"https:\/\/www.avance.org\/#organization\"},\"potentialAction\":[{\"@type\":\"SearchAction\",\"target\":{\"@type\":\"EntryPoint\",\"urlTemplate\":\"https:\/\/www.avance.org\/?s={search_term_string}\"},\"query-input\":{\"@type\":\"PropertyValueSpecification\",\"valueRequired\":true,\"valueName\":\"search_term_string\"}}],\"inLanguage\":\"es-MX\"},{\"@type\":\"Organization\",\"@id\":\"https:\/\/www.avance.org\/#organization\",\"name\":\"AVANCE\",\"url\":\"https:\/\/www.avance.org\/\",\"logo\":{\"@type\":\"ImageObject\",\"inLanguage\":\"es-MX\",\"@id\":\"https:\/\/www.avance.org\/#\/schema\/logo\/image\/\",\"url\":\"https:\/\/www.avance.org\/wp-content\/uploads\/2022\/07\/logo.svg\",\"contentUrl\":\"https:\/\/www.avance.org\/wp-content\/uploads\/2022\/07\/logo.svg\",\"caption\":\"AVANCE\"},\"image\":{\"@id\":\"https:\/\/www.avance.org\/#\/schema\/logo\/image\/\"},\"sameAs\":[\"https:\/\/www.facebook.com\/AVANCEinc\/\",\"https:\/\/x.com\/AVANCEinc\",\"https:\/\/www.instagram.com\/avance__inc\/\",\"https:\/\/www.linkedin.com\/company\/avance-inc\"]}]}<\/script>\n<!-- \/ Yoast SEO Premium plugin. -->","yoast_head_json":{"title":"AVANCE 50th Anniversary - San Antonio Gala - AVANCE","description":"Join the AVANCE familia one more time for the grand finale of our yearlong celebration of AVANCE's 50th anniversary!","robots":{"index":"index","follow":"follow","max-snippet":"max-snippet:-1","max-image-preview":"max-image-preview:large","max-video-preview":"max-video-preview:-1"},"canonical":"https:\/\/www.avance.org\/es\/50th\/sa-gala\/","og_locale":"es_MX","og_type":"article","og_title":"AVANCE 50th Anniversary - San Antonio Gala","og_description":"Join the AVANCE familia one more time for the grand finale of our yearlong celebration of AVANCE's 50th anniversary!","og_url":"https:\/\/www.avance.org\/es\/50th\/sa-gala\/","og_site_name":"AVANCE","article_publisher":"https:\/\/www.facebook.com\/AVANCEinc\/","article_modified_time":"2024-09-19T18:02:01+00:00","og_image":[{"url":"https:\/\/www.avance.org\/wp-content\/uploads\/2024\/09\/gala-text-1-6x6-1.jpg","type":"","width":"","height":""}],"twitter_card":"summary_large_image","twitter_site":"@AVANCEinc","twitter_misc":{"Tiempo de lectura":"4 minutos"},"schema":{"@context":"https:\/\/schema.org","@graph":[{"@type":"WebPage","@id":"https:\/\/www.avance.org\/50th\/sa-gala\/","url":"https:\/\/www.avance.org\/50th\/sa-gala\/","name":"AVANCE 50th Anniversary - San Antonio Gala - AVANCE","isPartOf":{"@id":"https:\/\/www.avance.org\/#website"},"primaryImageOfPage":{"@id":"https:\/\/www.avance.org\/50th\/sa-gala\/#primaryimage"},"image":{"@id":"https:\/\/www.avance.org\/50th\/sa-gala\/#primaryimage"},"thumbnailUrl":"https:\/\/www.avance.org\/wp-content\/uploads\/2024\/09\/gala-text-1-6x6-1.jpg","datePublished":"2024-05-31T20:40:42+00:00","dateModified":"2024-09-19T18:02:01+00:00","description":"Join the AVANCE familia one more time for the grand finale of our yearlong celebration of AVANCE's 50th anniversary!","breadcrumb":{"@id":"https:\/\/www.avance.org\/50th\/sa-gala\/#breadcrumb"},"inLanguage":"es-MX","potentialAction":[{"@type":"ReadAction","target":["https:\/\/www.avance.org\/50th\/sa-gala\/"]}]},{"@type":"ImageObject","inLanguage":"es-MX","@id":"https:\/\/www.avance.org\/50th\/sa-gala\/#primaryimage","url":"https:\/\/www.avance.org\/wp-content\/uploads\/2024\/09\/gala-text-1-6x6-1.jpg","contentUrl":"https:\/\/www.avance.org\/wp-content\/uploads\/2024\/09\/gala-text-1-6x6-1.jpg"},{"@type":"BreadcrumbList","@id":"https:\/\/www.avance.org\/50th\/sa-gala\/#breadcrumb","itemListElement":[{"@type":"ListItem","position":1,"name":"Home","item":"https:\/\/www.avance.org\/"},{"@type":"ListItem","position":2,"name":"Celebrating 50 Years of AVANCE","item":"https:\/\/www.avance.org\/50th\/"},{"@type":"ListItem","position":3,"name":"AVANCE 50th Anniversary &#8211; San Antonio Gala"}]},{"@type":"WebSite","@id":"https:\/\/www.avance.org\/#website","url":"https:\/\/www.avance.org\/","name":"AVANCE","description":"Unlocking America&#039;s Potential","publisher":{"@id":"https:\/\/www.avance.org\/#organization"},"potentialAction":[{"@type":"SearchAction","target":{"@type":"EntryPoint","urlTemplate":"https:\/\/www.avance.org\/?s={search_term_string}"},"query-input":{"@type":"PropertyValueSpecification","valueRequired":true,"valueName":"search_term_string"}}],"inLanguage":"es-MX"},{"@type":"Organization","@id":"https:\/\/www.avance.org\/#organization","name":"AVANCE","url":"https:\/\/www.avance.org\/","logo":{"@type":"ImageObject","inLanguage":"es-MX","@id":"https:\/\/www.avance.org\/#\/schema\/logo\/image\/","url":"https:\/\/www.avance.org\/wp-content\/uploads\/2022\/07\/logo.svg","contentUrl":"https:\/\/www.avance.org\/wp-content\/uploads\/2022\/07\/logo.svg","caption":"AVANCE"},"image":{"@id":"https:\/\/www.avance.org\/#\/schema\/logo\/image\/"},"sameAs":["https:\/\/www.facebook.com\/AVANCEinc\/","https:\/\/x.com\/AVANCEinc","https:\/\/www.instagram.com\/avance__inc\/","https:\/\/www.linkedin.com\/company\/avance-inc"]}]}},"post_mailing_queue_ids":[],"_links":{"self":[{"href":"https:\/\/www.avance.org\/es\/wp-json\/wp\/v2\/pages\/5683","targetHints":{"allow":["GET"]}}],"collection":[{"href":"https:\/\/www.avance.org\/es\/wp-json\/wp\/v2\/pages"}],"about":[{"href":"https:\/\/www.avance.org\/es\/wp-json\/wp\/v2\/types\/page"}],"author":[{"embeddable":true,"href":"https:\/\/www.avance.org\/es\/wp-json\/wp\/v2\/users\/22"}],"replies":[{"embeddable":true,"href":"https:\/\/www.avance.org\/es\/wp-json\/wp\/v2\/comments?post=5683"}],"version-history":[{"count":10,"href":"https:\/\/www.avance.org\/es\/wp-json\/wp\/v2\/pages\/5683\/revisions"}],"predecessor-version":[{"id":6370,"href":"https:\/\/www.avance.org\/es\/wp-json\/wp\/v2\/pages\/5683\/revisions\/6370"}],"up":[{"embeddable":true,"href":"https:\/\/www.avance.org\/es\/wp-json\/wp\/v2\/pages\/4276"}],"wp:attachment":[{"href":"https:\/\/www.avance.org\/es\/wp-json\/wp\/v2\/media?parent=5683"}],"curies":[{"name":"wp","href":"https:\/\/api.w.org\/{rel}","templated":true}]}}