{"id":5556,"date":"2024-05-09T11:46:50","date_gmt":"2024-05-09T16:46:50","guid":{"rendered":"https:\/\/www.avance.org\/?page_id=5556"},"modified":"2025-10-13T12:53:46","modified_gmt":"2025-10-13T17:53:46","slug":"pcep","status":"publish","type":"page","link":"https:\/\/www.avance.org\/es\/programs\/pcep\/","title":{"rendered":"Programa de Educaci\u00f3n para Padres e Hijos (PCEP)"},"content":{"rendered":"<img loading=\"lazy\" decoding=\"async\" src=\"https:\/\/www.avance.org\/wp-content\/uploads\/2024\/05\/PCEP-white-1024x342.png\" alt=\"PCEP-white\" itemprop=\"image\" height=\"342\" width=\"1024\" title=\"PCEP-white\" onerror=\"this.style.display='none'\"  \/>\n<h3>\n\t\t\u00bfInteresado en unirse a el programa PCEP de AVANCE?\n\t<\/h3>\n<a href=\"https:\/\/www.avance.org\/es\/programs\/pcep-families\/\">\n    \u00a1\u00danirse a PCEP!\n<\/a>\n<style>\n    .joinpcep-btn {\n        cursor: pointer;\n        background: #009999;\n        box-shadow: 0px 0px 0px rgba(0, 0, 0, 0.25);\n        border-radius: 80px;\n        color: white;\n        font: Raleway;\n        font-weight: bold;\n        padding: 15px 30px 15px 30px;\n    }\n    .btn-container {\n        text-align: center;\n    }\n<\/style>\n<h2>\n\t\tParents are their children&#8217;s first teachers;The home is the first classroom.\n\t<\/h2>\n\t<h3>Desde 1973, <strong>Programa de Educaci\u00f3n para Padres e Hijos (PCEP)<\/strong> has been the core of AVANCE programming, built around our belief that parents are their children&#8217;s first teachers and that the home is the child&#8217;s first classroom. The AVANCE PCEP is a responsive, evidence-based two-generation program that supports families with young children on their educational journey toward economic mobility.<\/h3>\n\t\t\t\t<img loading=\"lazy\" decoding=\"async\" src=\"https:\/\/www.avance.org\/wp-content\/uploads\/2024\/05\/PCEP-2.png\" alt=\"PCEP-2\" itemprop=\"image\" height=\"800\" width=\"800\" title=\"PCEP-2\" onerror=\"this.style.display='none'\"  \/>\n\t<iframe loading=\"lazy\" width=\"560\" height=\"315\" src=\"https:\/\/www.youtube.com\/embed\/cVJHJ4NWJDE?si=fgzQdxnPCq3gOQPn\" title=\"YouTube video player\" frameborder=\"0\" allow=\"accelerometer; autoplay; clipboard-write; encrypted-media; gyroscope; picture-in-picture; web-share\" referrerpolicy=\"strict-origin-when-cross-origin\" allowfullscreen><\/iframe>\n<h2>\n\t\t\u00bfPor qu\u00e9 certificar el Programa PCEP de AVANCE?\n\t<\/h2>\n\t<p>The population of young children in the United States is growing and becoming increasingly diverse, with Latino students projected to make up 30% of the K-12 public school population by 2027. Early childhood is a crucial time for a child&#8217;s development, and early education programs should reflect the needs, lived experience, and strengths of the families they serve.<\/p>\n<p>&nbsp;<\/p>\n<p>El Programa PCEP de AVANCE  ofrece una soluci\u00f3n integral y responsiva. <strong>Obtener la licencia del PCEP le permite involucrar simult\u00e1neamente a cuidadores y ni\u00f1os, con el fin de fomentar una base s\u00f3lida en el aprendizaje a lo largo de la vida y el \u00e9xito familiar.<\/strong><\/p>\n\t\t\t\t<img loading=\"lazy\" decoding=\"async\" src=\"https:\/\/www.avance.org\/wp-content\/uploads\/2024\/05\/PCEP-1.png\" alt=\"PCEP-1\" itemprop=\"image\" height=\"800\" width=\"800\" title=\"PCEP-1\" onerror=\"this.style.display='none'\"  \/>\n\t\t\t\t<img loading=\"lazy\" decoding=\"async\" src=\"https:\/\/www.avance.org\/wp-content\/uploads\/2024\/05\/PCEP-6.png\" alt=\"PCEP-6\" itemprop=\"image\" height=\"800\" width=\"800\" title=\"PCEP-6\" onerror=\"this.style.display='none'\"  \/>\n<h2>\n\t\tComo funciona\n\t<\/h2>\n\t<p>The AVANCE PCEP is a 9-month program that combines weekly sessions for caregivers-including parents, extended family, and foster families-and their children with monthly home visits. Our two-generation model integrates parenting education, early childhood development, and community engagement to ensure comprehensive support for families. In addition to the core components of our two-generation model, lessons and resources can be incorporated into PCEP to meet your community&#8217;s unique needs.<\/p>\n<h2>\n\t\tParents &#038; Caregivers\n\t<\/h2>\n\t<h3>Educaci\u00f3n para Padres<\/h3>\n\t<h3>Fabricaci\u00f3n de juguetes<\/h3>\n\t<h3>Participaci\u00f3n Comunitaria<\/h3>\n<h2>\n\t\tNi\u00f1os\n\t<\/h2>\n\t<h3>Educaci\u00f3n Infantil Temprana<\/h3>\n<h2>\n\t\tPadre e Hijo\u202f\n\t<\/h2>\n\t<h3>Visitas a Casa<\/h3>\n<h2>\n\t\tImpacto comprobado\n\t<\/h2>\n\t<p>Nuestro programa PCEP, se basa en evidencia, ofrece resultados medibles, empoderando a los cuidadores, fomentando el desarrollo infantil temprano y fortaleciendo las comunidades. En los \u00faltimos 50 a\u00f1os, AVANCE PCEP ha llegado a m\u00e1s de 200,000 padres e hijos en los Estados Unidos. El a\u00f1o pasado, AVANCE PCEP atendi\u00f3 a casi 3,500 participantes.<\/p>\n<h2>\n\t\tResultados del Programa 2024-2025\n\t<\/h2>\n\t<p>demostr\u00f3 un aumento en las interacciones positivas entre padres e hijos<\/p>\n\t<p>Demonstrated an increase in knowledge of their child&#8217;s development and school readiness<\/p>\n\tdemostr\u00f3 un aumento en la conexi\u00f3n social<br \/>\n\n\t<p>demostr\u00f3 un aumento en el empoderamiento parental<\/p>\n\t<p>Los ni\u00f1os que participan en PCEP con sus cuidadores tienen <strong>12 veces<\/strong>\u00a0m\u00e1s probabilidades de aprobar sus evaluaciones de preparaci\u00f3n para el k\u00ednder. <\/p>\n\t<p>Learn more about PCEP&#8217;s impact in our\u00a0<a href=\"https:\/\/www.avance.org\/es\/annual-report\/\">informe anual<\/a> y en nuestra <a href=\"https:\/\/www.avance.org\/es\/about-us\/impact\/\">p\u00e1gina de Impacto.<\/a>.<\/p>\n<h2>\n\t\tNuestro Enfoque \u00danico\n\t<\/h2>\n\t<p>El Programa PCEP est\u00e1 construido sobre <a href=\"https:\/\/www.avance.org\/es\/about-us\/the-avance-way\/\">the AVANCE Way<\/a>; nuestro enfoque distintivo basado en fortalezas para trabajar con familias que se centra en reunirse con las familias donde est\u00e1n y aprovechar sus fortalezas para fomentar la comunidad, la confianza y el aprendizaje.<\/p>\n\t<p>Conociendo Gente Donde Est\u00e9n<\/p>\n\t<h3>Aumentando Acceso a Recursos<\/h3>\n\t<h3>Proporcionar Programas Responsivos<\/h3>\n\t<p>Empoderando a todas las Personas para que sean L\u00edderes<\/p>\n\t\t\t\t<img loading=\"lazy\" decoding=\"async\" src=\"https:\/\/www.avance.org\/wp-content\/uploads\/2024\/05\/PCEP-7.png\" alt=\"PCEP-7\" itemprop=\"image\" height=\"728\" width=\"728\" title=\"PCEP-7\" onerror=\"this.style.display='none'\"  \/>\n\t\t\t\t<img loading=\"lazy\" decoding=\"async\" src=\"https:\/\/www.avance.org\/wp-content\/uploads\/2024\/05\/PCEP-5.png\" alt=\"PCEP-5\" itemprop=\"image\" height=\"800\" width=\"800\" title=\"PCEP-5\" onerror=\"this.style.display='none'\"  \/>\n<h2>\n\t\tApoyo de AVANCE para Socios\n\t<\/h2>\n\t<p>Partnering with AVANCE to bring PCEP to your community means you&#8217;ll have support every step of the way.<\/p>\n\t<p>Capacitaci\u00f3n Completa<\/p>\n\t<p>Apoyo de Reclutamiento Disponible<\/p>\n\t<p>Coaching Continuo y Asistencia T\u00e9cnica<\/p>\n\t<p>Monitoreo de Fidelidad y Apoyo de Evaluaci\u00f3n<\/p>\n\t<p><em>To me, it was a blessing because it was exactly what I needed. I had some ideas, but AVANCE provided the perfect tools to develop them. They helped me, helped my son&#8230; AVANCE puts you in the right place.<\/em><\/p>\n<p>-Fabiola Loya<\/p>\n<h2>\n\t\t\u00bfListo para llevar El Programa PCEP a su comunidad?\n\t<\/h2>\n\t<h3>Cont\u00e1ctenos hoy mismo para aprender c\u00f3mo puede obtener la licencia del AVANCE PCEP y aprovechar nuestra experiencia, recursos y apoyo para crear un impacto duradero en las familias locales para las generaciones venideras.<\/h3>\n<a href=\"https:\/\/www.avance.org\/es\/contact\/licensing-inquiries\/\">\n    CONT\u00c1CTENOS\n<\/a>\n<style>\n    .pceplic-btn {\n        cursor: pointer;\n        background: #ffffff;\n        box-shadow: 0px 0px 0px rgba(0, 0, 0, 0.25);\n        border-radius: 80px;\n        color: #009999;\n        font: helvetica;\n        font-size: 24px;\n        font-weight: bold;\n        padding: 15px 35px 15px 35px;\n    }\n    .btn-container {\n        text-align: center;\n    }\n<\/style>\n\t<p><strong>\u00bfListo para inscribirse?<\/strong><\/p>\n<a href=\"https:\/\/www.avance.org\/es\/programs\/pcep-families\/\">\n    \u00a1\u00danirse a PCEP!\n<\/a>\n<style>\n    .pcep-families-btn {\n        cursor: pointer;\n        background: #48c2c5;\n        box-shadow: 0px 0px 0px rgba(0, 0, 0, 0.25);\n        border-radius: 80px;\n        color: #ffffff;\n        font: helvetica;\n        font-size: 20px;\n        font-weight: bold;\n        padding: 15px 30px 15px 30px;\n    }\n    .btn-container {\n        text-align: center;\n    }\n<\/style>","protected":false},"excerpt":{"rendered":"<p>Interested in enrolling in the Parent-Child Education Program (PCEP)? Join PCEP! Parents are their children&#8217;s first teachers;The home is the first classroom. Since 1973, the Parent-Child Education Program (PCEP) has been the core of AVANCE programming, built around our belief that parents are their children&#8217;s first teachers and that the home is the child&#8217;s first &#8230; <a title=\"Programa de Educaci\u00f3n para Padres e Hijos (PCEP)\" class=\"read-more\" href=\"https:\/\/www.avance.org\/es\/programs\/pcep\/\" aria-label=\"M\u00e1s en Parent-Child Education Program (PCEP)\">Leer m\u00e1s<\/a><\/p>","protected":false},"author":22,"featured_media":0,"parent":165,"menu_order":16,"comment_status":"closed","ping_status":"closed","template":"","meta":{"inline_featured_image":false,"footnotes":""},"class_list":["post-5556","page","type-page","status-publish"],"yoast_head":"<!-- This site is optimized with the Yoast SEO Premium plugin v25.3 (Yoast SEO v25.3) - https:\/\/yoast.com\/wordpress\/plugins\/seo\/ -->\n<title>Parent-Child Education Program (PCEP) - AVANCE<\/title>\n<meta name=\"description\" content=\"The\u202fParent-Child Education Program (PCEP)\u202fis the core of AVANCE programming, built around our belief that parents are their children\u2019s first teachers and that the home is the first classroom.\" \/>\n<meta name=\"robots\" content=\"index, follow, max-snippet:-1, max-image-preview:large, max-video-preview:-1\" \/>\n<link rel=\"canonical\" href=\"https:\/\/www.avance.org\/es\/programs\/pcep\/\" \/>\n<meta property=\"og:locale\" content=\"es_MX\" \/>\n<meta property=\"og:type\" content=\"article\" \/>\n<meta property=\"og:title\" content=\"AVANCE Parent-Child Education Program (PCEP)\" \/>\n<meta property=\"og:description\" content=\"The\u202fParent-Child Education Program (PCEP)\u202fis the core of AVANCE programming, built around our belief that parents are their children\u2019s first teachers and that the home is the first classroom.\" \/>\n<meta property=\"og:url\" content=\"https:\/\/www.avance.org\/es\/programs\/pcep\/\" \/>\n<meta property=\"og:site_name\" content=\"AVANCE\" \/>\n<meta property=\"article:publisher\" content=\"https:\/\/www.facebook.com\/AVANCEinc\/\" \/>\n<meta property=\"article:modified_time\" content=\"2025-10-13T17:53:46+00:00\" \/>\n<meta property=\"og:image\" content=\"https:\/\/www.avance.org\/wp-content\/uploads\/2023\/03\/small-parent-2.png\" \/>\n\t<meta property=\"og:image:width\" content=\"500\" \/>\n\t<meta property=\"og:image:height\" content=\"500\" \/>\n\t<meta property=\"og:image:type\" content=\"image\/png\" \/>\n<meta name=\"twitter:card\" content=\"summary_large_image\" \/>\n<meta name=\"twitter:title\" content=\"AVANCE Parent-Child Education Program (PCEP)\" \/>\n<meta name=\"twitter:image\" content=\"https:\/\/www.avance.org\/wp-content\/uploads\/2023\/02\/toymaking-pillow.png\" \/>\n<meta name=\"twitter:site\" content=\"@AVANCEinc\" \/>\n<meta name=\"twitter:label1\" content=\"Tiempo de lectura\" \/>\n\t<meta name=\"twitter:data1\" content=\"4 minutos\" \/>\n<script type=\"application\/ld+json\" class=\"yoast-schema-graph\">{\"@context\":\"https:\/\/schema.org\",\"@graph\":[{\"@type\":\"WebPage\",\"@id\":\"https:\/\/www.avance.org\/programs\/pcep\/\",\"url\":\"https:\/\/www.avance.org\/programs\/pcep\/\",\"name\":\"Parent-Child Education Program (PCEP) - AVANCE\",\"isPartOf\":{\"@id\":\"https:\/\/www.avance.org\/#website\"},\"primaryImageOfPage\":{\"@id\":\"https:\/\/www.avance.org\/programs\/pcep\/#primaryimage\"},\"image\":{\"@id\":\"https:\/\/www.avance.org\/programs\/pcep\/#primaryimage\"},\"thumbnailUrl\":\"https:\/\/www.avance.org\/wp-content\/uploads\/2024\/05\/PCEP-white-1024x342.png\",\"datePublished\":\"2024-05-09T16:46:50+00:00\",\"dateModified\":\"2025-10-13T17:53:46+00:00\",\"description\":\"The\u202fParent-Child Education Program (PCEP)\u202fis the core of AVANCE programming, built around our belief that parents are their children\u2019s first teachers and that the home is the first classroom.\",\"breadcrumb\":{\"@id\":\"https:\/\/www.avance.org\/programs\/pcep\/#breadcrumb\"},\"inLanguage\":\"es-MX\",\"potentialAction\":[{\"@type\":\"ReadAction\",\"target\":[\"https:\/\/www.avance.org\/programs\/pcep\/\"]}]},{\"@type\":\"ImageObject\",\"inLanguage\":\"es-MX\",\"@id\":\"https:\/\/www.avance.org\/programs\/pcep\/#primaryimage\",\"url\":\"https:\/\/www.avance.org\/wp-content\/uploads\/2024\/05\/PCEP-white-1024x342.png\",\"contentUrl\":\"https:\/\/www.avance.org\/wp-content\/uploads\/2024\/05\/PCEP-white-1024x342.png\"},{\"@type\":\"BreadcrumbList\",\"@id\":\"https:\/\/www.avance.org\/programs\/pcep\/#breadcrumb\",\"itemListElement\":[{\"@type\":\"ListItem\",\"position\":1,\"name\":\"Home\",\"item\":\"https:\/\/www.avance.org\/\"},{\"@type\":\"ListItem\",\"position\":2,\"name\":\"Programs\",\"item\":\"https:\/\/www.avance.org\/programs\/\"},{\"@type\":\"ListItem\",\"position\":3,\"name\":\"Parent-Child Education Program (PCEP)\"}]},{\"@type\":\"WebSite\",\"@id\":\"https:\/\/www.avance.org\/#website\",\"url\":\"https:\/\/www.avance.org\/\",\"name\":\"AVANCE\",\"description\":\"Unlocking America&#039;s Potential\",\"publisher\":{\"@id\":\"https:\/\/www.avance.org\/#organization\"},\"potentialAction\":[{\"@type\":\"SearchAction\",\"target\":{\"@type\":\"EntryPoint\",\"urlTemplate\":\"https:\/\/www.avance.org\/?s={search_term_string}\"},\"query-input\":{\"@type\":\"PropertyValueSpecification\",\"valueRequired\":true,\"valueName\":\"search_term_string\"}}],\"inLanguage\":\"es-MX\"},{\"@type\":\"Organization\",\"@id\":\"https:\/\/www.avance.org\/#organization\",\"name\":\"AVANCE\",\"url\":\"https:\/\/www.avance.org\/\",\"logo\":{\"@type\":\"ImageObject\",\"inLanguage\":\"es-MX\",\"@id\":\"https:\/\/www.avance.org\/#\/schema\/logo\/image\/\",\"url\":\"https:\/\/www.avance.org\/wp-content\/uploads\/2022\/07\/logo.svg\",\"contentUrl\":\"https:\/\/www.avance.org\/wp-content\/uploads\/2022\/07\/logo.svg\",\"caption\":\"AVANCE\"},\"image\":{\"@id\":\"https:\/\/www.avance.org\/#\/schema\/logo\/image\/\"},\"sameAs\":[\"https:\/\/www.facebook.com\/AVANCEinc\/\",\"https:\/\/x.com\/AVANCEinc\",\"https:\/\/www.instagram.com\/avance__inc\/\",\"https:\/\/www.linkedin.com\/company\/avance-inc\"]}]}<\/script>\n<!-- \/ Yoast SEO Premium plugin. -->","yoast_head_json":{"title":"Parent-Child Education Program (PCEP) - AVANCE","description":"The\u202fParent-Child Education Program (PCEP)\u202fis the core of AVANCE programming, built around our belief that parents are their children\u2019s first teachers and that the home is the first classroom.","robots":{"index":"index","follow":"follow","max-snippet":"max-snippet:-1","max-image-preview":"max-image-preview:large","max-video-preview":"max-video-preview:-1"},"canonical":"https:\/\/www.avance.org\/es\/programs\/pcep\/","og_locale":"es_MX","og_type":"article","og_title":"AVANCE Parent-Child Education Program (PCEP)","og_description":"The\u202fParent-Child Education Program (PCEP)\u202fis the core of AVANCE programming, built around our belief that parents are their children\u2019s first teachers and that the home is the first classroom.","og_url":"https:\/\/www.avance.org\/es\/programs\/pcep\/","og_site_name":"AVANCE","article_publisher":"https:\/\/www.facebook.com\/AVANCEinc\/","article_modified_time":"2025-10-13T17:53:46+00:00","og_image":[{"width":500,"height":500,"url":"https:\/\/www.avance.org\/wp-content\/uploads\/2023\/03\/small-parent-2.png","type":"image\/png"}],"twitter_card":"summary_large_image","twitter_title":"AVANCE Parent-Child Education Program (PCEP)","twitter_image":"https:\/\/www.avance.org\/wp-content\/uploads\/2023\/02\/toymaking-pillow.png","twitter_site":"@AVANCEinc","twitter_misc":{"Tiempo de lectura":"4 minutos"},"schema":{"@context":"https:\/\/schema.org","@graph":[{"@type":"WebPage","@id":"https:\/\/www.avance.org\/programs\/pcep\/","url":"https:\/\/www.avance.org\/programs\/pcep\/","name":"Parent-Child Education Program (PCEP) - AVANCE","isPartOf":{"@id":"https:\/\/www.avance.org\/#website"},"primaryImageOfPage":{"@id":"https:\/\/www.avance.org\/programs\/pcep\/#primaryimage"},"image":{"@id":"https:\/\/www.avance.org\/programs\/pcep\/#primaryimage"},"thumbnailUrl":"https:\/\/www.avance.org\/wp-content\/uploads\/2024\/05\/PCEP-white-1024x342.png","datePublished":"2024-05-09T16:46:50+00:00","dateModified":"2025-10-13T17:53:46+00:00","description":"The\u202fParent-Child Education Program (PCEP)\u202fis the core of AVANCE programming, built around our belief that parents are their children\u2019s first teachers and that the home is the first classroom.","breadcrumb":{"@id":"https:\/\/www.avance.org\/programs\/pcep\/#breadcrumb"},"inLanguage":"es-MX","potentialAction":[{"@type":"ReadAction","target":["https:\/\/www.avance.org\/programs\/pcep\/"]}]},{"@type":"ImageObject","inLanguage":"es-MX","@id":"https:\/\/www.avance.org\/programs\/pcep\/#primaryimage","url":"https:\/\/www.avance.org\/wp-content\/uploads\/2024\/05\/PCEP-white-1024x342.png","contentUrl":"https:\/\/www.avance.org\/wp-content\/uploads\/2024\/05\/PCEP-white-1024x342.png"},{"@type":"BreadcrumbList","@id":"https:\/\/www.avance.org\/programs\/pcep\/#breadcrumb","itemListElement":[{"@type":"ListItem","position":1,"name":"Home","item":"https:\/\/www.avance.org\/"},{"@type":"ListItem","position":2,"name":"Programs","item":"https:\/\/www.avance.org\/programs\/"},{"@type":"ListItem","position":3,"name":"Parent-Child Education Program (PCEP)"}]},{"@type":"WebSite","@id":"https:\/\/www.avance.org\/#website","url":"https:\/\/www.avance.org\/","name":"AVANCE","description":"Unlocking America&#039;s Potential","publisher":{"@id":"https:\/\/www.avance.org\/#organization"},"potentialAction":[{"@type":"SearchAction","target":{"@type":"EntryPoint","urlTemplate":"https:\/\/www.avance.org\/?s={search_term_string}"},"query-input":{"@type":"PropertyValueSpecification","valueRequired":true,"valueName":"search_term_string"}}],"inLanguage":"es-MX"},{"@type":"Organization","@id":"https:\/\/www.avance.org\/#organization","name":"AVANCE","url":"https:\/\/www.avance.org\/","logo":{"@type":"ImageObject","inLanguage":"es-MX","@id":"https:\/\/www.avance.org\/#\/schema\/logo\/image\/","url":"https:\/\/www.avance.org\/wp-content\/uploads\/2022\/07\/logo.svg","contentUrl":"https:\/\/www.avance.org\/wp-content\/uploads\/2022\/07\/logo.svg","caption":"AVANCE"},"image":{"@id":"https:\/\/www.avance.org\/#\/schema\/logo\/image\/"},"sameAs":["https:\/\/www.facebook.com\/AVANCEinc\/","https:\/\/x.com\/AVANCEinc","https:\/\/www.instagram.com\/avance__inc\/","https:\/\/www.linkedin.com\/company\/avance-inc"]}]}},"post_mailing_queue_ids":[],"_links":{"self":[{"href":"https:\/\/www.avance.org\/es\/wp-json\/wp\/v2\/pages\/5556","targetHints":{"allow":["GET"]}}],"collection":[{"href":"https:\/\/www.avance.org\/es\/wp-json\/wp\/v2\/pages"}],"about":[{"href":"https:\/\/www.avance.org\/es\/wp-json\/wp\/v2\/types\/page"}],"author":[{"embeddable":true,"href":"https:\/\/www.avance.org\/es\/wp-json\/wp\/v2\/users\/22"}],"replies":[{"embeddable":true,"href":"https:\/\/www.avance.org\/es\/wp-json\/wp\/v2\/comments?post=5556"}],"version-history":[{"count":10,"href":"https:\/\/www.avance.org\/es\/wp-json\/wp\/v2\/pages\/5556\/revisions"}],"predecessor-version":[{"id":7338,"href":"https:\/\/www.avance.org\/es\/wp-json\/wp\/v2\/pages\/5556\/revisions\/7338"}],"up":[{"embeddable":true,"href":"https:\/\/www.avance.org\/es\/wp-json\/wp\/v2\/pages\/165"}],"wp:attachment":[{"href":"https:\/\/www.avance.org\/es\/wp-json\/wp\/v2\/media?parent=5556"}],"curies":[{"name":"wp","href":"https:\/\/api.w.org\/{rel}","templated":true}]}}