{"id":5111,"date":"2023-11-28T16:33:08","date_gmt":"2023-11-28T21:33:08","guid":{"rendered":"https:\/\/www.avance.org\/?page_id=5111"},"modified":"2023-12-20T11:12:23","modified_gmt":"2023-12-20T16:12:23","slug":"qccm-contact-us","status":"publish","type":"page","link":"https:\/\/www.avance.org\/es\/qccm-contact-us\/","title":{"rendered":"QCCM Interest Form"},"content":{"rendered":"<img loading=\"lazy\" decoding=\"async\" src=\"https:\/\/www.avance.org\/wp-content\/uploads\/2023\/11\/QCCM-white.png\" alt=\"AVANCE Quality Child Care Matters logo\" itemprop=\"image\" height=\"619\" width=\"1854\" title=\"QCCM-white\" onerror=\"this.style.display='none'\">\n<h2>\n\t\t\u00bfTienes preguntas sobre nuestro programa QCCM o quieres inscribirte?\n\t<\/h2>\n\t<p>Completa este breve formulario y alguien de nuestro equipo se pondr\u00e1 en contacto con usted.<\/p>\n\t<div class=\"wpforms-container wpforms-container-full\" id=\"wpforms-5108\"><form id=\"wpforms-form-5108\" class=\"wpforms-validate wpforms-form wpforms-ajax-form\" data-formid=\"5108\" method=\"post\" enctype=\"multipart\/form-data\" action=\"\/es\/wp-json\/wp\/v2\/pages\/5111\" data-token=\"27f17666da64a0d94e52c0d7817ea18e\" data-token-time=\"1775729458\" data-trp-original-action=\"\/es\/wp-json\/wp\/v2\/pages\/5111\"><noscript class=\"wpforms-error-noscript\">Por favor, activa JavaScript en tu navegador para completar este formulario.<\/noscript><div class=\"wpforms-field-container\"><div id=\"wpforms-5108-field_0-container\" class=\"wpforms-field wpforms-field-name\" data-field-id=\"0\"><label class=\"wpforms-field-label\">Nombre <span class=\"wpforms-required-label\">*<\/span><\/label><div class=\"wpforms-field-row wpforms-field-medium\"><div class=\"wpforms-field-row-block wpforms-first wpforms-one-half\"><input type=\"text\" id=\"wpforms-5108-field_0\" class=\"wpforms-field-name-first wpforms-field-required\" name=\"wpforms[fields][0][first]\" required><label for=\"wpforms-5108-field_0\" class=\"wpforms-field-sublabel after\">Nombre<\/label><\/div><div class=\"wpforms-field-row-block wpforms-one-half\"><input type=\"text\" id=\"wpforms-5108-field_0-last\" class=\"wpforms-field-name-last wpforms-field-required\" name=\"wpforms[fields][0][last]\" required><label for=\"wpforms-5108-field_0-last\" class=\"wpforms-field-sublabel after\">Apellidos<\/label><\/div><\/div><\/div><div id=\"wpforms-5108-field_1-container\" class=\"wpforms-field wpforms-field-email wpforms-one-half wpforms-first\" data-field-id=\"1\"><label class=\"wpforms-field-label\" for=\"wpforms-5108-field_1\">Correo Electr\u00f3nico <span class=\"wpforms-required-label\">*<\/span><\/label><input type=\"email\" id=\"wpforms-5108-field_1\" class=\"wpforms-field-medium wpforms-field-required\" name=\"wpforms[fields][1]\" spellcheck=\"false\" required><\/div><div id=\"wpforms-5108-field_3-container\" class=\"wpforms-field wpforms-field-number wpforms-one-half\" data-field-id=\"3\"><label class=\"wpforms-field-label\" for=\"wpforms-5108-field_3\">N\u00famero de tel\u00e9fono<\/label><input type=\"number\" id=\"wpforms-5108-field_3\" class=\"wpforms-field-medium\" name=\"wpforms[fields][3]\" step=\"any\" ><\/div><div id=\"wpforms-5108-field_6-container\" class=\"wpforms-field wpforms-field-text\" data-field-id=\"6\"><label class=\"wpforms-field-label\" for=\"wpforms-5108-field_6\">Direcci\u00f3n<\/label><input type=\"text\" id=\"wpforms-5108-field_6\" class=\"wpforms-field-medium\" name=\"wpforms[fields][6]\" ><\/div><div id=\"wpforms-5108-field_7-container\" class=\"wpforms-field wpforms-field-text wpforms-one-third wpforms-first\" data-field-id=\"7\"><label class=\"wpforms-field-label\" for=\"wpforms-5108-field_7\">Ciudad<\/label><input type=\"text\" id=\"wpforms-5108-field_7\" class=\"wpforms-field-medium\" name=\"wpforms[fields][7]\" ><\/div><div id=\"wpforms-5108-field_8-container\" class=\"wpforms-field wpforms-field-text wpforms-one-third\" data-field-id=\"8\"><label class=\"wpforms-field-label\" for=\"wpforms-5108-field_8\">Estado<\/label><input type=\"text\" id=\"wpforms-5108-field_8\" class=\"wpforms-field-medium\" name=\"wpforms[fields][8]\" ><\/div><div id=\"wpforms-5108-field_9-container\" class=\"wpforms-field wpforms-field-text wpforms-one-third\" data-field-id=\"9\"><label class=\"wpforms-field-label\" for=\"wpforms-5108-field_9\">C\u00f3digo postal<\/label><input type=\"text\" id=\"wpforms-5108-field_9\" class=\"wpforms-field-medium\" name=\"wpforms[fields][9]\" ><\/div><div id=\"wpforms-5108-field_2-container\" class=\"wpforms-field wpforms-field-textarea\" data-field-id=\"2\"><label class=\"wpforms-field-label\" for=\"wpforms-5108-field_2\">Comentarios o Mensajes<\/label><textarea id=\"wpforms-5108-field_2\" class=\"wpforms-field-medium\" name=\"wpforms[fields][2]\" ><\/textarea><\/div><\/div><!-- .wpforms-field-container --><div class=\"wpforms-submit-container\" ><input type=\"hidden\" name=\"wpforms[id]\" value=\"5108\"><input type=\"hidden\" name=\"page_title\" value=\"\"><input type=\"hidden\" name=\"page_url\" value=\"https:\/\/www.avance.org\/es\/wp-json\/wp\/v2\/pages\/5111\"><input type=\"hidden\" name=\"url_referer\" value=\"\"><button type=\"submit\" name=\"wpforms[submit]\" id=\"wpforms-submit-5108\" class=\"wpforms-submit\" data-alt-text=\"Sending...\" data-submit-text=\"Submit\" aria-live=\"assertive\" value=\"wpforms-submit\">Enviar<\/button><img loading=\"lazy\" decoding=\"async\" src=\"https:\/\/www.avance.org\/wp-content\/plugins\/wpforms-lite\/assets\/images\/submit-spin.svg\" class=\"wpforms-submit-spinner\" style=\"display: none;\" width=\"26\" height=\"26\" alt=\"Cargando\"><\/div><input type=\"hidden\" name=\"trp-form-language\" value=\"es\"\/><\/form><\/div>  <!-- .wpforms-container -->\n\t<p>Si est\u00e1 interesado en inscribirse en la programaci\u00f3n en las <strong>\u00e1reas de San Antonio, Austin, Houston o el norte de Texas<\/strong>, utilice los enlaces a continuaci\u00f3n para ponerse en contacto conla ubicaci\u00f3n  correspondiente, y el personal local le ayudar\u00e1.<\/p>","protected":false},"excerpt":{"rendered":"<p>Have questions about our QCCM program or want to enroll? Complete this short form, and someone from our team will contact you. If you are interested in enrolling in programming in the San Antonio, Austin, Houston, or North Texas areas, please use the links below to contact the appropriate chapter, and local staff will assist &#8230; <a title=\"QCCM Interest Form\" class=\"read-more\" href=\"https:\/\/www.avance.org\/es\/qccm-contact-us\/\" aria-label=\"M\u00e1s en QCCM Interest Form\">Leer m\u00e1s<\/a><\/p>","protected":false},"author":22,"featured_media":0,"parent":0,"menu_order":7,"comment_status":"closed","ping_status":"closed","template":"","meta":{"inline_featured_image":false,"footnotes":""},"class_list":["post-5111","page","type-page","status-publish"],"yoast_head":"<!-- This site is optimized with the Yoast SEO Premium plugin v25.3 (Yoast SEO v25.3) - https:\/\/yoast.com\/wordpress\/plugins\/seo\/ -->\n<title>QCCM Interest Form - AVANCE<\/title>\n<meta name=\"description\" content=\"Have a question about our QCCM program or want to enroll? Please complete this short form, and someone from our team will contact you.\" \/>\n<meta name=\"robots\" content=\"index, follow, max-snippet:-1, max-image-preview:large, max-video-preview:-1\" \/>\n<link rel=\"canonical\" href=\"https:\/\/www.avance.org\/es\/qccm-contact-us\/\" \/>\n<meta property=\"og:locale\" content=\"es_MX\" \/>\n<meta property=\"og:type\" content=\"article\" \/>\n<meta property=\"og:title\" content=\"QCCM Interest Form\" \/>\n<meta property=\"og:description\" content=\"Have a question about our QCCM program or want to enroll? Please complete this short form, and someone from our team will contact you.\" \/>\n<meta property=\"og:url\" content=\"https:\/\/www.avance.org\/es\/qccm-contact-us\/\" \/>\n<meta property=\"og:site_name\" content=\"AVANCE\" \/>\n<meta property=\"article:publisher\" content=\"https:\/\/www.facebook.com\/AVANCEinc\/\" \/>\n<meta property=\"article:modified_time\" content=\"2023-12-20T16:12:23+00:00\" \/>\n<meta property=\"og:image\" content=\"https:\/\/www.avance.org\/wp-content\/uploads\/2023\/11\/QCCM-white.png\" \/>\n<meta name=\"twitter:card\" content=\"summary_large_image\" \/>\n<meta name=\"twitter:site\" content=\"@AVANCEinc\" \/>\n<meta name=\"twitter:label1\" content=\"Tiempo de lectura\" \/>\n\t<meta name=\"twitter:data1\" content=\"1 minuto\" \/>\n<script type=\"application\/ld+json\" class=\"yoast-schema-graph\">{\"@context\":\"https:\/\/schema.org\",\"@graph\":[{\"@type\":\"WebPage\",\"@id\":\"https:\/\/www.avance.org\/qccm-contact-us\/\",\"url\":\"https:\/\/www.avance.org\/qccm-contact-us\/\",\"name\":\"QCCM Interest Form - AVANCE\",\"isPartOf\":{\"@id\":\"https:\/\/www.avance.org\/#website\"},\"primaryImageOfPage\":{\"@id\":\"https:\/\/www.avance.org\/qccm-contact-us\/#primaryimage\"},\"image\":{\"@id\":\"https:\/\/www.avance.org\/qccm-contact-us\/#primaryimage\"},\"thumbnailUrl\":\"https:\/\/www.avance.org\/wp-content\/uploads\/2023\/11\/QCCM-white.png\",\"datePublished\":\"2023-11-28T21:33:08+00:00\",\"dateModified\":\"2023-12-20T16:12:23+00:00\",\"description\":\"Have a question about our QCCM program or want to enroll? Please complete this short form, and someone from our team will contact you.\",\"breadcrumb\":{\"@id\":\"https:\/\/www.avance.org\/qccm-contact-us\/#breadcrumb\"},\"inLanguage\":\"es-MX\",\"potentialAction\":[{\"@type\":\"ReadAction\",\"target\":[\"https:\/\/www.avance.org\/qccm-contact-us\/\"]}]},{\"@type\":\"ImageObject\",\"inLanguage\":\"es-MX\",\"@id\":\"https:\/\/www.avance.org\/qccm-contact-us\/#primaryimage\",\"url\":\"https:\/\/www.avance.org\/wp-content\/uploads\/2023\/11\/QCCM-white.png\",\"contentUrl\":\"https:\/\/www.avance.org\/wp-content\/uploads\/2023\/11\/QCCM-white.png\"},{\"@type\":\"BreadcrumbList\",\"@id\":\"https:\/\/www.avance.org\/qccm-contact-us\/#breadcrumb\",\"itemListElement\":[{\"@type\":\"ListItem\",\"position\":1,\"name\":\"Home\",\"item\":\"https:\/\/www.avance.org\/\"},{\"@type\":\"ListItem\",\"position\":2,\"name\":\"QCCM Interest Form\"}]},{\"@type\":\"WebSite\",\"@id\":\"https:\/\/www.avance.org\/#website\",\"url\":\"https:\/\/www.avance.org\/\",\"name\":\"AVANCE\",\"description\":\"Unlocking America&#039;s Potential\",\"publisher\":{\"@id\":\"https:\/\/www.avance.org\/#organization\"},\"potentialAction\":[{\"@type\":\"SearchAction\",\"target\":{\"@type\":\"EntryPoint\",\"urlTemplate\":\"https:\/\/www.avance.org\/?s={search_term_string}\"},\"query-input\":{\"@type\":\"PropertyValueSpecification\",\"valueRequired\":true,\"valueName\":\"search_term_string\"}}],\"inLanguage\":\"es-MX\"},{\"@type\":\"Organization\",\"@id\":\"https:\/\/www.avance.org\/#organization\",\"name\":\"AVANCE\",\"url\":\"https:\/\/www.avance.org\/\",\"logo\":{\"@type\":\"ImageObject\",\"inLanguage\":\"es-MX\",\"@id\":\"https:\/\/www.avance.org\/#\/schema\/logo\/image\/\",\"url\":\"https:\/\/www.avance.org\/wp-content\/uploads\/2022\/07\/logo.svg\",\"contentUrl\":\"https:\/\/www.avance.org\/wp-content\/uploads\/2022\/07\/logo.svg\",\"caption\":\"AVANCE\"},\"image\":{\"@id\":\"https:\/\/www.avance.org\/#\/schema\/logo\/image\/\"},\"sameAs\":[\"https:\/\/www.facebook.com\/AVANCEinc\/\",\"https:\/\/x.com\/AVANCEinc\",\"https:\/\/www.instagram.com\/avance__inc\/\",\"https:\/\/www.linkedin.com\/company\/avance-inc\"]}]}<\/script>\n<!-- \/ Yoast SEO Premium plugin. -->","yoast_head_json":{"title":"QCCM Interest Form - AVANCE","description":"Have a question about our QCCM program or want to enroll? Please complete this short form, and someone from our team will contact you.","robots":{"index":"index","follow":"follow","max-snippet":"max-snippet:-1","max-image-preview":"max-image-preview:large","max-video-preview":"max-video-preview:-1"},"canonical":"https:\/\/www.avance.org\/es\/qccm-contact-us\/","og_locale":"es_MX","og_type":"article","og_title":"QCCM Interest Form","og_description":"Have a question about our QCCM program or want to enroll? Please complete this short form, and someone from our team will contact you.","og_url":"https:\/\/www.avance.org\/es\/qccm-contact-us\/","og_site_name":"AVANCE","article_publisher":"https:\/\/www.facebook.com\/AVANCEinc\/","article_modified_time":"2023-12-20T16:12:23+00:00","og_image":[{"url":"https:\/\/www.avance.org\/wp-content\/uploads\/2023\/11\/QCCM-white.png","type":"","width":"","height":""}],"twitter_card":"summary_large_image","twitter_site":"@AVANCEinc","twitter_misc":{"Tiempo de lectura":"1 minuto"},"schema":{"@context":"https:\/\/schema.org","@graph":[{"@type":"WebPage","@id":"https:\/\/www.avance.org\/qccm-contact-us\/","url":"https:\/\/www.avance.org\/qccm-contact-us\/","name":"QCCM Interest Form - AVANCE","isPartOf":{"@id":"https:\/\/www.avance.org\/#website"},"primaryImageOfPage":{"@id":"https:\/\/www.avance.org\/qccm-contact-us\/#primaryimage"},"image":{"@id":"https:\/\/www.avance.org\/qccm-contact-us\/#primaryimage"},"thumbnailUrl":"https:\/\/www.avance.org\/wp-content\/uploads\/2023\/11\/QCCM-white.png","datePublished":"2023-11-28T21:33:08+00:00","dateModified":"2023-12-20T16:12:23+00:00","description":"Have a question about our QCCM program or want to enroll? Please complete this short form, and someone from our team will contact you.","breadcrumb":{"@id":"https:\/\/www.avance.org\/qccm-contact-us\/#breadcrumb"},"inLanguage":"es-MX","potentialAction":[{"@type":"ReadAction","target":["https:\/\/www.avance.org\/qccm-contact-us\/"]}]},{"@type":"ImageObject","inLanguage":"es-MX","@id":"https:\/\/www.avance.org\/qccm-contact-us\/#primaryimage","url":"https:\/\/www.avance.org\/wp-content\/uploads\/2023\/11\/QCCM-white.png","contentUrl":"https:\/\/www.avance.org\/wp-content\/uploads\/2023\/11\/QCCM-white.png"},{"@type":"BreadcrumbList","@id":"https:\/\/www.avance.org\/qccm-contact-us\/#breadcrumb","itemListElement":[{"@type":"ListItem","position":1,"name":"Home","item":"https:\/\/www.avance.org\/"},{"@type":"ListItem","position":2,"name":"QCCM Interest Form"}]},{"@type":"WebSite","@id":"https:\/\/www.avance.org\/#website","url":"https:\/\/www.avance.org\/","name":"AVANCE","description":"Unlocking America&#039;s Potential","publisher":{"@id":"https:\/\/www.avance.org\/#organization"},"potentialAction":[{"@type":"SearchAction","target":{"@type":"EntryPoint","urlTemplate":"https:\/\/www.avance.org\/?s={search_term_string}"},"query-input":{"@type":"PropertyValueSpecification","valueRequired":true,"valueName":"search_term_string"}}],"inLanguage":"es-MX"},{"@type":"Organization","@id":"https:\/\/www.avance.org\/#organization","name":"AVANCE","url":"https:\/\/www.avance.org\/","logo":{"@type":"ImageObject","inLanguage":"es-MX","@id":"https:\/\/www.avance.org\/#\/schema\/logo\/image\/","url":"https:\/\/www.avance.org\/wp-content\/uploads\/2022\/07\/logo.svg","contentUrl":"https:\/\/www.avance.org\/wp-content\/uploads\/2022\/07\/logo.svg","caption":"AVANCE"},"image":{"@id":"https:\/\/www.avance.org\/#\/schema\/logo\/image\/"},"sameAs":["https:\/\/www.facebook.com\/AVANCEinc\/","https:\/\/x.com\/AVANCEinc","https:\/\/www.instagram.com\/avance__inc\/","https:\/\/www.linkedin.com\/company\/avance-inc"]}]}},"post_mailing_queue_ids":[],"_links":{"self":[{"href":"https:\/\/www.avance.org\/es\/wp-json\/wp\/v2\/pages\/5111","targetHints":{"allow":["GET"]}}],"collection":[{"href":"https:\/\/www.avance.org\/es\/wp-json\/wp\/v2\/pages"}],"about":[{"href":"https:\/\/www.avance.org\/es\/wp-json\/wp\/v2\/types\/page"}],"author":[{"embeddable":true,"href":"https:\/\/www.avance.org\/es\/wp-json\/wp\/v2\/users\/22"}],"replies":[{"embeddable":true,"href":"https:\/\/www.avance.org\/es\/wp-json\/wp\/v2\/comments?post=5111"}],"version-history":[{"count":6,"href":"https:\/\/www.avance.org\/es\/wp-json\/wp\/v2\/pages\/5111\/revisions"}],"predecessor-version":[{"id":5157,"href":"https:\/\/www.avance.org\/es\/wp-json\/wp\/v2\/pages\/5111\/revisions\/5157"}],"wp:attachment":[{"href":"https:\/\/www.avance.org\/es\/wp-json\/wp\/v2\/media?parent=5111"}],"curies":[{"name":"wp","href":"https:\/\/api.w.org\/{rel}","templated":true}]}}