{"id":4970,"date":"2023-11-18T15:59:32","date_gmt":"2023-11-18T20:59:32","guid":{"rendered":"https:\/\/www.avance.org\/?page_id=4970"},"modified":"2025-11-05T16:30:32","modified_gmt":"2025-11-05T21:30:32","slug":"qccm-providers","status":"publish","type":"page","link":"https:\/\/www.avance.org\/es\/programs\/qccm-providers\/","title":{"rendered":"Quality Child Care Matters (QCCM) for Providers"},"content":{"rendered":"<img loading=\"lazy\" decoding=\"async\" src=\"https:\/\/www.avance.org\/wp-content\/uploads\/2023\/11\/QCCM-white-1024x342.png\" alt=\"AVANCE Quality Child Care Matters logo\" itemprop=\"image\" height=\"342\" width=\"1024\" title=\"QCCM-white\" onerror=\"this.style.display='none'\"  \/>\n\t<h3>\u00bfInteresado en unirte al programa AVANCE Quality Child Care Matters (QCCM)?<\/h3>\n<a href=\"https:\/\/www.avance.org\/es\/qccm-contact-us\/\">\n    CONT\u00c1CTENOS\n<\/a>\n<style>\n    .qccmcontact1-btn {\n        cursor: pointer;\n        background: #48c2c5;\n        box-shadow: 0px 0px 0px rgba(0, 0, 0, 0.25);\n        border-radius: 80px;\n        color: white;\n        font: helvetica;\n        font-weight: normal;\n        padding: 15px 35px 15px 35px;\n    }\n    .btn-container {\n        text-align: center;\n    }\n<\/style>\n<h3>\n\t\t\u00bfPor qu\u00e9 unirse al Programa QCCM de AVANCE?\n\t<\/h3>\n\t<p>The QCCM program is a great way to expand your skills and knowledge, access helpful resources, and network with other family child care providers. Here&#8217;s what you can expect:<\/p>\n\t<p><strong>Trabajar en el desarrollo de tu negocio<\/strong><\/p>\n<p>Herramientas, recursos, coaching y aprendizaje profesional para ayudarte a hacer crecer tu negocio (por ejemplo, elaboraci\u00f3n de presupuestos, marketing, conocimineto de reglas min\u00edmas)<\/p>\n\t<p><strong>Aprender enfoques basados en la investigaci\u00f3n para el cuidado infantil<\/strong><\/p>\n<p>Conocer m\u00e1s sobre el desarrollo infantil temprano y aplicar este conocimiento al plan de estudio y entornos de aprendizaje, acceso a recursos que respaldan entornos de cuidado infantil de alta calidad<\/p>\n\t<p><strong>Unirte a una s\u00f3lida red de proveedores de cuidado infantil familiar<\/strong><\/p>\n<p>Trabajar junto con otros proveedores de cuidado inantil familiar en tu comunidad para construir una red de apoyo s\u00f3lida<\/p>\n\t<p><strong>You&#8217;ll also work one-on-one with a mentor throughout the program to achieve your personal goals.<\/strong> Adicional a esto, las horas de aprendizaje profesional pueden utilizarse para las horas de capacitaci\u00f3n anuales.<\/p>\n\t\t\t\t<img loading=\"lazy\" decoding=\"async\" src=\"https:\/\/www.avance.org\/wp-content\/uploads\/2023\/12\/FCC-14.png\" alt=\"FCC-14\" itemprop=\"image\" height=\"800\" width=\"800\" title=\"FCC-14\" onerror=\"this.style.display='none'\"  \/>\n\t<p><em>&#8220;I am very pleased with all the services AVANCE provided. I have benefited from all the training classes that I have attended. AVANCE has been a great help for me. To my fellow friends and co-workers, AVANCE is a lifesaver. Again, I say thank you and keep up the great work and service.&#8221;<\/em><\/p>\n<p>Renee Cooley-Walker<\/p>\n\t<h3><strong>Formaci\u00f3n y Desarrollo Profesional<\/strong><\/h3>\n\t<p>Unirte al Programa QCCM te da acceso a oportunidades \u00fanicas de formaci\u00f3n y desarrollo profesional que abarcan una variedad de temas, incluyendo:<\/p>\n\t<h3>Orientaci\u00f3n Tecnol\u00f3gica<\/h3>\n\t<h3>Desarrollo Empresarial<\/h3>\n\t<h3>Enfoque de la Seguridad<\/h3>\n\t<h3>Desarrollo Infantil<\/h3>\n\t<h3>Planificaci\u00f3n del Curr\u00edculum<\/h3>\n\t<h3>Relaciones Comunitarias<\/h3>\n\t<p>By participating in the QCCM Program, you won&#8217;t just enhance your skills. You&#8217;ll also become part of a supportive network where you can connect with like-minded professionals, share experiences, and build a sense of community.<\/p>\n\t<h3><strong>\u00bfListo para inscribirte?<\/strong><\/h3>\n\t<p>El Programa QCCM de AVANCE ofrece a los proveedores de cuidado infantil familiar las habilidades y conocimientos para construir y mantener negocios de cuidado infantil de alta calidad, enriqueciendo la vida de los ni\u00f1os y apoyando a las familias en sus comunidades. \u00danete a nosotros para cambiar el panorama del cuidado infantil y fomentar una comunidad de excelencia para el cuidado infantil familiar y las futuras generaciones.<\/p>\n<p>&nbsp;<\/p>\n<p>\u00a1Cont\u00e1ctanos para obtener m\u00e1s informaci\u00f3n y \u00fanete al Programa QCCM hoy!<\/p>\n<a href=\"https:\/\/www.avance.org\/es\/qccm-contact-us\/\">\n    CONT\u00c1CTENOS\n<\/a>\n<style>\n    .qccmcontact2-btn {\n        cursor: pointer;\n        background: #cc0066;\n        box-shadow: 0px 0px 0px rgba(0, 0, 0, 0.25);\n        border-radius: 80px;\n        color: white;\n        font: helvetica;\n        font-size: 20px;\n        font-weight: bold;\n        padding: 15px 40px 15px 40px;\n    }\n    .btn-container {\n        text-align: center;\n    }\n<\/style>\n\t\t\t\t<img loading=\"lazy\" decoding=\"async\" src=\"https:\/\/www.avance.org\/wp-content\/uploads\/2023\/12\/FCC-11.png\" alt=\"FCC-11\" itemprop=\"image\" height=\"800\" width=\"800\" title=\"FCC-11\" onerror=\"this.style.display='none'\"  \/>\n\t\t\t\t<img loading=\"lazy\" decoding=\"async\" src=\"https:\/\/www.avance.org\/wp-content\/uploads\/2023\/11\/leticia-web-1-150x150.png\" alt=\"leticia-web-1\" itemprop=\"image\" height=\"150\" width=\"150\" title=\"leticia-web-1\" onerror=\"this.style.display='none'\"  \/>\n\t<h4>Leticia P\u00e9rez<\/h4>\n\t<p><em>&#8220;\u00a1El programa QCCM cambio mi vida! \u00a1Gracias por darme el empuje que me han dado! \u00a1Gracias por cambiar mi vida!&#8221;<\/em><\/p>\n<p>&nbsp;<\/p>\n<p>Leticia vivi\u00f3 en Houston durante 31 a\u00f1os y se traslad\u00f3 a Austin con sus tres hijos. Ante la necesidad de pagar la guarder\u00eda, opt\u00f3 por cuidar a los ni\u00f1os de sus vecinos en casa. Su programa se distingue por promover la diversidad e inclusi\u00f3n, ense\u00f1ando a los ni\u00f1os a aceptar distintas culturas y capacidades f\u00edsicas, creando un ambiente de amor y unidad.<\/p>\n\t<h3><strong>\u00a1Aprende M\u00e1s!<\/strong><\/h3>\n<a href=\"https:\/\/www.avance.org\/es\/programs\/qccm-communities\/\">\n    Lleva QCCM a tu comunidad\n<\/a>\n<style>\n    .qccm-communities-btn {\n        cursor: pointer;\n        background: #cc0066;\n        box-shadow: 0px 0px 0px rgba(0, 0, 0, 0.25);\n        border-radius: 80px;\n        color: #ffffff;\n        font: helvetica;\n        font-size: 20px;\n        font-weight: bold;\n        padding: 15px 30px 15px 30px;\n    }\n    .btn-container {\n        text-align: center;\n    }\n<\/style>\n<a href=\"https:\/\/www.avance.org\/es\/programs\/qccm\/\">\n    Regresa a la p\u00e1gina general de QCCM\n<\/a>\n<style>\n    .qccm-back-btn {\n        cursor: pointer;\n        background: #cc0066;\n        box-shadow: 0px 0px 0px rgba(0, 0, 0, 0.25);\n        border-radius: 80px;\n        color: #ffffff;\n        font: helvetica;\n        font-size: 20px;\n        font-weight: bold;\n        padding: 15px 30px 15px 30px;\n    }\n    .btn-container {\n        text-align: center;\n    }\n<\/style>","protected":false},"excerpt":{"rendered":"<p>Interested in joining the AVANCE Quality Child Care Matters (QCCM) program? CONTACT US Why Join the AVANCE QCCM Program? The QCCM program is a great way to expand your skills and knowledge, access helpful resources, and network with other family child care providers. Here&#8217;s what you can expect: Work on developing your business Tools, resources, &#8230; <a title=\"Quality Child Care Matters (QCCM) for Providers\" class=\"read-more\" href=\"https:\/\/www.avance.org\/es\/programs\/qccm-providers\/\" aria-label=\"M\u00e1s en Quality Child Care Matters (QCCM) for Providers\">Leer m\u00e1s<\/a><\/p>","protected":false},"author":22,"featured_media":0,"parent":165,"menu_order":9,"comment_status":"closed","ping_status":"closed","template":"","meta":{"inline_featured_image":false,"footnotes":""},"class_list":["post-4970","page","type-page","status-publish"],"yoast_head":"<!-- This site is optimized with the Yoast SEO Premium plugin v25.3 (Yoast SEO v25.3) - https:\/\/yoast.com\/wordpress\/plugins\/seo\/ -->\n<title>Quality Child Care Matters (QCCM) for Providers - AVANCE<\/title>\n<meta name=\"description\" content=\"Learn more about how the AVANCE Quality Child Care Matters (QCCM) Program can help you increase quality and strengthen your child care business.\" \/>\n<meta name=\"robots\" content=\"index, follow, max-snippet:-1, max-image-preview:large, max-video-preview:-1\" \/>\n<link rel=\"canonical\" href=\"https:\/\/www.avance.org\/es\/programs\/qccm-providers\/\" \/>\n<meta property=\"og:locale\" content=\"es_MX\" \/>\n<meta property=\"og:type\" content=\"article\" \/>\n<meta property=\"og:title\" content=\"AVANCE Quality Child Care Matters Program\" \/>\n<meta property=\"og:description\" content=\"Learn more about how the AVANCE Quality Child Care Matters (QCCM) Program can help you increase quality and strengthen your child care business.\" \/>\n<meta property=\"og:url\" content=\"https:\/\/www.avance.org\/es\/programs\/qccm-providers\/\" \/>\n<meta property=\"og:site_name\" content=\"AVANCE\" \/>\n<meta property=\"article:publisher\" content=\"https:\/\/www.facebook.com\/AVANCEinc\/\" \/>\n<meta property=\"article:modified_time\" content=\"2025-11-05T21:30:32+00:00\" \/>\n<meta property=\"og:image\" content=\"https:\/\/www.avance.org\/wp-content\/uploads\/2023\/10\/IMG_2609-scaled.jpg\" \/>\n\t<meta property=\"og:image:width\" content=\"2560\" \/>\n\t<meta property=\"og:image:height\" content=\"1834\" \/>\n\t<meta property=\"og:image:type\" content=\"image\/jpeg\" \/>\n<meta name=\"twitter:card\" content=\"summary_large_image\" \/>\n<meta name=\"twitter:title\" content=\"AVANCE Quality Child Care Matters Program\" \/>\n<meta name=\"twitter:image\" content=\"https:\/\/www.avance.org\/wp-content\/uploads\/2023\/10\/IMG_2609-scaled.jpg\" \/>\n<meta name=\"twitter:site\" content=\"@AVANCEinc\" \/>\n<meta name=\"twitter:label1\" content=\"Tiempo de lectura\" \/>\n\t<meta name=\"twitter:data1\" content=\"3 minutos\" \/>\n<script type=\"application\/ld+json\" class=\"yoast-schema-graph\">{\"@context\":\"https:\/\/schema.org\",\"@graph\":[{\"@type\":\"WebPage\",\"@id\":\"https:\/\/www.avance.org\/programs\/qccm-providers\/\",\"url\":\"https:\/\/www.avance.org\/programs\/qccm-providers\/\",\"name\":\"Quality Child Care Matters (QCCM) for Providers - AVANCE\",\"isPartOf\":{\"@id\":\"https:\/\/www.avance.org\/#website\"},\"primaryImageOfPage\":{\"@id\":\"https:\/\/www.avance.org\/programs\/qccm-providers\/#primaryimage\"},\"image\":{\"@id\":\"https:\/\/www.avance.org\/programs\/qccm-providers\/#primaryimage\"},\"thumbnailUrl\":\"https:\/\/www.avance.org\/wp-content\/uploads\/2023\/11\/QCCM-white-1024x342.png\",\"datePublished\":\"2023-11-18T20:59:32+00:00\",\"dateModified\":\"2025-11-05T21:30:32+00:00\",\"description\":\"Learn more about how the AVANCE Quality Child Care Matters (QCCM) Program can help you increase quality and strengthen your child care business.\",\"breadcrumb\":{\"@id\":\"https:\/\/www.avance.org\/programs\/qccm-providers\/#breadcrumb\"},\"inLanguage\":\"es-MX\",\"potentialAction\":[{\"@type\":\"ReadAction\",\"target\":[\"https:\/\/www.avance.org\/programs\/qccm-providers\/\"]}]},{\"@type\":\"ImageObject\",\"inLanguage\":\"es-MX\",\"@id\":\"https:\/\/www.avance.org\/programs\/qccm-providers\/#primaryimage\",\"url\":\"https:\/\/www.avance.org\/wp-content\/uploads\/2023\/11\/QCCM-white-1024x342.png\",\"contentUrl\":\"https:\/\/www.avance.org\/wp-content\/uploads\/2023\/11\/QCCM-white-1024x342.png\"},{\"@type\":\"BreadcrumbList\",\"@id\":\"https:\/\/www.avance.org\/programs\/qccm-providers\/#breadcrumb\",\"itemListElement\":[{\"@type\":\"ListItem\",\"position\":1,\"name\":\"Home\",\"item\":\"https:\/\/www.avance.org\/\"},{\"@type\":\"ListItem\",\"position\":2,\"name\":\"Programs\",\"item\":\"https:\/\/www.avance.org\/programs\/\"},{\"@type\":\"ListItem\",\"position\":3,\"name\":\"Quality Child Care Matters (QCCM) for Providers\"}]},{\"@type\":\"WebSite\",\"@id\":\"https:\/\/www.avance.org\/#website\",\"url\":\"https:\/\/www.avance.org\/\",\"name\":\"AVANCE\",\"description\":\"Unlocking America&#039;s Potential\",\"publisher\":{\"@id\":\"https:\/\/www.avance.org\/#organization\"},\"potentialAction\":[{\"@type\":\"SearchAction\",\"target\":{\"@type\":\"EntryPoint\",\"urlTemplate\":\"https:\/\/www.avance.org\/?s={search_term_string}\"},\"query-input\":{\"@type\":\"PropertyValueSpecification\",\"valueRequired\":true,\"valueName\":\"search_term_string\"}}],\"inLanguage\":\"es-MX\"},{\"@type\":\"Organization\",\"@id\":\"https:\/\/www.avance.org\/#organization\",\"name\":\"AVANCE\",\"url\":\"https:\/\/www.avance.org\/\",\"logo\":{\"@type\":\"ImageObject\",\"inLanguage\":\"es-MX\",\"@id\":\"https:\/\/www.avance.org\/#\/schema\/logo\/image\/\",\"url\":\"https:\/\/www.avance.org\/wp-content\/uploads\/2022\/07\/logo.svg\",\"contentUrl\":\"https:\/\/www.avance.org\/wp-content\/uploads\/2022\/07\/logo.svg\",\"caption\":\"AVANCE\"},\"image\":{\"@id\":\"https:\/\/www.avance.org\/#\/schema\/logo\/image\/\"},\"sameAs\":[\"https:\/\/www.facebook.com\/AVANCEinc\/\",\"https:\/\/x.com\/AVANCEinc\",\"https:\/\/www.instagram.com\/avance__inc\/\",\"https:\/\/www.linkedin.com\/company\/avance-inc\"]}]}<\/script>\n<!-- \/ Yoast SEO Premium plugin. -->","yoast_head_json":{"title":"Quality Child Care Matters (QCCM) for Providers - AVANCE","description":"Learn more about how the AVANCE Quality Child Care Matters (QCCM) Program can help you increase quality and strengthen your child care business.","robots":{"index":"index","follow":"follow","max-snippet":"max-snippet:-1","max-image-preview":"max-image-preview:large","max-video-preview":"max-video-preview:-1"},"canonical":"https:\/\/www.avance.org\/es\/programs\/qccm-providers\/","og_locale":"es_MX","og_type":"article","og_title":"AVANCE Quality Child Care Matters Program","og_description":"Learn more about how the AVANCE Quality Child Care Matters (QCCM) Program can help you increase quality and strengthen your child care business.","og_url":"https:\/\/www.avance.org\/es\/programs\/qccm-providers\/","og_site_name":"AVANCE","article_publisher":"https:\/\/www.facebook.com\/AVANCEinc\/","article_modified_time":"2025-11-05T21:30:32+00:00","og_image":[{"width":2560,"height":1834,"url":"https:\/\/www.avance.org\/wp-content\/uploads\/2023\/10\/IMG_2609-scaled.jpg","type":"image\/jpeg"}],"twitter_card":"summary_large_image","twitter_title":"AVANCE Quality Child Care Matters Program","twitter_image":"https:\/\/www.avance.org\/wp-content\/uploads\/2023\/10\/IMG_2609-scaled.jpg","twitter_site":"@AVANCEinc","twitter_misc":{"Tiempo de lectura":"3 minutos"},"schema":{"@context":"https:\/\/schema.org","@graph":[{"@type":"WebPage","@id":"https:\/\/www.avance.org\/programs\/qccm-providers\/","url":"https:\/\/www.avance.org\/programs\/qccm-providers\/","name":"Quality Child Care Matters (QCCM) for Providers - AVANCE","isPartOf":{"@id":"https:\/\/www.avance.org\/#website"},"primaryImageOfPage":{"@id":"https:\/\/www.avance.org\/programs\/qccm-providers\/#primaryimage"},"image":{"@id":"https:\/\/www.avance.org\/programs\/qccm-providers\/#primaryimage"},"thumbnailUrl":"https:\/\/www.avance.org\/wp-content\/uploads\/2023\/11\/QCCM-white-1024x342.png","datePublished":"2023-11-18T20:59:32+00:00","dateModified":"2025-11-05T21:30:32+00:00","description":"Learn more about how the AVANCE Quality Child Care Matters (QCCM) Program can help you increase quality and strengthen your child care business.","breadcrumb":{"@id":"https:\/\/www.avance.org\/programs\/qccm-providers\/#breadcrumb"},"inLanguage":"es-MX","potentialAction":[{"@type":"ReadAction","target":["https:\/\/www.avance.org\/programs\/qccm-providers\/"]}]},{"@type":"ImageObject","inLanguage":"es-MX","@id":"https:\/\/www.avance.org\/programs\/qccm-providers\/#primaryimage","url":"https:\/\/www.avance.org\/wp-content\/uploads\/2023\/11\/QCCM-white-1024x342.png","contentUrl":"https:\/\/www.avance.org\/wp-content\/uploads\/2023\/11\/QCCM-white-1024x342.png"},{"@type":"BreadcrumbList","@id":"https:\/\/www.avance.org\/programs\/qccm-providers\/#breadcrumb","itemListElement":[{"@type":"ListItem","position":1,"name":"Home","item":"https:\/\/www.avance.org\/"},{"@type":"ListItem","position":2,"name":"Programs","item":"https:\/\/www.avance.org\/programs\/"},{"@type":"ListItem","position":3,"name":"Quality Child Care Matters (QCCM) for Providers"}]},{"@type":"WebSite","@id":"https:\/\/www.avance.org\/#website","url":"https:\/\/www.avance.org\/","name":"AVANCE","description":"Unlocking America&#039;s Potential","publisher":{"@id":"https:\/\/www.avance.org\/#organization"},"potentialAction":[{"@type":"SearchAction","target":{"@type":"EntryPoint","urlTemplate":"https:\/\/www.avance.org\/?s={search_term_string}"},"query-input":{"@type":"PropertyValueSpecification","valueRequired":true,"valueName":"search_term_string"}}],"inLanguage":"es-MX"},{"@type":"Organization","@id":"https:\/\/www.avance.org\/#organization","name":"AVANCE","url":"https:\/\/www.avance.org\/","logo":{"@type":"ImageObject","inLanguage":"es-MX","@id":"https:\/\/www.avance.org\/#\/schema\/logo\/image\/","url":"https:\/\/www.avance.org\/wp-content\/uploads\/2022\/07\/logo.svg","contentUrl":"https:\/\/www.avance.org\/wp-content\/uploads\/2022\/07\/logo.svg","caption":"AVANCE"},"image":{"@id":"https:\/\/www.avance.org\/#\/schema\/logo\/image\/"},"sameAs":["https:\/\/www.facebook.com\/AVANCEinc\/","https:\/\/x.com\/AVANCEinc","https:\/\/www.instagram.com\/avance__inc\/","https:\/\/www.linkedin.com\/company\/avance-inc"]}]}},"post_mailing_queue_ids":[],"_links":{"self":[{"href":"https:\/\/www.avance.org\/es\/wp-json\/wp\/v2\/pages\/4970","targetHints":{"allow":["GET"]}}],"collection":[{"href":"https:\/\/www.avance.org\/es\/wp-json\/wp\/v2\/pages"}],"about":[{"href":"https:\/\/www.avance.org\/es\/wp-json\/wp\/v2\/types\/page"}],"author":[{"embeddable":true,"href":"https:\/\/www.avance.org\/es\/wp-json\/wp\/v2\/users\/22"}],"replies":[{"embeddable":true,"href":"https:\/\/www.avance.org\/es\/wp-json\/wp\/v2\/comments?post=4970"}],"version-history":[{"count":10,"href":"https:\/\/www.avance.org\/es\/wp-json\/wp\/v2\/pages\/4970\/revisions"}],"predecessor-version":[{"id":5404,"href":"https:\/\/www.avance.org\/es\/wp-json\/wp\/v2\/pages\/4970\/revisions\/5404"}],"up":[{"embeddable":true,"href":"https:\/\/www.avance.org\/es\/wp-json\/wp\/v2\/pages\/165"}],"wp:attachment":[{"href":"https:\/\/www.avance.org\/es\/wp-json\/wp\/v2\/media?parent=4970"}],"curies":[{"name":"wp","href":"https:\/\/api.w.org\/{rel}","templated":true}]}}