{"id":4966,"date":"2023-11-18T12:14:09","date_gmt":"2023-11-18T17:14:09","guid":{"rendered":"https:\/\/www.avance.org\/?page_id=4966"},"modified":"2024-03-19T13:00:33","modified_gmt":"2024-03-19T18:00:33","slug":"qccm-communities","status":"publish","type":"page","link":"https:\/\/www.avance.org\/es\/programs\/qccm-communities\/","title":{"rendered":"Quality Child Care Matters (QCCM) for Communities"},"content":{"rendered":"<img loading=\"lazy\" decoding=\"async\" src=\"https:\/\/www.avance.org\/wp-content\/uploads\/2023\/11\/QCCM-white-1024x342.png\" alt=\"AVANCE Quality Child Care Matters logo\" itemprop=\"image\" height=\"342\" width=\"1024\" title=\"QCCM-white\" onerror=\"this.style.display='none'\"  \/>\n\t<h3>\u00a1Lleva el programa AVANCE Quality Child Care Matters (QCCM) a tu comunidad!<\/h3>\n<a href=\"https:\/\/www.avance.org\/es\/contact\/licensing-inquiries\/\">\n    CONT\u00c1CTENOS\n<\/a>\n<style>\n    .qccmlic1-btn {\n        cursor: pointer;\n        background: #cc0066;\n        box-shadow: 0px 0px 0px rgba(0, 0, 0, 0.25);\n        border-radius: 80px;\n        color: white;\n        font: Raleway;\n        font-weight: bold;\n        padding: 15px 30px 15px 30px;\n    }\n    .btn-container {\n        text-align: center;\n    }\n<\/style>\n\t<h3><strong>\u00bfPor qu\u00e9 certificar el Programa AVANCE QCCM?<\/strong><\/h3>\n\t<h2>51%<\/h2>\n\t<p>de los residentes de EUA viven en un \u00e1rea sin mucho acceso para cuidado infantil<\/p>\n\t<h2>58%<\/h2>\n\t<p>de los ni\u00f1os peque\u00f1os de cuidado infantil son atendidos por un familiar o en cuidado familiar<\/p>\n\t<h2>4%<\/h2>\n\t<p>de los hogares de cuidado familiar en Texas est\u00e1n certificados por QRIS.<\/p>\n\t<p>El cuidado infantil familiar es esencial para las familias y las comunidades, y los proveedores deben asegurar que los ni\u00f1os reciban cuidado de alta calidad. Pero con demasiada frecuencia, los proveedores de cuidado infantil familiar no tienen acceso a los recursos proporcionados por las agencias estatales para ayudarles a mejorar su nivel de cuidado.<\/p>\n<p>&nbsp;<\/p>\n<p>Licensing the QCCM program allows you to increase the quality of child care in your community by providing support to local family child care providers. Along with mentoring, coaching, and a supportive community, here&#8217;s what you can expect from QCCM training and professional development for family child care providers.<\/p>\n\t\t\t\t<img loading=\"lazy\" decoding=\"async\" src=\"https:\/\/www.avance.org\/wp-content\/uploads\/2023\/12\/FCC-13.png\" alt=\"FCC-13\" itemprop=\"image\" height=\"600\" width=\"600\" title=\"FCC-13\" onerror=\"this.style.display='none'\"  \/>\n\t<h3><strong>M\u00f3dulos de QCCM<\/strong><\/h3>\n\t<p>La formaci\u00f3n y desarrollo professional de QCCM incluye seis m\u00f3dulos estructurados alrededor de temas espec\u00edficos, que incluyen:<\/p>\n\t<h3>Orientaci\u00f3n Tecnol\u00f3gica<\/h3>\n\t<h3>Desarrollo Empresarial<\/h3>\n\t<h3>Enfoque de la Seguridad<\/h3>\n\t<h3>Desarrollo Infantil<\/h3>\n\t<h3>Planificaci\u00f3n del Curr\u00edculum<\/h3>\n\t<h3>Relaciones Comunitarias<\/h3>\n\t<p>All QCCM modules consist of comprehensive training and learning sessions that can be tailored to meet the requirements of any state&#8217;s Quality Rating and Improvement System. Modules are conducted by trained staff through in-person meetings, Zoom meetings, or a hybrid version of both. Session materials are available in both English and Spanish. In total, the QCCM modules provide 40 hours of training and professional development. All curriculum material is available through an on-demand content management system. <\/p>\n\t<p><strong>Apoyo de AVANCE para Socios<\/strong><\/p>\n\t<p>Partnering with AVANCE to bring the QCCM Program to your community means that you&#8217;ll have support every step of the way.<\/p>\n\t<p>Modelo Integral de Training-of-Trainers (ToT)<\/p>\n\t<p>Apoyo de Reclutamiento Disponible<\/p>\n\t<p>Coaching Continuo y Asistencia T\u00e9cnica<\/p>\n\t<p>Monitoreo de Fidelidad y Apoyo de Evaluaci\u00f3n<\/p>\n\t\t\t\t<img loading=\"lazy\" decoding=\"async\" src=\"https:\/\/www.avance.org\/wp-content\/uploads\/2023\/11\/FCC-3.png\" alt=\"FCC-3\" itemprop=\"image\" height=\"1000\" width=\"1000\" title=\"FCC-3\" onerror=\"this.style.display='none'\"  \/>\n\t<p><em>AVANCE ha impactado positivamente en mi vida personal y profesional. Ha sido motivador para mi carrera en el cuidado infantil. La capacitaci\u00f3n en diferentes \u00e1reas de finanzas y desarrollo infantil ha complementando e incrementado mi conocimiento, ayud\u00e1ndome a asistir a otros proveedores de cuidado infantil. No dudo en recomendar AVANCE a personas que deseen prepararse y recibir formaci\u00f3n en cuidado infantil.<\/em><\/p>\n<p>-Gladys Queipo de Penso<\/p>\n\t<p><strong>\u00bfListo para llevar QCCM a tu comunidad?<\/strong><\/p>\n\t<p>Con un marco comprobado, el Programa QCCM de AVANCE equipa a los proveedores con las herramientas y recursos para establecer y mantener negocios de cuidado infantil familiar de alta calidad. As\u00f3ciate con AVANCE para transformar el panorama del cuidado infantil familiar en tu comunidad.\u00a0<\/p>\n<p>&nbsp;<\/p>\n<p>Cont\u00e1ctanos hoy para aprender c\u00f3mo puedes certificar el Programa QCCM de AVANCE y aprovechar nuestra experiencia, recursos y apoyo para crear un impacto duradero en el cuidado infantil local para las generaciones futuras.<\/p>\n<a href=\"https:\/\/www.avance.org\/es\/contact\/licensing-inquiries\/\">\n    CONT\u00c1CTENOS\n<\/a>\n<style>\n    .qccmlic-btn {\n        cursor: pointer;\n        background: #cc0066;\n        box-shadow: 0px 0px 0px rgba(0, 0, 0, 0.25);\n        border-radius: 80px;\n        color: white;\n        font: helvetica;\n        font-size: 24px;\n        font-weight: bold;\n        padding: 15px 35px 15px 35px;\n    }\n    .btn-container {\n        text-align: center;\n    }\n<\/style>\n\t<p><strong>\u00a1Aprende M\u00e1s!<\/strong><\/p>\n<a href=\"https:\/\/www.avance.org\/es\/programs\/qccm-providers\/\">\n    \u00danete a Nosotros\n<\/a>\n<style>\n    .qccm-providers-btn {\n        cursor: pointer;\n        background: #cbe9ea;\n        box-shadow: 0px 0px 0px rgba(0, 0, 0, 0.25);\n        border-radius: 80px;\n        color: #cc0066;\n        font: helvetica;\n        font-size: 20px;\n        font-weight: bold;\n        padding: 15px 30px 15px 30px;\n    }\n    .btn-container {\n        text-align: center;\n    }\n<\/style>\n<a href=\"https:\/\/www.avance.org\/es\/programs\/qccm\/\">\n    Regresa a la p\u00e1gina general de QCCM\n<\/a>\n<style>\n    .qccm-back-btn {\n        cursor: pointer;\n        background: #cbe9ea;\n        box-shadow: 0px 0px 0px rgba(0, 0, 0, 0.25);\n        border-radius: 80px;\n        color: #cc0066;\n        font: helvetica;\n        font-size: 20px;\n        font-weight: bold;\n        padding: 15px 30px 15px 30px;\n    }\n    .btn-container {\n        text-align: center;\n    }\n<\/style>","protected":false},"excerpt":{"rendered":"<p>Bring the AVANCE Quality Child Care Matters (QCCM) program to your community! CONTACT US Why License the AVANCE QCCM Program? 51% US residents live in child care deserts 58% young children in child care are cared for by a relative or in a home-based setting 4% family child care homes in Texas are QRIS-certified Family &#8230; <a title=\"Quality Child Care Matters (QCCM) for Communities\" class=\"read-more\" href=\"https:\/\/www.avance.org\/es\/programs\/qccm-communities\/\" aria-label=\"M\u00e1s en Quality Child Care Matters (QCCM) for Communities\">Leer m\u00e1s<\/a><\/p>","protected":false},"author":22,"featured_media":0,"parent":165,"menu_order":10,"comment_status":"closed","ping_status":"closed","template":"","meta":{"inline_featured_image":false,"footnotes":""},"class_list":["post-4966","page","type-page","status-publish"],"yoast_head":"<!-- This site is optimized with the Yoast SEO Premium plugin v25.3 (Yoast SEO v25.3) - https:\/\/yoast.com\/wordpress\/plugins\/seo\/ -->\n<title>Quality Child Care Matters (QCCM) for Communities - AVANCE<\/title>\n<meta name=\"description\" content=\"Learn more about how to bring the AVANCE Quality Child Care Matters (QCCM) Program to your community.\" \/>\n<meta name=\"robots\" content=\"index, follow, max-snippet:-1, max-image-preview:large, max-video-preview:-1\" \/>\n<link rel=\"canonical\" href=\"https:\/\/www.avance.org\/es\/programs\/qccm-communities\/\" \/>\n<meta property=\"og:locale\" content=\"es_MX\" \/>\n<meta property=\"og:type\" content=\"article\" \/>\n<meta property=\"og:title\" content=\"AVANCE Quality Child Care Matters Program\" \/>\n<meta property=\"og:description\" content=\"Learn more about how to bring the AVANCE Quality Child Care Matters (QCCM) Program to your community.\" \/>\n<meta property=\"og:url\" content=\"https:\/\/www.avance.org\/es\/programs\/qccm-communities\/\" \/>\n<meta property=\"og:site_name\" content=\"AVANCE\" \/>\n<meta property=\"article:publisher\" content=\"https:\/\/www.facebook.com\/AVANCEinc\/\" \/>\n<meta property=\"article:modified_time\" content=\"2024-03-19T18:00:33+00:00\" \/>\n<meta property=\"og:image\" content=\"https:\/\/www.avance.org\/wp-content\/uploads\/2023\/10\/IMG_2609-scaled.jpg\" \/>\n\t<meta property=\"og:image:width\" content=\"2560\" \/>\n\t<meta property=\"og:image:height\" content=\"1834\" \/>\n\t<meta property=\"og:image:type\" content=\"image\/jpeg\" \/>\n<meta name=\"twitter:card\" content=\"summary_large_image\" \/>\n<meta name=\"twitter:title\" content=\"AVANCE Quality Child Care Matters Program\" \/>\n<meta name=\"twitter:image\" content=\"https:\/\/www.avance.org\/wp-content\/uploads\/2023\/10\/IMG_2609-scaled.jpg\" \/>\n<meta name=\"twitter:site\" content=\"@AVANCEinc\" \/>\n<meta name=\"twitter:label1\" content=\"Tiempo de lectura\" \/>\n\t<meta name=\"twitter:data1\" content=\"3 minutos\" \/>\n<script type=\"application\/ld+json\" class=\"yoast-schema-graph\">{\"@context\":\"https:\/\/schema.org\",\"@graph\":[{\"@type\":\"WebPage\",\"@id\":\"https:\/\/www.avance.org\/programs\/qccm-communities\/\",\"url\":\"https:\/\/www.avance.org\/programs\/qccm-communities\/\",\"name\":\"Quality Child Care Matters (QCCM) for Communities - AVANCE\",\"isPartOf\":{\"@id\":\"https:\/\/www.avance.org\/#website\"},\"primaryImageOfPage\":{\"@id\":\"https:\/\/www.avance.org\/programs\/qccm-communities\/#primaryimage\"},\"image\":{\"@id\":\"https:\/\/www.avance.org\/programs\/qccm-communities\/#primaryimage\"},\"thumbnailUrl\":\"https:\/\/www.avance.org\/wp-content\/uploads\/2023\/11\/QCCM-white-1024x342.png\",\"datePublished\":\"2023-11-18T17:14:09+00:00\",\"dateModified\":\"2024-03-19T18:00:33+00:00\",\"description\":\"Learn more about how to bring the AVANCE Quality Child Care Matters (QCCM) Program to your community.\",\"breadcrumb\":{\"@id\":\"https:\/\/www.avance.org\/programs\/qccm-communities\/#breadcrumb\"},\"inLanguage\":\"es-MX\",\"potentialAction\":[{\"@type\":\"ReadAction\",\"target\":[\"https:\/\/www.avance.org\/programs\/qccm-communities\/\"]}]},{\"@type\":\"ImageObject\",\"inLanguage\":\"es-MX\",\"@id\":\"https:\/\/www.avance.org\/programs\/qccm-communities\/#primaryimage\",\"url\":\"https:\/\/www.avance.org\/wp-content\/uploads\/2023\/11\/QCCM-white-1024x342.png\",\"contentUrl\":\"https:\/\/www.avance.org\/wp-content\/uploads\/2023\/11\/QCCM-white-1024x342.png\"},{\"@type\":\"BreadcrumbList\",\"@id\":\"https:\/\/www.avance.org\/programs\/qccm-communities\/#breadcrumb\",\"itemListElement\":[{\"@type\":\"ListItem\",\"position\":1,\"name\":\"Home\",\"item\":\"https:\/\/www.avance.org\/\"},{\"@type\":\"ListItem\",\"position\":2,\"name\":\"Programs\",\"item\":\"https:\/\/www.avance.org\/programs\/\"},{\"@type\":\"ListItem\",\"position\":3,\"name\":\"Quality Child Care Matters (QCCM) for Communities\"}]},{\"@type\":\"WebSite\",\"@id\":\"https:\/\/www.avance.org\/#website\",\"url\":\"https:\/\/www.avance.org\/\",\"name\":\"AVANCE\",\"description\":\"Unlocking America&#039;s Potential\",\"publisher\":{\"@id\":\"https:\/\/www.avance.org\/#organization\"},\"potentialAction\":[{\"@type\":\"SearchAction\",\"target\":{\"@type\":\"EntryPoint\",\"urlTemplate\":\"https:\/\/www.avance.org\/?s={search_term_string}\"},\"query-input\":{\"@type\":\"PropertyValueSpecification\",\"valueRequired\":true,\"valueName\":\"search_term_string\"}}],\"inLanguage\":\"es-MX\"},{\"@type\":\"Organization\",\"@id\":\"https:\/\/www.avance.org\/#organization\",\"name\":\"AVANCE\",\"url\":\"https:\/\/www.avance.org\/\",\"logo\":{\"@type\":\"ImageObject\",\"inLanguage\":\"es-MX\",\"@id\":\"https:\/\/www.avance.org\/#\/schema\/logo\/image\/\",\"url\":\"https:\/\/www.avance.org\/wp-content\/uploads\/2022\/07\/logo.svg\",\"contentUrl\":\"https:\/\/www.avance.org\/wp-content\/uploads\/2022\/07\/logo.svg\",\"caption\":\"AVANCE\"},\"image\":{\"@id\":\"https:\/\/www.avance.org\/#\/schema\/logo\/image\/\"},\"sameAs\":[\"https:\/\/www.facebook.com\/AVANCEinc\/\",\"https:\/\/x.com\/AVANCEinc\",\"https:\/\/www.instagram.com\/avance__inc\/\",\"https:\/\/www.linkedin.com\/company\/avance-inc\"]}]}<\/script>\n<!-- \/ Yoast SEO Premium plugin. -->","yoast_head_json":{"title":"Quality Child Care Matters (QCCM) for Communities - AVANCE","description":"Learn more about how to bring the AVANCE Quality Child Care Matters (QCCM) Program to your community.","robots":{"index":"index","follow":"follow","max-snippet":"max-snippet:-1","max-image-preview":"max-image-preview:large","max-video-preview":"max-video-preview:-1"},"canonical":"https:\/\/www.avance.org\/es\/programs\/qccm-communities\/","og_locale":"es_MX","og_type":"article","og_title":"AVANCE Quality Child Care Matters Program","og_description":"Learn more about how to bring the AVANCE Quality Child Care Matters (QCCM) Program to your community.","og_url":"https:\/\/www.avance.org\/es\/programs\/qccm-communities\/","og_site_name":"AVANCE","article_publisher":"https:\/\/www.facebook.com\/AVANCEinc\/","article_modified_time":"2024-03-19T18:00:33+00:00","og_image":[{"width":2560,"height":1834,"url":"https:\/\/www.avance.org\/wp-content\/uploads\/2023\/10\/IMG_2609-scaled.jpg","type":"image\/jpeg"}],"twitter_card":"summary_large_image","twitter_title":"AVANCE Quality Child Care Matters Program","twitter_image":"https:\/\/www.avance.org\/wp-content\/uploads\/2023\/10\/IMG_2609-scaled.jpg","twitter_site":"@AVANCEinc","twitter_misc":{"Tiempo de lectura":"3 minutos"},"schema":{"@context":"https:\/\/schema.org","@graph":[{"@type":"WebPage","@id":"https:\/\/www.avance.org\/programs\/qccm-communities\/","url":"https:\/\/www.avance.org\/programs\/qccm-communities\/","name":"Quality Child Care Matters (QCCM) for Communities - AVANCE","isPartOf":{"@id":"https:\/\/www.avance.org\/#website"},"primaryImageOfPage":{"@id":"https:\/\/www.avance.org\/programs\/qccm-communities\/#primaryimage"},"image":{"@id":"https:\/\/www.avance.org\/programs\/qccm-communities\/#primaryimage"},"thumbnailUrl":"https:\/\/www.avance.org\/wp-content\/uploads\/2023\/11\/QCCM-white-1024x342.png","datePublished":"2023-11-18T17:14:09+00:00","dateModified":"2024-03-19T18:00:33+00:00","description":"Learn more about how to bring the AVANCE Quality Child Care Matters (QCCM) Program to your community.","breadcrumb":{"@id":"https:\/\/www.avance.org\/programs\/qccm-communities\/#breadcrumb"},"inLanguage":"es-MX","potentialAction":[{"@type":"ReadAction","target":["https:\/\/www.avance.org\/programs\/qccm-communities\/"]}]},{"@type":"ImageObject","inLanguage":"es-MX","@id":"https:\/\/www.avance.org\/programs\/qccm-communities\/#primaryimage","url":"https:\/\/www.avance.org\/wp-content\/uploads\/2023\/11\/QCCM-white-1024x342.png","contentUrl":"https:\/\/www.avance.org\/wp-content\/uploads\/2023\/11\/QCCM-white-1024x342.png"},{"@type":"BreadcrumbList","@id":"https:\/\/www.avance.org\/programs\/qccm-communities\/#breadcrumb","itemListElement":[{"@type":"ListItem","position":1,"name":"Home","item":"https:\/\/www.avance.org\/"},{"@type":"ListItem","position":2,"name":"Programs","item":"https:\/\/www.avance.org\/programs\/"},{"@type":"ListItem","position":3,"name":"Quality Child Care Matters (QCCM) for Communities"}]},{"@type":"WebSite","@id":"https:\/\/www.avance.org\/#website","url":"https:\/\/www.avance.org\/","name":"AVANCE","description":"Unlocking America&#039;s Potential","publisher":{"@id":"https:\/\/www.avance.org\/#organization"},"potentialAction":[{"@type":"SearchAction","target":{"@type":"EntryPoint","urlTemplate":"https:\/\/www.avance.org\/?s={search_term_string}"},"query-input":{"@type":"PropertyValueSpecification","valueRequired":true,"valueName":"search_term_string"}}],"inLanguage":"es-MX"},{"@type":"Organization","@id":"https:\/\/www.avance.org\/#organization","name":"AVANCE","url":"https:\/\/www.avance.org\/","logo":{"@type":"ImageObject","inLanguage":"es-MX","@id":"https:\/\/www.avance.org\/#\/schema\/logo\/image\/","url":"https:\/\/www.avance.org\/wp-content\/uploads\/2022\/07\/logo.svg","contentUrl":"https:\/\/www.avance.org\/wp-content\/uploads\/2022\/07\/logo.svg","caption":"AVANCE"},"image":{"@id":"https:\/\/www.avance.org\/#\/schema\/logo\/image\/"},"sameAs":["https:\/\/www.facebook.com\/AVANCEinc\/","https:\/\/x.com\/AVANCEinc","https:\/\/www.instagram.com\/avance__inc\/","https:\/\/www.linkedin.com\/company\/avance-inc"]}]}},"post_mailing_queue_ids":[],"_links":{"self":[{"href":"https:\/\/www.avance.org\/es\/wp-json\/wp\/v2\/pages\/4966","targetHints":{"allow":["GET"]}}],"collection":[{"href":"https:\/\/www.avance.org\/es\/wp-json\/wp\/v2\/pages"}],"about":[{"href":"https:\/\/www.avance.org\/es\/wp-json\/wp\/v2\/types\/page"}],"author":[{"embeddable":true,"href":"https:\/\/www.avance.org\/es\/wp-json\/wp\/v2\/users\/22"}],"replies":[{"embeddable":true,"href":"https:\/\/www.avance.org\/es\/wp-json\/wp\/v2\/comments?post=4966"}],"version-history":[{"count":10,"href":"https:\/\/www.avance.org\/es\/wp-json\/wp\/v2\/pages\/4966\/revisions"}],"predecessor-version":[{"id":5448,"href":"https:\/\/www.avance.org\/es\/wp-json\/wp\/v2\/pages\/4966\/revisions\/5448"}],"up":[{"embeddable":true,"href":"https:\/\/www.avance.org\/es\/wp-json\/wp\/v2\/pages\/165"}],"wp:attachment":[{"href":"https:\/\/www.avance.org\/es\/wp-json\/wp\/v2\/media?parent=4966"}],"curies":[{"name":"wp","href":"https:\/\/api.w.org\/{rel}","templated":true}]}}