{"id":4830,"date":"2023-11-10T11:47:18","date_gmt":"2023-11-10T16:47:18","guid":{"rendered":"https:\/\/www.avance.org\/?page_id=4830"},"modified":"2025-10-13T12:47:53","modified_gmt":"2025-10-13T17:47:53","slug":"qccm","status":"publish","type":"page","link":"https:\/\/www.avance.org\/es\/programs\/qccm\/","title":{"rendered":"Programa \u201cQuality Child Care Matters\u201d (QCCM)"},"content":{"rendered":"<img loading=\"lazy\" decoding=\"async\" src=\"https:\/\/www.avance.org\/wp-content\/uploads\/2023\/11\/QCCM-white-1024x342.png\" alt=\"AVANCE Quality Child Care Matters logo\" itemprop=\"image\" height=\"342\" width=\"1024\" title=\"QCCM-white\" onerror=\"this.style.display='none'\"  \/>\n\t<h3>\u00a1Trae el programa QCCM a tu comunidad!<\/h3>\n\t<p>Cont\u00e1ctanos hoy para aprender c\u00f3mo puedes certificar el Programa QCCM de AVANCE y aprovechar nuestra experiencia, recursos y apoyo para crear un impacto duradero en el cuidado infantil local para las generaciones futuras.<\/p>\n\t\t\t<a href=\"https:\/\/www.avance.org\/es\/contact\/licensing-inquiries\/\" target=\"_self\" role=\"button\">\n\t\t\t\t\t\t\tCONT\u00c1CTENOS\n\t\t\t\t\t<\/a>\n\t<h2><strong>Building a community of family child care providers<\/strong><\/h2>\n\t<p><strong>Proveedores en el hogar de cuidado infantil familiar cuidan de peque\u00f1os grupos de ni\u00f1os en sus propios hogares.<\/strong> Las familias a menudo conf\u00edan en el cuidado infantil en el hogar debido a su disponibilidad, accesibilidad y la preferencia por un entorno m\u00e1s afectuoso. Los proveedores de cuidado infantil en el hogar satisfacen una necesidad tan importante en nuestras comunidades, pero muchos a\u00fan no tienen acceso a recursos que les ayudar\u00edan a garantizar que los ni\u00f1os reciban cuidado de alta calidad.<\/p>\n\t<p>El <strong>programa Quality Child Care Matters (QCCM) de AVANCE<\/strong> est\u00e1 transformando el cuidado infantil en el hogar a trav\u00e9s de la educaci\u00f3n, el apoyo y los recursos en la comunidad. Proporcionamos las herramientras, recursos y un entorno afectuoso para que los proveedores de cuidado infantil en el hogar prosperen. Nuestro programa integral se basa en tres objetivos principales:<\/p>\n\t\t\t\t<img loading=\"lazy\" decoding=\"async\" src=\"https:\/\/www.avance.org\/wp-content\/uploads\/2023\/11\/FCC-7.png\" alt=\"family child care educator pointing something out to a young student\" itemprop=\"image\" height=\"800\" width=\"800\" title=\"FCC-7\" onerror=\"this.style.display='none'\"  \/>\n\t<p>Crear redes de apoyo autosuficientes para proveedores locales de cuidado infantil en el hogar<\/p>\n\t<p>Promover la elecci\u00f3n familiar y el uso del cuidado infantil en el hogar.<\/p>\n\t<p>Elevar los est\u00e1ndares de calidad del cuidado de los ni\u00f1os en los hogares de cuidado infantil.<\/p>\n\t<iframe loading=\"lazy\" width=\"560\" height=\"315\" src=\"https:\/\/www.youtube.com\/embed\/NFMFtMT60Pc?si=LZo_9x-F_3FBs2aV\" title=\"YouTube video player\" frameborder=\"0\" allow=\"accelerometer; autoplay; clipboard-write; encrypted-media; gyroscope; picture-in-picture; web-share\" allowfullscreen><\/iframe>\n\t\t\t\t<img loading=\"lazy\" decoding=\"async\" src=\"https:\/\/www.avance.org\/wp-content\/uploads\/2023\/11\/FCC-2.png\" alt=\"FCC-2\" itemprop=\"image\" height=\"1000\" width=\"1000\" title=\"FCC-2\" onerror=\"this.style.display='none'\"  \/>\n\t<p>Como funciona<\/p>\n\t<p>El programa QCCM utiliza una combinaci\u00f3n de estrategias para apoyar a los proveedores de cuidado infantil en el hogar donde se necesite, brindando orientaci\u00f3n y apoyo mientras fortalecen la calidad de su cuidado y alcanzan metas personales.<\/p>\n\t<h3>Formaci\u00f3n y Desarrollo Profesional<\/h3>\n\t<h3>Asesor\u00eda y Coaching<\/h3>\n\t<h3>Red de Aprendizaje<\/h3>\n<h2>\n\t\tImpacto del Programa\n\t<\/h2>\n\t<p>En 2024-2025, el programa QCCM lleg\u00f3 a <strong>101 proveedores de cuidado infantil en el hogar<\/strong> en Texas y Nuevo M\u00e9xico.<\/p>\n\t<p>demostr\u00f3 un aumento en el conocimiento sobre pr\u00e1cticas de calidad en el cuidado infantil<\/p>\n\t<p>report\u00f3 un aumento en la conexi\u00f3n entre proveedores<\/p>\n\t<p>demostr\u00f3 un aumento en el conocimiento sobre la preparaci\u00f3n para el jard\u00edn de ni\u00f1os<\/p>\n\t<p>demostr\u00f3 un aumento en el conocimiento del negocio<\/p>\n\t<h2>72%<\/h2>\n\t\t\t\t<img loading=\"lazy\" decoding=\"async\" src=\"https:\/\/www.avance.org\/wp-content\/uploads\/2025\/09\/Website_QCCM-Budget.svg\" alt=\"Website_QCCM-Budget\" itemprop=\"image\" height=\"0\" width=\"0\" title=\"Website_QCCM-Budget\" onerror=\"this.style.display='none'\"  \/>\n\t<p>de los participantes aument\u00f3 o mantuvo su capacidad para crear un presupuesto, incluyendo ingresos y gastos mensuales<\/p>\n\t<h2>67%<\/h2>\n\t\t\t\t<img loading=\"lazy\" decoding=\"async\" src=\"https:\/\/www.avance.org\/wp-content\/uploads\/2025\/09\/Website_QCCM-Paid.svg\" alt=\"Website_QCCM-Paid\" itemprop=\"image\" height=\"0\" width=\"0\" title=\"Website_QCCM-Paid\" onerror=\"this.style.display='none'\"  \/>\n\t<p>de los participantes aument\u00f3 o mantuvo la creencia de que deben recibir un salario como propietarios de su negocio de cuidado infantil<\/p>\n\t<h2>79%<\/h2>\n\t\t\t\t<img loading=\"lazy\" decoding=\"async\" src=\"https:\/\/www.avance.org\/wp-content\/uploads\/2025\/09\/Website_QCCM-CurriculumUse.svg\" alt=\"Website_QCCM-CurriculumUse\" itemprop=\"image\" height=\"0\" width=\"0\" title=\"Website_QCCM-CurriculumUse\" onerror=\"this.style.display='none'\"  \/>\n\t<p>de los participantes adopt\u00f3 o mantuvo el uso de un plan de estudios basado en investigaciones para la instrucci\u00f3n al finalizar el programa<\/p>\n\t<h2>37%<\/h2>\n\t\t\t\t<img loading=\"lazy\" decoding=\"async\" src=\"https:\/\/www.avance.org\/wp-content\/uploads\/2025\/09\/Website_QCCM-Confidence.svg\" alt=\"Website_QCCM-Confidence\" itemprop=\"image\" height=\"0\" width=\"0\" title=\"Website_QCCM-Confidence\" onerror=\"this.style.display='none'\"  \/>\n\t<p>Increase in participants who felt confident in applying to become part of their state&#8217;s quality rating system after completing the program<\/p>\n\t<p><em>I consider myself blessed, having registered for a Saturday conference last year. I was able to connect with people I hadn&#8217;t seen for years, even before the pandemic. They were so enthusiastic about the many benefits afforded them by this group that I was curious and anxious to join. Since then, the trainings have been convenient and informative. The fellowship, encouragement, humor, and anecdotes offered by the other members make it both enjoyable and vital to my business. Thank you for the chance to participate in this year&#8217;s program.<\/em><\/p>\n<p>-Rachel Mojica Brown<\/p>\n<h2>\n\t\t\u00a1Aprende M\u00e1s!\n\t<\/h2>\n\t<p><a href=\"https:\/\/www.avance.org\/es\/programs\/qccm-communities\/\">Quiero llevar QCCM a mi comunidad<\/a><\/p>\n\t<p><a href=\"https:\/\/www.avance.org\/es\/programs\/qccm-providers\/\">Quiero inscribirme en el programa QCCM<\/a><\/p>\n\t<h3>\u00bfListo para certificar el programa AVANCE QCCM?<\/h3>\n\t\t\t<a href=\"https:\/\/www.avance.org\/es\/contact\/licensing-inquiries\/\" target=\"_self\" role=\"button\">\n\t\t\t\t\t\t\tCONT\u00c1CTENOS\n\t\t\t\t\t<\/a>","protected":false},"excerpt":{"rendered":"<p>Bring the QCCM program to your community! Contact us today to learn how you can license the AVANCE QCCM Program and leverage our expertise, resources, and support to create a lasting impact on local child care for generations to come. CONTACT US Building a community of family child care providers Family, or home-based, child care &#8230; <a title=\"Programa \u201cQuality Child Care Matters\u201d (QCCM)\" class=\"read-more\" href=\"https:\/\/www.avance.org\/es\/programs\/qccm\/\" aria-label=\"M\u00e1s en Quality Child Care Matters (QCCM)\">Leer m\u00e1s<\/a><\/p>","protected":false},"author":22,"featured_media":0,"parent":165,"menu_order":12,"comment_status":"closed","ping_status":"closed","template":"","meta":{"inline_featured_image":false,"footnotes":""},"class_list":["post-4830","page","type-page","status-publish"],"yoast_head":"<!-- This site is optimized with the Yoast SEO Premium plugin v25.3 (Yoast SEO v25.3) - https:\/\/yoast.com\/wordpress\/plugins\/seo\/ -->\n<title>Quality Child Care Matters (QCCM) - AVANCE<\/title>\n<meta name=\"description\" content=\"The AVANCE Quality Child Care Matters (QCCM) Program, an opportunity to transform family child care through education, support, and community building.\" \/>\n<meta name=\"robots\" content=\"index, follow, max-snippet:-1, max-image-preview:large, max-video-preview:-1\" \/>\n<link rel=\"canonical\" href=\"https:\/\/www.avance.org\/es\/programs\/qccm\/\" \/>\n<meta property=\"og:locale\" content=\"es_MX\" \/>\n<meta property=\"og:type\" content=\"article\" \/>\n<meta property=\"og:title\" content=\"AVANCE Quality Child Care Matters Program\" \/>\n<meta property=\"og:description\" content=\"The AVANCE Quality Child Care Matters (QCCM) Program, an opportunity to transform family child care through education, support, and community building.\" \/>\n<meta property=\"og:url\" content=\"https:\/\/www.avance.org\/es\/programs\/qccm\/\" \/>\n<meta property=\"og:site_name\" content=\"AVANCE\" \/>\n<meta property=\"article:publisher\" content=\"https:\/\/www.facebook.com\/AVANCEinc\/\" \/>\n<meta property=\"article:modified_time\" content=\"2025-10-13T17:47:53+00:00\" \/>\n<meta property=\"og:image\" content=\"https:\/\/www.avance.org\/wp-content\/uploads\/2023\/10\/IMG_2609-scaled.jpg\" \/>\n\t<meta property=\"og:image:width\" content=\"2560\" \/>\n\t<meta property=\"og:image:height\" content=\"1834\" \/>\n\t<meta property=\"og:image:type\" content=\"image\/jpeg\" \/>\n<meta name=\"twitter:card\" content=\"summary_large_image\" \/>\n<meta name=\"twitter:title\" content=\"AVANCE Quality Child Care Matters Program\" \/>\n<meta name=\"twitter:image\" content=\"https:\/\/www.avance.org\/wp-content\/uploads\/2023\/10\/IMG_2609-scaled.jpg\" \/>\n<meta name=\"twitter:site\" content=\"@AVANCEinc\" \/>\n<meta name=\"twitter:label1\" content=\"Tiempo de lectura\" \/>\n\t<meta name=\"twitter:data1\" content=\"3 minutos\" \/>\n<script type=\"application\/ld+json\" class=\"yoast-schema-graph\">{\"@context\":\"https:\/\/schema.org\",\"@graph\":[{\"@type\":\"WebPage\",\"@id\":\"https:\/\/www.avance.org\/programs\/qccm\/\",\"url\":\"https:\/\/www.avance.org\/programs\/qccm\/\",\"name\":\"Quality Child Care Matters (QCCM) - AVANCE\",\"isPartOf\":{\"@id\":\"https:\/\/www.avance.org\/#website\"},\"primaryImageOfPage\":{\"@id\":\"https:\/\/www.avance.org\/programs\/qccm\/#primaryimage\"},\"image\":{\"@id\":\"https:\/\/www.avance.org\/programs\/qccm\/#primaryimage\"},\"thumbnailUrl\":\"https:\/\/www.avance.org\/wp-content\/uploads\/2023\/11\/QCCM-white-1024x342.png\",\"datePublished\":\"2023-11-10T16:47:18+00:00\",\"dateModified\":\"2025-10-13T17:47:53+00:00\",\"description\":\"The AVANCE Quality Child Care Matters (QCCM) Program, an opportunity to transform family child care through education, support, and community building.\",\"breadcrumb\":{\"@id\":\"https:\/\/www.avance.org\/programs\/qccm\/#breadcrumb\"},\"inLanguage\":\"es-MX\",\"potentialAction\":[{\"@type\":\"ReadAction\",\"target\":[\"https:\/\/www.avance.org\/programs\/qccm\/\"]}]},{\"@type\":\"ImageObject\",\"inLanguage\":\"es-MX\",\"@id\":\"https:\/\/www.avance.org\/programs\/qccm\/#primaryimage\",\"url\":\"https:\/\/www.avance.org\/wp-content\/uploads\/2023\/11\/QCCM-white-1024x342.png\",\"contentUrl\":\"https:\/\/www.avance.org\/wp-content\/uploads\/2023\/11\/QCCM-white-1024x342.png\"},{\"@type\":\"BreadcrumbList\",\"@id\":\"https:\/\/www.avance.org\/programs\/qccm\/#breadcrumb\",\"itemListElement\":[{\"@type\":\"ListItem\",\"position\":1,\"name\":\"Home\",\"item\":\"https:\/\/www.avance.org\/\"},{\"@type\":\"ListItem\",\"position\":2,\"name\":\"Programs\",\"item\":\"https:\/\/www.avance.org\/programs\/\"},{\"@type\":\"ListItem\",\"position\":3,\"name\":\"Quality Child Care Matters (QCCM)\"}]},{\"@type\":\"WebSite\",\"@id\":\"https:\/\/www.avance.org\/#website\",\"url\":\"https:\/\/www.avance.org\/\",\"name\":\"AVANCE\",\"description\":\"Unlocking America&#039;s Potential\",\"publisher\":{\"@id\":\"https:\/\/www.avance.org\/#organization\"},\"potentialAction\":[{\"@type\":\"SearchAction\",\"target\":{\"@type\":\"EntryPoint\",\"urlTemplate\":\"https:\/\/www.avance.org\/?s={search_term_string}\"},\"query-input\":{\"@type\":\"PropertyValueSpecification\",\"valueRequired\":true,\"valueName\":\"search_term_string\"}}],\"inLanguage\":\"es-MX\"},{\"@type\":\"Organization\",\"@id\":\"https:\/\/www.avance.org\/#organization\",\"name\":\"AVANCE\",\"url\":\"https:\/\/www.avance.org\/\",\"logo\":{\"@type\":\"ImageObject\",\"inLanguage\":\"es-MX\",\"@id\":\"https:\/\/www.avance.org\/#\/schema\/logo\/image\/\",\"url\":\"https:\/\/www.avance.org\/wp-content\/uploads\/2022\/07\/logo.svg\",\"contentUrl\":\"https:\/\/www.avance.org\/wp-content\/uploads\/2022\/07\/logo.svg\",\"caption\":\"AVANCE\"},\"image\":{\"@id\":\"https:\/\/www.avance.org\/#\/schema\/logo\/image\/\"},\"sameAs\":[\"https:\/\/www.facebook.com\/AVANCEinc\/\",\"https:\/\/x.com\/AVANCEinc\",\"https:\/\/www.instagram.com\/avance__inc\/\",\"https:\/\/www.linkedin.com\/company\/avance-inc\"]}]}<\/script>\n<!-- \/ Yoast SEO Premium plugin. -->","yoast_head_json":{"title":"Quality Child Care Matters (QCCM) - AVANCE","description":"The AVANCE Quality Child Care Matters (QCCM) Program, an opportunity to transform family child care through education, support, and community building.","robots":{"index":"index","follow":"follow","max-snippet":"max-snippet:-1","max-image-preview":"max-image-preview:large","max-video-preview":"max-video-preview:-1"},"canonical":"https:\/\/www.avance.org\/es\/programs\/qccm\/","og_locale":"es_MX","og_type":"article","og_title":"AVANCE Quality Child Care Matters Program","og_description":"The AVANCE Quality Child Care Matters (QCCM) Program, an opportunity to transform family child care through education, support, and community building.","og_url":"https:\/\/www.avance.org\/es\/programs\/qccm\/","og_site_name":"AVANCE","article_publisher":"https:\/\/www.facebook.com\/AVANCEinc\/","article_modified_time":"2025-10-13T17:47:53+00:00","og_image":[{"width":2560,"height":1834,"url":"https:\/\/www.avance.org\/wp-content\/uploads\/2023\/10\/IMG_2609-scaled.jpg","type":"image\/jpeg"}],"twitter_card":"summary_large_image","twitter_title":"AVANCE Quality Child Care Matters Program","twitter_image":"https:\/\/www.avance.org\/wp-content\/uploads\/2023\/10\/IMG_2609-scaled.jpg","twitter_site":"@AVANCEinc","twitter_misc":{"Tiempo de lectura":"3 minutos"},"schema":{"@context":"https:\/\/schema.org","@graph":[{"@type":"WebPage","@id":"https:\/\/www.avance.org\/programs\/qccm\/","url":"https:\/\/www.avance.org\/programs\/qccm\/","name":"Quality Child Care Matters (QCCM) - AVANCE","isPartOf":{"@id":"https:\/\/www.avance.org\/#website"},"primaryImageOfPage":{"@id":"https:\/\/www.avance.org\/programs\/qccm\/#primaryimage"},"image":{"@id":"https:\/\/www.avance.org\/programs\/qccm\/#primaryimage"},"thumbnailUrl":"https:\/\/www.avance.org\/wp-content\/uploads\/2023\/11\/QCCM-white-1024x342.png","datePublished":"2023-11-10T16:47:18+00:00","dateModified":"2025-10-13T17:47:53+00:00","description":"The AVANCE Quality Child Care Matters (QCCM) Program, an opportunity to transform family child care through education, support, and community building.","breadcrumb":{"@id":"https:\/\/www.avance.org\/programs\/qccm\/#breadcrumb"},"inLanguage":"es-MX","potentialAction":[{"@type":"ReadAction","target":["https:\/\/www.avance.org\/programs\/qccm\/"]}]},{"@type":"ImageObject","inLanguage":"es-MX","@id":"https:\/\/www.avance.org\/programs\/qccm\/#primaryimage","url":"https:\/\/www.avance.org\/wp-content\/uploads\/2023\/11\/QCCM-white-1024x342.png","contentUrl":"https:\/\/www.avance.org\/wp-content\/uploads\/2023\/11\/QCCM-white-1024x342.png"},{"@type":"BreadcrumbList","@id":"https:\/\/www.avance.org\/programs\/qccm\/#breadcrumb","itemListElement":[{"@type":"ListItem","position":1,"name":"Home","item":"https:\/\/www.avance.org\/"},{"@type":"ListItem","position":2,"name":"Programs","item":"https:\/\/www.avance.org\/programs\/"},{"@type":"ListItem","position":3,"name":"Quality Child Care Matters (QCCM)"}]},{"@type":"WebSite","@id":"https:\/\/www.avance.org\/#website","url":"https:\/\/www.avance.org\/","name":"AVANCE","description":"Unlocking America&#039;s Potential","publisher":{"@id":"https:\/\/www.avance.org\/#organization"},"potentialAction":[{"@type":"SearchAction","target":{"@type":"EntryPoint","urlTemplate":"https:\/\/www.avance.org\/?s={search_term_string}"},"query-input":{"@type":"PropertyValueSpecification","valueRequired":true,"valueName":"search_term_string"}}],"inLanguage":"es-MX"},{"@type":"Organization","@id":"https:\/\/www.avance.org\/#organization","name":"AVANCE","url":"https:\/\/www.avance.org\/","logo":{"@type":"ImageObject","inLanguage":"es-MX","@id":"https:\/\/www.avance.org\/#\/schema\/logo\/image\/","url":"https:\/\/www.avance.org\/wp-content\/uploads\/2022\/07\/logo.svg","contentUrl":"https:\/\/www.avance.org\/wp-content\/uploads\/2022\/07\/logo.svg","caption":"AVANCE"},"image":{"@id":"https:\/\/www.avance.org\/#\/schema\/logo\/image\/"},"sameAs":["https:\/\/www.facebook.com\/AVANCEinc\/","https:\/\/x.com\/AVANCEinc","https:\/\/www.instagram.com\/avance__inc\/","https:\/\/www.linkedin.com\/company\/avance-inc"]}]}},"post_mailing_queue_ids":[],"_links":{"self":[{"href":"https:\/\/www.avance.org\/es\/wp-json\/wp\/v2\/pages\/4830","targetHints":{"allow":["GET"]}}],"collection":[{"href":"https:\/\/www.avance.org\/es\/wp-json\/wp\/v2\/pages"}],"about":[{"href":"https:\/\/www.avance.org\/es\/wp-json\/wp\/v2\/types\/page"}],"author":[{"embeddable":true,"href":"https:\/\/www.avance.org\/es\/wp-json\/wp\/v2\/users\/22"}],"replies":[{"embeddable":true,"href":"https:\/\/www.avance.org\/es\/wp-json\/wp\/v2\/comments?post=4830"}],"version-history":[{"count":10,"href":"https:\/\/www.avance.org\/es\/wp-json\/wp\/v2\/pages\/4830\/revisions"}],"predecessor-version":[{"id":7337,"href":"https:\/\/www.avance.org\/es\/wp-json\/wp\/v2\/pages\/4830\/revisions\/7337"}],"up":[{"embeddable":true,"href":"https:\/\/www.avance.org\/es\/wp-json\/wp\/v2\/pages\/165"}],"wp:attachment":[{"href":"https:\/\/www.avance.org\/es\/wp-json\/wp\/v2\/media?parent=4830"}],"curies":[{"name":"wp","href":"https:\/\/api.w.org\/{rel}","templated":true}]}}