{"id":4765,"date":"2023-08-19T15:16:55","date_gmt":"2023-08-19T20:16:55","guid":{"rendered":"https:\/\/www.avance.org\/?page_id=4765"},"modified":"2024-08-08T16:12:39","modified_gmt":"2024-08-08T21:12:39","slug":"family","status":"publish","type":"page","link":"https:\/\/www.avance.org\/es\/50th\/family\/","title":{"rendered":"50 Years of Family"},"content":{"rendered":"<img loading=\"lazy\" decoding=\"async\" src=\"https:\/\/www.avance.org\/wp-content\/uploads\/2023\/04\/50th-websiteAsset-2.png\" alt=\"50th-websiteAsset 2\" itemprop=\"image\" height=\"594\" width=\"531\" title=\"50th-websiteAsset 2\" onerror=\"this.style.display='none'\"  \/>\n\t<p><strong>Celebrando 50 a\u00f1os de familias AVANCE<\/strong><\/p>\n\t<p>Una celebraci\u00f3n de AVANCE solo estar\u00eda completa honrando a las familias que han entregado su confianza en nosotros y nos han permitido acompa\u00f1arlos a ellos en sus caminos. Nuestras familias son la fuerza impulsora detr\u00e1s de nuestra misi\u00f3n, y sus historias ilustran el profundo impacto de AVANCE en innumerables vidas desde 1973. Aqu\u00ed puede leer las historias inspiradoras de familias que se han graduado de nuestro Programa de Educaci\u00f3n para Padres e Hijos (PCEP) en los \u00faltimos 50 a\u00f1os.<\/p>","protected":false},"excerpt":{"rendered":"<p>Celebrating 50 Years of Family A celebration of AVANCE would only be complete with honoring the families who have placed their trust in us and allowed us to walk alongside them on their journeys. Our families are the driving force behind our mission, and their stories illustrate the profound impact of AVANCE on countless lives &#8230; <a title=\"50 Years of Family\" class=\"read-more\" href=\"https:\/\/www.avance.org\/es\/50th\/family\/\" aria-label=\"M\u00e1s en 50 Years of Family\">Leer m\u00e1s<\/a><\/p>","protected":false},"author":22,"featured_media":0,"parent":4276,"menu_order":3,"comment_status":"closed","ping_status":"closed","template":"","meta":{"inline_featured_image":false,"footnotes":""},"class_list":["post-4765","page","type-page","status-publish"],"yoast_head":"<!-- This site is optimized with the Yoast SEO Premium plugin v25.3 (Yoast SEO v25.3) - https:\/\/yoast.com\/wordpress\/plugins\/seo\/ -->\n<title>50 Years of Family - AVANCE<\/title>\n<meta name=\"description\" content=\"A celebration of AVANCE would only be complete with honoring the families who have placed their trust in us and allowed us to walk alongside them on their journeys.\" \/>\n<meta name=\"robots\" content=\"index, follow, max-snippet:-1, max-image-preview:large, max-video-preview:-1\" \/>\n<link rel=\"canonical\" href=\"https:\/\/www.avance.org\/es\/50th\/family\/\" \/>\n<meta property=\"og:locale\" content=\"es_MX\" \/>\n<meta property=\"og:type\" content=\"article\" \/>\n<meta property=\"og:title\" content=\"50 Years of Family\" \/>\n<meta property=\"og:description\" content=\"A celebration of AVANCE would only be complete with honoring the families who have placed their trust in us and allowed us to walk alongside them on their journeys.\" \/>\n<meta property=\"og:url\" content=\"https:\/\/www.avance.org\/es\/50th\/family\/\" \/>\n<meta property=\"og:site_name\" content=\"AVANCE\" \/>\n<meta property=\"article:publisher\" content=\"https:\/\/www.facebook.com\/AVANCEinc\/\" \/>\n<meta property=\"article:modified_time\" content=\"2024-08-08T21:12:39+00:00\" \/>\n<meta property=\"og:image\" content=\"https:\/\/www.avance.org\/wp-content\/uploads\/2023\/04\/50th-websiteAsset-2.png\" \/>\n<meta name=\"twitter:card\" content=\"summary_large_image\" \/>\n<meta name=\"twitter:site\" content=\"@AVANCEinc\" \/>\n<meta name=\"twitter:label1\" content=\"Tiempo de lectura\" \/>\n\t<meta name=\"twitter:data1\" content=\"3 minutos\" \/>\n<script type=\"application\/ld+json\" class=\"yoast-schema-graph\">{\"@context\":\"https:\/\/schema.org\",\"@graph\":[{\"@type\":\"WebPage\",\"@id\":\"https:\/\/www.avance.org\/50th\/family\/\",\"url\":\"https:\/\/www.avance.org\/50th\/family\/\",\"name\":\"50 Years of Family - AVANCE\",\"isPartOf\":{\"@id\":\"https:\/\/www.avance.org\/#website\"},\"primaryImageOfPage\":{\"@id\":\"https:\/\/www.avance.org\/50th\/family\/#primaryimage\"},\"image\":{\"@id\":\"https:\/\/www.avance.org\/50th\/family\/#primaryimage\"},\"thumbnailUrl\":\"https:\/\/www.avance.org\/wp-content\/uploads\/2023\/04\/50th-websiteAsset-2.png\",\"datePublished\":\"2023-08-19T20:16:55+00:00\",\"dateModified\":\"2024-08-08T21:12:39+00:00\",\"description\":\"A celebration of AVANCE would only be complete with honoring the families who have placed their trust in us and allowed us to walk alongside them on their journeys.\",\"breadcrumb\":{\"@id\":\"https:\/\/www.avance.org\/50th\/family\/#breadcrumb\"},\"inLanguage\":\"es-MX\",\"potentialAction\":[{\"@type\":\"ReadAction\",\"target\":[\"https:\/\/www.avance.org\/50th\/family\/\"]}]},{\"@type\":\"ImageObject\",\"inLanguage\":\"es-MX\",\"@id\":\"https:\/\/www.avance.org\/50th\/family\/#primaryimage\",\"url\":\"https:\/\/www.avance.org\/wp-content\/uploads\/2023\/04\/50th-websiteAsset-2.png\",\"contentUrl\":\"https:\/\/www.avance.org\/wp-content\/uploads\/2023\/04\/50th-websiteAsset-2.png\"},{\"@type\":\"BreadcrumbList\",\"@id\":\"https:\/\/www.avance.org\/50th\/family\/#breadcrumb\",\"itemListElement\":[{\"@type\":\"ListItem\",\"position\":1,\"name\":\"Home\",\"item\":\"https:\/\/www.avance.org\/\"},{\"@type\":\"ListItem\",\"position\":2,\"name\":\"Celebrating 50 Years of AVANCE\",\"item\":\"https:\/\/www.avance.org\/50th\/\"},{\"@type\":\"ListItem\",\"position\":3,\"name\":\"50 Years of Family\"}]},{\"@type\":\"WebSite\",\"@id\":\"https:\/\/www.avance.org\/#website\",\"url\":\"https:\/\/www.avance.org\/\",\"name\":\"AVANCE\",\"description\":\"Unlocking America&#039;s Potential\",\"publisher\":{\"@id\":\"https:\/\/www.avance.org\/#organization\"},\"potentialAction\":[{\"@type\":\"SearchAction\",\"target\":{\"@type\":\"EntryPoint\",\"urlTemplate\":\"https:\/\/www.avance.org\/?s={search_term_string}\"},\"query-input\":{\"@type\":\"PropertyValueSpecification\",\"valueRequired\":true,\"valueName\":\"search_term_string\"}}],\"inLanguage\":\"es-MX\"},{\"@type\":\"Organization\",\"@id\":\"https:\/\/www.avance.org\/#organization\",\"name\":\"AVANCE\",\"url\":\"https:\/\/www.avance.org\/\",\"logo\":{\"@type\":\"ImageObject\",\"inLanguage\":\"es-MX\",\"@id\":\"https:\/\/www.avance.org\/#\/schema\/logo\/image\/\",\"url\":\"https:\/\/www.avance.org\/wp-content\/uploads\/2022\/07\/logo.svg\",\"contentUrl\":\"https:\/\/www.avance.org\/wp-content\/uploads\/2022\/07\/logo.svg\",\"caption\":\"AVANCE\"},\"image\":{\"@id\":\"https:\/\/www.avance.org\/#\/schema\/logo\/image\/\"},\"sameAs\":[\"https:\/\/www.facebook.com\/AVANCEinc\/\",\"https:\/\/x.com\/AVANCEinc\",\"https:\/\/www.instagram.com\/avance__inc\/\",\"https:\/\/www.linkedin.com\/company\/avance-inc\"]}]}<\/script>\n<!-- \/ Yoast SEO Premium plugin. -->","yoast_head_json":{"title":"50 Years of Family - AVANCE","description":"A celebration of AVANCE would only be complete with honoring the families who have placed their trust in us and allowed us to walk alongside them on their journeys.","robots":{"index":"index","follow":"follow","max-snippet":"max-snippet:-1","max-image-preview":"max-image-preview:large","max-video-preview":"max-video-preview:-1"},"canonical":"https:\/\/www.avance.org\/es\/50th\/family\/","og_locale":"es_MX","og_type":"article","og_title":"50 Years of Family","og_description":"A celebration of AVANCE would only be complete with honoring the families who have placed their trust in us and allowed us to walk alongside them on their journeys.","og_url":"https:\/\/www.avance.org\/es\/50th\/family\/","og_site_name":"AVANCE","article_publisher":"https:\/\/www.facebook.com\/AVANCEinc\/","article_modified_time":"2024-08-08T21:12:39+00:00","og_image":[{"url":"https:\/\/www.avance.org\/wp-content\/uploads\/2023\/04\/50th-websiteAsset-2.png","type":"","width":"","height":""}],"twitter_card":"summary_large_image","twitter_site":"@AVANCEinc","twitter_misc":{"Tiempo de lectura":"3 minutos"},"schema":{"@context":"https:\/\/schema.org","@graph":[{"@type":"WebPage","@id":"https:\/\/www.avance.org\/50th\/family\/","url":"https:\/\/www.avance.org\/50th\/family\/","name":"50 Years of Family - AVANCE","isPartOf":{"@id":"https:\/\/www.avance.org\/#website"},"primaryImageOfPage":{"@id":"https:\/\/www.avance.org\/50th\/family\/#primaryimage"},"image":{"@id":"https:\/\/www.avance.org\/50th\/family\/#primaryimage"},"thumbnailUrl":"https:\/\/www.avance.org\/wp-content\/uploads\/2023\/04\/50th-websiteAsset-2.png","datePublished":"2023-08-19T20:16:55+00:00","dateModified":"2024-08-08T21:12:39+00:00","description":"A celebration of AVANCE would only be complete with honoring the families who have placed their trust in us and allowed us to walk alongside them on their journeys.","breadcrumb":{"@id":"https:\/\/www.avance.org\/50th\/family\/#breadcrumb"},"inLanguage":"es-MX","potentialAction":[{"@type":"ReadAction","target":["https:\/\/www.avance.org\/50th\/family\/"]}]},{"@type":"ImageObject","inLanguage":"es-MX","@id":"https:\/\/www.avance.org\/50th\/family\/#primaryimage","url":"https:\/\/www.avance.org\/wp-content\/uploads\/2023\/04\/50th-websiteAsset-2.png","contentUrl":"https:\/\/www.avance.org\/wp-content\/uploads\/2023\/04\/50th-websiteAsset-2.png"},{"@type":"BreadcrumbList","@id":"https:\/\/www.avance.org\/50th\/family\/#breadcrumb","itemListElement":[{"@type":"ListItem","position":1,"name":"Home","item":"https:\/\/www.avance.org\/"},{"@type":"ListItem","position":2,"name":"Celebrating 50 Years of AVANCE","item":"https:\/\/www.avance.org\/50th\/"},{"@type":"ListItem","position":3,"name":"50 Years of Family"}]},{"@type":"WebSite","@id":"https:\/\/www.avance.org\/#website","url":"https:\/\/www.avance.org\/","name":"AVANCE","description":"Unlocking America&#039;s Potential","publisher":{"@id":"https:\/\/www.avance.org\/#organization"},"potentialAction":[{"@type":"SearchAction","target":{"@type":"EntryPoint","urlTemplate":"https:\/\/www.avance.org\/?s={search_term_string}"},"query-input":{"@type":"PropertyValueSpecification","valueRequired":true,"valueName":"search_term_string"}}],"inLanguage":"es-MX"},{"@type":"Organization","@id":"https:\/\/www.avance.org\/#organization","name":"AVANCE","url":"https:\/\/www.avance.org\/","logo":{"@type":"ImageObject","inLanguage":"es-MX","@id":"https:\/\/www.avance.org\/#\/schema\/logo\/image\/","url":"https:\/\/www.avance.org\/wp-content\/uploads\/2022\/07\/logo.svg","contentUrl":"https:\/\/www.avance.org\/wp-content\/uploads\/2022\/07\/logo.svg","caption":"AVANCE"},"image":{"@id":"https:\/\/www.avance.org\/#\/schema\/logo\/image\/"},"sameAs":["https:\/\/www.facebook.com\/AVANCEinc\/","https:\/\/x.com\/AVANCEinc","https:\/\/www.instagram.com\/avance__inc\/","https:\/\/www.linkedin.com\/company\/avance-inc"]}]}},"post_mailing_queue_ids":[],"_links":{"self":[{"href":"https:\/\/www.avance.org\/es\/wp-json\/wp\/v2\/pages\/4765","targetHints":{"allow":["GET"]}}],"collection":[{"href":"https:\/\/www.avance.org\/es\/wp-json\/wp\/v2\/pages"}],"about":[{"href":"https:\/\/www.avance.org\/es\/wp-json\/wp\/v2\/types\/page"}],"author":[{"embeddable":true,"href":"https:\/\/www.avance.org\/es\/wp-json\/wp\/v2\/users\/22"}],"replies":[{"embeddable":true,"href":"https:\/\/www.avance.org\/es\/wp-json\/wp\/v2\/comments?post=4765"}],"version-history":[{"count":6,"href":"https:\/\/www.avance.org\/es\/wp-json\/wp\/v2\/pages\/4765\/revisions"}],"predecessor-version":[{"id":6216,"href":"https:\/\/www.avance.org\/es\/wp-json\/wp\/v2\/pages\/4765\/revisions\/6216"}],"up":[{"embeddable":true,"href":"https:\/\/www.avance.org\/es\/wp-json\/wp\/v2\/pages\/4276"}],"wp:attachment":[{"href":"https:\/\/www.avance.org\/es\/wp-json\/wp\/v2\/media?parent=4765"}],"curies":[{"name":"wp","href":"https:\/\/api.w.org\/{rel}","templated":true}]}}