{"id":4628,"date":"2023-08-13T03:31:35","date_gmt":"2023-08-13T08:31:35","guid":{"rendered":"https:\/\/www.avance.org\/?page_id=4628"},"modified":"2023-08-14T13:40:38","modified_gmt":"2023-08-14T18:40:38","slug":"mardigras","status":"publish","type":"page","link":"https:\/\/www.avance.org\/es\/2gencon\/mardigras\/","title":{"rendered":"Mardi Gras &#8211; 2Gen Conference 2023"},"content":{"rendered":"<img loading=\"lazy\" decoding=\"async\" src=\"https:\/\/www.avance.org\/wp-content\/uploads\/2023\/07\/2023-2gencon-logo-800x357-white.png\" alt=\"2023 AVANCE Two-Generation Learning Conference logo\" itemprop=\"image\" height=\"359\" width=\"801\" title=\"2023-2gencon-logo-800x357-white\" onerror=\"this.style.display='none'\"  \/>\n\t<h2><strong>2023 AVANCE Two-Generation Learning Conference<\/strong><\/h2>\n\t<h2><strong>August 30 &#8211; September 1, 2023 in San Antonio<\/strong><\/h2>\n\t<h2><strong>Laissez Les Bons Temps Rouler!<\/strong><\/h2>\n\t<p>We&#8217;re thrilled to invite you to our <strong>AVANCE Mardi Gras Reception<\/strong>, the perfect way to welcome all of our 2Gen Conference attendees with food, refreshments, and entertainment. The reception will be held on <strong>Thursday, August 31<\/strong>, de <strong>6:30 PM &#8211; 10:30 PM<\/strong> in the <strong>Crystal Ballroom at The Gunter Hotel <\/strong>(205 E Houston, San Antonio, TX 78205). Please let us know if you can attend by using the link below to RSVP.<\/p>\n<p>&nbsp;<\/p>\n<p>We don&#8217;t have a dress code for the AVANCE Mardi Gras Reception, but we recommend casual to dressy casual. Traditionally, wearing purple, green, or gold will get you more Mardi Gras beads, but feel free to be as vibrant or colorful as you like.<\/p>\n\t\t\t<a href=\"https:\/\/forms.office.com\/r\/kCAecrSFh1\" target=\"_blank\" role=\"button\" rel=\"noopener\">\n\t\t\t\t\t\t\tRSVP\n\t\t\t\t\t<\/a>\n\t<h2><strong>Fun fact<\/strong><\/h2>\n<p>The traditional colors of Mardi Gras date back to 1872, but they were given meaning in 1892 when the Rex parade theme was &#8220;Symbolism of Colors.&#8221; Since then, <strong>purple<\/strong> has represented justice, <strong>green<\/strong> faith, and <strong>gold <\/strong>power.<\/p>\n\t<h2><strong>Laissez Les Bons Temps Rouler!<\/strong><\/h2>\n\t<p>Estamos encantados de invitarlos a nuestra recepci\u00f3n <strong>AVANCE Mardi Gras.<\/strong>\u00a0 La manera perfecta de dar la bienvenida a todos los asistentes de la Conferencia 2GEN, es con comida, bebidas (te, agua, caf\u00e9, soda, etc.) y entretenimiento.\u00a0\u00a0 La recepci\u00f3n se llevar\u00e1 a cabo el <strong>jueves 31 de agosto <\/strong>de <strong>6:30 p.m. a 10:30 p.m<\/strong>.\u00a0 en el Crystal Ballroom en el <strong>Gunter Hotel (205 E. Houston, San Antonio, Texas 78205).<\/strong>\u00a0 Para confirmarnos su asistencia use el enlace a continuaci\u00f3n.<\/p>\n<p>&nbsp;<\/p>\n<p>No tenemos un c\u00f3digo de vestimenta para la recepci\u00f3n de AVANCE Mardi Gras, pero recomendamos formal o casual. Tradicionalmente, usar morado, verde o dorado te dar\u00e1 m\u00e1s collares en Mardi Gras, pero si\u00e9ntete libre de ser tan vibrante o colorido como quieras.<\/p>\n\t\t\t<a href=\"https:\/\/forms.office.com\/r\/kCAecrSFh1\" target=\"_blank\" role=\"button\" rel=\"noopener\">\n\t\t\t\t\t\t\tRSVP\n\t\t\t\t\t<\/a>\n\t<h2><strong>Dato curioso<\/strong><\/h2>\n<p>Los colores tradicionales de Mardi Gras se remontan a 1872, pero se les dio significado en 1892 cuando el tema del desfile de Rex fue &#8220;Simbolismo de Colores&#8221;.\u00a0 Desde entonces, <strong>el purpura<\/strong> representa la justicia, <strong>el verde<\/strong> la fe, y <strong>el dorado<\/strong> el poder.<\/p>","protected":false},"excerpt":{"rendered":"<p>2023 AVANCE Two-Generation Learning Conference August 30 &#8211; September 1, 2023 in San Antonio Laissez Les Bons Temps Rouler! We&#8217;re thrilled to invite you to our AVANCE Mardi Gras Reception, the perfect way to welcome all of our 2Gen Conference attendees with food, refreshments, and entertainment. The reception will be held on Thursday, August 31, &#8230; <a title=\"Mardi Gras &#8211; 2Gen Conference 2023\" class=\"read-more\" href=\"https:\/\/www.avance.org\/es\/2gencon\/mardigras\/\" aria-label=\"M\u00e1s en Mardi Gras &#8211; 2Gen Conference 2023\">Leer m\u00e1s<\/a><\/p>","protected":false},"author":22,"featured_media":0,"parent":4471,"menu_order":0,"comment_status":"closed","ping_status":"closed","template":"","meta":{"inline_featured_image":false,"footnotes":""},"class_list":["post-4628","page","type-page","status-publish"],"yoast_head":"<!-- This site is optimized with the Yoast SEO Premium plugin v25.3 (Yoast SEO v25.3) - https:\/\/yoast.com\/wordpress\/plugins\/seo\/ -->\n<title>Mardi Gras - 2Gen Conference 2023 - AVANCE<\/title>\n<meta name=\"description\" content=\"The 2023 AVANCE Two-Generation Learning Conference will take place from Wednesday, August 30 to Friday, September 1, 2023, at The Gunter Hotel in San Antonio.\" \/>\n<meta name=\"robots\" content=\"index, follow, max-snippet:-1, max-image-preview:large, max-video-preview:-1\" \/>\n<link rel=\"canonical\" href=\"https:\/\/www.avance.org\/es\/2gencon\/mardigras\/\" \/>\n<meta property=\"og:locale\" content=\"es_MX\" \/>\n<meta property=\"og:type\" content=\"article\" \/>\n<meta property=\"og:title\" content=\"Mardi Gras - 2Gen Conference 2023\" \/>\n<meta property=\"og:description\" content=\"The 2023 AVANCE Two-Generation Learning Conference will take place from Wednesday, August 30 to Friday, September 1, 2023, at The Gunter Hotel in San Antonio.\" \/>\n<meta property=\"og:url\" content=\"https:\/\/www.avance.org\/es\/2gencon\/mardigras\/\" \/>\n<meta property=\"og:site_name\" content=\"AVANCE\" \/>\n<meta property=\"article:publisher\" content=\"https:\/\/www.facebook.com\/AVANCEinc\/\" \/>\n<meta property=\"article:modified_time\" content=\"2023-08-14T18:40:38+00:00\" \/>\n<meta property=\"og:image\" content=\"https:\/\/www.avance.org\/wp-content\/uploads\/2023\/07\/2023-2gencon-logo-800x357-white.png\" \/>\n<meta name=\"twitter:card\" content=\"summary_large_image\" \/>\n<meta name=\"twitter:site\" content=\"@AVANCEinc\" \/>\n<meta name=\"twitter:label1\" content=\"Tiempo de lectura\" \/>\n\t<meta name=\"twitter:data1\" content=\"4 minutos\" \/>\n<script type=\"application\/ld+json\" class=\"yoast-schema-graph\">{\"@context\":\"https:\/\/schema.org\",\"@graph\":[{\"@type\":\"WebPage\",\"@id\":\"https:\/\/www.avance.org\/2gencon\/mardigras\/\",\"url\":\"https:\/\/www.avance.org\/2gencon\/mardigras\/\",\"name\":\"Mardi Gras - 2Gen Conference 2023 - AVANCE\",\"isPartOf\":{\"@id\":\"https:\/\/www.avance.org\/#website\"},\"primaryImageOfPage\":{\"@id\":\"https:\/\/www.avance.org\/2gencon\/mardigras\/#primaryimage\"},\"image\":{\"@id\":\"https:\/\/www.avance.org\/2gencon\/mardigras\/#primaryimage\"},\"thumbnailUrl\":\"https:\/\/www.avance.org\/wp-content\/uploads\/2023\/07\/2023-2gencon-logo-800x357-white.png\",\"datePublished\":\"2023-08-13T08:31:35+00:00\",\"dateModified\":\"2023-08-14T18:40:38+00:00\",\"description\":\"The 2023 AVANCE Two-Generation Learning Conference will take place from Wednesday, August 30 to Friday, September 1, 2023, at The Gunter Hotel in San Antonio.\",\"breadcrumb\":{\"@id\":\"https:\/\/www.avance.org\/2gencon\/mardigras\/#breadcrumb\"},\"inLanguage\":\"es-MX\",\"potentialAction\":[{\"@type\":\"ReadAction\",\"target\":[\"https:\/\/www.avance.org\/2gencon\/mardigras\/\"]}]},{\"@type\":\"ImageObject\",\"inLanguage\":\"es-MX\",\"@id\":\"https:\/\/www.avance.org\/2gencon\/mardigras\/#primaryimage\",\"url\":\"https:\/\/www.avance.org\/wp-content\/uploads\/2023\/07\/2023-2gencon-logo-800x357-white.png\",\"contentUrl\":\"https:\/\/www.avance.org\/wp-content\/uploads\/2023\/07\/2023-2gencon-logo-800x357-white.png\"},{\"@type\":\"BreadcrumbList\",\"@id\":\"https:\/\/www.avance.org\/2gencon\/mardigras\/#breadcrumb\",\"itemListElement\":[{\"@type\":\"ListItem\",\"position\":1,\"name\":\"Home\",\"item\":\"https:\/\/www.avance.org\/\"},{\"@type\":\"ListItem\",\"position\":2,\"name\":\"2023 AVANCE Two-Generation Learning Conference\",\"item\":\"https:\/\/www.avance.org\/2gencon\/\"},{\"@type\":\"ListItem\",\"position\":3,\"name\":\"Mardi Gras &#8211; 2Gen Conference 2023\"}]},{\"@type\":\"WebSite\",\"@id\":\"https:\/\/www.avance.org\/#website\",\"url\":\"https:\/\/www.avance.org\/\",\"name\":\"AVANCE\",\"description\":\"Unlocking America&#039;s Potential\",\"publisher\":{\"@id\":\"https:\/\/www.avance.org\/#organization\"},\"potentialAction\":[{\"@type\":\"SearchAction\",\"target\":{\"@type\":\"EntryPoint\",\"urlTemplate\":\"https:\/\/www.avance.org\/?s={search_term_string}\"},\"query-input\":{\"@type\":\"PropertyValueSpecification\",\"valueRequired\":true,\"valueName\":\"search_term_string\"}}],\"inLanguage\":\"es-MX\"},{\"@type\":\"Organization\",\"@id\":\"https:\/\/www.avance.org\/#organization\",\"name\":\"AVANCE\",\"url\":\"https:\/\/www.avance.org\/\",\"logo\":{\"@type\":\"ImageObject\",\"inLanguage\":\"es-MX\",\"@id\":\"https:\/\/www.avance.org\/#\/schema\/logo\/image\/\",\"url\":\"https:\/\/www.avance.org\/wp-content\/uploads\/2022\/07\/logo.svg\",\"contentUrl\":\"https:\/\/www.avance.org\/wp-content\/uploads\/2022\/07\/logo.svg\",\"caption\":\"AVANCE\"},\"image\":{\"@id\":\"https:\/\/www.avance.org\/#\/schema\/logo\/image\/\"},\"sameAs\":[\"https:\/\/www.facebook.com\/AVANCEinc\/\",\"https:\/\/x.com\/AVANCEinc\",\"https:\/\/www.instagram.com\/avance__inc\/\",\"https:\/\/www.linkedin.com\/company\/avance-inc\"]}]}<\/script>\n<!-- \/ Yoast SEO Premium plugin. -->","yoast_head_json":{"title":"Mardi Gras - 2Gen Conference 2023 - AVANCE","description":"The 2023 AVANCE Two-Generation Learning Conference will take place from Wednesday, August 30 to Friday, September 1, 2023, at The Gunter Hotel in San Antonio.","robots":{"index":"index","follow":"follow","max-snippet":"max-snippet:-1","max-image-preview":"max-image-preview:large","max-video-preview":"max-video-preview:-1"},"canonical":"https:\/\/www.avance.org\/es\/2gencon\/mardigras\/","og_locale":"es_MX","og_type":"article","og_title":"Mardi Gras - 2Gen Conference 2023","og_description":"The 2023 AVANCE Two-Generation Learning Conference will take place from Wednesday, August 30 to Friday, September 1, 2023, at The Gunter Hotel in San Antonio.","og_url":"https:\/\/www.avance.org\/es\/2gencon\/mardigras\/","og_site_name":"AVANCE","article_publisher":"https:\/\/www.facebook.com\/AVANCEinc\/","article_modified_time":"2023-08-14T18:40:38+00:00","og_image":[{"url":"https:\/\/www.avance.org\/wp-content\/uploads\/2023\/07\/2023-2gencon-logo-800x357-white.png","type":"","width":"","height":""}],"twitter_card":"summary_large_image","twitter_site":"@AVANCEinc","twitter_misc":{"Tiempo de lectura":"4 minutos"},"schema":{"@context":"https:\/\/schema.org","@graph":[{"@type":"WebPage","@id":"https:\/\/www.avance.org\/2gencon\/mardigras\/","url":"https:\/\/www.avance.org\/2gencon\/mardigras\/","name":"Mardi Gras - 2Gen Conference 2023 - AVANCE","isPartOf":{"@id":"https:\/\/www.avance.org\/#website"},"primaryImageOfPage":{"@id":"https:\/\/www.avance.org\/2gencon\/mardigras\/#primaryimage"},"image":{"@id":"https:\/\/www.avance.org\/2gencon\/mardigras\/#primaryimage"},"thumbnailUrl":"https:\/\/www.avance.org\/wp-content\/uploads\/2023\/07\/2023-2gencon-logo-800x357-white.png","datePublished":"2023-08-13T08:31:35+00:00","dateModified":"2023-08-14T18:40:38+00:00","description":"The 2023 AVANCE Two-Generation Learning Conference will take place from Wednesday, August 30 to Friday, September 1, 2023, at The Gunter Hotel in San Antonio.","breadcrumb":{"@id":"https:\/\/www.avance.org\/2gencon\/mardigras\/#breadcrumb"},"inLanguage":"es-MX","potentialAction":[{"@type":"ReadAction","target":["https:\/\/www.avance.org\/2gencon\/mardigras\/"]}]},{"@type":"ImageObject","inLanguage":"es-MX","@id":"https:\/\/www.avance.org\/2gencon\/mardigras\/#primaryimage","url":"https:\/\/www.avance.org\/wp-content\/uploads\/2023\/07\/2023-2gencon-logo-800x357-white.png","contentUrl":"https:\/\/www.avance.org\/wp-content\/uploads\/2023\/07\/2023-2gencon-logo-800x357-white.png"},{"@type":"BreadcrumbList","@id":"https:\/\/www.avance.org\/2gencon\/mardigras\/#breadcrumb","itemListElement":[{"@type":"ListItem","position":1,"name":"Home","item":"https:\/\/www.avance.org\/"},{"@type":"ListItem","position":2,"name":"2023 AVANCE Two-Generation Learning Conference","item":"https:\/\/www.avance.org\/2gencon\/"},{"@type":"ListItem","position":3,"name":"Mardi Gras &#8211; 2Gen Conference 2023"}]},{"@type":"WebSite","@id":"https:\/\/www.avance.org\/#website","url":"https:\/\/www.avance.org\/","name":"AVANCE","description":"Unlocking America&#039;s Potential","publisher":{"@id":"https:\/\/www.avance.org\/#organization"},"potentialAction":[{"@type":"SearchAction","target":{"@type":"EntryPoint","urlTemplate":"https:\/\/www.avance.org\/?s={search_term_string}"},"query-input":{"@type":"PropertyValueSpecification","valueRequired":true,"valueName":"search_term_string"}}],"inLanguage":"es-MX"},{"@type":"Organization","@id":"https:\/\/www.avance.org\/#organization","name":"AVANCE","url":"https:\/\/www.avance.org\/","logo":{"@type":"ImageObject","inLanguage":"es-MX","@id":"https:\/\/www.avance.org\/#\/schema\/logo\/image\/","url":"https:\/\/www.avance.org\/wp-content\/uploads\/2022\/07\/logo.svg","contentUrl":"https:\/\/www.avance.org\/wp-content\/uploads\/2022\/07\/logo.svg","caption":"AVANCE"},"image":{"@id":"https:\/\/www.avance.org\/#\/schema\/logo\/image\/"},"sameAs":["https:\/\/www.facebook.com\/AVANCEinc\/","https:\/\/x.com\/AVANCEinc","https:\/\/www.instagram.com\/avance__inc\/","https:\/\/www.linkedin.com\/company\/avance-inc"]}]}},"post_mailing_queue_ids":[],"_links":{"self":[{"href":"https:\/\/www.avance.org\/es\/wp-json\/wp\/v2\/pages\/4628","targetHints":{"allow":["GET"]}}],"collection":[{"href":"https:\/\/www.avance.org\/es\/wp-json\/wp\/v2\/pages"}],"about":[{"href":"https:\/\/www.avance.org\/es\/wp-json\/wp\/v2\/types\/page"}],"author":[{"embeddable":true,"href":"https:\/\/www.avance.org\/es\/wp-json\/wp\/v2\/users\/22"}],"replies":[{"embeddable":true,"href":"https:\/\/www.avance.org\/es\/wp-json\/wp\/v2\/comments?post=4628"}],"version-history":[{"count":6,"href":"https:\/\/www.avance.org\/es\/wp-json\/wp\/v2\/pages\/4628\/revisions"}],"predecessor-version":[{"id":4675,"href":"https:\/\/www.avance.org\/es\/wp-json\/wp\/v2\/pages\/4628\/revisions\/4675"}],"up":[{"embeddable":true,"href":"https:\/\/www.avance.org\/es\/wp-json\/wp\/v2\/pages\/4471"}],"wp:attachment":[{"href":"https:\/\/www.avance.org\/es\/wp-json\/wp\/v2\/media?parent=4628"}],"curies":[{"name":"wp","href":"https:\/\/api.w.org\/{rel}","templated":true}]}}