{"id":4553,"date":"2023-08-08T13:59:59","date_gmt":"2023-08-08T18:59:59","guid":{"rendered":"https:\/\/www.avance.org\/?page_id=4553"},"modified":"2023-08-23T19:25:06","modified_gmt":"2023-08-24T00:25:06","slug":"schedule","status":"publish","type":"page","link":"https:\/\/www.avance.org\/es\/2gencon\/schedule\/","title":{"rendered":"Schedule &#8211; 2Gen Conference 2023"},"content":{"rendered":"<img loading=\"lazy\" decoding=\"async\" src=\"https:\/\/www.avance.org\/wp-content\/uploads\/2023\/07\/2023-2gencon-logo-800x357-white.png\" alt=\"2023 AVANCE Two-Generation Learning Conference logo\" itemprop=\"image\" height=\"359\" width=\"801\" title=\"2023-2gencon-logo-800x357-white\" onerror=\"this.style.display='none'\"  \/>\n\t<h2><strong>2023 AVANCE Two-Generation Learning Conference<\/strong><\/h2>\n\t<h2><strong>August 30 &#8211; September 1, 2023 in San Antonio<\/strong><\/h2>\n\t<h2><strong>HORARIO<\/strong><\/h2>\n\t<p>A continuaci\u00f3n, se muestra el horario aproximado para cada d\u00eda de <strong>2023 AVANCE Two-Generation Learning Conference<\/strong>. Para cada sesi\u00f3n, hemos proporcionado el nombre de la sesi\u00f3n, el p\u00fablico objetivo, el nombre del sal\u00f3n y el idioma. <em>El horario est\u00e1 sujeto a cambios. Aseg\u00farese de volver para ver las actualizaciones.<\/em><\/p>\n<p>&nbsp;<\/p>\n\t<p>Please note that attendees will be on their own for lunch. To help you plan, we have compiled <a href=\"https:\/\/www.avance.org\/es\/2gencon\/lunch\/\">a list of nearby restaurants<\/a> within walking distance of the Gunter Hotel.<\/p>\n\t\t\t<a href=\"https:\/\/www.avance.org\/es\/2gencon\/lunch\/\" target=\"_self\" role=\"button\" rel=\"noopener\">\n\t\t\t\t\t\t\tALMUERZO\n\t\t\t\t\t<\/a>\n\t\t\t\t\t\t\t\t<a href=\"#\" id=\"fl-tabs--label-0\" data-index=\"0\" aria-selected=\"true\" aria-controls=\"fl-tabs--panel-0\" aria-expanded=\"true\" role=\"tab\" tabindex=\"0\">\t\t\t\tD\u00eda 1\t\t\t\t<\/a>\n\t\t\t\t\t\t\t\t<a href=\"#\" id=\"fl-tabs--label-1\" data-index=\"1\" aria-selected=\"false\" aria-controls=\"fl-tabs--panel-1\" aria-expanded=\"false\" role=\"tab\" tabindex=\"0\">\t\t\t\tD\u00eda 2\t\t\t\t<\/a>\n\t\t\t\t\t\t\t\t<a href=\"#\" id=\"fl-tabs--label-2\" data-index=\"2\" aria-selected=\"false\" aria-controls=\"fl-tabs--panel-2\" aria-expanded=\"false\" role=\"tab\" tabindex=\"0\">\t\t\t\tD\u00eda 3\t\t\t\t<\/a>\n\t\t\t\t\t\tD\u00eda 1\n\t<h4>Wed., Aug. 30 (New Staff)<\/h4>\n\t<p><strong>HORA<\/strong><\/p>\n\t<p><strong>ACTIVIDAD\/TALLER<\/strong><\/p>\n\t<p><strong>8 &#8211; 8:30 AM<\/strong><\/p>\n\t<p><strong>DESAYUNO LIGERO\/ INSCRIPCI\u00d3N<\/strong><\/p>\n\t<p><strong>8:30 &#8211; 8:45 AM<\/strong><\/p>\n\t<strong>Opening Session<br \/>\n<\/strong>All<br \/>\nBluebonnet\n\t<p><strong>8:45 &#8211; 9:30 AM<\/strong><\/p>\n\t<strong>Introduction and Overview<br \/>\n<\/strong>All<br \/>\nBluebonnet\n\t<p><strong>9:30 &#8211; 10 AM<\/strong><\/p>\n\t<b>CMS<br \/>\n<\/b>All<br \/>\nBluebonnet<br \/>\n\n\t<p><strong>10 &#8211; 10:15 AM<\/strong><\/p>\n\t<p><b>BREAK\/ TRANSITION<\/b><\/p>\n\t<p><strong>10:15 &#8211; 11 AM<\/strong><\/p>\n\t<b>Parent Class\/ Clase de Padres<br \/>\n<\/b>All<br \/>\nBluebonnet<br \/>\n\n\t<p><strong>11 AM &#8211; 12 PM<\/strong><\/p>\n\t<b><strong>Children&#8217;s Class\/ Clase de Ni\u00f1os<\/strong><br \/>\n<\/b>All<br \/>\nBluebonnet<br \/>\n\n\t<p><strong>12 &#8211; 1:15 PM<\/strong><\/p>\n\t<p><b>LUNCH (on your own)<\/b><\/p>\n\t<p><strong>1:15 &#8211; 2:15 PM<\/strong><\/p>\n\t<b>Toy Making Class\/ Clase de Juguetes<br \/>\n<\/b>All<br \/>\nBluebonnet<br \/>\n\n\t<p><strong>2:15 &#8211; 3 PM<\/strong><\/p>\n\t<b><strong>Home Visits\/ Visitas a Casa<\/strong><br \/>\n<\/b>All<br \/>\nBluebonnet<br \/>\n\n\t<p><strong>3 &#8211; 3:15 PM<\/strong><\/p>\n\t<b>Closing Activity\/ Actividad para cerrar<br \/>\n<\/b>All<br \/>\nBluebonnet<b><br \/>\n<\/b>\n\t\t\t\t\t\tD\u00eda 2\n\t<h4>Thur., Aug. 31\u00a0<\/h4>\n\t<p><strong>HORA<\/strong><\/p>\n\t<p><strong>ACTIVIDAD\/TALLER<\/strong><\/p>\n\t<p><strong>8 &#8211; 8:30 AM<\/strong><\/p>\n\t<p><strong>DESAYUNO LIGERO\/ INSCRIPCI\u00d3N<\/strong><\/p>\n\t<p><strong>8:30 &#8211; 9:15 AM<\/strong><\/p>\n\t<strong>Opening Session<br \/>\n<\/strong>All<br \/>\nCrystal\/ Yellow Rose<br \/>\nBilingual\n\t<p><strong>9:15 &#8211; 10:15 AM<\/strong><\/p>\n\t<strong>Guest Speaker: Dr. Colleen Bridger on Adverse Childhood Experiences (ACEs)<\/strong><br \/>\nAll<br \/>\nCrystal\/ Yellow Rose<br \/>\nEnglish\n\t<p><strong>10:15 &#8211; 10:30 AM<\/strong><\/p>\n\t<p><b>BREAK\/ TRANSITION<\/b><\/p>\n\t<p><strong>10:30 &#8211; 11:45 AM<\/strong><\/p>\n\t<strong>PANEL with AVANCE CEO Dr. Teresa Granillo and Executive Directors<\/strong><br \/>\nAll<br \/>\nCrystal\/Yellow Rose<br \/>\nBilingual\n\t<p><strong>11:45 AM &#8211; 1 PM<\/strong><\/p>\n\t<p><b>LUNCH (on your own)<\/b><\/p>\n\t<p><strong>1 &#8211; 2 PM<\/strong><\/p>\n\t<b>Roles &amp; Responsibilities<\/b><br \/>\nLE<br \/>\nAlamo<br \/>\nEnglish\n\t<b>Roles &amp; Responsibilities<\/b><br \/>\nHV<br \/>\nMagnolia<br \/>\nSpanish\n\t<b>Roles &amp; Responsibilities<\/b><br \/>\nTI<br \/>\nBluebonnet<br \/>\nSpanish<br \/>\n\n\t<b>Roles &amp; Responsibilities<\/b><br \/>\nECE<br \/>\nRobert Johnson<br \/>\nSpanish<br \/>\n\n\t<b>Roles &amp; Responsibilities<\/b><br \/>\nPE<br \/>\nCrystal Ballroom<br \/>\nSpanish<br \/>\n\n\t<p><strong>2 &#8211; 2:15 PM<\/strong><\/p>\n\t<p><b>BREAK\/ TRANSITION<\/b><\/p>\n\t<p><strong>2:15 &#8211; 3 PM<\/strong><\/p>\n\t<strong>Fidelity &amp; Implementation of PCEP-RCT<br \/>\nSnejana Nihtianova, Rice University &amp; Deisy Rodriguez<br \/>\n<\/strong>PSJA &amp; RGV<br \/>\nCrystal\/Yellow Rose<br \/>\nEnglish\n\t<b>Overview en Espa\u00f1ol<\/b><br \/>\nRobert Johnson\n\t<b>Overview in English<\/b><br \/>\nMagnolia\n\t<p><strong>3 &#8211; 3:45 PM<\/strong><\/p>\n\t<b>Overview en Espa\u00f1ol<\/b><br \/>\nAll<br \/>\nRobert Johnson\n\t<b>Overview in English<\/b><br \/>\nAll<br \/>\nMagnolia\n\t<p><strong>6:30 &#8211; 10:30 PM<\/strong><\/p>\n\t<b>Mardi Gras Reception<br \/>\n<\/b>Crystal Ballroom\n\t\t\t\t\t\tDay 3\n\t<h4>Fri., Sep. 1\u00a0<\/h4>\n\t<p><strong>HORA<\/strong><\/p>\n\t<p><strong>ACTIVIDAD\/TALLER<\/strong><\/p>\n\t<p><strong>8 &#8211; 8:30 AM<\/strong><\/p>\n\t<p><strong>DESAYUNO LIGERO\/ INSCRIPCI\u00d3N<\/strong><\/p>\n\t<p><strong>8:30 &#8211; 9 AM<\/strong><\/p>\n\t<strong>CMS<\/strong><strong><br \/>\n<\/strong>All<br \/>\nCrystal\/Yellow Rose<br \/>\nBilingual<br \/>\n\n\t<p><strong>9 &#8211; 10 AM<\/strong><\/p>\n\t<b>Guest Speaker: Monserrat Mata on Stress Management<br \/>\n<\/b>All (except LE)<br \/>\nCrystal Ballroom<br \/>\nSpanish<br \/>\n\n\t<b>CTB DEMO<br \/>\nEsmeralda Fuentes<br \/>\n<\/b>LE<br \/>\nL. Mahncke<br \/>\nEnglish\n\t<p><strong>10 &#8211; 10:30 AM<\/strong><\/p>\n\t<b>BABIES Class Model<\/b><br \/>\n10 &#8211; 10:30 AM<br \/>\nECE<br \/>\nRobert Johnson<br \/>\nSpanish\n\t<b>Class Model<\/b><br \/>\n10 &#8211; 11 AM<br \/>\nHV<br \/>\nMagnolia<br \/>\nSpanish<br \/>\n\n\t<b>Class Model<\/b><br \/>\n10 &#8211; 11 AM<br \/>\nTI<br \/>\nBluebonnet<br \/>\nSpanish<br \/>\n\n\t<b>CTB<br \/>\nEsmeralda Fuentes<br \/>\n<\/b>10 &#8211; 11 AM<br \/>\nECE PSJA\/ Dallas<br \/>\nL. Mahncke<br \/>\nBilingual\n\t<b>BI &#8211; Data collection + form<br \/>\n<\/b>10 &#8211; 11 AM<br \/>\nLE, PE<br \/>\nAlamo<br \/>\nEnglish\n\t<p><strong>10:30 &#8211; 11 AM<\/strong><\/p>\n\t<b>TODDLERS Class Model<\/b><br \/>\n10:30 &#8211; 11 AM<br \/>\nECE<br \/>\nRobert Johnson<br \/>\nSpanish<br \/>\n\n\t<p><strong>11 &#8211; 11:30 AM<\/strong><\/p>\n\t<b>Class Model<\/b><br \/>\n11 AM &#8211; 12 PM<br \/>\nPE<br \/>\nCrystal Ballroom<br \/>\nSpanish<br \/>\n\n\t<b>PRE-K Class Model<br \/>\n<\/b>11 &#8211; 11:30 AM<br \/>\nECE<br \/>\nRobert Johnson<br \/>\nSpanish<br \/>\n\n\t<b>Growth &amp; Development<br \/>\n<\/b><b>Melinda Escobal<br \/>\n<\/b>11 AM &#8211; 12 PM<br \/>\nHV, TI, ECE (babies\/toddlers)<br \/>\nBluebonnet<br \/>\nEnglish\n\t<b>CTB<br \/>\nEsmeralda Fuentes<br \/>\n<\/b>11 AM &#8211; 12 PM<br \/>\nECE PSJA\/ Dallas<br \/>\nL. Mahncke<br \/>\nBilingual\n\t<b>Guest Speaker:<br \/>\n<\/b><b>Stress Management<br \/>\n<\/b><strong>Monserrat Mata<\/strong><br \/>\n11 AM &#8211; 12 PM<br \/>\nLE<br \/>\nAlamo<br \/>\nEnglish\n\t<p><strong>11:30 AM &#8211; 12 PM<\/strong><\/p>\n\t<b>Role-Alike<br \/>\n<\/b>11:30 AM &#8211; 12 PM<br \/>\nECE<br \/>\nRobert Johnson<br \/>\nSpanish<br \/>\n\n\t<p><strong>12 &#8211; 1:15 PM<\/strong><\/p>\n\t<p><strong>LUNCH (on your own)<\/strong><\/p>\n\t<p><strong>1:15 &#8211; 1:45 PM<\/strong><\/p>\n\t<b>Role-Alike<\/b><br \/>\n1:15 &#8211; 2:15 PM<br \/>\nPE<br \/>\nCrystal Ballroom<br \/>\nBilingual\n\t<b>It&#8217;s my Imagination:<br \/>\n<\/b><strong>Melinda Escobal<\/strong><br \/>\n1:15 &#8211; 2:15 PM<br \/>\nECE<br \/>\nRobert Johnson<br \/>\nEnglish\n\t<b>Estimulacion del cerebro<br \/>\n<\/b>1:15 &#8211; 1:45 PM<br \/>\nHV, TI<br \/>\nBluebonnet<br \/>\nSpanish\n\t<b>Role-Alike<br \/>\nHS\/EHS<\/b><br \/>\n1:15 &#8211; 2:15 PM<br \/>\nL. Mahncke<br \/>\nBilingual\n\t<b>Select one of the current sessions<br \/>\n<\/b>1:15 &#8211; 2:15 PM<br \/>\nLE<br \/>\n\n\t<p><strong>1:45 &#8211; 2:15 PM<\/strong><\/p>\n\t<b>Role-Alike<br \/>\n<\/b>1:45 &#8211; 2:15 PM<br \/>\nHV<br \/>\nMagnolia<br \/>\nSpanish\n\t<b>Role-Alike<br \/>\n<\/b>1:45 &#8211; 2:15 PM<br \/>\nTI<br \/>\nBluebonnet<br \/>\nBilingual\n\t<p><strong>2:15 &#8211; 2:25 PM<\/strong><\/p>\n\t<p><b>10 MIN. BREAK\/ TRANSITION<\/b><\/p>\n\t<p><strong>2:25 &#8211; 3 PM<\/strong><\/p>\n\t<strong>CLOSING<\/strong><br \/>\nAll<br \/>\nCrystal\/Yellow Rose\n\t<h2><strong>MAPA<\/strong><\/h2>\n\t<p>To help you navigate the conference, we have provided a list of meeting rooms and a map of The Gunter Hotel that highlights the locations of the corresponding meeting rooms on each floor.<\/p>\n\t\t\t<h3> 1st Floor<\/h3> <ul><li>Robert Johnson<\/li><\/ul>\t\t\n\t\t\t<h3> 2nd Floor<\/h3> <ul><li>Magnolia<\/li><li>Bluebonnet<\/li><li>Yellow Rose<\/li><li>Crystal Ballroom<\/li><\/ul>\t\t\n\t\t\t<h3> 3rd Floor<\/h3> <ul><li>Alamo<\/li><li>Mahncke<\/li><\/ul>\t\t\n\t\t\t\t\t\t\t\t<a href=\"#\" id=\"fl-tabs--label-0\" data-index=\"0\" aria-selected=\"true\" aria-controls=\"fl-tabs--panel-0\" aria-expanded=\"true\" role=\"tab\" tabindex=\"0\">\t\t\t\t1st Floor\t\t\t\t<\/a>\n\t\t\t\t\t\t\t\t<a href=\"#\" id=\"fl-tabs--label-1\" data-index=\"1\" aria-selected=\"false\" aria-controls=\"fl-tabs--panel-1\" aria-expanded=\"false\" role=\"tab\" tabindex=\"0\">\t\t\t\t2nd Floor\t\t\t\t<\/a>\n\t\t\t\t\t\t\t\t<a href=\"#\" id=\"fl-tabs--label-2\" data-index=\"2\" aria-selected=\"false\" aria-controls=\"fl-tabs--panel-2\" aria-expanded=\"false\" role=\"tab\" tabindex=\"0\">\t\t\t\t3rd Floor\t\t\t\t<\/a>\n\t\t\t\t\t\t1st Floor\n\t\t\t\t\t\t\t\t\t\t\t<p><img loading=\"lazy\" decoding=\"async\" src=\"https:\/\/www.avance.org\/wp-content\/uploads\/2023\/08\/Gunter-floorplans-01.png\" alt=\"\" width=\"786\" height=\"617\" \/><\/p>\n\t\t\t\t\t\t2nd Floor\n\t\t\t\t\t\t\t\t\t\t\t<p><img loading=\"lazy\" decoding=\"async\" src=\"https:\/\/www.avance.org\/wp-content\/uploads\/2023\/08\/Gunter-floorplans-02.png\" alt=\"\" width=\"786\" height=\"617\" \/><\/p>\n\t\t\t\t\t\t3rd Floor\n\t\t\t\t\t\t\t\t\t\t\t<p><img loading=\"lazy\" decoding=\"async\" src=\"https:\/\/www.avance.org\/wp-content\/uploads\/2023\/08\/Gunter-floorplans-03.png\" alt=\"\" width=\"786\" height=\"617\" \/><\/p>","protected":false},"excerpt":{"rendered":"<p>2023 AVANCE Two-Generation Learning Conference August 30 &#8211; September 1, 2023 in San Antonio SCHEDULE Below is the tentative schedule for each day of the 2023 AVANCE Two-Generation Learning Conference. For each session, we have provided the name of the session, the target audience, the room name, and the language. The schedule is subject to &#8230; <a title=\"Schedule &#8211; 2Gen Conference 2023\" class=\"read-more\" href=\"https:\/\/www.avance.org\/es\/2gencon\/schedule\/\" aria-label=\"M\u00e1s en Schedule &#8211; 2Gen Conference 2023\">Leer m\u00e1s<\/a><\/p>","protected":false},"author":22,"featured_media":0,"parent":4471,"menu_order":3,"comment_status":"closed","ping_status":"closed","template":"","meta":{"inline_featured_image":false,"footnotes":""},"class_list":["post-4553","page","type-page","status-publish"],"yoast_head":"<!-- This site is optimized with the Yoast SEO Premium plugin v25.3 (Yoast SEO v25.3) - https:\/\/yoast.com\/wordpress\/plugins\/seo\/ -->\n<title>Schedule - 2Gen Conference 2023 - AVANCE<\/title>\n<meta name=\"description\" content=\"The 2023 AVANCE Two-Generation Learning Conference will take place from Wednesday, August 30 to Friday, September 1, 2023, at The Gunter Hotel in San Antonio.\" \/>\n<meta name=\"robots\" content=\"index, follow, max-snippet:-1, max-image-preview:large, max-video-preview:-1\" \/>\n<link rel=\"canonical\" href=\"https:\/\/www.avance.org\/es\/2gencon\/schedule\/\" \/>\n<meta property=\"og:locale\" content=\"es_MX\" \/>\n<meta property=\"og:type\" content=\"article\" \/>\n<meta property=\"og:title\" content=\"Schedule - 2Gen Conference 2023\" \/>\n<meta property=\"og:description\" content=\"The 2023 AVANCE Two-Generation Learning Conference will take place from Wednesday, August 30 to Friday, September 1, 2023, at The Gunter Hotel in San Antonio.\" \/>\n<meta property=\"og:url\" content=\"https:\/\/www.avance.org\/es\/2gencon\/schedule\/\" \/>\n<meta property=\"og:site_name\" content=\"AVANCE\" \/>\n<meta property=\"article:publisher\" content=\"https:\/\/www.facebook.com\/AVANCEinc\/\" \/>\n<meta property=\"article:modified_time\" content=\"2023-08-24T00:25:06+00:00\" \/>\n<meta property=\"og:image\" content=\"https:\/\/www.avance.org\/wp-content\/uploads\/2023\/07\/2023-2gencon-logo-800x357-white.png\" \/>\n<meta name=\"twitter:card\" content=\"summary_large_image\" \/>\n<meta name=\"twitter:site\" content=\"@AVANCEinc\" \/>\n<meta name=\"twitter:label1\" content=\"Tiempo de lectura\" \/>\n\t<meta name=\"twitter:data1\" content=\"3 minutos\" \/>\n<script type=\"application\/ld+json\" class=\"yoast-schema-graph\">{\"@context\":\"https:\/\/schema.org\",\"@graph\":[{\"@type\":\"WebPage\",\"@id\":\"https:\/\/www.avance.org\/2gencon\/schedule\/\",\"url\":\"https:\/\/www.avance.org\/2gencon\/schedule\/\",\"name\":\"Schedule - 2Gen Conference 2023 - AVANCE\",\"isPartOf\":{\"@id\":\"https:\/\/www.avance.org\/#website\"},\"primaryImageOfPage\":{\"@id\":\"https:\/\/www.avance.org\/2gencon\/schedule\/#primaryimage\"},\"image\":{\"@id\":\"https:\/\/www.avance.org\/2gencon\/schedule\/#primaryimage\"},\"thumbnailUrl\":\"https:\/\/www.avance.org\/wp-content\/uploads\/2023\/07\/2023-2gencon-logo-800x357-white.png\",\"datePublished\":\"2023-08-08T18:59:59+00:00\",\"dateModified\":\"2023-08-24T00:25:06+00:00\",\"description\":\"The 2023 AVANCE Two-Generation Learning Conference will take place from Wednesday, August 30 to Friday, September 1, 2023, at The Gunter Hotel in San Antonio.\",\"breadcrumb\":{\"@id\":\"https:\/\/www.avance.org\/2gencon\/schedule\/#breadcrumb\"},\"inLanguage\":\"es-MX\",\"potentialAction\":[{\"@type\":\"ReadAction\",\"target\":[\"https:\/\/www.avance.org\/2gencon\/schedule\/\"]}]},{\"@type\":\"ImageObject\",\"inLanguage\":\"es-MX\",\"@id\":\"https:\/\/www.avance.org\/2gencon\/schedule\/#primaryimage\",\"url\":\"https:\/\/www.avance.org\/wp-content\/uploads\/2023\/07\/2023-2gencon-logo-800x357-white.png\",\"contentUrl\":\"https:\/\/www.avance.org\/wp-content\/uploads\/2023\/07\/2023-2gencon-logo-800x357-white.png\"},{\"@type\":\"BreadcrumbList\",\"@id\":\"https:\/\/www.avance.org\/2gencon\/schedule\/#breadcrumb\",\"itemListElement\":[{\"@type\":\"ListItem\",\"position\":1,\"name\":\"Home\",\"item\":\"https:\/\/www.avance.org\/\"},{\"@type\":\"ListItem\",\"position\":2,\"name\":\"2023 AVANCE Two-Generation Learning Conference\",\"item\":\"https:\/\/www.avance.org\/2gencon\/\"},{\"@type\":\"ListItem\",\"position\":3,\"name\":\"Schedule &#8211; 2Gen Conference 2023\"}]},{\"@type\":\"WebSite\",\"@id\":\"https:\/\/www.avance.org\/#website\",\"url\":\"https:\/\/www.avance.org\/\",\"name\":\"AVANCE\",\"description\":\"Unlocking America&#039;s Potential\",\"publisher\":{\"@id\":\"https:\/\/www.avance.org\/#organization\"},\"potentialAction\":[{\"@type\":\"SearchAction\",\"target\":{\"@type\":\"EntryPoint\",\"urlTemplate\":\"https:\/\/www.avance.org\/?s={search_term_string}\"},\"query-input\":{\"@type\":\"PropertyValueSpecification\",\"valueRequired\":true,\"valueName\":\"search_term_string\"}}],\"inLanguage\":\"es-MX\"},{\"@type\":\"Organization\",\"@id\":\"https:\/\/www.avance.org\/#organization\",\"name\":\"AVANCE\",\"url\":\"https:\/\/www.avance.org\/\",\"logo\":{\"@type\":\"ImageObject\",\"inLanguage\":\"es-MX\",\"@id\":\"https:\/\/www.avance.org\/#\/schema\/logo\/image\/\",\"url\":\"https:\/\/www.avance.org\/wp-content\/uploads\/2022\/07\/logo.svg\",\"contentUrl\":\"https:\/\/www.avance.org\/wp-content\/uploads\/2022\/07\/logo.svg\",\"caption\":\"AVANCE\"},\"image\":{\"@id\":\"https:\/\/www.avance.org\/#\/schema\/logo\/image\/\"},\"sameAs\":[\"https:\/\/www.facebook.com\/AVANCEinc\/\",\"https:\/\/x.com\/AVANCEinc\",\"https:\/\/www.instagram.com\/avance__inc\/\",\"https:\/\/www.linkedin.com\/company\/avance-inc\"]}]}<\/script>\n<!-- \/ Yoast SEO Premium plugin. -->","yoast_head_json":{"title":"Schedule - 2Gen Conference 2023 - AVANCE","description":"The 2023 AVANCE Two-Generation Learning Conference will take place from Wednesday, August 30 to Friday, September 1, 2023, at The Gunter Hotel in San Antonio.","robots":{"index":"index","follow":"follow","max-snippet":"max-snippet:-1","max-image-preview":"max-image-preview:large","max-video-preview":"max-video-preview:-1"},"canonical":"https:\/\/www.avance.org\/es\/2gencon\/schedule\/","og_locale":"es_MX","og_type":"article","og_title":"Schedule - 2Gen Conference 2023","og_description":"The 2023 AVANCE Two-Generation Learning Conference will take place from Wednesday, August 30 to Friday, September 1, 2023, at The Gunter Hotel in San Antonio.","og_url":"https:\/\/www.avance.org\/es\/2gencon\/schedule\/","og_site_name":"AVANCE","article_publisher":"https:\/\/www.facebook.com\/AVANCEinc\/","article_modified_time":"2023-08-24T00:25:06+00:00","og_image":[{"url":"https:\/\/www.avance.org\/wp-content\/uploads\/2023\/07\/2023-2gencon-logo-800x357-white.png","type":"","width":"","height":""}],"twitter_card":"summary_large_image","twitter_site":"@AVANCEinc","twitter_misc":{"Tiempo de lectura":"3 minutos"},"schema":{"@context":"https:\/\/schema.org","@graph":[{"@type":"WebPage","@id":"https:\/\/www.avance.org\/2gencon\/schedule\/","url":"https:\/\/www.avance.org\/2gencon\/schedule\/","name":"Schedule - 2Gen Conference 2023 - AVANCE","isPartOf":{"@id":"https:\/\/www.avance.org\/#website"},"primaryImageOfPage":{"@id":"https:\/\/www.avance.org\/2gencon\/schedule\/#primaryimage"},"image":{"@id":"https:\/\/www.avance.org\/2gencon\/schedule\/#primaryimage"},"thumbnailUrl":"https:\/\/www.avance.org\/wp-content\/uploads\/2023\/07\/2023-2gencon-logo-800x357-white.png","datePublished":"2023-08-08T18:59:59+00:00","dateModified":"2023-08-24T00:25:06+00:00","description":"The 2023 AVANCE Two-Generation Learning Conference will take place from Wednesday, August 30 to Friday, September 1, 2023, at The Gunter Hotel in San Antonio.","breadcrumb":{"@id":"https:\/\/www.avance.org\/2gencon\/schedule\/#breadcrumb"},"inLanguage":"es-MX","potentialAction":[{"@type":"ReadAction","target":["https:\/\/www.avance.org\/2gencon\/schedule\/"]}]},{"@type":"ImageObject","inLanguage":"es-MX","@id":"https:\/\/www.avance.org\/2gencon\/schedule\/#primaryimage","url":"https:\/\/www.avance.org\/wp-content\/uploads\/2023\/07\/2023-2gencon-logo-800x357-white.png","contentUrl":"https:\/\/www.avance.org\/wp-content\/uploads\/2023\/07\/2023-2gencon-logo-800x357-white.png"},{"@type":"BreadcrumbList","@id":"https:\/\/www.avance.org\/2gencon\/schedule\/#breadcrumb","itemListElement":[{"@type":"ListItem","position":1,"name":"Home","item":"https:\/\/www.avance.org\/"},{"@type":"ListItem","position":2,"name":"2023 AVANCE Two-Generation Learning Conference","item":"https:\/\/www.avance.org\/2gencon\/"},{"@type":"ListItem","position":3,"name":"Schedule &#8211; 2Gen Conference 2023"}]},{"@type":"WebSite","@id":"https:\/\/www.avance.org\/#website","url":"https:\/\/www.avance.org\/","name":"AVANCE","description":"Unlocking America&#039;s Potential","publisher":{"@id":"https:\/\/www.avance.org\/#organization"},"potentialAction":[{"@type":"SearchAction","target":{"@type":"EntryPoint","urlTemplate":"https:\/\/www.avance.org\/?s={search_term_string}"},"query-input":{"@type":"PropertyValueSpecification","valueRequired":true,"valueName":"search_term_string"}}],"inLanguage":"es-MX"},{"@type":"Organization","@id":"https:\/\/www.avance.org\/#organization","name":"AVANCE","url":"https:\/\/www.avance.org\/","logo":{"@type":"ImageObject","inLanguage":"es-MX","@id":"https:\/\/www.avance.org\/#\/schema\/logo\/image\/","url":"https:\/\/www.avance.org\/wp-content\/uploads\/2022\/07\/logo.svg","contentUrl":"https:\/\/www.avance.org\/wp-content\/uploads\/2022\/07\/logo.svg","caption":"AVANCE"},"image":{"@id":"https:\/\/www.avance.org\/#\/schema\/logo\/image\/"},"sameAs":["https:\/\/www.facebook.com\/AVANCEinc\/","https:\/\/x.com\/AVANCEinc","https:\/\/www.instagram.com\/avance__inc\/","https:\/\/www.linkedin.com\/company\/avance-inc"]}]}},"post_mailing_queue_ids":[],"_links":{"self":[{"href":"https:\/\/www.avance.org\/es\/wp-json\/wp\/v2\/pages\/4553","targetHints":{"allow":["GET"]}}],"collection":[{"href":"https:\/\/www.avance.org\/es\/wp-json\/wp\/v2\/pages"}],"about":[{"href":"https:\/\/www.avance.org\/es\/wp-json\/wp\/v2\/types\/page"}],"author":[{"embeddable":true,"href":"https:\/\/www.avance.org\/es\/wp-json\/wp\/v2\/users\/22"}],"replies":[{"embeddable":true,"href":"https:\/\/www.avance.org\/es\/wp-json\/wp\/v2\/comments?post=4553"}],"version-history":[{"count":10,"href":"https:\/\/www.avance.org\/es\/wp-json\/wp\/v2\/pages\/4553\/revisions"}],"predecessor-version":[{"id":4801,"href":"https:\/\/www.avance.org\/es\/wp-json\/wp\/v2\/pages\/4553\/revisions\/4801"}],"up":[{"embeddable":true,"href":"https:\/\/www.avance.org\/es\/wp-json\/wp\/v2\/pages\/4471"}],"wp:attachment":[{"href":"https:\/\/www.avance.org\/es\/wp-json\/wp\/v2\/media?parent=4553"}],"curies":[{"name":"wp","href":"https:\/\/api.w.org\/{rel}","templated":true}]}}