{"id":4471,"date":"2023-07-12T08:53:32","date_gmt":"2023-07-12T13:53:32","guid":{"rendered":"https:\/\/www.avance.org\/?page_id=4471"},"modified":"2023-08-19T16:37:24","modified_gmt":"2023-08-19T21:37:24","slug":"2gencon","status":"publish","type":"page","link":"https:\/\/www.avance.org\/es\/2gencon\/","title":{"rendered":"2023 AVANCE Two-Generation Learning Conference"},"content":{"rendered":"<img loading=\"lazy\" decoding=\"async\" src=\"https:\/\/www.avance.org\/wp-content\/uploads\/2023\/07\/2023-2gencon-logo-800x357-white.png\" alt=\"2023 AVANCE Two-Generation Learning Conference logo\" itemprop=\"image\" height=\"359\" width=\"801\" title=\"2023-2gencon-logo-800x357-white\" onerror=\"this.style.display='none'\"  \/>\n\t<h2><strong>2023 AVANCE Two-Generation Learning Conference<\/strong><\/h2>\n\t<h2><strong>August 30 &#8211; September 1, 2023 in San Antonio<\/strong><\/h2>\n\t<p>The AVANCE National team invites you to the <strong>2023 AVANCE Two-Generation Learning Conference<\/strong>, taking place from <strong>Wednesday, August 30 to Friday, September 1, 2023<\/strong>, at The Gunter Hotel in San Antonio. This year, we are dedicating the first full day of the conference to sessions required for new staff.<\/p>\n<p>&nbsp;<\/p>\n<p><strong>August 30<\/strong>: Orientaci\u00f3n solo para el personal nuevo<\/p>\n<p><strong>August 31 &#8211; September 1<\/strong>: Conferencia para todo el personal<\/p>\n<p>&nbsp;<\/p>\n\t<p>Celebrating collaboration and growth, this conference is a unique opportunity for our educators to come together for professional development and peer learning. Together, we will explore:<\/p>\n<p>&nbsp;<\/p>\n<ul>\n<li>AVANCE&#8217;s two-generation model and approach<\/li>\n<li>Los componentes de PCEP y la fidelidad de la implementaci\u00f3n<\/li>\n<li>Roles y responsabilidades<\/li>\n<li>Estrategias de aprendizaje y mejores pr\u00e1cticas<\/li>\n<li>Alfabetizaci\u00f3n en datos y tecnolog\u00eda<\/li>\n<li>Aprendizaje entre compa\u00f1eros y trabajo en red<\/li>\n<\/ul>\n<p><em>The conference is required for AVANCE educators implementing PCEP during the 2023-2024 program year.<\/em><\/p>\n<p>&nbsp;<\/p>\n<p>Para preguntas relacionadas con la conferencia, env\u00ede un correo electr\u00f3nico a <a href=\"mailto:nvargas@avance.org\">nvargas@avance.org<\/a>.<\/p>\n\t<p><strong>Registration is Open<\/strong><\/p>\n\t<p><strong>Registration is open<\/strong> for the <strong>AVANCE 2023 Two-Generation Learning Conference<\/strong>\u00a0at The Gunter Hotel from <strong>Wednesday, August 30, to Friday, September 1, 2023<\/strong>. If you haven&#8217;t registered yet, you can use the &#8220;Register&#8221; link below. Be sure to check back for updates as more information becomes available.<\/p>\n\t\t\t<a href=\"https:\/\/www.eventbrite.com\/e\/2023-avance-two-generation-learning-conference-tickets-676173502147?utm-campaign=social&#038;utm-content=attendeeshare&#038;utm-medium=discovery&#038;utm-term=listing&#038;utm-source=cp&#038;aff=ebdsshwebdesktop\" target=\"_blank\" role=\"button\" rel=\"noopener\">\n\t\t\t\t\t\t\tREGISTER\n\t\t\t\t\t<\/a>\n\t<p>El equipo AVANCE National lo invita a <strong>la Conferencia de Aprendizaje de Dos Generaciones AVANCE 2023<\/strong>, que tendr\u00e1 lugar desde <strong>el Mi\u00e9rcoles 30 de Agosto al Viernes 1\u00ba de Septiembre del 2023<\/strong>, en el Gunter Hotel en San Antonio. Tenga en cuenta que este a\u00f1o, estamos dedicando el primer d\u00eda de la conferencia a las sesiones requeridas para el personal nuevo.<\/p>\n<p>&nbsp;<\/p>\n<p><strong>30 de Agosto<\/strong>: Orientaci\u00f3n para el nuevo personal<\/p>\n<p><strong>31 de Agosto y 1\u00ba de Septiembre<\/strong>: Conferencia para todo el personal<\/p>\n<p>&nbsp;<\/p>\n\t<p>Celebrando la colaboraci\u00f3n y el crecimiento, esta conferencia es una oportunidad \u00fanica para que nuestros educadores se re\u00fanan para el desarrollo profesional y el aprendizaje entre compa\u00f1eras. Juntos, exploraremos:<\/p>\n<p>&nbsp;<\/p>\n<ul>\n<li>El modelo y enfoque de dos generaciones de AVANCE<\/li>\n<li>Los componentes del PCEP y la fidelidad de la implementaci\u00f3n<\/li>\n<li>Roles y responsabilidades<\/li>\n<li>Estrategias de aprendizaje y mejores pr\u00e1cticas<\/li>\n<li>Alfabetizaci\u00f3n en datos y tecnolog\u00eda<\/li>\n<li>Aprendizaje entre compa\u00f1eros y trabajo en red<\/li>\n<\/ul>\n<p>La conferencia es obligatoria para los educadores de AVANCE que implementen PCEP durante el a\u00f1o del programa 2023-24.<\/p>\n<p>&nbsp;<\/p>\n<p>Para preguntas relacionadas con la conferencia, env\u00ede un correo electr\u00f3nico a <a href=\"mailto:nvargas@avance.org\">nvargas@avance.org<\/a>.<\/p>\n\t<p><strong>La inscripci\u00f3n est\u00e1 abierta<\/strong><\/p>\n\t<p>La inscripci\u00f3n est\u00e1 abierta para <strong>la Conferencia de Aprendizaje de Dos Generaciones AVANCE 2023<\/strong>. Ser\u00e1 en el Gunter Hotel desde <strong>el Mi\u00e9rcoles, 30 de Agosto al Viernes, 1\u00ba de Septiembre del 2023<\/strong>. Si a\u00fan no te has registrado, puedes usar el bot\u00f3n &#8220;Registrarse&#8221; debajo.\u00a0Aseg\u00farese de consultar las actualizaciones a medida que haya m\u00e1s informaci\u00f3n disponible.<\/p>\n\t\t\t<a href=\"https:\/\/www.eventbrite.com\/e\/2023-avance-two-generation-learning-conference-tickets-676173502147?utm-campaign=social&#038;utm-content=attendeeshare&#038;utm-medium=discovery&#038;utm-term=listing&#038;utm-source=cp&#038;aff=ebdsshwebdesktop\" target=\"_blank\" role=\"button\" rel=\"noopener\">\n\t\t\t\t\t\t\tREGISTRARSE\n\t\t\t\t\t<\/a>","protected":false},"excerpt":{"rendered":"<p>2023 AVANCE Two-Generation Learning Conference August 30 &#8211; September 1, 2023 in San Antonio The AVANCE National team invites you to the 2023 AVANCE Two-Generation Learning Conference, taking place from Wednesday, August 30 to Friday, September 1, 2023, at The Gunter Hotel in San Antonio. This year, we are dedicating the first full day of &#8230; <a title=\"2023 AVANCE Two-Generation Learning Conference\" class=\"read-more\" href=\"https:\/\/www.avance.org\/es\/2gencon\/\" aria-label=\"M\u00e1s en 2023 AVANCE Two-Generation Learning Conference\">Leer m\u00e1s<\/a><\/p>","protected":false},"author":22,"featured_media":0,"parent":0,"menu_order":23,"comment_status":"closed","ping_status":"closed","template":"","meta":{"inline_featured_image":false,"footnotes":""},"class_list":["post-4471","page","type-page","status-publish"],"yoast_head":"<!-- This site is optimized with the Yoast SEO Premium plugin v25.3 (Yoast SEO v25.3) - https:\/\/yoast.com\/wordpress\/plugins\/seo\/ -->\n<title>2023 AVANCE Two-Generation Learning Conference - AVANCE<\/title>\n<meta name=\"description\" content=\"The 2023 AVANCE Two-Generation Learning Conference will take place from Wednesday, August 30 to Friday, September 1, 2023, at The Gunter Hotel in San Antonio.\" \/>\n<meta name=\"robots\" content=\"index, follow, max-snippet:-1, max-image-preview:large, max-video-preview:-1\" \/>\n<link rel=\"canonical\" href=\"https:\/\/www.avance.org\/es\/2gencon\/\" \/>\n<meta property=\"og:locale\" content=\"es_MX\" \/>\n<meta property=\"og:type\" content=\"article\" \/>\n<meta property=\"og:title\" content=\"2023 AVANCE Two-Generation Learning Conference\" \/>\n<meta property=\"og:description\" content=\"The 2023 AVANCE Two-Generation Learning Conference will take place from Wednesday, August 30 to Friday, September 1, 2023, at The Gunter Hotel in San Antonio.\" \/>\n<meta property=\"og:url\" content=\"https:\/\/www.avance.org\/es\/2gencon\/\" \/>\n<meta property=\"og:site_name\" content=\"AVANCE\" \/>\n<meta property=\"article:publisher\" content=\"https:\/\/www.facebook.com\/AVANCEinc\/\" \/>\n<meta property=\"article:modified_time\" content=\"2023-08-19T21:37:24+00:00\" \/>\n<meta property=\"og:image\" content=\"https:\/\/www.avance.org\/wp-content\/uploads\/2023\/07\/2023-2gencon-logo-800x357-white.png\" \/>\n<meta name=\"twitter:card\" content=\"summary_large_image\" \/>\n<meta name=\"twitter:site\" content=\"@AVANCEinc\" \/>\n<script type=\"application\/ld+json\" class=\"yoast-schema-graph\">{\"@context\":\"https:\/\/schema.org\",\"@graph\":[{\"@type\":\"WebPage\",\"@id\":\"https:\/\/www.avance.org\/2gencon\/\",\"url\":\"https:\/\/www.avance.org\/2gencon\/\",\"name\":\"2023 AVANCE Two-Generation Learning Conference - AVANCE\",\"isPartOf\":{\"@id\":\"https:\/\/www.avance.org\/#website\"},\"primaryImageOfPage\":{\"@id\":\"https:\/\/www.avance.org\/2gencon\/#primaryimage\"},\"image\":{\"@id\":\"https:\/\/www.avance.org\/2gencon\/#primaryimage\"},\"thumbnailUrl\":\"https:\/\/www.avance.org\/wp-content\/uploads\/2023\/07\/2023-2gencon-logo-800x357-white.png\",\"datePublished\":\"2023-07-12T13:53:32+00:00\",\"dateModified\":\"2023-08-19T21:37:24+00:00\",\"description\":\"The 2023 AVANCE Two-Generation Learning Conference will take place from Wednesday, August 30 to Friday, September 1, 2023, at The Gunter Hotel in San Antonio.\",\"breadcrumb\":{\"@id\":\"https:\/\/www.avance.org\/2gencon\/#breadcrumb\"},\"inLanguage\":\"es-MX\",\"potentialAction\":[{\"@type\":\"ReadAction\",\"target\":[\"https:\/\/www.avance.org\/2gencon\/\"]}]},{\"@type\":\"ImageObject\",\"inLanguage\":\"es-MX\",\"@id\":\"https:\/\/www.avance.org\/2gencon\/#primaryimage\",\"url\":\"https:\/\/www.avance.org\/wp-content\/uploads\/2023\/07\/2023-2gencon-logo-800x357-white.png\",\"contentUrl\":\"https:\/\/www.avance.org\/wp-content\/uploads\/2023\/07\/2023-2gencon-logo-800x357-white.png\"},{\"@type\":\"BreadcrumbList\",\"@id\":\"https:\/\/www.avance.org\/2gencon\/#breadcrumb\",\"itemListElement\":[{\"@type\":\"ListItem\",\"position\":1,\"name\":\"Home\",\"item\":\"https:\/\/www.avance.org\/\"},{\"@type\":\"ListItem\",\"position\":2,\"name\":\"2023 AVANCE Two-Generation Learning Conference\"}]},{\"@type\":\"WebSite\",\"@id\":\"https:\/\/www.avance.org\/#website\",\"url\":\"https:\/\/www.avance.org\/\",\"name\":\"AVANCE\",\"description\":\"Unlocking America&#039;s Potential\",\"publisher\":{\"@id\":\"https:\/\/www.avance.org\/#organization\"},\"potentialAction\":[{\"@type\":\"SearchAction\",\"target\":{\"@type\":\"EntryPoint\",\"urlTemplate\":\"https:\/\/www.avance.org\/?s={search_term_string}\"},\"query-input\":{\"@type\":\"PropertyValueSpecification\",\"valueRequired\":true,\"valueName\":\"search_term_string\"}}],\"inLanguage\":\"es-MX\"},{\"@type\":\"Organization\",\"@id\":\"https:\/\/www.avance.org\/#organization\",\"name\":\"AVANCE\",\"url\":\"https:\/\/www.avance.org\/\",\"logo\":{\"@type\":\"ImageObject\",\"inLanguage\":\"es-MX\",\"@id\":\"https:\/\/www.avance.org\/#\/schema\/logo\/image\/\",\"url\":\"https:\/\/www.avance.org\/wp-content\/uploads\/2022\/07\/logo.svg\",\"contentUrl\":\"https:\/\/www.avance.org\/wp-content\/uploads\/2022\/07\/logo.svg\",\"caption\":\"AVANCE\"},\"image\":{\"@id\":\"https:\/\/www.avance.org\/#\/schema\/logo\/image\/\"},\"sameAs\":[\"https:\/\/www.facebook.com\/AVANCEinc\/\",\"https:\/\/x.com\/AVANCEinc\",\"https:\/\/www.instagram.com\/avance__inc\/\",\"https:\/\/www.linkedin.com\/company\/avance-inc\"]}]}<\/script>\n<!-- \/ Yoast SEO Premium plugin. -->","yoast_head_json":{"title":"2023 AVANCE Two-Generation Learning Conference - AVANCE","description":"The 2023 AVANCE Two-Generation Learning Conference will take place from Wednesday, August 30 to Friday, September 1, 2023, at The Gunter Hotel in San Antonio.","robots":{"index":"index","follow":"follow","max-snippet":"max-snippet:-1","max-image-preview":"max-image-preview:large","max-video-preview":"max-video-preview:-1"},"canonical":"https:\/\/www.avance.org\/es\/2gencon\/","og_locale":"es_MX","og_type":"article","og_title":"2023 AVANCE Two-Generation Learning Conference","og_description":"The 2023 AVANCE Two-Generation Learning Conference will take place from Wednesday, August 30 to Friday, September 1, 2023, at The Gunter Hotel in San Antonio.","og_url":"https:\/\/www.avance.org\/es\/2gencon\/","og_site_name":"AVANCE","article_publisher":"https:\/\/www.facebook.com\/AVANCEinc\/","article_modified_time":"2023-08-19T21:37:24+00:00","og_image":[{"url":"https:\/\/www.avance.org\/wp-content\/uploads\/2023\/07\/2023-2gencon-logo-800x357-white.png","type":"","width":"","height":""}],"twitter_card":"summary_large_image","twitter_site":"@AVANCEinc","schema":{"@context":"https:\/\/schema.org","@graph":[{"@type":"WebPage","@id":"https:\/\/www.avance.org\/2gencon\/","url":"https:\/\/www.avance.org\/2gencon\/","name":"2023 AVANCE Two-Generation Learning Conference - AVANCE","isPartOf":{"@id":"https:\/\/www.avance.org\/#website"},"primaryImageOfPage":{"@id":"https:\/\/www.avance.org\/2gencon\/#primaryimage"},"image":{"@id":"https:\/\/www.avance.org\/2gencon\/#primaryimage"},"thumbnailUrl":"https:\/\/www.avance.org\/wp-content\/uploads\/2023\/07\/2023-2gencon-logo-800x357-white.png","datePublished":"2023-07-12T13:53:32+00:00","dateModified":"2023-08-19T21:37:24+00:00","description":"The 2023 AVANCE Two-Generation Learning Conference will take place from Wednesday, August 30 to Friday, September 1, 2023, at The Gunter Hotel in San Antonio.","breadcrumb":{"@id":"https:\/\/www.avance.org\/2gencon\/#breadcrumb"},"inLanguage":"es-MX","potentialAction":[{"@type":"ReadAction","target":["https:\/\/www.avance.org\/2gencon\/"]}]},{"@type":"ImageObject","inLanguage":"es-MX","@id":"https:\/\/www.avance.org\/2gencon\/#primaryimage","url":"https:\/\/www.avance.org\/wp-content\/uploads\/2023\/07\/2023-2gencon-logo-800x357-white.png","contentUrl":"https:\/\/www.avance.org\/wp-content\/uploads\/2023\/07\/2023-2gencon-logo-800x357-white.png"},{"@type":"BreadcrumbList","@id":"https:\/\/www.avance.org\/2gencon\/#breadcrumb","itemListElement":[{"@type":"ListItem","position":1,"name":"Home","item":"https:\/\/www.avance.org\/"},{"@type":"ListItem","position":2,"name":"2023 AVANCE Two-Generation Learning Conference"}]},{"@type":"WebSite","@id":"https:\/\/www.avance.org\/#website","url":"https:\/\/www.avance.org\/","name":"AVANCE","description":"Unlocking America&#039;s Potential","publisher":{"@id":"https:\/\/www.avance.org\/#organization"},"potentialAction":[{"@type":"SearchAction","target":{"@type":"EntryPoint","urlTemplate":"https:\/\/www.avance.org\/?s={search_term_string}"},"query-input":{"@type":"PropertyValueSpecification","valueRequired":true,"valueName":"search_term_string"}}],"inLanguage":"es-MX"},{"@type":"Organization","@id":"https:\/\/www.avance.org\/#organization","name":"AVANCE","url":"https:\/\/www.avance.org\/","logo":{"@type":"ImageObject","inLanguage":"es-MX","@id":"https:\/\/www.avance.org\/#\/schema\/logo\/image\/","url":"https:\/\/www.avance.org\/wp-content\/uploads\/2022\/07\/logo.svg","contentUrl":"https:\/\/www.avance.org\/wp-content\/uploads\/2022\/07\/logo.svg","caption":"AVANCE"},"image":{"@id":"https:\/\/www.avance.org\/#\/schema\/logo\/image\/"},"sameAs":["https:\/\/www.facebook.com\/AVANCEinc\/","https:\/\/x.com\/AVANCEinc","https:\/\/www.instagram.com\/avance__inc\/","https:\/\/www.linkedin.com\/company\/avance-inc"]}]}},"post_mailing_queue_ids":[],"_links":{"self":[{"href":"https:\/\/www.avance.org\/es\/wp-json\/wp\/v2\/pages\/4471","targetHints":{"allow":["GET"]}}],"collection":[{"href":"https:\/\/www.avance.org\/es\/wp-json\/wp\/v2\/pages"}],"about":[{"href":"https:\/\/www.avance.org\/es\/wp-json\/wp\/v2\/types\/page"}],"author":[{"embeddable":true,"href":"https:\/\/www.avance.org\/es\/wp-json\/wp\/v2\/users\/22"}],"replies":[{"embeddable":true,"href":"https:\/\/www.avance.org\/es\/wp-json\/wp\/v2\/comments?post=4471"}],"version-history":[{"count":10,"href":"https:\/\/www.avance.org\/es\/wp-json\/wp\/v2\/pages\/4471\/revisions"}],"predecessor-version":[{"id":4785,"href":"https:\/\/www.avance.org\/es\/wp-json\/wp\/v2\/pages\/4471\/revisions\/4785"}],"wp:attachment":[{"href":"https:\/\/www.avance.org\/es\/wp-json\/wp\/v2\/media?parent=4471"}],"curies":[{"name":"wp","href":"https:\/\/api.w.org\/{rel}","templated":true}]}}