{"id":4164,"date":"2023-01-03T12:28:04","date_gmt":"2023-01-03T17:28:04","guid":{"rendered":"https:\/\/www.avance.org\/?page_id=4164"},"modified":"2026-04-10T14:47:42","modified_gmt":"2026-04-10T19:47:42","slug":"procurement","status":"publish","type":"page","link":"https:\/\/www.avance.org\/es\/contact\/procurement\/","title":{"rendered":"Adquisic\u00edon"},"content":{"rendered":"<h2>Adquisic\u00edon<\/h2>\n\t<p>AVANCE es una organizaci\u00f3n nacional sin fines de lucro con una oficina nacional con sede en San Antonio y una red de afiliados de cap\u00edtulos en todo el estado de Texas unificada bajo un solo 501(c)(3). A trav\u00e9s de la Oficina Nacional, AVANCE proporciona servicios directos a las familias en el Valle del R\u00edo Grande y a los proveedores de cuidado infantil en el hogar en todo el estado. La Oficina Nacional de AVANCE tambi\u00e9n trabaja con los titulares de licencias para ofrecer programaci\u00f3n en todo Texas y en California y colabora con socios en iniciativas estatales y nacionales.<\/p>\n<h2 class=\"translation-block\"><span class=\"fl-heading-text\"><span class=\"blackhd\">As\u00f3ciate con<\/span><span class=\"bluehd\"> AVANCE<\/span><\/span><\/h2>\n\t<p>AVANCE hace negocios con una variedad de socios, proveedores y contratistas. Aqu\u00ed encontrar\u00e1 cualquier oportunidad de adquisici\u00f3n abierta. Para enviar una respuesta a una oportunidad abierta, por favor siga las instrucciones incluidas en la Solicitud de Propuesta (RFP). Cada RFP tambi\u00e9n incluye instrucciones para enviar preguntas e investigaciones espec\u00edficas para esa oportunidad.<\/p>\n\t\t\t<h3> Dise\u00f1o de Asociaciones de Sistemas<\/h3> <p>AVANCE Inc. est\u00e1 en busca de propuestas de personas u organizaciones que puedan colaborar como aliadas en el dise\u00f1o y la documentaci\u00f3n de sistemas. En particular, se busca apoyo para organizar y documentar modelos efectivos de colaboraci\u00f3n entre Head Start y distritos escolares (ISD) enfocados en programas de inscripci\u00f3n dual.<strong>Fecha l\u00edmite: viernes 1 de mayo del 2026, a las 4:00 p. m. (hora del centro)\u00a0<\/strong><\/p>\t\t\n\t\t\t<a href=\"https:\/\/www.avance.org\/wp-content\/uploads\/2026\/04\/Systems-Partnerships-Design-RFP_2026.pdf\" target=\"_blank\" role=\"button\" rel=\"noopener\">\n\t\t\t\t\t\t\tDescargar la solicitud\n\t\t\t\t\t<\/a>","protected":false},"excerpt":{"rendered":"<p>Procurement AVANCE is a national nonprofit organization with a national office headquartered in San Antonio and a network of chapter affiliates across the state of Texas unified under a single 501(c)(3). Through the National Office, AVANCE provides direct services to families in the Rio Grande Valley and to home child care providers across the state. &#8230; <a title=\"Adquisic\u00edon\" class=\"read-more\" href=\"https:\/\/www.avance.org\/es\/contact\/procurement\/\" aria-label=\"M\u00e1s en Procurement\">Leer m\u00e1s<\/a><\/p>","protected":false},"author":22,"featured_media":0,"parent":173,"menu_order":2,"comment_status":"closed","ping_status":"closed","template":"","meta":{"inline_featured_image":false,"footnotes":""},"class_list":["post-4164","page","type-page","status-publish"],"yoast_head":"<!-- This site is optimized with the Yoast SEO Premium plugin v25.3 (Yoast SEO v25.3) - https:\/\/yoast.com\/wordpress\/plugins\/seo\/ -->\n<title>Procurement - AVANCE<\/title>\n<meta name=\"robots\" content=\"index, follow, max-snippet:-1, max-image-preview:large, max-video-preview:-1\" \/>\n<link rel=\"canonical\" href=\"https:\/\/www.avance.org\/es\/contact\/procurement\/\" \/>\n<meta property=\"og:locale\" content=\"es_MX\" \/>\n<meta property=\"og:type\" content=\"article\" \/>\n<meta property=\"og:title\" content=\"Procurement\" \/>\n<meta property=\"og:description\" content=\"Procurement AVANCE is a national nonprofit organization with a national office headquartered in San Antonio and a network of chapter affiliates across the state of Texas unified under a single 501(c)(3). Through the National Office, AVANCE provides direct services to families in the Rio Grande Valley and to home child care providers across the state. ... Leer m\u00e1s\" \/>\n<meta property=\"og:url\" content=\"https:\/\/www.avance.org\/es\/contact\/procurement\/\" \/>\n<meta property=\"og:site_name\" content=\"AVANCE\" \/>\n<meta property=\"article:publisher\" content=\"https:\/\/www.facebook.com\/AVANCEinc\/\" \/>\n<meta property=\"article:modified_time\" content=\"2026-04-10T19:47:42+00:00\" \/>\n<meta name=\"twitter:card\" content=\"summary_large_image\" \/>\n<meta name=\"twitter:site\" content=\"@AVANCEinc\" \/>\n<meta name=\"twitter:label1\" content=\"Tiempo de lectura\" \/>\n\t<meta name=\"twitter:data1\" content=\"1 minuto\" \/>\n<script type=\"application\/ld+json\" class=\"yoast-schema-graph\">{\"@context\":\"https:\/\/schema.org\",\"@graph\":[{\"@type\":\"WebPage\",\"@id\":\"https:\/\/www.avance.org\/contact\/procurement\/\",\"url\":\"https:\/\/www.avance.org\/contact\/procurement\/\",\"name\":\"Procurement - AVANCE\",\"isPartOf\":{\"@id\":\"https:\/\/www.avance.org\/#website\"},\"datePublished\":\"2023-01-03T17:28:04+00:00\",\"dateModified\":\"2026-04-10T19:47:42+00:00\",\"breadcrumb\":{\"@id\":\"https:\/\/www.avance.org\/contact\/procurement\/#breadcrumb\"},\"inLanguage\":\"es-MX\",\"potentialAction\":[{\"@type\":\"ReadAction\",\"target\":[\"https:\/\/www.avance.org\/contact\/procurement\/\"]}]},{\"@type\":\"BreadcrumbList\",\"@id\":\"https:\/\/www.avance.org\/contact\/procurement\/#breadcrumb\",\"itemListElement\":[{\"@type\":\"ListItem\",\"position\":1,\"name\":\"Home\",\"item\":\"https:\/\/www.avance.org\/\"},{\"@type\":\"ListItem\",\"position\":2,\"name\":\"Contact us\",\"item\":\"https:\/\/www.avance.org\/contact\/\"},{\"@type\":\"ListItem\",\"position\":3,\"name\":\"Procurement\"}]},{\"@type\":\"WebSite\",\"@id\":\"https:\/\/www.avance.org\/#website\",\"url\":\"https:\/\/www.avance.org\/\",\"name\":\"AVANCE\",\"description\":\"Unlocking America&#039;s Potential\",\"publisher\":{\"@id\":\"https:\/\/www.avance.org\/#organization\"},\"potentialAction\":[{\"@type\":\"SearchAction\",\"target\":{\"@type\":\"EntryPoint\",\"urlTemplate\":\"https:\/\/www.avance.org\/?s={search_term_string}\"},\"query-input\":{\"@type\":\"PropertyValueSpecification\",\"valueRequired\":true,\"valueName\":\"search_term_string\"}}],\"inLanguage\":\"es-MX\"},{\"@type\":\"Organization\",\"@id\":\"https:\/\/www.avance.org\/#organization\",\"name\":\"AVANCE\",\"url\":\"https:\/\/www.avance.org\/\",\"logo\":{\"@type\":\"ImageObject\",\"inLanguage\":\"es-MX\",\"@id\":\"https:\/\/www.avance.org\/#\/schema\/logo\/image\/\",\"url\":\"https:\/\/www.avance.org\/wp-content\/uploads\/2022\/07\/logo.svg\",\"contentUrl\":\"https:\/\/www.avance.org\/wp-content\/uploads\/2022\/07\/logo.svg\",\"caption\":\"AVANCE\"},\"image\":{\"@id\":\"https:\/\/www.avance.org\/#\/schema\/logo\/image\/\"},\"sameAs\":[\"https:\/\/www.facebook.com\/AVANCEinc\/\",\"https:\/\/x.com\/AVANCEinc\",\"https:\/\/www.instagram.com\/avance__inc\/\",\"https:\/\/www.linkedin.com\/company\/avance-inc\"]}]}<\/script>\n<!-- \/ Yoast SEO Premium plugin. -->","yoast_head_json":{"title":"Procurement - AVANCE","robots":{"index":"index","follow":"follow","max-snippet":"max-snippet:-1","max-image-preview":"max-image-preview:large","max-video-preview":"max-video-preview:-1"},"canonical":"https:\/\/www.avance.org\/es\/contact\/procurement\/","og_locale":"es_MX","og_type":"article","og_title":"Procurement","og_description":"Procurement AVANCE is a national nonprofit organization with a national office headquartered in San Antonio and a network of chapter affiliates across the state of Texas unified under a single 501(c)(3). Through the National Office, AVANCE provides direct services to families in the Rio Grande Valley and to home child care providers across the state. ... Leer m\u00e1s","og_url":"https:\/\/www.avance.org\/es\/contact\/procurement\/","og_site_name":"AVANCE","article_publisher":"https:\/\/www.facebook.com\/AVANCEinc\/","article_modified_time":"2026-04-10T19:47:42+00:00","twitter_card":"summary_large_image","twitter_site":"@AVANCEinc","twitter_misc":{"Tiempo de lectura":"1 minuto"},"schema":{"@context":"https:\/\/schema.org","@graph":[{"@type":"WebPage","@id":"https:\/\/www.avance.org\/contact\/procurement\/","url":"https:\/\/www.avance.org\/contact\/procurement\/","name":"Procurement - AVANCE","isPartOf":{"@id":"https:\/\/www.avance.org\/#website"},"datePublished":"2023-01-03T17:28:04+00:00","dateModified":"2026-04-10T19:47:42+00:00","breadcrumb":{"@id":"https:\/\/www.avance.org\/contact\/procurement\/#breadcrumb"},"inLanguage":"es-MX","potentialAction":[{"@type":"ReadAction","target":["https:\/\/www.avance.org\/contact\/procurement\/"]}]},{"@type":"BreadcrumbList","@id":"https:\/\/www.avance.org\/contact\/procurement\/#breadcrumb","itemListElement":[{"@type":"ListItem","position":1,"name":"Home","item":"https:\/\/www.avance.org\/"},{"@type":"ListItem","position":2,"name":"Contact us","item":"https:\/\/www.avance.org\/contact\/"},{"@type":"ListItem","position":3,"name":"Procurement"}]},{"@type":"WebSite","@id":"https:\/\/www.avance.org\/#website","url":"https:\/\/www.avance.org\/","name":"AVANCE","description":"Unlocking America&#039;s Potential","publisher":{"@id":"https:\/\/www.avance.org\/#organization"},"potentialAction":[{"@type":"SearchAction","target":{"@type":"EntryPoint","urlTemplate":"https:\/\/www.avance.org\/?s={search_term_string}"},"query-input":{"@type":"PropertyValueSpecification","valueRequired":true,"valueName":"search_term_string"}}],"inLanguage":"es-MX"},{"@type":"Organization","@id":"https:\/\/www.avance.org\/#organization","name":"AVANCE","url":"https:\/\/www.avance.org\/","logo":{"@type":"ImageObject","inLanguage":"es-MX","@id":"https:\/\/www.avance.org\/#\/schema\/logo\/image\/","url":"https:\/\/www.avance.org\/wp-content\/uploads\/2022\/07\/logo.svg","contentUrl":"https:\/\/www.avance.org\/wp-content\/uploads\/2022\/07\/logo.svg","caption":"AVANCE"},"image":{"@id":"https:\/\/www.avance.org\/#\/schema\/logo\/image\/"},"sameAs":["https:\/\/www.facebook.com\/AVANCEinc\/","https:\/\/x.com\/AVANCEinc","https:\/\/www.instagram.com\/avance__inc\/","https:\/\/www.linkedin.com\/company\/avance-inc"]}]}},"post_mailing_queue_ids":[],"_links":{"self":[{"href":"https:\/\/www.avance.org\/es\/wp-json\/wp\/v2\/pages\/4164","targetHints":{"allow":["GET"]}}],"collection":[{"href":"https:\/\/www.avance.org\/es\/wp-json\/wp\/v2\/pages"}],"about":[{"href":"https:\/\/www.avance.org\/es\/wp-json\/wp\/v2\/types\/page"}],"author":[{"embeddable":true,"href":"https:\/\/www.avance.org\/es\/wp-json\/wp\/v2\/users\/22"}],"replies":[{"embeddable":true,"href":"https:\/\/www.avance.org\/es\/wp-json\/wp\/v2\/comments?post=4164"}],"version-history":[{"count":10,"href":"https:\/\/www.avance.org\/es\/wp-json\/wp\/v2\/pages\/4164\/revisions"}],"predecessor-version":[{"id":7675,"href":"https:\/\/www.avance.org\/es\/wp-json\/wp\/v2\/pages\/4164\/revisions\/7675"}],"up":[{"embeddable":true,"href":"https:\/\/www.avance.org\/es\/wp-json\/wp\/v2\/pages\/173"}],"wp:attachment":[{"href":"https:\/\/www.avance.org\/es\/wp-json\/wp\/v2\/media?parent=4164"}],"curies":[{"name":"wp","href":"https:\/\/api.w.org\/{rel}","templated":true}]}}