{"id":3908,"date":"2022-12-01T18:18:13","date_gmt":"2022-12-01T23:18:13","guid":{"rendered":"https:\/\/www.avance.org\/?page_id=3908"},"modified":"2026-04-10T16:43:56","modified_gmt":"2026-04-10T21:43:56","slug":"home","status":"publish","type":"page","link":"https:\/\/www.avance.org\/es\/","title":{"rendered":"Inicio"},"content":{"rendered":"<img decoding=\"async\" loading='false' src=\"https:\/\/www.avance.org\/wp-content\/uploads\/2026\/04\/Artboard-1.png\" alt=\"\" \/>\t\t\t\n\t\t\t\t<h2>Petici\u00f3n de Propuestas<\/h2><p>AVANCE Inc. invita a personas u organizaciones a presentar propuestas para colaborar en el dise\u00f1o y la documentaci\u00f3n de sistemas.<\/p>\n<p><strong>Fecha l\u00edmite<\/strong>: viernes 1 de mayo del 2026, a las 4:00 p. m. (hora del centro)<\/p>\n<p>Visite nuestra p\u00e1gina de Adquisiciones para obtener m\u00e1s detalles.<\/p>\n\t\t\t<a href=\"https:\/\/www.avance.org\/es\/contact\/procurement\/\" target=\"_self\" role=\"button\">\n\t\t\t\t\t\t\tADQUISICIONES\n\t\t\t\t\t<\/a>\n\t\t\t<a href=\"https:\/\/www.avance.org\/es\/annual-report\/\" target=\"_self\"><img decoding=\"async\" loading='false' src=\"https:\/\/www.avance.org\/wp-content\/uploads\/2025\/12\/AR-carousel.png\" alt=\"\" \/><\/a>\t\t\t\n\t\t\t\t<h2>Our 2024-2025 Annual Report Is Here!<\/h2><p>This year&#8217;s Annual Report celebrates how far we&#8217;ve come and the incredible things we can achieve when we move forward together with the support of our community.<\/p>\n\t\t\t<a href=\"https:\/\/www.avance.org\/es\/annual-report\/\" target=\"_self\" role=\"button\">\n\t\t\t\t\t\tLeer m\u00e1s\n\t\t\t\t\t<\/a>\n<a href=\"https:\/\/www.avance.org\/es\/annual-report\/\" target=\"_self\"><img decoding=\"async\" loading='false' src=\"https:\/\/www.avance.org\/wp-content\/uploads\/2025\/09\/FY25-AVANCE-AR-thumbnail.png\" alt=\"\" \/><\/a>\t\t\t\n\t\t\t<img decoding=\"async\" loading='false' src=\"https:\/\/www.avance.org\/wp-content\/uploads\/2023\/11\/Home-grads-2.png\" alt=\"mother and child in AVANCE graduation caps and gowns\" \/>\t\t\t\n\t\t\t\t<h3>AVANCE ha estado apoyando a las familias en sus caminos educativos desde 1973<\/h3><p>\u00a1\u00danete a nosotros!<\/p>\n\t\t\t<a href=\"https:\/\/www.avance.org\/es\/contact\/donate\/\" target=\"_self\" role=\"button\">\n\t\t\t\t\t\tDonaciones\n\t\t\t\t\t<\/a>\n\t\t\t<a href=\"https:\/\/www.avance.org\/es\/programs\/pcep\/\" target=\"_self\"><img decoding=\"async\" loading='false' src=\"https:\/\/www.avance.org\/wp-content\/uploads\/2024\/06\/PCEP-14-300x300.png\" alt=\"\" \/><\/a>\t\t\t\n\t\t\t\t<h2>Programa de Educaci\u00f3n para Padres e Hijos (PCEP)<\/h2><h2>AVANCE&#8217;s core foundational program supports parents as their children&#8217;s first teachers and their homes as their first classroom.<\/h2>\n\t\t\t<a href=\"https:\/\/www.avance.org\/es\/programs\/pcep\/\" target=\"_self\" role=\"button\">\n\t\t\t\t\t\t\t\u00a1Aprende M\u00e1s!\n\t\t\t\t\t<\/a>\n<a href=\"https:\/\/www.avance.org\/es\/programs\/pcep\/\" target=\"_self\"><img decoding=\"async\" loading='false' src=\"https:\/\/www.avance.org\/wp-content\/uploads\/2024\/06\/PCEP-14-300x300.png\" alt=\"\" \/><\/a>\t\t\t\n\t\t\t<a href=\"https:\/\/www.avance.org\/es\/programs\/avancetocollege\/\" target=\"_self\"><img decoding=\"async\" loading='false' src=\"https:\/\/www.avance.org\/wp-content\/uploads\/2024\/08\/a2c-epcc-800x745-1.png\" alt=\"\" \/><\/a>\t\t\t\n\t\t\t\t<h2>AVANCE to College<\/h2><h2>The AVANCE to College program is designed to support student parents in pursuing their postsecondary goals and to impact families&#8217; immediate and long-term economic mobility.<\/h2>\n\t\t\t<a href=\"https:\/\/www.avance.org\/es\/programs\/avancetocollege\/\" target=\"_self\" role=\"button\">\n\t\t\t\t\t\t\t\u00a1Aprende M\u00e1s!\n\t\t\t\t\t<\/a>\n<a href=\"https:\/\/www.avance.org\/es\/programs\/avancetocollege\/\" target=\"_self\"><img decoding=\"async\" loading='false' src=\"https:\/\/www.avance.org\/wp-content\/uploads\/2024\/08\/a2c-epcc-800x745-1.png\" alt=\"\" \/><\/a>\t\t\t\n\t\t\t<a href=\"https:\/\/www.avance.org\/es\/programs\/qccm\/\" target=\"_self\"><img decoding=\"async\" loading='false' src=\"https:\/\/www.avance.org\/wp-content\/uploads\/2023\/11\/FCC-3-300x300.png\" alt=\"\" \/><\/a>\t\t\t\n\t\t\t\t<h2>Quality Child Care Matters<\/h2><h2>El programa Quality Child Care Matters (QCCM) de AVANCE est\u00e1 transformando el cuidado infantil en el hogar a trav\u00e9s de la educaci\u00f3n, el apoyo y los recursos en la comunidad.<\/h2>\n\t\t\t<a href=\"https:\/\/www.avance.org\/es\/programs\/qccm\/\" target=\"_self\" role=\"button\">\n\t\t\t\t\t\t\t\u00a1Aprende M\u00e1s!\n\t\t\t\t\t<\/a>\n<a href=\"https:\/\/www.avance.org\/es\/programs\/qccm\/\" target=\"_self\"><img decoding=\"async\" loading='false' src=\"https:\/\/www.avance.org\/wp-content\/uploads\/2023\/11\/FCC-3-300x300.png\" alt=\"\" \/><\/a>\t\t\t\n\t\t\t\t<a href=\"#\" aria-label=\"previous\" role=\"button\">\n<\/a>\n\t\t\t\t<a href=\"#\" aria-label=\"next\" role=\"button\">\n<\/a>\n<h2>\n\t\tNuestra Misi\u00f3n\n\t<\/h2>\n\t<p>AVANCE camina junto a ni\u00f1os y familias para alcanzar justicia social y econ\u00f3mica.<\/p>\n<p>&nbsp;<\/p>\n<h2>\n\t\tNuestra Visi\u00f3n\n\t<\/h2>\n\t<p>Imaginamos un mundo en el que todos los ni\u00f1os y familias tengan acceso equitativo a los recursos y oportunidades para alcanzar su m\u00e1ximo potencial, transformando las comunidades en las que vivimos.<\/p>\n\t<iframe loading=\"lazy\" title=\"AVANCE to College\" width=\"1200\" height=\"675\" src=\"https:\/\/www.youtube.com\/embed\/7phAJsm96r0?feature=oembed\" frameborder=\"0\" allow=\"accelerometer; autoplay; clipboard-write; encrypted-media; gyroscope; picture-in-picture; web-share\" referrerpolicy=\"strict-origin-when-cross-origin\" allowfullscreen><\/iframe>\n<h2>\n\t\tRostros e Historias\n\t<\/h2>\n<h2>\n\t\tAVANCE News\n\t<\/h2>\n\t<p>AVANCE es miembro de la red de afiliados de <strong><a href=\"https:\/\/unidosus.org\/about\/affiliates\/\" target=\"_blank\" rel=\"noreferrer noopener\">UnidosUS<\/a><\/strong> colaborando en programas y defensa para abordar las barreras sociales, econ\u00f3micas y pol\u00edticas que enfrenta la comunidad latina.\u00a0<\/p>\n\t\t\t\t<a href=\"https:\/\/unidosus.org\/about\/affiliates\/\" target=\"_blank\" rel=\"noopener\"  itemprop=\"url\">\n\t\t\t\t<img loading=\"lazy\" decoding=\"async\" src=\"https:\/\/www.avance.org\/wp-content\/uploads\/2024\/10\/UnidosUS-affiliate.png\" alt=\"UnidosUS-affiliate\" itemprop=\"image\" height=\"450\" width=\"1500\" title=\"UnidosUS-affiliate\" onerror=\"this.style.display='none'\"  \/>\n\t\t\t\t<\/a>\n<h2>\n\t\tSea un campe\u00f3n de nuestro trabajo con las familias y las comunidades.\n\t<\/h2>\n\t\t\t<a href=\"\/es\/contact\/donate\/\" target=\"_self\" role=\"button\">\n\t\t\t\t\t\tDonaciones\n\t\t\t\t\t<\/a>","protected":false},"excerpt":{"rendered":"<p>Request for Proposals AVANCE Inc. is seeking proposals from individuals and\/or organizations to serve as a systems design and documentation partner. Deadline: Friday, May 1, 2026, at 4:00 pm CT Visit our Procurement page for details. PROCUREMENT Our 2024-2025 Annual Report Is Here! This year&#8217;s Annual Report celebrates how far we&#8217;ve come and the incredible &#8230; <a title=\"Inicio\" class=\"read-more\" href=\"https:\/\/www.avance.org\/es\/\" aria-label=\"M\u00e1s en Home\">Leer m\u00e1s<\/a><\/p>","protected":false},"author":20,"featured_media":0,"parent":0,"menu_order":0,"comment_status":"closed","ping_status":"closed","template":"","meta":{"inline_featured_image":false,"footnotes":""},"class_list":["post-3908","page","type-page","status-publish"],"yoast_head":"<!-- This site is optimized with the Yoast SEO Premium plugin v25.3 (Yoast SEO v25.3) - https:\/\/yoast.com\/wordpress\/plugins\/seo\/ -->\n<title>Home - AVANCE<\/title>\n<meta name=\"robots\" content=\"index, follow, max-snippet:-1, max-image-preview:large, max-video-preview:-1\" \/>\n<link rel=\"canonical\" href=\"https:\/\/www.avance.org\/es\/\" \/>\n<meta property=\"og:locale\" content=\"es_MX\" \/>\n<meta property=\"og:type\" content=\"article\" \/>\n<meta property=\"og:title\" content=\"Home\" \/>\n<meta property=\"og:description\" content=\"Request for Proposals AVANCE Inc. is seeking proposals from individuals and\/or organizations to serve as a systems design and documentation partner. Deadline: Friday, May 1, 2026, at 4:00 pm CT Visit our Procurement page for details. PROCUREMENT Our 2024-2025 Annual Report Is Here! This year&#8217;s Annual Report celebrates how far we&#8217;ve come and the incredible ... Leer m\u00e1s\" \/>\n<meta property=\"og:url\" content=\"https:\/\/www.avance.org\/es\/\" \/>\n<meta property=\"og:site_name\" content=\"AVANCE\" \/>\n<meta property=\"article:publisher\" content=\"https:\/\/www.facebook.com\/AVANCEinc\/\" \/>\n<meta property=\"article:modified_time\" content=\"2026-04-10T21:43:56+00:00\" \/>\n<meta property=\"og:image\" content=\"https:\/\/www.avance.org\/wp-content\/uploads\/2026\/04\/Artboard-1.png\" \/>\n<meta name=\"twitter:card\" content=\"summary_large_image\" \/>\n<meta name=\"twitter:site\" content=\"@AVANCEinc\" \/>\n<meta name=\"twitter:label1\" content=\"Tiempo de lectura\" \/>\n\t<meta name=\"twitter:data1\" content=\"1 minuto\" \/>\n<script type=\"application\/ld+json\" class=\"yoast-schema-graph\">{\"@context\":\"https:\/\/schema.org\",\"@graph\":[{\"@type\":\"WebPage\",\"@id\":\"https:\/\/www.avance.org\/\",\"url\":\"https:\/\/www.avance.org\/\",\"name\":\"Home - AVANCE\",\"isPartOf\":{\"@id\":\"https:\/\/www.avance.org\/#website\"},\"primaryImageOfPage\":{\"@id\":\"https:\/\/www.avance.org\/#primaryimage\"},\"image\":{\"@id\":\"https:\/\/www.avance.org\/#primaryimage\"},\"thumbnailUrl\":\"https:\/\/www.avance.org\/wp-content\/uploads\/2026\/04\/Artboard-1.png\",\"datePublished\":\"2022-12-01T23:18:13+00:00\",\"dateModified\":\"2026-04-10T21:43:56+00:00\",\"breadcrumb\":{\"@id\":\"https:\/\/www.avance.org\/#breadcrumb\"},\"inLanguage\":\"es-MX\",\"potentialAction\":[{\"@type\":\"ReadAction\",\"target\":[\"https:\/\/www.avance.org\/\"]}]},{\"@type\":\"ImageObject\",\"inLanguage\":\"es-MX\",\"@id\":\"https:\/\/www.avance.org\/#primaryimage\",\"url\":\"https:\/\/www.avance.org\/wp-content\/uploads\/2026\/04\/Artboard-1.png\",\"contentUrl\":\"https:\/\/www.avance.org\/wp-content\/uploads\/2026\/04\/Artboard-1.png\"},{\"@type\":\"BreadcrumbList\",\"@id\":\"https:\/\/www.avance.org\/#breadcrumb\",\"itemListElement\":[{\"@type\":\"ListItem\",\"position\":1,\"name\":\"Home\",\"item\":\"https:\/\/www.avance.org\/\"},{\"@type\":\"ListItem\",\"position\":2,\"name\":\"Home\"}]},{\"@type\":\"WebSite\",\"@id\":\"https:\/\/www.avance.org\/#website\",\"url\":\"https:\/\/www.avance.org\/\",\"name\":\"AVANCE\",\"description\":\"Unlocking America&#039;s Potential\",\"publisher\":{\"@id\":\"https:\/\/www.avance.org\/#organization\"},\"potentialAction\":[{\"@type\":\"SearchAction\",\"target\":{\"@type\":\"EntryPoint\",\"urlTemplate\":\"https:\/\/www.avance.org\/?s={search_term_string}\"},\"query-input\":{\"@type\":\"PropertyValueSpecification\",\"valueRequired\":true,\"valueName\":\"search_term_string\"}}],\"inLanguage\":\"es-MX\"},{\"@type\":\"Organization\",\"@id\":\"https:\/\/www.avance.org\/#organization\",\"name\":\"AVANCE\",\"url\":\"https:\/\/www.avance.org\/\",\"logo\":{\"@type\":\"ImageObject\",\"inLanguage\":\"es-MX\",\"@id\":\"https:\/\/www.avance.org\/#\/schema\/logo\/image\/\",\"url\":\"https:\/\/www.avance.org\/wp-content\/uploads\/2022\/07\/logo.svg\",\"contentUrl\":\"https:\/\/www.avance.org\/wp-content\/uploads\/2022\/07\/logo.svg\",\"caption\":\"AVANCE\"},\"image\":{\"@id\":\"https:\/\/www.avance.org\/#\/schema\/logo\/image\/\"},\"sameAs\":[\"https:\/\/www.facebook.com\/AVANCEinc\/\",\"https:\/\/x.com\/AVANCEinc\",\"https:\/\/www.instagram.com\/avance__inc\/\",\"https:\/\/www.linkedin.com\/company\/avance-inc\"]}]}<\/script>\n<!-- \/ Yoast SEO Premium plugin. -->","yoast_head_json":{"title":"Home - AVANCE","robots":{"index":"index","follow":"follow","max-snippet":"max-snippet:-1","max-image-preview":"max-image-preview:large","max-video-preview":"max-video-preview:-1"},"canonical":"https:\/\/www.avance.org\/es\/","og_locale":"es_MX","og_type":"article","og_title":"Home","og_description":"Request for Proposals AVANCE Inc. is seeking proposals from individuals and\/or organizations to serve as a systems design and documentation partner. Deadline: Friday, May 1, 2026, at 4:00 pm CT Visit our Procurement page for details. PROCUREMENT Our 2024-2025 Annual Report Is Here! This year&#8217;s Annual Report celebrates how far we&#8217;ve come and the incredible ... Leer m\u00e1s","og_url":"https:\/\/www.avance.org\/es\/","og_site_name":"AVANCE","article_publisher":"https:\/\/www.facebook.com\/AVANCEinc\/","article_modified_time":"2026-04-10T21:43:56+00:00","og_image":[{"url":"https:\/\/www.avance.org\/wp-content\/uploads\/2026\/04\/Artboard-1.png","type":"","width":"","height":""}],"twitter_card":"summary_large_image","twitter_site":"@AVANCEinc","twitter_misc":{"Tiempo de lectura":"1 minuto"},"schema":{"@context":"https:\/\/schema.org","@graph":[{"@type":"WebPage","@id":"https:\/\/www.avance.org\/","url":"https:\/\/www.avance.org\/","name":"Home - AVANCE","isPartOf":{"@id":"https:\/\/www.avance.org\/#website"},"primaryImageOfPage":{"@id":"https:\/\/www.avance.org\/#primaryimage"},"image":{"@id":"https:\/\/www.avance.org\/#primaryimage"},"thumbnailUrl":"https:\/\/www.avance.org\/wp-content\/uploads\/2026\/04\/Artboard-1.png","datePublished":"2022-12-01T23:18:13+00:00","dateModified":"2026-04-10T21:43:56+00:00","breadcrumb":{"@id":"https:\/\/www.avance.org\/#breadcrumb"},"inLanguage":"es-MX","potentialAction":[{"@type":"ReadAction","target":["https:\/\/www.avance.org\/"]}]},{"@type":"ImageObject","inLanguage":"es-MX","@id":"https:\/\/www.avance.org\/#primaryimage","url":"https:\/\/www.avance.org\/wp-content\/uploads\/2026\/04\/Artboard-1.png","contentUrl":"https:\/\/www.avance.org\/wp-content\/uploads\/2026\/04\/Artboard-1.png"},{"@type":"BreadcrumbList","@id":"https:\/\/www.avance.org\/#breadcrumb","itemListElement":[{"@type":"ListItem","position":1,"name":"Home","item":"https:\/\/www.avance.org\/"},{"@type":"ListItem","position":2,"name":"Home"}]},{"@type":"WebSite","@id":"https:\/\/www.avance.org\/#website","url":"https:\/\/www.avance.org\/","name":"AVANCE","description":"Unlocking America&#039;s Potential","publisher":{"@id":"https:\/\/www.avance.org\/#organization"},"potentialAction":[{"@type":"SearchAction","target":{"@type":"EntryPoint","urlTemplate":"https:\/\/www.avance.org\/?s={search_term_string}"},"query-input":{"@type":"PropertyValueSpecification","valueRequired":true,"valueName":"search_term_string"}}],"inLanguage":"es-MX"},{"@type":"Organization","@id":"https:\/\/www.avance.org\/#organization","name":"AVANCE","url":"https:\/\/www.avance.org\/","logo":{"@type":"ImageObject","inLanguage":"es-MX","@id":"https:\/\/www.avance.org\/#\/schema\/logo\/image\/","url":"https:\/\/www.avance.org\/wp-content\/uploads\/2022\/07\/logo.svg","contentUrl":"https:\/\/www.avance.org\/wp-content\/uploads\/2022\/07\/logo.svg","caption":"AVANCE"},"image":{"@id":"https:\/\/www.avance.org\/#\/schema\/logo\/image\/"},"sameAs":["https:\/\/www.facebook.com\/AVANCEinc\/","https:\/\/x.com\/AVANCEinc","https:\/\/www.instagram.com\/avance__inc\/","https:\/\/www.linkedin.com\/company\/avance-inc"]}]}},"post_mailing_queue_ids":[],"_links":{"self":[{"href":"https:\/\/www.avance.org\/es\/wp-json\/wp\/v2\/pages\/3908","targetHints":{"allow":["GET"]}}],"collection":[{"href":"https:\/\/www.avance.org\/es\/wp-json\/wp\/v2\/pages"}],"about":[{"href":"https:\/\/www.avance.org\/es\/wp-json\/wp\/v2\/types\/page"}],"author":[{"embeddable":true,"href":"https:\/\/www.avance.org\/es\/wp-json\/wp\/v2\/users\/20"}],"replies":[{"embeddable":true,"href":"https:\/\/www.avance.org\/es\/wp-json\/wp\/v2\/comments?post=3908"}],"version-history":[{"count":10,"href":"https:\/\/www.avance.org\/es\/wp-json\/wp\/v2\/pages\/3908\/revisions"}],"predecessor-version":[{"id":7677,"href":"https:\/\/www.avance.org\/es\/wp-json\/wp\/v2\/pages\/3908\/revisions\/7677"}],"wp:attachment":[{"href":"https:\/\/www.avance.org\/es\/wp-json\/wp\/v2\/media?parent=3908"}],"curies":[{"name":"wp","href":"https:\/\/api.w.org\/{rel}","templated":true}]}}