{"id":3510,"date":"2022-11-28T00:13:53","date_gmt":"2022-11-28T05:13:53","guid":{"rendered":"https:\/\/www.avance.org\/?page_id=3510"},"modified":"2026-02-19T11:30:34","modified_gmt":"2026-02-19T16:30:34","slug":"avancetocollege","status":"publish","type":"page","link":"https:\/\/www.avance.org\/es\/programs\/avancetocollege\/","title":{"rendered":"AVANCE to College"},"content":{"rendered":"<img loading=\"lazy\" decoding=\"async\" src=\"https:\/\/www.avance.org\/wp-content\/uploads\/2024\/08\/AVANCE-to-College-white-1536x513.png\" alt=\"AVANCE to College-white\" itemprop=\"image\" height=\"401\" width=\"1200\" title=\"AVANCE to College-white\" onerror=\"this.style.display='none'\"  \/>\n\t<p>&#8220;In the end, the American dream is not a sprint or even a marathon, but a relay. Our families don&#8217;t always cross the finish line in the span of one generation. But each generation passes on to the next the fruits of their labor.&#8221;<\/p>\n<p>~Julian Castro<\/p>\n<h2>\n\t\tAVANCE to College\n\t<\/h2>\n<h3>\n\t\tFortaleciendo el futuro a trav\u00e9s de la educaci\u00f3n\n\t<\/h3>\n\t<p>AVANCE to College, una ampliaci\u00f3n del <a href=\"https:\/\/www.avance.org\/es\/programs\/pcep\/\"><strong>Programa de Educaci\u00f3n para Padres e Hijos (PCEP),<\/strong><\/a>\u00a0was established in 2021 to support student parents in pursuing their postsecondary goals and to impact families&#8217; immediate and long-term economic mobility. In collaboration with local community colleges, AVANCE to College supports parents and caregivers &#8211; including expecting parents, extended family, and foster families &#8211; in becoming their child&#8217;s first teachers at home while also introducing them to the possibilities and opportunities for continued education and workforce upskilling.<\/p>\n\t\t\t\t<img loading=\"lazy\" decoding=\"async\" src=\"https:\/\/www.avance.org\/wp-content\/uploads\/2024\/08\/a2c-elpaso-800x800-1.png\" alt=\"a2c-elpaso-800x800-1\" itemprop=\"image\" height=\"800\" width=\"800\" title=\"a2c-elpaso-800x800-1\" onerror=\"this.style.display='none'\"  \/>\n\t<iframe loading=\"lazy\" title=\"Welcome to AVANCE to College!\" width=\"1200\" height=\"675\" src=\"https:\/\/www.youtube.com\/embed\/ifhBQS3ZEUE?feature=oembed\" frameborder=\"0\" allow=\"accelerometer; autoplay; clipboard-write; encrypted-media; gyroscope; picture-in-picture; web-share\" referrerpolicy=\"strict-origin-when-cross-origin\" allowfullscreen><\/iframe>\n\t<p><em>&#8220;AVANCE really exceeded my expectations by 100% because I thought it was just about topics for moms and kids with child care, and it turned out to be much more. Besides that, they also help you to excel academically. So when I realized all the programs they offer, even after AVANCE to College, I said, &#8216;Wow, it really is more than I expected!'&#8221;<\/em><\/p>\n<p>-Mayra Marquez, Graduada de AVANCE to College 2024<\/p>\n\t\t\t\t<img loading=\"lazy\" decoding=\"async\" src=\"https:\/\/www.avance.org\/wp-content\/uploads\/2024\/11\/a2c-elpaso-2-7x7-1.png\" alt=\"a2c-elpaso-2-7x7\" itemprop=\"image\" height=\"700\" width=\"700\" title=\"a2c-elpaso-2-7x7\" onerror=\"this.style.display='none'\"  \/>\n<h2>\n\t\t\u00bfPor qu\u00e9 AVANCE to College?\n\t<\/h2>\n\t\t\t <p>Para el 2027, los estudiantes latinos\/a representar\u00e1n el 30 % de la poblaci\u00f3n de las escuelas p\u00fablicas K-12.<\/p>\t\t\n\t\t\t <p>Parents&#8217; educational levels are strongly associated with their child&#8217;s academic achievement.<\/p>\t\t\n\t\t\t <p>Muchos adultos latinos han comenzado pero nunca han completado un programa de grado, y muchos m\u00e1s ni siquiera han considerado la educaci\u00f3n postsecundaria.<\/p>\t\t\n\t<p>El programa AVANCE to College involucra a toda la familia en el proceso educativo, aprovechando sus fortalezas, fortaleciendo los lazos familiares y brindando a padres y cuidadores la confianza, el conocimiento y las herramientas necesarias para construir un mejor futuro para ellos mismos y sus hijos.<\/p>\n<h2>\n\t\tComo funciona\n\t<\/h2>\n\t<p><strong>Gracias a alianzas con colegios comunitarios, AVANCE to College se ofrece como un curso sin cr\u00e9ditos acad\u00e9micos. Al inscribirse, los padres pasan a ser estudiantes registrados y obtienen acceso a recursos del campus como asesor\u00eda acad\u00e9mica, talleres de preparaci\u00f3n universitaria y orientaci\u00f3n sobre ayuda financiera. Durante el programa, los padres asisten a sesiones semanales en el campus y reciben apoyo personalizado que incluye:<\/strong><\/p>\n\t<p>Culturally responsive parenting education based on AVANCE&#8217;s evidence-based Parent-Child Education Program (PCEP) and designed to help parents grow their skills and self-confidence in parenting.<\/p>\n\t<p>Desarrollo de liderazgo, enfocado en comunicaci\u00f3n, organizaci\u00f3n, manejo del tiempo y defensa propia y de sus hijos.<\/p>\n\t<p>College &#038; Career Readiness lessons that introduce parents to postsecondary pathways, financial aid, career exploration, and workforce programs, along with individualized transition planning to support enrollment and completion. <\/p>\n<h2>\n\t\tImpacto del Programa\n\t<\/h2>\n\t<h4>De 2021 a 2025, AVANCE to College atendi\u00f3 a <strong>132 participantes<\/strong>, de los cuales el <strong>99% son hispanos\/latinos<\/strong>.<\/h4>\n\t<h4>80%<\/h4>\n\t<p>de los graduados <strong>se inscribieron en cursos de educaci\u00f3n y\/o en un programa de mano de obra<\/strong> poco despu\u00e9s de la graduaci\u00f3n<\/p>\n\t<h4>75%<\/h4>\n\t<p>demostr\u00f3 un aumento en <strong>el empoderamiento de los padres<\/strong><\/p>\n\t<h4>63%<\/h4>\n\t<p>inform\u00f3 de un aumento en <strong>la conexi\u00f3n social<\/strong><\/p>\n\t<h4>88%<\/h4>\n\t<p>demostr\u00f3 un aumento en <strong>las interacciones positivas entre padres e hijos<\/strong><\/p>\n\t\t\t\t<img loading=\"lazy\" decoding=\"async\" src=\"https:\/\/www.avance.org\/wp-content\/uploads\/2024\/08\/a2c-austin-1000x1000-1.png\" alt=\"a2c-austin-1000x1000-1\" itemprop=\"image\" height=\"1000\" width=\"1000\" title=\"a2c-austin-1000x1000-1\" onerror=\"this.style.display='none'\"  \/>\n\t\t\t\t<img loading=\"lazy\" decoding=\"async\" src=\"https:\/\/www.avance.org\/wp-content\/uploads\/2024\/08\/a2c-epcc-800x745-1.png\" alt=\"a2c-epcc-800x745\" itemprop=\"image\" height=\"745\" width=\"800\" title=\"a2c-epcc-800x745\" onerror=\"this.style.display='none'\"  \/>\n<h2>\n\t\t\u00bfListo para llevar a AVANCE to College a su comunidad?\n\t<\/h2>\n\t<p>La implementaci\u00f3n del programa AVANCE to College permite a los socios recibir capacitaci\u00f3n integral, apoyo de reclutamiento, entrenamiento continuo, asistencia t\u00e9cnica y apoyo de evaluaci\u00f3n. P\u00f3ngase en contacto con nosotros hoy mismo para saber c\u00f3mo puede aprovechar nuestros recursos y apoyo para crear un impacto duradero para las familias locales en las futuras generaciones.<\/p>\n\t<p><a href=\"https:\/\/www.avance.org\/es\/programs\/avancetocollege-partners\/\">CONT\u00c1CTENOS<\/a><\/p>\n<h2>\n\t\t\u00bfInteresado en unirse a el programa AVANCE to College?\n\t<\/h2>\n\t<p><a href=\"https:\/\/www.avance.org\/es\/programs\/avancetocollege-families\/\">\u00a1APRENDA M\u00c1S!<\/a><\/p>","protected":false},"excerpt":{"rendered":"<p>&#8220;In the end, the American dream is not a sprint or even a marathon, but a relay. Our families don&#8217;t always cross the finish line in the span of one generation. But each generation passes on to the next the fruits of their labor.&#8221; ~Julian Castro AVANCE to College Strengthening Futures Through Education AVANCE to &#8230; <a title=\"AVANCE to College\" class=\"read-more\" href=\"https:\/\/www.avance.org\/es\/programs\/avancetocollege\/\" aria-label=\"M\u00e1s en AVANCE to College\">Leer m\u00e1s<\/a><\/p>","protected":false},"author":22,"featured_media":0,"parent":165,"menu_order":4,"comment_status":"closed","ping_status":"closed","template":"","meta":{"inline_featured_image":false,"footnotes":""},"class_list":["post-3510","page","type-page","status-publish"],"yoast_head":"<!-- This site is optimized with the Yoast SEO Premium plugin v25.3 (Yoast SEO v25.3) - https:\/\/yoast.com\/wordpress\/plugins\/seo\/ -->\n<title>AVANCE to College - AVANCE<\/title>\n<meta name=\"robots\" content=\"index, follow, max-snippet:-1, max-image-preview:large, max-video-preview:-1\" \/>\n<link rel=\"canonical\" href=\"https:\/\/www.avance.org\/es\/programs\/avancetocollege\/\" \/>\n<meta property=\"og:locale\" content=\"es_MX\" \/>\n<meta property=\"og:type\" content=\"article\" \/>\n<meta property=\"og:title\" content=\"AVANCE to College\" \/>\n<meta property=\"og:description\" content=\"The AVANCE to College program combines PCEP with exposure to the possibilities and opportunities offered by postsecondary education and workforce development.\" \/>\n<meta property=\"og:url\" content=\"https:\/\/www.avance.org\/es\/programs\/avancetocollege\/\" \/>\n<meta property=\"og:site_name\" content=\"AVANCE\" \/>\n<meta property=\"article:publisher\" content=\"https:\/\/www.facebook.com\/AVANCEinc\/\" \/>\n<meta property=\"article:modified_time\" content=\"2026-02-19T16:30:34+00:00\" \/>\n<meta property=\"og:image\" content=\"https:\/\/www.avance.org\/wp-content\/uploads\/2023\/03\/small-parent-2.png\" \/>\n\t<meta property=\"og:image:width\" content=\"500\" \/>\n\t<meta property=\"og:image:height\" content=\"500\" \/>\n\t<meta property=\"og:image:type\" content=\"image\/png\" \/>\n<meta name=\"twitter:card\" content=\"summary_large_image\" \/>\n<meta name=\"twitter:title\" content=\"AVANCE to College\" \/>\n<meta name=\"twitter:description\" content=\"The AVANCE to College program combines PCEP with exposure to the possibilities and opportunities offered by postsecondary education and workforce development.\" \/>\n<meta name=\"twitter:image\" content=\"https:\/\/www.avance.org\/wp-content\/uploads\/2023\/03\/small-parent-2.png\" \/>\n<meta name=\"twitter:site\" content=\"@AVANCEinc\" \/>\n<meta name=\"twitter:label1\" content=\"Tiempo de lectura\" \/>\n\t<meta name=\"twitter:data1\" content=\"3 minutos\" \/>\n<script type=\"application\/ld+json\" class=\"yoast-schema-graph\">{\"@context\":\"https:\/\/schema.org\",\"@graph\":[{\"@type\":\"WebPage\",\"@id\":\"https:\/\/www.avance.org\/programs\/avancetocollege\/\",\"url\":\"https:\/\/www.avance.org\/programs\/avancetocollege\/\",\"name\":\"AVANCE to College - AVANCE\",\"isPartOf\":{\"@id\":\"https:\/\/www.avance.org\/#website\"},\"primaryImageOfPage\":{\"@id\":\"https:\/\/www.avance.org\/programs\/avancetocollege\/#primaryimage\"},\"image\":{\"@id\":\"https:\/\/www.avance.org\/programs\/avancetocollege\/#primaryimage\"},\"thumbnailUrl\":\"https:\/\/www.avance.org\/wp-content\/uploads\/2024\/08\/AVANCE-to-College-white-1536x513.png\",\"datePublished\":\"2022-11-28T05:13:53+00:00\",\"dateModified\":\"2026-02-19T16:30:34+00:00\",\"breadcrumb\":{\"@id\":\"https:\/\/www.avance.org\/programs\/avancetocollege\/#breadcrumb\"},\"inLanguage\":\"es-MX\",\"potentialAction\":[{\"@type\":\"ReadAction\",\"target\":[\"https:\/\/www.avance.org\/programs\/avancetocollege\/\"]}]},{\"@type\":\"ImageObject\",\"inLanguage\":\"es-MX\",\"@id\":\"https:\/\/www.avance.org\/programs\/avancetocollege\/#primaryimage\",\"url\":\"https:\/\/www.avance.org\/wp-content\/uploads\/2024\/08\/AVANCE-to-College-white-1536x513.png\",\"contentUrl\":\"https:\/\/www.avance.org\/wp-content\/uploads\/2024\/08\/AVANCE-to-College-white-1536x513.png\"},{\"@type\":\"BreadcrumbList\",\"@id\":\"https:\/\/www.avance.org\/programs\/avancetocollege\/#breadcrumb\",\"itemListElement\":[{\"@type\":\"ListItem\",\"position\":1,\"name\":\"Home\",\"item\":\"https:\/\/www.avance.org\/\"},{\"@type\":\"ListItem\",\"position\":2,\"name\":\"Programs\",\"item\":\"https:\/\/www.avance.org\/programs\/\"},{\"@type\":\"ListItem\",\"position\":3,\"name\":\"AVANCE to College\"}]},{\"@type\":\"WebSite\",\"@id\":\"https:\/\/www.avance.org\/#website\",\"url\":\"https:\/\/www.avance.org\/\",\"name\":\"AVANCE\",\"description\":\"Unlocking America&#039;s Potential\",\"publisher\":{\"@id\":\"https:\/\/www.avance.org\/#organization\"},\"potentialAction\":[{\"@type\":\"SearchAction\",\"target\":{\"@type\":\"EntryPoint\",\"urlTemplate\":\"https:\/\/www.avance.org\/?s={search_term_string}\"},\"query-input\":{\"@type\":\"PropertyValueSpecification\",\"valueRequired\":true,\"valueName\":\"search_term_string\"}}],\"inLanguage\":\"es-MX\"},{\"@type\":\"Organization\",\"@id\":\"https:\/\/www.avance.org\/#organization\",\"name\":\"AVANCE\",\"url\":\"https:\/\/www.avance.org\/\",\"logo\":{\"@type\":\"ImageObject\",\"inLanguage\":\"es-MX\",\"@id\":\"https:\/\/www.avance.org\/#\/schema\/logo\/image\/\",\"url\":\"https:\/\/www.avance.org\/wp-content\/uploads\/2022\/07\/logo.svg\",\"contentUrl\":\"https:\/\/www.avance.org\/wp-content\/uploads\/2022\/07\/logo.svg\",\"caption\":\"AVANCE\"},\"image\":{\"@id\":\"https:\/\/www.avance.org\/#\/schema\/logo\/image\/\"},\"sameAs\":[\"https:\/\/www.facebook.com\/AVANCEinc\/\",\"https:\/\/x.com\/AVANCEinc\",\"https:\/\/www.instagram.com\/avance__inc\/\",\"https:\/\/www.linkedin.com\/company\/avance-inc\"]}]}<\/script>\n<!-- \/ Yoast SEO Premium plugin. -->","yoast_head_json":{"title":"AVANCE to College - AVANCE","robots":{"index":"index","follow":"follow","max-snippet":"max-snippet:-1","max-image-preview":"max-image-preview:large","max-video-preview":"max-video-preview:-1"},"canonical":"https:\/\/www.avance.org\/es\/programs\/avancetocollege\/","og_locale":"es_MX","og_type":"article","og_title":"AVANCE to College","og_description":"The AVANCE to College program combines PCEP with exposure to the possibilities and opportunities offered by postsecondary education and workforce development.","og_url":"https:\/\/www.avance.org\/es\/programs\/avancetocollege\/","og_site_name":"AVANCE","article_publisher":"https:\/\/www.facebook.com\/AVANCEinc\/","article_modified_time":"2026-02-19T16:30:34+00:00","og_image":[{"width":500,"height":500,"url":"https:\/\/www.avance.org\/wp-content\/uploads\/2023\/03\/small-parent-2.png","type":"image\/png"}],"twitter_card":"summary_large_image","twitter_title":"AVANCE to College","twitter_description":"The AVANCE to College program combines PCEP with exposure to the possibilities and opportunities offered by postsecondary education and workforce development.","twitter_image":"https:\/\/www.avance.org\/wp-content\/uploads\/2023\/03\/small-parent-2.png","twitter_site":"@AVANCEinc","twitter_misc":{"Tiempo de lectura":"3 minutos"},"schema":{"@context":"https:\/\/schema.org","@graph":[{"@type":"WebPage","@id":"https:\/\/www.avance.org\/programs\/avancetocollege\/","url":"https:\/\/www.avance.org\/programs\/avancetocollege\/","name":"AVANCE to College - AVANCE","isPartOf":{"@id":"https:\/\/www.avance.org\/#website"},"primaryImageOfPage":{"@id":"https:\/\/www.avance.org\/programs\/avancetocollege\/#primaryimage"},"image":{"@id":"https:\/\/www.avance.org\/programs\/avancetocollege\/#primaryimage"},"thumbnailUrl":"https:\/\/www.avance.org\/wp-content\/uploads\/2024\/08\/AVANCE-to-College-white-1536x513.png","datePublished":"2022-11-28T05:13:53+00:00","dateModified":"2026-02-19T16:30:34+00:00","breadcrumb":{"@id":"https:\/\/www.avance.org\/programs\/avancetocollege\/#breadcrumb"},"inLanguage":"es-MX","potentialAction":[{"@type":"ReadAction","target":["https:\/\/www.avance.org\/programs\/avancetocollege\/"]}]},{"@type":"ImageObject","inLanguage":"es-MX","@id":"https:\/\/www.avance.org\/programs\/avancetocollege\/#primaryimage","url":"https:\/\/www.avance.org\/wp-content\/uploads\/2024\/08\/AVANCE-to-College-white-1536x513.png","contentUrl":"https:\/\/www.avance.org\/wp-content\/uploads\/2024\/08\/AVANCE-to-College-white-1536x513.png"},{"@type":"BreadcrumbList","@id":"https:\/\/www.avance.org\/programs\/avancetocollege\/#breadcrumb","itemListElement":[{"@type":"ListItem","position":1,"name":"Home","item":"https:\/\/www.avance.org\/"},{"@type":"ListItem","position":2,"name":"Programs","item":"https:\/\/www.avance.org\/programs\/"},{"@type":"ListItem","position":3,"name":"AVANCE to College"}]},{"@type":"WebSite","@id":"https:\/\/www.avance.org\/#website","url":"https:\/\/www.avance.org\/","name":"AVANCE","description":"Unlocking America&#039;s Potential","publisher":{"@id":"https:\/\/www.avance.org\/#organization"},"potentialAction":[{"@type":"SearchAction","target":{"@type":"EntryPoint","urlTemplate":"https:\/\/www.avance.org\/?s={search_term_string}"},"query-input":{"@type":"PropertyValueSpecification","valueRequired":true,"valueName":"search_term_string"}}],"inLanguage":"es-MX"},{"@type":"Organization","@id":"https:\/\/www.avance.org\/#organization","name":"AVANCE","url":"https:\/\/www.avance.org\/","logo":{"@type":"ImageObject","inLanguage":"es-MX","@id":"https:\/\/www.avance.org\/#\/schema\/logo\/image\/","url":"https:\/\/www.avance.org\/wp-content\/uploads\/2022\/07\/logo.svg","contentUrl":"https:\/\/www.avance.org\/wp-content\/uploads\/2022\/07\/logo.svg","caption":"AVANCE"},"image":{"@id":"https:\/\/www.avance.org\/#\/schema\/logo\/image\/"},"sameAs":["https:\/\/www.facebook.com\/AVANCEinc\/","https:\/\/x.com\/AVANCEinc","https:\/\/www.instagram.com\/avance__inc\/","https:\/\/www.linkedin.com\/company\/avance-inc"]}]}},"post_mailing_queue_ids":[],"_links":{"self":[{"href":"https:\/\/www.avance.org\/es\/wp-json\/wp\/v2\/pages\/3510","targetHints":{"allow":["GET"]}}],"collection":[{"href":"https:\/\/www.avance.org\/es\/wp-json\/wp\/v2\/pages"}],"about":[{"href":"https:\/\/www.avance.org\/es\/wp-json\/wp\/v2\/types\/page"}],"author":[{"embeddable":true,"href":"https:\/\/www.avance.org\/es\/wp-json\/wp\/v2\/users\/22"}],"replies":[{"embeddable":true,"href":"https:\/\/www.avance.org\/es\/wp-json\/wp\/v2\/comments?post=3510"}],"version-history":[{"count":10,"href":"https:\/\/www.avance.org\/es\/wp-json\/wp\/v2\/pages\/3510\/revisions"}],"predecessor-version":[{"id":7477,"href":"https:\/\/www.avance.org\/es\/wp-json\/wp\/v2\/pages\/3510\/revisions\/7477"}],"up":[{"embeddable":true,"href":"https:\/\/www.avance.org\/es\/wp-json\/wp\/v2\/pages\/165"}],"wp:attachment":[{"href":"https:\/\/www.avance.org\/es\/wp-json\/wp\/v2\/media?parent=3510"}],"curies":[{"name":"wp","href":"https:\/\/api.w.org\/{rel}","templated":true}]}}