{"id":329,"date":"2022-03-09T22:49:40","date_gmt":"2022-03-09T22:49:40","guid":{"rendered":"https:\/\/ct-host.net\/avance998\/?page_id=329"},"modified":"2025-11-05T09:46:44","modified_gmt":"2025-11-05T14:46:44","slug":"donate","status":"publish","type":"page","link":"https:\/\/www.avance.org\/es\/contact\/donate\/","title":{"rendered":"Donar"},"content":{"rendered":"<h2>Donar<\/h2>\n\t<p>Las inversiones realizadas en programas para la primera infancia pueden tener grandes ganancias seg\u00fan <a href=\"https:\/\/www.impact.upenn.edu\/early-childhood-toolkit\/why-invest\/what-is-the-return-on-investment\/\">Penn Social Policy and Practice de la Universidad de Pensilvania<\/a>. Citan un estudio realizado por el\u00a0<a href=\"https:\/\/developingchild.harvard.edu\/activities\/forum\/\">Foro Nacional sobre Pol\u00edticas y Programas de la Primera Infancia<\/a> that found high-quality early childhood programs can yield a $4 &#8211; $9 return per $1 invested and a 2009 study of a high-quality preschool program that estimated a return to society of between about $7 and $12 for each $1 invested.<\/p>\n<h2>\n\t\t\u00a1USTED tambi\u00e9n puede ser parte de la historia de AVANCE!\n\t<\/h2>\n\t<p>Estamos profundamente agradecidos por el apoyo de nuestra comunidad AVANCE, incluyendo a cada donante y financiador, cuyo apoyo generoso hace posible nuestro trabajo. Cada d\u00f3lar nos acerca a hacer realidad nuestra visi\u00f3n y es una inversi\u00f3n en nuestro trabajo y en las familias a las que servimos.\u00a0<\/p>\n\t\t\t<a href=\"https:\/\/form-renderer-app.donorperfect.io\/give\/avance-inc--national\/avance-general-2022\" target=\"_blank\" role=\"button\" rel=\"noopener\">\n\t\t\t\t\t\t\u00a1Dona ahora!\n\t\t\t\t\t<\/a>\n\t<p>Para hacer una donaci\u00f3n a uno de nuestros <strong>cap\u00edtulos locales<\/strong>, utilice los enlaces a continuaci\u00f3n.<\/p>\n\t<p>Para realizar una donaci\u00f3n con cheque, usted puede hacerlo nombre de <strong>AVANCE Inc.<\/strong> y enviarlo por correo a:<\/p>\n<p>&nbsp;<\/p>\n<strong>AVANCE Inc.<\/strong><br \/>\n<strong>824 Broadway St, Ste 204<\/strong><br \/>\n<strong>San Antonio, TX 78215<\/strong>\n\t\t\t\t<img loading=\"lazy\" decoding=\"async\" src=\"https:\/\/www.avance.org\/wp-content\/uploads\/2022\/08\/Leadership-Team.webp\" alt=\"Leadership Team\" itemprop=\"image\" height=\"1366\" width=\"2048\" title=\"El Equipo de Liderazgo\" onerror=\"this.style.display='none'\"  \/>","protected":false},"excerpt":{"rendered":"<p>Donate Investments in early childhood programs can have large returns, according to Penn Social Policy and Practice at the University of Pennsylvania. They cite a study by the\u00a0National Forum on Early Childhood Policy and Programs that found high-quality early childhood programs can yield a $4 &#8211; $9 return per $1 invested and a 2009 study &#8230; <a title=\"Donar\" class=\"read-more\" href=\"https:\/\/www.avance.org\/es\/contact\/donate\/\" aria-label=\"M\u00e1s en Donate\">Leer m\u00e1s<\/a><\/p>","protected":false},"author":1,"featured_media":0,"parent":173,"menu_order":6,"comment_status":"closed","ping_status":"closed","template":"","meta":{"inline_featured_image":false,"footnotes":""},"class_list":["post-329","page","type-page","status-publish"],"yoast_head":"<!-- This site is optimized with the Yoast SEO Premium plugin v25.3 (Yoast SEO v25.3) - https:\/\/yoast.com\/wordpress\/plugins\/seo\/ -->\n<title>Donate - AVANCE<\/title>\n<meta name=\"robots\" content=\"index, follow, max-snippet:-1, max-image-preview:large, max-video-preview:-1\" \/>\n<link rel=\"canonical\" href=\"https:\/\/www.avance.org\/es\/contact\/donate\/\" \/>\n<meta property=\"og:locale\" content=\"es_MX\" \/>\n<meta property=\"og:type\" content=\"article\" \/>\n<meta property=\"og:title\" content=\"Donate\" \/>\n<meta property=\"og:description\" content=\"Donate Investments in early childhood programs can have large returns, according to Penn Social Policy and Practice at the University of Pennsylvania. They cite a study by the\u00a0National Forum on Early Childhood Policy and Programs that found high-quality early childhood programs can yield a $4 &#8211; $9 return per $1 invested and a 2009 study ... Leer m\u00e1s\" \/>\n<meta property=\"og:url\" content=\"https:\/\/www.avance.org\/es\/contact\/donate\/\" \/>\n<meta property=\"og:site_name\" content=\"AVANCE\" \/>\n<meta property=\"article:publisher\" content=\"https:\/\/www.facebook.com\/AVANCEinc\/\" \/>\n<meta property=\"article:modified_time\" content=\"2025-11-05T14:46:44+00:00\" \/>\n<meta property=\"og:image\" content=\"https:\/\/www.avance.org\/wp-content\/uploads\/2022\/08\/Leadership-Team.webp\" \/>\n<meta name=\"twitter:card\" content=\"summary_large_image\" \/>\n<meta name=\"twitter:site\" content=\"@AVANCEinc\" \/>\n<meta name=\"twitter:label1\" content=\"Tiempo de lectura\" \/>\n\t<meta name=\"twitter:data1\" content=\"1 minuto\" \/>\n<script type=\"application\/ld+json\" class=\"yoast-schema-graph\">{\"@context\":\"https:\/\/schema.org\",\"@graph\":[{\"@type\":\"WebPage\",\"@id\":\"https:\/\/www.avance.org\/contact\/donate\/\",\"url\":\"https:\/\/www.avance.org\/contact\/donate\/\",\"name\":\"Donate - AVANCE\",\"isPartOf\":{\"@id\":\"https:\/\/www.avance.org\/#website\"},\"primaryImageOfPage\":{\"@id\":\"https:\/\/www.avance.org\/contact\/donate\/#primaryimage\"},\"image\":{\"@id\":\"https:\/\/www.avance.org\/contact\/donate\/#primaryimage\"},\"thumbnailUrl\":\"https:\/\/www.avance.org\/wp-content\/uploads\/2022\/08\/Leadership-Team.webp\",\"datePublished\":\"2022-03-09T22:49:40+00:00\",\"dateModified\":\"2025-11-05T14:46:44+00:00\",\"breadcrumb\":{\"@id\":\"https:\/\/www.avance.org\/contact\/donate\/#breadcrumb\"},\"inLanguage\":\"es-MX\",\"potentialAction\":[{\"@type\":\"ReadAction\",\"target\":[\"https:\/\/www.avance.org\/contact\/donate\/\"]}]},{\"@type\":\"ImageObject\",\"inLanguage\":\"es-MX\",\"@id\":\"https:\/\/www.avance.org\/contact\/donate\/#primaryimage\",\"url\":\"https:\/\/www.avance.org\/wp-content\/uploads\/2022\/08\/Leadership-Team.webp\",\"contentUrl\":\"https:\/\/www.avance.org\/wp-content\/uploads\/2022\/08\/Leadership-Team.webp\"},{\"@type\":\"BreadcrumbList\",\"@id\":\"https:\/\/www.avance.org\/contact\/donate\/#breadcrumb\",\"itemListElement\":[{\"@type\":\"ListItem\",\"position\":1,\"name\":\"Home\",\"item\":\"https:\/\/www.avance.org\/\"},{\"@type\":\"ListItem\",\"position\":2,\"name\":\"Contact us\",\"item\":\"https:\/\/www.avance.org\/contact\/\"},{\"@type\":\"ListItem\",\"position\":3,\"name\":\"Donate\"}]},{\"@type\":\"WebSite\",\"@id\":\"https:\/\/www.avance.org\/#website\",\"url\":\"https:\/\/www.avance.org\/\",\"name\":\"AVANCE\",\"description\":\"Unlocking America&#039;s Potential\",\"publisher\":{\"@id\":\"https:\/\/www.avance.org\/#organization\"},\"potentialAction\":[{\"@type\":\"SearchAction\",\"target\":{\"@type\":\"EntryPoint\",\"urlTemplate\":\"https:\/\/www.avance.org\/?s={search_term_string}\"},\"query-input\":{\"@type\":\"PropertyValueSpecification\",\"valueRequired\":true,\"valueName\":\"search_term_string\"}}],\"inLanguage\":\"es-MX\"},{\"@type\":\"Organization\",\"@id\":\"https:\/\/www.avance.org\/#organization\",\"name\":\"AVANCE\",\"url\":\"https:\/\/www.avance.org\/\",\"logo\":{\"@type\":\"ImageObject\",\"inLanguage\":\"es-MX\",\"@id\":\"https:\/\/www.avance.org\/#\/schema\/logo\/image\/\",\"url\":\"https:\/\/www.avance.org\/wp-content\/uploads\/2022\/07\/logo.svg\",\"contentUrl\":\"https:\/\/www.avance.org\/wp-content\/uploads\/2022\/07\/logo.svg\",\"caption\":\"AVANCE\"},\"image\":{\"@id\":\"https:\/\/www.avance.org\/#\/schema\/logo\/image\/\"},\"sameAs\":[\"https:\/\/www.facebook.com\/AVANCEinc\/\",\"https:\/\/x.com\/AVANCEinc\",\"https:\/\/www.instagram.com\/avance__inc\/\",\"https:\/\/www.linkedin.com\/company\/avance-inc\"]}]}<\/script>\n<!-- \/ Yoast SEO Premium plugin. -->","yoast_head_json":{"title":"Donate - AVANCE","robots":{"index":"index","follow":"follow","max-snippet":"max-snippet:-1","max-image-preview":"max-image-preview:large","max-video-preview":"max-video-preview:-1"},"canonical":"https:\/\/www.avance.org\/es\/contact\/donate\/","og_locale":"es_MX","og_type":"article","og_title":"Donate","og_description":"Donate Investments in early childhood programs can have large returns, according to Penn Social Policy and Practice at the University of Pennsylvania. They cite a study by the\u00a0National Forum on Early Childhood Policy and Programs that found high-quality early childhood programs can yield a $4 &#8211; $9 return per $1 invested and a 2009 study ... Leer m\u00e1s","og_url":"https:\/\/www.avance.org\/es\/contact\/donate\/","og_site_name":"AVANCE","article_publisher":"https:\/\/www.facebook.com\/AVANCEinc\/","article_modified_time":"2025-11-05T14:46:44+00:00","og_image":[{"url":"https:\/\/www.avance.org\/wp-content\/uploads\/2022\/08\/Leadership-Team.webp","type":"","width":"","height":""}],"twitter_card":"summary_large_image","twitter_site":"@AVANCEinc","twitter_misc":{"Tiempo de lectura":"1 minuto"},"schema":{"@context":"https:\/\/schema.org","@graph":[{"@type":"WebPage","@id":"https:\/\/www.avance.org\/contact\/donate\/","url":"https:\/\/www.avance.org\/contact\/donate\/","name":"Donate - AVANCE","isPartOf":{"@id":"https:\/\/www.avance.org\/#website"},"primaryImageOfPage":{"@id":"https:\/\/www.avance.org\/contact\/donate\/#primaryimage"},"image":{"@id":"https:\/\/www.avance.org\/contact\/donate\/#primaryimage"},"thumbnailUrl":"https:\/\/www.avance.org\/wp-content\/uploads\/2022\/08\/Leadership-Team.webp","datePublished":"2022-03-09T22:49:40+00:00","dateModified":"2025-11-05T14:46:44+00:00","breadcrumb":{"@id":"https:\/\/www.avance.org\/contact\/donate\/#breadcrumb"},"inLanguage":"es-MX","potentialAction":[{"@type":"ReadAction","target":["https:\/\/www.avance.org\/contact\/donate\/"]}]},{"@type":"ImageObject","inLanguage":"es-MX","@id":"https:\/\/www.avance.org\/contact\/donate\/#primaryimage","url":"https:\/\/www.avance.org\/wp-content\/uploads\/2022\/08\/Leadership-Team.webp","contentUrl":"https:\/\/www.avance.org\/wp-content\/uploads\/2022\/08\/Leadership-Team.webp"},{"@type":"BreadcrumbList","@id":"https:\/\/www.avance.org\/contact\/donate\/#breadcrumb","itemListElement":[{"@type":"ListItem","position":1,"name":"Home","item":"https:\/\/www.avance.org\/"},{"@type":"ListItem","position":2,"name":"Contact us","item":"https:\/\/www.avance.org\/contact\/"},{"@type":"ListItem","position":3,"name":"Donate"}]},{"@type":"WebSite","@id":"https:\/\/www.avance.org\/#website","url":"https:\/\/www.avance.org\/","name":"AVANCE","description":"Unlocking America&#039;s Potential","publisher":{"@id":"https:\/\/www.avance.org\/#organization"},"potentialAction":[{"@type":"SearchAction","target":{"@type":"EntryPoint","urlTemplate":"https:\/\/www.avance.org\/?s={search_term_string}"},"query-input":{"@type":"PropertyValueSpecification","valueRequired":true,"valueName":"search_term_string"}}],"inLanguage":"es-MX"},{"@type":"Organization","@id":"https:\/\/www.avance.org\/#organization","name":"AVANCE","url":"https:\/\/www.avance.org\/","logo":{"@type":"ImageObject","inLanguage":"es-MX","@id":"https:\/\/www.avance.org\/#\/schema\/logo\/image\/","url":"https:\/\/www.avance.org\/wp-content\/uploads\/2022\/07\/logo.svg","contentUrl":"https:\/\/www.avance.org\/wp-content\/uploads\/2022\/07\/logo.svg","caption":"AVANCE"},"image":{"@id":"https:\/\/www.avance.org\/#\/schema\/logo\/image\/"},"sameAs":["https:\/\/www.facebook.com\/AVANCEinc\/","https:\/\/x.com\/AVANCEinc","https:\/\/www.instagram.com\/avance__inc\/","https:\/\/www.linkedin.com\/company\/avance-inc"]}]}},"post_mailing_queue_ids":[],"_links":{"self":[{"href":"https:\/\/www.avance.org\/es\/wp-json\/wp\/v2\/pages\/329","targetHints":{"allow":["GET"]}}],"collection":[{"href":"https:\/\/www.avance.org\/es\/wp-json\/wp\/v2\/pages"}],"about":[{"href":"https:\/\/www.avance.org\/es\/wp-json\/wp\/v2\/types\/page"}],"author":[{"embeddable":true,"href":"https:\/\/www.avance.org\/es\/wp-json\/wp\/v2\/users\/1"}],"replies":[{"embeddable":true,"href":"https:\/\/www.avance.org\/es\/wp-json\/wp\/v2\/comments?post=329"}],"version-history":[{"count":10,"href":"https:\/\/www.avance.org\/es\/wp-json\/wp\/v2\/pages\/329\/revisions"}],"predecessor-version":[{"id":7342,"href":"https:\/\/www.avance.org\/es\/wp-json\/wp\/v2\/pages\/329\/revisions\/7342"}],"up":[{"embeddable":true,"href":"https:\/\/www.avance.org\/es\/wp-json\/wp\/v2\/pages\/173"}],"wp:attachment":[{"href":"https:\/\/www.avance.org\/es\/wp-json\/wp\/v2\/media?parent=329"}],"curies":[{"name":"wp","href":"https:\/\/api.w.org\/{rel}","templated":true}]}}