{"id":2744,"date":"2022-09-01T13:05:06","date_gmt":"2022-09-01T18:05:06","guid":{"rendered":"\/avance998\/?page_id=2744"},"modified":"2022-12-09T13:35:33","modified_gmt":"2022-12-09T18:35:33","slug":"hidalgo-county","status":"publish","type":"page","link":"https:\/\/www.avance.org\/es\/locations\/rgv\/hidalgo-county\/","title":{"rendered":"Condado de Hidalgo"},"content":{"rendered":"<h2>\n\t\tCondado de Hidalgo\n\t<\/h2>\n\t<p>Hidalgo County lies along the Texas-Mexico border in the Rio Grande Valley. In addition to offering the Parent-Child Education Program, AVANCE operates a home-based and Early Head Start program and a center-based Early Head Start &#8211; Child Care Partnership program.<\/p>\n<h2>\n\t\tMeeting People  Where They Are\n\t<\/h2>\n\t<h3>Early Head Start<\/h3>\n\t<p>Servicios de aprendizaje temprano, salud y bienestar familiar para beb\u00e9s de 6 semanas a tres a\u00f1os, incluidos los servicios para mujeres embarazadas proporcionados en sus hogares. La programaci\u00f3n de Early Head Start tambi\u00e9n incluye oportunidades de socializaci\u00f3n para beb\u00e9s, ni\u00f1os peque\u00f1os y cuidadores.<\/p>\n\t<h3>Asociaciones de cuidado infantil de Early Head Start<\/h3>\n\t<p>Al asociarse con hogares de cuidado infantil familiar con licencia en el condado de Hidalgo, el programa apoya y mejora los servicios integrales para familias y ni\u00f1os que brindan acceso a cuidado infantil de alta calidad durante todo el d\u00eda y todo el a\u00f1o.<\/p>\n\t<h3>Programa de Educaci\u00f3n para Padres e Hijos (PCEP)<\/h3>\n\t<p>PCEP is AVANCE&#8217;s core foundational program that teaches parents how to become their child&#8217;s first teacher. Families enrolled with AVANCE Head Start\/Early Head Start are eligible to take part in parenting curriculum which includes developmentally appropriate activities that build on in-home instruction.\u202f\u00a0<a href=\"https:\/\/www.avance.org\/es\/programs\/parent-child-education-program-pcep\/\">Haga click aqu\u00ed para saber mas sobre PCEP<\/a>.<\/p>\n\t<h5><strong>Nuestros programas est\u00e1n actualmente inscribiendo.<\/strong> Puede iniciar su solicitud utilizando el bot\u00f3n a continuaci\u00f3n y completando el formulario.<\/h5>\n\t\t\t<a href=\"https:\/\/forms.office.com\/pages\/responsepage.aspx?id=oYSWoseK7kOE7O5KQq3ESGrQwZGAoNpBvovsigIxM0FUOFU4OU1PWFczNThPSjZCNEo1U0pFUzZUOS4u\" target=\"_blank\" role=\"button\" rel=\"noopener\">\n\t\t\t\t\t\t\tAPLICAR\n\t\t\t\t\t<\/a>\n\t<h2>What people say about Us.<\/h2>\n\t<p>&#8220;Mi nombre es Ana Encino, aun soy participante de AVANCE, mi ni\u00f1o es Mario Gael Martinez, su maestra es Olga Tueme. Mi bebe entro de meses de nacido y ah\u00ed fue creciendo y aprendiendo dentro del programa, adem\u00e1s de que se divert\u00eda en las socializaciones que hab\u00edan. Aprendi\u00f3 y avanzo a nivel intelectual y es demasiado el avance y las personas se sorprende al ver que \u00e9l va bien avanzado. Considero que este programa es muy importante parea los ni\u00f1os, ya que se divierten y socializan entre ni\u00f1os, aprenden n\u00fameros, abecedario, colores, los sentidos de humor, y de diferentes tipos de cosas. M\u00e1s que nada promueve el aprendizaje de forma din\u00e1mica. Me gust\u00f3 mucho y fue un placer estar dentro del programa, me voy satisfecha con los resultados. Recomiendo AVANCE por la experiencia que tuve con mi bebe.&#8221;<\/p>\n\t<strong>Ana Encino<\/strong><br \/>\nPadre de familia en AVANCE, EHS-Hidalgo basado en el hogar\n<h2>\n\t\tInformaci\u00f3n de Contacto\n\t<\/h2>\n\t<iframe src=\"https:\/\/www.google.com\/maps\/embed\/v1\/place?q=811+Bowie+Ave%2C+Alamo%2C+TX+78516&#038;key=AIzaSyD09zQ9PNDNNy9TadMuzRV_UsPUoWKntt8\" aria-hidden=\"true\"><\/iframe>","protected":false},"excerpt":{"rendered":"<p>Hidalgo County Hidalgo County lies along the Texas-Mexico border in the Rio Grande Valley. In addition to offering the Parent-Child Education Program, AVANCE operates a home-based and Early Head Start program and a center-based Early Head Start &#8211; Child Care Partnership program. Meeting People Where They Are Early Head Start Early learning, health, and family &#8230; <a title=\"Condado de Hidalgo\" class=\"read-more\" href=\"https:\/\/www.avance.org\/es\/locations\/rgv\/hidalgo-county\/\" aria-label=\"M\u00e1s en Hidalgo County\">Leer m\u00e1s<\/a><\/p>","protected":false},"author":1,"featured_media":0,"parent":1576,"menu_order":0,"comment_status":"closed","ping_status":"closed","template":"","meta":{"inline_featured_image":false,"footnotes":""},"class_list":["post-2744","page","type-page","status-publish"],"yoast_head":"<!-- This site is optimized with the Yoast SEO Premium plugin v25.3 (Yoast SEO v25.3) - https:\/\/yoast.com\/wordpress\/plugins\/seo\/ -->\n<title>Hidalgo County - AVANCE<\/title>\n<meta name=\"robots\" content=\"index, follow, max-snippet:-1, max-image-preview:large, max-video-preview:-1\" \/>\n<link rel=\"canonical\" href=\"https:\/\/www.avance.org\/es\/locations\/rgv\/hidalgo-county\/\" \/>\n<meta property=\"og:locale\" content=\"es_MX\" \/>\n<meta property=\"og:type\" content=\"article\" \/>\n<meta property=\"og:title\" content=\"Hidalgo County\" \/>\n<meta property=\"og:description\" content=\"Hidalgo County Hidalgo County lies along the Texas-Mexico border in the Rio Grande Valley. In addition to offering the Parent-Child Education Program, AVANCE operates a home-based and Early Head Start program and a center-based Early Head Start &#8211; Child Care Partnership program. Meeting People Where They Are Early Head Start Early learning, health, and family ... Leer m\u00e1s\" \/>\n<meta property=\"og:url\" content=\"https:\/\/www.avance.org\/es\/locations\/rgv\/hidalgo-county\/\" \/>\n<meta property=\"og:site_name\" content=\"AVANCE\" \/>\n<meta property=\"article:publisher\" content=\"https:\/\/www.facebook.com\/AVANCEinc\/\" \/>\n<meta property=\"article:modified_time\" content=\"2022-12-09T18:35:33+00:00\" \/>\n<meta name=\"twitter:card\" content=\"summary_large_image\" \/>\n<meta name=\"twitter:site\" content=\"@AVANCEinc\" \/>\n<meta name=\"twitter:label1\" content=\"Tiempo de lectura\" \/>\n\t<meta name=\"twitter:data1\" content=\"2 minutos\" \/>\n<script type=\"application\/ld+json\" class=\"yoast-schema-graph\">{\"@context\":\"https:\/\/schema.org\",\"@graph\":[{\"@type\":\"WebPage\",\"@id\":\"https:\/\/www.avance.org\/locations\/rgv\/hidalgo-county\/\",\"url\":\"https:\/\/www.avance.org\/locations\/rgv\/hidalgo-county\/\",\"name\":\"Hidalgo County - AVANCE\",\"isPartOf\":{\"@id\":\"https:\/\/www.avance.org\/#website\"},\"datePublished\":\"2022-09-01T18:05:06+00:00\",\"dateModified\":\"2022-12-09T18:35:33+00:00\",\"breadcrumb\":{\"@id\":\"https:\/\/www.avance.org\/locations\/rgv\/hidalgo-county\/#breadcrumb\"},\"inLanguage\":\"es-MX\",\"potentialAction\":[{\"@type\":\"ReadAction\",\"target\":[\"https:\/\/www.avance.org\/locations\/rgv\/hidalgo-county\/\"]}]},{\"@type\":\"BreadcrumbList\",\"@id\":\"https:\/\/www.avance.org\/locations\/rgv\/hidalgo-county\/#breadcrumb\",\"itemListElement\":[{\"@type\":\"ListItem\",\"position\":1,\"name\":\"Home\",\"item\":\"https:\/\/www.avance.org\/\"},{\"@type\":\"ListItem\",\"position\":2,\"name\":\"Locations\",\"item\":\"https:\/\/www.avance.org\/locations\/\"},{\"@type\":\"ListItem\",\"position\":3,\"name\":\"RGV\",\"item\":\"https:\/\/www.avance.org\/locations\/rgv\/\"},{\"@type\":\"ListItem\",\"position\":4,\"name\":\"Hidalgo County\"}]},{\"@type\":\"WebSite\",\"@id\":\"https:\/\/www.avance.org\/#website\",\"url\":\"https:\/\/www.avance.org\/\",\"name\":\"AVANCE\",\"description\":\"Unlocking America&#039;s Potential\",\"publisher\":{\"@id\":\"https:\/\/www.avance.org\/#organization\"},\"potentialAction\":[{\"@type\":\"SearchAction\",\"target\":{\"@type\":\"EntryPoint\",\"urlTemplate\":\"https:\/\/www.avance.org\/?s={search_term_string}\"},\"query-input\":{\"@type\":\"PropertyValueSpecification\",\"valueRequired\":true,\"valueName\":\"search_term_string\"}}],\"inLanguage\":\"es-MX\"},{\"@type\":\"Organization\",\"@id\":\"https:\/\/www.avance.org\/#organization\",\"name\":\"AVANCE\",\"url\":\"https:\/\/www.avance.org\/\",\"logo\":{\"@type\":\"ImageObject\",\"inLanguage\":\"es-MX\",\"@id\":\"https:\/\/www.avance.org\/#\/schema\/logo\/image\/\",\"url\":\"https:\/\/www.avance.org\/wp-content\/uploads\/2022\/07\/logo.svg\",\"contentUrl\":\"https:\/\/www.avance.org\/wp-content\/uploads\/2022\/07\/logo.svg\",\"caption\":\"AVANCE\"},\"image\":{\"@id\":\"https:\/\/www.avance.org\/#\/schema\/logo\/image\/\"},\"sameAs\":[\"https:\/\/www.facebook.com\/AVANCEinc\/\",\"https:\/\/x.com\/AVANCEinc\",\"https:\/\/www.instagram.com\/avance__inc\/\",\"https:\/\/www.linkedin.com\/company\/avance-inc\"]}]}<\/script>\n<!-- \/ Yoast SEO Premium plugin. -->","yoast_head_json":{"title":"Hidalgo County - AVANCE","robots":{"index":"index","follow":"follow","max-snippet":"max-snippet:-1","max-image-preview":"max-image-preview:large","max-video-preview":"max-video-preview:-1"},"canonical":"https:\/\/www.avance.org\/es\/locations\/rgv\/hidalgo-county\/","og_locale":"es_MX","og_type":"article","og_title":"Hidalgo County","og_description":"Hidalgo County Hidalgo County lies along the Texas-Mexico border in the Rio Grande Valley. In addition to offering the Parent-Child Education Program, AVANCE operates a home-based and Early Head Start program and a center-based Early Head Start &#8211; Child Care Partnership program. Meeting People Where They Are Early Head Start Early learning, health, and family ... Leer m\u00e1s","og_url":"https:\/\/www.avance.org\/es\/locations\/rgv\/hidalgo-county\/","og_site_name":"AVANCE","article_publisher":"https:\/\/www.facebook.com\/AVANCEinc\/","article_modified_time":"2022-12-09T18:35:33+00:00","twitter_card":"summary_large_image","twitter_site":"@AVANCEinc","twitter_misc":{"Tiempo de lectura":"2 minutos"},"schema":{"@context":"https:\/\/schema.org","@graph":[{"@type":"WebPage","@id":"https:\/\/www.avance.org\/locations\/rgv\/hidalgo-county\/","url":"https:\/\/www.avance.org\/locations\/rgv\/hidalgo-county\/","name":"Hidalgo County - AVANCE","isPartOf":{"@id":"https:\/\/www.avance.org\/#website"},"datePublished":"2022-09-01T18:05:06+00:00","dateModified":"2022-12-09T18:35:33+00:00","breadcrumb":{"@id":"https:\/\/www.avance.org\/locations\/rgv\/hidalgo-county\/#breadcrumb"},"inLanguage":"es-MX","potentialAction":[{"@type":"ReadAction","target":["https:\/\/www.avance.org\/locations\/rgv\/hidalgo-county\/"]}]},{"@type":"BreadcrumbList","@id":"https:\/\/www.avance.org\/locations\/rgv\/hidalgo-county\/#breadcrumb","itemListElement":[{"@type":"ListItem","position":1,"name":"Home","item":"https:\/\/www.avance.org\/"},{"@type":"ListItem","position":2,"name":"Locations","item":"https:\/\/www.avance.org\/locations\/"},{"@type":"ListItem","position":3,"name":"RGV","item":"https:\/\/www.avance.org\/locations\/rgv\/"},{"@type":"ListItem","position":4,"name":"Hidalgo County"}]},{"@type":"WebSite","@id":"https:\/\/www.avance.org\/#website","url":"https:\/\/www.avance.org\/","name":"AVANCE","description":"Unlocking America&#039;s Potential","publisher":{"@id":"https:\/\/www.avance.org\/#organization"},"potentialAction":[{"@type":"SearchAction","target":{"@type":"EntryPoint","urlTemplate":"https:\/\/www.avance.org\/?s={search_term_string}"},"query-input":{"@type":"PropertyValueSpecification","valueRequired":true,"valueName":"search_term_string"}}],"inLanguage":"es-MX"},{"@type":"Organization","@id":"https:\/\/www.avance.org\/#organization","name":"AVANCE","url":"https:\/\/www.avance.org\/","logo":{"@type":"ImageObject","inLanguage":"es-MX","@id":"https:\/\/www.avance.org\/#\/schema\/logo\/image\/","url":"https:\/\/www.avance.org\/wp-content\/uploads\/2022\/07\/logo.svg","contentUrl":"https:\/\/www.avance.org\/wp-content\/uploads\/2022\/07\/logo.svg","caption":"AVANCE"},"image":{"@id":"https:\/\/www.avance.org\/#\/schema\/logo\/image\/"},"sameAs":["https:\/\/www.facebook.com\/AVANCEinc\/","https:\/\/x.com\/AVANCEinc","https:\/\/www.instagram.com\/avance__inc\/","https:\/\/www.linkedin.com\/company\/avance-inc"]}]}},"post_mailing_queue_ids":[],"_links":{"self":[{"href":"https:\/\/www.avance.org\/es\/wp-json\/wp\/v2\/pages\/2744","targetHints":{"allow":["GET"]}}],"collection":[{"href":"https:\/\/www.avance.org\/es\/wp-json\/wp\/v2\/pages"}],"about":[{"href":"https:\/\/www.avance.org\/es\/wp-json\/wp\/v2\/types\/page"}],"author":[{"embeddable":true,"href":"https:\/\/www.avance.org\/es\/wp-json\/wp\/v2\/users\/1"}],"replies":[{"embeddable":true,"href":"https:\/\/www.avance.org\/es\/wp-json\/wp\/v2\/comments?post=2744"}],"version-history":[{"count":10,"href":"https:\/\/www.avance.org\/es\/wp-json\/wp\/v2\/pages\/2744\/revisions"}],"predecessor-version":[{"id":4126,"href":"https:\/\/www.avance.org\/es\/wp-json\/wp\/v2\/pages\/2744\/revisions\/4126"}],"up":[{"embeddable":true,"href":"https:\/\/www.avance.org\/es\/wp-json\/wp\/v2\/pages\/1576"}],"wp:attachment":[{"href":"https:\/\/www.avance.org\/es\/wp-json\/wp\/v2\/media?parent=2744"}],"curies":[{"name":"wp","href":"https:\/\/api.w.org\/{rel}","templated":true}]}}