{"id":2191,"date":"2022-07-23T15:53:34","date_gmt":"2022-07-23T15:53:34","guid":{"rendered":"\/avance998\/?page_id=2191"},"modified":"2026-02-11T11:34:50","modified_gmt":"2026-02-11T16:34:50","slug":"licensees","status":"publish","type":"page","link":"https:\/\/www.avance.org\/es\/locations\/licensees\/","title":{"rendered":"Licenciatarios"},"content":{"rendered":"<h2>\n\t\tLicenciatarios de AVANCE\n\t<\/h2>\n\t<p>En AVANCE, creemos firmemente en la proximidad y que una comunidad es mejor atendida por organizaciones e individuos de esa comunidad. Nuestras herramientas y recursos respaldan el desarrollo de la primera infancia, la crianza de los hijos y el cuidado infantil en el hogar de alta calidad, y queremos que estos recursos lleguen a todas las personas que se beneficien de ellos.<\/p>\n<p>&nbsp;<\/p>\n<p>Es por eso que hemos desarrollado un modelo de licencia y nos asociamos con organizaciones locales en Texas, Nuevo M\u00e9xico, y California, y en el futuro, tal vez incluso en su comunidad. Para obtener m\u00e1s informaci\u00f3n sobre c\u00f3mo llevar la programaci\u00f3n de AVANCE a su comunidad como licenciatario, visite nuestras <a href=\"https:\/\/www.avance.org\/es\/contact\/licensing-inquiries\/\">consultas sobre licencias<\/a> .<\/p>\n\t\t\t\t<img loading=\"lazy\" decoding=\"async\" src=\"https:\/\/www.avance.org\/wp-content\/uploads\/2022\/12\/Sonoma-skyline.jpg\" alt=\"Sonoma-skyline\" itemprop=\"image\" height=\"513\" width=\"1200\" title=\"Sonoma-skyline\" onerror=\"this.style.display='none'\"  \/>\n\t<h2>Centro La Luz<\/h2>\n\t\t\t\t<img loading=\"lazy\" decoding=\"async\" src=\"https:\/\/www.avance.org\/wp-content\/uploads\/2026\/02\/Albuquerque-800x342-1.png\" alt=\"Albuquerque-800x342\" itemprop=\"image\" height=\"342\" width=\"800\" title=\"Albuquerque-800x342\" onerror=\"this.style.display='none'\"  \/>\n\t<h2>Partnership for Community Action<\/h2>\n\t\t\t\t<img loading=\"lazy\" decoding=\"async\" src=\"https:\/\/www.avance.org\/wp-content\/uploads\/2022\/12\/ATX-skyline-scaled.jpg\" alt=\"ATX skyline\" itemprop=\"image\" height=\"1096\" width=\"2560\" title=\"ATX skyline\" onerror=\"this.style.display='none'\"  \/>\n\t<h2>Distrito de Colegios P\u00fablicos de Austin<\/h2>\n\t\t\t\t<img loading=\"lazy\" decoding=\"async\" src=\"https:\/\/www.avance.org\/wp-content\/uploads\/2026\/02\/Sunland_Park-800x342-1.png\" alt=\"Sunland_Park-800x342\" itemprop=\"image\" height=\"342\" width=\"800\" title=\"Sunland_Park-800x342\" onerror=\"this.style.display='none'\"  \/>\n\t<h2>Do\u00f1a Ana Community College<\/h2>\n\t\t\t\t<img loading=\"lazy\" decoding=\"async\" src=\"https:\/\/www.avance.org\/wp-content\/uploads\/2022\/12\/SA-skyline.jpeg\" alt=\"SA skyline\" itemprop=\"image\" height=\"360\" width=\"842\" title=\"SA skyline\" onerror=\"this.style.display='none'\"  \/>\n\t<h2>San Antonio College<\/h2>\n\t\t\t\t<img loading=\"lazy\" decoding=\"async\" src=\"https:\/\/www.avance.org\/wp-content\/uploads\/2022\/12\/Houston-skyline-scaled.jpg\" alt=\"Houston skyline\" itemprop=\"image\" height=\"1096\" width=\"2560\" title=\"Houston skyline\" onerror=\"this.style.display='none'\"  \/>\n\t<h2>Houston City College<\/h2>","protected":false},"excerpt":{"rendered":"<p>AVANCE Licensees At AVANCE, we firmly believe in proximity and that a community is best served by organizations and individuals from that community. Our tools and resources support early childhood development, parenting, and high-quality home-based child care, and we want to get these resources into the hands of as many who find benefit in them. &#8230; <a title=\"Licenciatarios\" class=\"read-more\" href=\"https:\/\/www.avance.org\/es\/locations\/licensees\/\" aria-label=\"M\u00e1s en Licensees\">Leer m\u00e1s<\/a><\/p>","protected":false},"author":1,"featured_media":0,"parent":1119,"menu_order":1,"comment_status":"closed","ping_status":"closed","template":"","meta":{"inline_featured_image":false,"footnotes":""},"class_list":["post-2191","page","type-page","status-publish"],"yoast_head":"<!-- This site is optimized with the Yoast SEO Premium plugin v25.3 (Yoast SEO v25.3) - https:\/\/yoast.com\/wordpress\/plugins\/seo\/ -->\n<title>Licensees - AVANCE<\/title>\n<meta name=\"robots\" content=\"index, follow, max-snippet:-1, max-image-preview:large, max-video-preview:-1\" \/>\n<link rel=\"canonical\" href=\"https:\/\/www.avance.org\/es\/locations\/licensees\/\" \/>\n<meta property=\"og:locale\" content=\"es_MX\" \/>\n<meta property=\"og:type\" content=\"article\" \/>\n<meta property=\"og:title\" content=\"Licensees\" \/>\n<meta property=\"og:description\" content=\"AVANCE Licensees At AVANCE, we firmly believe in proximity and that a community is best served by organizations and individuals from that community. Our tools and resources support early childhood development, parenting, and high-quality home-based child care, and we want to get these resources into the hands of as many who find benefit in them. ... Leer m\u00e1s\" \/>\n<meta property=\"og:url\" content=\"https:\/\/www.avance.org\/es\/locations\/licensees\/\" \/>\n<meta property=\"og:site_name\" content=\"AVANCE\" \/>\n<meta property=\"article:publisher\" content=\"https:\/\/www.facebook.com\/AVANCEinc\/\" \/>\n<meta property=\"article:modified_time\" content=\"2026-02-11T16:34:50+00:00\" \/>\n<meta property=\"og:image\" content=\"https:\/\/www.avance.org\/wp-content\/uploads\/2022\/12\/Sonoma-skyline.jpg\" \/>\n<meta name=\"twitter:card\" content=\"summary_large_image\" \/>\n<meta name=\"twitter:site\" content=\"@AVANCEinc\" \/>\n<meta name=\"twitter:label1\" content=\"Tiempo de lectura\" \/>\n\t<meta name=\"twitter:data1\" content=\"1 minuto\" \/>\n<script type=\"application\/ld+json\" class=\"yoast-schema-graph\">{\"@context\":\"https:\/\/schema.org\",\"@graph\":[{\"@type\":\"WebPage\",\"@id\":\"https:\/\/www.avance.org\/locations\/licensees\/\",\"url\":\"https:\/\/www.avance.org\/locations\/licensees\/\",\"name\":\"Licensees - AVANCE\",\"isPartOf\":{\"@id\":\"https:\/\/www.avance.org\/#website\"},\"primaryImageOfPage\":{\"@id\":\"https:\/\/www.avance.org\/locations\/licensees\/#primaryimage\"},\"image\":{\"@id\":\"https:\/\/www.avance.org\/locations\/licensees\/#primaryimage\"},\"thumbnailUrl\":\"https:\/\/www.avance.org\/wp-content\/uploads\/2022\/12\/Sonoma-skyline.jpg\",\"datePublished\":\"2022-07-23T15:53:34+00:00\",\"dateModified\":\"2026-02-11T16:34:50+00:00\",\"breadcrumb\":{\"@id\":\"https:\/\/www.avance.org\/locations\/licensees\/#breadcrumb\"},\"inLanguage\":\"es-MX\",\"potentialAction\":[{\"@type\":\"ReadAction\",\"target\":[\"https:\/\/www.avance.org\/locations\/licensees\/\"]}]},{\"@type\":\"ImageObject\",\"inLanguage\":\"es-MX\",\"@id\":\"https:\/\/www.avance.org\/locations\/licensees\/#primaryimage\",\"url\":\"https:\/\/www.avance.org\/wp-content\/uploads\/2022\/12\/Sonoma-skyline.jpg\",\"contentUrl\":\"https:\/\/www.avance.org\/wp-content\/uploads\/2022\/12\/Sonoma-skyline.jpg\"},{\"@type\":\"BreadcrumbList\",\"@id\":\"https:\/\/www.avance.org\/locations\/licensees\/#breadcrumb\",\"itemListElement\":[{\"@type\":\"ListItem\",\"position\":1,\"name\":\"Home\",\"item\":\"https:\/\/www.avance.org\/\"},{\"@type\":\"ListItem\",\"position\":2,\"name\":\"Locations\",\"item\":\"https:\/\/www.avance.org\/locations\/\"},{\"@type\":\"ListItem\",\"position\":3,\"name\":\"Licensees\"}]},{\"@type\":\"WebSite\",\"@id\":\"https:\/\/www.avance.org\/#website\",\"url\":\"https:\/\/www.avance.org\/\",\"name\":\"AVANCE\",\"description\":\"Unlocking America&#039;s Potential\",\"publisher\":{\"@id\":\"https:\/\/www.avance.org\/#organization\"},\"potentialAction\":[{\"@type\":\"SearchAction\",\"target\":{\"@type\":\"EntryPoint\",\"urlTemplate\":\"https:\/\/www.avance.org\/?s={search_term_string}\"},\"query-input\":{\"@type\":\"PropertyValueSpecification\",\"valueRequired\":true,\"valueName\":\"search_term_string\"}}],\"inLanguage\":\"es-MX\"},{\"@type\":\"Organization\",\"@id\":\"https:\/\/www.avance.org\/#organization\",\"name\":\"AVANCE\",\"url\":\"https:\/\/www.avance.org\/\",\"logo\":{\"@type\":\"ImageObject\",\"inLanguage\":\"es-MX\",\"@id\":\"https:\/\/www.avance.org\/#\/schema\/logo\/image\/\",\"url\":\"https:\/\/www.avance.org\/wp-content\/uploads\/2022\/07\/logo.svg\",\"contentUrl\":\"https:\/\/www.avance.org\/wp-content\/uploads\/2022\/07\/logo.svg\",\"caption\":\"AVANCE\"},\"image\":{\"@id\":\"https:\/\/www.avance.org\/#\/schema\/logo\/image\/\"},\"sameAs\":[\"https:\/\/www.facebook.com\/AVANCEinc\/\",\"https:\/\/x.com\/AVANCEinc\",\"https:\/\/www.instagram.com\/avance__inc\/\",\"https:\/\/www.linkedin.com\/company\/avance-inc\"]}]}<\/script>\n<!-- \/ Yoast SEO Premium plugin. -->","yoast_head_json":{"title":"Licensees - AVANCE","robots":{"index":"index","follow":"follow","max-snippet":"max-snippet:-1","max-image-preview":"max-image-preview:large","max-video-preview":"max-video-preview:-1"},"canonical":"https:\/\/www.avance.org\/es\/locations\/licensees\/","og_locale":"es_MX","og_type":"article","og_title":"Licensees","og_description":"AVANCE Licensees At AVANCE, we firmly believe in proximity and that a community is best served by organizations and individuals from that community. Our tools and resources support early childhood development, parenting, and high-quality home-based child care, and we want to get these resources into the hands of as many who find benefit in them. ... Leer m\u00e1s","og_url":"https:\/\/www.avance.org\/es\/locations\/licensees\/","og_site_name":"AVANCE","article_publisher":"https:\/\/www.facebook.com\/AVANCEinc\/","article_modified_time":"2026-02-11T16:34:50+00:00","og_image":[{"url":"https:\/\/www.avance.org\/wp-content\/uploads\/2022\/12\/Sonoma-skyline.jpg","type":"","width":"","height":""}],"twitter_card":"summary_large_image","twitter_site":"@AVANCEinc","twitter_misc":{"Tiempo de lectura":"1 minuto"},"schema":{"@context":"https:\/\/schema.org","@graph":[{"@type":"WebPage","@id":"https:\/\/www.avance.org\/locations\/licensees\/","url":"https:\/\/www.avance.org\/locations\/licensees\/","name":"Licensees - AVANCE","isPartOf":{"@id":"https:\/\/www.avance.org\/#website"},"primaryImageOfPage":{"@id":"https:\/\/www.avance.org\/locations\/licensees\/#primaryimage"},"image":{"@id":"https:\/\/www.avance.org\/locations\/licensees\/#primaryimage"},"thumbnailUrl":"https:\/\/www.avance.org\/wp-content\/uploads\/2022\/12\/Sonoma-skyline.jpg","datePublished":"2022-07-23T15:53:34+00:00","dateModified":"2026-02-11T16:34:50+00:00","breadcrumb":{"@id":"https:\/\/www.avance.org\/locations\/licensees\/#breadcrumb"},"inLanguage":"es-MX","potentialAction":[{"@type":"ReadAction","target":["https:\/\/www.avance.org\/locations\/licensees\/"]}]},{"@type":"ImageObject","inLanguage":"es-MX","@id":"https:\/\/www.avance.org\/locations\/licensees\/#primaryimage","url":"https:\/\/www.avance.org\/wp-content\/uploads\/2022\/12\/Sonoma-skyline.jpg","contentUrl":"https:\/\/www.avance.org\/wp-content\/uploads\/2022\/12\/Sonoma-skyline.jpg"},{"@type":"BreadcrumbList","@id":"https:\/\/www.avance.org\/locations\/licensees\/#breadcrumb","itemListElement":[{"@type":"ListItem","position":1,"name":"Home","item":"https:\/\/www.avance.org\/"},{"@type":"ListItem","position":2,"name":"Locations","item":"https:\/\/www.avance.org\/locations\/"},{"@type":"ListItem","position":3,"name":"Licensees"}]},{"@type":"WebSite","@id":"https:\/\/www.avance.org\/#website","url":"https:\/\/www.avance.org\/","name":"AVANCE","description":"Unlocking America&#039;s Potential","publisher":{"@id":"https:\/\/www.avance.org\/#organization"},"potentialAction":[{"@type":"SearchAction","target":{"@type":"EntryPoint","urlTemplate":"https:\/\/www.avance.org\/?s={search_term_string}"},"query-input":{"@type":"PropertyValueSpecification","valueRequired":true,"valueName":"search_term_string"}}],"inLanguage":"es-MX"},{"@type":"Organization","@id":"https:\/\/www.avance.org\/#organization","name":"AVANCE","url":"https:\/\/www.avance.org\/","logo":{"@type":"ImageObject","inLanguage":"es-MX","@id":"https:\/\/www.avance.org\/#\/schema\/logo\/image\/","url":"https:\/\/www.avance.org\/wp-content\/uploads\/2022\/07\/logo.svg","contentUrl":"https:\/\/www.avance.org\/wp-content\/uploads\/2022\/07\/logo.svg","caption":"AVANCE"},"image":{"@id":"https:\/\/www.avance.org\/#\/schema\/logo\/image\/"},"sameAs":["https:\/\/www.facebook.com\/AVANCEinc\/","https:\/\/x.com\/AVANCEinc","https:\/\/www.instagram.com\/avance__inc\/","https:\/\/www.linkedin.com\/company\/avance-inc"]}]}},"post_mailing_queue_ids":[],"_links":{"self":[{"href":"https:\/\/www.avance.org\/es\/wp-json\/wp\/v2\/pages\/2191","targetHints":{"allow":["GET"]}}],"collection":[{"href":"https:\/\/www.avance.org\/es\/wp-json\/wp\/v2\/pages"}],"about":[{"href":"https:\/\/www.avance.org\/es\/wp-json\/wp\/v2\/types\/page"}],"author":[{"embeddable":true,"href":"https:\/\/www.avance.org\/es\/wp-json\/wp\/v2\/users\/1"}],"replies":[{"embeddable":true,"href":"https:\/\/www.avance.org\/es\/wp-json\/wp\/v2\/comments?post=2191"}],"version-history":[{"count":10,"href":"https:\/\/www.avance.org\/es\/wp-json\/wp\/v2\/pages\/2191\/revisions"}],"predecessor-version":[{"id":7466,"href":"https:\/\/www.avance.org\/es\/wp-json\/wp\/v2\/pages\/2191\/revisions\/7466"}],"up":[{"embeddable":true,"href":"https:\/\/www.avance.org\/es\/wp-json\/wp\/v2\/pages\/1119"}],"wp:attachment":[{"href":"https:\/\/www.avance.org\/es\/wp-json\/wp\/v2\/media?parent=2191"}],"curies":[{"name":"wp","href":"https:\/\/api.w.org\/{rel}","templated":true}]}}