{"id":2189,"date":"2022-07-23T15:53:15","date_gmt":"2022-07-23T15:53:15","guid":{"rendered":"\/avance998\/?page_id=2189"},"modified":"2025-08-06T17:44:38","modified_gmt":"2025-08-06T22:44:38","slug":"chapters","status":"publish","type":"page","link":"https:\/\/www.avance.org\/es\/locations\/chapters\/","title":{"rendered":"Cap\u00edtulos"},"content":{"rendered":"<h2>\n\t\tUbicaciones - Sucursales de AVANCE\n\t<\/h2>\n\tAVANCE is a national nonprofit organization with a national office headquartered in San Antonio and a network of chapter affiliates across the state of Texas unified<br \/>\nunder a single 501(c)3.\n<p>&nbsp;<\/p>\n<p>AVANCE es una red comprometida con el encuentro de las familias donde est\u00e1n \nAVANCE tiene sucursales en todo Texas. Para obtener m\u00e1s informaci\u00f3n sobre AVANCE y los programas familiares disponibles en su \u00e1rea, comun\u00edquese con la oficina m\u00e1s cercana a usted en Houston, el Valle del R\u00edo Grande, San Antonio, Dallas-Fort Worth, Austin y las \u00e1reas circundantes.<\/p>\n\t\t\t\t<img loading=\"lazy\" decoding=\"async\" src=\"https:\/\/www.avance.org\/wp-content\/uploads\/2022\/12\/ATX-skyline-scaled.jpg\" alt=\"ATX skyline\" itemprop=\"image\" height=\"1096\" width=\"2560\" title=\"ATX skyline\" onerror=\"this.style.display='none'\"  \/>\n\t<h2>AVANCE &#8211; <em>Austin<\/em><\/h2>\n\t\t\t\t<img loading=\"lazy\" decoding=\"async\" src=\"https:\/\/www.avance.org\/wp-content\/uploads\/2022\/12\/North-Texas-skyline-scaled.jpg\" alt=\"North Texas skyline\" itemprop=\"image\" height=\"1095\" width=\"2560\" title=\"North Texas skyline\" onerror=\"this.style.display='none'\"  \/>\n\t<h2>AVANCE &#8211; <em>North Texas<\/em><\/h2>\n\t\t\t\t<img loading=\"lazy\" decoding=\"async\" src=\"https:\/\/www.avance.org\/wp-content\/uploads\/2022\/12\/Houston-skyline-scaled.jpg\" alt=\"Houston skyline\" itemprop=\"image\" height=\"1096\" width=\"2560\" title=\"Houston skyline\" onerror=\"this.style.display='none'\"  \/>\n\t<h2>AVANCE &#8211; <em>Houston<\/em><\/h2>\n\t\t\t\t<img loading=\"lazy\" decoding=\"async\" src=\"https:\/\/www.avance.org\/wp-content\/uploads\/2022\/12\/SA-skyline.jpeg\" alt=\"SA skyline\" itemprop=\"image\" height=\"360\" width=\"842\" title=\"SA skyline\" onerror=\"this.style.display='none'\"  \/>\n\t<h2>AVANCE &#8211; <em>San Antonio<\/em><\/h2>","protected":false},"excerpt":{"rendered":"<p>AVANCE Chapters AVANCE is a national nonprofit organization with a national office headquartered in San Antonio and a network of chapter affiliates across the state of Texas unified under a single 501(c)3. &nbsp; AVANCE is also more than just an organization. AVANCE is a family. And like family, we are committed to meeting others where &#8230; <a title=\"Cap\u00edtulos\" class=\"read-more\" href=\"https:\/\/www.avance.org\/es\/locations\/chapters\/\" aria-label=\"M\u00e1s en Chapters\">Leer m\u00e1s<\/a><\/p>","protected":false},"author":1,"featured_media":0,"parent":1119,"menu_order":0,"comment_status":"closed","ping_status":"closed","template":"","meta":{"inline_featured_image":false,"footnotes":""},"class_list":["post-2189","page","type-page","status-publish"],"yoast_head":"<!-- This site is optimized with the Yoast SEO Premium plugin v25.3 (Yoast SEO v25.3) - https:\/\/yoast.com\/wordpress\/plugins\/seo\/ -->\n<title>Chapters - AVANCE<\/title>\n<meta name=\"robots\" content=\"index, follow, max-snippet:-1, max-image-preview:large, max-video-preview:-1\" \/>\n<link rel=\"canonical\" href=\"https:\/\/www.avance.org\/es\/locations\/chapters\/\" \/>\n<meta property=\"og:locale\" content=\"es_MX\" \/>\n<meta property=\"og:type\" content=\"article\" \/>\n<meta property=\"og:title\" content=\"Chapters\" \/>\n<meta property=\"og:description\" content=\"AVANCE Chapters AVANCE is a national nonprofit organization with a national office headquartered in San Antonio and a network of chapter affiliates across the state of Texas unified under a single 501(c)3. &nbsp; AVANCE is also more than just an organization. AVANCE is a family. And like family, we are committed to meeting others where ... Leer m\u00e1s\" \/>\n<meta property=\"og:url\" content=\"https:\/\/www.avance.org\/es\/locations\/chapters\/\" \/>\n<meta property=\"og:site_name\" content=\"AVANCE\" \/>\n<meta property=\"article:publisher\" content=\"https:\/\/www.facebook.com\/AVANCEinc\/\" \/>\n<meta property=\"article:modified_time\" content=\"2025-08-06T22:44:38+00:00\" \/>\n<meta property=\"og:image\" content=\"https:\/\/www.avance.org\/wp-content\/uploads\/2022\/12\/ATX-skyline-scaled.jpg\" \/>\n<meta name=\"twitter:card\" content=\"summary_large_image\" \/>\n<meta name=\"twitter:site\" content=\"@AVANCEinc\" \/>\n<meta name=\"twitter:label1\" content=\"Tiempo de lectura\" \/>\n\t<meta name=\"twitter:data1\" content=\"1 minuto\" \/>\n<script type=\"application\/ld+json\" class=\"yoast-schema-graph\">{\"@context\":\"https:\/\/schema.org\",\"@graph\":[{\"@type\":\"WebPage\",\"@id\":\"https:\/\/www.avance.org\/locations\/chapters\/\",\"url\":\"https:\/\/www.avance.org\/locations\/chapters\/\",\"name\":\"Chapters - AVANCE\",\"isPartOf\":{\"@id\":\"https:\/\/www.avance.org\/#website\"},\"primaryImageOfPage\":{\"@id\":\"https:\/\/www.avance.org\/locations\/chapters\/#primaryimage\"},\"image\":{\"@id\":\"https:\/\/www.avance.org\/locations\/chapters\/#primaryimage\"},\"thumbnailUrl\":\"https:\/\/www.avance.org\/wp-content\/uploads\/2022\/12\/ATX-skyline-scaled.jpg\",\"datePublished\":\"2022-07-23T15:53:15+00:00\",\"dateModified\":\"2025-08-06T22:44:38+00:00\",\"breadcrumb\":{\"@id\":\"https:\/\/www.avance.org\/locations\/chapters\/#breadcrumb\"},\"inLanguage\":\"es-MX\",\"potentialAction\":[{\"@type\":\"ReadAction\",\"target\":[\"https:\/\/www.avance.org\/locations\/chapters\/\"]}]},{\"@type\":\"ImageObject\",\"inLanguage\":\"es-MX\",\"@id\":\"https:\/\/www.avance.org\/locations\/chapters\/#primaryimage\",\"url\":\"https:\/\/www.avance.org\/wp-content\/uploads\/2022\/12\/ATX-skyline-scaled.jpg\",\"contentUrl\":\"https:\/\/www.avance.org\/wp-content\/uploads\/2022\/12\/ATX-skyline-scaled.jpg\"},{\"@type\":\"BreadcrumbList\",\"@id\":\"https:\/\/www.avance.org\/locations\/chapters\/#breadcrumb\",\"itemListElement\":[{\"@type\":\"ListItem\",\"position\":1,\"name\":\"Home\",\"item\":\"https:\/\/www.avance.org\/\"},{\"@type\":\"ListItem\",\"position\":2,\"name\":\"Locations\",\"item\":\"https:\/\/www.avance.org\/locations\/\"},{\"@type\":\"ListItem\",\"position\":3,\"name\":\"Chapters\"}]},{\"@type\":\"WebSite\",\"@id\":\"https:\/\/www.avance.org\/#website\",\"url\":\"https:\/\/www.avance.org\/\",\"name\":\"AVANCE\",\"description\":\"Unlocking America&#039;s Potential\",\"publisher\":{\"@id\":\"https:\/\/www.avance.org\/#organization\"},\"potentialAction\":[{\"@type\":\"SearchAction\",\"target\":{\"@type\":\"EntryPoint\",\"urlTemplate\":\"https:\/\/www.avance.org\/?s={search_term_string}\"},\"query-input\":{\"@type\":\"PropertyValueSpecification\",\"valueRequired\":true,\"valueName\":\"search_term_string\"}}],\"inLanguage\":\"es-MX\"},{\"@type\":\"Organization\",\"@id\":\"https:\/\/www.avance.org\/#organization\",\"name\":\"AVANCE\",\"url\":\"https:\/\/www.avance.org\/\",\"logo\":{\"@type\":\"ImageObject\",\"inLanguage\":\"es-MX\",\"@id\":\"https:\/\/www.avance.org\/#\/schema\/logo\/image\/\",\"url\":\"https:\/\/www.avance.org\/wp-content\/uploads\/2022\/07\/logo.svg\",\"contentUrl\":\"https:\/\/www.avance.org\/wp-content\/uploads\/2022\/07\/logo.svg\",\"caption\":\"AVANCE\"},\"image\":{\"@id\":\"https:\/\/www.avance.org\/#\/schema\/logo\/image\/\"},\"sameAs\":[\"https:\/\/www.facebook.com\/AVANCEinc\/\",\"https:\/\/x.com\/AVANCEinc\",\"https:\/\/www.instagram.com\/avance__inc\/\",\"https:\/\/www.linkedin.com\/company\/avance-inc\"]}]}<\/script>\n<!-- \/ Yoast SEO Premium plugin. -->","yoast_head_json":{"title":"Chapters - AVANCE","robots":{"index":"index","follow":"follow","max-snippet":"max-snippet:-1","max-image-preview":"max-image-preview:large","max-video-preview":"max-video-preview:-1"},"canonical":"https:\/\/www.avance.org\/es\/locations\/chapters\/","og_locale":"es_MX","og_type":"article","og_title":"Chapters","og_description":"AVANCE Chapters AVANCE is a national nonprofit organization with a national office headquartered in San Antonio and a network of chapter affiliates across the state of Texas unified under a single 501(c)3. &nbsp; AVANCE is also more than just an organization. AVANCE is a family. And like family, we are committed to meeting others where ... Leer m\u00e1s","og_url":"https:\/\/www.avance.org\/es\/locations\/chapters\/","og_site_name":"AVANCE","article_publisher":"https:\/\/www.facebook.com\/AVANCEinc\/","article_modified_time":"2025-08-06T22:44:38+00:00","og_image":[{"url":"https:\/\/www.avance.org\/wp-content\/uploads\/2022\/12\/ATX-skyline-scaled.jpg","type":"","width":"","height":""}],"twitter_card":"summary_large_image","twitter_site":"@AVANCEinc","twitter_misc":{"Tiempo de lectura":"1 minuto"},"schema":{"@context":"https:\/\/schema.org","@graph":[{"@type":"WebPage","@id":"https:\/\/www.avance.org\/locations\/chapters\/","url":"https:\/\/www.avance.org\/locations\/chapters\/","name":"Chapters - AVANCE","isPartOf":{"@id":"https:\/\/www.avance.org\/#website"},"primaryImageOfPage":{"@id":"https:\/\/www.avance.org\/locations\/chapters\/#primaryimage"},"image":{"@id":"https:\/\/www.avance.org\/locations\/chapters\/#primaryimage"},"thumbnailUrl":"https:\/\/www.avance.org\/wp-content\/uploads\/2022\/12\/ATX-skyline-scaled.jpg","datePublished":"2022-07-23T15:53:15+00:00","dateModified":"2025-08-06T22:44:38+00:00","breadcrumb":{"@id":"https:\/\/www.avance.org\/locations\/chapters\/#breadcrumb"},"inLanguage":"es-MX","potentialAction":[{"@type":"ReadAction","target":["https:\/\/www.avance.org\/locations\/chapters\/"]}]},{"@type":"ImageObject","inLanguage":"es-MX","@id":"https:\/\/www.avance.org\/locations\/chapters\/#primaryimage","url":"https:\/\/www.avance.org\/wp-content\/uploads\/2022\/12\/ATX-skyline-scaled.jpg","contentUrl":"https:\/\/www.avance.org\/wp-content\/uploads\/2022\/12\/ATX-skyline-scaled.jpg"},{"@type":"BreadcrumbList","@id":"https:\/\/www.avance.org\/locations\/chapters\/#breadcrumb","itemListElement":[{"@type":"ListItem","position":1,"name":"Home","item":"https:\/\/www.avance.org\/"},{"@type":"ListItem","position":2,"name":"Locations","item":"https:\/\/www.avance.org\/locations\/"},{"@type":"ListItem","position":3,"name":"Chapters"}]},{"@type":"WebSite","@id":"https:\/\/www.avance.org\/#website","url":"https:\/\/www.avance.org\/","name":"AVANCE","description":"Unlocking America&#039;s Potential","publisher":{"@id":"https:\/\/www.avance.org\/#organization"},"potentialAction":[{"@type":"SearchAction","target":{"@type":"EntryPoint","urlTemplate":"https:\/\/www.avance.org\/?s={search_term_string}"},"query-input":{"@type":"PropertyValueSpecification","valueRequired":true,"valueName":"search_term_string"}}],"inLanguage":"es-MX"},{"@type":"Organization","@id":"https:\/\/www.avance.org\/#organization","name":"AVANCE","url":"https:\/\/www.avance.org\/","logo":{"@type":"ImageObject","inLanguage":"es-MX","@id":"https:\/\/www.avance.org\/#\/schema\/logo\/image\/","url":"https:\/\/www.avance.org\/wp-content\/uploads\/2022\/07\/logo.svg","contentUrl":"https:\/\/www.avance.org\/wp-content\/uploads\/2022\/07\/logo.svg","caption":"AVANCE"},"image":{"@id":"https:\/\/www.avance.org\/#\/schema\/logo\/image\/"},"sameAs":["https:\/\/www.facebook.com\/AVANCEinc\/","https:\/\/x.com\/AVANCEinc","https:\/\/www.instagram.com\/avance__inc\/","https:\/\/www.linkedin.com\/company\/avance-inc"]}]}},"post_mailing_queue_ids":[],"_links":{"self":[{"href":"https:\/\/www.avance.org\/es\/wp-json\/wp\/v2\/pages\/2189","targetHints":{"allow":["GET"]}}],"collection":[{"href":"https:\/\/www.avance.org\/es\/wp-json\/wp\/v2\/pages"}],"about":[{"href":"https:\/\/www.avance.org\/es\/wp-json\/wp\/v2\/types\/page"}],"author":[{"embeddable":true,"href":"https:\/\/www.avance.org\/es\/wp-json\/wp\/v2\/users\/1"}],"replies":[{"embeddable":true,"href":"https:\/\/www.avance.org\/es\/wp-json\/wp\/v2\/comments?post=2189"}],"version-history":[{"count":10,"href":"https:\/\/www.avance.org\/es\/wp-json\/wp\/v2\/pages\/2189\/revisions"}],"predecessor-version":[{"id":7092,"href":"https:\/\/www.avance.org\/es\/wp-json\/wp\/v2\/pages\/2189\/revisions\/7092"}],"up":[{"embeddable":true,"href":"https:\/\/www.avance.org\/es\/wp-json\/wp\/v2\/pages\/1119"}],"wp:attachment":[{"href":"https:\/\/www.avance.org\/es\/wp-json\/wp\/v2\/media?parent=2189"}],"curies":[{"name":"wp","href":"https:\/\/api.w.org\/{rel}","templated":true}]}}