{"id":2020,"date":"2022-07-14T21:57:02","date_gmt":"2022-07-14T21:57:02","guid":{"rendered":"\/avance998\/licensees\/"},"modified":"2026-02-11T11:57:08","modified_gmt":"2026-02-11T16:57:08","slug":"licensees","status":"publish","type":"page","link":"https:\/\/www.avance.org\/es\/partners\/licensees\/","title":{"rendered":"Licenciatarios"},"content":{"rendered":"<h2>\n\t\tLicenciatarios\n\t<\/h2>\n\t<p>AVANCE trabaja con una variedad de socios, incluidas instituciones educativas, juntas laborales y organizaciones sin fines de lucro, para implementar nuestra programaci\u00f3n culturalmente receptiva de dos generaciones que eleva las comunidades al promover la preparaci\u00f3n escolar para los ni\u00f1os y aumentar las v\u00edas hacia la movilidad econ\u00f3mica para las familias.<\/p>\n<p>\u00a0<\/p>\n<h1>\n\t\t Licenciatarios\n\t<\/h1>\n\t\t\t\t<a href=\"https:\/\/www.laluzcenter.org\/\" target=\"_blank\" rel=\"noopener\"  itemprop=\"url\">\n\t\t\t\t<img decoding=\"async\" src=\"\/wp-content\/uploads\/2022\/08\/11.webp\" alt=\"11\" itemprop=\"image\" title=\"11\" onerror=\"this.style.display='none'\"  \/>\n\t\t\t\t<\/a>\n\t\t\t\t<a href=\"https:\/\/www.forcommunityaction.org\/\" target=\"_blank\" rel=\"noopener\"  itemprop=\"url\">\n\t\t\t\t<img loading=\"lazy\" decoding=\"async\" src=\"https:\/\/www.avance.org\/wp-content\/uploads\/2026\/02\/pca-logo-with-mosiac-300.png\" alt=\"pca-logo-with-mosiac-300\" itemprop=\"image\" height=\"135\" width=\"300\" title=\"pca-logo-with-mosiac-300\" onerror=\"this.style.display='none'\"  \/>\n\t\t\t\t<\/a>\n\t\t\t\t<a href=\"https:\/\/www.austincc.edu\/\" target=\"_blank\" rel=\"noopener\"  itemprop=\"url\">\n\t\t\t\t<img decoding=\"async\" src=\"\/wp-content\/uploads\/2022\/08\/1.png\" alt=\"\" itemprop=\"image\" onerror=\"this.style.display='none'\"  \/>\n\t\t\t\t<\/a>\n\t\t\t\t<a href=\"https:\/\/www.alamo.edu\/sac\/\" target=\"_blank\" rel=\"noopener\"  itemprop=\"url\">\n\t\t\t\t<img loading=\"lazy\" decoding=\"async\" src=\"https:\/\/www.avance.org\/wp-content\/uploads\/2026\/02\/sac-logo-color-300.png\" alt=\"sac-logo-color-300\" itemprop=\"image\" height=\"35\" width=\"300\" title=\"sac-logo-color-300\" onerror=\"this.style.display='none'\"  \/>\n\t\t\t\t<\/a>\n\t\t\t\t<a href=\"https:\/\/dacc.nmsu.edu\/about\/campuses-and-centers\/\" target=\"_blank\" rel=\"noopener\"  itemprop=\"url\">\n\t\t\t\t<img loading=\"lazy\" decoding=\"async\" src=\"https:\/\/www.avance.org\/wp-content\/uploads\/2026\/02\/DACC-color-300.png\" alt=\"DACC-color-300\" itemprop=\"image\" height=\"95\" width=\"300\" title=\"DACC-color-300\" onerror=\"this.style.display='none'\"  \/>\n\t\t\t\t<\/a>\n\t\t\t\t<a href=\"https:\/\/www.hccs.edu\/locations\/southeast-college\/\" target=\"_blank\" rel=\"noopener\"  itemprop=\"url\">\n\t\t\t\t<img loading=\"lazy\" decoding=\"async\" src=\"https:\/\/www.avance.org\/wp-content\/uploads\/2026\/02\/hcc-logo-300.png\" alt=\"hcc-logo-300\" itemprop=\"image\" height=\"65\" width=\"300\" title=\"hcc-logo-300\" onerror=\"this.style.display='none'\"  \/>\n\t\t\t\t<\/a>\n\t\t\t\t<img decoding=\"async\" src=\"\/wp-content\/uploads\/2022\/08\/About-us.webp\" alt=\"About us\" itemprop=\"image\" title=\"Sobre Nosotros\" onerror=\"this.style.display='none'\"  \/>\n\t<p>Nuestros licenciatarios tienen acceso a nuestros programas basados en evidencia que se ha relacionado con una serie de resultados positivos para padres e hijos. Nuestro equipo de expertos trabaja en estrecha colaboraci\u00f3n con nuestros licenciatarios para ayudar a determinar el mejor modelo de programa para su comunidad. AVANCE brinda una amplia capacitaci\u00f3n y asistencia t\u00e9cnica para una implementaci\u00f3n exitosa, as\u00ed como soporte continuo, que incluye herramientas y capacitaci\u00f3n para el monitoreo para ayudar a los licenciatarios a mejorar la calidad de sus programas y evaluar su impacto.<\/p>\n<p>Comun\u00edquese con nosotros para obtener m\u00e1s informaci\u00f3n sobre c\u00f3mo convertirse en licenciatario y c\u00f3mo asociarse con AVANCE puede beneficiar a los ni\u00f1os y las familias de su comunidad.<\/p>","protected":false},"excerpt":{"rendered":"<p>Licensees AVANCE works with a variety of partners, including educational institutions, workforce boards, and nonprofit organizations, to implement our culturally-responsive, two-generation programming that uplifts communities by promoting school-readiness for children and increasing pathways to economic mobility for families. \u00a0 Licensees Our licensees have full access to our evidence-based programming that has been linked to a &#8230; <a title=\"Licenciatarios\" class=\"read-more\" href=\"https:\/\/www.avance.org\/es\/partners\/licensees\/\" aria-label=\"M\u00e1s en Licensees\">Leer m\u00e1s<\/a><\/p>","protected":false},"author":1,"featured_media":0,"parent":1297,"menu_order":2,"comment_status":"closed","ping_status":"closed","template":"","meta":{"inline_featured_image":false,"footnotes":""},"class_list":["post-2020","page","type-page","status-publish"],"yoast_head":"<!-- This site is optimized with the Yoast SEO Premium plugin v25.3 (Yoast SEO v25.3) - https:\/\/yoast.com\/wordpress\/plugins\/seo\/ -->\n<title>Licensees - AVANCE<\/title>\n<meta name=\"robots\" content=\"index, follow, max-snippet:-1, max-image-preview:large, max-video-preview:-1\" \/>\n<link rel=\"canonical\" href=\"https:\/\/www.avance.org\/es\/partners\/licensees\/\" \/>\n<meta property=\"og:locale\" content=\"es_MX\" \/>\n<meta property=\"og:type\" content=\"article\" \/>\n<meta property=\"og:title\" content=\"Licensees\" \/>\n<meta property=\"og:description\" content=\"Licensees AVANCE works with a variety of partners, including educational institutions, workforce boards, and nonprofit organizations, to implement our culturally-responsive, two-generation programming that uplifts communities by promoting school-readiness for children and increasing pathways to economic mobility for families. \u00a0 Licensees Our licensees have full access to our evidence-based programming that has been linked to a ... Leer m\u00e1s\" \/>\n<meta property=\"og:url\" content=\"https:\/\/www.avance.org\/es\/partners\/licensees\/\" \/>\n<meta property=\"og:site_name\" content=\"AVANCE\" \/>\n<meta property=\"article:publisher\" content=\"https:\/\/www.facebook.com\/AVANCEinc\/\" \/>\n<meta property=\"article:modified_time\" content=\"2026-02-11T16:57:08+00:00\" \/>\n<meta property=\"og:image\" content=\"https:\/\/www.avance.org\/wp-content\/uploads\/2026\/02\/pca-logo-with-mosiac-300.png\" \/>\n<meta name=\"twitter:card\" content=\"summary_large_image\" \/>\n<meta name=\"twitter:site\" content=\"@AVANCEinc\" \/>\n<meta name=\"twitter:label1\" content=\"Tiempo de lectura\" \/>\n\t<meta name=\"twitter:data1\" content=\"1 minuto\" \/>\n<script type=\"application\/ld+json\" class=\"yoast-schema-graph\">{\"@context\":\"https:\/\/schema.org\",\"@graph\":[{\"@type\":\"WebPage\",\"@id\":\"https:\/\/www.avance.org\/partners\/licensees\/\",\"url\":\"https:\/\/www.avance.org\/partners\/licensees\/\",\"name\":\"Licensees - AVANCE\",\"isPartOf\":{\"@id\":\"https:\/\/www.avance.org\/#website\"},\"primaryImageOfPage\":{\"@id\":\"https:\/\/www.avance.org\/partners\/licensees\/#primaryimage\"},\"image\":{\"@id\":\"https:\/\/www.avance.org\/partners\/licensees\/#primaryimage\"},\"thumbnailUrl\":\"https:\/\/www.avance.org\/wp-content\/uploads\/2026\/02\/pca-logo-with-mosiac-300.png\",\"datePublished\":\"2022-07-14T21:57:02+00:00\",\"dateModified\":\"2026-02-11T16:57:08+00:00\",\"breadcrumb\":{\"@id\":\"https:\/\/www.avance.org\/partners\/licensees\/#breadcrumb\"},\"inLanguage\":\"es-MX\",\"potentialAction\":[{\"@type\":\"ReadAction\",\"target\":[\"https:\/\/www.avance.org\/partners\/licensees\/\"]}]},{\"@type\":\"ImageObject\",\"inLanguage\":\"es-MX\",\"@id\":\"https:\/\/www.avance.org\/partners\/licensees\/#primaryimage\",\"url\":\"https:\/\/www.avance.org\/wp-content\/uploads\/2026\/02\/pca-logo-with-mosiac-300.png\",\"contentUrl\":\"https:\/\/www.avance.org\/wp-content\/uploads\/2026\/02\/pca-logo-with-mosiac-300.png\"},{\"@type\":\"BreadcrumbList\",\"@id\":\"https:\/\/www.avance.org\/partners\/licensees\/#breadcrumb\",\"itemListElement\":[{\"@type\":\"ListItem\",\"position\":1,\"name\":\"Home\",\"item\":\"https:\/\/www.avance.org\/\"},{\"@type\":\"ListItem\",\"position\":2,\"name\":\"Partners\",\"item\":\"https:\/\/www.avance.org\/partners\/\"},{\"@type\":\"ListItem\",\"position\":3,\"name\":\"Licensees\"}]},{\"@type\":\"WebSite\",\"@id\":\"https:\/\/www.avance.org\/#website\",\"url\":\"https:\/\/www.avance.org\/\",\"name\":\"AVANCE\",\"description\":\"Unlocking America&#039;s Potential\",\"publisher\":{\"@id\":\"https:\/\/www.avance.org\/#organization\"},\"potentialAction\":[{\"@type\":\"SearchAction\",\"target\":{\"@type\":\"EntryPoint\",\"urlTemplate\":\"https:\/\/www.avance.org\/?s={search_term_string}\"},\"query-input\":{\"@type\":\"PropertyValueSpecification\",\"valueRequired\":true,\"valueName\":\"search_term_string\"}}],\"inLanguage\":\"es-MX\"},{\"@type\":\"Organization\",\"@id\":\"https:\/\/www.avance.org\/#organization\",\"name\":\"AVANCE\",\"url\":\"https:\/\/www.avance.org\/\",\"logo\":{\"@type\":\"ImageObject\",\"inLanguage\":\"es-MX\",\"@id\":\"https:\/\/www.avance.org\/#\/schema\/logo\/image\/\",\"url\":\"https:\/\/www.avance.org\/wp-content\/uploads\/2022\/07\/logo.svg\",\"contentUrl\":\"https:\/\/www.avance.org\/wp-content\/uploads\/2022\/07\/logo.svg\",\"caption\":\"AVANCE\"},\"image\":{\"@id\":\"https:\/\/www.avance.org\/#\/schema\/logo\/image\/\"},\"sameAs\":[\"https:\/\/www.facebook.com\/AVANCEinc\/\",\"https:\/\/x.com\/AVANCEinc\",\"https:\/\/www.instagram.com\/avance__inc\/\",\"https:\/\/www.linkedin.com\/company\/avance-inc\"]}]}<\/script>\n<!-- \/ Yoast SEO Premium plugin. -->","yoast_head_json":{"title":"Licensees - AVANCE","robots":{"index":"index","follow":"follow","max-snippet":"max-snippet:-1","max-image-preview":"max-image-preview:large","max-video-preview":"max-video-preview:-1"},"canonical":"https:\/\/www.avance.org\/es\/partners\/licensees\/","og_locale":"es_MX","og_type":"article","og_title":"Licensees","og_description":"Licensees AVANCE works with a variety of partners, including educational institutions, workforce boards, and nonprofit organizations, to implement our culturally-responsive, two-generation programming that uplifts communities by promoting school-readiness for children and increasing pathways to economic mobility for families. \u00a0 Licensees Our licensees have full access to our evidence-based programming that has been linked to a ... Leer m\u00e1s","og_url":"https:\/\/www.avance.org\/es\/partners\/licensees\/","og_site_name":"AVANCE","article_publisher":"https:\/\/www.facebook.com\/AVANCEinc\/","article_modified_time":"2026-02-11T16:57:08+00:00","og_image":[{"url":"https:\/\/www.avance.org\/wp-content\/uploads\/2026\/02\/pca-logo-with-mosiac-300.png","type":"","width":"","height":""}],"twitter_card":"summary_large_image","twitter_site":"@AVANCEinc","twitter_misc":{"Tiempo de lectura":"1 minuto"},"schema":{"@context":"https:\/\/schema.org","@graph":[{"@type":"WebPage","@id":"https:\/\/www.avance.org\/partners\/licensees\/","url":"https:\/\/www.avance.org\/partners\/licensees\/","name":"Licensees - AVANCE","isPartOf":{"@id":"https:\/\/www.avance.org\/#website"},"primaryImageOfPage":{"@id":"https:\/\/www.avance.org\/partners\/licensees\/#primaryimage"},"image":{"@id":"https:\/\/www.avance.org\/partners\/licensees\/#primaryimage"},"thumbnailUrl":"https:\/\/www.avance.org\/wp-content\/uploads\/2026\/02\/pca-logo-with-mosiac-300.png","datePublished":"2022-07-14T21:57:02+00:00","dateModified":"2026-02-11T16:57:08+00:00","breadcrumb":{"@id":"https:\/\/www.avance.org\/partners\/licensees\/#breadcrumb"},"inLanguage":"es-MX","potentialAction":[{"@type":"ReadAction","target":["https:\/\/www.avance.org\/partners\/licensees\/"]}]},{"@type":"ImageObject","inLanguage":"es-MX","@id":"https:\/\/www.avance.org\/partners\/licensees\/#primaryimage","url":"https:\/\/www.avance.org\/wp-content\/uploads\/2026\/02\/pca-logo-with-mosiac-300.png","contentUrl":"https:\/\/www.avance.org\/wp-content\/uploads\/2026\/02\/pca-logo-with-mosiac-300.png"},{"@type":"BreadcrumbList","@id":"https:\/\/www.avance.org\/partners\/licensees\/#breadcrumb","itemListElement":[{"@type":"ListItem","position":1,"name":"Home","item":"https:\/\/www.avance.org\/"},{"@type":"ListItem","position":2,"name":"Partners","item":"https:\/\/www.avance.org\/partners\/"},{"@type":"ListItem","position":3,"name":"Licensees"}]},{"@type":"WebSite","@id":"https:\/\/www.avance.org\/#website","url":"https:\/\/www.avance.org\/","name":"AVANCE","description":"Unlocking America&#039;s Potential","publisher":{"@id":"https:\/\/www.avance.org\/#organization"},"potentialAction":[{"@type":"SearchAction","target":{"@type":"EntryPoint","urlTemplate":"https:\/\/www.avance.org\/?s={search_term_string}"},"query-input":{"@type":"PropertyValueSpecification","valueRequired":true,"valueName":"search_term_string"}}],"inLanguage":"es-MX"},{"@type":"Organization","@id":"https:\/\/www.avance.org\/#organization","name":"AVANCE","url":"https:\/\/www.avance.org\/","logo":{"@type":"ImageObject","inLanguage":"es-MX","@id":"https:\/\/www.avance.org\/#\/schema\/logo\/image\/","url":"https:\/\/www.avance.org\/wp-content\/uploads\/2022\/07\/logo.svg","contentUrl":"https:\/\/www.avance.org\/wp-content\/uploads\/2022\/07\/logo.svg","caption":"AVANCE"},"image":{"@id":"https:\/\/www.avance.org\/#\/schema\/logo\/image\/"},"sameAs":["https:\/\/www.facebook.com\/AVANCEinc\/","https:\/\/x.com\/AVANCEinc","https:\/\/www.instagram.com\/avance__inc\/","https:\/\/www.linkedin.com\/company\/avance-inc"]}]}},"post_mailing_queue_ids":[],"_links":{"self":[{"href":"https:\/\/www.avance.org\/es\/wp-json\/wp\/v2\/pages\/2020","targetHints":{"allow":["GET"]}}],"collection":[{"href":"https:\/\/www.avance.org\/es\/wp-json\/wp\/v2\/pages"}],"about":[{"href":"https:\/\/www.avance.org\/es\/wp-json\/wp\/v2\/types\/page"}],"author":[{"embeddable":true,"href":"https:\/\/www.avance.org\/es\/wp-json\/wp\/v2\/users\/1"}],"replies":[{"embeddable":true,"href":"https:\/\/www.avance.org\/es\/wp-json\/wp\/v2\/comments?post=2020"}],"version-history":[{"count":10,"href":"https:\/\/www.avance.org\/es\/wp-json\/wp\/v2\/pages\/2020\/revisions"}],"predecessor-version":[{"id":7471,"href":"https:\/\/www.avance.org\/es\/wp-json\/wp\/v2\/pages\/2020\/revisions\/7471"}],"up":[{"embeddable":true,"href":"https:\/\/www.avance.org\/es\/wp-json\/wp\/v2\/pages\/1297"}],"wp:attachment":[{"href":"https:\/\/www.avance.org\/es\/wp-json\/wp\/v2\/media?parent=2020"}],"curies":[{"name":"wp","href":"https:\/\/api.w.org\/{rel}","templated":true}]}}