{"id":2018,"date":"2022-07-14T21:57:02","date_gmt":"2022-07-14T21:57:02","guid":{"rendered":"\/avance998\/funders\/"},"modified":"2025-02-01T13:31:07","modified_gmt":"2025-02-01T18:31:07","slug":"funders","status":"publish","type":"page","link":"https:\/\/www.avance.org\/es\/partners\/funders\/","title":{"rendered":"Financiadores"},"content":{"rendered":"<h2>\n\t\tFinanciadores\n\t<\/h2>\n\t<strong>We are deeply grateful for the support of<br \/>\nour AVANCE community.<\/strong>\n<p>&nbsp;<\/p>\n<p><strong>AVANCE quisiera agradecer a todos nuestros financiadores, p\u00fablicos y privados, cuyo generoso apoyo hace posible nuestro trabajo. Juntos, continuamos empoderando a las familias a las que servimos.<\/strong><\/p>\n\t\t\t\t<a href=\"https:\/\/www.powellfoundation.org\/\" target=\"_blank\" rel=\"noopener\" itemprop=\"url\">\n\t\t\t\t<img decoding=\"async\" src=\"\/wp-content\/uploads\/2022\/08\/66.png\" alt=\"66\" itemprop=\"image\" title=\"66\" onerror=\"this.style.display='none'\"  \/>\n\t\t\t\t<\/a>\n\t\t\t\t<a href=\"https:\/\/www.twc.texas.gov\/\" target=\"_blank\" rel=\"noopener\" itemprop=\"url\">\n\t\t\t\t<img decoding=\"async\" src=\"\/wp-content\/uploads\/2022\/08\/3-5.png\" alt=\"3\" itemprop=\"image\" title=\"3\" onerror=\"this.style.display='none'\"  \/>\n\t\t\t\t<\/a>\n\t\t\t\t<a href=\"https:\/\/valhalla.org\/\" target=\"_blank\" rel=\"noopener\" itemprop=\"url\">\n\t\t\t\t<img loading=\"lazy\" decoding=\"async\" src=\"https:\/\/www.avance.org\/wp-content\/uploads\/2022\/08\/4-4.png\" alt=\"4\" itemprop=\"image\" height=\"94\" width=\"289\" title=\"4\" onerror=\"this.style.display='none'\"  \/>\n\t\t\t\t<\/a>\n\t\t\t\t<a href=\"https:\/\/www.newprofit.org\/\" target=\"_blank\" rel=\"noopener\" itemprop=\"url\">\n\t\t\t\t<img loading=\"lazy\" decoding=\"async\" src=\"https:\/\/www.avance.org\/wp-content\/uploads\/2023\/03\/new-profit-logo-color-rgb.png\" alt=\"new-profit-logo-color-rgb\" itemprop=\"image\" height=\"79\" width=\"667\" title=\"new-profit-logo-color-rgb\" onerror=\"this.style.display='none'\"  \/>\n\t\t\t\t<\/a>\n\t\t\t\t<a href=\"https:\/\/www.unitedwayaustin.org\/\" target=\"_blank\" rel=\"noopener\" itemprop=\"url\">\n\t\t\t\t<img decoding=\"async\" src=\"\/wp-content\/uploads\/2022\/08\/77.png\" alt=\"77\" itemprop=\"image\" title=\"77\" onerror=\"this.style.display='none'\"  \/>\n\t\t\t\t<\/a>\n\t\t\t\t<a href=\"https:\/\/www.arrowimpact.org\/\" target=\"_blank\" rel=\"noopener\" itemprop=\"url\">\n\t\t\t\t<img decoding=\"async\" src=\"\/wp-content\/uploads\/2022\/08\/2-6.png\" alt=\"2\" itemprop=\"image\" title=\"2\" onerror=\"this.style.display='none'\"  \/>\n\t\t\t\t<\/a>\n\t\t\t\t<a href=\"https:\/\/txwf.org\/\" target=\"_blank\" rel=\"noopener\" itemprop=\"url\">\n\t\t\t\t<img decoding=\"async\" src=\"\/wp-content\/uploads\/2022\/08\/3-6.png\" alt=\"3\" itemprop=\"image\" title=\"3\" onerror=\"this.style.display='none'\"  \/>\n\t\t\t\t<\/a>\n\t\t\t\t<a href=\"https:\/\/www.hearstfdn.org\/home\" target=\"_blank\" rel=\"noopener\" itemprop=\"url\">\n\t\t\t\t<img decoding=\"async\" src=\"\/wp-content\/uploads\/2022\/08\/4-5.png\" alt=\"4\" itemprop=\"image\" title=\"4\" onerror=\"this.style.display='none'\"  \/>\n\t\t\t\t<\/a>\n\t\t\t\t<a href=\"https:\/\/www.mfi.org\/\" target=\"_blank\" rel=\"noopener\" itemprop=\"url\">\n\t\t\t\t<img loading=\"lazy\" decoding=\"async\" src=\"https:\/\/www.avance.org\/wp-content\/uploads\/2022\/08\/1-8.png\" alt=\"1\" itemprop=\"image\" height=\"127\" width=\"300\" title=\"1\" onerror=\"this.style.display='none'\"  \/>\n\t\t\t\t<\/a>\n\t\t\t\t<a href=\"https:\/\/www.theandersonfoundation.org\/\" target=\"_blank\" rel=\"noopener\" itemprop=\"url\">\n\t\t\t\t<img decoding=\"async\" src=\"\/wp-content\/uploads\/2022\/08\/77-1.png\" alt=\"77\" itemprop=\"image\" title=\"77\" onerror=\"this.style.display='none'\"  \/>\n\t\t\t\t<\/a>\n\t\t\t\t<a href=\"https:\/\/www.jamesavery.com\/pages\/forging-hope\" target=\"_blank\" rel=\"noopener\" itemprop=\"url\">\n\t\t\t\t<img decoding=\"async\" src=\"\/wp-content\/uploads\/2022\/08\/file.jpg\" alt=\"file\" itemprop=\"image\" title=\"file\" onerror=\"this.style.display='none'\"  \/>\n\t\t\t\t<\/a>\n\t\t\t\t<a href=\"https:\/\/www.montandoncharitabletrust.org\/\" target=\"_blank\" rel=\"noopener\" itemprop=\"url\">\n\t\t\t\t<img decoding=\"async\" src=\"\/wp-content\/uploads\/2022\/08\/88.png\" alt=\"88\" itemprop=\"image\" title=\"88\" onerror=\"this.style.display='none'\"  \/>\n\t\t\t\t<\/a>\n\t<p><b>\u00a1USTED tambi\u00e9n puede ser parte de la historia de AVANCE! <\/b>Su donaci\u00f3n es una inversi\u00f3n en nuestro trabajo y en las familias a las que servimos. Cada d\u00f3lar nos acerca a hacer realidad nuestra visi\u00f3n de un mundo donde todos los ni\u00f1os y las familias tengan acceso equitativo a los recursos y oportunidades para alcanzar su m\u00e1ximo potencial.<\/p>\n<p>&nbsp;<\/p>\n<p>Para realizar una donaci\u00f3n con cheque, usted puede hacerlo nombre de <b>AVANCE Inc.<\/b> y enviarlo por correo a:<\/p>\n<p>&nbsp;<\/p>\nAVANCE Inc.<br \/>\n824 Broadway St, Ste 204<br \/>\nSan Antonio, TX 78215\n<p>&nbsp;<\/p>\n<p>Para hacer una donaci\u00f3n en l\u00ednea, puede usar el bot\u00f3n DONAR a continuaci\u00f3n.<\/p>\n\t\t\t<a href=\"https:\/\/form-renderer-app.donorperfect.io\/give\/avance-inc--national\/avance-general-2022\" target=\"_blank\" role=\"button\" rel=\"noopener\">\n\t\t\t\t\t\t\u00a1AP\u00d3YANOS!\n\t\t\t\t\t<\/a>\n\t\t\t\t<img loading=\"lazy\" decoding=\"async\" src=\"https:\/\/www.avance.org\/wp-content\/uploads\/2022\/07\/Center-Markers-172-scaled.jpg\" alt=\"Center Markers 172\" itemprop=\"image\" height=\"1600\" width=\"2560\" title=\"Center Markers 172\" onerror=\"this.style.display='none'\"  \/>","protected":false},"excerpt":{"rendered":"<p>Funders We are deeply grateful for the support of our AVANCE community. &nbsp; AVANCE would like to thank all of our funders, public and private, whose generous support makes our work possible. Together, we continue to empower the families we serve. You can be a part of the AVANCE story too! Your donation is an &#8230; <a title=\"Financiadores\" class=\"read-more\" href=\"https:\/\/www.avance.org\/es\/partners\/funders\/\" aria-label=\"M\u00e1s en Funders\">Leer m\u00e1s<\/a><\/p>","protected":false},"author":1,"featured_media":0,"parent":1297,"menu_order":1,"comment_status":"closed","ping_status":"closed","template":"","meta":{"inline_featured_image":false,"footnotes":""},"class_list":["post-2018","page","type-page","status-publish"],"yoast_head":"<!-- This site is optimized with the Yoast SEO Premium plugin v25.3 (Yoast SEO v25.3) - https:\/\/yoast.com\/wordpress\/plugins\/seo\/ -->\n<title>Funders - AVANCE<\/title>\n<meta name=\"robots\" content=\"index, follow, max-snippet:-1, max-image-preview:large, max-video-preview:-1\" \/>\n<link rel=\"canonical\" href=\"https:\/\/www.avance.org\/es\/partners\/funders\/\" \/>\n<meta property=\"og:locale\" content=\"es_MX\" \/>\n<meta property=\"og:type\" content=\"article\" \/>\n<meta property=\"og:title\" content=\"Funders\" \/>\n<meta property=\"og:description\" content=\"Funders We are deeply grateful for the support of our AVANCE community. &nbsp; AVANCE would like to thank all of our funders, public and private, whose generous support makes our work possible. Together, we continue to empower the families we serve. You can be a part of the AVANCE story too! Your donation is an ... Leer m\u00e1s\" \/>\n<meta property=\"og:url\" content=\"https:\/\/www.avance.org\/es\/partners\/funders\/\" \/>\n<meta property=\"og:site_name\" content=\"AVANCE\" \/>\n<meta property=\"article:publisher\" content=\"https:\/\/www.facebook.com\/AVANCEinc\/\" \/>\n<meta property=\"article:modified_time\" content=\"2025-02-01T18:31:07+00:00\" \/>\n<meta property=\"og:image\" content=\"https:\/\/www.avance.org\/wp-content\/uploads\/2022\/08\/4-4.png\" \/>\n<meta name=\"twitter:card\" content=\"summary_large_image\" \/>\n<meta name=\"twitter:site\" content=\"@AVANCEinc\" \/>\n<meta name=\"twitter:label1\" content=\"Tiempo de lectura\" \/>\n\t<meta name=\"twitter:data1\" content=\"4 minutos\" \/>\n<script type=\"application\/ld+json\" class=\"yoast-schema-graph\">{\"@context\":\"https:\/\/schema.org\",\"@graph\":[{\"@type\":\"WebPage\",\"@id\":\"https:\/\/www.avance.org\/partners\/funders\/\",\"url\":\"https:\/\/www.avance.org\/partners\/funders\/\",\"name\":\"Funders - AVANCE\",\"isPartOf\":{\"@id\":\"https:\/\/www.avance.org\/#website\"},\"primaryImageOfPage\":{\"@id\":\"https:\/\/www.avance.org\/partners\/funders\/#primaryimage\"},\"image\":{\"@id\":\"https:\/\/www.avance.org\/partners\/funders\/#primaryimage\"},\"thumbnailUrl\":\"https:\/\/www.avance.org\/wp-content\/uploads\/2022\/08\/4-4.png\",\"datePublished\":\"2022-07-14T21:57:02+00:00\",\"dateModified\":\"2025-02-01T18:31:07+00:00\",\"breadcrumb\":{\"@id\":\"https:\/\/www.avance.org\/partners\/funders\/#breadcrumb\"},\"inLanguage\":\"es-MX\",\"potentialAction\":[{\"@type\":\"ReadAction\",\"target\":[\"https:\/\/www.avance.org\/partners\/funders\/\"]}]},{\"@type\":\"ImageObject\",\"inLanguage\":\"es-MX\",\"@id\":\"https:\/\/www.avance.org\/partners\/funders\/#primaryimage\",\"url\":\"https:\/\/www.avance.org\/wp-content\/uploads\/2022\/08\/4-4.png\",\"contentUrl\":\"https:\/\/www.avance.org\/wp-content\/uploads\/2022\/08\/4-4.png\"},{\"@type\":\"BreadcrumbList\",\"@id\":\"https:\/\/www.avance.org\/partners\/funders\/#breadcrumb\",\"itemListElement\":[{\"@type\":\"ListItem\",\"position\":1,\"name\":\"Home\",\"item\":\"https:\/\/www.avance.org\/\"},{\"@type\":\"ListItem\",\"position\":2,\"name\":\"Partners\",\"item\":\"https:\/\/www.avance.org\/partners\/\"},{\"@type\":\"ListItem\",\"position\":3,\"name\":\"Funders\"}]},{\"@type\":\"WebSite\",\"@id\":\"https:\/\/www.avance.org\/#website\",\"url\":\"https:\/\/www.avance.org\/\",\"name\":\"AVANCE\",\"description\":\"Unlocking America&#039;s Potential\",\"publisher\":{\"@id\":\"https:\/\/www.avance.org\/#organization\"},\"potentialAction\":[{\"@type\":\"SearchAction\",\"target\":{\"@type\":\"EntryPoint\",\"urlTemplate\":\"https:\/\/www.avance.org\/?s={search_term_string}\"},\"query-input\":{\"@type\":\"PropertyValueSpecification\",\"valueRequired\":true,\"valueName\":\"search_term_string\"}}],\"inLanguage\":\"es-MX\"},{\"@type\":\"Organization\",\"@id\":\"https:\/\/www.avance.org\/#organization\",\"name\":\"AVANCE\",\"url\":\"https:\/\/www.avance.org\/\",\"logo\":{\"@type\":\"ImageObject\",\"inLanguage\":\"es-MX\",\"@id\":\"https:\/\/www.avance.org\/#\/schema\/logo\/image\/\",\"url\":\"https:\/\/www.avance.org\/wp-content\/uploads\/2022\/07\/logo.svg\",\"contentUrl\":\"https:\/\/www.avance.org\/wp-content\/uploads\/2022\/07\/logo.svg\",\"caption\":\"AVANCE\"},\"image\":{\"@id\":\"https:\/\/www.avance.org\/#\/schema\/logo\/image\/\"},\"sameAs\":[\"https:\/\/www.facebook.com\/AVANCEinc\/\",\"https:\/\/x.com\/AVANCEinc\",\"https:\/\/www.instagram.com\/avance__inc\/\",\"https:\/\/www.linkedin.com\/company\/avance-inc\"]}]}<\/script>\n<!-- \/ Yoast SEO Premium plugin. -->","yoast_head_json":{"title":"Funders - AVANCE","robots":{"index":"index","follow":"follow","max-snippet":"max-snippet:-1","max-image-preview":"max-image-preview:large","max-video-preview":"max-video-preview:-1"},"canonical":"https:\/\/www.avance.org\/es\/partners\/funders\/","og_locale":"es_MX","og_type":"article","og_title":"Funders","og_description":"Funders We are deeply grateful for the support of our AVANCE community. &nbsp; AVANCE would like to thank all of our funders, public and private, whose generous support makes our work possible. Together, we continue to empower the families we serve. You can be a part of the AVANCE story too! Your donation is an ... Leer m\u00e1s","og_url":"https:\/\/www.avance.org\/es\/partners\/funders\/","og_site_name":"AVANCE","article_publisher":"https:\/\/www.facebook.com\/AVANCEinc\/","article_modified_time":"2025-02-01T18:31:07+00:00","og_image":[{"url":"https:\/\/www.avance.org\/wp-content\/uploads\/2022\/08\/4-4.png","type":"","width":"","height":""}],"twitter_card":"summary_large_image","twitter_site":"@AVANCEinc","twitter_misc":{"Tiempo de lectura":"4 minutos"},"schema":{"@context":"https:\/\/schema.org","@graph":[{"@type":"WebPage","@id":"https:\/\/www.avance.org\/partners\/funders\/","url":"https:\/\/www.avance.org\/partners\/funders\/","name":"Funders - AVANCE","isPartOf":{"@id":"https:\/\/www.avance.org\/#website"},"primaryImageOfPage":{"@id":"https:\/\/www.avance.org\/partners\/funders\/#primaryimage"},"image":{"@id":"https:\/\/www.avance.org\/partners\/funders\/#primaryimage"},"thumbnailUrl":"https:\/\/www.avance.org\/wp-content\/uploads\/2022\/08\/4-4.png","datePublished":"2022-07-14T21:57:02+00:00","dateModified":"2025-02-01T18:31:07+00:00","breadcrumb":{"@id":"https:\/\/www.avance.org\/partners\/funders\/#breadcrumb"},"inLanguage":"es-MX","potentialAction":[{"@type":"ReadAction","target":["https:\/\/www.avance.org\/partners\/funders\/"]}]},{"@type":"ImageObject","inLanguage":"es-MX","@id":"https:\/\/www.avance.org\/partners\/funders\/#primaryimage","url":"https:\/\/www.avance.org\/wp-content\/uploads\/2022\/08\/4-4.png","contentUrl":"https:\/\/www.avance.org\/wp-content\/uploads\/2022\/08\/4-4.png"},{"@type":"BreadcrumbList","@id":"https:\/\/www.avance.org\/partners\/funders\/#breadcrumb","itemListElement":[{"@type":"ListItem","position":1,"name":"Home","item":"https:\/\/www.avance.org\/"},{"@type":"ListItem","position":2,"name":"Partners","item":"https:\/\/www.avance.org\/partners\/"},{"@type":"ListItem","position":3,"name":"Funders"}]},{"@type":"WebSite","@id":"https:\/\/www.avance.org\/#website","url":"https:\/\/www.avance.org\/","name":"AVANCE","description":"Unlocking America&#039;s Potential","publisher":{"@id":"https:\/\/www.avance.org\/#organization"},"potentialAction":[{"@type":"SearchAction","target":{"@type":"EntryPoint","urlTemplate":"https:\/\/www.avance.org\/?s={search_term_string}"},"query-input":{"@type":"PropertyValueSpecification","valueRequired":true,"valueName":"search_term_string"}}],"inLanguage":"es-MX"},{"@type":"Organization","@id":"https:\/\/www.avance.org\/#organization","name":"AVANCE","url":"https:\/\/www.avance.org\/","logo":{"@type":"ImageObject","inLanguage":"es-MX","@id":"https:\/\/www.avance.org\/#\/schema\/logo\/image\/","url":"https:\/\/www.avance.org\/wp-content\/uploads\/2022\/07\/logo.svg","contentUrl":"https:\/\/www.avance.org\/wp-content\/uploads\/2022\/07\/logo.svg","caption":"AVANCE"},"image":{"@id":"https:\/\/www.avance.org\/#\/schema\/logo\/image\/"},"sameAs":["https:\/\/www.facebook.com\/AVANCEinc\/","https:\/\/x.com\/AVANCEinc","https:\/\/www.instagram.com\/avance__inc\/","https:\/\/www.linkedin.com\/company\/avance-inc"]}]}},"post_mailing_queue_ids":[],"_links":{"self":[{"href":"https:\/\/www.avance.org\/es\/wp-json\/wp\/v2\/pages\/2018","targetHints":{"allow":["GET"]}}],"collection":[{"href":"https:\/\/www.avance.org\/es\/wp-json\/wp\/v2\/pages"}],"about":[{"href":"https:\/\/www.avance.org\/es\/wp-json\/wp\/v2\/types\/page"}],"author":[{"embeddable":true,"href":"https:\/\/www.avance.org\/es\/wp-json\/wp\/v2\/users\/1"}],"replies":[{"embeddable":true,"href":"https:\/\/www.avance.org\/es\/wp-json\/wp\/v2\/comments?post=2018"}],"version-history":[{"count":10,"href":"https:\/\/www.avance.org\/es\/wp-json\/wp\/v2\/pages\/2018\/revisions"}],"predecessor-version":[{"id":6676,"href":"https:\/\/www.avance.org\/es\/wp-json\/wp\/v2\/pages\/2018\/revisions\/6676"}],"up":[{"embeddable":true,"href":"https:\/\/www.avance.org\/es\/wp-json\/wp\/v2\/pages\/1297"}],"wp:attachment":[{"href":"https:\/\/www.avance.org\/es\/wp-json\/wp\/v2\/media?parent=2018"}],"curies":[{"name":"wp","href":"https:\/\/api.w.org\/{rel}","templated":true}]}}