{"id":2016,"date":"2022-07-14T21:57:02","date_gmt":"2022-07-14T21:57:02","guid":{"rendered":"\/avance998\/collaborators\/"},"modified":"2024-10-02T16:35:56","modified_gmt":"2024-10-02T21:35:56","slug":"collaborators","status":"publish","type":"page","link":"https:\/\/www.avance.org\/es\/partners\/collaborators\/","title":{"rendered":"Colaboradores"},"content":{"rendered":"<h2>\n\t\tColaboradores\n\t<\/h2>\n\t<p><strong>Nuestra programaci\u00f3n no ser\u00eda posible sin socios que realmente crean en nuestra misi\u00f3n. Estas organizaciones e iniciativas brindan recursos, servicios y defensa que respaldan y ampl\u00edan nuestro trabajo dentro de las comunidades a las que servimos. Estamos agradecidos por el apoyo continuo de cada uno de nuestros socios:<\/strong><\/p>\n\t\t\t\t<a href=\"https:\/\/www.austincc.edu\/\" target=\"_self\" itemprop=\"url\" rel=\"noopener\">\n\t\t\t\t<img decoding=\"async\" src=\"\/wp-content\/uploads\/2022\/08\/austinccd-e1660569798286.png\" alt=\"austinccd\" itemprop=\"image\" title=\"austinccd\" onerror=\"this.style.display='none'\"  \/>\n\t\t\t\t<\/a>\n\t\t\t\t<a href=\"https:\/\/developingchild.harvard.edu\/\" target=\"_blank\" rel=\"noopener\" itemprop=\"url\">\n\t\t\t\t<img decoding=\"async\" src=\"\/wp-content\/uploads\/2022\/08\/2.png\" alt=\"2\" itemprop=\"image\" title=\"2\" onerror=\"this.style.display='none'\"  \/>\n\t\t\t\t<\/a>\n\t\t\t\t<a href=\"https:\/\/childrenatrisk.org\/\" target=\"_blank\" rel=\"noopener\" itemprop=\"url\">\n\t\t\t\t<img decoding=\"async\" src=\"\/wp-content\/uploads\/2022\/08\/3.png\" alt=\"3\" itemprop=\"image\" title=\"3\" onerror=\"this.style.display='none'\"  \/>\n\t\t\t\t<\/a>\n\t\t\t\t<a href=\"https:\/\/www.austincc.edu\/\" target=\"_blank\" rel=\"noopener\" itemprop=\"url\">\n\t\t\t\t<img decoding=\"async\" src=\"\/wp-content\/uploads\/2022\/07\/Untitled-1_05-2.png\" alt=\"Untitled-1_05\" itemprop=\"image\" title=\"Untitled-1_05\" onerror=\"this.style.display='none'\"  \/>\n\t\t\t\t<\/a>\n\t\t\t\t<a href=\"https:\/\/www.earlymatterselpaso.net\/home\" target=\"_blank\" rel=\"noopener\" itemprop=\"url\">\n\t\t\t\t<img decoding=\"async\" src=\"\/wp-content\/uploads\/2022\/07\/Untitled-1_11.png\" alt=\"Untitled-1_11\" itemprop=\"image\" title=\"Untitled-1_11\" onerror=\"this.style.display='none'\"  \/>\n\t\t\t\t<\/a>\n\t\t\t\t<a href=\"https:\/\/www.educareschools.org\/\" target=\"_blank\" rel=\"noopener\" itemprop=\"url\">\n\t\t\t\t<img decoding=\"async\" src=\"\/wp-content\/uploads\/2022\/07\/Untitled-1_18.png\" alt=\"Untitled-1_18\" itemprop=\"image\" title=\"Untitled-1_18\" onerror=\"this.style.display='none'\"  \/>\n\t\t\t\t<\/a>\n\t\t\t\t<a href=\"https:\/\/www.heb.com\/static-page\/read-3-help-grow-young-minds\" target=\"_blank\" rel=\"noopener\" itemprop=\"url\">\n\t\t\t\t<img decoding=\"async\" src=\"\/wp-content\/uploads\/2022\/08\/3-1.png\" alt=\"3\" itemprop=\"image\" title=\"3\" onerror=\"this.style.display='none'\"  \/>\n\t\t\t\t<\/a>\n\t\t\t\t<a href=\"https:\/\/www.psjaisd.us\/\" target=\"_blank\" rel=\"noopener\" itemprop=\"url\">\n\t\t\t\t<img decoding=\"async\" src=\"\/wp-content\/uploads\/2022\/07\/Untitled-1_22.png\" alt=\"Untitled-1_22\" itemprop=\"image\" title=\"Untitled-1_22\" onerror=\"this.style.display='none'\"  \/>\n\t\t\t\t<\/a>\n\t\t\t\t<a href=\"https:\/\/www.promisestudio.org\/\" target=\"_blank\" rel=\"noopener\" itemprop=\"url\">\n\t\t\t\t<img decoding=\"async\" src=\"\/wp-content\/uploads\/2022\/07\/Untitled-1_30.png\" alt=\"Untitled-1_30\" itemprop=\"image\" title=\"Untitled-1_30\" onerror=\"this.style.display='none'\"  \/>\n\t\t\t\t<\/a>\n\t\t\t\t<a href=\"https:\/\/shineearly.com\/\" target=\"_blank\" rel=\"noopener\" itemprop=\"url\">\n\t\t\t\t<img decoding=\"async\" src=\"\/wp-content\/uploads\/2022\/07\/Untitled-1_31.png\" alt=\"Untitled-1_31\" itemprop=\"image\" title=\"Untitled-1_31\" onerror=\"this.style.display='none'\"  \/>\n\t\t\t\t<\/a>\n\t\t\t\t<a href=\"https:\/\/www.texaspolicylab.org\/\" target=\"_blank\" rel=\"noopener\" itemprop=\"url\">\n\t\t\t\t<img decoding=\"async\" src=\"\/wp-content\/uploads\/2022\/08\/3-2.png\" alt=\"3\" itemprop=\"image\" title=\"3\" onerror=\"this.style.display='none'\"  \/>\n\t\t\t\t<\/a>\n\t\t\t\t<a href=\"\/es\/texprotects.org\/\" target=\"_blank\" rel=\"noopener\" itemprop=\"url\">\n\t\t\t\t<img decoding=\"async\" src=\"\/wp-content\/uploads\/2022\/07\/Untitled-1_35.png\" alt=\"Untitled-1_35\" itemprop=\"image\" title=\"Untitled-1_35\" onerror=\"this.style.display='none'\"  \/>\n\t\t\t\t<\/a>\n\t\t\t\t<a href=\"https:\/\/www.unidosus.org\/\" target=\"_blank\" rel=\"noopener\" itemprop=\"url\">\n\t\t\t\t<img decoding=\"async\" src=\"\/wp-content\/uploads\/2022\/08\/1-3.png\" alt=\"1\" itemprop=\"image\" title=\"1\" onerror=\"this.style.display='none'\"  \/>\n\t\t\t\t<\/a>\n\t\t\t\t<a href=\"https:\/\/www.utep.edu\/\" target=\"_blank\" rel=\"noopener\" itemprop=\"url\">\n\t\t\t\t<img decoding=\"async\" src=\"\/wp-content\/uploads\/2022\/08\/University-of-Texas-at-El-Paso-Logo-e1660570200890.png\" alt=\"University-of-Texas-at-El-Paso-Logo\" itemprop=\"image\" title=\"University-of-Texas-at-El-Paso-Logo\" onerror=\"this.style.display='none'\"  \/>\n\t\t\t\t<\/a>\n\t\t\t\t<a href=\"https:\/\/www.vroom.org\/\" target=\"_blank\" rel=\"noopener\" itemprop=\"url\">\n\t\t\t\t<img decoding=\"async\" src=\"\/wp-content\/uploads\/2022\/07\/Untitled-1_44.png\" alt=\"Untitled-1_44\" itemprop=\"image\" title=\"Untitled-1_44\" onerror=\"this.style.display='none'\"  \/>\n\t\t\t\t<\/a>\n\t\t\t\t<a href=\"https:\/\/www.borderplexjobs.com\/\" target=\"_blank\" rel=\"noopener\" itemprop=\"url\">\n\t\t\t\t<img decoding=\"async\" src=\"\/wp-content\/uploads\/2022\/07\/Untitled-1_46.png\" alt=\"Untitled-1_46\" itemprop=\"image\" title=\"Untitled-1_46\" onerror=\"this.style.display='none'\"  \/>\n\t\t\t\t<\/a>\n\t\t\t\t<a href=\"https:\/\/ncit.org\/\" target=\"_blank\" rel=\"noopener\" itemprop=\"url\">\n\t\t\t\t<img loading=\"lazy\" decoding=\"async\" src=\"https:\/\/www.avance.org\/wp-content\/uploads\/2024\/10\/ncit-logo-500x218-1.png\" alt=\"ncit-logo-500x218\" itemprop=\"image\" height=\"218\" width=\"500\" title=\"ncit-logo-500x218\" onerror=\"this.style.display='none'\"  \/>\n\t\t\t\t<\/a>\n\t\t\t\t<a href=\"https:\/\/www.wfscapitalarea.com\/\" target=\"_blank\" rel=\"noopener\" itemprop=\"url\">\n\t\t\t\t<img decoding=\"async\" src=\"\/wp-content\/uploads\/2022\/07\/Untitled-1_55.png\" alt=\"Untitled-1_55\" itemprop=\"image\" title=\"Untitled-1_55\" onerror=\"this.style.display='none'\"  \/>\n\t\t\t\t<\/a>\n\t\t\t\t<a href=\"https:\/\/www.zcisd.org\/\" target=\"_blank\" rel=\"noopener\" itemprop=\"url\">\n\t\t\t\t<img decoding=\"async\" src=\"\/wp-content\/uploads\/2022\/08\/33.png\" alt=\"33\" itemprop=\"image\" title=\"33\" onerror=\"this.style.display='none'\"  \/>\n\t\t\t\t<\/a>\n\t\t\t\t<a href=\"https:\/\/www.americaforward.org\/\" target=\"_blank\" rel=\"noopener\" itemprop=\"url\">\n\t\t\t\t<img loading=\"lazy\" decoding=\"async\" src=\"https:\/\/www.avance.org\/wp-content\/uploads\/2024\/10\/AmericaForwardlogo-300x109-1.png\" alt=\"AmericaForwardlogo-300x109\" itemprop=\"image\" height=\"109\" width=\"300\" title=\"AmericaForwardlogo-300x109\" onerror=\"this.style.display='none'\"  \/>\n\t\t\t\t<\/a>\n\t\t\t\t<a href=\"https:\/\/rockwoodleadership.org\/\" target=\"_blank\" rel=\"noopener\" itemprop=\"url\">\n\t\t\t\t<img loading=\"lazy\" decoding=\"async\" src=\"https:\/\/www.avance.org\/wp-content\/uploads\/2024\/10\/rli-dark-600x300-1.png\" alt=\"rli-dark-600x300\" itemprop=\"image\" height=\"300\" width=\"600\" title=\"rli-dark-600x300\" onerror=\"this.style.display='none'\"  \/>\n\t\t\t\t<\/a>\n\t\t\t\t<a href=\"https:\/\/ascend.aspeninstitute.org\/\" target=\"_blank\" rel=\"noopener\" itemprop=\"url\">\n\t\t\t\t<img loading=\"lazy\" decoding=\"async\" src=\"https:\/\/www.avance.org\/wp-content\/uploads\/2024\/10\/ascend_500x200.png\" alt=\"ascend_500x200\" itemprop=\"image\" height=\"200\" width=\"500\" title=\"ascend_500x200\" onerror=\"this.style.display='none'\"  \/>\n\t\t\t\t<\/a>","protected":false},"excerpt":{"rendered":"<p>Collaborators Our programming would not be possible without partners who truly believe in our mission. These organizations and initiatives provide resources, services, and advocacy that supports and amplifies our work within the communities we serve. We are thankful for the ongoing support of each of our partners:<\/p>","protected":false},"author":1,"featured_media":0,"parent":1297,"menu_order":0,"comment_status":"closed","ping_status":"closed","template":"","meta":{"inline_featured_image":false,"footnotes":""},"class_list":["post-2016","page","type-page","status-publish"],"yoast_head":"<!-- This site is optimized with the Yoast SEO Premium plugin v25.3 (Yoast SEO v25.3) - https:\/\/yoast.com\/wordpress\/plugins\/seo\/ -->\n<title>Collaborators - AVANCE<\/title>\n<meta name=\"robots\" content=\"index, follow, max-snippet:-1, max-image-preview:large, max-video-preview:-1\" \/>\n<link rel=\"canonical\" href=\"https:\/\/www.avance.org\/es\/partners\/collaborators\/\" \/>\n<meta property=\"og:locale\" content=\"es_MX\" \/>\n<meta property=\"og:type\" content=\"article\" \/>\n<meta property=\"og:title\" content=\"Collaborators\" \/>\n<meta property=\"og:description\" content=\"Collaborators Our programming would not be possible without partners who truly believe in our mission. These organizations and initiatives provide resources, services, and advocacy that supports and amplifies our work within the communities we serve. We are thankful for the ongoing support of each of our partners:\" \/>\n<meta property=\"og:url\" content=\"https:\/\/www.avance.org\/es\/partners\/collaborators\/\" \/>\n<meta property=\"og:site_name\" content=\"AVANCE\" \/>\n<meta property=\"article:publisher\" content=\"https:\/\/www.facebook.com\/AVANCEinc\/\" \/>\n<meta property=\"article:modified_time\" content=\"2024-10-02T21:35:56+00:00\" \/>\n<meta property=\"og:image\" content=\"https:\/\/www.avance.org\/wp-content\/uploads\/2024\/10\/ncit-logo-500x218-1.png\" \/>\n<meta name=\"twitter:card\" content=\"summary_large_image\" \/>\n<meta name=\"twitter:site\" content=\"@AVANCEinc\" \/>\n<script type=\"application\/ld+json\" class=\"yoast-schema-graph\">{\"@context\":\"https:\/\/schema.org\",\"@graph\":[{\"@type\":\"WebPage\",\"@id\":\"https:\/\/www.avance.org\/partners\/collaborators\/\",\"url\":\"https:\/\/www.avance.org\/partners\/collaborators\/\",\"name\":\"Collaborators - AVANCE\",\"isPartOf\":{\"@id\":\"https:\/\/www.avance.org\/#website\"},\"primaryImageOfPage\":{\"@id\":\"https:\/\/www.avance.org\/partners\/collaborators\/#primaryimage\"},\"image\":{\"@id\":\"https:\/\/www.avance.org\/partners\/collaborators\/#primaryimage\"},\"thumbnailUrl\":\"https:\/\/www.avance.org\/wp-content\/uploads\/2024\/10\/ncit-logo-500x218-1.png\",\"datePublished\":\"2022-07-14T21:57:02+00:00\",\"dateModified\":\"2024-10-02T21:35:56+00:00\",\"breadcrumb\":{\"@id\":\"https:\/\/www.avance.org\/partners\/collaborators\/#breadcrumb\"},\"inLanguage\":\"es-MX\",\"potentialAction\":[{\"@type\":\"ReadAction\",\"target\":[\"https:\/\/www.avance.org\/partners\/collaborators\/\"]}]},{\"@type\":\"ImageObject\",\"inLanguage\":\"es-MX\",\"@id\":\"https:\/\/www.avance.org\/partners\/collaborators\/#primaryimage\",\"url\":\"https:\/\/www.avance.org\/wp-content\/uploads\/2024\/10\/ncit-logo-500x218-1.png\",\"contentUrl\":\"https:\/\/www.avance.org\/wp-content\/uploads\/2024\/10\/ncit-logo-500x218-1.png\"},{\"@type\":\"BreadcrumbList\",\"@id\":\"https:\/\/www.avance.org\/partners\/collaborators\/#breadcrumb\",\"itemListElement\":[{\"@type\":\"ListItem\",\"position\":1,\"name\":\"Home\",\"item\":\"https:\/\/www.avance.org\/\"},{\"@type\":\"ListItem\",\"position\":2,\"name\":\"Partners\",\"item\":\"https:\/\/www.avance.org\/partners\/\"},{\"@type\":\"ListItem\",\"position\":3,\"name\":\"Collaborators\"}]},{\"@type\":\"WebSite\",\"@id\":\"https:\/\/www.avance.org\/#website\",\"url\":\"https:\/\/www.avance.org\/\",\"name\":\"AVANCE\",\"description\":\"Unlocking America&#039;s Potential\",\"publisher\":{\"@id\":\"https:\/\/www.avance.org\/#organization\"},\"potentialAction\":[{\"@type\":\"SearchAction\",\"target\":{\"@type\":\"EntryPoint\",\"urlTemplate\":\"https:\/\/www.avance.org\/?s={search_term_string}\"},\"query-input\":{\"@type\":\"PropertyValueSpecification\",\"valueRequired\":true,\"valueName\":\"search_term_string\"}}],\"inLanguage\":\"es-MX\"},{\"@type\":\"Organization\",\"@id\":\"https:\/\/www.avance.org\/#organization\",\"name\":\"AVANCE\",\"url\":\"https:\/\/www.avance.org\/\",\"logo\":{\"@type\":\"ImageObject\",\"inLanguage\":\"es-MX\",\"@id\":\"https:\/\/www.avance.org\/#\/schema\/logo\/image\/\",\"url\":\"https:\/\/www.avance.org\/wp-content\/uploads\/2022\/07\/logo.svg\",\"contentUrl\":\"https:\/\/www.avance.org\/wp-content\/uploads\/2022\/07\/logo.svg\",\"caption\":\"AVANCE\"},\"image\":{\"@id\":\"https:\/\/www.avance.org\/#\/schema\/logo\/image\/\"},\"sameAs\":[\"https:\/\/www.facebook.com\/AVANCEinc\/\",\"https:\/\/x.com\/AVANCEinc\",\"https:\/\/www.instagram.com\/avance__inc\/\",\"https:\/\/www.linkedin.com\/company\/avance-inc\"]}]}<\/script>\n<!-- \/ Yoast SEO Premium plugin. -->","yoast_head_json":{"title":"Collaborators - AVANCE","robots":{"index":"index","follow":"follow","max-snippet":"max-snippet:-1","max-image-preview":"max-image-preview:large","max-video-preview":"max-video-preview:-1"},"canonical":"https:\/\/www.avance.org\/es\/partners\/collaborators\/","og_locale":"es_MX","og_type":"article","og_title":"Collaborators","og_description":"Collaborators Our programming would not be possible without partners who truly believe in our mission. These organizations and initiatives provide resources, services, and advocacy that supports and amplifies our work within the communities we serve. We are thankful for the ongoing support of each of our partners:","og_url":"https:\/\/www.avance.org\/es\/partners\/collaborators\/","og_site_name":"AVANCE","article_publisher":"https:\/\/www.facebook.com\/AVANCEinc\/","article_modified_time":"2024-10-02T21:35:56+00:00","og_image":[{"url":"https:\/\/www.avance.org\/wp-content\/uploads\/2024\/10\/ncit-logo-500x218-1.png","type":"","width":"","height":""}],"twitter_card":"summary_large_image","twitter_site":"@AVANCEinc","schema":{"@context":"https:\/\/schema.org","@graph":[{"@type":"WebPage","@id":"https:\/\/www.avance.org\/partners\/collaborators\/","url":"https:\/\/www.avance.org\/partners\/collaborators\/","name":"Collaborators - AVANCE","isPartOf":{"@id":"https:\/\/www.avance.org\/#website"},"primaryImageOfPage":{"@id":"https:\/\/www.avance.org\/partners\/collaborators\/#primaryimage"},"image":{"@id":"https:\/\/www.avance.org\/partners\/collaborators\/#primaryimage"},"thumbnailUrl":"https:\/\/www.avance.org\/wp-content\/uploads\/2024\/10\/ncit-logo-500x218-1.png","datePublished":"2022-07-14T21:57:02+00:00","dateModified":"2024-10-02T21:35:56+00:00","breadcrumb":{"@id":"https:\/\/www.avance.org\/partners\/collaborators\/#breadcrumb"},"inLanguage":"es-MX","potentialAction":[{"@type":"ReadAction","target":["https:\/\/www.avance.org\/partners\/collaborators\/"]}]},{"@type":"ImageObject","inLanguage":"es-MX","@id":"https:\/\/www.avance.org\/partners\/collaborators\/#primaryimage","url":"https:\/\/www.avance.org\/wp-content\/uploads\/2024\/10\/ncit-logo-500x218-1.png","contentUrl":"https:\/\/www.avance.org\/wp-content\/uploads\/2024\/10\/ncit-logo-500x218-1.png"},{"@type":"BreadcrumbList","@id":"https:\/\/www.avance.org\/partners\/collaborators\/#breadcrumb","itemListElement":[{"@type":"ListItem","position":1,"name":"Home","item":"https:\/\/www.avance.org\/"},{"@type":"ListItem","position":2,"name":"Partners","item":"https:\/\/www.avance.org\/partners\/"},{"@type":"ListItem","position":3,"name":"Collaborators"}]},{"@type":"WebSite","@id":"https:\/\/www.avance.org\/#website","url":"https:\/\/www.avance.org\/","name":"AVANCE","description":"Unlocking America&#039;s Potential","publisher":{"@id":"https:\/\/www.avance.org\/#organization"},"potentialAction":[{"@type":"SearchAction","target":{"@type":"EntryPoint","urlTemplate":"https:\/\/www.avance.org\/?s={search_term_string}"},"query-input":{"@type":"PropertyValueSpecification","valueRequired":true,"valueName":"search_term_string"}}],"inLanguage":"es-MX"},{"@type":"Organization","@id":"https:\/\/www.avance.org\/#organization","name":"AVANCE","url":"https:\/\/www.avance.org\/","logo":{"@type":"ImageObject","inLanguage":"es-MX","@id":"https:\/\/www.avance.org\/#\/schema\/logo\/image\/","url":"https:\/\/www.avance.org\/wp-content\/uploads\/2022\/07\/logo.svg","contentUrl":"https:\/\/www.avance.org\/wp-content\/uploads\/2022\/07\/logo.svg","caption":"AVANCE"},"image":{"@id":"https:\/\/www.avance.org\/#\/schema\/logo\/image\/"},"sameAs":["https:\/\/www.facebook.com\/AVANCEinc\/","https:\/\/x.com\/AVANCEinc","https:\/\/www.instagram.com\/avance__inc\/","https:\/\/www.linkedin.com\/company\/avance-inc"]}]}},"post_mailing_queue_ids":[],"_links":{"self":[{"href":"https:\/\/www.avance.org\/es\/wp-json\/wp\/v2\/pages\/2016","targetHints":{"allow":["GET"]}}],"collection":[{"href":"https:\/\/www.avance.org\/es\/wp-json\/wp\/v2\/pages"}],"about":[{"href":"https:\/\/www.avance.org\/es\/wp-json\/wp\/v2\/types\/page"}],"author":[{"embeddable":true,"href":"https:\/\/www.avance.org\/es\/wp-json\/wp\/v2\/users\/1"}],"replies":[{"embeddable":true,"href":"https:\/\/www.avance.org\/es\/wp-json\/wp\/v2\/comments?post=2016"}],"version-history":[{"count":10,"href":"https:\/\/www.avance.org\/es\/wp-json\/wp\/v2\/pages\/2016\/revisions"}],"predecessor-version":[{"id":6407,"href":"https:\/\/www.avance.org\/es\/wp-json\/wp\/v2\/pages\/2016\/revisions\/6407"}],"up":[{"embeddable":true,"href":"https:\/\/www.avance.org\/es\/wp-json\/wp\/v2\/pages\/1297"}],"wp:attachment":[{"href":"https:\/\/www.avance.org\/es\/wp-json\/wp\/v2\/media?parent=2016"}],"curies":[{"name":"wp","href":"https:\/\/api.w.org\/{rel}","templated":true}]}}