{"id":1843,"date":"2022-07-12T16:08:25","date_gmt":"2022-07-12T16:08:25","guid":{"rendered":"https:\/\/ct-host.net\/avance998\/?page_id=1843"},"modified":"2026-04-02T11:45:13","modified_gmt":"2026-04-02T16:45:13","slug":"impact","status":"publish","type":"page","link":"https:\/\/www.avance.org\/es\/about-us\/impact\/","title":{"rendered":"Impacto"},"content":{"rendered":"<h4>\n\t\tImpacto\n\t<\/h4>\n\t<p>Se han realizado varios estudios sobre la efectividad de la programaci\u00f3n AVANCE en los \u00faltimos 30 a\u00f1os. Los resultados demuestran que nuestro Programa de Educaci\u00f3n para Padres e Hijos (PCEP) aumenta el conocimiento de crianza, mejora las interacciones entre padres e hijos, aumenta el empoderamiento de los padres y promueve la conexi\u00f3n social. Los estudios tambi\u00e9n han encontrado que PCEP promueve resultados acad\u00e9micos tempranos positivos para los ni\u00f1os, incluida una mayor preparaci\u00f3n escolar y una mejor asistencia.<\/p>\n\t<p>A qui\u00e9n servimos en 2024-2025<\/p>\n\t\t\t\t<img loading=\"lazy\" decoding=\"async\" src=\"https:\/\/www.avance.org\/wp-content\/uploads\/2025\/09\/impact-icon-served.svg\" alt=\"impact-icon-served\" itemprop=\"image\" height=\"0\" width=\"0\" title=\"impact-icon-served\" onerror=\"this.style.display='none'\"  \/>\n\t<p>18,374<\/p>\n\t<p>de Personas Atentidas en Total<\/p>\n\t\t\t\t<img loading=\"lazy\" decoding=\"async\" src=\"https:\/\/www.avance.org\/wp-content\/uploads\/2025\/09\/impact-icon-parents.svg\" alt=\"impact-icon-parents\" itemprop=\"image\" height=\"0\" width=\"0\" title=\"impact-icon-parents\" onerror=\"this.style.display='none'\"  \/>\n\t<p>10,441<\/p>\n\t<h4>\u00a0Parents\/ Caregivers <\/h4>\n\t\t\t\t<img loading=\"lazy\" decoding=\"async\" src=\"https:\/\/www.avance.org\/wp-content\/uploads\/2025\/09\/impact-icon-children.svg\" alt=\"impact-icon-children\" itemprop=\"image\" height=\"0\" width=\"0\" title=\"impact-icon-children\" onerror=\"this.style.display='none'\"  \/>\n\t<p>7,736<\/p>\n\t<h4>\u00a0Ni\u00f1os<\/h4>\n\t\t\t\t<img loading=\"lazy\" decoding=\"async\" src=\"https:\/\/www.avance.org\/wp-content\/uploads\/2025\/09\/impact-icon-providers.svg\" alt=\"impact-icon-providers\" itemprop=\"image\" height=\"0\" width=\"0\" title=\"impact-icon-providers\" onerror=\"this.style.display='none'\"  \/>\n\t<p>197<\/p>\n\t<h4>\u00a0 Proveedores de cuidado infantil familiar <\/h4>\n<h4>\n\t\t72%\n\t<\/h4>\n\t<h4><strong>de los padres en nuestro Programa de Educaci\u00f3n Padres e Hijos (PCEP)<\/strong> aumentaron su conocimiento en el desarrollo infantil temprano<\/h4>\n<h4>\n\t\t80%\n\t<\/h4>\n\t<h4><strong>de los Ni\u00f1os en nuestros programas Head Start y Early Head Start (HS\/EHS)<\/strong> cumplieron o superaron los est\u00e1ndares en los dominios de preparaci\u00f3n escolar<\/h4>\n<h4>\n\t\t64%\n\t<\/h4>\n\t<h4><strong>de los Proveedores en nuestro programa Quality Child Care Matters (QCCM)<\/strong> aumentaron su conocimiento sobre pr\u00e1cticas de calidad en el cuidado infantil<\/h4>\n<h4>\n\t\t97%\n\t<\/h4>\n\t<h4><strong>de los padres en AVANCE to College<\/strong> se inscribieron en educaci\u00f3n continua<\/h4>\n<h4>\n\t\t92%\n\t<\/h4>\n\t<h4><strong>de los ni\u00f1os en nuestros programas HS en El Valle de R\u00edo Grande<\/strong> est\u00e1n listos para el jard\u00edn de infantes<\/h4>\n<h4>\n\t\t100%\n\t<\/h4>\n\t<h4><strong>de los proveedores de cuidado infantil en la Alianza de Servicios Compartidos<\/strong> est\u00e1n cobrando las tarifas completas<\/h4>\n<h4>\n\t\t62%\n\t<\/h4>\n\t<h4><strong> de los padres en PCEP<\/strong> reportaron un aumento en la conexi\u00f3n entre padres<\/h4>\n<h4>\n\t\t83%\n\t<\/h4>\n\t<h4><strong>de los ni\u00f1os en HS\/EHS<\/strong> cumplieron o superaron las expectativas de desarrollo socioemocional<\/h4>\n<h4>\n\t\t47%\n\t<\/h4>\n\t<h4><strong>de los proveedores de cuidado infantil en QCCM<\/strong> reportaron un aumento en la conexi\u00f3n del proveedor<\/h4>\n\t<h2>Lo que la gente dice de nosotros.<\/h2>\n\t<p>&#8220;AVANCE is the difference between before and now. It has given me the tools to better understand my daughter&#8217;s needs and it showed me how to be a better mother.&#8221;<\/p>\n\t<p>Maribel Bautista<\/p>\n\t<p>Graduada de PCEP (AVANCE-Norte de Texas)<\/p>\n\t<h2>Evidencia e Investigaci\u00f3n<\/h2>\n\t<p>Se han realizado muchos estudios para examinar el impacto de los programas AVANCE, incluidos ensayos controlados aleatorios, estudios longitudinales y un estudio cuasiexperimental. En general, los estudios muestran el impacto de dos generaciones de nuestros programas:<\/p>\n\t\t\t\t<img loading=\"lazy\" decoding=\"async\" src=\"https:\/\/www.avance.org\/wp-content\/uploads\/2022\/08\/parents-participate-PCEP.jpg\" alt=\"parents participate PCEP\" itemprop=\"image\" height=\"182\" width=\"187\" title=\"parents participate PCEP\" onerror=\"this.style.display='none'\"  \/>\n\t<p>Los padres que participan en PCEP brindan entornos hogare\u00f1os educativamente m\u00e1s estimulantes para sus beb\u00e9s, tienen actitudes m\u00e1s positivas hacia la crianza y su papel como maestros de sus hijos, y tienen mejores habilidades de crianza en comparaci\u00f3n con los padres que no participan en PCEP.<\/p>\n\t\t\t<a href=\"https:\/\/www.avance.org\/wp-content\/uploads\/2022\/11\/Carnegie_final_Vol-1_impact.pdf\" target=\"_self\" role=\"button\">\n\t\t\t\t\t\t\tINFORME 1\n\t\t\t\t\t<\/a>\n\t\t\t<a href=\"https:\/\/www.avance.org\/wp-content\/uploads\/2022\/11\/Carnegie_final_Vol-2_-Process.pdf\" target=\"_self\" role=\"button\">\n\t\t\t\t\t\t\tINFORME 2\n\t\t\t\t\t<\/a>\n\t\t\t\t<img loading=\"lazy\" decoding=\"async\" src=\"https:\/\/www.avance.org\/wp-content\/uploads\/2022\/08\/Parent-PCEP.jpg\" alt=\"Parent PCEP\" itemprop=\"image\" height=\"182\" width=\"187\" title=\"Parent PCEP\" onerror=\"this.style.display='none'\"  \/>\n\t<p>Diez a\u00f1os despu\u00e9s de participar en el PCEP, los padres hab\u00edan experimentado aumentos incre\u00edbles en el logro educativo, el empleo de tiempo completo y la propiedad de vivienda.<\/p>\n\t\t\t<a href=\"https:\/\/www.avance.org\/wp-content\/uploads\/2022\/11\/IDRA-2014.pdf\" target=\"_self\" role=\"button\">\n\t\t\t\t\t\t\tINFORME 1\n\t\t\t\t\t<\/a>\n\t\t\t\t<img loading=\"lazy\" decoding=\"async\" src=\"https:\/\/www.avance.org\/wp-content\/uploads\/2022\/08\/children-participate-PCEP.png\" alt=\"children participate PCEP\" itemprop=\"image\" height=\"182\" width=\"187\" title=\"children participate PCEP\" onerror=\"this.style.display='none'\"  \/>\n\t<p>Los ni\u00f1os que participan en PCEP tienen mejor asistencia y mejores resultados en lectura que los ni\u00f1os que no participaron en PCEP.<\/p>\n\t\t\t<a href=\"https:\/\/www.avance.org\/wp-content\/uploads\/2022\/11\/AVANCE-Dallas-Prgram-2014-2015-Department-of-Evaluation-and-Assessment.pdf\" target=\"_self\" role=\"button\">\n\t\t\t\t\t\t\tINFORME 1\n\t\t\t\t\t<\/a>\n\t\t\t\t<img loading=\"lazy\" decoding=\"async\" src=\"https:\/\/www.avance.org\/wp-content\/uploads\/2022\/08\/Children-in-PCEP.jpg\" alt=\"Children in PCEP\" itemprop=\"image\" height=\"182\" width=\"187\" title=\"Children in PCEP\" onerror=\"this.style.display='none'\"  \/>\n\t<p>Los ni\u00f1os que participaron en PCEP ten\u00edan m\u00e1s probabilidades de asistir a prek\u00ednder, estar listos para la escuela al ingresar a k\u00ednder y tener una mejor asistencia que un grupo de comparaci\u00f3n de estudiantes demogr\u00e1ficamente similares.<\/p>\n\t\t\t<a href=\"https:\/\/www.avance.org\/wp-content\/uploads\/2022\/11\/AVANCE-PCEP-Dallas-Evaluation-Findings_9.3.2019.pdf\" target=\"_self\" role=\"button\">\n\t\t\t\t\t\t\tINFORME 1\n\t\t\t\t\t<\/a>","protected":false},"excerpt":{"rendered":"<p>Impact Several studies have been conducted on the effectiveness of AVANCE programming over the last 30 years. Outcomes demonstrate that our Parent-Child Education Program (PCEP) increases parenting knowledge, improves parent-child interactions, increases parent empowerment, and promotes social connectedness. Studies have also found that PCEP promotes positive early academic outcomes for children, including increased school-readiness and &#8230; <a title=\"Impacto\" class=\"read-more\" href=\"https:\/\/www.avance.org\/es\/about-us\/impact\/\" aria-label=\"M\u00e1s en Impact\">Leer m\u00e1s<\/a><\/p>","protected":false},"author":1,"featured_media":0,"parent":163,"menu_order":7,"comment_status":"closed","ping_status":"closed","template":"","meta":{"inline_featured_image":false,"footnotes":""},"class_list":["post-1843","page","type-page","status-publish"],"yoast_head":"<!-- This site is optimized with the Yoast SEO Premium plugin v25.3 (Yoast SEO v25.3) - https:\/\/yoast.com\/wordpress\/plugins\/seo\/ -->\n<title>Impact - AVANCE<\/title>\n<meta name=\"robots\" content=\"index, follow, max-snippet:-1, max-image-preview:large, max-video-preview:-1\" \/>\n<link rel=\"canonical\" href=\"https:\/\/www.avance.org\/es\/about-us\/impact\/\" \/>\n<meta property=\"og:locale\" content=\"es_MX\" \/>\n<meta property=\"og:type\" content=\"article\" \/>\n<meta property=\"og:title\" content=\"Impact\" \/>\n<meta property=\"og:description\" content=\"Impact Several studies have been conducted on the effectiveness of AVANCE programming over the last 30 years. Outcomes demonstrate that our Parent-Child Education Program (PCEP) increases parenting knowledge, improves parent-child interactions, increases parent empowerment, and promotes social connectedness. Studies have also found that PCEP promotes positive early academic outcomes for children, including increased school-readiness and ... Leer m\u00e1s\" \/>\n<meta property=\"og:url\" content=\"https:\/\/www.avance.org\/es\/about-us\/impact\/\" \/>\n<meta property=\"og:site_name\" content=\"AVANCE\" \/>\n<meta property=\"article:publisher\" content=\"https:\/\/www.facebook.com\/AVANCEinc\/\" \/>\n<meta property=\"article:modified_time\" content=\"2026-04-02T16:45:13+00:00\" \/>\n<meta property=\"og:image\" content=\"https:\/\/www.avance.org\/wp-content\/uploads\/2025\/09\/impact-icon-served.svg\" \/>\n<meta name=\"twitter:card\" content=\"summary_large_image\" \/>\n<meta name=\"twitter:site\" content=\"@AVANCEinc\" \/>\n<meta name=\"twitter:label1\" content=\"Tiempo de lectura\" \/>\n\t<meta name=\"twitter:data1\" content=\"2 minutos\" \/>\n<script type=\"application\/ld+json\" class=\"yoast-schema-graph\">{\"@context\":\"https:\/\/schema.org\",\"@graph\":[{\"@type\":\"WebPage\",\"@id\":\"https:\/\/www.avance.org\/about-us\/impact\/\",\"url\":\"https:\/\/www.avance.org\/about-us\/impact\/\",\"name\":\"Impact - AVANCE\",\"isPartOf\":{\"@id\":\"https:\/\/www.avance.org\/#website\"},\"primaryImageOfPage\":{\"@id\":\"https:\/\/www.avance.org\/about-us\/impact\/#primaryimage\"},\"image\":{\"@id\":\"https:\/\/www.avance.org\/about-us\/impact\/#primaryimage\"},\"thumbnailUrl\":\"https:\/\/www.avance.org\/wp-content\/uploads\/2025\/09\/impact-icon-served.svg\",\"datePublished\":\"2022-07-12T16:08:25+00:00\",\"dateModified\":\"2026-04-02T16:45:13+00:00\",\"breadcrumb\":{\"@id\":\"https:\/\/www.avance.org\/about-us\/impact\/#breadcrumb\"},\"inLanguage\":\"es-MX\",\"potentialAction\":[{\"@type\":\"ReadAction\",\"target\":[\"https:\/\/www.avance.org\/about-us\/impact\/\"]}]},{\"@type\":\"ImageObject\",\"inLanguage\":\"es-MX\",\"@id\":\"https:\/\/www.avance.org\/about-us\/impact\/#primaryimage\",\"url\":\"https:\/\/www.avance.org\/wp-content\/uploads\/2025\/09\/impact-icon-served.svg\",\"contentUrl\":\"https:\/\/www.avance.org\/wp-content\/uploads\/2025\/09\/impact-icon-served.svg\"},{\"@type\":\"BreadcrumbList\",\"@id\":\"https:\/\/www.avance.org\/about-us\/impact\/#breadcrumb\",\"itemListElement\":[{\"@type\":\"ListItem\",\"position\":1,\"name\":\"Home\",\"item\":\"https:\/\/www.avance.org\/\"},{\"@type\":\"ListItem\",\"position\":2,\"name\":\"About us\",\"item\":\"https:\/\/www.avance.org\/about-us\/\"},{\"@type\":\"ListItem\",\"position\":3,\"name\":\"Impact\"}]},{\"@type\":\"WebSite\",\"@id\":\"https:\/\/www.avance.org\/#website\",\"url\":\"https:\/\/www.avance.org\/\",\"name\":\"AVANCE\",\"description\":\"Unlocking America&#039;s Potential\",\"publisher\":{\"@id\":\"https:\/\/www.avance.org\/#organization\"},\"potentialAction\":[{\"@type\":\"SearchAction\",\"target\":{\"@type\":\"EntryPoint\",\"urlTemplate\":\"https:\/\/www.avance.org\/?s={search_term_string}\"},\"query-input\":{\"@type\":\"PropertyValueSpecification\",\"valueRequired\":true,\"valueName\":\"search_term_string\"}}],\"inLanguage\":\"es-MX\"},{\"@type\":\"Organization\",\"@id\":\"https:\/\/www.avance.org\/#organization\",\"name\":\"AVANCE\",\"url\":\"https:\/\/www.avance.org\/\",\"logo\":{\"@type\":\"ImageObject\",\"inLanguage\":\"es-MX\",\"@id\":\"https:\/\/www.avance.org\/#\/schema\/logo\/image\/\",\"url\":\"https:\/\/www.avance.org\/wp-content\/uploads\/2022\/07\/logo.svg\",\"contentUrl\":\"https:\/\/www.avance.org\/wp-content\/uploads\/2022\/07\/logo.svg\",\"caption\":\"AVANCE\"},\"image\":{\"@id\":\"https:\/\/www.avance.org\/#\/schema\/logo\/image\/\"},\"sameAs\":[\"https:\/\/www.facebook.com\/AVANCEinc\/\",\"https:\/\/x.com\/AVANCEinc\",\"https:\/\/www.instagram.com\/avance__inc\/\",\"https:\/\/www.linkedin.com\/company\/avance-inc\"]}]}<\/script>\n<!-- \/ Yoast SEO Premium plugin. -->","yoast_head_json":{"title":"Impact - AVANCE","robots":{"index":"index","follow":"follow","max-snippet":"max-snippet:-1","max-image-preview":"max-image-preview:large","max-video-preview":"max-video-preview:-1"},"canonical":"https:\/\/www.avance.org\/es\/about-us\/impact\/","og_locale":"es_MX","og_type":"article","og_title":"Impact","og_description":"Impact Several studies have been conducted on the effectiveness of AVANCE programming over the last 30 years. Outcomes demonstrate that our Parent-Child Education Program (PCEP) increases parenting knowledge, improves parent-child interactions, increases parent empowerment, and promotes social connectedness. Studies have also found that PCEP promotes positive early academic outcomes for children, including increased school-readiness and ... Leer m\u00e1s","og_url":"https:\/\/www.avance.org\/es\/about-us\/impact\/","og_site_name":"AVANCE","article_publisher":"https:\/\/www.facebook.com\/AVANCEinc\/","article_modified_time":"2026-04-02T16:45:13+00:00","og_image":[{"url":"https:\/\/www.avance.org\/wp-content\/uploads\/2025\/09\/impact-icon-served.svg","type":"","width":"","height":""}],"twitter_card":"summary_large_image","twitter_site":"@AVANCEinc","twitter_misc":{"Tiempo de lectura":"2 minutos"},"schema":{"@context":"https:\/\/schema.org","@graph":[{"@type":"WebPage","@id":"https:\/\/www.avance.org\/about-us\/impact\/","url":"https:\/\/www.avance.org\/about-us\/impact\/","name":"Impact - AVANCE","isPartOf":{"@id":"https:\/\/www.avance.org\/#website"},"primaryImageOfPage":{"@id":"https:\/\/www.avance.org\/about-us\/impact\/#primaryimage"},"image":{"@id":"https:\/\/www.avance.org\/about-us\/impact\/#primaryimage"},"thumbnailUrl":"https:\/\/www.avance.org\/wp-content\/uploads\/2025\/09\/impact-icon-served.svg","datePublished":"2022-07-12T16:08:25+00:00","dateModified":"2026-04-02T16:45:13+00:00","breadcrumb":{"@id":"https:\/\/www.avance.org\/about-us\/impact\/#breadcrumb"},"inLanguage":"es-MX","potentialAction":[{"@type":"ReadAction","target":["https:\/\/www.avance.org\/about-us\/impact\/"]}]},{"@type":"ImageObject","inLanguage":"es-MX","@id":"https:\/\/www.avance.org\/about-us\/impact\/#primaryimage","url":"https:\/\/www.avance.org\/wp-content\/uploads\/2025\/09\/impact-icon-served.svg","contentUrl":"https:\/\/www.avance.org\/wp-content\/uploads\/2025\/09\/impact-icon-served.svg"},{"@type":"BreadcrumbList","@id":"https:\/\/www.avance.org\/about-us\/impact\/#breadcrumb","itemListElement":[{"@type":"ListItem","position":1,"name":"Home","item":"https:\/\/www.avance.org\/"},{"@type":"ListItem","position":2,"name":"About us","item":"https:\/\/www.avance.org\/about-us\/"},{"@type":"ListItem","position":3,"name":"Impact"}]},{"@type":"WebSite","@id":"https:\/\/www.avance.org\/#website","url":"https:\/\/www.avance.org\/","name":"AVANCE","description":"Unlocking America&#039;s Potential","publisher":{"@id":"https:\/\/www.avance.org\/#organization"},"potentialAction":[{"@type":"SearchAction","target":{"@type":"EntryPoint","urlTemplate":"https:\/\/www.avance.org\/?s={search_term_string}"},"query-input":{"@type":"PropertyValueSpecification","valueRequired":true,"valueName":"search_term_string"}}],"inLanguage":"es-MX"},{"@type":"Organization","@id":"https:\/\/www.avance.org\/#organization","name":"AVANCE","url":"https:\/\/www.avance.org\/","logo":{"@type":"ImageObject","inLanguage":"es-MX","@id":"https:\/\/www.avance.org\/#\/schema\/logo\/image\/","url":"https:\/\/www.avance.org\/wp-content\/uploads\/2022\/07\/logo.svg","contentUrl":"https:\/\/www.avance.org\/wp-content\/uploads\/2022\/07\/logo.svg","caption":"AVANCE"},"image":{"@id":"https:\/\/www.avance.org\/#\/schema\/logo\/image\/"},"sameAs":["https:\/\/www.facebook.com\/AVANCEinc\/","https:\/\/x.com\/AVANCEinc","https:\/\/www.instagram.com\/avance__inc\/","https:\/\/www.linkedin.com\/company\/avance-inc"]}]}},"post_mailing_queue_ids":[],"_links":{"self":[{"href":"https:\/\/www.avance.org\/es\/wp-json\/wp\/v2\/pages\/1843","targetHints":{"allow":["GET"]}}],"collection":[{"href":"https:\/\/www.avance.org\/es\/wp-json\/wp\/v2\/pages"}],"about":[{"href":"https:\/\/www.avance.org\/es\/wp-json\/wp\/v2\/types\/page"}],"author":[{"embeddable":true,"href":"https:\/\/www.avance.org\/es\/wp-json\/wp\/v2\/users\/1"}],"replies":[{"embeddable":true,"href":"https:\/\/www.avance.org\/es\/wp-json\/wp\/v2\/comments?post=1843"}],"version-history":[{"count":10,"href":"https:\/\/www.avance.org\/es\/wp-json\/wp\/v2\/pages\/1843\/revisions"}],"predecessor-version":[{"id":7615,"href":"https:\/\/www.avance.org\/es\/wp-json\/wp\/v2\/pages\/1843\/revisions\/7615"}],"up":[{"embeddable":true,"href":"https:\/\/www.avance.org\/es\/wp-json\/wp\/v2\/pages\/163"}],"wp:attachment":[{"href":"https:\/\/www.avance.org\/es\/wp-json\/wp\/v2\/media?parent=1843"}],"curies":[{"name":"wp","href":"https:\/\/api.w.org\/{rel}","templated":true}]}}