{"id":1822,"date":"2022-07-11T20:39:52","date_gmt":"2022-07-11T20:39:52","guid":{"rendered":"https:\/\/ct-host.net\/avance998\/?page_id=1822"},"modified":"2023-07-28T12:57:00","modified_gmt":"2023-07-28T17:57:00","slug":"quality-child-care-matters-qccm","status":"publish","type":"page","link":"https:\/\/www.avance.org\/es\/programs\/quality-child-care-matters-qccm\/","title":{"rendered":"Programa \u201cQuality Child Care Matters\u201d (QCCM)"},"content":{"rendered":"<h2>\n\t\tPrograma \u201cQuality Child Care Matters\u201d (QCCM)\n\t<\/h2>\n\t<p>El programa AVANCE Quality Child Care Matters (QCCM) apoya y gu\u00eda a los educadores de cuidado infantil familiar para que aprendan nuevas estrategias que mejoren la calidad del cuidado de los ni\u00f1os y apoyen a las familias en sus comunidades.<\/p>\n<h2>\n\t\tBuilding a community of family child care providers\n\t<\/h2>\n\t<p>El programa AVANCE Quality Child Care Matters (QCCM) apoya y gu\u00eda a los educadores de cuidado infantil familiar para que aprendan nuevas estrategias que mejoren la calidad del cuidado de los ni\u00f1os y apoyen a las familias en sus comunidades. Los expertos en cuidado infantil de AVANCE dirigen sesiones mensuales de capacitaci\u00f3n y desarrollo profesional, brindan asesor\u00eda y entrenamiento continuos y facilitan el apoyo entre pares y la colaboraci\u00f3n entre los proveedores en el hogar.<\/p>\n<h3>\n\t\tProveedores\/educadores de cuidado infantil familiar que participan en el programa QCCM:\n\t<\/h3>\n<h2>\n\t\tImpacto\n\t<\/h2>\n\t<h2>32%<\/h2>\n\t<p>de los proveedores informaron un aumento en el conocimiento sobre la concesi\u00f3n de licencias.<\/p>\n\t<h2>32%<\/h2>\n\t<p>de los proveedores informaron sentirse m\u00e1s empoderados.<\/p>\n\t<h2>76%<\/h2>\n\t<p>de los proveedores informaron haber aumentado la conexi\u00f3n social.<\/p>\n\t<h2>56%<\/h2>\n\t<p>de los proveedores mostr\u00f3 un mayor conocimiento de la preparaci\u00f3n para el jard\u00edn de infantes.<\/p>\n\t<h2>60%<\/h2>\n\t<p>aumento de participantes que conf\u00edan en solicitar la certificaci\u00f3n de Texas Rising Star.<\/p>\n\t<h2>Lo que la gente dice de nosotros.<\/h2>\n\t<p>&#8220;Thank you so much. I really do appreciate what AVANCE is doing for us providers. I know this is your work but, in all honesty, you are truly one of the nicest people I have come across that wants to help.&#8221;<\/p>\n\t<p><strong>Valerie Casas<\/strong><\/p>\n\t<p>Proveedora de cuidado infantil familiar<\/p>\n\t<h2>\u00a1Participe con Nosotros!<\/h2>\n\t<p>The AVANCE QCCM program is currently available in the following areas: Coastal Bend and Gulf Coast, including the Golden Crescent; El Paso County; and Travis County. To enroll or learn more, email <a href=\"mailto:qccm@avance.org\">qccm@avance.org<\/a> \u00a0or contact Director of Provider Services, Jocelynn Bryant Rojas, <a href=\"mailto:jbryant@avance.org\">jbryant@avance.org<\/a>, (915) 282-7649.<\/p>\n<p>&nbsp;<\/p>\n<p>If you&#8217;re interested in bringing the QCCM program to your community through a partnership with AVANCE, please contact us to learn more about our licensing options.<\/p>","protected":false},"excerpt":{"rendered":"<p>Quality Child Care Matters (QCCM) The AVANCE Quality Child Care Matters (QCCM) program supports and guides family child care educators to learn new strategies that increase the quality of their care and improve support for families in their communities. Building a community of family child care providers The AVANCE Quality Child Care Matters (QCCM) program &#8230; <a title=\"Programa \u201cQuality Child Care Matters\u201d (QCCM)\" class=\"read-more\" href=\"https:\/\/www.avance.org\/es\/programs\/quality-child-care-matters-qccm\/\" aria-label=\"M\u00e1s en Quality Child Care Matters (QCCM)\">Leer m\u00e1s<\/a><\/p>","protected":false},"author":1,"featured_media":0,"parent":165,"menu_order":11,"comment_status":"closed","ping_status":"closed","template":"","meta":{"inline_featured_image":false,"footnotes":""},"class_list":["post-1822","page","type-page","status-publish"],"yoast_head":"<!-- This site is optimized with the Yoast SEO Premium plugin v25.3 (Yoast SEO v25.3) - https:\/\/yoast.com\/wordpress\/plugins\/seo\/ -->\n<title>Quality Child Care Matters (QCCM) - AVANCE<\/title>\n<meta name=\"robots\" content=\"index, follow, max-snippet:-1, max-image-preview:large, max-video-preview:-1\" \/>\n<link rel=\"canonical\" href=\"https:\/\/www.avance.org\/es\/programs\/quality-child-care-matters-qccm\/\" \/>\n<meta property=\"og:locale\" content=\"es_MX\" \/>\n<meta property=\"og:type\" content=\"article\" \/>\n<meta property=\"og:title\" content=\"Quality Child Care Matters (QCCM)\" \/>\n<meta property=\"og:description\" content=\"Quality Child Care Matters (QCCM) The AVANCE Quality Child Care Matters (QCCM) program supports and guides family child care educators to learn new strategies that increase the quality of their care and improve support for families in their communities. Building a community of family child care providers The AVANCE Quality Child Care Matters (QCCM) program ... Leer m\u00e1s\" \/>\n<meta property=\"og:url\" content=\"https:\/\/www.avance.org\/es\/programs\/quality-child-care-matters-qccm\/\" \/>\n<meta property=\"og:site_name\" content=\"AVANCE\" \/>\n<meta property=\"article:publisher\" content=\"https:\/\/www.facebook.com\/AVANCEinc\/\" \/>\n<meta property=\"article:modified_time\" content=\"2023-07-28T17:57:00+00:00\" \/>\n<meta name=\"twitter:card\" content=\"summary_large_image\" \/>\n<meta name=\"twitter:site\" content=\"@AVANCEinc\" \/>\n<meta name=\"twitter:label1\" content=\"Tiempo de lectura\" \/>\n\t<meta name=\"twitter:data1\" content=\"1 minuto\" \/>\n<script type=\"application\/ld+json\" class=\"yoast-schema-graph\">{\"@context\":\"https:\/\/schema.org\",\"@graph\":[{\"@type\":\"WebPage\",\"@id\":\"https:\/\/www.avance.org\/programs\/quality-child-care-matters-qccm\/\",\"url\":\"https:\/\/www.avance.org\/programs\/quality-child-care-matters-qccm\/\",\"name\":\"Quality Child Care Matters (QCCM) - AVANCE\",\"isPartOf\":{\"@id\":\"https:\/\/www.avance.org\/#website\"},\"datePublished\":\"2022-07-11T20:39:52+00:00\",\"dateModified\":\"2023-07-28T17:57:00+00:00\",\"breadcrumb\":{\"@id\":\"https:\/\/www.avance.org\/programs\/quality-child-care-matters-qccm\/#breadcrumb\"},\"inLanguage\":\"es-MX\",\"potentialAction\":[{\"@type\":\"ReadAction\",\"target\":[\"https:\/\/www.avance.org\/programs\/quality-child-care-matters-qccm\/\"]}]},{\"@type\":\"BreadcrumbList\",\"@id\":\"https:\/\/www.avance.org\/programs\/quality-child-care-matters-qccm\/#breadcrumb\",\"itemListElement\":[{\"@type\":\"ListItem\",\"position\":1,\"name\":\"Home\",\"item\":\"https:\/\/www.avance.org\/\"},{\"@type\":\"ListItem\",\"position\":2,\"name\":\"Programs\",\"item\":\"https:\/\/www.avance.org\/programs\/\"},{\"@type\":\"ListItem\",\"position\":3,\"name\":\"Quality Child Care Matters (QCCM)\"}]},{\"@type\":\"WebSite\",\"@id\":\"https:\/\/www.avance.org\/#website\",\"url\":\"https:\/\/www.avance.org\/\",\"name\":\"AVANCE\",\"description\":\"Unlocking America&#039;s Potential\",\"publisher\":{\"@id\":\"https:\/\/www.avance.org\/#organization\"},\"potentialAction\":[{\"@type\":\"SearchAction\",\"target\":{\"@type\":\"EntryPoint\",\"urlTemplate\":\"https:\/\/www.avance.org\/?s={search_term_string}\"},\"query-input\":{\"@type\":\"PropertyValueSpecification\",\"valueRequired\":true,\"valueName\":\"search_term_string\"}}],\"inLanguage\":\"es-MX\"},{\"@type\":\"Organization\",\"@id\":\"https:\/\/www.avance.org\/#organization\",\"name\":\"AVANCE\",\"url\":\"https:\/\/www.avance.org\/\",\"logo\":{\"@type\":\"ImageObject\",\"inLanguage\":\"es-MX\",\"@id\":\"https:\/\/www.avance.org\/#\/schema\/logo\/image\/\",\"url\":\"https:\/\/www.avance.org\/wp-content\/uploads\/2022\/07\/logo.svg\",\"contentUrl\":\"https:\/\/www.avance.org\/wp-content\/uploads\/2022\/07\/logo.svg\",\"caption\":\"AVANCE\"},\"image\":{\"@id\":\"https:\/\/www.avance.org\/#\/schema\/logo\/image\/\"},\"sameAs\":[\"https:\/\/www.facebook.com\/AVANCEinc\/\",\"https:\/\/x.com\/AVANCEinc\",\"https:\/\/www.instagram.com\/avance__inc\/\",\"https:\/\/www.linkedin.com\/company\/avance-inc\"]}]}<\/script>\n<!-- \/ Yoast SEO Premium plugin. -->","yoast_head_json":{"title":"Quality Child Care Matters (QCCM) - AVANCE","robots":{"index":"index","follow":"follow","max-snippet":"max-snippet:-1","max-image-preview":"max-image-preview:large","max-video-preview":"max-video-preview:-1"},"canonical":"https:\/\/www.avance.org\/es\/programs\/quality-child-care-matters-qccm\/","og_locale":"es_MX","og_type":"article","og_title":"Quality Child Care Matters (QCCM)","og_description":"Quality Child Care Matters (QCCM) The AVANCE Quality Child Care Matters (QCCM) program supports and guides family child care educators to learn new strategies that increase the quality of their care and improve support for families in their communities. Building a community of family child care providers The AVANCE Quality Child Care Matters (QCCM) program ... Leer m\u00e1s","og_url":"https:\/\/www.avance.org\/es\/programs\/quality-child-care-matters-qccm\/","og_site_name":"AVANCE","article_publisher":"https:\/\/www.facebook.com\/AVANCEinc\/","article_modified_time":"2023-07-28T17:57:00+00:00","twitter_card":"summary_large_image","twitter_site":"@AVANCEinc","twitter_misc":{"Tiempo de lectura":"1 minuto"},"schema":{"@context":"https:\/\/schema.org","@graph":[{"@type":"WebPage","@id":"https:\/\/www.avance.org\/programs\/quality-child-care-matters-qccm\/","url":"https:\/\/www.avance.org\/programs\/quality-child-care-matters-qccm\/","name":"Quality Child Care Matters (QCCM) - AVANCE","isPartOf":{"@id":"https:\/\/www.avance.org\/#website"},"datePublished":"2022-07-11T20:39:52+00:00","dateModified":"2023-07-28T17:57:00+00:00","breadcrumb":{"@id":"https:\/\/www.avance.org\/programs\/quality-child-care-matters-qccm\/#breadcrumb"},"inLanguage":"es-MX","potentialAction":[{"@type":"ReadAction","target":["https:\/\/www.avance.org\/programs\/quality-child-care-matters-qccm\/"]}]},{"@type":"BreadcrumbList","@id":"https:\/\/www.avance.org\/programs\/quality-child-care-matters-qccm\/#breadcrumb","itemListElement":[{"@type":"ListItem","position":1,"name":"Home","item":"https:\/\/www.avance.org\/"},{"@type":"ListItem","position":2,"name":"Programs","item":"https:\/\/www.avance.org\/programs\/"},{"@type":"ListItem","position":3,"name":"Quality Child Care Matters (QCCM)"}]},{"@type":"WebSite","@id":"https:\/\/www.avance.org\/#website","url":"https:\/\/www.avance.org\/","name":"AVANCE","description":"Unlocking America&#039;s Potential","publisher":{"@id":"https:\/\/www.avance.org\/#organization"},"potentialAction":[{"@type":"SearchAction","target":{"@type":"EntryPoint","urlTemplate":"https:\/\/www.avance.org\/?s={search_term_string}"},"query-input":{"@type":"PropertyValueSpecification","valueRequired":true,"valueName":"search_term_string"}}],"inLanguage":"es-MX"},{"@type":"Organization","@id":"https:\/\/www.avance.org\/#organization","name":"AVANCE","url":"https:\/\/www.avance.org\/","logo":{"@type":"ImageObject","inLanguage":"es-MX","@id":"https:\/\/www.avance.org\/#\/schema\/logo\/image\/","url":"https:\/\/www.avance.org\/wp-content\/uploads\/2022\/07\/logo.svg","contentUrl":"https:\/\/www.avance.org\/wp-content\/uploads\/2022\/07\/logo.svg","caption":"AVANCE"},"image":{"@id":"https:\/\/www.avance.org\/#\/schema\/logo\/image\/"},"sameAs":["https:\/\/www.facebook.com\/AVANCEinc\/","https:\/\/x.com\/AVANCEinc","https:\/\/www.instagram.com\/avance__inc\/","https:\/\/www.linkedin.com\/company\/avance-inc"]}]}},"post_mailing_queue_ids":[],"_links":{"self":[{"href":"https:\/\/www.avance.org\/es\/wp-json\/wp\/v2\/pages\/1822","targetHints":{"allow":["GET"]}}],"collection":[{"href":"https:\/\/www.avance.org\/es\/wp-json\/wp\/v2\/pages"}],"about":[{"href":"https:\/\/www.avance.org\/es\/wp-json\/wp\/v2\/types\/page"}],"author":[{"embeddable":true,"href":"https:\/\/www.avance.org\/es\/wp-json\/wp\/v2\/users\/1"}],"replies":[{"embeddable":true,"href":"https:\/\/www.avance.org\/es\/wp-json\/wp\/v2\/comments?post=1822"}],"version-history":[{"count":10,"href":"https:\/\/www.avance.org\/es\/wp-json\/wp\/v2\/pages\/1822\/revisions"}],"predecessor-version":[{"id":4522,"href":"https:\/\/www.avance.org\/es\/wp-json\/wp\/v2\/pages\/1822\/revisions\/4522"}],"up":[{"embeddable":true,"href":"https:\/\/www.avance.org\/es\/wp-json\/wp\/v2\/pages\/165"}],"wp:attachment":[{"href":"https:\/\/www.avance.org\/es\/wp-json\/wp\/v2\/media?parent=1822"}],"curies":[{"name":"wp","href":"https:\/\/api.w.org\/{rel}","templated":true}]}}