{"id":1771,"date":"2022-07-08T11:19:48","date_gmt":"2022-07-08T11:19:57","guid":{"rendered":"https:\/\/ct-host.net\/avance998\/?page_id=1771"},"modified":"2022-11-29T14:41:21","modified_gmt":"2022-11-29T19:41:21","slug":"licensing-inquiries","status":"publish","type":"page","link":"https:\/\/www.avance.org\/es\/contact\/licensing-inquiries\/","title":{"rendered":"Consultas sobre Licencias"},"content":{"rendered":"<h2>Consultas sobre Licencias<\/h2>\n<h2>\n\t\tBring AVANCE to your community!\n\t<\/h2>\n\t<p>Nos gustar\u00eda ayudarlo a crear v\u00edas de movilidad econ\u00f3mica para las familias de su comunidad. A trav\u00e9s de Nuestros programas culturalmente receptivos para dos generaciones y nuestro enfoque \u00fanico, AVANCE garantiza la preparaci\u00f3n escolar para los ni\u00f1os y oportunidades para que los padres desarrollen capital econ\u00f3mico y social.<\/p>\n<p>&nbsp;<\/p>\n\t<p>By partnering with AVANCE as a licensee, you&#8217;ll have access to our evidence-based programming that has been linked to a number of positive outcomes for parents and children. You can see the full scope in our <a href=\"https:\/\/www.avance.org\/es\/about-us\/impact\/\">Impacto<\/a>.<\/p>\n<p>&nbsp;<\/p>\n<p>Nuestro equipo de expertos trabajar\u00e1 en estrecha colaboraci\u00f3n con usted para ayudar a determinar el mejor modelo de programa para su comunidad. AVANCE brinda una amplia capacitaci\u00f3n y asistencia t\u00e9cnica para una implementaci\u00f3n exitosa y nuestro apoyo continuo garantiza que su programa, junto con las familias de su comunidad, prospere. Tambi\u00e9n proporcionamos herramientas y capacitaci\u00f3n para el monitoreo para ayudarlo a mejorar la calidad de su programa y evaluar su impacto.<\/p>\n\t<p>Contact us to learn more<\/p>\n<p>&nbsp;<\/p>\n<p>about becoming a licensee and how partnering with AVANCE can benefit the families and family child care providers in your community.<\/p>","protected":false},"excerpt":{"rendered":"<p>Licensing Inquiries Bring AVANCE to your community! We would like to help you create pathways to economic mobility for families and family child care providers in your community. Through culturally-responsive, two-generation programming and our unique approach, AVANCE ensures school readiness for children and opportunities for parents and providers to build economic and social capital. &nbsp; &#8230; <a title=\"Consultas sobre Licencias\" class=\"read-more\" href=\"https:\/\/www.avance.org\/es\/contact\/licensing-inquiries\/\" aria-label=\"M\u00e1s en Licensing Inquiries\">Leer m\u00e1s<\/a><\/p>","protected":false},"author":1,"featured_media":0,"parent":173,"menu_order":4,"comment_status":"closed","ping_status":"closed","template":"","meta":{"inline_featured_image":false,"footnotes":""},"class_list":["post-1771","page","type-page","status-publish"],"yoast_head":"<!-- This site is optimized with the Yoast SEO Premium plugin v25.3 (Yoast SEO v25.3) - https:\/\/yoast.com\/wordpress\/plugins\/seo\/ -->\n<title>Licensing Inquiries - AVANCE<\/title>\n<meta name=\"robots\" content=\"index, follow, max-snippet:-1, max-image-preview:large, max-video-preview:-1\" \/>\n<link rel=\"canonical\" href=\"https:\/\/www.avance.org\/es\/contact\/licensing-inquiries\/\" \/>\n<meta property=\"og:locale\" content=\"es_MX\" \/>\n<meta property=\"og:type\" content=\"article\" \/>\n<meta property=\"og:title\" content=\"Licensing Inquiries\" \/>\n<meta property=\"og:description\" content=\"Licensing Inquiries Bring AVANCE to your community! We would like to help you create pathways to economic mobility for families and family child care providers in your community. Through culturally-responsive, two-generation programming and our unique approach, AVANCE ensures school readiness for children and opportunities for parents and providers to build economic and social capital. &nbsp; ... Leer m\u00e1s\" \/>\n<meta property=\"og:url\" content=\"https:\/\/www.avance.org\/es\/contact\/licensing-inquiries\/\" \/>\n<meta property=\"og:site_name\" content=\"AVANCE\" \/>\n<meta property=\"article:publisher\" content=\"https:\/\/www.facebook.com\/AVANCEinc\/\" \/>\n<meta property=\"article:modified_time\" content=\"2022-11-29T19:41:21+00:00\" \/>\n<meta name=\"twitter:card\" content=\"summary_large_image\" \/>\n<meta name=\"twitter:site\" content=\"@AVANCEinc\" \/>\n<meta name=\"twitter:label1\" content=\"Tiempo de lectura\" \/>\n\t<meta name=\"twitter:data1\" content=\"1 minuto\" \/>\n<script type=\"application\/ld+json\" class=\"yoast-schema-graph\">{\"@context\":\"https:\/\/schema.org\",\"@graph\":[{\"@type\":\"WebPage\",\"@id\":\"https:\/\/www.avance.org\/contact\/licensing-inquiries\/\",\"url\":\"https:\/\/www.avance.org\/contact\/licensing-inquiries\/\",\"name\":\"Licensing Inquiries - AVANCE\",\"isPartOf\":{\"@id\":\"https:\/\/www.avance.org\/#website\"},\"datePublished\":\"2022-07-08T11:19:57+00:00\",\"dateModified\":\"2022-11-29T19:41:21+00:00\",\"breadcrumb\":{\"@id\":\"https:\/\/www.avance.org\/contact\/licensing-inquiries\/#breadcrumb\"},\"inLanguage\":\"es-MX\",\"potentialAction\":[{\"@type\":\"ReadAction\",\"target\":[\"https:\/\/www.avance.org\/contact\/licensing-inquiries\/\"]}]},{\"@type\":\"BreadcrumbList\",\"@id\":\"https:\/\/www.avance.org\/contact\/licensing-inquiries\/#breadcrumb\",\"itemListElement\":[{\"@type\":\"ListItem\",\"position\":1,\"name\":\"Home\",\"item\":\"https:\/\/www.avance.org\/\"},{\"@type\":\"ListItem\",\"position\":2,\"name\":\"Contact us\",\"item\":\"https:\/\/www.avance.org\/contact\/\"},{\"@type\":\"ListItem\",\"position\":3,\"name\":\"Licensing Inquiries\"}]},{\"@type\":\"WebSite\",\"@id\":\"https:\/\/www.avance.org\/#website\",\"url\":\"https:\/\/www.avance.org\/\",\"name\":\"AVANCE\",\"description\":\"Unlocking America&#039;s Potential\",\"publisher\":{\"@id\":\"https:\/\/www.avance.org\/#organization\"},\"potentialAction\":[{\"@type\":\"SearchAction\",\"target\":{\"@type\":\"EntryPoint\",\"urlTemplate\":\"https:\/\/www.avance.org\/?s={search_term_string}\"},\"query-input\":{\"@type\":\"PropertyValueSpecification\",\"valueRequired\":true,\"valueName\":\"search_term_string\"}}],\"inLanguage\":\"es-MX\"},{\"@type\":\"Organization\",\"@id\":\"https:\/\/www.avance.org\/#organization\",\"name\":\"AVANCE\",\"url\":\"https:\/\/www.avance.org\/\",\"logo\":{\"@type\":\"ImageObject\",\"inLanguage\":\"es-MX\",\"@id\":\"https:\/\/www.avance.org\/#\/schema\/logo\/image\/\",\"url\":\"https:\/\/www.avance.org\/wp-content\/uploads\/2022\/07\/logo.svg\",\"contentUrl\":\"https:\/\/www.avance.org\/wp-content\/uploads\/2022\/07\/logo.svg\",\"caption\":\"AVANCE\"},\"image\":{\"@id\":\"https:\/\/www.avance.org\/#\/schema\/logo\/image\/\"},\"sameAs\":[\"https:\/\/www.facebook.com\/AVANCEinc\/\",\"https:\/\/x.com\/AVANCEinc\",\"https:\/\/www.instagram.com\/avance__inc\/\",\"https:\/\/www.linkedin.com\/company\/avance-inc\"]}]}<\/script>\n<!-- \/ Yoast SEO Premium plugin. -->","yoast_head_json":{"title":"Licensing Inquiries - AVANCE","robots":{"index":"index","follow":"follow","max-snippet":"max-snippet:-1","max-image-preview":"max-image-preview:large","max-video-preview":"max-video-preview:-1"},"canonical":"https:\/\/www.avance.org\/es\/contact\/licensing-inquiries\/","og_locale":"es_MX","og_type":"article","og_title":"Licensing Inquiries","og_description":"Licensing Inquiries Bring AVANCE to your community! We would like to help you create pathways to economic mobility for families and family child care providers in your community. Through culturally-responsive, two-generation programming and our unique approach, AVANCE ensures school readiness for children and opportunities for parents and providers to build economic and social capital. &nbsp; ... Leer m\u00e1s","og_url":"https:\/\/www.avance.org\/es\/contact\/licensing-inquiries\/","og_site_name":"AVANCE","article_publisher":"https:\/\/www.facebook.com\/AVANCEinc\/","article_modified_time":"2022-11-29T19:41:21+00:00","twitter_card":"summary_large_image","twitter_site":"@AVANCEinc","twitter_misc":{"Tiempo de lectura":"1 minuto"},"schema":{"@context":"https:\/\/schema.org","@graph":[{"@type":"WebPage","@id":"https:\/\/www.avance.org\/contact\/licensing-inquiries\/","url":"https:\/\/www.avance.org\/contact\/licensing-inquiries\/","name":"Licensing Inquiries - AVANCE","isPartOf":{"@id":"https:\/\/www.avance.org\/#website"},"datePublished":"2022-07-08T11:19:57+00:00","dateModified":"2022-11-29T19:41:21+00:00","breadcrumb":{"@id":"https:\/\/www.avance.org\/contact\/licensing-inquiries\/#breadcrumb"},"inLanguage":"es-MX","potentialAction":[{"@type":"ReadAction","target":["https:\/\/www.avance.org\/contact\/licensing-inquiries\/"]}]},{"@type":"BreadcrumbList","@id":"https:\/\/www.avance.org\/contact\/licensing-inquiries\/#breadcrumb","itemListElement":[{"@type":"ListItem","position":1,"name":"Home","item":"https:\/\/www.avance.org\/"},{"@type":"ListItem","position":2,"name":"Contact us","item":"https:\/\/www.avance.org\/contact\/"},{"@type":"ListItem","position":3,"name":"Licensing Inquiries"}]},{"@type":"WebSite","@id":"https:\/\/www.avance.org\/#website","url":"https:\/\/www.avance.org\/","name":"AVANCE","description":"Unlocking America&#039;s Potential","publisher":{"@id":"https:\/\/www.avance.org\/#organization"},"potentialAction":[{"@type":"SearchAction","target":{"@type":"EntryPoint","urlTemplate":"https:\/\/www.avance.org\/?s={search_term_string}"},"query-input":{"@type":"PropertyValueSpecification","valueRequired":true,"valueName":"search_term_string"}}],"inLanguage":"es-MX"},{"@type":"Organization","@id":"https:\/\/www.avance.org\/#organization","name":"AVANCE","url":"https:\/\/www.avance.org\/","logo":{"@type":"ImageObject","inLanguage":"es-MX","@id":"https:\/\/www.avance.org\/#\/schema\/logo\/image\/","url":"https:\/\/www.avance.org\/wp-content\/uploads\/2022\/07\/logo.svg","contentUrl":"https:\/\/www.avance.org\/wp-content\/uploads\/2022\/07\/logo.svg","caption":"AVANCE"},"image":{"@id":"https:\/\/www.avance.org\/#\/schema\/logo\/image\/"},"sameAs":["https:\/\/www.facebook.com\/AVANCEinc\/","https:\/\/x.com\/AVANCEinc","https:\/\/www.instagram.com\/avance__inc\/","https:\/\/www.linkedin.com\/company\/avance-inc"]}]}},"post_mailing_queue_ids":[],"_links":{"self":[{"href":"https:\/\/www.avance.org\/es\/wp-json\/wp\/v2\/pages\/1771","targetHints":{"allow":["GET"]}}],"collection":[{"href":"https:\/\/www.avance.org\/es\/wp-json\/wp\/v2\/pages"}],"about":[{"href":"https:\/\/www.avance.org\/es\/wp-json\/wp\/v2\/types\/page"}],"author":[{"embeddable":true,"href":"https:\/\/www.avance.org\/es\/wp-json\/wp\/v2\/users\/1"}],"replies":[{"embeddable":true,"href":"https:\/\/www.avance.org\/es\/wp-json\/wp\/v2\/comments?post=1771"}],"version-history":[{"count":10,"href":"https:\/\/www.avance.org\/es\/wp-json\/wp\/v2\/pages\/1771\/revisions"}],"predecessor-version":[{"id":3696,"href":"https:\/\/www.avance.org\/es\/wp-json\/wp\/v2\/pages\/1771\/revisions\/3696"}],"up":[{"embeddable":true,"href":"https:\/\/www.avance.org\/es\/wp-json\/wp\/v2\/pages\/173"}],"wp:attachment":[{"href":"https:\/\/www.avance.org\/es\/wp-json\/wp\/v2\/media?parent=1771"}],"curies":[{"name":"wp","href":"https:\/\/api.w.org\/{rel}","templated":true}]}}