{"id":1761,"date":"2022-07-08T09:39:23","date_gmt":"2022-07-08T09:39:23","guid":{"rendered":"\/avance998\/?page_id=1761"},"modified":"2026-01-21T17:38:45","modified_gmt":"2026-01-21T22:38:45","slug":"leadership-team","status":"publish","type":"page","link":"https:\/\/www.avance.org\/es\/about-us\/leadership-team\/","title":{"rendered":"El Equipo de Liderazgo"},"content":{"rendered":"<h2>\n\t\tEl Equipo de Liderazgo\n\t<\/h2>\n\t<p>Adem\u00e1s de su amplia y distinguida experiencia, los l\u00edderes de AVANCE est\u00e1n motivados y apasionados por la misi\u00f3n, la promesa, y el potencial de las familias y comunidades a las que servimos. De hecho, el equipo incluye graduados de PCEP y Head Start, y cuenta con amplia diversidad. Obtenga m\u00e1s informaci\u00f3n sobre cada uno de nuestros lideres en sus biograf\u00edas a continuaci\u00f3n.<\/p>\n<p>\u00a0<\/p>\n<h2>\n\t\tNational Office\n\t<\/h2>\n\t\t\t\t<a href=\"#wow-modal-id-65\" target=\"_self\" itemprop=\"url\">\n\t\t\t\t<img loading=\"lazy\" decoding=\"async\" src=\"https:\/\/www.avance.org\/wp-content\/uploads\/2024\/10\/Dr-Teresa-Granillo-300x300-1.png\" alt=\"Dr-Teresa-Granillo-300x300\" itemprop=\"image\" height=\"300\" width=\"300\" title=\"Dr-Teresa-Granillo-300x300\" onerror=\"this.style.display='none'\"  \/>\n\t\t\t\t<\/a>\n\t<p><strong>Dra. Teresa Granillo<\/strong><\/p>\n<p>Directora Ejecutiva<\/p>\n\t\t\t\t<a href=\"#wow-modal-id-3\" target=\"_self\" itemprop=\"url\">\n\t\t\t\t<img loading=\"lazy\" decoding=\"async\" src=\"https:\/\/www.avance.org\/wp-content\/uploads\/2024\/10\/Sonia-Dominguez-300x300-1.png\" alt=\"Sonia-Dominguez-300x300\" itemprop=\"image\" height=\"300\" width=\"300\" title=\"Sonia-Dominguez-300x300\" onerror=\"this.style.display='none'\"  \/>\n\t\t\t\t<\/a>\n\t<strong>Sonia Dominguez<br \/>\n<\/strong>\n<p>Presidenta<\/p>\n\t\t\t\t<a href=\"#wow-modal-id-2\" target=\"_self\" itemprop=\"url\">\n\t\t\t\t<img loading=\"lazy\" decoding=\"async\" src=\"https:\/\/www.avance.org\/wp-content\/uploads\/2024\/10\/Elida-Gonzales-300x300-1.png\" alt=\"Elida-Gonzales-300x300\" itemprop=\"image\" height=\"300\" width=\"300\" title=\"Elida-Gonzales-300x300\" onerror=\"this.style.display='none'\"  \/>\n\t\t\t\t<\/a>\n\t<p><strong>Elida Gonzales<\/strong><\/p>\n<p>Directora de Finanzas<\/p>\n\t\t\t\t<a href=\"#wow-modal-id-35\" target=\"_self\" itemprop=\"url\">\n\t\t\t\t<img loading=\"lazy\" decoding=\"async\" src=\"https:\/\/www.avance.org\/wp-content\/uploads\/2024\/10\/Allison-Pape-300x300-1.png\" alt=\"Allison-Pape-300x300\" itemprop=\"image\" height=\"300\" width=\"300\" title=\"Allison-Pape-300x300\" onerror=\"this.style.display='none'\"  \/>\n\t\t\t\t<\/a>\n\t<strong>Allison Pape<br \/>\n<\/strong>\n<p>Directora de Programas<\/p>\n\t\t\t\t<a href=\"#wow-modal-id-4\" target=\"_self\" itemprop=\"url\">\n\t\t\t\t<img loading=\"lazy\" decoding=\"async\" src=\"https:\/\/www.avance.org\/wp-content\/uploads\/2024\/10\/Alex-Chandler-300x300-1.png\" alt=\"Alex-Chandler-300x300\" itemprop=\"image\" height=\"300\" width=\"300\" title=\"Alex-Chandler-300x300\" onerror=\"this.style.display='none'\"  \/>\n\t\t\t\t<\/a>\n\t<strong>Alex Chandler<br \/>\n<\/strong>\n<p>Director de Comunicaciones<\/p>\n\t\t\t\t<a href=\"#wow-modal-id-94\" target=\"_self\" itemprop=\"url\">\n\t\t\t\t<img loading=\"lazy\" decoding=\"async\" src=\"https:\/\/www.avance.org\/wp-content\/uploads\/2026\/01\/Karl_Nichols-3x3-1.png\" alt=\"Karl_Nichols-3x3\" itemprop=\"image\" height=\"300\" width=\"300\" title=\"Karl_Nichols-3x3\" onerror=\"this.style.display='none'\"  \/>\n\t\t\t\t<\/a>\n\t<strong>Karl Nichols<br \/>\n<\/strong>\n<p>Director de Desarrollo<\/p>\n<h2 class=\"translation-block\"><span style=\"font-size: 18px\"><span class=\"bluehd\">Cap\u00edtulo de <\/span><span class=\"blackhd\">Liderazgo<\/span><\/span><\/h2>\n\t\t\t\t<a href=\"#wow-modal-id-7\" target=\"_self\" itemprop=\"url\">\n\t\t\t\t<img loading=\"lazy\" decoding=\"async\" src=\"https:\/\/www.avance.org\/wp-content\/uploads\/2024\/10\/Luz-Flores-300x300-1.png\" alt=\"Luz-Flores-300x300\" itemprop=\"image\" height=\"300\" width=\"300\" title=\"Luz-Flores-300x300\" onerror=\"this.style.display='none'\"  \/>\n\t\t\t\t<\/a>\n\t<strong>Luz Flores<br \/>\n<\/strong>\nDirectora Ejecutiva,<br \/>\nAVANCE-Houston\n\t\t\t\t<a href=\"#wow-modal-id-6\" target=\"_self\" itemprop=\"url\">\n\t\t\t\t<img loading=\"lazy\" decoding=\"async\" src=\"https:\/\/www.avance.org\/wp-content\/uploads\/2024\/10\/Ana-Lorena-Carrasco-2-300x300-1.png\" alt=\"Ana-Lorena-Carrasco-2-300x300\" itemprop=\"image\" height=\"300\" width=\"300\" title=\"Ana-Lorena-Carrasco-2-300x300\" onerror=\"this.style.display='none'\"  \/>\n\t\t\t\t<\/a>\n\t<strong>Ana Lorena Carrasco<br \/>\n<\/strong>\nDirectora Ejecutiva,<br \/>\nAVANCE-North Texas\n\t\t\t\t<a href=\"#wow-modal-id-46\" target=\"_self\" itemprop=\"url\">\n\t\t\t\t<img loading=\"lazy\" decoding=\"async\" src=\"https:\/\/www.avance.org\/wp-content\/uploads\/2024\/10\/Yesenia-Alvarez-Gonzalez-300x300-1.png\" alt=\"Yesenia-Alvarez-Gonzalez-300x300\" itemprop=\"image\" height=\"300\" width=\"300\" title=\"Yesenia-Alvarez-Gonzalez-300x300\" onerror=\"this.style.display='none'\"  \/>\n\t\t\t\t<\/a>\n\t<strong>Yesenia Alvarez-Gonzalez<br \/>\n<\/strong>\nDirectora Ejecutiva,<br \/>\nAVANCE-San Antonio\n\t\t\t\t<a href=\"#wow-modal-id-47\" target=\"_self\" itemprop=\"url\">\n\t\t\t\t<img loading=\"lazy\" decoding=\"async\" src=\"https:\/\/www.avance.org\/wp-content\/uploads\/2024\/10\/Maggie-Jaime-300x300-1.png\" alt=\"Maggie-Jaime-300x300\" itemprop=\"image\" height=\"300\" width=\"300\" title=\"Maggie-Jaime-300x300\" onerror=\"this.style.display='none'\"  \/>\n\t\t\t\t<\/a>\n\t<strong>Maggie Jaime<br \/>\n<\/strong>\nDirectora Ejecutiva,<br \/>\nAVANCE-Austin","protected":false},"excerpt":{"rendered":"<p>Leadership Team In addition to being passionate and mission-driven, AVANCE leaders reflect the lived experience of the families and communities we serve. In fact, the team is highly diverse and includes graduates of PCEP and Head Start. Learn more about each of our leaders by reading their bios below. \u00a0 National Office Dr. Teresa Granillo &#8230; <a title=\"El Equipo de Liderazgo\" class=\"read-more\" href=\"https:\/\/www.avance.org\/es\/about-us\/leadership-team\/\" aria-label=\"M\u00e1s en Leadership Team\">Leer m\u00e1s<\/a><\/p>","protected":false},"author":1,"featured_media":0,"parent":163,"menu_order":4,"comment_status":"closed","ping_status":"closed","template":"","meta":{"inline_featured_image":false,"footnotes":""},"class_list":["post-1761","page","type-page","status-publish"],"yoast_head":"<!-- This site is optimized with the Yoast SEO Premium plugin v25.3 (Yoast SEO v25.3) - https:\/\/yoast.com\/wordpress\/plugins\/seo\/ -->\n<title>Leadership Team - AVANCE<\/title>\n<meta name=\"robots\" content=\"index, follow, max-snippet:-1, max-image-preview:large, max-video-preview:-1\" \/>\n<link rel=\"canonical\" href=\"https:\/\/www.avance.org\/es\/about-us\/leadership-team\/\" \/>\n<meta property=\"og:locale\" content=\"es_MX\" \/>\n<meta property=\"og:type\" content=\"article\" \/>\n<meta property=\"og:title\" content=\"Leadership Team\" \/>\n<meta property=\"og:description\" content=\"Leadership Team In addition to being passionate and mission-driven, AVANCE leaders reflect the lived experience of the families and communities we serve. In fact, the team is highly diverse and includes graduates of PCEP and Head Start. Learn more about each of our leaders by reading their bios below. \u00a0 National Office Dr. Teresa Granillo ... Leer m\u00e1s\" \/>\n<meta property=\"og:url\" content=\"https:\/\/www.avance.org\/es\/about-us\/leadership-team\/\" \/>\n<meta property=\"og:site_name\" content=\"AVANCE\" \/>\n<meta property=\"article:publisher\" content=\"https:\/\/www.facebook.com\/AVANCEinc\/\" \/>\n<meta property=\"article:modified_time\" content=\"2026-01-21T22:38:45+00:00\" \/>\n<meta property=\"og:image\" content=\"https:\/\/www.avance.org\/wp-content\/uploads\/2024\/10\/Dr-Teresa-Granillo-300x300-1.png\" \/>\n<meta name=\"twitter:card\" content=\"summary_large_image\" \/>\n<meta name=\"twitter:site\" content=\"@AVANCEinc\" \/>\n<meta name=\"twitter:label1\" content=\"Tiempo de lectura\" \/>\n\t<meta name=\"twitter:data1\" content=\"3 minutos\" \/>\n<script type=\"application\/ld+json\" class=\"yoast-schema-graph\">{\"@context\":\"https:\/\/schema.org\",\"@graph\":[{\"@type\":\"WebPage\",\"@id\":\"https:\/\/www.avance.org\/about-us\/leadership-team\/\",\"url\":\"https:\/\/www.avance.org\/about-us\/leadership-team\/\",\"name\":\"Leadership Team - AVANCE\",\"isPartOf\":{\"@id\":\"https:\/\/www.avance.org\/#website\"},\"primaryImageOfPage\":{\"@id\":\"https:\/\/www.avance.org\/about-us\/leadership-team\/#primaryimage\"},\"image\":{\"@id\":\"https:\/\/www.avance.org\/about-us\/leadership-team\/#primaryimage\"},\"thumbnailUrl\":\"https:\/\/www.avance.org\/wp-content\/uploads\/2024\/10\/Dr-Teresa-Granillo-300x300-1.png\",\"datePublished\":\"2022-07-08T09:39:23+00:00\",\"dateModified\":\"2026-01-21T22:38:45+00:00\",\"breadcrumb\":{\"@id\":\"https:\/\/www.avance.org\/about-us\/leadership-team\/#breadcrumb\"},\"inLanguage\":\"es-MX\",\"potentialAction\":[{\"@type\":\"ReadAction\",\"target\":[\"https:\/\/www.avance.org\/about-us\/leadership-team\/\"]}]},{\"@type\":\"ImageObject\",\"inLanguage\":\"es-MX\",\"@id\":\"https:\/\/www.avance.org\/about-us\/leadership-team\/#primaryimage\",\"url\":\"https:\/\/www.avance.org\/wp-content\/uploads\/2024\/10\/Dr-Teresa-Granillo-300x300-1.png\",\"contentUrl\":\"https:\/\/www.avance.org\/wp-content\/uploads\/2024\/10\/Dr-Teresa-Granillo-300x300-1.png\"},{\"@type\":\"BreadcrumbList\",\"@id\":\"https:\/\/www.avance.org\/about-us\/leadership-team\/#breadcrumb\",\"itemListElement\":[{\"@type\":\"ListItem\",\"position\":1,\"name\":\"Home\",\"item\":\"https:\/\/www.avance.org\/\"},{\"@type\":\"ListItem\",\"position\":2,\"name\":\"About us\",\"item\":\"https:\/\/www.avance.org\/about-us\/\"},{\"@type\":\"ListItem\",\"position\":3,\"name\":\"Leadership Team\"}]},{\"@type\":\"WebSite\",\"@id\":\"https:\/\/www.avance.org\/#website\",\"url\":\"https:\/\/www.avance.org\/\",\"name\":\"AVANCE\",\"description\":\"Unlocking America&#039;s Potential\",\"publisher\":{\"@id\":\"https:\/\/www.avance.org\/#organization\"},\"potentialAction\":[{\"@type\":\"SearchAction\",\"target\":{\"@type\":\"EntryPoint\",\"urlTemplate\":\"https:\/\/www.avance.org\/?s={search_term_string}\"},\"query-input\":{\"@type\":\"PropertyValueSpecification\",\"valueRequired\":true,\"valueName\":\"search_term_string\"}}],\"inLanguage\":\"es-MX\"},{\"@type\":\"Organization\",\"@id\":\"https:\/\/www.avance.org\/#organization\",\"name\":\"AVANCE\",\"url\":\"https:\/\/www.avance.org\/\",\"logo\":{\"@type\":\"ImageObject\",\"inLanguage\":\"es-MX\",\"@id\":\"https:\/\/www.avance.org\/#\/schema\/logo\/image\/\",\"url\":\"https:\/\/www.avance.org\/wp-content\/uploads\/2022\/07\/logo.svg\",\"contentUrl\":\"https:\/\/www.avance.org\/wp-content\/uploads\/2022\/07\/logo.svg\",\"caption\":\"AVANCE\"},\"image\":{\"@id\":\"https:\/\/www.avance.org\/#\/schema\/logo\/image\/\"},\"sameAs\":[\"https:\/\/www.facebook.com\/AVANCEinc\/\",\"https:\/\/x.com\/AVANCEinc\",\"https:\/\/www.instagram.com\/avance__inc\/\",\"https:\/\/www.linkedin.com\/company\/avance-inc\"]}]}<\/script>\n<!-- \/ Yoast SEO Premium plugin. -->","yoast_head_json":{"title":"Leadership Team - AVANCE","robots":{"index":"index","follow":"follow","max-snippet":"max-snippet:-1","max-image-preview":"max-image-preview:large","max-video-preview":"max-video-preview:-1"},"canonical":"https:\/\/www.avance.org\/es\/about-us\/leadership-team\/","og_locale":"es_MX","og_type":"article","og_title":"Leadership Team","og_description":"Leadership Team In addition to being passionate and mission-driven, AVANCE leaders reflect the lived experience of the families and communities we serve. In fact, the team is highly diverse and includes graduates of PCEP and Head Start. Learn more about each of our leaders by reading their bios below. \u00a0 National Office Dr. Teresa Granillo ... Leer m\u00e1s","og_url":"https:\/\/www.avance.org\/es\/about-us\/leadership-team\/","og_site_name":"AVANCE","article_publisher":"https:\/\/www.facebook.com\/AVANCEinc\/","article_modified_time":"2026-01-21T22:38:45+00:00","og_image":[{"url":"https:\/\/www.avance.org\/wp-content\/uploads\/2024\/10\/Dr-Teresa-Granillo-300x300-1.png","type":"","width":"","height":""}],"twitter_card":"summary_large_image","twitter_site":"@AVANCEinc","twitter_misc":{"Tiempo de lectura":"3 minutos"},"schema":{"@context":"https:\/\/schema.org","@graph":[{"@type":"WebPage","@id":"https:\/\/www.avance.org\/about-us\/leadership-team\/","url":"https:\/\/www.avance.org\/about-us\/leadership-team\/","name":"Leadership Team - AVANCE","isPartOf":{"@id":"https:\/\/www.avance.org\/#website"},"primaryImageOfPage":{"@id":"https:\/\/www.avance.org\/about-us\/leadership-team\/#primaryimage"},"image":{"@id":"https:\/\/www.avance.org\/about-us\/leadership-team\/#primaryimage"},"thumbnailUrl":"https:\/\/www.avance.org\/wp-content\/uploads\/2024\/10\/Dr-Teresa-Granillo-300x300-1.png","datePublished":"2022-07-08T09:39:23+00:00","dateModified":"2026-01-21T22:38:45+00:00","breadcrumb":{"@id":"https:\/\/www.avance.org\/about-us\/leadership-team\/#breadcrumb"},"inLanguage":"es-MX","potentialAction":[{"@type":"ReadAction","target":["https:\/\/www.avance.org\/about-us\/leadership-team\/"]}]},{"@type":"ImageObject","inLanguage":"es-MX","@id":"https:\/\/www.avance.org\/about-us\/leadership-team\/#primaryimage","url":"https:\/\/www.avance.org\/wp-content\/uploads\/2024\/10\/Dr-Teresa-Granillo-300x300-1.png","contentUrl":"https:\/\/www.avance.org\/wp-content\/uploads\/2024\/10\/Dr-Teresa-Granillo-300x300-1.png"},{"@type":"BreadcrumbList","@id":"https:\/\/www.avance.org\/about-us\/leadership-team\/#breadcrumb","itemListElement":[{"@type":"ListItem","position":1,"name":"Home","item":"https:\/\/www.avance.org\/"},{"@type":"ListItem","position":2,"name":"About us","item":"https:\/\/www.avance.org\/about-us\/"},{"@type":"ListItem","position":3,"name":"Leadership Team"}]},{"@type":"WebSite","@id":"https:\/\/www.avance.org\/#website","url":"https:\/\/www.avance.org\/","name":"AVANCE","description":"Unlocking America&#039;s Potential","publisher":{"@id":"https:\/\/www.avance.org\/#organization"},"potentialAction":[{"@type":"SearchAction","target":{"@type":"EntryPoint","urlTemplate":"https:\/\/www.avance.org\/?s={search_term_string}"},"query-input":{"@type":"PropertyValueSpecification","valueRequired":true,"valueName":"search_term_string"}}],"inLanguage":"es-MX"},{"@type":"Organization","@id":"https:\/\/www.avance.org\/#organization","name":"AVANCE","url":"https:\/\/www.avance.org\/","logo":{"@type":"ImageObject","inLanguage":"es-MX","@id":"https:\/\/www.avance.org\/#\/schema\/logo\/image\/","url":"https:\/\/www.avance.org\/wp-content\/uploads\/2022\/07\/logo.svg","contentUrl":"https:\/\/www.avance.org\/wp-content\/uploads\/2022\/07\/logo.svg","caption":"AVANCE"},"image":{"@id":"https:\/\/www.avance.org\/#\/schema\/logo\/image\/"},"sameAs":["https:\/\/www.facebook.com\/AVANCEinc\/","https:\/\/x.com\/AVANCEinc","https:\/\/www.instagram.com\/avance__inc\/","https:\/\/www.linkedin.com\/company\/avance-inc"]}]}},"post_mailing_queue_ids":[],"_links":{"self":[{"href":"https:\/\/www.avance.org\/es\/wp-json\/wp\/v2\/pages\/1761","targetHints":{"allow":["GET"]}}],"collection":[{"href":"https:\/\/www.avance.org\/es\/wp-json\/wp\/v2\/pages"}],"about":[{"href":"https:\/\/www.avance.org\/es\/wp-json\/wp\/v2\/types\/page"}],"author":[{"embeddable":true,"href":"https:\/\/www.avance.org\/es\/wp-json\/wp\/v2\/users\/1"}],"replies":[{"embeddable":true,"href":"https:\/\/www.avance.org\/es\/wp-json\/wp\/v2\/comments?post=1761"}],"version-history":[{"count":10,"href":"https:\/\/www.avance.org\/es\/wp-json\/wp\/v2\/pages\/1761\/revisions"}],"predecessor-version":[{"id":7452,"href":"https:\/\/www.avance.org\/es\/wp-json\/wp\/v2\/pages\/1761\/revisions\/7452"}],"up":[{"embeddable":true,"href":"https:\/\/www.avance.org\/es\/wp-json\/wp\/v2\/pages\/163"}],"wp:attachment":[{"href":"https:\/\/www.avance.org\/es\/wp-json\/wp\/v2\/media?parent=1761"}],"curies":[{"name":"wp","href":"https:\/\/api.w.org\/{rel}","templated":true}]}}