{"id":165,"date":"2022-03-09T20:13:49","date_gmt":"2022-03-09T20:13:49","guid":{"rendered":"\/avance998\/?page_id=165"},"modified":"2025-11-15T09:22:10","modified_gmt":"2025-11-15T14:22:10","slug":"programs","status":"publish","type":"page","link":"https:\/\/www.avance.org\/es\/programs\/","title":{"rendered":"Programas"},"content":{"rendered":"<h2>\n\t\tProgramas\n\t<\/h2>\n<h2>\n\t\tThe Goal\n\t<\/h2>\n\tDurante m\u00e1s de 50 a\u00f1os, AVANCE ha caminado junto a ni\u00f1os y familias para asegurar que tengan acceso equitativo a los recursos y oportunidades que necesitan para crecer. Por eso, nuestro enfoque y programas est\u00e1n dise\u00f1ados para empoderar y apoyar a cuidadores y ni\u00f1os en su camino.\n\t\t\t\t<img decoding=\"async\" src=\"\/wp-content\/uploads\/2022\/07\/2V0A0046-1.png\" alt=\"2V0A0046 1\" itemprop=\"image\" title=\"2V0A0046 1\" onerror=\"this.style.display='none'\"  \/>\n\t<h1>Programas<\/h1>\n\t<h2>Programa de Educaci\u00f3n para Padres e Hijos de Avance (PCEP)<\/h2>\n\t<p>The Parent-Child Education Program (PCEP) is the core foundational program of AVANCE that teaches parents how to become their child&#8217;s first and most important teacher and how to ensure that the home is the first classroom.<\/p>\n\t\t\t<a href=\"\/es\/programs\/pcep\/\" target=\"_self\" role=\"button\">\n\t\t\t\t\t\t\tLEER M\u00c1S\n\t\t\t<\/a>\n\t<h2>Programas \u201cHead Start\u201d y \u201cEarly Head Start\u201d<\/h2>\n\t<p>AVANCE proporciona entornos de aprendizaje de alta calidad para apoyar el desarrollo social, emocional, f\u00edsico y cognitivo de los ni\u00f1os. \u201cHead Start\u201d apoya el crecimiento y desarrollo de los ni\u00f1os de tres a cinco a\u00f1os de edad, mientras que \u201cEarly Head Start\u201d se enfoca en las madres embarazadas y los ni\u00f1os de seis semanas a tres a\u00f1os de edad.<\/p>\n\t\t\t<a href=\"\/es\/programs\/head-start-early-head-start\/\" target=\"_self\" role=\"button\">\n\t\t\t\t\t\t\tLEER M\u00c1S\n\t\t\t<\/a>\n\t<h2>Familias Construyendo Comunidades (FBC)<\/h2>\n\t<p>El programa FBC empodera a los padres y cuidadores para que sean l\u00edderes en su comunidad, aboguen por sus derechos y fortalezcan la comunicaci\u00f3n con sus hijos. El programa brinda a los adultos desarrollo personal y capacitaci\u00f3n en liderazgo y a los ni\u00f1os herramientas para crecer.<\/p>\n\t\t\t<a href=\"\/es\/programs\/families-building-communities\/\" target=\"_self\" role=\"button\">\n\t\t\t\t\t\t\tLEER M\u00c1S\n\t\t\t<\/a>\n\t<h2>AVANCE to College<\/h2>\n\t<p>En asociaci\u00f3n con las juntas locales de la fuerza laboral y los colegios p\u00fablicos, AVANCE to College combina PCEP con la exposici\u00f3n a las posibilidades y oportunidades que ofrece la educaci\u00f3n post-secundaria y el desarrollo de la fuerza laboral.<\/p>\n\t\t\t<a href=\"https:\/\/www.avance.org\/es\/programs\/avancetocollege\/\" target=\"_self\" role=\"button\">\n\t\t\t\t\t\t\tLEER M\u00c1S\n\t\t\t<\/a>\n\t<h2>Programa \u201cQuality Child Care Matters\u201d (QCCM)<\/h2>\n\t<p>El programa QCCM de AVANCE apoya y gu\u00eda a los proveedores de cuidado infantil familiar\/en el hogar para aumentar la calidad del cuidado de los ni\u00f1os en sus comunidades y honrar la elecci\u00f3n de los padres al garantizar que los padres tengan la oportunidad de utilizar el cuidado infantil familiar sin tener que sacrificar la calidad.<\/p>\n\t\t\t<a href=\"https:\/\/www.avance.org\/es\/programs\/qccm\/\" target=\"_self\" role=\"button\">\n\t\t\t\t\t\t\tLEER M\u00c1S\n\t\t\t<\/a>","protected":false},"excerpt":{"rendered":"<p>Programs The Goal For over 50 years, AVANCE has walked alongside children and families with the goal of ensuring equitable access to the resources and opportunities they need to thrive. This is why our unique approach and programming are designed to empower and support caregivers and children on their journeys. Programs AVANCE Parent-Child Education Program &#8230; <a title=\"Programas\" class=\"read-more\" href=\"https:\/\/www.avance.org\/es\/programs\/\" aria-label=\"M\u00e1s en Programs\">Leer m\u00e1s<\/a><\/p>","protected":false},"author":1,"featured_media":0,"parent":0,"menu_order":6,"comment_status":"closed","ping_status":"closed","template":"","meta":{"inline_featured_image":false,"footnotes":""},"class_list":["post-165","page","type-page","status-publish"],"yoast_head":"<!-- This site is optimized with the Yoast SEO Premium plugin v25.3 (Yoast SEO v25.3) - https:\/\/yoast.com\/wordpress\/plugins\/seo\/ -->\n<title>Programs - AVANCE<\/title>\n<meta name=\"robots\" content=\"index, follow, max-snippet:-1, max-image-preview:large, max-video-preview:-1\" \/>\n<link rel=\"canonical\" href=\"https:\/\/www.avance.org\/es\/programs\/\" \/>\n<meta property=\"og:locale\" content=\"es_MX\" \/>\n<meta property=\"og:type\" content=\"article\" \/>\n<meta property=\"og:title\" content=\"Programs\" \/>\n<meta property=\"og:description\" content=\"Programs The Goal For over 50 years, AVANCE has walked alongside children and families with the goal of ensuring equitable access to the resources and opportunities they need to thrive. This is why our unique approach and programming are designed to empower and support caregivers and children on their journeys. Programs AVANCE Parent-Child Education Program ... Leer m\u00e1s\" \/>\n<meta property=\"og:url\" content=\"https:\/\/www.avance.org\/es\/programs\/\" \/>\n<meta property=\"og:site_name\" content=\"AVANCE\" \/>\n<meta property=\"article:publisher\" content=\"https:\/\/www.facebook.com\/AVANCEinc\/\" \/>\n<meta property=\"article:modified_time\" content=\"2025-11-15T14:22:10+00:00\" \/>\n<meta name=\"twitter:card\" content=\"summary_large_image\" \/>\n<meta name=\"twitter:site\" content=\"@AVANCEinc\" \/>\n<meta name=\"twitter:label1\" content=\"Tiempo de lectura\" \/>\n\t<meta name=\"twitter:data1\" content=\"1 minuto\" \/>\n<script type=\"application\/ld+json\" class=\"yoast-schema-graph\">{\"@context\":\"https:\/\/schema.org\",\"@graph\":[{\"@type\":\"WebPage\",\"@id\":\"https:\/\/www.avance.org\/programs\/\",\"url\":\"https:\/\/www.avance.org\/programs\/\",\"name\":\"Programs - AVANCE\",\"isPartOf\":{\"@id\":\"https:\/\/www.avance.org\/#website\"},\"datePublished\":\"2022-03-09T20:13:49+00:00\",\"dateModified\":\"2025-11-15T14:22:10+00:00\",\"breadcrumb\":{\"@id\":\"https:\/\/www.avance.org\/programs\/#breadcrumb\"},\"inLanguage\":\"es-MX\",\"potentialAction\":[{\"@type\":\"ReadAction\",\"target\":[\"https:\/\/www.avance.org\/programs\/\"]}]},{\"@type\":\"BreadcrumbList\",\"@id\":\"https:\/\/www.avance.org\/programs\/#breadcrumb\",\"itemListElement\":[{\"@type\":\"ListItem\",\"position\":1,\"name\":\"Home\",\"item\":\"https:\/\/www.avance.org\/\"},{\"@type\":\"ListItem\",\"position\":2,\"name\":\"Programs\"}]},{\"@type\":\"WebSite\",\"@id\":\"https:\/\/www.avance.org\/#website\",\"url\":\"https:\/\/www.avance.org\/\",\"name\":\"AVANCE\",\"description\":\"Unlocking America&#039;s Potential\",\"publisher\":{\"@id\":\"https:\/\/www.avance.org\/#organization\"},\"potentialAction\":[{\"@type\":\"SearchAction\",\"target\":{\"@type\":\"EntryPoint\",\"urlTemplate\":\"https:\/\/www.avance.org\/?s={search_term_string}\"},\"query-input\":{\"@type\":\"PropertyValueSpecification\",\"valueRequired\":true,\"valueName\":\"search_term_string\"}}],\"inLanguage\":\"es-MX\"},{\"@type\":\"Organization\",\"@id\":\"https:\/\/www.avance.org\/#organization\",\"name\":\"AVANCE\",\"url\":\"https:\/\/www.avance.org\/\",\"logo\":{\"@type\":\"ImageObject\",\"inLanguage\":\"es-MX\",\"@id\":\"https:\/\/www.avance.org\/#\/schema\/logo\/image\/\",\"url\":\"https:\/\/www.avance.org\/wp-content\/uploads\/2022\/07\/logo.svg\",\"contentUrl\":\"https:\/\/www.avance.org\/wp-content\/uploads\/2022\/07\/logo.svg\",\"caption\":\"AVANCE\"},\"image\":{\"@id\":\"https:\/\/www.avance.org\/#\/schema\/logo\/image\/\"},\"sameAs\":[\"https:\/\/www.facebook.com\/AVANCEinc\/\",\"https:\/\/x.com\/AVANCEinc\",\"https:\/\/www.instagram.com\/avance__inc\/\",\"https:\/\/www.linkedin.com\/company\/avance-inc\"]}]}<\/script>\n<!-- \/ Yoast SEO Premium plugin. -->","yoast_head_json":{"title":"Programs - AVANCE","robots":{"index":"index","follow":"follow","max-snippet":"max-snippet:-1","max-image-preview":"max-image-preview:large","max-video-preview":"max-video-preview:-1"},"canonical":"https:\/\/www.avance.org\/es\/programs\/","og_locale":"es_MX","og_type":"article","og_title":"Programs","og_description":"Programs The Goal For over 50 years, AVANCE has walked alongside children and families with the goal of ensuring equitable access to the resources and opportunities they need to thrive. This is why our unique approach and programming are designed to empower and support caregivers and children on their journeys. Programs AVANCE Parent-Child Education Program ... Leer m\u00e1s","og_url":"https:\/\/www.avance.org\/es\/programs\/","og_site_name":"AVANCE","article_publisher":"https:\/\/www.facebook.com\/AVANCEinc\/","article_modified_time":"2025-11-15T14:22:10+00:00","twitter_card":"summary_large_image","twitter_site":"@AVANCEinc","twitter_misc":{"Tiempo de lectura":"1 minuto"},"schema":{"@context":"https:\/\/schema.org","@graph":[{"@type":"WebPage","@id":"https:\/\/www.avance.org\/programs\/","url":"https:\/\/www.avance.org\/programs\/","name":"Programs - AVANCE","isPartOf":{"@id":"https:\/\/www.avance.org\/#website"},"datePublished":"2022-03-09T20:13:49+00:00","dateModified":"2025-11-15T14:22:10+00:00","breadcrumb":{"@id":"https:\/\/www.avance.org\/programs\/#breadcrumb"},"inLanguage":"es-MX","potentialAction":[{"@type":"ReadAction","target":["https:\/\/www.avance.org\/programs\/"]}]},{"@type":"BreadcrumbList","@id":"https:\/\/www.avance.org\/programs\/#breadcrumb","itemListElement":[{"@type":"ListItem","position":1,"name":"Home","item":"https:\/\/www.avance.org\/"},{"@type":"ListItem","position":2,"name":"Programs"}]},{"@type":"WebSite","@id":"https:\/\/www.avance.org\/#website","url":"https:\/\/www.avance.org\/","name":"AVANCE","description":"Unlocking America&#039;s Potential","publisher":{"@id":"https:\/\/www.avance.org\/#organization"},"potentialAction":[{"@type":"SearchAction","target":{"@type":"EntryPoint","urlTemplate":"https:\/\/www.avance.org\/?s={search_term_string}"},"query-input":{"@type":"PropertyValueSpecification","valueRequired":true,"valueName":"search_term_string"}}],"inLanguage":"es-MX"},{"@type":"Organization","@id":"https:\/\/www.avance.org\/#organization","name":"AVANCE","url":"https:\/\/www.avance.org\/","logo":{"@type":"ImageObject","inLanguage":"es-MX","@id":"https:\/\/www.avance.org\/#\/schema\/logo\/image\/","url":"https:\/\/www.avance.org\/wp-content\/uploads\/2022\/07\/logo.svg","contentUrl":"https:\/\/www.avance.org\/wp-content\/uploads\/2022\/07\/logo.svg","caption":"AVANCE"},"image":{"@id":"https:\/\/www.avance.org\/#\/schema\/logo\/image\/"},"sameAs":["https:\/\/www.facebook.com\/AVANCEinc\/","https:\/\/x.com\/AVANCEinc","https:\/\/www.instagram.com\/avance__inc\/","https:\/\/www.linkedin.com\/company\/avance-inc"]}]}},"post_mailing_queue_ids":[],"_links":{"self":[{"href":"https:\/\/www.avance.org\/es\/wp-json\/wp\/v2\/pages\/165","targetHints":{"allow":["GET"]}}],"collection":[{"href":"https:\/\/www.avance.org\/es\/wp-json\/wp\/v2\/pages"}],"about":[{"href":"https:\/\/www.avance.org\/es\/wp-json\/wp\/v2\/types\/page"}],"author":[{"embeddable":true,"href":"https:\/\/www.avance.org\/es\/wp-json\/wp\/v2\/users\/1"}],"replies":[{"embeddable":true,"href":"https:\/\/www.avance.org\/es\/wp-json\/wp\/v2\/comments?post=165"}],"version-history":[{"count":10,"href":"https:\/\/www.avance.org\/es\/wp-json\/wp\/v2\/pages\/165\/revisions"}],"predecessor-version":[{"id":7377,"href":"https:\/\/www.avance.org\/es\/wp-json\/wp\/v2\/pages\/165\/revisions\/7377"}],"wp:attachment":[{"href":"https:\/\/www.avance.org\/es\/wp-json\/wp\/v2\/media?parent=165"}],"curies":[{"name":"wp","href":"https:\/\/api.w.org\/{rel}","templated":true}]}}