{"id":163,"date":"2022-03-09T20:13:42","date_gmt":"2022-03-09T20:13:42","guid":{"rendered":"https:\/\/ct-host.net\/avance998\/?page_id=163"},"modified":"2025-02-04T19:22:03","modified_gmt":"2025-02-05T00:22:03","slug":"about-us","status":"publish","type":"page","link":"https:\/\/www.avance.org\/es\/about-us\/","title":{"rendered":"Sobre Nosotros"},"content":{"rendered":"<h2>\n\t\tSOBRE NOSOTROS\n\t<\/h2>\n\t<h1>Misi\u00f3n<\/h1>\n\t<p>AVANCE camina junto a ni\u00f1os y familias para alcanzar justicia social y econ\u00f3mica.<\/p>\n\t<h1>Visi\u00f3n<\/h1>\n\t<p>Imaginamos un mundo en el que todos los ni\u00f1os y familias tengan acceso equitativo a los recursos y oportunidades para alcanzar su m\u00e1ximo potencial, transformando las comunidades en las que vivimos.<\/p>\n\t<h1><a href=\"\/es\/about-us\/history\/\">Nuestra Historia<\/a><\/h1>\n\tLa historia de AVANCE comenz\u00f3 en 1972 cuando dos estudiantes de doctorado de la Universidad de Cornell que estudiaban con el Dr. Urie Bronfenbrenner crearon el Programa Materno Infantil en Dallas. Un a\u00f1o despu\u00e9s, en septiembre de 1973, la Dra. Gloria Rodr\u00edguez fund\u00f3 AVANCE y comenz\u00f3 a ofrecer clases en el Proyecto de Vivienda Mirasol en el<br \/>\nSan Antonio&#8217;s west side.\n\t<h1><a href=\"\/es\/about-us\/the-avance-way\/\">El Estilo AVANCE<\/a><\/h1>\n\tThe AVANCE Way is a distinctive strengths-based approach to working with families that centers on meeting families where they are and building on their strengths to foster community, trust, and learning. We employ specific strategies based on the unique needs of families and children to introduce them to resources and opportunities<br \/>\nin the community.\n\t<h1><a href=\"\/es\/programs\/\">Programas<\/a><\/h1>\n\t<p>Durante m\u00e1s de 50 a\u00f1os, AVANCE ha caminado junto a ni\u00f1os y familias para lograr la justicia social y econ\u00f3mica. Nuestro enfoque y programas \u00fanicos est\u00e1n dise\u00f1ados para empoderar y apoyar a cuidadores y ni\u00f1os con el objetivo de garantizar un acceso equitativo a los recursos y oportunidades que necesitan para prosperar.<\/p>","protected":false},"excerpt":{"rendered":"<p>About Us Mission AVANCE walks alongside children and families to achieve social and economic justice. Vision We envision a world where all children and families have equitable access to resources and opportunities to reach their fullest potential, transforming the communities in which we live. Our History The story of AVANCE began in 1972 when two &#8230; <a title=\"Sobre Nosotros\" class=\"read-more\" href=\"https:\/\/www.avance.org\/es\/about-us\/\" aria-label=\"M\u00e1s en About us\">Leer m\u00e1s<\/a><\/p>","protected":false},"author":1,"featured_media":0,"parent":0,"menu_order":5,"comment_status":"closed","ping_status":"closed","template":"","meta":{"inline_featured_image":false,"footnotes":""},"class_list":["post-163","page","type-page","status-publish"],"yoast_head":"<!-- This site is optimized with the Yoast SEO Premium plugin v25.3 (Yoast SEO v25.3) - https:\/\/yoast.com\/wordpress\/plugins\/seo\/ -->\n<title>About us - AVANCE<\/title>\n<meta name=\"robots\" content=\"index, follow, max-snippet:-1, max-image-preview:large, max-video-preview:-1\" \/>\n<link rel=\"canonical\" href=\"https:\/\/www.avance.org\/es\/about-us\/\" \/>\n<meta property=\"og:locale\" content=\"es_MX\" \/>\n<meta property=\"og:type\" content=\"article\" \/>\n<meta property=\"og:title\" content=\"About us\" \/>\n<meta property=\"og:description\" content=\"About Us Mission AVANCE walks alongside children and families to achieve social and economic justice. Vision We envision a world where all children and families have equitable access to resources and opportunities to reach their fullest potential, transforming the communities in which we live. Our History The story of AVANCE began in 1972 when two ... Leer m\u00e1s\" \/>\n<meta property=\"og:url\" content=\"https:\/\/www.avance.org\/es\/about-us\/\" \/>\n<meta property=\"og:site_name\" content=\"AVANCE\" \/>\n<meta property=\"article:publisher\" content=\"https:\/\/www.facebook.com\/AVANCEinc\/\" \/>\n<meta property=\"article:modified_time\" content=\"2025-02-05T00:22:03+00:00\" \/>\n<meta name=\"twitter:card\" content=\"summary_large_image\" \/>\n<meta name=\"twitter:site\" content=\"@AVANCEinc\" \/>\n<meta name=\"twitter:label1\" content=\"Tiempo de lectura\" \/>\n\t<meta name=\"twitter:data1\" content=\"1 minuto\" \/>\n<script type=\"application\/ld+json\" class=\"yoast-schema-graph\">{\"@context\":\"https:\/\/schema.org\",\"@graph\":[{\"@type\":\"WebPage\",\"@id\":\"https:\/\/www.avance.org\/about-us\/\",\"url\":\"https:\/\/www.avance.org\/about-us\/\",\"name\":\"About us - AVANCE\",\"isPartOf\":{\"@id\":\"https:\/\/www.avance.org\/#website\"},\"datePublished\":\"2022-03-09T20:13:42+00:00\",\"dateModified\":\"2025-02-05T00:22:03+00:00\",\"breadcrumb\":{\"@id\":\"https:\/\/www.avance.org\/about-us\/#breadcrumb\"},\"inLanguage\":\"es-MX\",\"potentialAction\":[{\"@type\":\"ReadAction\",\"target\":[\"https:\/\/www.avance.org\/about-us\/\"]}]},{\"@type\":\"BreadcrumbList\",\"@id\":\"https:\/\/www.avance.org\/about-us\/#breadcrumb\",\"itemListElement\":[{\"@type\":\"ListItem\",\"position\":1,\"name\":\"Home\",\"item\":\"https:\/\/www.avance.org\/\"},{\"@type\":\"ListItem\",\"position\":2,\"name\":\"About us\"}]},{\"@type\":\"WebSite\",\"@id\":\"https:\/\/www.avance.org\/#website\",\"url\":\"https:\/\/www.avance.org\/\",\"name\":\"AVANCE\",\"description\":\"Unlocking America&#039;s Potential\",\"publisher\":{\"@id\":\"https:\/\/www.avance.org\/#organization\"},\"potentialAction\":[{\"@type\":\"SearchAction\",\"target\":{\"@type\":\"EntryPoint\",\"urlTemplate\":\"https:\/\/www.avance.org\/?s={search_term_string}\"},\"query-input\":{\"@type\":\"PropertyValueSpecification\",\"valueRequired\":true,\"valueName\":\"search_term_string\"}}],\"inLanguage\":\"es-MX\"},{\"@type\":\"Organization\",\"@id\":\"https:\/\/www.avance.org\/#organization\",\"name\":\"AVANCE\",\"url\":\"https:\/\/www.avance.org\/\",\"logo\":{\"@type\":\"ImageObject\",\"inLanguage\":\"es-MX\",\"@id\":\"https:\/\/www.avance.org\/#\/schema\/logo\/image\/\",\"url\":\"https:\/\/www.avance.org\/wp-content\/uploads\/2022\/07\/logo.svg\",\"contentUrl\":\"https:\/\/www.avance.org\/wp-content\/uploads\/2022\/07\/logo.svg\",\"caption\":\"AVANCE\"},\"image\":{\"@id\":\"https:\/\/www.avance.org\/#\/schema\/logo\/image\/\"},\"sameAs\":[\"https:\/\/www.facebook.com\/AVANCEinc\/\",\"https:\/\/x.com\/AVANCEinc\",\"https:\/\/www.instagram.com\/avance__inc\/\",\"https:\/\/www.linkedin.com\/company\/avance-inc\"]}]}<\/script>\n<!-- \/ Yoast SEO Premium plugin. -->","yoast_head_json":{"title":"About us - AVANCE","robots":{"index":"index","follow":"follow","max-snippet":"max-snippet:-1","max-image-preview":"max-image-preview:large","max-video-preview":"max-video-preview:-1"},"canonical":"https:\/\/www.avance.org\/es\/about-us\/","og_locale":"es_MX","og_type":"article","og_title":"About us","og_description":"About Us Mission AVANCE walks alongside children and families to achieve social and economic justice. Vision We envision a world where all children and families have equitable access to resources and opportunities to reach their fullest potential, transforming the communities in which we live. Our History The story of AVANCE began in 1972 when two ... Leer m\u00e1s","og_url":"https:\/\/www.avance.org\/es\/about-us\/","og_site_name":"AVANCE","article_publisher":"https:\/\/www.facebook.com\/AVANCEinc\/","article_modified_time":"2025-02-05T00:22:03+00:00","twitter_card":"summary_large_image","twitter_site":"@AVANCEinc","twitter_misc":{"Tiempo de lectura":"1 minuto"},"schema":{"@context":"https:\/\/schema.org","@graph":[{"@type":"WebPage","@id":"https:\/\/www.avance.org\/about-us\/","url":"https:\/\/www.avance.org\/about-us\/","name":"About us - AVANCE","isPartOf":{"@id":"https:\/\/www.avance.org\/#website"},"datePublished":"2022-03-09T20:13:42+00:00","dateModified":"2025-02-05T00:22:03+00:00","breadcrumb":{"@id":"https:\/\/www.avance.org\/about-us\/#breadcrumb"},"inLanguage":"es-MX","potentialAction":[{"@type":"ReadAction","target":["https:\/\/www.avance.org\/about-us\/"]}]},{"@type":"BreadcrumbList","@id":"https:\/\/www.avance.org\/about-us\/#breadcrumb","itemListElement":[{"@type":"ListItem","position":1,"name":"Home","item":"https:\/\/www.avance.org\/"},{"@type":"ListItem","position":2,"name":"About us"}]},{"@type":"WebSite","@id":"https:\/\/www.avance.org\/#website","url":"https:\/\/www.avance.org\/","name":"AVANCE","description":"Unlocking America&#039;s Potential","publisher":{"@id":"https:\/\/www.avance.org\/#organization"},"potentialAction":[{"@type":"SearchAction","target":{"@type":"EntryPoint","urlTemplate":"https:\/\/www.avance.org\/?s={search_term_string}"},"query-input":{"@type":"PropertyValueSpecification","valueRequired":true,"valueName":"search_term_string"}}],"inLanguage":"es-MX"},{"@type":"Organization","@id":"https:\/\/www.avance.org\/#organization","name":"AVANCE","url":"https:\/\/www.avance.org\/","logo":{"@type":"ImageObject","inLanguage":"es-MX","@id":"https:\/\/www.avance.org\/#\/schema\/logo\/image\/","url":"https:\/\/www.avance.org\/wp-content\/uploads\/2022\/07\/logo.svg","contentUrl":"https:\/\/www.avance.org\/wp-content\/uploads\/2022\/07\/logo.svg","caption":"AVANCE"},"image":{"@id":"https:\/\/www.avance.org\/#\/schema\/logo\/image\/"},"sameAs":["https:\/\/www.facebook.com\/AVANCEinc\/","https:\/\/x.com\/AVANCEinc","https:\/\/www.instagram.com\/avance__inc\/","https:\/\/www.linkedin.com\/company\/avance-inc"]}]}},"post_mailing_queue_ids":[],"_links":{"self":[{"href":"https:\/\/www.avance.org\/es\/wp-json\/wp\/v2\/pages\/163","targetHints":{"allow":["GET"]}}],"collection":[{"href":"https:\/\/www.avance.org\/es\/wp-json\/wp\/v2\/pages"}],"about":[{"href":"https:\/\/www.avance.org\/es\/wp-json\/wp\/v2\/types\/page"}],"author":[{"embeddable":true,"href":"https:\/\/www.avance.org\/es\/wp-json\/wp\/v2\/users\/1"}],"replies":[{"embeddable":true,"href":"https:\/\/www.avance.org\/es\/wp-json\/wp\/v2\/comments?post=163"}],"version-history":[{"count":10,"href":"https:\/\/www.avance.org\/es\/wp-json\/wp\/v2\/pages\/163\/revisions"}],"predecessor-version":[{"id":6691,"href":"https:\/\/www.avance.org\/es\/wp-json\/wp\/v2\/pages\/163\/revisions\/6691"}],"wp:attachment":[{"href":"https:\/\/www.avance.org\/es\/wp-json\/wp\/v2\/media?parent=163"}],"curies":[{"name":"wp","href":"https:\/\/api.w.org\/{rel}","templated":true}]}}