{"id":1620,"date":"2022-07-07T07:55:01","date_gmt":"2022-07-07T07:55:01","guid":{"rendered":"\/avance998\/?page_id=1620"},"modified":"2025-10-01T08:25:38","modified_gmt":"2025-10-01T13:25:38","slug":"families-building-communities","status":"publish","type":"page","link":"https:\/\/www.avance.org\/es\/programs\/families-building-communities\/","title":{"rendered":"Familias Construyendo Comunidades (FBC)"},"content":{"rendered":"<h2>\n\t\tFamilias Construyendo Comunidades (FBC)\n\t<\/h2>\n\t<p>&#8220;Empowering adults to be leaders in their community, advocate for their rights, and strengthen communication with their children&#8221;<\/p>\n<p>\u00a0<\/p>\n<h2>\n\t\tFamilias Construyendo Comunidades (FBC)\n\t<\/h2>\n\t<p>El programa AVANCE Families Building Communities (FBC) est\u00e1 dise\u00f1ado para desarrollar l\u00edderes comunitarios. Est\u00e1 bien documentado que la capacitaci\u00f3n en liderazgo involucra a los adultos y genera un mayor compromiso para mejorar sus propias comunidades. Inculca un sentido de orgullo y logro, con resultados generalmente visibles. Las investigaciones muestran que esto es especialmente cierto para la comunidad hispana.\u200b<\/p>\n<p>&nbsp;<\/p>\n<p>Our newly updated FBC curriculum uses a framework based on Breath of Life, an emerging theory that children&#8217;s safety and well-being can be improved when relational worldview principles are balanced within the context and culture of community (Blackstock 2011). The new FBC curriculum focuses on individual capacity for success as well as evaluating leadership as a process with others as a community. \u200b<\/p>\n<h2>\n\t\tPadres y Cuidadores\n\t<\/h2>\n\t\t\t<h3> Desarrollo Personas <\/h3> <h3><strong>15 Horas<\/strong><\/h3>\t\t\n\t\t\t <p>Auto-evaluaci\u00f3n<\/p>\t\t\n\t\t\t <p>Autoestima<\/p>\t\t\n\t\t\t <p>Mentalidad<\/p>\t\t\n\t\t\t <p>Charla con Uno Mismo<\/p>\t\t\n\t\t\t <p>Clarificaci\u00f3n de Valores<\/p>\t\t\n\t\t\t <p>Establecimiento de Metas<\/p>\t\t\n\t\t\t <p>Manejo de Conflicto<\/p>\t\t\n\t\t\t <p>Habilidades de Comunicaci\u00f3n<\/p>\t\t\n\t\t\t <p>Navegaci\u00f3n de las Emociones<\/p>\t\t\n\t\t\t<h3> los cap\u00edtulos<\/h3> <h3><strong>25 Horas<\/strong><\/h3>\t\t\n\t\t\t <p>Ciudadan\u00eda de los padres y responsabilidades c\u00edvicas<\/p>\t\t\n\t\t\t <p>Responsabilidades Educacionales y Derechos<\/p>\t\t\n\t\t\t <p>Procedimientos Parlamentarios<\/p>\t\t\n\t\t\t <p>Desarrollo de Liderazgo y sus Estilos<\/p>\t\t\n\t\t\t <p>Organizaci\u00f3n Comunitaria y Creaci\u00f3n de Redes<\/p>\t\t\n\t\t\t <p>Trabajo en Equipo<\/p>\t\t\n\t\t\t <p>Gesti\u00f3n del tiempo\/proyectos<\/p>\t\t\n\t\t\t <p>Estrategias de Planeaci\u00f3n<\/p>\t\t\n\t\t\t <p>Habilidades para resolver problemas<\/p>\t\t\n\t\t\t <p>Demostraci\u00f3n de Gobierno en el Trabajo<\/p>\t\t\n\t<h6>\n\t\tPEEP y el Gran Mundo\n\t<\/h6>\n<h2>\n\t\tNi\u00f1os\n\t<\/h2>\n\t<p>Al apoyar a los adultos para que sean l\u00edderes en sus comunidades, es importante asegurarse de que sus propias familias y ni\u00f1os reciban las herramientas para crecer y relacionarse con los adultos de la manera m\u00e1s positiva posible.\u200b<\/p>\n<p>&nbsp;<\/p>\n<p>El componente de Primera Infancia utiliza un plan de estudios PEEP y el Gran Mundo\ndise\u00f1ado para fomentar el amor por la ciencia. Los ni\u00f1os aprenden a trav\u00e9s de experimentos y actividades pr\u00e1cticas y construyen vocabulario cient\u00edfico a un nivel apropiado para el desarrollo de ni\u00f1os de tres y cuatro a\u00f1os.<\/p>\n<p>&nbsp;<\/p>\n<p>El plan de estudios de ciencias de PEEP, que se ense\u00f1a en un ambiente enriquecido celebra la curiosidad y la alegr\u00eda del descubrimiento, invita a los ni\u00f1os en edad preescolar a investigar activamente su mundo explorando el agua, el sonido, las plantas, el color, las sombras y las rampas a trav\u00e9s de experimentos pr\u00e1cticos dise\u00f1ados especialmente para ni\u00f1os peque\u00f1os a explorar y aprender.<\/p>\n<p>&nbsp;<\/p>\n<p>El material de PEEP y el Gran Mundo se basa en el trabajo respaldado por la Fundaci\u00f3n Nacional de Ciencias.<\/p>\n\t\t\t<a href=\"http:\/\/www.peepandthebigwideworld.com\/en\/about\/\" target=\"_blank\" role=\"button\" rel=\"noopener\">\n\t\t\t\t\t\t\tLeer m\u00e1s acerca de PEEP y el Gran Mundo\n\t\t\t\t\t<\/a>\n\t\t\t\t<img decoding=\"async\" src=\"\/wp-content\/uploads\/2022\/07\/image-1-1.png\" alt=\"image 1 (1)\" itemprop=\"image\" title=\"image 1 (1)\" onerror=\"this.style.display='none'\"  \/>","protected":false},"excerpt":{"rendered":"<p>Families Building Communities (FBC) &#8220;Empowering adults to be leaders in their community, advocate for their rights, and strengthen communication with their children&#8221; \u00a0 Families Building Communities The AVANCE Families Building Communities (FBC) program is designed to develop community leaders. It is well documented that leadership training engages adults and drives greater commitment to improving their &#8230; <a title=\"Familias Construyendo Comunidades (FBC)\" class=\"read-more\" href=\"https:\/\/www.avance.org\/es\/programs\/families-building-communities\/\" aria-label=\"M\u00e1s en Families Building Communities\">Leer m\u00e1s<\/a><\/p>","protected":false},"author":1,"featured_media":0,"parent":165,"menu_order":15,"comment_status":"closed","ping_status":"closed","template":"","meta":{"inline_featured_image":false,"footnotes":""},"class_list":["post-1620","page","type-page","status-publish"],"yoast_head":"<!-- This site is optimized with the Yoast SEO Premium plugin v25.3 (Yoast SEO v25.3) - https:\/\/yoast.com\/wordpress\/plugins\/seo\/ -->\n<title>Families Building Communities - AVANCE<\/title>\n<meta name=\"robots\" content=\"index, follow, max-snippet:-1, max-image-preview:large, max-video-preview:-1\" \/>\n<link rel=\"canonical\" href=\"https:\/\/www.avance.org\/es\/programs\/families-building-communities\/\" \/>\n<meta property=\"og:locale\" content=\"es_MX\" \/>\n<meta property=\"og:type\" content=\"article\" \/>\n<meta property=\"og:title\" content=\"Families Building Communities\" \/>\n<meta property=\"og:description\" content=\"Families Building Communities (FBC) &#8220;Empowering adults to be leaders in their community, advocate for their rights, and strengthen communication with their children&#8221; \u00a0 Families Building Communities The AVANCE Families Building Communities (FBC) program is designed to develop community leaders. It is well documented that leadership training engages adults and drives greater commitment to improving their ... Leer m\u00e1s\" \/>\n<meta property=\"og:url\" content=\"https:\/\/www.avance.org\/es\/programs\/families-building-communities\/\" \/>\n<meta property=\"og:site_name\" content=\"AVANCE\" \/>\n<meta property=\"article:publisher\" content=\"https:\/\/www.facebook.com\/AVANCEinc\/\" \/>\n<meta property=\"article:modified_time\" content=\"2025-10-01T13:25:38+00:00\" \/>\n<meta name=\"twitter:card\" content=\"summary_large_image\" \/>\n<meta name=\"twitter:site\" content=\"@AVANCEinc\" \/>\n<meta name=\"twitter:label1\" content=\"Tiempo de lectura\" \/>\n\t<meta name=\"twitter:data1\" content=\"2 minutos\" \/>\n<script type=\"application\/ld+json\" class=\"yoast-schema-graph\">{\"@context\":\"https:\/\/schema.org\",\"@graph\":[{\"@type\":\"WebPage\",\"@id\":\"https:\/\/www.avance.org\/programs\/families-building-communities\/\",\"url\":\"https:\/\/www.avance.org\/programs\/families-building-communities\/\",\"name\":\"Families Building Communities - AVANCE\",\"isPartOf\":{\"@id\":\"https:\/\/www.avance.org\/#website\"},\"datePublished\":\"2022-07-07T07:55:01+00:00\",\"dateModified\":\"2025-10-01T13:25:38+00:00\",\"breadcrumb\":{\"@id\":\"https:\/\/www.avance.org\/programs\/families-building-communities\/#breadcrumb\"},\"inLanguage\":\"es-MX\",\"potentialAction\":[{\"@type\":\"ReadAction\",\"target\":[\"https:\/\/www.avance.org\/programs\/families-building-communities\/\"]}]},{\"@type\":\"BreadcrumbList\",\"@id\":\"https:\/\/www.avance.org\/programs\/families-building-communities\/#breadcrumb\",\"itemListElement\":[{\"@type\":\"ListItem\",\"position\":1,\"name\":\"Home\",\"item\":\"https:\/\/www.avance.org\/\"},{\"@type\":\"ListItem\",\"position\":2,\"name\":\"Programs\",\"item\":\"https:\/\/www.avance.org\/programs\/\"},{\"@type\":\"ListItem\",\"position\":3,\"name\":\"Families Building Communities\"}]},{\"@type\":\"WebSite\",\"@id\":\"https:\/\/www.avance.org\/#website\",\"url\":\"https:\/\/www.avance.org\/\",\"name\":\"AVANCE\",\"description\":\"Unlocking America&#039;s Potential\",\"publisher\":{\"@id\":\"https:\/\/www.avance.org\/#organization\"},\"potentialAction\":[{\"@type\":\"SearchAction\",\"target\":{\"@type\":\"EntryPoint\",\"urlTemplate\":\"https:\/\/www.avance.org\/?s={search_term_string}\"},\"query-input\":{\"@type\":\"PropertyValueSpecification\",\"valueRequired\":true,\"valueName\":\"search_term_string\"}}],\"inLanguage\":\"es-MX\"},{\"@type\":\"Organization\",\"@id\":\"https:\/\/www.avance.org\/#organization\",\"name\":\"AVANCE\",\"url\":\"https:\/\/www.avance.org\/\",\"logo\":{\"@type\":\"ImageObject\",\"inLanguage\":\"es-MX\",\"@id\":\"https:\/\/www.avance.org\/#\/schema\/logo\/image\/\",\"url\":\"https:\/\/www.avance.org\/wp-content\/uploads\/2022\/07\/logo.svg\",\"contentUrl\":\"https:\/\/www.avance.org\/wp-content\/uploads\/2022\/07\/logo.svg\",\"caption\":\"AVANCE\"},\"image\":{\"@id\":\"https:\/\/www.avance.org\/#\/schema\/logo\/image\/\"},\"sameAs\":[\"https:\/\/www.facebook.com\/AVANCEinc\/\",\"https:\/\/x.com\/AVANCEinc\",\"https:\/\/www.instagram.com\/avance__inc\/\",\"https:\/\/www.linkedin.com\/company\/avance-inc\"]}]}<\/script>\n<!-- \/ Yoast SEO Premium plugin. -->","yoast_head_json":{"title":"Families Building Communities - AVANCE","robots":{"index":"index","follow":"follow","max-snippet":"max-snippet:-1","max-image-preview":"max-image-preview:large","max-video-preview":"max-video-preview:-1"},"canonical":"https:\/\/www.avance.org\/es\/programs\/families-building-communities\/","og_locale":"es_MX","og_type":"article","og_title":"Families Building Communities","og_description":"Families Building Communities (FBC) &#8220;Empowering adults to be leaders in their community, advocate for their rights, and strengthen communication with their children&#8221; \u00a0 Families Building Communities The AVANCE Families Building Communities (FBC) program is designed to develop community leaders. It is well documented that leadership training engages adults and drives greater commitment to improving their ... Leer m\u00e1s","og_url":"https:\/\/www.avance.org\/es\/programs\/families-building-communities\/","og_site_name":"AVANCE","article_publisher":"https:\/\/www.facebook.com\/AVANCEinc\/","article_modified_time":"2025-10-01T13:25:38+00:00","twitter_card":"summary_large_image","twitter_site":"@AVANCEinc","twitter_misc":{"Tiempo de lectura":"2 minutos"},"schema":{"@context":"https:\/\/schema.org","@graph":[{"@type":"WebPage","@id":"https:\/\/www.avance.org\/programs\/families-building-communities\/","url":"https:\/\/www.avance.org\/programs\/families-building-communities\/","name":"Families Building Communities - AVANCE","isPartOf":{"@id":"https:\/\/www.avance.org\/#website"},"datePublished":"2022-07-07T07:55:01+00:00","dateModified":"2025-10-01T13:25:38+00:00","breadcrumb":{"@id":"https:\/\/www.avance.org\/programs\/families-building-communities\/#breadcrumb"},"inLanguage":"es-MX","potentialAction":[{"@type":"ReadAction","target":["https:\/\/www.avance.org\/programs\/families-building-communities\/"]}]},{"@type":"BreadcrumbList","@id":"https:\/\/www.avance.org\/programs\/families-building-communities\/#breadcrumb","itemListElement":[{"@type":"ListItem","position":1,"name":"Home","item":"https:\/\/www.avance.org\/"},{"@type":"ListItem","position":2,"name":"Programs","item":"https:\/\/www.avance.org\/programs\/"},{"@type":"ListItem","position":3,"name":"Families Building Communities"}]},{"@type":"WebSite","@id":"https:\/\/www.avance.org\/#website","url":"https:\/\/www.avance.org\/","name":"AVANCE","description":"Unlocking America&#039;s Potential","publisher":{"@id":"https:\/\/www.avance.org\/#organization"},"potentialAction":[{"@type":"SearchAction","target":{"@type":"EntryPoint","urlTemplate":"https:\/\/www.avance.org\/?s={search_term_string}"},"query-input":{"@type":"PropertyValueSpecification","valueRequired":true,"valueName":"search_term_string"}}],"inLanguage":"es-MX"},{"@type":"Organization","@id":"https:\/\/www.avance.org\/#organization","name":"AVANCE","url":"https:\/\/www.avance.org\/","logo":{"@type":"ImageObject","inLanguage":"es-MX","@id":"https:\/\/www.avance.org\/#\/schema\/logo\/image\/","url":"https:\/\/www.avance.org\/wp-content\/uploads\/2022\/07\/logo.svg","contentUrl":"https:\/\/www.avance.org\/wp-content\/uploads\/2022\/07\/logo.svg","caption":"AVANCE"},"image":{"@id":"https:\/\/www.avance.org\/#\/schema\/logo\/image\/"},"sameAs":["https:\/\/www.facebook.com\/AVANCEinc\/","https:\/\/x.com\/AVANCEinc","https:\/\/www.instagram.com\/avance__inc\/","https:\/\/www.linkedin.com\/company\/avance-inc"]}]}},"post_mailing_queue_ids":[],"_links":{"self":[{"href":"https:\/\/www.avance.org\/es\/wp-json\/wp\/v2\/pages\/1620","targetHints":{"allow":["GET"]}}],"collection":[{"href":"https:\/\/www.avance.org\/es\/wp-json\/wp\/v2\/pages"}],"about":[{"href":"https:\/\/www.avance.org\/es\/wp-json\/wp\/v2\/types\/page"}],"author":[{"embeddable":true,"href":"https:\/\/www.avance.org\/es\/wp-json\/wp\/v2\/users\/1"}],"replies":[{"embeddable":true,"href":"https:\/\/www.avance.org\/es\/wp-json\/wp\/v2\/comments?post=1620"}],"version-history":[{"count":10,"href":"https:\/\/www.avance.org\/es\/wp-json\/wp\/v2\/pages\/1620\/revisions"}],"predecessor-version":[{"id":7294,"href":"https:\/\/www.avance.org\/es\/wp-json\/wp\/v2\/pages\/1620\/revisions\/7294"}],"up":[{"embeddable":true,"href":"https:\/\/www.avance.org\/es\/wp-json\/wp\/v2\/pages\/165"}],"wp:attachment":[{"href":"https:\/\/www.avance.org\/es\/wp-json\/wp\/v2\/media?parent=1620"}],"curies":[{"name":"wp","href":"https:\/\/api.w.org\/{rel}","templated":true}]}}