{"id":1576,"date":"2022-07-07T07:00:05","date_gmt":"2022-07-07T12:00:05","guid":{"rendered":"https:\/\/ct-host.net\/avance998\/?page_id=1576"},"modified":"2023-11-25T20:21:36","modified_gmt":"2023-11-26T01:21:36","slug":"rgv","status":"publish","type":"page","link":"https:\/\/www.avance.org\/es\/locations\/rgv\/","title":{"rendered":"RGV"},"content":{"rendered":"<h2>\n\t\tValle de R\u00edo Grande\n\t<\/h2>\n\t<p>Desde 1995, AVANCE ha servido a m\u00e1s de 90,000 padres e hijos en el Valle del R\u00edo Grande.<\/p>\n\t<p>AVANCE es l\u00edder en el suministro de programaci\u00f3n de dos generaciones que se centra en la educaci\u00f3n de la primera infancia y la educaci\u00f3n para padres, espec\u00edficamente dentro de las comunidades latinas, para apoyar a las familias en sus caminos hacia la movilidad econ\u00f3mica. AVANCE abri\u00f3 sus puertas por primera vez en el Valle del R\u00edo Grande hace casi 30 a\u00f1os y se ha convertido en un socio de confianza para las comunidades de los condados de Hidalgo, Starr y Zapata. <strong>Desde 1995, AVANCE ha servido a m\u00e1s de 90,000 padres e hijos en el Valle del R\u00edo Grande.<\/strong><\/p>\n<p>&nbsp;<\/p>\n<p class=\"translation-block\">AVANCE opera los programas Early Head Start en el condado de Hidalgo y los programas Head Start y Early Head Start en los condados de Starr y Zapata.<\/p>\n\t<p>Obtenga m\u00e1s informaci\u00f3n sobre nuestros programas y ubicaciones en cada uno de los condados a continuaci\u00f3n.<\/p>\n        <a href=\"https:\/\/www.avance.org\/es\/locations\/rgv\/hidalgo-county\/\">\n    Hidalgo\n<\/a>\n<style>\n    .hidalgo-btn{\n        cursor: pointer;\n        background: #33cccc;\n        box-shadow: 0px 0px 0px rgba(0, 0, 0, 0.25);\n        border-radius: 80px;\n        color: white;\n        font-weight: normal;\n        padding: 10px 30px 10px 30px;\n    }\n    .btn-container {\n        text-align: center;\n    }\n<\/style>\n<a href=\"https:\/\/www.avance.org\/es\/locations\/rgv\/starr-county\/\">\n    Starr\n<\/a>\n<style>\n    .starr-btn {\n        cursor: pointer;\n        background: #33CCCC;\n        box-shadow: 0px 0px 0px rgba(0, 0, 0, 0.25);\n        border-radius: 80px;\n        color: white;\n        font-weight: normal;\n        padding: 10px 40px 10px 40px;\n    }\n    .btn-container {\n        text-align: center;\n    }\n<\/style>\n<a href=\"https:\/\/www.avance.org\/es\/locations\/rgv\/zapata-county\/\">\n    Zapata\n<\/a>\n<style>\n    .zapata-btn {\n        cursor: pointer;\n        background: #33CCCC;\n        box-shadow: 0px 0px 0px rgba(0, 0, 0, 0.25);\n        border-radius: 80px;\n        color: white;\n        font-weight: normal;\n        padding: 10px 30px 10px 30px;\n    }\n    .btn-container {\n        text-align: center;\n    }\n<\/style>\n\t\t\t\t<img loading=\"lazy\" decoding=\"async\" src=\"https:\/\/www.avance.org\/wp-content\/uploads\/2023\/11\/RGV-HS-EHS-circle-1024x1024.png\" alt=\"RGV-HS-EHS-circle\" itemprop=\"image\" height=\"1024\" width=\"1024\" title=\"RGV-HS-EHS-circle\" onerror=\"this.style.display='none'\">\n\t<h4><strong>\u00a1La inscripci\u00f3n est\u00e1 abierta!<\/strong><\/h4>\n\t<p><strong>Nuestros programas est\u00e1n actualmente inscribiendo.<\/strong> \u00a1Complete un formulario de inter\u00e9s r\u00e1pido para comenzar su solicitud hoy!<\/p>\n<a href=\"https:\/\/forms.office.com\/pages\/responsepage.aspx?id=oYSWoseK7kOE7O5KQq3ESGrQwZGAoNpBvovsigIxM0FUOFU4OU1PWFczNThPSjZCNEo1U0pFUzZUOS4u\">\n    Formulario de inter\u00e9s\n<\/a>\n<style>\n    .apply-btn {\n        cursor: pointer;\n        background: #e1261c;\n        box-shadow: 0px 0px 0px rgba(0, 0, 0, 0.25);\n        border-radius: 80px;\n        color: white;\n        font-weight: normal;\n        padding: 10px 30px 10px 30px;\n    }\n    .btn-container {\n        text-align: center;\n    }\n<\/style>\n\t<h4><strong>\u00a1\u00danete a nuestro equipo!<\/strong><\/h4>\n\t<p>Siempre buscamos expandir nuestro equipo de empleados dedicados que impulsan nuestra misi\u00f3n y son la clave de nuestro \u00e9xito. Echa un vistazo a nuestra p\u00e1gina de empleo para ver todas nuestras posiciones abiertas.<\/p>\n<a href=\"https:\/\/www.avance.org\/es\/contact\/employment\/\">\n    Oportunidades de empleo\n<\/a>\n<style>\n    .jobs-btn {\n        cursor: pointer;\n        background: #33cccc;\n        box-shadow: 0px 0px 0px rgba(0, 0, 0, 0.25);\n        border-radius: 80px;\n        color: white;\n        font-weight: normal;\n        padding: 10px 30px 10px 30px;\n    }\n    .btn-container {\n        text-align: center;\n    }\n<\/style>","protected":false},"excerpt":{"rendered":"<p>Rio Grande Valley Since 1995, AVANCE has served more than 90,000 parents and children in the Rio Grande Valley. AVANCE is a leader in providing two-generation programming that focuses on early childhood education and parenting education, specifically within Latino communities, to support families on their journeys to economic mobility. AVANCE first opened its doors in &#8230; <a title=\"RGV\" class=\"read-more\" href=\"https:\/\/www.avance.org\/es\/locations\/rgv\/\" aria-label=\"M\u00e1s en RGV\">Leer m\u00e1s<\/a><\/p>","protected":false},"author":1,"featured_media":0,"parent":1119,"menu_order":3,"comment_status":"closed","ping_status":"closed","template":"","meta":{"inline_featured_image":false,"footnotes":""},"class_list":["post-1576","page","type-page","status-publish"],"yoast_head":"<!-- This site is optimized with the Yoast SEO Premium plugin v25.3 (Yoast SEO v25.3) - https:\/\/yoast.com\/wordpress\/plugins\/seo\/ -->\n<title>RGV - AVANCE<\/title>\n<meta name=\"robots\" content=\"index, follow, max-snippet:-1, max-image-preview:large, max-video-preview:-1\" \/>\n<link rel=\"canonical\" href=\"https:\/\/www.avance.org\/es\/locations\/rgv\/\" \/>\n<meta property=\"og:locale\" content=\"es_MX\" \/>\n<meta property=\"og:type\" content=\"article\" \/>\n<meta property=\"og:title\" content=\"RGV\" \/>\n<meta property=\"og:description\" content=\"Rio Grande Valley Since 1995, AVANCE has served more than 90,000 parents and children in the Rio Grande Valley. AVANCE is a leader in providing two-generation programming that focuses on early childhood education and parenting education, specifically within Latino communities, to support families on their journeys to economic mobility. AVANCE first opened its doors in ... Leer m\u00e1s\" \/>\n<meta property=\"og:url\" content=\"https:\/\/www.avance.org\/es\/locations\/rgv\/\" \/>\n<meta property=\"og:site_name\" content=\"AVANCE\" \/>\n<meta property=\"article:publisher\" content=\"https:\/\/www.facebook.com\/AVANCEinc\/\" \/>\n<meta property=\"article:modified_time\" content=\"2023-11-26T01:21:36+00:00\" \/>\n<meta property=\"og:image\" content=\"https:\/\/www.avance.org\/wp-content\/uploads\/2023\/11\/RGV-HS-EHS-circle-1024x1024.png\" \/>\n<meta name=\"twitter:card\" content=\"summary_large_image\" \/>\n<meta name=\"twitter:site\" content=\"@AVANCEinc\" \/>\n<meta name=\"twitter:label1\" content=\"Tiempo de lectura\" \/>\n\t<meta name=\"twitter:data1\" content=\"2 minutos\" \/>\n<script type=\"application\/ld+json\" class=\"yoast-schema-graph\">{\"@context\":\"https:\/\/schema.org\",\"@graph\":[{\"@type\":\"WebPage\",\"@id\":\"https:\/\/www.avance.org\/locations\/rgv\/\",\"url\":\"https:\/\/www.avance.org\/locations\/rgv\/\",\"name\":\"RGV - AVANCE\",\"isPartOf\":{\"@id\":\"https:\/\/www.avance.org\/#website\"},\"primaryImageOfPage\":{\"@id\":\"https:\/\/www.avance.org\/locations\/rgv\/#primaryimage\"},\"image\":{\"@id\":\"https:\/\/www.avance.org\/locations\/rgv\/#primaryimage\"},\"thumbnailUrl\":\"https:\/\/www.avance.org\/wp-content\/uploads\/2023\/11\/RGV-HS-EHS-circle-1024x1024.png\",\"datePublished\":\"2022-07-07T12:00:05+00:00\",\"dateModified\":\"2023-11-26T01:21:36+00:00\",\"breadcrumb\":{\"@id\":\"https:\/\/www.avance.org\/locations\/rgv\/#breadcrumb\"},\"inLanguage\":\"es-MX\",\"potentialAction\":[{\"@type\":\"ReadAction\",\"target\":[\"https:\/\/www.avance.org\/locations\/rgv\/\"]}]},{\"@type\":\"ImageObject\",\"inLanguage\":\"es-MX\",\"@id\":\"https:\/\/www.avance.org\/locations\/rgv\/#primaryimage\",\"url\":\"https:\/\/www.avance.org\/wp-content\/uploads\/2023\/11\/RGV-HS-EHS-circle-1024x1024.png\",\"contentUrl\":\"https:\/\/www.avance.org\/wp-content\/uploads\/2023\/11\/RGV-HS-EHS-circle-1024x1024.png\"},{\"@type\":\"BreadcrumbList\",\"@id\":\"https:\/\/www.avance.org\/locations\/rgv\/#breadcrumb\",\"itemListElement\":[{\"@type\":\"ListItem\",\"position\":1,\"name\":\"Home\",\"item\":\"https:\/\/www.avance.org\/\"},{\"@type\":\"ListItem\",\"position\":2,\"name\":\"Locations\",\"item\":\"https:\/\/www.avance.org\/locations\/\"},{\"@type\":\"ListItem\",\"position\":3,\"name\":\"RGV\"}]},{\"@type\":\"WebSite\",\"@id\":\"https:\/\/www.avance.org\/#website\",\"url\":\"https:\/\/www.avance.org\/\",\"name\":\"AVANCE\",\"description\":\"Unlocking America&#039;s Potential\",\"publisher\":{\"@id\":\"https:\/\/www.avance.org\/#organization\"},\"potentialAction\":[{\"@type\":\"SearchAction\",\"target\":{\"@type\":\"EntryPoint\",\"urlTemplate\":\"https:\/\/www.avance.org\/?s={search_term_string}\"},\"query-input\":{\"@type\":\"PropertyValueSpecification\",\"valueRequired\":true,\"valueName\":\"search_term_string\"}}],\"inLanguage\":\"es-MX\"},{\"@type\":\"Organization\",\"@id\":\"https:\/\/www.avance.org\/#organization\",\"name\":\"AVANCE\",\"url\":\"https:\/\/www.avance.org\/\",\"logo\":{\"@type\":\"ImageObject\",\"inLanguage\":\"es-MX\",\"@id\":\"https:\/\/www.avance.org\/#\/schema\/logo\/image\/\",\"url\":\"https:\/\/www.avance.org\/wp-content\/uploads\/2022\/07\/logo.svg\",\"contentUrl\":\"https:\/\/www.avance.org\/wp-content\/uploads\/2022\/07\/logo.svg\",\"caption\":\"AVANCE\"},\"image\":{\"@id\":\"https:\/\/www.avance.org\/#\/schema\/logo\/image\/\"},\"sameAs\":[\"https:\/\/www.facebook.com\/AVANCEinc\/\",\"https:\/\/x.com\/AVANCEinc\",\"https:\/\/www.instagram.com\/avance__inc\/\",\"https:\/\/www.linkedin.com\/company\/avance-inc\"]}]}<\/script>\n<!-- \/ Yoast SEO Premium plugin. -->","yoast_head_json":{"title":"RGV - AVANCE","robots":{"index":"index","follow":"follow","max-snippet":"max-snippet:-1","max-image-preview":"max-image-preview:large","max-video-preview":"max-video-preview:-1"},"canonical":"https:\/\/www.avance.org\/es\/locations\/rgv\/","og_locale":"es_MX","og_type":"article","og_title":"RGV","og_description":"Rio Grande Valley Since 1995, AVANCE has served more than 90,000 parents and children in the Rio Grande Valley. AVANCE is a leader in providing two-generation programming that focuses on early childhood education and parenting education, specifically within Latino communities, to support families on their journeys to economic mobility. AVANCE first opened its doors in ... Leer m\u00e1s","og_url":"https:\/\/www.avance.org\/es\/locations\/rgv\/","og_site_name":"AVANCE","article_publisher":"https:\/\/www.facebook.com\/AVANCEinc\/","article_modified_time":"2023-11-26T01:21:36+00:00","og_image":[{"url":"https:\/\/www.avance.org\/wp-content\/uploads\/2023\/11\/RGV-HS-EHS-circle-1024x1024.png","type":"","width":"","height":""}],"twitter_card":"summary_large_image","twitter_site":"@AVANCEinc","twitter_misc":{"Tiempo de lectura":"2 minutos"},"schema":{"@context":"https:\/\/schema.org","@graph":[{"@type":"WebPage","@id":"https:\/\/www.avance.org\/locations\/rgv\/","url":"https:\/\/www.avance.org\/locations\/rgv\/","name":"RGV - AVANCE","isPartOf":{"@id":"https:\/\/www.avance.org\/#website"},"primaryImageOfPage":{"@id":"https:\/\/www.avance.org\/locations\/rgv\/#primaryimage"},"image":{"@id":"https:\/\/www.avance.org\/locations\/rgv\/#primaryimage"},"thumbnailUrl":"https:\/\/www.avance.org\/wp-content\/uploads\/2023\/11\/RGV-HS-EHS-circle-1024x1024.png","datePublished":"2022-07-07T12:00:05+00:00","dateModified":"2023-11-26T01:21:36+00:00","breadcrumb":{"@id":"https:\/\/www.avance.org\/locations\/rgv\/#breadcrumb"},"inLanguage":"es-MX","potentialAction":[{"@type":"ReadAction","target":["https:\/\/www.avance.org\/locations\/rgv\/"]}]},{"@type":"ImageObject","inLanguage":"es-MX","@id":"https:\/\/www.avance.org\/locations\/rgv\/#primaryimage","url":"https:\/\/www.avance.org\/wp-content\/uploads\/2023\/11\/RGV-HS-EHS-circle-1024x1024.png","contentUrl":"https:\/\/www.avance.org\/wp-content\/uploads\/2023\/11\/RGV-HS-EHS-circle-1024x1024.png"},{"@type":"BreadcrumbList","@id":"https:\/\/www.avance.org\/locations\/rgv\/#breadcrumb","itemListElement":[{"@type":"ListItem","position":1,"name":"Home","item":"https:\/\/www.avance.org\/"},{"@type":"ListItem","position":2,"name":"Locations","item":"https:\/\/www.avance.org\/locations\/"},{"@type":"ListItem","position":3,"name":"RGV"}]},{"@type":"WebSite","@id":"https:\/\/www.avance.org\/#website","url":"https:\/\/www.avance.org\/","name":"AVANCE","description":"Unlocking America&#039;s Potential","publisher":{"@id":"https:\/\/www.avance.org\/#organization"},"potentialAction":[{"@type":"SearchAction","target":{"@type":"EntryPoint","urlTemplate":"https:\/\/www.avance.org\/?s={search_term_string}"},"query-input":{"@type":"PropertyValueSpecification","valueRequired":true,"valueName":"search_term_string"}}],"inLanguage":"es-MX"},{"@type":"Organization","@id":"https:\/\/www.avance.org\/#organization","name":"AVANCE","url":"https:\/\/www.avance.org\/","logo":{"@type":"ImageObject","inLanguage":"es-MX","@id":"https:\/\/www.avance.org\/#\/schema\/logo\/image\/","url":"https:\/\/www.avance.org\/wp-content\/uploads\/2022\/07\/logo.svg","contentUrl":"https:\/\/www.avance.org\/wp-content\/uploads\/2022\/07\/logo.svg","caption":"AVANCE"},"image":{"@id":"https:\/\/www.avance.org\/#\/schema\/logo\/image\/"},"sameAs":["https:\/\/www.facebook.com\/AVANCEinc\/","https:\/\/x.com\/AVANCEinc","https:\/\/www.instagram.com\/avance__inc\/","https:\/\/www.linkedin.com\/company\/avance-inc"]}]}},"post_mailing_queue_ids":[],"_links":{"self":[{"href":"https:\/\/www.avance.org\/es\/wp-json\/wp\/v2\/pages\/1576","targetHints":{"allow":["GET"]}}],"collection":[{"href":"https:\/\/www.avance.org\/es\/wp-json\/wp\/v2\/pages"}],"about":[{"href":"https:\/\/www.avance.org\/es\/wp-json\/wp\/v2\/types\/page"}],"author":[{"embeddable":true,"href":"https:\/\/www.avance.org\/es\/wp-json\/wp\/v2\/users\/1"}],"replies":[{"embeddable":true,"href":"https:\/\/www.avance.org\/es\/wp-json\/wp\/v2\/comments?post=1576"}],"version-history":[{"count":10,"href":"https:\/\/www.avance.org\/es\/wp-json\/wp\/v2\/pages\/1576\/revisions"}],"predecessor-version":[{"id":5086,"href":"https:\/\/www.avance.org\/es\/wp-json\/wp\/v2\/pages\/1576\/revisions\/5086"}],"up":[{"embeddable":true,"href":"https:\/\/www.avance.org\/es\/wp-json\/wp\/v2\/pages\/1119"}],"wp:attachment":[{"href":"https:\/\/www.avance.org\/es\/wp-json\/wp\/v2\/media?parent=1576"}],"curies":[{"name":"wp","href":"https:\/\/api.w.org\/{rel}","templated":true}]}}