{"id":1564,"date":"2022-07-07T05:06:54","date_gmt":"2022-07-07T05:06:54","guid":{"rendered":"\/avance998\/?page_id=1564"},"modified":"2025-09-25T14:28:05","modified_gmt":"2025-09-25T19:28:05","slug":"head-start-early-head-start","status":"publish","type":"page","link":"https:\/\/www.avance.org\/es\/programs\/head-start-early-head-start\/","title":{"rendered":"Programas \u201cHead Start\u201d y \u201cEarly Head Start\u201d"},"content":{"rendered":"<h2>\n\t\tProgramas \u201cHead Start\u201d y \u201cEarly Head Start\u201d\n\t<\/h2>\n\tAVANCE proporciona a los padres que trabajan y a sus hijos (de 6 semanas a 5 a\u00f1os) entornos de aprendizaje temprano de calidad en entornos centrales o en el hogar. Nos aseguramos de que los ni\u00f1os tengan las habilidades f\u00edsicas, sociales, emocionales y cognitivas para entrar a la escuela, mientras que sus padres<br \/>\nparticipan en la fuerza laboral.\n\t<h1>Head Start<\/h1>\n\t<p>Head Start is a comprehensive program designed to support the social, emotional, physical and cognitive development of children ages three to five years old to prepare them to be Kindergarten ready and beyond. Head Start promotes children&#8217;s growth and development in an engaging learning environment through early learning activities as well as a variety of health and family wellbeing services.<\/p>\n\t<h1>Early Head Start<\/h1>\n\t<p class=\"translation-block\">\u201cEarly Head Start\u201d es un programa de educaci\u00f3n temprana y apoyo familiar para mujeres embarazadas y ni\u00f1os de seis semanas a tres a\u00f1os de edad. El programa \u201cEarly Head Start\u201d inspira a los padres a alcanzar su m\u00e1ximo potencial y promueve el desarrollo f\u00edsico, cognitivo, social y emocional de los beb\u00e9s y ni\u00f1os peque\u00f1os a trav\u00e9s de un cuidado seguro y enriquecedor para el desarrollo.<\/p>\n\t<h2>Los ni\u00f1os y las familias inscritos en \u201cHead Start\u201d o \u201cEarly Head Start\u201d reciben:<\/h2>\n\t\t\t\t<img decoding=\"async\" src=\"\/wp-content\/uploads\/2022\/07\/image-box1.png\" alt=\"image box1\" itemprop=\"image\" title=\"image box1\" onerror=\"this.style.display='none'\"  \/>\n\t<p>Experiencias de un temprano aprendizaje biling\u00fce y de lenguaje dual enfocadas en la preparaci\u00f3n escolar<\/p>\n\t\t\t\t<img decoding=\"async\" src=\"\/wp-content\/uploads\/2022\/07\/image-box2.png\" alt=\"image box2\" itemprop=\"image\" title=\"image box2\" onerror=\"this.style.display='none'\"  \/>\n\t<p>Servicios para beb\u00e9s, ni\u00f1os peque\u00f1os y ni\u00f1os en edad Preescolar con necesidades especiales<\/p>\n\t\t\t\t<img decoding=\"async\" src=\"\/wp-content\/uploads\/2022\/07\/image-box3.png\" alt=\"image box3\" itemprop=\"image\" title=\"image box3\" onerror=\"this.style.display='none'\"  \/>\n\t<p>Ex\u00e1menes de desarrollo y socioemocionales<\/p>\n\t\t\t\t<img decoding=\"async\" src=\"\/wp-content\/uploads\/2022\/07\/image-box4.png\" alt=\"image box4\" itemprop=\"image\" title=\"image box4\" onerror=\"this.style.display='none'\"  \/>\n\t<p>Ex\u00e1menes de salud y dentales<\/p>\n\t\t\t\t<img decoding=\"async\" src=\"\/wp-content\/uploads\/2022\/07\/image-box5.png\" alt=\"image box5\" itemprop=\"image\" title=\"image box5\" onerror=\"this.style.display='none'\"  \/>\n\t<p>Servicios de salud, incluidos los servicios de nutrici\u00f3n y salud mental para ni\u00f1os y familias<\/p>\n\t\t\t\t<img decoding=\"async\" src=\"\/wp-content\/uploads\/2022\/07\/image-box6.png\" alt=\"image box6\" itemprop=\"image\" title=\"image box6\" onerror=\"this.style.display='none'\"  \/>\n\t<p>Visitas al hogar y conferencias de padres y maestros<\/p>\n\t\t\t\t<img decoding=\"async\" src=\"\/wp-content\/uploads\/2022\/07\/image-box7.png\" alt=\"image box7\" itemprop=\"image\" title=\"image box7\" onerror=\"this.style.display='none'\"  \/>\n\t<p>Educaci\u00f3n y servicios para padres<\/p>\n\t\t\t\t<img decoding=\"async\" src=\"\/wp-content\/uploads\/2022\/07\/image-box8.png\" alt=\"image box8\" itemprop=\"image\" title=\"image box8\" onerror=\"this.style.display='none'\"  \/>\n\t<p>Enlace a los recursos de la comunidad<\/p>\n\t<h5>Para aprender m\u00e1s acera de los programas de Head Start y Early Head Start visite <strong> <a href=\"https:\/\/headstart.gov\/\">HeadStart.gov<\/a><\/strong>.<\/h5>\n\t<h2>Impacto<\/h2>\n\t<p><strong>Los Resultados de Preparaci\u00f3n Escolar<\/strong> indican el porcentaje de ni\u00f1os que cumplen o superan las expectativas de desarrollo en cada dominio seg\u00fan el \u00faltimo punto de control del a\u00f1o 2024-2025.<\/p>\n\t<h2>Head Start<\/h2>\n\t<h2><strong>94%<\/strong><\/h2>\n<p>Enfoques del Aprendizaje<\/p>\n\t<h2><strong>88%<\/strong><\/h2>\n<p>Cognici\u00f3n<\/p>\n\t<h2><strong>88%<\/strong><\/h2>\n<p>Desarrollo del Lenguaje y la Alfabetizaci\u00f3n<\/p>\n\t<h2><strong>94%<\/strong><\/h2>\n<p>Desarrollo Perceptivo, Motor y F\u00edsico<\/p>\n\t<h2><strong>92%<\/strong><\/h2>\n<p>Desarrollo Socioemocional<\/p>\n\t<h2><strong>91%<\/strong><\/h2>\n<p>Desarrollo del idioma Ingl\u00e9s<\/p>\n\t<h2>Early Head Start<\/h2>\n\t<h2><strong>92%<\/strong><\/h2>\n<p>Enfoques del Aprendizaje<\/p>\n\t<h2><strong>92%<\/strong><\/h2>\n<p>Cognici\u00f3n<\/p>\n\t<h2><strong>93%<\/strong><\/h2>\n<p>Desarrollo del Lenguaje y la Alfabetizaci\u00f3n<\/p>\n\t<h2><strong>97%<\/strong><\/h2>\n<p>Desarrollo Perceptivo, Motor y F\u00edsico<\/p>\n\t<h2><strong>96%<\/strong><\/h2>\n<p>Desarrollo Socioemocional<\/p>\n\t<h2><strong>89%<\/strong><\/h2>\n<p>Desarrollo del idioma Ingl\u00e9s<\/p>\n\t<h2>Lo que la gente dice de nosotros.<\/h2>\n\t<p>&#8220;Enrolling Yadiel into the Early Head Start program at AVANCE has been the most fulfilling experience for him and our family. Yadiel joined with delays in communication and motor skills and we were having a hard time potty training him. Since he began with this program, we have witnessed the improvement. This program allowed Yadiel to expand his communication skills and was able to meet all his goals for speech and occupational, allowing him to no longer need therapy. AVANCE has improved his social skills as well. He went from being shy and timid to being friendly and outgoing. Yadiel has become more independent which contributed in him wanting to no longer need a diaper and become fully potty trained, all thanks to AVANCE. Our family is truly grateful for this program and we always recommend enrollment to as many people as possible. He loves going to school every day. We drop off a happy child and we pick up an even happier one. Thank you AVANCE.&#8221;<\/p>\n\t<p>Yanely Garcia<\/p>\n\t<p>Padre en EHS de AVANCE<\/p>\n\t<h2>\u00a1Participe con Nosotros!<\/h2>\n\t<p>AVANCE actualmente ofrece sus programas en el Valle del R\u00edo Grande de Texas: programas \u201cHead Start\u201d y \u201cEarly Head Start\u201d en los condados de Starr y Zapata y programas \u201cEarly Head Start\u201d en el condado de Hidalgo. Si desea inscribirse u obtener m\u00e1s informaci\u00f3n, comun\u00edquese con la ubicaci\u00f3n m\u00e1s cercana a usted.<\/p>\n<p>&nbsp;<\/p>\n<p>Siempre buscamos expandir nuestro equipo de empleados dedicados que impulsan nuestra misi\u00f3n y son la clave de nuestro \u00e9xito. Echa un vistazo a nuestra <a href=\"https:\/\/www.avance.org\/es\/contact\/employment\/\"><strong>p\u00e1gina de empleo<\/strong><\/a> para ver todas nuestras posiciones abiertas.<\/p>\n\t<ul>\n<li>Condado de Hidalgo <br \/>811 Bowie Ave, Alamo, TX 78516<\/li>\n<li>Condado de Zapata <br \/>708 Delmar St. Zapata, TX 78076<\/li>\n<li>Condado de Starr <br \/>213 W. 2nd. St. Rio Grande City, TX 78582<\/li>\n<\/ul>","protected":false},"excerpt":{"rendered":"<p>Head Start &#038; Early Head Start AVANCE provides working parents and their children (6-wks. to 5-yrs. old) quality early learning environments in center- or home-based settings. We ensure children have the physical, social, emotional, and cognitive abilities to enter school ready, while their parents participate in the workforce. Head Start Head Start is a comprehensive &#8230; <a title=\"Programas \u201cHead Start\u201d y \u201cEarly Head Start\u201d\" class=\"read-more\" href=\"https:\/\/www.avance.org\/es\/programs\/head-start-early-head-start\/\" aria-label=\"M\u00e1s en Head Start &#038; Early Head Start\">Leer m\u00e1s<\/a><\/p>","protected":false},"author":1,"featured_media":0,"parent":165,"menu_order":13,"comment_status":"closed","ping_status":"closed","template":"","meta":{"inline_featured_image":false,"footnotes":""},"class_list":["post-1564","page","type-page","status-publish"],"yoast_head":"<!-- This site is optimized with the Yoast SEO Premium plugin v25.3 (Yoast SEO v25.3) - https:\/\/yoast.com\/wordpress\/plugins\/seo\/ -->\n<title>Head Start &amp; Early Head Start - AVANCE<\/title>\n<meta name=\"robots\" content=\"index, follow, max-snippet:-1, max-image-preview:large, max-video-preview:-1\" \/>\n<link rel=\"canonical\" href=\"https:\/\/www.avance.org\/es\/programs\/head-start-early-head-start\/\" \/>\n<meta property=\"og:locale\" content=\"es_MX\" \/>\n<meta property=\"og:type\" content=\"article\" \/>\n<meta property=\"og:title\" content=\"Head Start &amp; Early Head Start\" \/>\n<meta property=\"og:description\" content=\"Head Start &#038; Early Head Start AVANCE provides working parents and their children (6-wks. to 5-yrs. old) quality early learning environments in center- or home-based settings. We ensure children have the physical, social, emotional, and cognitive abilities to enter school ready, while their parents participate in the workforce. Head Start Head Start is a comprehensive ... Leer m\u00e1s\" \/>\n<meta property=\"og:url\" content=\"https:\/\/www.avance.org\/es\/programs\/head-start-early-head-start\/\" \/>\n<meta property=\"og:site_name\" content=\"AVANCE\" \/>\n<meta property=\"article:publisher\" content=\"https:\/\/www.facebook.com\/AVANCEinc\/\" \/>\n<meta property=\"article:modified_time\" content=\"2025-09-25T19:28:05+00:00\" \/>\n<meta name=\"twitter:card\" content=\"summary_large_image\" \/>\n<meta name=\"twitter:site\" content=\"@AVANCEinc\" \/>\n<meta name=\"twitter:label1\" content=\"Tiempo de lectura\" \/>\n\t<meta name=\"twitter:data1\" content=\"3 minutos\" \/>\n<script type=\"application\/ld+json\" class=\"yoast-schema-graph\">{\"@context\":\"https:\/\/schema.org\",\"@graph\":[{\"@type\":\"WebPage\",\"@id\":\"https:\/\/www.avance.org\/programs\/head-start-early-head-start\/\",\"url\":\"https:\/\/www.avance.org\/programs\/head-start-early-head-start\/\",\"name\":\"Head Start & Early Head Start - AVANCE\",\"isPartOf\":{\"@id\":\"https:\/\/www.avance.org\/#website\"},\"datePublished\":\"2022-07-07T05:06:54+00:00\",\"dateModified\":\"2025-09-25T19:28:05+00:00\",\"breadcrumb\":{\"@id\":\"https:\/\/www.avance.org\/programs\/head-start-early-head-start\/#breadcrumb\"},\"inLanguage\":\"es-MX\",\"potentialAction\":[{\"@type\":\"ReadAction\",\"target\":[\"https:\/\/www.avance.org\/programs\/head-start-early-head-start\/\"]}]},{\"@type\":\"BreadcrumbList\",\"@id\":\"https:\/\/www.avance.org\/programs\/head-start-early-head-start\/#breadcrumb\",\"itemListElement\":[{\"@type\":\"ListItem\",\"position\":1,\"name\":\"Home\",\"item\":\"https:\/\/www.avance.org\/\"},{\"@type\":\"ListItem\",\"position\":2,\"name\":\"Programs\",\"item\":\"https:\/\/www.avance.org\/programs\/\"},{\"@type\":\"ListItem\",\"position\":3,\"name\":\"Head Start &#038; Early Head Start\"}]},{\"@type\":\"WebSite\",\"@id\":\"https:\/\/www.avance.org\/#website\",\"url\":\"https:\/\/www.avance.org\/\",\"name\":\"AVANCE\",\"description\":\"Unlocking America&#039;s Potential\",\"publisher\":{\"@id\":\"https:\/\/www.avance.org\/#organization\"},\"potentialAction\":[{\"@type\":\"SearchAction\",\"target\":{\"@type\":\"EntryPoint\",\"urlTemplate\":\"https:\/\/www.avance.org\/?s={search_term_string}\"},\"query-input\":{\"@type\":\"PropertyValueSpecification\",\"valueRequired\":true,\"valueName\":\"search_term_string\"}}],\"inLanguage\":\"es-MX\"},{\"@type\":\"Organization\",\"@id\":\"https:\/\/www.avance.org\/#organization\",\"name\":\"AVANCE\",\"url\":\"https:\/\/www.avance.org\/\",\"logo\":{\"@type\":\"ImageObject\",\"inLanguage\":\"es-MX\",\"@id\":\"https:\/\/www.avance.org\/#\/schema\/logo\/image\/\",\"url\":\"https:\/\/www.avance.org\/wp-content\/uploads\/2022\/07\/logo.svg\",\"contentUrl\":\"https:\/\/www.avance.org\/wp-content\/uploads\/2022\/07\/logo.svg\",\"caption\":\"AVANCE\"},\"image\":{\"@id\":\"https:\/\/www.avance.org\/#\/schema\/logo\/image\/\"},\"sameAs\":[\"https:\/\/www.facebook.com\/AVANCEinc\/\",\"https:\/\/x.com\/AVANCEinc\",\"https:\/\/www.instagram.com\/avance__inc\/\",\"https:\/\/www.linkedin.com\/company\/avance-inc\"]}]}<\/script>\n<!-- \/ Yoast SEO Premium plugin. -->","yoast_head_json":{"title":"Head Start & Early Head Start - AVANCE","robots":{"index":"index","follow":"follow","max-snippet":"max-snippet:-1","max-image-preview":"max-image-preview:large","max-video-preview":"max-video-preview:-1"},"canonical":"https:\/\/www.avance.org\/es\/programs\/head-start-early-head-start\/","og_locale":"es_MX","og_type":"article","og_title":"Head Start & Early Head Start","og_description":"Head Start &#038; Early Head Start AVANCE provides working parents and their children (6-wks. to 5-yrs. old) quality early learning environments in center- or home-based settings. We ensure children have the physical, social, emotional, and cognitive abilities to enter school ready, while their parents participate in the workforce. Head Start Head Start is a comprehensive ... Leer m\u00e1s","og_url":"https:\/\/www.avance.org\/es\/programs\/head-start-early-head-start\/","og_site_name":"AVANCE","article_publisher":"https:\/\/www.facebook.com\/AVANCEinc\/","article_modified_time":"2025-09-25T19:28:05+00:00","twitter_card":"summary_large_image","twitter_site":"@AVANCEinc","twitter_misc":{"Tiempo de lectura":"3 minutos"},"schema":{"@context":"https:\/\/schema.org","@graph":[{"@type":"WebPage","@id":"https:\/\/www.avance.org\/programs\/head-start-early-head-start\/","url":"https:\/\/www.avance.org\/programs\/head-start-early-head-start\/","name":"Head Start & Early Head Start - AVANCE","isPartOf":{"@id":"https:\/\/www.avance.org\/#website"},"datePublished":"2022-07-07T05:06:54+00:00","dateModified":"2025-09-25T19:28:05+00:00","breadcrumb":{"@id":"https:\/\/www.avance.org\/programs\/head-start-early-head-start\/#breadcrumb"},"inLanguage":"es-MX","potentialAction":[{"@type":"ReadAction","target":["https:\/\/www.avance.org\/programs\/head-start-early-head-start\/"]}]},{"@type":"BreadcrumbList","@id":"https:\/\/www.avance.org\/programs\/head-start-early-head-start\/#breadcrumb","itemListElement":[{"@type":"ListItem","position":1,"name":"Home","item":"https:\/\/www.avance.org\/"},{"@type":"ListItem","position":2,"name":"Programs","item":"https:\/\/www.avance.org\/programs\/"},{"@type":"ListItem","position":3,"name":"Head Start &#038; Early Head Start"}]},{"@type":"WebSite","@id":"https:\/\/www.avance.org\/#website","url":"https:\/\/www.avance.org\/","name":"AVANCE","description":"Unlocking America&#039;s Potential","publisher":{"@id":"https:\/\/www.avance.org\/#organization"},"potentialAction":[{"@type":"SearchAction","target":{"@type":"EntryPoint","urlTemplate":"https:\/\/www.avance.org\/?s={search_term_string}"},"query-input":{"@type":"PropertyValueSpecification","valueRequired":true,"valueName":"search_term_string"}}],"inLanguage":"es-MX"},{"@type":"Organization","@id":"https:\/\/www.avance.org\/#organization","name":"AVANCE","url":"https:\/\/www.avance.org\/","logo":{"@type":"ImageObject","inLanguage":"es-MX","@id":"https:\/\/www.avance.org\/#\/schema\/logo\/image\/","url":"https:\/\/www.avance.org\/wp-content\/uploads\/2022\/07\/logo.svg","contentUrl":"https:\/\/www.avance.org\/wp-content\/uploads\/2022\/07\/logo.svg","caption":"AVANCE"},"image":{"@id":"https:\/\/www.avance.org\/#\/schema\/logo\/image\/"},"sameAs":["https:\/\/www.facebook.com\/AVANCEinc\/","https:\/\/x.com\/AVANCEinc","https:\/\/www.instagram.com\/avance__inc\/","https:\/\/www.linkedin.com\/company\/avance-inc"]}]}},"post_mailing_queue_ids":[],"_links":{"self":[{"href":"https:\/\/www.avance.org\/es\/wp-json\/wp\/v2\/pages\/1564","targetHints":{"allow":["GET"]}}],"collection":[{"href":"https:\/\/www.avance.org\/es\/wp-json\/wp\/v2\/pages"}],"about":[{"href":"https:\/\/www.avance.org\/es\/wp-json\/wp\/v2\/types\/page"}],"author":[{"embeddable":true,"href":"https:\/\/www.avance.org\/es\/wp-json\/wp\/v2\/users\/1"}],"replies":[{"embeddable":true,"href":"https:\/\/www.avance.org\/es\/wp-json\/wp\/v2\/comments?post=1564"}],"version-history":[{"count":10,"href":"https:\/\/www.avance.org\/es\/wp-json\/wp\/v2\/pages\/1564\/revisions"}],"predecessor-version":[{"id":7192,"href":"https:\/\/www.avance.org\/es\/wp-json\/wp\/v2\/pages\/1564\/revisions\/7192"}],"up":[{"embeddable":true,"href":"https:\/\/www.avance.org\/es\/wp-json\/wp\/v2\/pages\/165"}],"wp:attachment":[{"href":"https:\/\/www.avance.org\/es\/wp-json\/wp\/v2\/media?parent=1564"}],"curies":[{"name":"wp","href":"https:\/\/api.w.org\/{rel}","templated":true}]}}