{"id":1520,"date":"2022-07-06T23:35:59","date_gmt":"2022-07-06T23:35:59","guid":{"rendered":"https:\/\/ct-host.net\/avance998\/?page_id=1520"},"modified":"2024-06-28T11:38:04","modified_gmt":"2024-06-28T16:38:04","slug":"parent-child-education-program-pcep","status":"publish","type":"page","link":"https:\/\/www.avance.org\/es\/programs\/parent-child-education-program-pcep\/","title":{"rendered":"Programa de Educaci\u00f3n para Padres e Hijos (PCEP)"},"content":{"rendered":"<h2>\n\t\tPrograma de Educaci\u00f3n para Padres e Hijos de Avance (PCEP)\n\t<\/h2>\n\t<p class=\"translation-block\">Un programa de dos generaciones fundado en evidencia, principalmente para ni\u00f1os y familias latinas. PCEP es el programa principal de AVANCE: creemos que los padres son los primeros maestros de sus hijos y que el hogar es la primera escuela del ni\u00f1o.<\/p>\n<h2>\n\t\tAbout PCEP:  Two-Generation Model\n\t<\/h2>\n\t<p><strong>PADRES<\/strong><\/p>\n\t<p>Fabricaci\u00f3n de juguetes<\/p>\n\t<p>(1 Hora)<\/p>\n\t<p>Crianza de los hijos<\/p>\n\t<p>(1 Hora)<\/p>\n\t<p>Participaci\u00f3n Comunitaria<\/p>\n\t<p>(1 Hora)<\/p>\n\t<p><strong>NI\u00d1OS<\/strong><\/p>\n\t<p><strong>PADRE-HIJO<\/strong><\/p>\n\t<p>Educaci\u00f3n Infantil Temprana<\/p>\n\t<p>(3 hours)<\/p>\n\t<p>Visitas a Casa<\/p>\n\t<p>(Una vez al mes)<\/p>\n\t<h3>Padres de familia que participan en PCEP:<\/h3>\n\t<h5><strong>Lea m\u00e1s acerca de nuestro impacto en nuestro <a href=\"https:\/\/www.avance.org\/wp-content\/uploads\/2023\/11\/2023-EOY-PCEP-Report.pdf\">informe anual de resultados<\/a>.<\/strong><\/h5>\n\t<h3>Ni\u00f1os que participan en PCEP:<\/h3>\n\t<h5><strong>Obtenga m\u00e1s informaci\u00f3n sobre los resultados de nuestros ni\u00f1os leyendo el <a href=\"https:\/\/www.avance.org\/wp-content\/uploads\/2022\/11\/AVANCE-PCEP-Dallas-Evaluation-Findings_9.3.2019.pdf\">informe completo aqu\u00ed.<\/a>.<\/strong><\/h5>\n\t<h2>Impacto<\/h2>\n\t\t64%\n\t<p>Empoderamiento Parental<\/p>\n\t\t77%\n\t<p>Parent &#8211; Child Interactions<\/p>\n\t\t60%\n\t<p>Conexi\u00f3n Social<\/p>\n\t\t73%\n\t<p>Conocimiento de Preparaci\u00f3n Escolar<\/p>\n\t<p>Actualmente estamos trabajando con Texas Policy Lab en Rice University para realizar un estudio para evaluar el impacto de PCEP. Para obtener m\u00e1s informaci\u00f3n, visite el <strong><a href=\"https:\/\/www.avance.org\/es\/programs\/pcep-study\/\">Estudio de evaluaci\u00f3n de PCEP.<\/a><\/strong>.<\/p>\n\t<h2>What our families say about Us.<\/h2>\n\t<p>&#8220;Hello, my name is Cecilia Guajardo and I want to thank the AVANCE program because it has had a great impact on my life. From the first class, I realized that whatever age we are it is important to continue learning about the education of our children because they evolve as time pass and as a parent we can&#8217;t be left behind in terms of education and care of our little ones. I have taken the parenting course twice, and on both occasions, I have learned something different because the people who give the course are very well prepared and updated and give excellent guide and advice for each situation that arises. For my part, I try to do my bit of promoting the AVANCE program with my social circle so that this great work they do with the community does not end. My children have grown happier because I help them as much as I can for them to develop their ability in school, and I realize that by seeing their good grades and the praise of the teachers. Thank you AVANCE for coming into my life for a good change!&#8221;<\/p>\n\t<strong>Sra. Cecilia Guajardo<\/strong><br \/>\nAVANCE-Padre en PCEP de Houston\n\t<h2>\u00a1Participe con Nosotros!<\/h2>\n\t<p class=\"translation-block\">El AVANCE PCEP se ofrece actualmente a trav\u00e9s de nuestros cap\u00edtulos y licenciatarios en las ubicaciones a continuaci\u00f3n. PCEP tambi\u00e9n se ofrece a trav\u00e9s de los programas AVANCE Head Start y Early Head Start que se ofrecen en el Valle del R\u00edo Grande y las \u00e1reas de Houston y San Antonio. <strong> Si desea obtener m\u00e1s informaci\u00f3n o inscribirse, comun\u00edquese con la ubicaci\u00f3n m\u00e1s cercana a usted.<\/strong><\/p>\n<p>&nbsp;<\/p>\n<p>If you&#8217;re interested in bringing PCEP to your community through a partnership with AVANCE, please <strong><a href=\"https:\/\/www.avance.org\/es\/contact\/licensing-inquiries\/\">contact us<\/a><\/strong> to learn more about our licensing options.\u00a0<\/p>","protected":false},"excerpt":{"rendered":"<p>AVANCE Parent-Child Education Program (PCEP) An evidence-based two-generation program predominantly for Latino children and families, PCEP is AVANCE&#8217;s core program. We believe parents are their child&#8217;s first teachers and that the home is the child&#8217;s first classroom. About PCEP: Two-Generation Model PARENTS Toy Making (1 hours) Parenting (1 hours) Community Engagement (1 hours) CHILD PARENT-CHILD &#8230; <a title=\"Programa de Educaci\u00f3n para Padres e Hijos (PCEP)\" class=\"read-more\" href=\"https:\/\/www.avance.org\/es\/programs\/parent-child-education-program-pcep\/\" aria-label=\"M\u00e1s en Parent-Child Education Program (PCEP)\">Leer m\u00e1s<\/a><\/p>","protected":false},"author":1,"featured_media":0,"parent":165,"menu_order":1,"comment_status":"closed","ping_status":"closed","template":"","meta":{"inline_featured_image":false,"footnotes":""},"class_list":["post-1520","page","type-page","status-publish"],"yoast_head":"<!-- This site is optimized with the Yoast SEO Premium plugin v25.3 (Yoast SEO v25.3) - https:\/\/yoast.com\/wordpress\/plugins\/seo\/ -->\n<title>Parent-Child Education Program (PCEP) - AVANCE<\/title>\n<meta name=\"robots\" content=\"index, follow, max-snippet:-1, max-image-preview:large, max-video-preview:-1\" \/>\n<link rel=\"canonical\" href=\"https:\/\/www.avance.org\/es\/programs\/parent-child-education-program-pcep\/\" \/>\n<meta property=\"og:locale\" content=\"es_MX\" \/>\n<meta property=\"og:type\" content=\"article\" \/>\n<meta property=\"og:title\" content=\"Parent-Child Education Program (PCEP)\" \/>\n<meta property=\"og:description\" content=\"AVANCE Parent-Child Education Program (PCEP) An evidence-based two-generation program predominantly for Latino children and families, PCEP is AVANCE&#8217;s core program. We believe parents are their child&#8217;s first teachers and that the home is the child&#8217;s first classroom. About PCEP: Two-Generation Model PARENTS Toy Making (1 hours) Parenting (1 hours) Community Engagement (1 hours) CHILD PARENT-CHILD ... Leer m\u00e1s\" \/>\n<meta property=\"og:url\" content=\"https:\/\/www.avance.org\/es\/programs\/parent-child-education-program-pcep\/\" \/>\n<meta property=\"og:site_name\" content=\"AVANCE\" \/>\n<meta property=\"article:publisher\" content=\"https:\/\/www.facebook.com\/AVANCEinc\/\" \/>\n<meta property=\"article:modified_time\" content=\"2024-06-28T16:38:04+00:00\" \/>\n<meta name=\"twitter:card\" content=\"summary_large_image\" \/>\n<meta name=\"twitter:site\" content=\"@AVANCEinc\" \/>\n<meta name=\"twitter:label1\" content=\"Tiempo de lectura\" \/>\n\t<meta name=\"twitter:data1\" content=\"2 minutos\" \/>\n<script type=\"application\/ld+json\" class=\"yoast-schema-graph\">{\"@context\":\"https:\/\/schema.org\",\"@graph\":[{\"@type\":\"WebPage\",\"@id\":\"https:\/\/www.avance.org\/programs\/parent-child-education-program-pcep\/\",\"url\":\"https:\/\/www.avance.org\/programs\/parent-child-education-program-pcep\/\",\"name\":\"Parent-Child Education Program (PCEP) - AVANCE\",\"isPartOf\":{\"@id\":\"https:\/\/www.avance.org\/#website\"},\"datePublished\":\"2022-07-06T23:35:59+00:00\",\"dateModified\":\"2024-06-28T16:38:04+00:00\",\"breadcrumb\":{\"@id\":\"https:\/\/www.avance.org\/programs\/parent-child-education-program-pcep\/#breadcrumb\"},\"inLanguage\":\"es-MX\",\"potentialAction\":[{\"@type\":\"ReadAction\",\"target\":[\"https:\/\/www.avance.org\/programs\/parent-child-education-program-pcep\/\"]}]},{\"@type\":\"BreadcrumbList\",\"@id\":\"https:\/\/www.avance.org\/programs\/parent-child-education-program-pcep\/#breadcrumb\",\"itemListElement\":[{\"@type\":\"ListItem\",\"position\":1,\"name\":\"Home\",\"item\":\"https:\/\/www.avance.org\/\"},{\"@type\":\"ListItem\",\"position\":2,\"name\":\"Programs\",\"item\":\"https:\/\/www.avance.org\/programs\/\"},{\"@type\":\"ListItem\",\"position\":3,\"name\":\"Parent-Child Education Program (PCEP)\"}]},{\"@type\":\"WebSite\",\"@id\":\"https:\/\/www.avance.org\/#website\",\"url\":\"https:\/\/www.avance.org\/\",\"name\":\"AVANCE\",\"description\":\"Unlocking America&#039;s Potential\",\"publisher\":{\"@id\":\"https:\/\/www.avance.org\/#organization\"},\"potentialAction\":[{\"@type\":\"SearchAction\",\"target\":{\"@type\":\"EntryPoint\",\"urlTemplate\":\"https:\/\/www.avance.org\/?s={search_term_string}\"},\"query-input\":{\"@type\":\"PropertyValueSpecification\",\"valueRequired\":true,\"valueName\":\"search_term_string\"}}],\"inLanguage\":\"es-MX\"},{\"@type\":\"Organization\",\"@id\":\"https:\/\/www.avance.org\/#organization\",\"name\":\"AVANCE\",\"url\":\"https:\/\/www.avance.org\/\",\"logo\":{\"@type\":\"ImageObject\",\"inLanguage\":\"es-MX\",\"@id\":\"https:\/\/www.avance.org\/#\/schema\/logo\/image\/\",\"url\":\"https:\/\/www.avance.org\/wp-content\/uploads\/2022\/07\/logo.svg\",\"contentUrl\":\"https:\/\/www.avance.org\/wp-content\/uploads\/2022\/07\/logo.svg\",\"caption\":\"AVANCE\"},\"image\":{\"@id\":\"https:\/\/www.avance.org\/#\/schema\/logo\/image\/\"},\"sameAs\":[\"https:\/\/www.facebook.com\/AVANCEinc\/\",\"https:\/\/x.com\/AVANCEinc\",\"https:\/\/www.instagram.com\/avance__inc\/\",\"https:\/\/www.linkedin.com\/company\/avance-inc\"]}]}<\/script>\n<!-- \/ Yoast SEO Premium plugin. -->","yoast_head_json":{"title":"Parent-Child Education Program (PCEP) - AVANCE","robots":{"index":"index","follow":"follow","max-snippet":"max-snippet:-1","max-image-preview":"max-image-preview:large","max-video-preview":"max-video-preview:-1"},"canonical":"https:\/\/www.avance.org\/es\/programs\/parent-child-education-program-pcep\/","og_locale":"es_MX","og_type":"article","og_title":"Parent-Child Education Program (PCEP)","og_description":"AVANCE Parent-Child Education Program (PCEP) An evidence-based two-generation program predominantly for Latino children and families, PCEP is AVANCE&#8217;s core program. We believe parents are their child&#8217;s first teachers and that the home is the child&#8217;s first classroom. About PCEP: Two-Generation Model PARENTS Toy Making (1 hours) Parenting (1 hours) Community Engagement (1 hours) CHILD PARENT-CHILD ... Leer m\u00e1s","og_url":"https:\/\/www.avance.org\/es\/programs\/parent-child-education-program-pcep\/","og_site_name":"AVANCE","article_publisher":"https:\/\/www.facebook.com\/AVANCEinc\/","article_modified_time":"2024-06-28T16:38:04+00:00","twitter_card":"summary_large_image","twitter_site":"@AVANCEinc","twitter_misc":{"Tiempo de lectura":"2 minutos"},"schema":{"@context":"https:\/\/schema.org","@graph":[{"@type":"WebPage","@id":"https:\/\/www.avance.org\/programs\/parent-child-education-program-pcep\/","url":"https:\/\/www.avance.org\/programs\/parent-child-education-program-pcep\/","name":"Parent-Child Education Program (PCEP) - AVANCE","isPartOf":{"@id":"https:\/\/www.avance.org\/#website"},"datePublished":"2022-07-06T23:35:59+00:00","dateModified":"2024-06-28T16:38:04+00:00","breadcrumb":{"@id":"https:\/\/www.avance.org\/programs\/parent-child-education-program-pcep\/#breadcrumb"},"inLanguage":"es-MX","potentialAction":[{"@type":"ReadAction","target":["https:\/\/www.avance.org\/programs\/parent-child-education-program-pcep\/"]}]},{"@type":"BreadcrumbList","@id":"https:\/\/www.avance.org\/programs\/parent-child-education-program-pcep\/#breadcrumb","itemListElement":[{"@type":"ListItem","position":1,"name":"Home","item":"https:\/\/www.avance.org\/"},{"@type":"ListItem","position":2,"name":"Programs","item":"https:\/\/www.avance.org\/programs\/"},{"@type":"ListItem","position":3,"name":"Parent-Child Education Program (PCEP)"}]},{"@type":"WebSite","@id":"https:\/\/www.avance.org\/#website","url":"https:\/\/www.avance.org\/","name":"AVANCE","description":"Unlocking America&#039;s Potential","publisher":{"@id":"https:\/\/www.avance.org\/#organization"},"potentialAction":[{"@type":"SearchAction","target":{"@type":"EntryPoint","urlTemplate":"https:\/\/www.avance.org\/?s={search_term_string}"},"query-input":{"@type":"PropertyValueSpecification","valueRequired":true,"valueName":"search_term_string"}}],"inLanguage":"es-MX"},{"@type":"Organization","@id":"https:\/\/www.avance.org\/#organization","name":"AVANCE","url":"https:\/\/www.avance.org\/","logo":{"@type":"ImageObject","inLanguage":"es-MX","@id":"https:\/\/www.avance.org\/#\/schema\/logo\/image\/","url":"https:\/\/www.avance.org\/wp-content\/uploads\/2022\/07\/logo.svg","contentUrl":"https:\/\/www.avance.org\/wp-content\/uploads\/2022\/07\/logo.svg","caption":"AVANCE"},"image":{"@id":"https:\/\/www.avance.org\/#\/schema\/logo\/image\/"},"sameAs":["https:\/\/www.facebook.com\/AVANCEinc\/","https:\/\/x.com\/AVANCEinc","https:\/\/www.instagram.com\/avance__inc\/","https:\/\/www.linkedin.com\/company\/avance-inc"]}]}},"post_mailing_queue_ids":[],"_links":{"self":[{"href":"https:\/\/www.avance.org\/es\/wp-json\/wp\/v2\/pages\/1520","targetHints":{"allow":["GET"]}}],"collection":[{"href":"https:\/\/www.avance.org\/es\/wp-json\/wp\/v2\/pages"}],"about":[{"href":"https:\/\/www.avance.org\/es\/wp-json\/wp\/v2\/types\/page"}],"author":[{"embeddable":true,"href":"https:\/\/www.avance.org\/es\/wp-json\/wp\/v2\/users\/1"}],"replies":[{"embeddable":true,"href":"https:\/\/www.avance.org\/es\/wp-json\/wp\/v2\/comments?post=1520"}],"version-history":[{"count":10,"href":"https:\/\/www.avance.org\/es\/wp-json\/wp\/v2\/pages\/1520\/revisions"}],"predecessor-version":[{"id":5887,"href":"https:\/\/www.avance.org\/es\/wp-json\/wp\/v2\/pages\/1520\/revisions\/5887"}],"up":[{"embeddable":true,"href":"https:\/\/www.avance.org\/es\/wp-json\/wp\/v2\/pages\/165"}],"wp:attachment":[{"href":"https:\/\/www.avance.org\/es\/wp-json\/wp\/v2\/media?parent=1520"}],"curies":[{"name":"wp","href":"https:\/\/api.w.org\/{rel}","templated":true}]}}