{"id":1440,"date":"2022-07-06T00:03:41","date_gmt":"2022-07-06T00:03:41","guid":{"rendered":"https:\/\/ct-host.net\/avance998\/?page_id=1440"},"modified":"2022-11-28T11:06:04","modified_gmt":"2022-11-28T16:06:04","slug":"history_backup","status":"publish","type":"page","link":"https:\/\/www.avance.org\/es\/history_backup\/","title":{"rendered":"History Backup"},"content":{"rendered":"<h2>\n\t\tHistoria de AVANCE\n\t<\/h2>\n\t<p>La historia de AVANCE comenz\u00f3 en 1972 cuando la Dra. Gloria Rodr\u00edguez conoci\u00f3 el Programa Materno Infantil, creado por dos estudiantes de doctorado de la Universidad de Cornell que estudiaban con el Dr. Urie Bronfenbrenner.<\/p>\n<p>&nbsp;<\/p>\n<p>Dr. Rodriguez was so inspired by the program that she decided to utilize the model and Bronfenbrenner&#8217;s theory to create the AVANCE Parent-Child Education Program. In September of 1973, Dr. Rodriguez founded AVANCE and began offering\u00a0the\u00a0Parent-Child Education Program at the\u00a0Mirasol Housing Project on San Antonio&#8217;s west side.<\/p>\n<p>&nbsp;<\/p>\n\t<p>Since those early days, AVANCE has grown\u00a0to serve the state of Texas and is starting to expand beyond the borders of the Lone Star State. Throughout our history,\u00a0AVANCE has\u00a0earned broad recognition and funding from various sources. Notable visits from national and international dignitaries include the Reverend Jesse Jackson, Prince Charles of Wales, Oprah Winfrey and former U.S. First Ladies Rosalynn Carter, Hillary Clinton, the late Barbara Bush, and Laura Bush. AVANCE has been featured in the New York Times, NBC&#8217;s Education Nation, ABC&#8217;s World News Tonight and Good Morning America, along with several social documentaries such as Ounce of Prevention and Scared Silent.\u00a0Explore our historical timeline below to learn more about how we have\u00a0grown into a national leader in two-generation programming.\u00a0<\/p>\n<h2>\n\t\t Cronolog\u00eda de Logros\n\t<\/h2>\n\t<h3><strong>1972<\/strong><\/h3>\n\t<p>La idea de AVANCE se origina cuando Bonnie Park y Ann Willig, dos estudiantes de doctorado de la Universidad de Cornell que estudian con el Dr. Urie Bronfenbrenner, comienzan su Programa Materno infantil en Dallas.<\/p>\n\t<h3><strong>1973<\/strong><\/h3>\n\t<p>Dr. Gloria Rodriguez establishes the AVANCE Parent-Child Education Program in San Antonio&#8217;s Mirasol Housing Project<\/p>\n\t<h3><strong>1985<\/strong><\/h3>\n\t<p>Carlos, Pr\u00edncipe de Gales visita AVANCE \nAVANCE recibe un premio de la Asociaci\u00f3n de Salud Mental.<\/p>\n\t<h3><strong>1988<\/strong><\/h3>\n\tAVANCE-Houston abre sus puertas \nLa primera dama Barbara Bush visita AVANCE \nThe New York Times y ABC World News Tonight presentan el renombrado Programa de Educaci\u00f3n para Padres e Hijos de AVANCE.<br \/>\nFirst Lady Barbara Bush visits AVANCE.<br \/>\nThe New York Times and ABC World News Tonight feature the renowned AVANCE Parent-Child Education Program.\n\t<h3><strong>1989<\/strong><\/h3>\n\t<p>AVANCE recibe la primera subvenci\u00f3n federal del Comit\u00e9 Nacional para la Prevenci\u00f3n del Abuso y la Negligencia Infantil.<\/p>\n\t<h3><strong>1990<\/strong><\/h3>\n\tAVANCE recibe una de las primeras subvenciones del programa Even Start a nivel nacional AVANCE Inc. se establece como sede nacional.<br \/>\nAVANCE Inc. is established as the national headquarters.\n\t<h3><strong>1991<\/strong><\/h3>\n\t<p>Oprah Winfrey invites AVANCE to be part of &#8220;Scared Silent,&#8221; a documentary about children.<\/p>\n\t<h3><strong>1996<\/strong><\/h3>\n\t<p>Lisa Oglesby Rocha establece AVANCE-North Texas en Dallas.<\/p>\n<p>AVANCE is featured in Hillary Clinton&#8217;s book &#8220;It Takes a Village.&#8221;<\/p>\n\t<h3><strong>1997<\/strong><\/h3>\n\t<p>Se establece AVANCE-Austin.<\/p>\n\t<h3><strong>1998<\/strong><\/h3>\n\t<p>First Lady Rosalynn Carter cites AVANCE in her book, &#8220;Helping Someone with Mental Illness&#8221;.<\/p>\n\t<h3><strong>2010<\/strong><\/h3>\n\t<p>AVANCE hace historia al recibir una subvenci\u00f3n de $12,6 millones de W.K. Fundaci\u00f3n Kellogg.<\/p>\n\t<h3><strong>2011<\/strong><\/h3>\n\t<p>La Asociaci\u00f3n de Educadores de Padres de Texas presenta a AVANCE con su Premio a las Mejores Pr\u00e1cticas.<\/p>\n\t<h3><strong>2012<\/strong><\/h3>\n\tAVANCE recibe el Simmons Luminary Award for Education Excellence y el H-E-B Supermarket Excellence in Education Award.<br \/>\nAVANCE participa en una Cohorte de Primera Infancia en asociaci\u00f3n con Bezos Family Foundation.\n\t<h3><strong>2013<\/strong><\/h3>\n\t<p>Por s\u00e9ptimo a\u00f1o consecutivo, AVANCE es nombrada una de las 25 principales organizaciones sin fines de lucro hispanas por la revista Hispanic Business.<\/p>\n\t<h3><strong>2014<\/strong><\/h3>\n\t<p>AVANCE se une a la Red Ascend del Instituto Aspen.<\/p>\n\t<h3><strong>2016<\/strong><\/h3>\n\t<p>AVANCE abre el primer Centro de Participaci\u00f3n Comunitaria de Padres y Familias en Alamo, TX, sirviendo a la regi\u00f3n m\u00e1s amplia del Valle del R\u00edo Grande.<\/p>\n\t<h3><strong>2018<\/strong><\/h3>\n\t<p>AVANCE comienza a actualizar la programaci\u00f3n central con la asistencia del Centro de Harvard sobre el Ni\u00f1o en Desarrollo, Frontiers of Innovation, Child Trends y la consultor\u00eda True Point.<\/p>\n\t<h3><strong>2019<\/strong><\/h3>\n\t<p>VANCE pone a prueba Quality Child Care Matters (QCCM) con proveedores de cuidado infantil familiar en el condado de Hidalgo, TX.<\/p>\n<p>La Comisi\u00f3n de la Fuerza Laboral de Texas para crear una red de cuidado infantil familiar en Austin, TX<\/p>\n\t<h3><strong>2020<\/strong><\/h3>\n\t<p>En respuesta a COVID-19, AVANCE adapta PCEP para entrega virtual.<\/p>\n<p>AVANCE se convierte en afiliado de UnidosUS<\/p>\n<p>Office of Head Start otorga a AVANCE una subvenci\u00f3n, expandiendo los servicios de Head Start y Early Head Start a los condados de Starr y Zapata en el Valle del R\u00edo Grande.<\/p>\n\t<h3><strong>2021<\/strong><\/h3>\n\t<p>AVANCE ampl\u00eda los servicios a los proveedores de cuidado infantil familiar para incluir asesoramiento empresarial en todo el estado a trav\u00e9s de una subvenci\u00f3n de la Comisi\u00f3n de la Fuerza Laboral de Texas.<\/p>\n<p>En asociaci\u00f3n con El Paso Community College y Workforce Solutions Borderplex, AVANCE lanza el \"Ecosistema de Oportunidades de 2 Generaci\u00f3n\", creando un camino hacia la universidad para padres en El Paso, TX.<\/p>","protected":false},"excerpt":{"rendered":"<p>History of AVANCE The story of AVANCE began in 1972\u00a0when\u00a0Dr. Gloria Rodriguez was introduced to the Mother-Infant Program, created by\u00a0two Cornell University doctoral students studying under Dr. Urie Bronfenbrenner. &nbsp; Dr. Rodriguez was so inspired by the program that she decided to utilize the model and Bronfenbrenner&#8217;s theory to create the AVANCE Parent-Child Education Program. &#8230; <a title=\"History Backup\" class=\"read-more\" href=\"https:\/\/www.avance.org\/es\/history_backup\/\" aria-label=\"M\u00e1s en History Backup\">Leer m\u00e1s<\/a><\/p>","protected":false},"author":1,"featured_media":0,"parent":0,"menu_order":22,"comment_status":"closed","ping_status":"closed","template":"","meta":{"inline_featured_image":false,"footnotes":""},"class_list":["post-1440","page","type-page","status-publish"],"yoast_head":"<!-- This site is optimized with the Yoast SEO Premium plugin v25.3 (Yoast SEO v25.3) - https:\/\/yoast.com\/wordpress\/plugins\/seo\/ -->\n<title>History Backup - AVANCE<\/title>\n<meta name=\"robots\" content=\"index, follow, max-snippet:-1, max-image-preview:large, max-video-preview:-1\" \/>\n<link rel=\"canonical\" href=\"https:\/\/www.avance.org\/es\/history_backup\/\" \/>\n<meta property=\"og:locale\" content=\"es_MX\" \/>\n<meta property=\"og:type\" content=\"article\" \/>\n<meta property=\"og:title\" content=\"History Backup\" \/>\n<meta property=\"og:description\" content=\"History of AVANCE The story of AVANCE began in 1972\u00a0when\u00a0Dr. Gloria Rodriguez was introduced to the Mother-Infant Program, created by\u00a0two Cornell University doctoral students studying under Dr. Urie Bronfenbrenner. &nbsp; Dr. Rodriguez was so inspired by the program that she decided to utilize the model and Bronfenbrenner&#8217;s theory to create the AVANCE Parent-Child Education Program. ... Leer m\u00e1s\" \/>\n<meta property=\"og:url\" content=\"https:\/\/www.avance.org\/es\/history_backup\/\" \/>\n<meta property=\"og:site_name\" content=\"AVANCE\" \/>\n<meta property=\"article:publisher\" content=\"https:\/\/www.facebook.com\/AVANCEinc\/\" \/>\n<meta property=\"article:modified_time\" content=\"2022-11-28T16:06:04+00:00\" \/>\n<meta name=\"twitter:card\" content=\"summary_large_image\" \/>\n<meta name=\"twitter:site\" content=\"@AVANCEinc\" \/>\n<meta name=\"twitter:label1\" content=\"Tiempo de lectura\" \/>\n\t<meta name=\"twitter:data1\" content=\"3 minutos\" \/>\n<script type=\"application\/ld+json\" class=\"yoast-schema-graph\">{\"@context\":\"https:\/\/schema.org\",\"@graph\":[{\"@type\":\"WebPage\",\"@id\":\"https:\/\/www.avance.org\/history_backup\/\",\"url\":\"https:\/\/www.avance.org\/history_backup\/\",\"name\":\"History Backup - AVANCE\",\"isPartOf\":{\"@id\":\"https:\/\/www.avance.org\/#website\"},\"datePublished\":\"2022-07-06T00:03:41+00:00\",\"dateModified\":\"2022-11-28T16:06:04+00:00\",\"breadcrumb\":{\"@id\":\"https:\/\/www.avance.org\/history_backup\/#breadcrumb\"},\"inLanguage\":\"es-MX\",\"potentialAction\":[{\"@type\":\"ReadAction\",\"target\":[\"https:\/\/www.avance.org\/history_backup\/\"]}]},{\"@type\":\"BreadcrumbList\",\"@id\":\"https:\/\/www.avance.org\/history_backup\/#breadcrumb\",\"itemListElement\":[{\"@type\":\"ListItem\",\"position\":1,\"name\":\"Home\",\"item\":\"https:\/\/www.avance.org\/\"},{\"@type\":\"ListItem\",\"position\":2,\"name\":\"History Backup\"}]},{\"@type\":\"WebSite\",\"@id\":\"https:\/\/www.avance.org\/#website\",\"url\":\"https:\/\/www.avance.org\/\",\"name\":\"AVANCE\",\"description\":\"Unlocking America&#039;s Potential\",\"publisher\":{\"@id\":\"https:\/\/www.avance.org\/#organization\"},\"potentialAction\":[{\"@type\":\"SearchAction\",\"target\":{\"@type\":\"EntryPoint\",\"urlTemplate\":\"https:\/\/www.avance.org\/?s={search_term_string}\"},\"query-input\":{\"@type\":\"PropertyValueSpecification\",\"valueRequired\":true,\"valueName\":\"search_term_string\"}}],\"inLanguage\":\"es-MX\"},{\"@type\":\"Organization\",\"@id\":\"https:\/\/www.avance.org\/#organization\",\"name\":\"AVANCE\",\"url\":\"https:\/\/www.avance.org\/\",\"logo\":{\"@type\":\"ImageObject\",\"inLanguage\":\"es-MX\",\"@id\":\"https:\/\/www.avance.org\/#\/schema\/logo\/image\/\",\"url\":\"https:\/\/www.avance.org\/wp-content\/uploads\/2022\/07\/logo.svg\",\"contentUrl\":\"https:\/\/www.avance.org\/wp-content\/uploads\/2022\/07\/logo.svg\",\"caption\":\"AVANCE\"},\"image\":{\"@id\":\"https:\/\/www.avance.org\/#\/schema\/logo\/image\/\"},\"sameAs\":[\"https:\/\/www.facebook.com\/AVANCEinc\/\",\"https:\/\/x.com\/AVANCEinc\",\"https:\/\/www.instagram.com\/avance__inc\/\",\"https:\/\/www.linkedin.com\/company\/avance-inc\"]}]}<\/script>\n<!-- \/ Yoast SEO Premium plugin. -->","yoast_head_json":{"title":"History Backup - AVANCE","robots":{"index":"index","follow":"follow","max-snippet":"max-snippet:-1","max-image-preview":"max-image-preview:large","max-video-preview":"max-video-preview:-1"},"canonical":"https:\/\/www.avance.org\/es\/history_backup\/","og_locale":"es_MX","og_type":"article","og_title":"History Backup","og_description":"History of AVANCE The story of AVANCE began in 1972\u00a0when\u00a0Dr. Gloria Rodriguez was introduced to the Mother-Infant Program, created by\u00a0two Cornell University doctoral students studying under Dr. Urie Bronfenbrenner. &nbsp; Dr. Rodriguez was so inspired by the program that she decided to utilize the model and Bronfenbrenner&#8217;s theory to create the AVANCE Parent-Child Education Program. ... Leer m\u00e1s","og_url":"https:\/\/www.avance.org\/es\/history_backup\/","og_site_name":"AVANCE","article_publisher":"https:\/\/www.facebook.com\/AVANCEinc\/","article_modified_time":"2022-11-28T16:06:04+00:00","twitter_card":"summary_large_image","twitter_site":"@AVANCEinc","twitter_misc":{"Tiempo de lectura":"3 minutos"},"schema":{"@context":"https:\/\/schema.org","@graph":[{"@type":"WebPage","@id":"https:\/\/www.avance.org\/history_backup\/","url":"https:\/\/www.avance.org\/history_backup\/","name":"History Backup - AVANCE","isPartOf":{"@id":"https:\/\/www.avance.org\/#website"},"datePublished":"2022-07-06T00:03:41+00:00","dateModified":"2022-11-28T16:06:04+00:00","breadcrumb":{"@id":"https:\/\/www.avance.org\/history_backup\/#breadcrumb"},"inLanguage":"es-MX","potentialAction":[{"@type":"ReadAction","target":["https:\/\/www.avance.org\/history_backup\/"]}]},{"@type":"BreadcrumbList","@id":"https:\/\/www.avance.org\/history_backup\/#breadcrumb","itemListElement":[{"@type":"ListItem","position":1,"name":"Home","item":"https:\/\/www.avance.org\/"},{"@type":"ListItem","position":2,"name":"History Backup"}]},{"@type":"WebSite","@id":"https:\/\/www.avance.org\/#website","url":"https:\/\/www.avance.org\/","name":"AVANCE","description":"Unlocking America&#039;s Potential","publisher":{"@id":"https:\/\/www.avance.org\/#organization"},"potentialAction":[{"@type":"SearchAction","target":{"@type":"EntryPoint","urlTemplate":"https:\/\/www.avance.org\/?s={search_term_string}"},"query-input":{"@type":"PropertyValueSpecification","valueRequired":true,"valueName":"search_term_string"}}],"inLanguage":"es-MX"},{"@type":"Organization","@id":"https:\/\/www.avance.org\/#organization","name":"AVANCE","url":"https:\/\/www.avance.org\/","logo":{"@type":"ImageObject","inLanguage":"es-MX","@id":"https:\/\/www.avance.org\/#\/schema\/logo\/image\/","url":"https:\/\/www.avance.org\/wp-content\/uploads\/2022\/07\/logo.svg","contentUrl":"https:\/\/www.avance.org\/wp-content\/uploads\/2022\/07\/logo.svg","caption":"AVANCE"},"image":{"@id":"https:\/\/www.avance.org\/#\/schema\/logo\/image\/"},"sameAs":["https:\/\/www.facebook.com\/AVANCEinc\/","https:\/\/x.com\/AVANCEinc","https:\/\/www.instagram.com\/avance__inc\/","https:\/\/www.linkedin.com\/company\/avance-inc"]}]}},"post_mailing_queue_ids":[],"_links":{"self":[{"href":"https:\/\/www.avance.org\/es\/wp-json\/wp\/v2\/pages\/1440","targetHints":{"allow":["GET"]}}],"collection":[{"href":"https:\/\/www.avance.org\/es\/wp-json\/wp\/v2\/pages"}],"about":[{"href":"https:\/\/www.avance.org\/es\/wp-json\/wp\/v2\/types\/page"}],"author":[{"embeddable":true,"href":"https:\/\/www.avance.org\/es\/wp-json\/wp\/v2\/users\/1"}],"replies":[{"embeddable":true,"href":"https:\/\/www.avance.org\/es\/wp-json\/wp\/v2\/comments?post=1440"}],"version-history":[{"count":10,"href":"https:\/\/www.avance.org\/es\/wp-json\/wp\/v2\/pages\/1440\/revisions"}],"predecessor-version":[{"id":3531,"href":"https:\/\/www.avance.org\/es\/wp-json\/wp\/v2\/pages\/1440\/revisions\/3531"}],"wp:attachment":[{"href":"https:\/\/www.avance.org\/es\/wp-json\/wp\/v2\/media?parent=1440"}],"curies":[{"name":"wp","href":"https:\/\/api.w.org\/{rel}","templated":true}]}}