{"id":1297,"date":"2022-07-04T18:02:27","date_gmt":"2022-07-04T18:02:27","guid":{"rendered":"https:\/\/ct-host.net\/avance998\/?page_id=1297"},"modified":"2022-07-05T17:47:09","modified_gmt":"2022-07-05T17:47:09","slug":"partners","status":"publish","type":"page","link":"https:\/\/www.avance.org\/es\/partners\/","title":{"rendered":"Socios"},"content":{"rendered":"<h1>\n\t\t\u00a0Socios\n\t<\/h1>\n\t<p>Nuestra programaci\u00f3n no ser\u00eda posible sin socios que realmente crean en nuestra misi\u00f3n. Estas organizaciones e iniciativas brindan recursos, servicios y defensa que respaldan y ampl\u00edan nuestro trabajo dentro de las comunidades a las que servimos. Estamos agradecidos por el apoyo continuo de cada uno de nuestros socios:<\/p>\n<h2>\n\t\t\u00a0Funding Partners\n\t<\/h2>\n\t\t\t\t<img loading=\"lazy\" decoding=\"async\" src=\"\/wp-content\/uploads\/2022\/07\/Untitled-1_03.png\" alt=\"Untitled-1_03\" itemprop=\"image\" height=\"667\" width=\"410\" title=\"Untitled-1_03\" onerror=\"this.style.display='none'\"  \/>\n\t\t\t\t<img loading=\"lazy\" decoding=\"async\" src=\"\/wp-content\/uploads\/2022\/07\/Untitled-1_05.png\" alt=\"Untitled-1_05\" itemprop=\"image\" height=\"667\" width=\"410\" title=\"Untitled-1_05\" onerror=\"this.style.display='none'\"  \/>\n\t\t\t\t<img loading=\"lazy\" decoding=\"async\" src=\"\/wp-content\/uploads\/2022\/07\/Untitled-1_07.png\" alt=\"Untitled-1_07\" itemprop=\"image\" height=\"667\" width=\"409\" title=\"Untitled-1_07\" onerror=\"this.style.display='none'\"  \/>\n<h2>\n\t\t\u00a0Licenciatarios\n\t<\/h2>\n\t\t\t\t<img loading=\"lazy\" decoding=\"async\" src=\"\/wp-content\/uploads\/2022\/07\/Untitled-1_03-1.png\" alt=\"Untitled-1_03\" itemprop=\"image\" height=\"666\" width=\"409\" title=\"Untitled-1_03\" onerror=\"this.style.display='none'\"  \/>\n\t\t\t\t<img loading=\"lazy\" decoding=\"async\" src=\"\/wp-content\/uploads\/2022\/07\/Untitled-1_05-1.png\" alt=\"Untitled-1_05\" itemprop=\"image\" height=\"666\" width=\"410\" title=\"Untitled-1_05\" onerror=\"this.style.display='none'\"  \/>\n\t\t\t\t<img loading=\"lazy\" decoding=\"async\" src=\"\/wp-content\/uploads\/2022\/07\/Untitled-1_07-1.png\" alt=\"Untitled-1_07\" itemprop=\"image\" height=\"666\" width=\"409\" title=\"Untitled-1_07\" onerror=\"this.style.display='none'\"  \/>\n<h2>\n\t\t\u00a0Collaborative Partners\n\t<\/h2>\n\t\t\t\t<img loading=\"lazy\" decoding=\"async\" src=\"\/wp-content\/uploads\/2022\/07\/Untitled-1_08.png\" alt=\"Untitled-1_08\" itemprop=\"image\" height=\"118\" width=\"646\" title=\"Untitled-1_08\" onerror=\"this.style.display='none'\"  \/>\n\t\t\t\t<img loading=\"lazy\" decoding=\"async\" src=\"\/wp-content\/uploads\/2022\/07\/Untitled-1_03-2.png\" alt=\"Untitled-1_03\" itemprop=\"image\" height=\"195\" width=\"392\" title=\"Untitled-1_03\" onerror=\"this.style.display='none'\"  \/>\n\t\t\t\t<img loading=\"lazy\" decoding=\"async\" src=\"\/wp-content\/uploads\/2022\/07\/Untitled-1_05-2.png\" alt=\"Untitled-1_05\" itemprop=\"image\" height=\"195\" width=\"496\" title=\"Untitled-1_05\" onerror=\"this.style.display='none'\"  \/>\n\t\t\t\t<img loading=\"lazy\" decoding=\"async\" src=\"\/wp-content\/uploads\/2022\/07\/Untitled-1_11.png\" alt=\"Untitled-1_11\" itemprop=\"image\" height=\"118\" width=\"592\" title=\"Untitled-1_11\" onerror=\"this.style.display='none'\"  \/>\n\t\t\t\t<img loading=\"lazy\" decoding=\"async\" src=\"\/wp-content\/uploads\/2022\/07\/Untitled-1_18.png\" alt=\"Untitled-1_18\" itemprop=\"image\" height=\"193\" width=\"397\" title=\"Untitled-1_18\" onerror=\"this.style.display='none'\"  \/>\n\t\t\t\t<img loading=\"lazy\" decoding=\"async\" src=\"\/wp-content\/uploads\/2022\/07\/Untitled-1_20.png\" alt=\"Untitled-1_20\" itemprop=\"image\" height=\"193\" width=\"392\" title=\"Untitled-1_20\" onerror=\"this.style.display='none'\"  \/>\n\t\t\t\t<img loading=\"lazy\" decoding=\"async\" src=\"\/wp-content\/uploads\/2022\/07\/Untitled-1_22.png\" alt=\"Untitled-1_22\" itemprop=\"image\" height=\"193\" width=\"587\" title=\"Untitled-1_22\" onerror=\"this.style.display='none'\"  \/>\n\t\t\t\t<img loading=\"lazy\" decoding=\"async\" src=\"\/wp-content\/uploads\/2022\/07\/Untitled-1_24.png\" alt=\"Untitled-1_24\" itemprop=\"image\" height=\"193\" width=\"423\" title=\"Untitled-1_24\" onerror=\"this.style.display='none'\"  \/>\n\t\t\t\t<img loading=\"lazy\" decoding=\"async\" src=\"\/wp-content\/uploads\/2022\/07\/Untitled-1_30.png\" alt=\"Untitled-1_30\" itemprop=\"image\" height=\"179\" width=\"397\" title=\"Untitled-1_30\" onerror=\"this.style.display='none'\"  \/>\n\t\t\t\t<img loading=\"lazy\" decoding=\"async\" src=\"\/wp-content\/uploads\/2022\/07\/Untitled-1_31.png\" alt=\"Untitled-1_31\" itemprop=\"image\" height=\"179\" width=\"392\" title=\"Untitled-1_31\" onerror=\"this.style.display='none'\"  \/>\n\t\t\t\t<img loading=\"lazy\" decoding=\"async\" src=\"\/wp-content\/uploads\/2022\/07\/Untitled-1_33.png\" alt=\"Untitled-1_33\" itemprop=\"image\" height=\"160\" width=\"467\" title=\"Untitled-1_33\" onerror=\"this.style.display='none'\"  \/>\n\t\t\t\t<img loading=\"lazy\" decoding=\"async\" src=\"\/wp-content\/uploads\/2022\/07\/Untitled-1_35.png\" alt=\"Untitled-1_35\" itemprop=\"image\" height=\"143\" width=\"592\" title=\"Untitled-1_35\" onerror=\"this.style.display='none'\"  \/>\n\t\t\t\t<img loading=\"lazy\" decoding=\"async\" src=\"\/wp-content\/uploads\/2022\/07\/Untitled-1_41.png\" alt=\"Untitled-1_41\" itemprop=\"image\" height=\"174\" width=\"495\" title=\"Untitled-1_41\" onerror=\"this.style.display='none'\"  \/>\n\t\t\t\t<img loading=\"lazy\" decoding=\"async\" src=\"\/wp-content\/uploads\/2022\/07\/Untitled-1_43.png\" alt=\"Untitled-1_43\" itemprop=\"image\" height=\"174\" width=\"392\" title=\"Untitled-1_43\" onerror=\"this.style.display='none'\"  \/>\n\t\t\t\t<img loading=\"lazy\" decoding=\"async\" src=\"\/wp-content\/uploads\/2022\/07\/Untitled-1_44.png\" alt=\"Untitled-1_44\" itemprop=\"image\" height=\"174\" width=\"467\" title=\"Untitled-1_44\" onerror=\"this.style.display='none'\"  \/>\n\t\t\t\t<img loading=\"lazy\" decoding=\"async\" src=\"\/wp-content\/uploads\/2022\/07\/Untitled-1_46.png\" alt=\"Untitled-1_46\" itemprop=\"image\" height=\"152\" width=\"459\" title=\"Untitled-1_46\" onerror=\"this.style.display='none'\"  \/>\n\t\t\t\t<img loading=\"lazy\" decoding=\"async\" src=\"\/wp-content\/uploads\/2022\/07\/Untitled-1_46.png\" alt=\"Untitled-1_46\" itemprop=\"image\" height=\"152\" width=\"459\" title=\"Untitled-1_46\" onerror=\"this.style.display='none'\"  \/>\n\t\t\t\t<img loading=\"lazy\" decoding=\"async\" src=\"\/wp-content\/uploads\/2022\/07\/Untitled-1_53-150x150.png\" alt=\"Untitled-1_53\" itemprop=\"image\" height=\"150\" width=\"150\" title=\"Untitled-1_53\" onerror=\"this.style.display='none'\"  \/>","protected":false},"excerpt":{"rendered":"<p>\u00a0Partners Our programming would not be possible without partners who truly believe in our mission. These organizations and initiatives provide resources, services, and advocacy that supports and amplifies our work within the communities we serve. We are thankful for the ongoing support of each of our partners: \u00a0Funding Partners \u00a0Licensees \u00a0Collaborative Partners<\/p>","protected":false},"author":1,"featured_media":0,"parent":0,"menu_order":9,"comment_status":"closed","ping_status":"closed","template":"","meta":{"inline_featured_image":false,"footnotes":""},"class_list":["post-1297","page","type-page","status-publish"],"yoast_head":"<!-- This site is optimized with the Yoast SEO Premium plugin v25.3 (Yoast SEO v25.3) - https:\/\/yoast.com\/wordpress\/plugins\/seo\/ -->\n<title>Partners - AVANCE<\/title>\n<meta name=\"robots\" content=\"index, follow, max-snippet:-1, max-image-preview:large, max-video-preview:-1\" \/>\n<link rel=\"canonical\" href=\"https:\/\/www.avance.org\/es\/partners\/\" \/>\n<meta property=\"og:locale\" content=\"es_MX\" \/>\n<meta property=\"og:type\" content=\"article\" \/>\n<meta property=\"og:title\" content=\"Partners\" \/>\n<meta property=\"og:description\" content=\"\u00a0Partners Our programming would not be possible without partners who truly believe in our mission. These organizations and initiatives provide resources, services, and advocacy that supports and amplifies our work within the communities we serve. We are thankful for the ongoing support of each of our partners: \u00a0Funding Partners \u00a0Licensees \u00a0Collaborative Partners\" \/>\n<meta property=\"og:url\" content=\"https:\/\/www.avance.org\/es\/partners\/\" \/>\n<meta property=\"og:site_name\" content=\"AVANCE\" \/>\n<meta property=\"article:publisher\" content=\"https:\/\/www.facebook.com\/AVANCEinc\/\" \/>\n<meta property=\"article:modified_time\" content=\"2022-07-05T17:47:09+00:00\" \/>\n<meta name=\"twitter:card\" content=\"summary_large_image\" \/>\n<meta name=\"twitter:site\" content=\"@AVANCEinc\" \/>\n<script type=\"application\/ld+json\" class=\"yoast-schema-graph\">{\"@context\":\"https:\/\/schema.org\",\"@graph\":[{\"@type\":\"WebPage\",\"@id\":\"https:\/\/www.avance.org\/partners\/\",\"url\":\"https:\/\/www.avance.org\/partners\/\",\"name\":\"Partners - AVANCE\",\"isPartOf\":{\"@id\":\"https:\/\/www.avance.org\/#website\"},\"datePublished\":\"2022-07-04T18:02:27+00:00\",\"dateModified\":\"2022-07-05T17:47:09+00:00\",\"breadcrumb\":{\"@id\":\"https:\/\/www.avance.org\/partners\/#breadcrumb\"},\"inLanguage\":\"es-MX\",\"potentialAction\":[{\"@type\":\"ReadAction\",\"target\":[\"https:\/\/www.avance.org\/partners\/\"]}]},{\"@type\":\"BreadcrumbList\",\"@id\":\"https:\/\/www.avance.org\/partners\/#breadcrumb\",\"itemListElement\":[{\"@type\":\"ListItem\",\"position\":1,\"name\":\"Home\",\"item\":\"https:\/\/www.avance.org\/\"},{\"@type\":\"ListItem\",\"position\":2,\"name\":\"Partners\"}]},{\"@type\":\"WebSite\",\"@id\":\"https:\/\/www.avance.org\/#website\",\"url\":\"https:\/\/www.avance.org\/\",\"name\":\"AVANCE\",\"description\":\"Unlocking America&#039;s Potential\",\"publisher\":{\"@id\":\"https:\/\/www.avance.org\/#organization\"},\"potentialAction\":[{\"@type\":\"SearchAction\",\"target\":{\"@type\":\"EntryPoint\",\"urlTemplate\":\"https:\/\/www.avance.org\/?s={search_term_string}\"},\"query-input\":{\"@type\":\"PropertyValueSpecification\",\"valueRequired\":true,\"valueName\":\"search_term_string\"}}],\"inLanguage\":\"es-MX\"},{\"@type\":\"Organization\",\"@id\":\"https:\/\/www.avance.org\/#organization\",\"name\":\"AVANCE\",\"url\":\"https:\/\/www.avance.org\/\",\"logo\":{\"@type\":\"ImageObject\",\"inLanguage\":\"es-MX\",\"@id\":\"https:\/\/www.avance.org\/#\/schema\/logo\/image\/\",\"url\":\"https:\/\/www.avance.org\/wp-content\/uploads\/2022\/07\/logo.svg\",\"contentUrl\":\"https:\/\/www.avance.org\/wp-content\/uploads\/2022\/07\/logo.svg\",\"caption\":\"AVANCE\"},\"image\":{\"@id\":\"https:\/\/www.avance.org\/#\/schema\/logo\/image\/\"},\"sameAs\":[\"https:\/\/www.facebook.com\/AVANCEinc\/\",\"https:\/\/x.com\/AVANCEinc\",\"https:\/\/www.instagram.com\/avance__inc\/\",\"https:\/\/www.linkedin.com\/company\/avance-inc\"]}]}<\/script>\n<!-- \/ Yoast SEO Premium plugin. -->","yoast_head_json":{"title":"Partners - AVANCE","robots":{"index":"index","follow":"follow","max-snippet":"max-snippet:-1","max-image-preview":"max-image-preview:large","max-video-preview":"max-video-preview:-1"},"canonical":"https:\/\/www.avance.org\/es\/partners\/","og_locale":"es_MX","og_type":"article","og_title":"Partners","og_description":"\u00a0Partners Our programming would not be possible without partners who truly believe in our mission. These organizations and initiatives provide resources, services, and advocacy that supports and amplifies our work within the communities we serve. We are thankful for the ongoing support of each of our partners: \u00a0Funding Partners \u00a0Licensees \u00a0Collaborative Partners","og_url":"https:\/\/www.avance.org\/es\/partners\/","og_site_name":"AVANCE","article_publisher":"https:\/\/www.facebook.com\/AVANCEinc\/","article_modified_time":"2022-07-05T17:47:09+00:00","twitter_card":"summary_large_image","twitter_site":"@AVANCEinc","schema":{"@context":"https:\/\/schema.org","@graph":[{"@type":"WebPage","@id":"https:\/\/www.avance.org\/partners\/","url":"https:\/\/www.avance.org\/partners\/","name":"Partners - AVANCE","isPartOf":{"@id":"https:\/\/www.avance.org\/#website"},"datePublished":"2022-07-04T18:02:27+00:00","dateModified":"2022-07-05T17:47:09+00:00","breadcrumb":{"@id":"https:\/\/www.avance.org\/partners\/#breadcrumb"},"inLanguage":"es-MX","potentialAction":[{"@type":"ReadAction","target":["https:\/\/www.avance.org\/partners\/"]}]},{"@type":"BreadcrumbList","@id":"https:\/\/www.avance.org\/partners\/#breadcrumb","itemListElement":[{"@type":"ListItem","position":1,"name":"Home","item":"https:\/\/www.avance.org\/"},{"@type":"ListItem","position":2,"name":"Partners"}]},{"@type":"WebSite","@id":"https:\/\/www.avance.org\/#website","url":"https:\/\/www.avance.org\/","name":"AVANCE","description":"Unlocking America&#039;s Potential","publisher":{"@id":"https:\/\/www.avance.org\/#organization"},"potentialAction":[{"@type":"SearchAction","target":{"@type":"EntryPoint","urlTemplate":"https:\/\/www.avance.org\/?s={search_term_string}"},"query-input":{"@type":"PropertyValueSpecification","valueRequired":true,"valueName":"search_term_string"}}],"inLanguage":"es-MX"},{"@type":"Organization","@id":"https:\/\/www.avance.org\/#organization","name":"AVANCE","url":"https:\/\/www.avance.org\/","logo":{"@type":"ImageObject","inLanguage":"es-MX","@id":"https:\/\/www.avance.org\/#\/schema\/logo\/image\/","url":"https:\/\/www.avance.org\/wp-content\/uploads\/2022\/07\/logo.svg","contentUrl":"https:\/\/www.avance.org\/wp-content\/uploads\/2022\/07\/logo.svg","caption":"AVANCE"},"image":{"@id":"https:\/\/www.avance.org\/#\/schema\/logo\/image\/"},"sameAs":["https:\/\/www.facebook.com\/AVANCEinc\/","https:\/\/x.com\/AVANCEinc","https:\/\/www.instagram.com\/avance__inc\/","https:\/\/www.linkedin.com\/company\/avance-inc"]}]}},"post_mailing_queue_ids":[],"_links":{"self":[{"href":"https:\/\/www.avance.org\/es\/wp-json\/wp\/v2\/pages\/1297","targetHints":{"allow":["GET"]}}],"collection":[{"href":"https:\/\/www.avance.org\/es\/wp-json\/wp\/v2\/pages"}],"about":[{"href":"https:\/\/www.avance.org\/es\/wp-json\/wp\/v2\/types\/page"}],"author":[{"embeddable":true,"href":"https:\/\/www.avance.org\/es\/wp-json\/wp\/v2\/users\/1"}],"replies":[{"embeddable":true,"href":"https:\/\/www.avance.org\/es\/wp-json\/wp\/v2\/comments?post=1297"}],"version-history":[{"count":47,"href":"https:\/\/www.avance.org\/es\/wp-json\/wp\/v2\/pages\/1297\/revisions"}],"predecessor-version":[{"id":1391,"href":"https:\/\/www.avance.org\/es\/wp-json\/wp\/v2\/pages\/1297\/revisions\/1391"}],"wp:attachment":[{"href":"https:\/\/www.avance.org\/es\/wp-json\/wp\/v2\/media?parent=1297"}],"curies":[{"name":"wp","href":"https:\/\/api.w.org\/{rel}","templated":true}]}}